{"id":951,"date":"2018-02-07T11:57:32","date_gmt":"2018-02-07T10:57:32","guid":{"rendered":"http:\/\/forraskut.hu\/?page_id=951"},"modified":"2019-01-15T11:22:06","modified_gmt":"2019-01-15T10:22:06","slug":"forraskutert-civil-egyesulet","status":"publish","type":"page","link":"https:\/\/forraskut.hu\/index.php\/forraskutert-civil-egyesulet\/","title":{"rendered":"Forr\u00e1sk\u00fat\u00e9rt Civil Egyes\u00fclet"},"content":{"rendered":"<p class=\"last-modified\">Utolj\u00e1ra friss\u00edtve:&nbsp;  2019. janu\u00e1r 15.<\/p><p style=\"text-align: justify;\">A 2017-es falunapon sikeresen megrendezett vet\u00e9lked\u0151 adta er\u0151 \u00e9s lend\u00fclet megalapozta \u00e9s a december h\u00f3nap meghozta a d\u00f6nt\u00e9st 12 fiatal forr\u00e1sk\u00fati lakosban, hogy megalak\u00edtsa a Forr\u00e1sk\u00fat\u00e9rt Civil Egyes\u00fcletet. Ez\u00faton szeretn\u00e9nk bemutatkozni. Alapvet\u0151 c\u00e9lunk, hogy kikapcsol\u00f3d\u00e1si lehet\u0151s\u00e9get biztos\u00edtsunk mind a gyermekek, mind a sz\u00fcleik \u00e9s nagysz\u00fcleik sz\u00e1m\u00e1ra kultur\u00e1lis, szabadid\u0151s \u00e9s sz\u00f3rakoztat\u00f3 programok szervez\u00e9s\u00e9vel, valamint t\u00e1mogassuk \u00e9s seg\u00edts\u00fck a k\u00f6z\u00f6ss\u00e9gi \u00e9lett\u00e9r fejl\u0151d\u00e9s\u00e9t, \u00fajra felpezsd\u00edts\u00fck a sportkedved \u00e9s ism\u00e9t lehet\u0151set adjuk a felh\u0151tlen, vid\u00e1m kikapcsol\u00f3d\u00e1sra kicsik \u00e9s nagyok sz\u00e1m\u00e1ra egyar\u00e1nt. Mindezek megval\u00f3s\u00edt\u00e1s\u00e1t az alap\u00edt\u00f3k \u00e9s a t\u00e1mogat\u00f3k hozz\u00e1j\u00e1rul\u00e1s\u00e1b\u00f3l, valamint p\u00e1ly\u00e1zati forr\u00e1sokb\u00f3l szeretn\u00e9nk finansz\u00edrozni.<\/p>\n<p>Mott\u00f3nk: Mert egy vid\u00e1m \u00e9s boldog k\u00f6z\u00f6ss\u00e9g tagj\u00e1nak lenni j\u00f3!<\/p>\n<p style=\"text-align: justify;\">Az alap\u00edt\u00f3 tagok: Budain\u00e9 Paplog\u00f3 Anett, Farkas Kitti, Ill\u00e9s Kitti, Kap\u00e1s Judit, K\u00e1lm\u00e1n No\u00e9mi, K\u00e1lm\u00e1n P\u00e9ter, Nagy Orsolya, Nagy Zolt\u00e1n, Paplog\u00f3 Imre, Paplog\u00f3n\u00e9 Farkas Brigitta, T\u00f3th Anita, T\u00f3th Csaba<\/p>\n<p>N\u00c9V: FORR\u00c1SK\u00daT\u00c9RT CIVIL EGYES\u00dcLET<\/p>\n<p>C\u00cdM: 6793 Forr\u00e1sk\u00fat, F\u0151 utca 45.<\/p>\n<p>NYILV\u00c1NTART\u00c1SI SZ\u00c1M: 06-02-0003311<\/p>\n<p>TE\u00c1OR: 9499 Mns egy\u00e9b k\u00f6z\u00f6ss\u00e9gi, t\u00e1rsadalmi tev\u00e9kenys\u00e9g<\/p>\n<p>BEJEGYZ\u00c9S D\u00c1TUMA: 2018.janu\u00e1r 16.<\/p>\n<p>AD\u00d3SZ\u00c1M: 18947551-1-06<\/p>\n<p>STATISZTIKAI SZ\u00c1MJEL: 18947551-9499-529-06<\/p>\n<p>BANK: 3A TAKAR\u00c9KSZ\u00d6VETKEZET<\/p>\n<p>BANKSZ\u00c1MLASZ\u00c1M: 57600039-13380182<\/p>\n<p>Facebook:<a href=\"https:\/\/www.facebook.com\/Forr%C3%A1sk%C3%BAt%C3%A9rt-Civil-Egyes%C3%BClet-oldala-2223814697851399\/\" target=\"_blank\" rel=\"noopener\"> Forr\u00e1sk\u00fat\u00e9rt Civil Egyes\u00fclet<\/a><\/p>\n","protected":false},"excerpt":{"rendered":"<p>Utolj\u00e1ra friss\u00edtve:&nbsp; 2019. janu\u00e1r 15.A 2017-es falunapon sikeresen megrendezett vet\u00e9lked\u0151 adta er\u0151 \u00e9s lend\u00fclet megalapozta \u00e9s a december h\u00f3nap meghozta a d\u00f6nt\u00e9st 12 fiatal forr\u00e1sk\u00fati lakosban, hogy megalak\u00edtsa a Forr\u00e1sk\u00fat\u00e9rt Civil Egyes\u00fcletet. Ez\u00faton szeretn\u00e9nk bemutatkozni. Alapvet\u0151 c\u00e9lunk, hogy kikapcsol\u00f3d\u00e1si lehet\u0151s\u00e9get biztos\u00edtsunk mind a gyermekek, mind a sz\u00fcleik \u00e9s nagysz\u00fcleik sz\u00e1m\u00e1ra kultur\u00e1lis, szabadid\u0151s \u00e9s sz\u00f3rakoztat\u00f3 programok [&hellip;]<\/p>\n","protected":false},"author":2,"featured_media":0,"parent":0,"menu_order":0,"comment_status":"closed","ping_status":"closed","template":"","meta":{"_exactmetrics_skip_tracking":false,"_exactmetrics_sitenote_active":false,"_exactmetrics_sitenote_note":"","_exactmetrics_sitenote_category":0,"footnotes":""},"yoast_head":"<!-- This site is optimized with the Yoast SEO plugin v23.4 - https:\/\/yoast.com\/wordpress\/plugins\/seo\/ -->\n<title>Forr\u00e1sk\u00fat\u00e9rt Civil Egyes\u00fclet - forraskut.hu<\/title>\n<meta name=\"robots\" content=\"index, follow, max-snippet:-1, max-image-preview:large, max-video-preview:-1\" \/>\n<link rel=\"canonical\" href=\"https:\/\/forraskut.hu\/index.php\/forraskutert-civil-egyesulet\/\" \/>\n<meta property=\"og:locale\" content=\"hu_HU\" \/>\n<meta property=\"og:type\" content=\"article\" \/>\n<meta property=\"og:title\" content=\"Forr\u00e1sk\u00fat\u00e9rt Civil Egyes\u00fclet - forraskut.hu\" \/>\n<meta property=\"og:description\" content=\"Utolj\u00e1ra friss\u00edtve:&nbsp; 2019. janu\u00e1r 15.A 2017-es falunapon sikeresen megrendezett vet\u00e9lked\u0151 adta er\u0151 \u00e9s lend\u00fclet megalapozta \u00e9s a december h\u00f3nap meghozta a d\u00f6nt\u00e9st 12 fiatal forr\u00e1sk\u00fati lakosban, hogy megalak\u00edtsa a Forr\u00e1sk\u00fat\u00e9rt Civil Egyes\u00fcletet. Ez\u00faton szeretn\u00e9nk bemutatkozni. Alapvet\u0151 c\u00e9lunk, hogy kikapcsol\u00f3d\u00e1si lehet\u0151s\u00e9get biztos\u00edtsunk mind a gyermekek, mind a sz\u00fcleik \u00e9s nagysz\u00fcleik sz\u00e1m\u00e1ra kultur\u00e1lis, szabadid\u0151s \u00e9s sz\u00f3rakoztat\u00f3 programok [&hellip;]\" \/>\n<meta property=\"og:url\" content=\"https:\/\/forraskut.hu\/index.php\/forraskutert-civil-egyesulet\/\" \/>\n<meta property=\"og:site_name\" content=\"forraskut.hu\" \/>\n<meta property=\"article:modified_time\" content=\"2019-01-15T10:22:06+00:00\" \/>\n<meta name=\"twitter:card\" content=\"summary_large_image\" \/>\n<meta name=\"twitter:label1\" content=\"Becs\u00fclt olvas\u00e1si id\u0151\" \/>\n\t<meta name=\"twitter:data1\" content=\"1 perc\" \/>\n<script type=\"application\/ld+json\" class=\"yoast-schema-graph\">{\"@context\":\"https:\/\/schema.org\",\"@graph\":[{\"@type\":\"WebPage\",\"@id\":\"https:\/\/forraskut.hu\/index.php\/forraskutert-civil-egyesulet\/\",\"url\":\"https:\/\/forraskut.hu\/index.php\/forraskutert-civil-egyesulet\/\",\"name\":\"Forr\u00e1sk\u00fat\u00e9rt Civil Egyes\u00fclet - forraskut.hu\",\"isPartOf\":{\"@id\":\"https:\/\/forraskut.hu\/#website\"},\"datePublished\":\"2018-02-07T10:57:32+00:00\",\"dateModified\":\"2019-01-15T10:22:06+00:00\",\"breadcrumb\":{\"@id\":\"https:\/\/forraskut.hu\/index.php\/forraskutert-civil-egyesulet\/#breadcrumb\"},\"inLanguage\":\"hu\",\"potentialAction\":[{\"@type\":\"ReadAction\",\"target\":[\"https:\/\/forraskut.hu\/index.php\/forraskutert-civil-egyesulet\/\"]}]},{\"@type\":\"BreadcrumbList\",\"@id\":\"https:\/\/forraskut.hu\/index.php\/forraskutert-civil-egyesulet\/#breadcrumb\",\"itemListElement\":[{\"@type\":\"ListItem\",\"position\":1,\"name\":\"Kezd\u0151lap\",\"item\":\"https:\/\/forraskut.hu\/\"},{\"@type\":\"ListItem\",\"position\":2,\"name\":\"Forr\u00e1sk\u00fat\u00e9rt Civil Egyes\u00fclet\"}]},{\"@type\":\"WebSite\",\"@id\":\"https:\/\/forraskut.hu\/#website\",\"url\":\"https:\/\/forraskut.hu\/\",\"name\":\"forraskut.hu\",\"description\":\"Forr\u00e1sk\u00fat k\u00f6zs\u00e9g hivatalos weboldala\",\"potentialAction\":[{\"@type\":\"SearchAction\",\"target\":{\"@type\":\"EntryPoint\",\"urlTemplate\":\"https:\/\/forraskut.hu\/?s={search_term_string}\"},\"query-input\":{\"@type\":\"PropertyValueSpecification\",\"valueRequired\":true,\"valueName\":\"search_term_string\"}}],\"inLanguage\":\"hu\"}]}<\/script>\n<!-- \/ Yoast SEO plugin. -->","yoast_head_json":{"title":"Forr\u00e1sk\u00fat\u00e9rt Civil Egyes\u00fclet - forraskut.hu","robots":{"index":"index","follow":"follow","max-snippet":"max-snippet:-1","max-image-preview":"max-image-preview:large","max-video-preview":"max-video-preview:-1"},"canonical":"https:\/\/forraskut.hu\/index.php\/forraskutert-civil-egyesulet\/","og_locale":"hu_HU","og_type":"article","og_title":"Forr\u00e1sk\u00fat\u00e9rt Civil Egyes\u00fclet - forraskut.hu","og_description":"Utolj\u00e1ra friss\u00edtve:&nbsp; 2019. janu\u00e1r 15.A 2017-es falunapon sikeresen megrendezett vet\u00e9lked\u0151 adta er\u0151 \u00e9s lend\u00fclet megalapozta \u00e9s a december h\u00f3nap meghozta a d\u00f6nt\u00e9st 12 fiatal forr\u00e1sk\u00fati lakosban, hogy megalak\u00edtsa a Forr\u00e1sk\u00fat\u00e9rt Civil Egyes\u00fcletet. Ez\u00faton szeretn\u00e9nk bemutatkozni. Alapvet\u0151 c\u00e9lunk, hogy kikapcsol\u00f3d\u00e1si lehet\u0151s\u00e9get biztos\u00edtsunk mind a gyermekek, mind a sz\u00fcleik \u00e9s nagysz\u00fcleik sz\u00e1m\u00e1ra kultur\u00e1lis, szabadid\u0151s \u00e9s sz\u00f3rakoztat\u00f3 programok [&hellip;]","og_url":"https:\/\/forraskut.hu\/index.php\/forraskutert-civil-egyesulet\/","og_site_name":"forraskut.hu","article_modified_time":"2019-01-15T10:22:06+00:00","twitter_card":"summary_large_image","twitter_misc":{"Becs\u00fclt olvas\u00e1si id\u0151":"1 perc"},"schema":{"@context":"https:\/\/schema.org","@graph":[{"@type":"WebPage","@id":"https:\/\/forraskut.hu\/index.php\/forraskutert-civil-egyesulet\/","url":"https:\/\/forraskut.hu\/index.php\/forraskutert-civil-egyesulet\/","name":"Forr\u00e1sk\u00fat\u00e9rt Civil Egyes\u00fclet - forraskut.hu","isPartOf":{"@id":"https:\/\/forraskut.hu\/#website"},"datePublished":"2018-02-07T10:57:32+00:00","dateModified":"2019-01-15T10:22:06+00:00","breadcrumb":{"@id":"https:\/\/forraskut.hu\/index.php\/forraskutert-civil-egyesulet\/#breadcrumb"},"inLanguage":"hu","potentialAction":[{"@type":"ReadAction","target":["https:\/\/forraskut.hu\/index.php\/forraskutert-civil-egyesulet\/"]}]},{"@type":"BreadcrumbList","@id":"https:\/\/forraskut.hu\/index.php\/forraskutert-civil-egyesulet\/#breadcrumb","itemListElement":[{"@type":"ListItem","position":1,"name":"Kezd\u0151lap","item":"https:\/\/forraskut.hu\/"},{"@type":"ListItem","position":2,"name":"Forr\u00e1sk\u00fat\u00e9rt Civil Egyes\u00fclet"}]},{"@type":"WebSite","@id":"https:\/\/forraskut.hu\/#website","url":"https:\/\/forraskut.hu\/","name":"forraskut.hu","description":"Forr\u00e1sk\u00fat k\u00f6zs\u00e9g hivatalos weboldala","potentialAction":[{"@type":"SearchAction","target":{"@type":"EntryPoint","urlTemplate":"https:\/\/forraskut.hu\/?s={search_term_string}"},"query-input":{"@type":"PropertyValueSpecification","valueRequired":true,"valueName":"search_term_string"}}],"inLanguage":"hu"}]}},"_links":{"self":[{"href":"https:\/\/forraskut.hu\/index.php\/wp-json\/wp\/v2\/pages\/951"}],"collection":[{"href":"https:\/\/forraskut.hu\/index.php\/wp-json\/wp\/v2\/pages"}],"about":[{"href":"https:\/\/forraskut.hu\/index.php\/wp-json\/wp\/v2\/types\/page"}],"author":[{"embeddable":true,"href":"https:\/\/forraskut.hu\/index.php\/wp-json\/wp\/v2\/users\/2"}],"replies":[{"embeddable":true,"href":"https:\/\/forraskut.hu\/index.php\/wp-json\/wp\/v2\/comments?post=951"}],"version-history":[{"count":1,"href":"https:\/\/forraskut.hu\/index.php\/wp-json\/wp\/v2\/pages\/951\/revisions"}],"predecessor-version":[{"id":1401,"href":"https:\/\/forraskut.hu\/index.php\/wp-json\/wp\/v2\/pages\/951\/revisions\/1401"}],"wp:attachment":[{"href":"https:\/\/forraskut.hu\/index.php\/wp-json\/wp\/v2\/media?parent=951"}],"curies":[{"name":"wp","href":"https:\/\/api.w.org\/{rel}","templated":true}]}}