{"id":91,"date":"2017-11-07T16:16:25","date_gmt":"2017-11-07T15:16:25","guid":{"rendered":"http:\/\/forraskut.hu\/?page_id=91"},"modified":"2017-11-22T16:17:49","modified_gmt":"2017-11-22T15:17:49","slug":"kozbeszerzesek","status":"publish","type":"page","link":"https:\/\/forraskut.hu\/index.php\/kozbeszerzesek\/","title":{"rendered":"K\u00f6zbeszerz\u00e9sek"},"content":{"rendered":"<p class=\"last-modified\">Utolj\u00e1ra friss\u00edtve:&nbsp;  2017. november 22.<\/p><div class=\"alcim\">K\u00f6zbeszerz\u00e9si szab\u00e1lyzat- \u00a0 <a href=\"http:\/\/forraskut.hu\/wp-content\/uploads\/k\u00f6zbeszerz\u00e9sek\/kozbeszerzesi_szabalyzat_sk_2017.pdf\">k\u00f6zbeszerz\u00e9si_szab\u00e1lyzat_2017<\/a><\/div>\n<div><\/div>\n<div class=\"alcim\">2017. \u00e9vi k\u00f6zbeszerz\u00e9si terv-\u00a0 <a href=\"http:\/\/forraskut.hu\/wp-content\/uploads\/k\u00f6zbeszerz\u00e9sek\/kozbeszerzesi_terv_2017.pdf\">k\u00f6zbeszerz\u00e9si_terv_2017<\/a><\/div>\n<div><\/div>\n<div><\/div>\n<div class=\"alcim\">2016. \u00e9vi k\u00f6zbeszerz\u00e9si terv-\u00a0 <a href=\"http:\/\/forraskut.hu\/wp-content\/uploads\/k\u00f6zbeszerz\u00e9sek\/kozbeszerzesi_terv_2016elf.pdf\">k\u00f6zbeszerz\u00e9si_terv_2016<\/a><\/div>\n<div><\/div>\n<div><\/div>\n<div class=\"alcim\">2015. \u00e9vi k\u00f6zbeszerz\u00e9si terv &#8211; <a href=\"http:\/\/forraskut.hu\/wp-content\/uploads\/k\u00f6zbeszerz\u00e9sek\/kozbeszerzesi_terv_2015.pdf\">k\u00f6zbeszerz\u00e9si_terv_2015<\/a><\/div>\n<div><\/div>\n<div><\/div>\n<div class=\"alcim\">2010. \u00e9vi k\u00f6zbeszerz\u00e9si terv-\u00a0 <a href=\"http:\/\/forraskut.hu\/wp-content\/uploads\/k\u00f6zbeszerz\u00e9sek\/kozbeszerzesi_terv_2010.pdf\">k\u00f6zbeszerz\u00e9si_terv_2010<\/a><\/div>\n<div><\/div>\n<div><\/div>\n<div class=\"alcim\">2009. \u00e9vi k\u00f6zbeszerz\u00e9si terv-\u00a0 <a href=\"http:\/\/forraskut.hu\/wp-content\/uploads\/k\u00f6zbeszerz\u00e9sek\/kbterv2009.pdf\">k\u00f6zbeszerz\u00e9si terv 2009<\/a><\/div>\n","protected":false},"excerpt":{"rendered":"<p>Utolj\u00e1ra friss\u00edtve:&nbsp; 2017. november 22.K\u00f6zbeszerz\u00e9si szab\u00e1lyzat- \u00a0 k\u00f6zbeszerz\u00e9si_szab\u00e1lyzat_2017 2017. \u00e9vi k\u00f6zbeszerz\u00e9si terv-\u00a0 k\u00f6zbeszerz\u00e9si_terv_2017 2016. \u00e9vi k\u00f6zbeszerz\u00e9si terv-\u00a0 k\u00f6zbeszerz\u00e9si_terv_2016 2015. \u00e9vi k\u00f6zbeszerz\u00e9si terv &#8211; k\u00f6zbeszerz\u00e9si_terv_2015 2010. \u00e9vi k\u00f6zbeszerz\u00e9si terv-\u00a0 k\u00f6zbeszerz\u00e9si_terv_2010 2009. \u00e9vi k\u00f6zbeszerz\u00e9si terv-\u00a0 k\u00f6zbeszerz\u00e9si terv 2009<\/p>\n","protected":false},"author":2,"featured_media":0,"parent":0,"menu_order":0,"comment_status":"closed","ping_status":"closed","template":"","meta":{"_exactmetrics_skip_tracking":false,"_exactmetrics_sitenote_active":false,"_exactmetrics_sitenote_note":"","_exactmetrics_sitenote_category":0,"footnotes":""},"yoast_head":"<!-- This site is optimized with the Yoast SEO plugin v23.4 - https:\/\/yoast.com\/wordpress\/plugins\/seo\/ -->\n<title>K\u00f6zbeszerz\u00e9sek - forraskut.hu<\/title>\n<meta name=\"robots\" content=\"index, follow, max-snippet:-1, max-image-preview:large, max-video-preview:-1\" \/>\n<link rel=\"canonical\" href=\"https:\/\/forraskut.hu\/index.php\/kozbeszerzesek\/\" \/>\n<meta property=\"og:locale\" content=\"hu_HU\" \/>\n<meta property=\"og:type\" content=\"article\" \/>\n<meta property=\"og:title\" content=\"K\u00f6zbeszerz\u00e9sek - forraskut.hu\" \/>\n<meta property=\"og:description\" content=\"Utolj\u00e1ra friss\u00edtve:&nbsp; 2017. november 22.K\u00f6zbeszerz\u00e9si szab\u00e1lyzat- \u00a0 k\u00f6zbeszerz\u00e9si_szab\u00e1lyzat_2017 2017. \u00e9vi k\u00f6zbeszerz\u00e9si terv-\u00a0 k\u00f6zbeszerz\u00e9si_terv_2017 2016. \u00e9vi k\u00f6zbeszerz\u00e9si terv-\u00a0 k\u00f6zbeszerz\u00e9si_terv_2016 2015. \u00e9vi k\u00f6zbeszerz\u00e9si terv &#8211; k\u00f6zbeszerz\u00e9si_terv_2015 2010. \u00e9vi k\u00f6zbeszerz\u00e9si terv-\u00a0 k\u00f6zbeszerz\u00e9si_terv_2010 2009. \u00e9vi k\u00f6zbeszerz\u00e9si terv-\u00a0 k\u00f6zbeszerz\u00e9si terv 2009\" \/>\n<meta property=\"og:url\" content=\"https:\/\/forraskut.hu\/index.php\/kozbeszerzesek\/\" \/>\n<meta property=\"og:site_name\" content=\"forraskut.hu\" \/>\n<meta property=\"article:modified_time\" content=\"2017-11-22T15:17:49+00:00\" \/>\n<meta name=\"twitter:card\" content=\"summary_large_image\" \/>\n<script type=\"application\/ld+json\" class=\"yoast-schema-graph\">{\"@context\":\"https:\/\/schema.org\",\"@graph\":[{\"@type\":\"WebPage\",\"@id\":\"https:\/\/forraskut.hu\/index.php\/kozbeszerzesek\/\",\"url\":\"https:\/\/forraskut.hu\/index.php\/kozbeszerzesek\/\",\"name\":\"K\u00f6zbeszerz\u00e9sek - forraskut.hu\",\"isPartOf\":{\"@id\":\"https:\/\/forraskut.hu\/#website\"},\"datePublished\":\"2017-11-07T15:16:25+00:00\",\"dateModified\":\"2017-11-22T15:17:49+00:00\",\"breadcrumb\":{\"@id\":\"https:\/\/forraskut.hu\/index.php\/kozbeszerzesek\/#breadcrumb\"},\"inLanguage\":\"hu\",\"potentialAction\":[{\"@type\":\"ReadAction\",\"target\":[\"https:\/\/forraskut.hu\/index.php\/kozbeszerzesek\/\"]}]},{\"@type\":\"BreadcrumbList\",\"@id\":\"https:\/\/forraskut.hu\/index.php\/kozbeszerzesek\/#breadcrumb\",\"itemListElement\":[{\"@type\":\"ListItem\",\"position\":1,\"name\":\"Kezd\u0151lap\",\"item\":\"https:\/\/forraskut.hu\/\"},{\"@type\":\"ListItem\",\"position\":2,\"name\":\"K\u00f6zbeszerz\u00e9sek\"}]},{\"@type\":\"WebSite\",\"@id\":\"https:\/\/forraskut.hu\/#website\",\"url\":\"https:\/\/forraskut.hu\/\",\"name\":\"forraskut.hu\",\"description\":\"Forr\u00e1sk\u00fat k\u00f6zs\u00e9g hivatalos weboldala\",\"potentialAction\":[{\"@type\":\"SearchAction\",\"target\":{\"@type\":\"EntryPoint\",\"urlTemplate\":\"https:\/\/forraskut.hu\/?s={search_term_string}\"},\"query-input\":{\"@type\":\"PropertyValueSpecification\",\"valueRequired\":true,\"valueName\":\"search_term_string\"}}],\"inLanguage\":\"hu\"}]}<\/script>\n<!-- \/ Yoast SEO plugin. -->","yoast_head_json":{"title":"K\u00f6zbeszerz\u00e9sek - forraskut.hu","robots":{"index":"index","follow":"follow","max-snippet":"max-snippet:-1","max-image-preview":"max-image-preview:large","max-video-preview":"max-video-preview:-1"},"canonical":"https:\/\/forraskut.hu\/index.php\/kozbeszerzesek\/","og_locale":"hu_HU","og_type":"article","og_title":"K\u00f6zbeszerz\u00e9sek - forraskut.hu","og_description":"Utolj\u00e1ra friss\u00edtve:&nbsp; 2017. november 22.K\u00f6zbeszerz\u00e9si szab\u00e1lyzat- \u00a0 k\u00f6zbeszerz\u00e9si_szab\u00e1lyzat_2017 2017. \u00e9vi k\u00f6zbeszerz\u00e9si terv-\u00a0 k\u00f6zbeszerz\u00e9si_terv_2017 2016. \u00e9vi k\u00f6zbeszerz\u00e9si terv-\u00a0 k\u00f6zbeszerz\u00e9si_terv_2016 2015. \u00e9vi k\u00f6zbeszerz\u00e9si terv &#8211; k\u00f6zbeszerz\u00e9si_terv_2015 2010. \u00e9vi k\u00f6zbeszerz\u00e9si terv-\u00a0 k\u00f6zbeszerz\u00e9si_terv_2010 2009. \u00e9vi k\u00f6zbeszerz\u00e9si terv-\u00a0 k\u00f6zbeszerz\u00e9si terv 2009","og_url":"https:\/\/forraskut.hu\/index.php\/kozbeszerzesek\/","og_site_name":"forraskut.hu","article_modified_time":"2017-11-22T15:17:49+00:00","twitter_card":"summary_large_image","schema":{"@context":"https:\/\/schema.org","@graph":[{"@type":"WebPage","@id":"https:\/\/forraskut.hu\/index.php\/kozbeszerzesek\/","url":"https:\/\/forraskut.hu\/index.php\/kozbeszerzesek\/","name":"K\u00f6zbeszerz\u00e9sek - forraskut.hu","isPartOf":{"@id":"https:\/\/forraskut.hu\/#website"},"datePublished":"2017-11-07T15:16:25+00:00","dateModified":"2017-11-22T15:17:49+00:00","breadcrumb":{"@id":"https:\/\/forraskut.hu\/index.php\/kozbeszerzesek\/#breadcrumb"},"inLanguage":"hu","potentialAction":[{"@type":"ReadAction","target":["https:\/\/forraskut.hu\/index.php\/kozbeszerzesek\/"]}]},{"@type":"BreadcrumbList","@id":"https:\/\/forraskut.hu\/index.php\/kozbeszerzesek\/#breadcrumb","itemListElement":[{"@type":"ListItem","position":1,"name":"Kezd\u0151lap","item":"https:\/\/forraskut.hu\/"},{"@type":"ListItem","position":2,"name":"K\u00f6zbeszerz\u00e9sek"}]},{"@type":"WebSite","@id":"https:\/\/forraskut.hu\/#website","url":"https:\/\/forraskut.hu\/","name":"forraskut.hu","description":"Forr\u00e1sk\u00fat k\u00f6zs\u00e9g hivatalos weboldala","potentialAction":[{"@type":"SearchAction","target":{"@type":"EntryPoint","urlTemplate":"https:\/\/forraskut.hu\/?s={search_term_string}"},"query-input":{"@type":"PropertyValueSpecification","valueRequired":true,"valueName":"search_term_string"}}],"inLanguage":"hu"}]}},"_links":{"self":[{"href":"https:\/\/forraskut.hu\/index.php\/wp-json\/wp\/v2\/pages\/91"}],"collection":[{"href":"https:\/\/forraskut.hu\/index.php\/wp-json\/wp\/v2\/pages"}],"about":[{"href":"https:\/\/forraskut.hu\/index.php\/wp-json\/wp\/v2\/types\/page"}],"author":[{"embeddable":true,"href":"https:\/\/forraskut.hu\/index.php\/wp-json\/wp\/v2\/users\/2"}],"replies":[{"embeddable":true,"href":"https:\/\/forraskut.hu\/index.php\/wp-json\/wp\/v2\/comments?post=91"}],"version-history":[{"count":0,"href":"https:\/\/forraskut.hu\/index.php\/wp-json\/wp\/v2\/pages\/91\/revisions"}],"wp:attachment":[{"href":"https:\/\/forraskut.hu\/index.php\/wp-json\/wp\/v2\/media?parent=91"}],"curies":[{"name":"wp","href":"https:\/\/api.w.org\/{rel}","templated":true}]}}