{"id":891,"date":"2018-01-23T17:02:38","date_gmt":"2018-01-23T16:02:38","guid":{"rendered":"http:\/\/forraskut.hu\/?page_id=891"},"modified":"2018-01-23T17:22:24","modified_gmt":"2018-01-23T16:22:24","slug":"volt-abc-energetikai-korszerusitese-es-funkciovaltasa","status":"publish","type":"page","link":"https:\/\/forraskut.hu\/index.php\/volt-abc-energetikai-korszerusitese-es-funkciovaltasa\/","title":{"rendered":"Volt ABC energetikai korszer\u0171s\u00edt\u00e9se \u00e9s funkci\u00f3v\u00e1lt\u00e1sa"},"content":{"rendered":"<p><a href=\"http:\/\/forraskut.hu\/wp-content\/uploads\/k\u00f6zbeszerz\u00e9sek\/t\u00e1tika_r\u00e9giABC%20energetikai%20korsz\/ABC_AF_es_AD_FORRaSKuT_TaTIKA_ABC_17.12.15.docx\" target=\"_blank\" rel=\"noopener\">ABC_AF_es_AD_FORRaSKuT_TaTIKA_ABC_17<\/a><\/p>\n<p><a href=\"http:\/\/forraskut.hu\/wp-content\/uploads\/k\u00f6zbeszerz\u00e9sek\/t\u00e1tika_r\u00e9giABC%20energetikai%20korsz\/ABC_Ajanlattetelre_felkert_gazdasagi_szereplok.docx\" target=\"_blank\" rel=\"noopener\">ABC_Ajanlattetelre_felkert_gazdasagi_szereplok<\/a><\/p>\n<p><a href=\"http:\/\/forraskut.hu\/wp-content\/uploads\/k\u00f6zbeszerz\u00e9sek\/t\u00e1tika_r\u00e9giABC%20energetikai%20korsz\/ABC_BONTaSI_JKV._FORRaSKuT_ABC_18.01.02.pdf\" target=\"_blank\" rel=\"noopener\">ABC_BONTaSI_JKV<\/a><\/p>\n<p><a href=\"http:\/\/forraskut.hu\/wp-content\/uploads\/k\u00f6zbeszerz\u00e9sek\/t\u00e1tika_r\u00e9giABC%20energetikai%20korsz\/ABC_AF_FORRaSKuT_TaTIKA_ABC_17.12.15.pdf\" target=\"_blank\" rel=\"noopener\">ABC_AF_FORRaSKuT_TaTIKA_ABC_17<\/a><\/p>\n<p>&nbsp;<\/p>\n<p><strong>\u00c9p\u00fcletvillamos kiviteli tervek<\/strong><\/p>\n<p><a href=\"http:\/\/forraskut.hu\/wp-content\/uploads\/k\u00f6zbeszerz\u00e9sek\/t\u00e1tika_r\u00e9giABC%20energetikai%20korsz\/VKT_ABC_vill\u00e1mv\u00e9delmi%20kock\u00e1zatelemz\u00e9s.pdf\" target=\"_blank\" rel=\"noopener\">VKT_ABC_vill\u00e1mv\u00e9delmi kock\u00e1zatelemz\u00e9s<\/a><\/p>\n<p><a href=\"http:\/\/forraskut.hu\/wp-content\/uploads\/k\u00f6zbeszerz\u00e9sek\/t\u00e1tika_r\u00e9giABC%20energetikai%20korsz\/VKT_ABC_GEE-1%20E%20ejl\u0171%20eloszt\u00f3.pdf\" target=\"_blank\" rel=\"noopener\">VKT_ABC_GEE-1 E ejl\u0171 eloszt\u00f3<\/a><\/p>\n<p><a href=\"http:\/\/forraskut.hu\/wp-content\/uploads\/k\u00f6zbeszerz\u00e9sek\/t\u00e1tika_r\u00e9giABC%20energetikai%20korsz\/VKT_ABC_K\u00f6lts\u00e9gvet\u00e9s%20Forr\u00e1sk\u00fat%20ABC.pdf\" target=\"_blank\" rel=\"noopener\">VKT_ABC_K\u00f6lts\u00e9gvet\u00e9s Forr\u00e1sk\u00fat ABC<\/a><\/p>\n<p><a href=\"http:\/\/forraskut.hu\/wp-content\/uploads\/k\u00f6zbeszerz\u00e9sek\/t\u00e1tika_r\u00e9giABC%20energetikai%20korsz\/VKT_ABC_GEV-2%20vill\u00e1mv\u00e9delem.pdf\" target=\"_blank\" rel=\"noopener\">VKT_ABC_GEV-2 vill\u00e1mv\u00e9delem<\/a><\/p>\n<p><a href=\"http:\/\/forraskut.hu\/wp-content\/uploads\/k\u00f6zbeszerz\u00e9sek\/t\u00e1tika_r\u00e9giABC%20energetikai%20korsz\/VKT_ABC_GEV-1%20vil\u00e1g\u00edt\u00e1s%20er\u0151\u00e1tvitel.pdf\" target=\"_blank\" rel=\"noopener\">VKT_ABC_GEV-1 vil\u00e1g\u00edt\u00e1s er\u0151\u00e1tvite<\/a><a href=\"http:\/\/forraskut.hu\/wp-content\/uploads\/k\u00f6zbeszerz\u00e9sek\/t\u00e1tika_r\u00e9giABC%20energetikai%20korsz\/VKT_ABC_GEV-1%20vil\u00e1g\u00edt\u00e1s%20er\u0151\u00e1tvitel.pdf\">l<\/a><\/p>\n<p><a href=\"http:\/\/forraskut.hu\/wp-content\/uploads\/k\u00f6zbeszerz\u00e9sek\/t\u00e1tika_r\u00e9giABC%20energetikai%20korsz\/VKT_ABC_Forr\u00e1sk\u00fat%20ABC%20m\u0171le\u00edr\u00e1s.pdf\" target=\"_blank\" rel=\"noopener\">VKT_ABC_Forr\u00e1sk\u00fat ABC m\u0171le\u00edr\u00e1s<\/a><\/p>\n<p>&nbsp;<\/p>\n<p><strong>\u00c9p\u00edt\u00e9sz kiviteli tervek<\/strong><\/p>\n<p><a href=\"http:\/\/forraskut.hu\/wp-content\/uploads\/k\u00f6zbeszerz\u00e9sek\/t\u00e1tika_r\u00e9giABC%20energetikai%20korsz\/KT_ABC_\u00c9p\u00edt\u00e9sz%20m\u0171szaki%20le\u00edr\u00e1s%20Forr\u00e1sk\u00fat%20ABC%20E01.pdf\" target=\"_blank\" rel=\"noopener\">KT_ABC_\u00c9p\u00edt\u00e9sz m\u0171szaki le\u00edr\u00e1s Forr\u00e1sk\u00fat ABC E01<\/a><\/p>\n<p><a href=\"http:\/\/forraskut.hu\/wp-content\/uploads\/k\u00f6zbeszerz\u00e9sek\/t\u00e1tika_r\u00e9giABC%20energetikai%20korsz\/KT_ABC_K-05%20metszetek.pdf\" target=\"_blank\" rel=\"noopener\">KT_ABC_K-05 metszetek<\/a><\/p>\n<p><a href=\"http:\/\/forraskut.hu\/wp-content\/uploads\/k\u00f6zbeszerz\u00e9sek\/t\u00e1tika_r\u00e9giABC%20energetikai%20korsz\/KT_ABC_K-07%20R-02%20r\u00e9szlet.pdf\" target=\"_blank\" rel=\"noopener\">KT_ABC_K-07 R-02 r\u00e9szlet<\/a><\/p>\n<p><a href=\"http:\/\/forraskut.hu\/wp-content\/uploads\/k\u00f6zbeszerz\u00e9sek\/t\u00e1tika_r\u00e9giABC%20energetikai%20korsz\/KT_ABC_K-06%20R-01%20r\u00e9szlet.pdf\" target=\"_blank\" rel=\"noopener\">KT_ABC_K-06 R-01 r\u00e9szlet<\/a><\/p>\n<p><a href=\"http:\/\/forraskut.hu\/wp-content\/uploads\/k\u00f6zbeszerz\u00e9sek\/t\u00e1tika_r\u00e9giABC%20energetikai%20korsz\/KT_ABC_K-01%20Helysz\u00ednrajz.pdf\" target=\"_blank\" rel=\"noopener\">KT_ABC_K-01 Helysz\u00ednrajz<\/a><\/p>\n<p><a href=\"http:\/\/forraskut.hu\/wp-content\/uploads\/k\u00f6zbeszerz\u00e9sek\/t\u00e1tika_r\u00e9giABC%20energetikai%20korsz\/KT_ABC_K-02%20alaprajz.pdf\" target=\"_blank\" rel=\"noopener\">KT_ABC_K-02 alaprajz<\/a><\/p>\n<p><a href=\"http:\/\/forraskut.hu\/wp-content\/uploads\/k\u00f6zbeszerz\u00e9sek\/t\u00e1tika_r\u00e9giABC%20energetikai%20korsz\/KT_ABC_K-03%20homlokzatok.pdf\" target=\"_blank\" rel=\"noopener\">KT_ABC_K-03 homlokzatok<\/a><\/p>\n<p><a href=\"http:\/\/forraskut.hu\/wp-content\/uploads\/k\u00f6zbeszerz\u00e9sek\/t\u00e1tika_r\u00e9giABC%20energetikai%20korsz\/KT_ABC_K-04%20homlokzatok.pdf\" target=\"_blank\" rel=\"noopener\">KT_ABC_K-04 homlokzatok<\/a><\/p>\n<p>&nbsp;<\/p>\n<p><strong>K\u00f6lts\u00e9gvet\u00e9sek<\/strong><\/p>\n<p><a href=\"http:\/\/forraskut.hu\/wp-content\/uploads\/k\u00f6zbeszerz\u00e9sek\/t\u00e1tika_r\u00e9giABC%20energetikai%20korsz\/KV_ABC_ABC%20k\u00f6zbeszerz\u00e9sre%20k\u00f6lts\u00e9gvet\u00e9s%20-%20\u00e1razatlan%2011_14.pdf\" target=\"_blank\" rel=\"noopener\">KV_ABC_ABC k\u00f6zbeszerz\u00e9sre k\u00f6lts\u00e9gvet\u00e9s &#8211; \u00e1razatlan 11_14<\/a><\/p>\n<p><a href=\"http:\/\/forraskut.hu\/wp-content\/uploads\/k\u00f6zbeszerz\u00e9sek\/t\u00e1tika_r\u00e9giABC%20energetikai%20korsz\/KV_ABC_ABC%20k\u00f6zbeszerz\u00e9sre%20k\u00f6lts\u00e9gvet\u00e9s%20-%20\u00e1razatlan%2011_14.xls\" target=\"_blank\" rel=\"noopener\">KV_ABC_ABC k\u00f6zbeszerz\u00e9sre k\u00f6lts\u00e9gvet\u00e9s &#8211; \u00e1razatlan 11_14<\/a><\/p>\n<p>&nbsp;<\/p>\n<p><strong>G\u00e9p\u00e9sz kiviteli tervek<\/strong><\/p>\n<p><a href=\"http:\/\/forraskut.hu\/wp-content\/uploads\/k\u00f6zbeszerz\u00e9sek\/t\u00e1tika_r\u00e9giABC%20energetikai%20korsz\/GKT_ABC_TZ1605-02-bolt-Gg-04.pdf\" target=\"_blank\" rel=\"noopener\">GKT_ABC_TZ1605-02-bolt-Gg-04<\/a><\/p>\n<p><a href=\"http:\/\/forraskut.hu\/wp-content\/uploads\/k\u00f6zbeszerz\u00e9sek\/t\u00e1tika_r\u00e9giABC%20energetikai%20korsz\/GKT_ABC_TZ1605-02-bolt-Gg-03.pdf\" target=\"_blank\" rel=\"noopener\">GKT_ABC_TZ1605-02-bolt-Gg-03<\/a><\/p>\n<p><a href=\"http:\/\/forraskut.hu\/wp-content\/uploads\/k\u00f6zbeszerz\u00e9sek\/t\u00e1tika_r\u00e9giABC%20energetikai%20korsz\/GKT_ABC_TZ1605-02-bolt-Gg-02.pdf\" target=\"_blank\" rel=\"noopener\">GKT_ABC_TZ1605-02bolt-Gg2<\/a><\/p>\n<p><a href=\"http:\/\/forraskut.hu\/wp-content\/uploads\/k\u00f6zbeszerz\u00e9sek\/t\u00e1tika_r\u00e9giABC%20energetikai%20korsz\/GKT_ABC_TZ1605-02-bolt-Gg-01.pdf\" target=\"_blank\" rel=\"noopener\">GKT_ABC_TZ1605-02-bolt-Gg-01<\/a><\/p>\n<p><a href=\"http:\/\/forraskut.hu\/wp-content\/uploads\/k\u00f6zbeszerz\u00e9sek\/t\u00e1tika_r\u00e9giABC%20energetikai%20korsz\/GKT_ABC_TZ1605-02-bolt-Gfh-01.pdf\" target=\"_blank\" rel=\"noopener\">GKT_ABC_TZ1605-02-bolt-Gfh-01<\/a><\/p>\n<p><a href=\"http:\/\/forraskut.hu\/wp-content\/uploads\/k\u00f6zbeszerz\u00e9sek\/t\u00e1tika_r\u00e9giABC%20energetikai%20korsz\/GKT_ABC_TZ1605-02-Bolt-\u00c9GML-P\u00c1LY\u00c1ZAT-02.pdf\" target=\"_blank\" rel=\"noopener\">GKT_ABC_TZ1605-02-Bolt-\u00c9GML-P\u00c1LY\u00c1ZAT-02<\/a><\/p>\n<p>&nbsp;<\/p>\n","protected":false},"excerpt":{"rendered":"<p>ABC_AF_es_AD_FORRaSKuT_TaTIKA_ABC_17 ABC_Ajanlattetelre_felkert_gazdasagi_szereplok ABC_BONTaSI_JKV ABC_AF_FORRaSKuT_TaTIKA_ABC_17 &nbsp; \u00c9p\u00fcletvillamos kiviteli tervek VKT_ABC_vill\u00e1mv\u00e9delmi kock\u00e1zatelemz\u00e9s VKT_ABC_GEE-1 E ejl\u0171 eloszt\u00f3 VKT_ABC_K\u00f6lts\u00e9gvet\u00e9s Forr\u00e1sk\u00fat ABC VKT_ABC_GEV-2 vill\u00e1mv\u00e9delem VKT_ABC_GEV-1 vil\u00e1g\u00edt\u00e1s er\u0151\u00e1tvitel VKT_ABC_Forr\u00e1sk\u00fat ABC m\u0171le\u00edr\u00e1s &nbsp; \u00c9p\u00edt\u00e9sz kiviteli tervek KT_ABC_\u00c9p\u00edt\u00e9sz m\u0171szaki le\u00edr\u00e1s Forr\u00e1sk\u00fat ABC E01 KT_ABC_K-05 metszetek KT_ABC_K-07 R-02 r\u00e9szlet KT_ABC_K-06 R-01 r\u00e9szlet KT_ABC_K-01 Helysz\u00ednrajz KT_ABC_K-02 alaprajz KT_ABC_K-03 homlokzatok KT_ABC_K-04 homlokzatok &nbsp; K\u00f6lts\u00e9gvet\u00e9sek KV_ABC_ABC k\u00f6zbeszerz\u00e9sre [&hellip;]<\/p>\n","protected":false},"author":2,"featured_media":0,"parent":0,"menu_order":0,"comment_status":"closed","ping_status":"closed","template":"","meta":{"_exactmetrics_skip_tracking":false,"_exactmetrics_sitenote_active":false,"_exactmetrics_sitenote_note":"","_exactmetrics_sitenote_category":0,"footnotes":""},"yoast_head":"<!-- This site is optimized with the Yoast SEO plugin v23.4 - https:\/\/yoast.com\/wordpress\/plugins\/seo\/ -->\n<title>Volt ABC energetikai korszer\u0171s\u00edt\u00e9se \u00e9s funkci\u00f3v\u00e1lt\u00e1sa - forraskut.hu<\/title>\n<meta name=\"robots\" content=\"index, follow, max-snippet:-1, max-image-preview:large, max-video-preview:-1\" \/>\n<link rel=\"canonical\" href=\"https:\/\/forraskut.hu\/index.php\/volt-abc-energetikai-korszerusitese-es-funkciovaltasa\/\" \/>\n<meta property=\"og:locale\" content=\"hu_HU\" \/>\n<meta property=\"og:type\" content=\"article\" \/>\n<meta property=\"og:title\" content=\"Volt ABC energetikai korszer\u0171s\u00edt\u00e9se \u00e9s funkci\u00f3v\u00e1lt\u00e1sa - forraskut.hu\" \/>\n<meta property=\"og:description\" content=\"ABC_AF_es_AD_FORRaSKuT_TaTIKA_ABC_17 ABC_Ajanlattetelre_felkert_gazdasagi_szereplok ABC_BONTaSI_JKV ABC_AF_FORRaSKuT_TaTIKA_ABC_17 &nbsp; \u00c9p\u00fcletvillamos kiviteli tervek VKT_ABC_vill\u00e1mv\u00e9delmi kock\u00e1zatelemz\u00e9s VKT_ABC_GEE-1 E ejl\u0171 eloszt\u00f3 VKT_ABC_K\u00f6lts\u00e9gvet\u00e9s Forr\u00e1sk\u00fat ABC VKT_ABC_GEV-2 vill\u00e1mv\u00e9delem VKT_ABC_GEV-1 vil\u00e1g\u00edt\u00e1s er\u0151\u00e1tvitel VKT_ABC_Forr\u00e1sk\u00fat ABC m\u0171le\u00edr\u00e1s &nbsp; \u00c9p\u00edt\u00e9sz kiviteli tervek KT_ABC_\u00c9p\u00edt\u00e9sz m\u0171szaki le\u00edr\u00e1s Forr\u00e1sk\u00fat ABC E01 KT_ABC_K-05 metszetek KT_ABC_K-07 R-02 r\u00e9szlet KT_ABC_K-06 R-01 r\u00e9szlet KT_ABC_K-01 Helysz\u00ednrajz KT_ABC_K-02 alaprajz KT_ABC_K-03 homlokzatok KT_ABC_K-04 homlokzatok &nbsp; K\u00f6lts\u00e9gvet\u00e9sek KV_ABC_ABC k\u00f6zbeszerz\u00e9sre [&hellip;]\" \/>\n<meta property=\"og:url\" content=\"https:\/\/forraskut.hu\/index.php\/volt-abc-energetikai-korszerusitese-es-funkciovaltasa\/\" \/>\n<meta property=\"og:site_name\" content=\"forraskut.hu\" \/>\n<meta property=\"article:modified_time\" content=\"2018-01-23T16:22:24+00:00\" \/>\n<meta name=\"twitter:card\" content=\"summary_large_image\" \/>\n<meta name=\"twitter:label1\" content=\"Becs\u00fclt olvas\u00e1si id\u0151\" \/>\n\t<meta name=\"twitter:data1\" content=\"1 perc\" \/>\n<script type=\"application\/ld+json\" class=\"yoast-schema-graph\">{\"@context\":\"https:\/\/schema.org\",\"@graph\":[{\"@type\":\"WebPage\",\"@id\":\"https:\/\/forraskut.hu\/index.php\/volt-abc-energetikai-korszerusitese-es-funkciovaltasa\/\",\"url\":\"https:\/\/forraskut.hu\/index.php\/volt-abc-energetikai-korszerusitese-es-funkciovaltasa\/\",\"name\":\"Volt ABC energetikai korszer\u0171s\u00edt\u00e9se \u00e9s funkci\u00f3v\u00e1lt\u00e1sa - forraskut.hu\",\"isPartOf\":{\"@id\":\"https:\/\/forraskut.hu\/#website\"},\"datePublished\":\"2018-01-23T16:02:38+00:00\",\"dateModified\":\"2018-01-23T16:22:24+00:00\",\"breadcrumb\":{\"@id\":\"https:\/\/forraskut.hu\/index.php\/volt-abc-energetikai-korszerusitese-es-funkciovaltasa\/#breadcrumb\"},\"inLanguage\":\"hu\",\"potentialAction\":[{\"@type\":\"ReadAction\",\"target\":[\"https:\/\/forraskut.hu\/index.php\/volt-abc-energetikai-korszerusitese-es-funkciovaltasa\/\"]}]},{\"@type\":\"BreadcrumbList\",\"@id\":\"https:\/\/forraskut.hu\/index.php\/volt-abc-energetikai-korszerusitese-es-funkciovaltasa\/#breadcrumb\",\"itemListElement\":[{\"@type\":\"ListItem\",\"position\":1,\"name\":\"Kezd\u0151lap\",\"item\":\"https:\/\/forraskut.hu\/\"},{\"@type\":\"ListItem\",\"position\":2,\"name\":\"Volt ABC energetikai korszer\u0171s\u00edt\u00e9se \u00e9s funkci\u00f3v\u00e1lt\u00e1sa\"}]},{\"@type\":\"WebSite\",\"@id\":\"https:\/\/forraskut.hu\/#website\",\"url\":\"https:\/\/forraskut.hu\/\",\"name\":\"forraskut.hu\",\"description\":\"Forr\u00e1sk\u00fat k\u00f6zs\u00e9g hivatalos weboldala\",\"potentialAction\":[{\"@type\":\"SearchAction\",\"target\":{\"@type\":\"EntryPoint\",\"urlTemplate\":\"https:\/\/forraskut.hu\/?s={search_term_string}\"},\"query-input\":{\"@type\":\"PropertyValueSpecification\",\"valueRequired\":true,\"valueName\":\"search_term_string\"}}],\"inLanguage\":\"hu\"}]}<\/script>\n<!-- \/ Yoast SEO plugin. -->","yoast_head_json":{"title":"Volt ABC energetikai korszer\u0171s\u00edt\u00e9se \u00e9s funkci\u00f3v\u00e1lt\u00e1sa - forraskut.hu","robots":{"index":"index","follow":"follow","max-snippet":"max-snippet:-1","max-image-preview":"max-image-preview:large","max-video-preview":"max-video-preview:-1"},"canonical":"https:\/\/forraskut.hu\/index.php\/volt-abc-energetikai-korszerusitese-es-funkciovaltasa\/","og_locale":"hu_HU","og_type":"article","og_title":"Volt ABC energetikai korszer\u0171s\u00edt\u00e9se \u00e9s funkci\u00f3v\u00e1lt\u00e1sa - forraskut.hu","og_description":"ABC_AF_es_AD_FORRaSKuT_TaTIKA_ABC_17 ABC_Ajanlattetelre_felkert_gazdasagi_szereplok ABC_BONTaSI_JKV ABC_AF_FORRaSKuT_TaTIKA_ABC_17 &nbsp; \u00c9p\u00fcletvillamos kiviteli tervek VKT_ABC_vill\u00e1mv\u00e9delmi kock\u00e1zatelemz\u00e9s VKT_ABC_GEE-1 E ejl\u0171 eloszt\u00f3 VKT_ABC_K\u00f6lts\u00e9gvet\u00e9s Forr\u00e1sk\u00fat ABC VKT_ABC_GEV-2 vill\u00e1mv\u00e9delem VKT_ABC_GEV-1 vil\u00e1g\u00edt\u00e1s er\u0151\u00e1tvitel VKT_ABC_Forr\u00e1sk\u00fat ABC m\u0171le\u00edr\u00e1s &nbsp; \u00c9p\u00edt\u00e9sz kiviteli tervek KT_ABC_\u00c9p\u00edt\u00e9sz m\u0171szaki le\u00edr\u00e1s Forr\u00e1sk\u00fat ABC E01 KT_ABC_K-05 metszetek KT_ABC_K-07 R-02 r\u00e9szlet KT_ABC_K-06 R-01 r\u00e9szlet KT_ABC_K-01 Helysz\u00ednrajz KT_ABC_K-02 alaprajz KT_ABC_K-03 homlokzatok KT_ABC_K-04 homlokzatok &nbsp; K\u00f6lts\u00e9gvet\u00e9sek KV_ABC_ABC k\u00f6zbeszerz\u00e9sre [&hellip;]","og_url":"https:\/\/forraskut.hu\/index.php\/volt-abc-energetikai-korszerusitese-es-funkciovaltasa\/","og_site_name":"forraskut.hu","article_modified_time":"2018-01-23T16:22:24+00:00","twitter_card":"summary_large_image","twitter_misc":{"Becs\u00fclt olvas\u00e1si id\u0151":"1 perc"},"schema":{"@context":"https:\/\/schema.org","@graph":[{"@type":"WebPage","@id":"https:\/\/forraskut.hu\/index.php\/volt-abc-energetikai-korszerusitese-es-funkciovaltasa\/","url":"https:\/\/forraskut.hu\/index.php\/volt-abc-energetikai-korszerusitese-es-funkciovaltasa\/","name":"Volt ABC energetikai korszer\u0171s\u00edt\u00e9se \u00e9s funkci\u00f3v\u00e1lt\u00e1sa - forraskut.hu","isPartOf":{"@id":"https:\/\/forraskut.hu\/#website"},"datePublished":"2018-01-23T16:02:38+00:00","dateModified":"2018-01-23T16:22:24+00:00","breadcrumb":{"@id":"https:\/\/forraskut.hu\/index.php\/volt-abc-energetikai-korszerusitese-es-funkciovaltasa\/#breadcrumb"},"inLanguage":"hu","potentialAction":[{"@type":"ReadAction","target":["https:\/\/forraskut.hu\/index.php\/volt-abc-energetikai-korszerusitese-es-funkciovaltasa\/"]}]},{"@type":"BreadcrumbList","@id":"https:\/\/forraskut.hu\/index.php\/volt-abc-energetikai-korszerusitese-es-funkciovaltasa\/#breadcrumb","itemListElement":[{"@type":"ListItem","position":1,"name":"Kezd\u0151lap","item":"https:\/\/forraskut.hu\/"},{"@type":"ListItem","position":2,"name":"Volt ABC energetikai korszer\u0171s\u00edt\u00e9se \u00e9s funkci\u00f3v\u00e1lt\u00e1sa"}]},{"@type":"WebSite","@id":"https:\/\/forraskut.hu\/#website","url":"https:\/\/forraskut.hu\/","name":"forraskut.hu","description":"Forr\u00e1sk\u00fat k\u00f6zs\u00e9g hivatalos weboldala","potentialAction":[{"@type":"SearchAction","target":{"@type":"EntryPoint","urlTemplate":"https:\/\/forraskut.hu\/?s={search_term_string}"},"query-input":{"@type":"PropertyValueSpecification","valueRequired":true,"valueName":"search_term_string"}}],"inLanguage":"hu"}]}},"_links":{"self":[{"href":"https:\/\/forraskut.hu\/index.php\/wp-json\/wp\/v2\/pages\/891"}],"collection":[{"href":"https:\/\/forraskut.hu\/index.php\/wp-json\/wp\/v2\/pages"}],"about":[{"href":"https:\/\/forraskut.hu\/index.php\/wp-json\/wp\/v2\/types\/page"}],"author":[{"embeddable":true,"href":"https:\/\/forraskut.hu\/index.php\/wp-json\/wp\/v2\/users\/2"}],"replies":[{"embeddable":true,"href":"https:\/\/forraskut.hu\/index.php\/wp-json\/wp\/v2\/comments?post=891"}],"version-history":[{"count":0,"href":"https:\/\/forraskut.hu\/index.php\/wp-json\/wp\/v2\/pages\/891\/revisions"}],"wp:attachment":[{"href":"https:\/\/forraskut.hu\/index.php\/wp-json\/wp\/v2\/media?parent=891"}],"curies":[{"name":"wp","href":"https:\/\/api.w.org\/{rel}","templated":true}]}}