{"id":83,"date":"2017-11-07T16:13:01","date_gmt":"2017-11-07T15:13:01","guid":{"rendered":"http:\/\/forraskut.hu\/?page_id=83"},"modified":"2024-02-16T12:27:45","modified_gmt":"2024-02-16T11:27:45","slug":"borostyan-etterem-es-szallas","status":"publish","type":"page","link":"https:\/\/forraskut.hu\/index.php\/borostyan-etterem-es-szallas\/","title":{"rendered":"Borosty\u00e1n \u00c9tterem \u00e9s sz\u00e1ll\u00e1s"},"content":{"rendered":"<p class=\"last-modified\">Utolj\u00e1ra friss\u00edtve:&nbsp;  2024. febru\u00e1r 16.<\/p><h2>Borosty\u00e1n \u00c9tterem<\/h2>\n<p>&nbsp;<\/p>\n<p>A 2000-ben meg\u00e9p\u00fclt \u00e9tterem \u00fczemeltet\u00e9s\u00e9t 2004 augusztus\u00e1ig mag\u00e1nv\u00e1llalkoz\u00f3k l\u00e1tt\u00e1k el. Ezt k\u00f6vet\u0151en, a T\u00e1tika kht \u00fczemeltet\u00e9se al\u00e1 ker\u00fclt.<\/p>\n<p>&nbsp;<\/p>\n<table class=\"tabla\" border=\"0\" width=\"100%\" cellspacing=\"0\" cellpadding=\"0\">\n<tbody>\n<tr>\n<td class=\"border_no\">\u00a0<img loading=\"lazy\" decoding=\"async\" class=\"size-full wp-image-720 aligncenter\" src=\"http:\/\/forraskut.hu\/wp-content\/uploads\/2018\/01\/etterem_2.jpg\" alt=\"\" width=\"250\" height=\"187\" \/><\/td>\n<td class=\"border_no\">\u00a0<img loading=\"lazy\" decoding=\"async\" class=\"size-full wp-image-719 aligncenter\" src=\"http:\/\/forraskut.hu\/wp-content\/uploads\/2018\/01\/etterem_1.jpg\" alt=\"\" width=\"250\" height=\"187\" \/><\/td>\n<\/tr>\n<\/tbody>\n<\/table>\n<p style=\"text-align: justify;\"><span id=\"IDA2XA4H_text_0\" class=\"value_xmledit\">Alapfeladatuknak tekintik az \u00c1ltal\u00e1nos Iskola tanul\u00f3inak, valamint telep\u00fcl\u00e9s\u00fcnk id\u0151s koroszt\u00e1ly\u00e1nak \u00e9tkeztet\u00e9s\u00e9t, amely 2004 \u0151sz\u00e9t\u0151l kib\u0151v\u00fclt az \u00f3vod\u00e1s gyermekek ell\u00e1t\u00e1s\u00e1val. Erre azt k\u00f6vet\u0151en ker\u00fclt sor, hogy az \u00d3vodakonyh\u00e1t az \u00e9tteremhez csatolt\u00e1k. Bevezet\u00e9sre ker\u00fclt a HACCP min\u0151s\u00e9gbiztos\u00edt\u00e1si- \u00e9s egy Komplett Higi\u00e9niai rendszer. Alaprendeltet\u00e9s\u00fck\u00f6n k\u00edv\u00fcl v\u00e1llalj\u00e1k bet\u00e9r\u0151 vend\u00e9geink sz\u00e1m\u00e1ra a napi men\u00fc- \u00e9s a\u2019 la carte \u00e9tkez\u00e9st, ezen t\u00falmen\u0151en lehet\u0151s\u00e9g van bar\u00e1ti- csal\u00e1di- \u00fczleti rendezv\u00e9nyek lebonyol\u00edt\u00e1s\u00e1ra is. Minderre a teraszon k\u00edv\u00fcl h\u00e1rom elk\u00fcl\u00f6n\u00edthet\u0151 terem \u00e1ll vend\u00e9geik rendelkez\u00e9s\u00e9re: a Konferenciaterem 40 f\u0151, Nagyterem 70 f\u0151 \u00e9s Gal\u00e9ria: 25 f\u0151 befogad\u00f3k\u00e9pess\u00e9ggel. Doh\u00e1nyz\u00f3 vend\u00e9geik sz\u00e1m\u00e1ra a konferenciaterem \u00e1ll a rendelkez\u00e9sre, h\u00e9tk\u00f6znaponk\u00e9nt 1400 \u00f3r\u00e1t\u00f3l, valamint h\u00e9tv\u00e9g\u00e9n teljes nyitvatart\u00e1si id\u0151ben.<\/span><\/p>\n<p style=\"text-align: justify;\">Sz\u00e9les \u00e9tel- \u00e9s italv\u00e1laszt\u00e9kukkal mindenki megtal\u00e1lja a saj\u00e1t \u00edzl\u00e9s\u00e9nek legink\u00e1bb megfelel\u0151t, a hagyom\u00e1nyos magyaros \u00edzeken k\u00edv\u00fcl, k\u00edm\u00e9l\u0151 \u00e9teleikkel k\u00edv\u00e1nj\u00e1k kiel\u00e9g\u00edteni minden vend\u00e9g\u00fck ig\u00e9nyeit.<\/p>\n<p>K\u00edn\u00e1latuk, valamint a heti men\u00fc megtekinthet\u0151 a <a href=\"http:\/\/www.forraskut.hu\/pages\/www.borostyanetterem.net\" target=\"_blank\" rel=\"noopener noreferrer\">www.borostyanetterem.net<\/a> c\u00edmen.<\/p>\n<p><strong>Nyitvatart\u00e1s:<\/strong> H\u00e9tf\u0151-P\u00e9ntek: 11-21 \u00f3r\u00e1ig<\/p>\n<p><strong>Az \u00e9tterem el\u00e9rhet\u0151s\u00e9gei<\/strong>:<\/p>\n<p>6793 Forr\u00e1sk\u00fat, Pet\u0151fi S\u00e1ndor u. 3\/a<\/p>\n<p><strong>Telefon:<\/strong> <a href=\"tel:+3662287118\"> 62\/287-118<\/a><\/p>\n<p><strong>e-mail:<\/strong> borostyanetterem@forraskut.hu<\/p>\n<p><a href=\"http:\/\/www.youtube.com\/watch?v=kX6RRWtX2SE\" target=\"_blank\" rel=\"noopener noreferrer\">Rekl\u00e1mfilm megtekint\u00e9se az \u00e9tteremr\u0151l \u00e9s a sz\u00e1ll\u00e1sokr\u00f3l<\/a><\/p>\n<p>&nbsp;<\/p>\n<h2>Sz\u00e1ll\u00e1slehet\u0151s\u00e9g<\/h2>\n<div class=\"focim\">Di\u00e1k- \u00e9s mag\u00e1nsz\u00e1ll\u00e1s<\/div>\n<p style=\"text-align: justify;\">Forr\u00e1sk\u00fat egy 2200 lakos\u00fa Szegedt\u0151l 25 kil\u00f3m\u00e9terre fekv\u0151 telep\u00fcl\u00e9s. A k\u00f6zs\u00e9g egy ifj\u00fas\u00e1gi sz\u00e1ll\u00e1ssal \u00e9s egy mag\u00e1nsz\u00e1ll\u00e1ssal gyarapodott a k\u00f6zelm\u00faltban. A di\u00e1ksz\u00e1ll\u00e1s (hostel) a Borosty\u00e1n \u00c9tterem tet\u0151ter\u00e9ben, a mag\u00e1nsz\u00e1ll\u00e1s pedig az orvosi rendel\u0151 tet\u0151ter\u00e9ben ker\u00fclt kialak\u00edt\u00e1sra. Ide v\u00e1rjuk a kir\u00e1ndul\u00f3 oszt\u00e1lyokat, \u00e1ltal\u00e1nos-, \u00e9s k\u00f6z\u00e9piskol\u00e1sokat, ifj\u00fas\u00e1gi csoportokat \u00e1tutaz\u00f3 vagy \u00fcd\u00fclni v\u00e1gy\u00f3 vend\u00e9geinket. A di\u00e1ksz\u00e1ll\u00e1s, mag\u00e1nsz\u00e1ll\u00e1s \u00e9s a z \u00e9tterem is ell\u00e1tott l\u00e9gkond\u00edcion\u00e1l\u00f3 berendez\u00e9ssel. Az \u00c9tterem alkalmas m\u00e9g konferenci\u00e1k, k\u00e9pz\u00e9sek, lebonyol\u00edt\u00e1s\u00e1ra, valamint bar\u00e1ti t\u00e1rsas\u00e1gok \u00e9s csal\u00e1dok fogad\u00e1s\u00e1ra is.<\/p>\n<p><strong>Di\u00e1ksz\u00e1ll\u00e1s<\/strong>: 32 f\u0151 befogad\u00e1s\u00e1ra alkalmas<\/p>\n<ul>\n<li>1- es szoba 2 f\u0151<\/li>\n<li>2- es szoba 8 f\u0151<\/li>\n<li>3- as szoba 8 f\u0151<\/li>\n<li>4- es szoba 8 f\u0151<\/li>\n<li>5- \u00f6s szoba 6 f\u0151<\/li>\n<li>k\u00f6zponti f\u0171t\u00e9s<\/li>\n<li>minden szoba rendelkezik saj\u00e1t szekr\u00e9nnyel<\/li>\n<li>\u00e1gynem\u0171<\/li>\n<li>t\u00f6r\u00f6lk\u00f6z\u0151<\/li>\n<li>WIFI internet<\/li>\n<li>k\u00f6z\u00f6ss\u00e9gi t\u00e9r asztallal, sz\u00e9kekkel<\/li>\n<li>k\u00f6z\u00f6sen haszn\u00e1lhat\u00f3 h\u0171t\u0151szekr\u00e9ny<\/li>\n<li>k\u00f6z\u00f6s k\u00e1beltelev\u00edzi\u00f3 (LCD)<\/li>\n<li>f\u00e9rfi \u00e9s N\u0151i WC<\/li>\n<li>F\u00e9rfi \u00e9s N\u0151i tusol\u00f3, 3 f\u0151s<\/li>\n<li>kl\u00edmaberendez\u00e9s<\/li>\n<li>mozg\u00e1skorl\u00e1tozottaknak is k\u00f6nnyed\u00e9n megk\u00f6zel\u00edthet\u0151<\/li>\n<li>reggeli, eb\u00e9d \u00e9s vacsora megoldott az \u00e9tteremben<\/li>\n<\/ul>\n<p>&nbsp;<\/p>\n<table class=\"tabla\" border=\"0\" width=\"100%\" cellspacing=\"0\" cellpadding=\"0\">\n<tbody>\n<tr>\n<td class=\"border_no\">\u00a0<img loading=\"lazy\" decoding=\"async\" class=\"size-full wp-image-722 aligncenter\" src=\"http:\/\/forraskut.hu\/wp-content\/uploads\/2018\/01\/dsz1.jpg\" alt=\"\" width=\"250\" height=\"187\" \/><\/td>\n<td class=\"border_no\">\u00a0<img loading=\"lazy\" decoding=\"async\" class=\"size-full wp-image-723 aligncenter\" src=\"http:\/\/forraskut.hu\/wp-content\/uploads\/2018\/01\/dsz2.jpg\" alt=\"\" width=\"250\" height=\"187\" \/><\/td>\n<\/tr>\n<\/tbody>\n<\/table>\n<p><strong>Mag\u00e1nsz\u00e1ll\u00e1s:<\/strong> 12 f\u0151 befogad\u00e1s\u00e1ra alkalmas<\/p>\n<ul>\n<li>1-es szoba 2+1 f\u0151 (francia \u00e1gyas)<\/li>\n<li>2-es szoba 2 f\u0151<\/li>\n<li>3-as szoba 3 f\u0151<\/li>\n<li>4-es szoba 4 f\u0151k\u00f6zponti f\u0171t\u00e9s<\/li>\n<li>p\u00f3t\u00e1gyazhat\u00f3, \u00e1gynem\u0171vel, t\u00f6r\u00f6lk\u00f6z\u0151vel ell\u00e1tott szob\u00e1k<\/li>\n<li>a szob\u00e1k k\u00fcl\u00f6n f\u00fcrd\u0151szob\u00e1val rendelkeznek<\/li>\n<li>k\u00f6z\u00f6s, j\u00f3l felszerelt konyha\n<ul>\n<li>mikrohull\u00e1m\u00fa s\u00fct\u0151, g\u00e1z t\u0171zhely<\/li>\n<li>h\u0171t\u0151szekr\u00e9ny<\/li>\n<li>t\u00e1ny\u00e9rok, ed\u00e9nyek, \u00e9tk\u00e9szlet<\/li>\n<\/ul>\n<\/li>\n<\/ul>\n<ul>\n<li>klimatiz\u00e1lt<\/li>\n<li>k\u00f6z\u00f6s nappali<\/li>\n<li>k\u00f6z\u00f6sen haszn\u00e1lhat\u00f3 erk\u00e9ly<\/li>\n<li>Z\u00e1rt parkol\u00f3 az udvarban<\/li>\n<li>F\u00fcves\u00edtett, parkos\u00edtott udvar, amely alkalmas labdaj\u00e1t\u00e9kokra<\/li>\n<li>Grillez\u00e9si, s\u00fct\u00f6get\u00e9si lehet\u0151s\u00e9g az udvaron biztos\u00edtott<\/li>\n<li>az udvaron s\u00e1tor \u00e1ll\u00edt\u00e1si lehet\u0151s\u00e9g<\/li>\n<li>k\u00e1beltelev\u00edzi\u00f3 minden szob\u00e1ban (LCD)<\/li>\n<li>k\u00f6z\u00f6s k\u00e1beltelev\u00edzi\u00f3 (LCD)<\/li>\n<li>WIFI Internet<\/li>\n<li>reggeli, eb\u00e9d \u00e9s vacsora megoldhat\u00f3 a 10 percre lev\u0151 Borosty\u00e1n \u00c9tteremben<\/li>\n<\/ul>\n<p>&nbsp;<\/p>\n<table class=\"tabla\" border=\"0\" width=\"100%\" cellspacing=\"0\" cellpadding=\"0\">\n<tbody>\n<tr>\n<td class=\"border_no\">\u00a0<img loading=\"lazy\" decoding=\"async\" class=\"size-full wp-image-724 aligncenter\" src=\"http:\/\/forraskut.hu\/wp-content\/uploads\/2018\/01\/msz1.jpg\" alt=\"\" width=\"250\" height=\"187\" \/><\/td>\n<td class=\"border_no\">\u00a0<img loading=\"lazy\" decoding=\"async\" class=\"size-full wp-image-725 aligncenter\" src=\"http:\/\/forraskut.hu\/wp-content\/uploads\/2018\/01\/msz2.jpg\" alt=\"\" width=\"250\" height=\"187\" \/><\/td>\n<\/tr>\n<\/tbody>\n<\/table>\n<p><strong>A szabadid\u0151 hasznos elt\u00f6lt\u00e9s\u00e9re sz\u00e1mos lehet\u0151s\u00e9g k\u00edn\u00e1lkozik a faluban, a sportp\u00e1ly\u00e1n, vagy az iskola \u00fajonnan \u00e9p\u00fclt tornacsarnok\u00e1ban<\/strong>:<\/p>\n<ul>\n<li>foci, l\u00e1bteng\u00f3, kos\u00e1rlabda, k\u00e9zilabda, tollaslabda, tenisz<\/li>\n<li>s\u00e9takocsik\u00e1z\u00e1s lovas fogattal a telep\u00fcl\u00e9sen<\/li>\n<li>horg\u00e1szati lehet\u0151s\u00e9g a horg\u00e1szt\u00f3n\u00e1l<\/li>\n<li>lovagl\u00e1si lehet\u0151s\u00e9g<\/li>\n<li>grillez\u00e9si lehet\u0151s\u00e9g<\/li>\n<li>kemencel\u00e1togat\u00e1s, s\u00fct\u00f6get\u00e9s<\/li>\n<li>\u00fcvegfest\u00e9s, t\u0171zzom\u00e1nc, internetez\u00e9si lehet\u0151s\u00e9g a M\u0171vel\u0151d\u00e9si H\u00e1zban<\/li>\n<li>quadoz\u00e1s<\/li>\n<li>hindu templom l\u00e1togat\u00e1s<\/li>\n<li>pincel\u00e1togat\u00e1s, bork\u00f3stol\u00e1s<\/li>\n<\/ul>\n<p style=\"text-align: justify;\">El\u0151re \u00f6ssze\u00e1ll\u00edtott programterveket tudunk felk\u00edn\u00e1lni, melyeket a r\u00e9sztvev\u0151k \u00e9letkor\u00e1nak \u00e9s \u00e9rdekl\u0151d\u00e9si k\u00f6r\u00e9nek megfelel\u0151en, a pedag\u00f3gusokkal k\u00f6z\u00f6sen a csoportra tudunk szabni!<\/p>\n<p>Egyes kikapcsol\u00f3d\u00e1si lehet\u0151s\u00e9gek \u00e1r\u00e1t, a helyfoglal\u00e1s d\u00edja nem tartalmazza. Ezek ig\u00e9nybev\u00e9tel\u00e9vel kapcsolatban k\u00e9rj\u00fck \u00e9rdekl\u0151dj\u00f6n!<\/p>\n<p><strong>A telep\u00fcl\u00e9sr\u0151l k\u00f6nnyen megk\u00f6zel\u00edthet\u0151<\/strong>:<\/p>\n<ul>\n<li>Szeged: v\u00e1rosn\u00e9z\u00e9s, m\u00fazeum, sz\u00ednh\u00e1z, vadaspark, f\u00fcv\u00e9szkert<\/li>\n<li>Kiskundorozsma: sz\u00e9lmalom, Sziks\u00f3sf\u00fcrd\u0151, Cs\u00faSziki kalandp\u00e1lya<\/li>\n<li>M\u00f3rahalom: Erzs\u00e9bet Gy\u00f3gyf\u00fcrd\u0151, nagysz\u00e9ks\u00f3st\u00f3i bivalyrezerv\u00e1tum<\/li>\n<li>\u00d3pusztaszer: T\u00f6rt\u00e9nelmi Eml\u00e9kpark, Feszty k\u00f6rk\u00e9p<\/li>\n<li>Kiskunmajsa: Jonatherm\u00e1l Gy\u00f3gy-\u00e9s \u00c9lm\u00e9nyf\u00fcrd\u0151, \u201956-os m\u00fazeum<\/li>\n<\/ul>\n<p style=\"text-align: justify;\">Ha felkeltett\u00fck \u00e9rdekl\u0151d\u00e9s\u00fcket, a tov\u00e1bbi inform\u00e1ci\u00f3k\u00e9rt keressenek benn\u00fcnket bizalommal a borostyanetterem@napnet.hu e-mail c\u00edmen, vagy a <a href=\"tel:+3662287118\"> 62\/287-118<\/a>-as telefonsz\u00e1mon.<\/p>\n<p>Kapcsolattart\u00f3: Tapodi S\u00e1ndorn\u00e9, Telefon: <a href=\"tel:+36703305077\"> 70\/330-5077<\/a>.<\/p>\n<p><a href=\"http:\/\/www.youtube.com\/watch?v=kX6RRWtX2SE\" target=\"_blank\" rel=\"noopener noreferrer\">Rekl\u00e1mfilm megtekint\u00e9se az \u00e9tteremr\u0151l \u00e9s a sz\u00e1ll\u00e1sokr\u00f3l<\/a>.<\/p>\n","protected":false},"excerpt":{"rendered":"<p>Utolj\u00e1ra friss\u00edtve:&nbsp; 2024. febru\u00e1r 16.Borosty\u00e1n \u00c9tterem &nbsp; A 2000-ben meg\u00e9p\u00fclt \u00e9tterem \u00fczemeltet\u00e9s\u00e9t 2004 augusztus\u00e1ig mag\u00e1nv\u00e1llalkoz\u00f3k l\u00e1tt\u00e1k el. Ezt k\u00f6vet\u0151en, a T\u00e1tika kht \u00fczemeltet\u00e9se al\u00e1 ker\u00fclt. &nbsp; \u00a0 \u00a0 Alapfeladatuknak tekintik az \u00c1ltal\u00e1nos Iskola tanul\u00f3inak, valamint telep\u00fcl\u00e9s\u00fcnk id\u0151s koroszt\u00e1ly\u00e1nak \u00e9tkeztet\u00e9s\u00e9t, amely 2004 \u0151sz\u00e9t\u0151l kib\u0151v\u00fclt az \u00f3vod\u00e1s gyermekek ell\u00e1t\u00e1s\u00e1val. Erre azt k\u00f6vet\u0151en ker\u00fclt sor, hogy az \u00d3vodakonyh\u00e1t [&hellip;]<\/p>\n","protected":false},"author":2,"featured_media":0,"parent":0,"menu_order":0,"comment_status":"closed","ping_status":"closed","template":"","meta":{"_exactmetrics_skip_tracking":false,"_exactmetrics_sitenote_active":false,"_exactmetrics_sitenote_note":"","_exactmetrics_sitenote_category":0,"footnotes":""},"yoast_head":"<!-- This site is optimized with the Yoast SEO plugin v23.4 - https:\/\/yoast.com\/wordpress\/plugins\/seo\/ -->\n<title>Borosty\u00e1n \u00c9tterem \u00e9s sz\u00e1ll\u00e1s - forraskut.hu<\/title>\n<meta name=\"robots\" content=\"index, follow, max-snippet:-1, max-image-preview:large, max-video-preview:-1\" \/>\n<link rel=\"canonical\" href=\"https:\/\/forraskut.hu\/index.php\/borostyan-etterem-es-szallas\/\" \/>\n<meta property=\"og:locale\" content=\"hu_HU\" \/>\n<meta property=\"og:type\" content=\"article\" \/>\n<meta property=\"og:title\" content=\"Borosty\u00e1n \u00c9tterem \u00e9s sz\u00e1ll\u00e1s - forraskut.hu\" \/>\n<meta property=\"og:description\" content=\"Utolj\u00e1ra friss\u00edtve:&nbsp; 2024. febru\u00e1r 16.Borosty\u00e1n \u00c9tterem &nbsp; A 2000-ben meg\u00e9p\u00fclt \u00e9tterem \u00fczemeltet\u00e9s\u00e9t 2004 augusztus\u00e1ig mag\u00e1nv\u00e1llalkoz\u00f3k l\u00e1tt\u00e1k el. Ezt k\u00f6vet\u0151en, a T\u00e1tika kht \u00fczemeltet\u00e9se al\u00e1 ker\u00fclt. &nbsp; \u00a0 \u00a0 Alapfeladatuknak tekintik az \u00c1ltal\u00e1nos Iskola tanul\u00f3inak, valamint telep\u00fcl\u00e9s\u00fcnk id\u0151s koroszt\u00e1ly\u00e1nak \u00e9tkeztet\u00e9s\u00e9t, amely 2004 \u0151sz\u00e9t\u0151l kib\u0151v\u00fclt az \u00f3vod\u00e1s gyermekek ell\u00e1t\u00e1s\u00e1val. Erre azt k\u00f6vet\u0151en ker\u00fclt sor, hogy az \u00d3vodakonyh\u00e1t [&hellip;]\" \/>\n<meta property=\"og:url\" content=\"https:\/\/forraskut.hu\/index.php\/borostyan-etterem-es-szallas\/\" \/>\n<meta property=\"og:site_name\" content=\"forraskut.hu\" \/>\n<meta property=\"article:modified_time\" content=\"2024-02-16T11:27:45+00:00\" \/>\n<meta property=\"og:image\" content=\"http:\/\/forraskut.hu\/wp-content\/uploads\/2018\/01\/etterem_2.jpg\" \/>\n<meta name=\"twitter:card\" content=\"summary_large_image\" \/>\n<meta name=\"twitter:label1\" content=\"Becs\u00fclt olvas\u00e1si id\u0151\" \/>\n\t<meta name=\"twitter:data1\" content=\"5 perc\" \/>\n<script type=\"application\/ld+json\" class=\"yoast-schema-graph\">{\"@context\":\"https:\/\/schema.org\",\"@graph\":[{\"@type\":\"WebPage\",\"@id\":\"https:\/\/forraskut.hu\/index.php\/borostyan-etterem-es-szallas\/\",\"url\":\"https:\/\/forraskut.hu\/index.php\/borostyan-etterem-es-szallas\/\",\"name\":\"Borosty\u00e1n \u00c9tterem \u00e9s sz\u00e1ll\u00e1s - forraskut.hu\",\"isPartOf\":{\"@id\":\"https:\/\/forraskut.hu\/#website\"},\"primaryImageOfPage\":{\"@id\":\"https:\/\/forraskut.hu\/index.php\/borostyan-etterem-es-szallas\/#primaryimage\"},\"image\":{\"@id\":\"https:\/\/forraskut.hu\/index.php\/borostyan-etterem-es-szallas\/#primaryimage\"},\"thumbnailUrl\":\"http:\/\/forraskut.hu\/wp-content\/uploads\/2018\/01\/etterem_2.jpg\",\"datePublished\":\"2017-11-07T15:13:01+00:00\",\"dateModified\":\"2024-02-16T11:27:45+00:00\",\"breadcrumb\":{\"@id\":\"https:\/\/forraskut.hu\/index.php\/borostyan-etterem-es-szallas\/#breadcrumb\"},\"inLanguage\":\"hu\",\"potentialAction\":[{\"@type\":\"ReadAction\",\"target\":[\"https:\/\/forraskut.hu\/index.php\/borostyan-etterem-es-szallas\/\"]}]},{\"@type\":\"ImageObject\",\"inLanguage\":\"hu\",\"@id\":\"https:\/\/forraskut.hu\/index.php\/borostyan-etterem-es-szallas\/#primaryimage\",\"url\":\"http:\/\/forraskut.hu\/wp-content\/uploads\/2018\/01\/etterem_2.jpg\",\"contentUrl\":\"http:\/\/forraskut.hu\/wp-content\/uploads\/2018\/01\/etterem_2.jpg\"},{\"@type\":\"BreadcrumbList\",\"@id\":\"https:\/\/forraskut.hu\/index.php\/borostyan-etterem-es-szallas\/#breadcrumb\",\"itemListElement\":[{\"@type\":\"ListItem\",\"position\":1,\"name\":\"Kezd\u0151lap\",\"item\":\"https:\/\/forraskut.hu\/\"},{\"@type\":\"ListItem\",\"position\":2,\"name\":\"Borosty\u00e1n \u00c9tterem \u00e9s sz\u00e1ll\u00e1s\"}]},{\"@type\":\"WebSite\",\"@id\":\"https:\/\/forraskut.hu\/#website\",\"url\":\"https:\/\/forraskut.hu\/\",\"name\":\"forraskut.hu\",\"description\":\"Forr\u00e1sk\u00fat k\u00f6zs\u00e9g hivatalos weboldala\",\"potentialAction\":[{\"@type\":\"SearchAction\",\"target\":{\"@type\":\"EntryPoint\",\"urlTemplate\":\"https:\/\/forraskut.hu\/?s={search_term_string}\"},\"query-input\":{\"@type\":\"PropertyValueSpecification\",\"valueRequired\":true,\"valueName\":\"search_term_string\"}}],\"inLanguage\":\"hu\"}]}<\/script>\n<!-- \/ Yoast SEO plugin. -->","yoast_head_json":{"title":"Borosty\u00e1n \u00c9tterem \u00e9s sz\u00e1ll\u00e1s - forraskut.hu","robots":{"index":"index","follow":"follow","max-snippet":"max-snippet:-1","max-image-preview":"max-image-preview:large","max-video-preview":"max-video-preview:-1"},"canonical":"https:\/\/forraskut.hu\/index.php\/borostyan-etterem-es-szallas\/","og_locale":"hu_HU","og_type":"article","og_title":"Borosty\u00e1n \u00c9tterem \u00e9s sz\u00e1ll\u00e1s - forraskut.hu","og_description":"Utolj\u00e1ra friss\u00edtve:&nbsp; 2024. febru\u00e1r 16.Borosty\u00e1n \u00c9tterem &nbsp; A 2000-ben meg\u00e9p\u00fclt \u00e9tterem \u00fczemeltet\u00e9s\u00e9t 2004 augusztus\u00e1ig mag\u00e1nv\u00e1llalkoz\u00f3k l\u00e1tt\u00e1k el. Ezt k\u00f6vet\u0151en, a T\u00e1tika kht \u00fczemeltet\u00e9se al\u00e1 ker\u00fclt. &nbsp; \u00a0 \u00a0 Alapfeladatuknak tekintik az \u00c1ltal\u00e1nos Iskola tanul\u00f3inak, valamint telep\u00fcl\u00e9s\u00fcnk id\u0151s koroszt\u00e1ly\u00e1nak \u00e9tkeztet\u00e9s\u00e9t, amely 2004 \u0151sz\u00e9t\u0151l kib\u0151v\u00fclt az \u00f3vod\u00e1s gyermekek ell\u00e1t\u00e1s\u00e1val. Erre azt k\u00f6vet\u0151en ker\u00fclt sor, hogy az \u00d3vodakonyh\u00e1t [&hellip;]","og_url":"https:\/\/forraskut.hu\/index.php\/borostyan-etterem-es-szallas\/","og_site_name":"forraskut.hu","article_modified_time":"2024-02-16T11:27:45+00:00","og_image":[{"url":"http:\/\/forraskut.hu\/wp-content\/uploads\/2018\/01\/etterem_2.jpg"}],"twitter_card":"summary_large_image","twitter_misc":{"Becs\u00fclt olvas\u00e1si id\u0151":"5 perc"},"schema":{"@context":"https:\/\/schema.org","@graph":[{"@type":"WebPage","@id":"https:\/\/forraskut.hu\/index.php\/borostyan-etterem-es-szallas\/","url":"https:\/\/forraskut.hu\/index.php\/borostyan-etterem-es-szallas\/","name":"Borosty\u00e1n \u00c9tterem \u00e9s sz\u00e1ll\u00e1s - forraskut.hu","isPartOf":{"@id":"https:\/\/forraskut.hu\/#website"},"primaryImageOfPage":{"@id":"https:\/\/forraskut.hu\/index.php\/borostyan-etterem-es-szallas\/#primaryimage"},"image":{"@id":"https:\/\/forraskut.hu\/index.php\/borostyan-etterem-es-szallas\/#primaryimage"},"thumbnailUrl":"http:\/\/forraskut.hu\/wp-content\/uploads\/2018\/01\/etterem_2.jpg","datePublished":"2017-11-07T15:13:01+00:00","dateModified":"2024-02-16T11:27:45+00:00","breadcrumb":{"@id":"https:\/\/forraskut.hu\/index.php\/borostyan-etterem-es-szallas\/#breadcrumb"},"inLanguage":"hu","potentialAction":[{"@type":"ReadAction","target":["https:\/\/forraskut.hu\/index.php\/borostyan-etterem-es-szallas\/"]}]},{"@type":"ImageObject","inLanguage":"hu","@id":"https:\/\/forraskut.hu\/index.php\/borostyan-etterem-es-szallas\/#primaryimage","url":"http:\/\/forraskut.hu\/wp-content\/uploads\/2018\/01\/etterem_2.jpg","contentUrl":"http:\/\/forraskut.hu\/wp-content\/uploads\/2018\/01\/etterem_2.jpg"},{"@type":"BreadcrumbList","@id":"https:\/\/forraskut.hu\/index.php\/borostyan-etterem-es-szallas\/#breadcrumb","itemListElement":[{"@type":"ListItem","position":1,"name":"Kezd\u0151lap","item":"https:\/\/forraskut.hu\/"},{"@type":"ListItem","position":2,"name":"Borosty\u00e1n \u00c9tterem \u00e9s sz\u00e1ll\u00e1s"}]},{"@type":"WebSite","@id":"https:\/\/forraskut.hu\/#website","url":"https:\/\/forraskut.hu\/","name":"forraskut.hu","description":"Forr\u00e1sk\u00fat k\u00f6zs\u00e9g hivatalos weboldala","potentialAction":[{"@type":"SearchAction","target":{"@type":"EntryPoint","urlTemplate":"https:\/\/forraskut.hu\/?s={search_term_string}"},"query-input":{"@type":"PropertyValueSpecification","valueRequired":true,"valueName":"search_term_string"}}],"inLanguage":"hu"}]}},"_links":{"self":[{"href":"https:\/\/forraskut.hu\/index.php\/wp-json\/wp\/v2\/pages\/83"}],"collection":[{"href":"https:\/\/forraskut.hu\/index.php\/wp-json\/wp\/v2\/pages"}],"about":[{"href":"https:\/\/forraskut.hu\/index.php\/wp-json\/wp\/v2\/types\/page"}],"author":[{"embeddable":true,"href":"https:\/\/forraskut.hu\/index.php\/wp-json\/wp\/v2\/users\/2"}],"replies":[{"embeddable":true,"href":"https:\/\/forraskut.hu\/index.php\/wp-json\/wp\/v2\/comments?post=83"}],"version-history":[{"count":5,"href":"https:\/\/forraskut.hu\/index.php\/wp-json\/wp\/v2\/pages\/83\/revisions"}],"predecessor-version":[{"id":2959,"href":"https:\/\/forraskut.hu\/index.php\/wp-json\/wp\/v2\/pages\/83\/revisions\/2959"}],"wp:attachment":[{"href":"https:\/\/forraskut.hu\/index.php\/wp-json\/wp\/v2\/media?parent=83"}],"curies":[{"name":"wp","href":"https:\/\/api.w.org\/{rel}","templated":true}]}}