{"id":801,"date":"2018-01-22T14:01:18","date_gmt":"2018-01-22T13:01:18","guid":{"rendered":"http:\/\/forraskut.hu\/?page_id=801"},"modified":"2018-03-06T13:29:07","modified_gmt":"2018-03-06T12:29:07","slug":"valasztas-2018","status":"publish","type":"page","link":"https:\/\/forraskut.hu\/index.php\/valasztas-2018\/","title":{"rendered":"V\u00e1laszt\u00e1s 2018"},"content":{"rendered":"<p class=\"last-modified\">Utolj\u00e1ra friss\u00edtve:&nbsp;  2018. m\u00e1rcius 6.<\/p><p><a href=\"http:\/\/forraskut.hu\/index.php\/valasztasi-nyomtatvanyok\/\">Let\u00f6lthet\u0151 V\u00e1laszt\u00e1si nyomtatv\u00e1nyok 2018.<\/a><\/p>\n<p><a href=\"http:\/\/forraskut.hu\/index.php\/a-helyi-valasztasi-iroda-vezetojenek-hatarozata\/\">A Helyi V\u00e1laszt\u00e1si Iroda vezet\u0151j\u00e9nek hat\u00e1rozata<\/a>.<\/p>\n<p><a href=\"http:\/\/forraskut.hu\/wp-content\/uploads\/2018\/03\/tajek_javitott_2018.pdf\" target=\"_blank\" rel=\"noopener\">V\u00e1laszt\u00e1si t\u00e1j\u00e9koztat\u00f3<\/a><\/p>\n","protected":false},"excerpt":{"rendered":"<p>Utolj\u00e1ra friss\u00edtve:&nbsp; 2018. m\u00e1rcius 6.Let\u00f6lthet\u0151 V\u00e1laszt\u00e1si nyomtatv\u00e1nyok 2018. A Helyi V\u00e1laszt\u00e1si Iroda vezet\u0151j\u00e9nek hat\u00e1rozata. V\u00e1laszt\u00e1si t\u00e1j\u00e9koztat\u00f3<\/p>\n","protected":false},"author":2,"featured_media":0,"parent":0,"menu_order":0,"comment_status":"closed","ping_status":"closed","template":"","meta":{"_exactmetrics_skip_tracking":false,"_exactmetrics_sitenote_active":false,"_exactmetrics_sitenote_note":"","_exactmetrics_sitenote_category":0,"footnotes":""},"yoast_head":"<!-- This site is optimized with the Yoast SEO plugin v23.4 - https:\/\/yoast.com\/wordpress\/plugins\/seo\/ -->\n<title>V\u00e1laszt\u00e1s 2018 - forraskut.hu<\/title>\n<meta name=\"robots\" content=\"index, follow, max-snippet:-1, max-image-preview:large, max-video-preview:-1\" \/>\n<link rel=\"canonical\" href=\"https:\/\/forraskut.hu\/index.php\/valasztas-2018\/\" \/>\n<meta property=\"og:locale\" content=\"hu_HU\" \/>\n<meta property=\"og:type\" content=\"article\" \/>\n<meta property=\"og:title\" content=\"V\u00e1laszt\u00e1s 2018 - forraskut.hu\" \/>\n<meta property=\"og:description\" content=\"Utolj\u00e1ra friss\u00edtve:&nbsp; 2018. m\u00e1rcius 6.Let\u00f6lthet\u0151 V\u00e1laszt\u00e1si nyomtatv\u00e1nyok 2018. A Helyi V\u00e1laszt\u00e1si Iroda vezet\u0151j\u00e9nek hat\u00e1rozata. V\u00e1laszt\u00e1si t\u00e1j\u00e9koztat\u00f3\" \/>\n<meta property=\"og:url\" content=\"https:\/\/forraskut.hu\/index.php\/valasztas-2018\/\" \/>\n<meta property=\"og:site_name\" content=\"forraskut.hu\" \/>\n<meta property=\"article:modified_time\" content=\"2018-03-06T12:29:07+00:00\" \/>\n<meta name=\"twitter:card\" content=\"summary_large_image\" \/>\n<script type=\"application\/ld+json\" class=\"yoast-schema-graph\">{\"@context\":\"https:\/\/schema.org\",\"@graph\":[{\"@type\":\"WebPage\",\"@id\":\"https:\/\/forraskut.hu\/index.php\/valasztas-2018\/\",\"url\":\"https:\/\/forraskut.hu\/index.php\/valasztas-2018\/\",\"name\":\"V\u00e1laszt\u00e1s 2018 - forraskut.hu\",\"isPartOf\":{\"@id\":\"https:\/\/forraskut.hu\/#website\"},\"datePublished\":\"2018-01-22T13:01:18+00:00\",\"dateModified\":\"2018-03-06T12:29:07+00:00\",\"breadcrumb\":{\"@id\":\"https:\/\/forraskut.hu\/index.php\/valasztas-2018\/#breadcrumb\"},\"inLanguage\":\"hu\",\"potentialAction\":[{\"@type\":\"ReadAction\",\"target\":[\"https:\/\/forraskut.hu\/index.php\/valasztas-2018\/\"]}]},{\"@type\":\"BreadcrumbList\",\"@id\":\"https:\/\/forraskut.hu\/index.php\/valasztas-2018\/#breadcrumb\",\"itemListElement\":[{\"@type\":\"ListItem\",\"position\":1,\"name\":\"Kezd\u0151lap\",\"item\":\"https:\/\/forraskut.hu\/\"},{\"@type\":\"ListItem\",\"position\":2,\"name\":\"V\u00e1laszt\u00e1s 2018\"}]},{\"@type\":\"WebSite\",\"@id\":\"https:\/\/forraskut.hu\/#website\",\"url\":\"https:\/\/forraskut.hu\/\",\"name\":\"forraskut.hu\",\"description\":\"Forr\u00e1sk\u00fat k\u00f6zs\u00e9g hivatalos weboldala\",\"potentialAction\":[{\"@type\":\"SearchAction\",\"target\":{\"@type\":\"EntryPoint\",\"urlTemplate\":\"https:\/\/forraskut.hu\/?s={search_term_string}\"},\"query-input\":{\"@type\":\"PropertyValueSpecification\",\"valueRequired\":true,\"valueName\":\"search_term_string\"}}],\"inLanguage\":\"hu\"}]}<\/script>\n<!-- \/ Yoast SEO plugin. -->","yoast_head_json":{"title":"V\u00e1laszt\u00e1s 2018 - forraskut.hu","robots":{"index":"index","follow":"follow","max-snippet":"max-snippet:-1","max-image-preview":"max-image-preview:large","max-video-preview":"max-video-preview:-1"},"canonical":"https:\/\/forraskut.hu\/index.php\/valasztas-2018\/","og_locale":"hu_HU","og_type":"article","og_title":"V\u00e1laszt\u00e1s 2018 - forraskut.hu","og_description":"Utolj\u00e1ra friss\u00edtve:&nbsp; 2018. m\u00e1rcius 6.Let\u00f6lthet\u0151 V\u00e1laszt\u00e1si nyomtatv\u00e1nyok 2018. A Helyi V\u00e1laszt\u00e1si Iroda vezet\u0151j\u00e9nek hat\u00e1rozata. V\u00e1laszt\u00e1si t\u00e1j\u00e9koztat\u00f3","og_url":"https:\/\/forraskut.hu\/index.php\/valasztas-2018\/","og_site_name":"forraskut.hu","article_modified_time":"2018-03-06T12:29:07+00:00","twitter_card":"summary_large_image","schema":{"@context":"https:\/\/schema.org","@graph":[{"@type":"WebPage","@id":"https:\/\/forraskut.hu\/index.php\/valasztas-2018\/","url":"https:\/\/forraskut.hu\/index.php\/valasztas-2018\/","name":"V\u00e1laszt\u00e1s 2018 - forraskut.hu","isPartOf":{"@id":"https:\/\/forraskut.hu\/#website"},"datePublished":"2018-01-22T13:01:18+00:00","dateModified":"2018-03-06T12:29:07+00:00","breadcrumb":{"@id":"https:\/\/forraskut.hu\/index.php\/valasztas-2018\/#breadcrumb"},"inLanguage":"hu","potentialAction":[{"@type":"ReadAction","target":["https:\/\/forraskut.hu\/index.php\/valasztas-2018\/"]}]},{"@type":"BreadcrumbList","@id":"https:\/\/forraskut.hu\/index.php\/valasztas-2018\/#breadcrumb","itemListElement":[{"@type":"ListItem","position":1,"name":"Kezd\u0151lap","item":"https:\/\/forraskut.hu\/"},{"@type":"ListItem","position":2,"name":"V\u00e1laszt\u00e1s 2018"}]},{"@type":"WebSite","@id":"https:\/\/forraskut.hu\/#website","url":"https:\/\/forraskut.hu\/","name":"forraskut.hu","description":"Forr\u00e1sk\u00fat k\u00f6zs\u00e9g hivatalos weboldala","potentialAction":[{"@type":"SearchAction","target":{"@type":"EntryPoint","urlTemplate":"https:\/\/forraskut.hu\/?s={search_term_string}"},"query-input":{"@type":"PropertyValueSpecification","valueRequired":true,"valueName":"search_term_string"}}],"inLanguage":"hu"}]}},"_links":{"self":[{"href":"https:\/\/forraskut.hu\/index.php\/wp-json\/wp\/v2\/pages\/801"}],"collection":[{"href":"https:\/\/forraskut.hu\/index.php\/wp-json\/wp\/v2\/pages"}],"about":[{"href":"https:\/\/forraskut.hu\/index.php\/wp-json\/wp\/v2\/types\/page"}],"author":[{"embeddable":true,"href":"https:\/\/forraskut.hu\/index.php\/wp-json\/wp\/v2\/users\/2"}],"replies":[{"embeddable":true,"href":"https:\/\/forraskut.hu\/index.php\/wp-json\/wp\/v2\/comments?post=801"}],"version-history":[{"count":0,"href":"https:\/\/forraskut.hu\/index.php\/wp-json\/wp\/v2\/pages\/801\/revisions"}],"wp:attachment":[{"href":"https:\/\/forraskut.hu\/index.php\/wp-json\/wp\/v2\/media?parent=801"}],"curies":[{"name":"wp","href":"https:\/\/api.w.org\/{rel}","templated":true}]}}