{"id":779,"date":"2018-01-22T13:22:36","date_gmt":"2018-01-22T12:22:36","guid":{"rendered":"http:\/\/forraskut.hu\/?page_id=779"},"modified":"2025-12-10T11:35:36","modified_gmt":"2025-12-10T10:35:36","slug":"gyermekorvos","status":"publish","type":"page","link":"https:\/\/forraskut.hu\/index.php\/gyermekorvos\/","title":{"rendered":"Gyermekorvos"},"content":{"rendered":"<p class=\"last-modified\">Utolj\u00e1ra friss\u00edtve:&nbsp;  2025. december 10.<\/p><p>Gyermekorvos : Dr. Vereska \u00c1gnes<\/p>\n<p>Rendel\u0151: Forr\u00e1sk\u00fat, J\u00f3zsef A. utca 38\/C.<\/p>\n<p>Telefon: <a href=\"tel:+3662287066\"> 62\/287-066<\/a><\/p>\n<p>GPS: <a href=\"https:\/\/www.google.hu\/maps\/place\/46%C2%B021'56.7%22N+19%C2%B054'43.3%22E\/@46.3657456,19.9110848,306m\/data=!3m2!1e3!4b1!4m14!1m7!3m6!1s0x47438105e9ca9741:0x447d6bd763f978fb!2zRm9ycsOhc2vDunQsIErDs3pzZWYgQXR0aWxhIHUuIDM4LCA2Nzkz!3b1!8m2!3d46.365398!4d19.912657!3m5!1s0x0:0x0!7e2!8m2!3d46.3657442!4d19.9120329?hl=hu\" target=\"_blank\" rel=\"noopener\">46.365744, 19.912033<\/a><\/p>\n<p>MSZSZ tan\u00e1csad\u00e1s Kedd 8:30-11:30-ig \u00e9s Szerda 8:30-11:30-ig<\/p>\n<p>&nbsp;<\/p>\n","protected":false},"excerpt":{"rendered":"<p>Utolj\u00e1ra friss\u00edtve:&nbsp; 2025. december 10.Gyermekorvos : Dr. Vereska \u00c1gnes Rendel\u0151: Forr\u00e1sk\u00fat, J\u00f3zsef A. utca 38\/C. Telefon: 62\/287-066 GPS: 46.365744, 19.912033 MSZSZ tan\u00e1csad\u00e1s Kedd 8:30-11:30-ig \u00e9s Szerda 8:30-11:30-ig &nbsp;<\/p>\n","protected":false},"author":2,"featured_media":0,"parent":0,"menu_order":0,"comment_status":"closed","ping_status":"closed","template":"","meta":{"_exactmetrics_skip_tracking":false,"_exactmetrics_sitenote_active":false,"_exactmetrics_sitenote_note":"","_exactmetrics_sitenote_category":0,"footnotes":""},"yoast_head":"<!-- This site is optimized with the Yoast SEO plugin v23.4 - https:\/\/yoast.com\/wordpress\/plugins\/seo\/ -->\n<title>Gyermekorvos - forraskut.hu<\/title>\n<meta name=\"robots\" content=\"index, follow, max-snippet:-1, max-image-preview:large, max-video-preview:-1\" \/>\n<link rel=\"canonical\" href=\"https:\/\/forraskut.hu\/index.php\/gyermekorvos\/\" \/>\n<meta property=\"og:locale\" content=\"hu_HU\" \/>\n<meta property=\"og:type\" content=\"article\" \/>\n<meta property=\"og:title\" content=\"Gyermekorvos - forraskut.hu\" \/>\n<meta property=\"og:description\" content=\"Utolj\u00e1ra friss\u00edtve:&nbsp; 2025. december 10.Gyermekorvos : Dr. Vereska \u00c1gnes Rendel\u0151: Forr\u00e1sk\u00fat, J\u00f3zsef A. utca 38\/C. Telefon: 62\/287-066 GPS: 46.365744, 19.912033 MSZSZ tan\u00e1csad\u00e1s Kedd 8:30-11:30-ig \u00e9s Szerda 8:30-11:30-ig &nbsp;\" \/>\n<meta property=\"og:url\" content=\"https:\/\/forraskut.hu\/index.php\/gyermekorvos\/\" \/>\n<meta property=\"og:site_name\" content=\"forraskut.hu\" \/>\n<meta property=\"article:modified_time\" content=\"2025-12-10T10:35:36+00:00\" \/>\n<meta name=\"twitter:card\" content=\"summary_large_image\" \/>\n<meta name=\"twitter:label1\" content=\"Becs\u00fclt olvas\u00e1si id\u0151\" \/>\n\t<meta name=\"twitter:data1\" content=\"1 perc\" \/>\n<script type=\"application\/ld+json\" class=\"yoast-schema-graph\">{\"@context\":\"https:\/\/schema.org\",\"@graph\":[{\"@type\":\"WebPage\",\"@id\":\"https:\/\/forraskut.hu\/index.php\/gyermekorvos\/\",\"url\":\"https:\/\/forraskut.hu\/index.php\/gyermekorvos\/\",\"name\":\"Gyermekorvos - forraskut.hu\",\"isPartOf\":{\"@id\":\"https:\/\/forraskut.hu\/#website\"},\"datePublished\":\"2018-01-22T12:22:36+00:00\",\"dateModified\":\"2025-12-10T10:35:36+00:00\",\"breadcrumb\":{\"@id\":\"https:\/\/forraskut.hu\/index.php\/gyermekorvos\/#breadcrumb\"},\"inLanguage\":\"hu\",\"potentialAction\":[{\"@type\":\"ReadAction\",\"target\":[\"https:\/\/forraskut.hu\/index.php\/gyermekorvos\/\"]}]},{\"@type\":\"BreadcrumbList\",\"@id\":\"https:\/\/forraskut.hu\/index.php\/gyermekorvos\/#breadcrumb\",\"itemListElement\":[{\"@type\":\"ListItem\",\"position\":1,\"name\":\"Kezd\u0151lap\",\"item\":\"https:\/\/forraskut.hu\/\"},{\"@type\":\"ListItem\",\"position\":2,\"name\":\"Gyermekorvos\"}]},{\"@type\":\"WebSite\",\"@id\":\"https:\/\/forraskut.hu\/#website\",\"url\":\"https:\/\/forraskut.hu\/\",\"name\":\"forraskut.hu\",\"description\":\"Forr\u00e1sk\u00fat k\u00f6zs\u00e9g hivatalos weboldala\",\"potentialAction\":[{\"@type\":\"SearchAction\",\"target\":{\"@type\":\"EntryPoint\",\"urlTemplate\":\"https:\/\/forraskut.hu\/?s={search_term_string}\"},\"query-input\":{\"@type\":\"PropertyValueSpecification\",\"valueRequired\":true,\"valueName\":\"search_term_string\"}}],\"inLanguage\":\"hu\"}]}<\/script>\n<!-- \/ Yoast SEO plugin. -->","yoast_head_json":{"title":"Gyermekorvos - forraskut.hu","robots":{"index":"index","follow":"follow","max-snippet":"max-snippet:-1","max-image-preview":"max-image-preview:large","max-video-preview":"max-video-preview:-1"},"canonical":"https:\/\/forraskut.hu\/index.php\/gyermekorvos\/","og_locale":"hu_HU","og_type":"article","og_title":"Gyermekorvos - forraskut.hu","og_description":"Utolj\u00e1ra friss\u00edtve:&nbsp; 2025. december 10.Gyermekorvos : Dr. Vereska \u00c1gnes Rendel\u0151: Forr\u00e1sk\u00fat, J\u00f3zsef A. utca 38\/C. Telefon: 62\/287-066 GPS: 46.365744, 19.912033 MSZSZ tan\u00e1csad\u00e1s Kedd 8:30-11:30-ig \u00e9s Szerda 8:30-11:30-ig &nbsp;","og_url":"https:\/\/forraskut.hu\/index.php\/gyermekorvos\/","og_site_name":"forraskut.hu","article_modified_time":"2025-12-10T10:35:36+00:00","twitter_card":"summary_large_image","twitter_misc":{"Becs\u00fclt olvas\u00e1si id\u0151":"1 perc"},"schema":{"@context":"https:\/\/schema.org","@graph":[{"@type":"WebPage","@id":"https:\/\/forraskut.hu\/index.php\/gyermekorvos\/","url":"https:\/\/forraskut.hu\/index.php\/gyermekorvos\/","name":"Gyermekorvos - forraskut.hu","isPartOf":{"@id":"https:\/\/forraskut.hu\/#website"},"datePublished":"2018-01-22T12:22:36+00:00","dateModified":"2025-12-10T10:35:36+00:00","breadcrumb":{"@id":"https:\/\/forraskut.hu\/index.php\/gyermekorvos\/#breadcrumb"},"inLanguage":"hu","potentialAction":[{"@type":"ReadAction","target":["https:\/\/forraskut.hu\/index.php\/gyermekorvos\/"]}]},{"@type":"BreadcrumbList","@id":"https:\/\/forraskut.hu\/index.php\/gyermekorvos\/#breadcrumb","itemListElement":[{"@type":"ListItem","position":1,"name":"Kezd\u0151lap","item":"https:\/\/forraskut.hu\/"},{"@type":"ListItem","position":2,"name":"Gyermekorvos"}]},{"@type":"WebSite","@id":"https:\/\/forraskut.hu\/#website","url":"https:\/\/forraskut.hu\/","name":"forraskut.hu","description":"Forr\u00e1sk\u00fat k\u00f6zs\u00e9g hivatalos weboldala","potentialAction":[{"@type":"SearchAction","target":{"@type":"EntryPoint","urlTemplate":"https:\/\/forraskut.hu\/?s={search_term_string}"},"query-input":{"@type":"PropertyValueSpecification","valueRequired":true,"valueName":"search_term_string"}}],"inLanguage":"hu"}]}},"_links":{"self":[{"href":"https:\/\/forraskut.hu\/index.php\/wp-json\/wp\/v2\/pages\/779"}],"collection":[{"href":"https:\/\/forraskut.hu\/index.php\/wp-json\/wp\/v2\/pages"}],"about":[{"href":"https:\/\/forraskut.hu\/index.php\/wp-json\/wp\/v2\/types\/page"}],"author":[{"embeddable":true,"href":"https:\/\/forraskut.hu\/index.php\/wp-json\/wp\/v2\/users\/2"}],"replies":[{"embeddable":true,"href":"https:\/\/forraskut.hu\/index.php\/wp-json\/wp\/v2\/comments?post=779"}],"version-history":[{"count":3,"href":"https:\/\/forraskut.hu\/index.php\/wp-json\/wp\/v2\/pages\/779\/revisions"}],"predecessor-version":[{"id":3767,"href":"https:\/\/forraskut.hu\/index.php\/wp-json\/wp\/v2\/pages\/779\/revisions\/3767"}],"wp:attachment":[{"href":"https:\/\/forraskut.hu\/index.php\/wp-json\/wp\/v2\/media?parent=779"}],"curies":[{"name":"wp","href":"https:\/\/api.w.org\/{rel}","templated":true}]}}