{"id":773,"date":"2018-01-22T13:11:27","date_gmt":"2018-01-22T12:11:27","guid":{"rendered":"http:\/\/forraskut.hu\/?page_id=773"},"modified":"2025-12-05T11:01:48","modified_gmt":"2025-12-05T10:01:48","slug":"fogaszat","status":"publish","type":"page","link":"https:\/\/forraskut.hu\/index.php\/fogaszat\/","title":{"rendered":"Fog\u00e1szat"},"content":{"rendered":"<p class=\"last-modified\">Utolj\u00e1ra friss\u00edtve:&nbsp;  2025. december 5.<\/p><p>Fogorvos: Dr. Fodor Lilla<br \/>\nHelyettes\u00edt\u0151 fogorvos: Dr. T\u00f3th M\u00e1t\u00e9<\/p>\n<p>Rendel\u00e9si id\u0151:<br \/>\nKedd: 7:30-17:30<br \/>\nCs\u00fct\u00f6rt\u00f6k: 7:30-17:30<\/p>\n<p>Rendel\u0151: Forr\u00e1sk\u00fat, J\u00f3zsef A. utca 38\/C.<\/p>\n<p>Telefon:<a href=\"tel:+3662287112\"> 62\/287-112<\/a><\/p>\n<p>GPS: <a href=\"https:\/\/www.google.hu\/maps\/place\/46%C2%B021'56.7%22N+19%C2%B054'43.3%22E\/@46.3657456,19.9110848,306m\/data=!3m2!1e3!4b1!4m14!1m7!3m6!1s0x47438105e9ca9741:0x447d6bd763f978fb!2zRm9ycsOhc2vDunQsIErDs3pzZWYgQXR0aWxhIHUuIDM4LCA2Nzkz!3b1!8m2!3d46.365398!4d19.912657!3m5!1s0x0:0x0!7e2!8m2!3d46.3657442!4d19.9120329?hl=hu\" target=\"_blank\" rel=\"noopener\">46.365744,\u00a0 19.912033<\/a><\/p>\n<p>Sz\u00e1jhigi\u00e9n\u00e9s tan\u00e1csad\u00e1s,ell\u00e1t\u00e1s minden kedden (pl:terheseknek) 8:30-10:30-k\u00f6z\u00f6tt. Tapodi \u00c1gnes klinikai fog\u00e1szati higi\u00e9nikus.<\/p>\n<p>&nbsp;<\/p>\n","protected":false},"excerpt":{"rendered":"<p>Utolj\u00e1ra friss\u00edtve:&nbsp; 2025. december 5.Fogorvos: Dr. Fodor Lilla Helyettes\u00edt\u0151 fogorvos: Dr. T\u00f3th M\u00e1t\u00e9 Rendel\u00e9si id\u0151: Kedd: 7:30-17:30 Cs\u00fct\u00f6rt\u00f6k: 7:30-17:30 Rendel\u0151: Forr\u00e1sk\u00fat, J\u00f3zsef A. utca 38\/C. Telefon: 62\/287-112 GPS: 46.365744,\u00a0 19.912033 Sz\u00e1jhigi\u00e9n\u00e9s tan\u00e1csad\u00e1s,ell\u00e1t\u00e1s minden kedden (pl:terheseknek) 8:30-10:30-k\u00f6z\u00f6tt. Tapodi \u00c1gnes klinikai fog\u00e1szati higi\u00e9nikus. &nbsp;<\/p>\n","protected":false},"author":2,"featured_media":0,"parent":0,"menu_order":0,"comment_status":"closed","ping_status":"closed","template":"","meta":{"_exactmetrics_skip_tracking":false,"_exactmetrics_sitenote_active":false,"_exactmetrics_sitenote_note":"","_exactmetrics_sitenote_category":0,"footnotes":""},"yoast_head":"<!-- This site is optimized with the Yoast SEO plugin v23.4 - https:\/\/yoast.com\/wordpress\/plugins\/seo\/ -->\n<title>Fog\u00e1szat - forraskut.hu<\/title>\n<meta name=\"robots\" content=\"index, follow, max-snippet:-1, max-image-preview:large, max-video-preview:-1\" \/>\n<link rel=\"canonical\" href=\"https:\/\/forraskut.hu\/index.php\/fogaszat\/\" \/>\n<meta property=\"og:locale\" content=\"hu_HU\" \/>\n<meta property=\"og:type\" content=\"article\" \/>\n<meta property=\"og:title\" content=\"Fog\u00e1szat - forraskut.hu\" \/>\n<meta property=\"og:description\" content=\"Utolj\u00e1ra friss\u00edtve:&nbsp; 2025. december 5.Fogorvos: Dr. Fodor Lilla Helyettes\u00edt\u0151 fogorvos: Dr. T\u00f3th M\u00e1t\u00e9 Rendel\u00e9si id\u0151: Kedd: 7:30-17:30 Cs\u00fct\u00f6rt\u00f6k: 7:30-17:30 Rendel\u0151: Forr\u00e1sk\u00fat, J\u00f3zsef A. utca 38\/C. Telefon: 62\/287-112 GPS: 46.365744,\u00a0 19.912033 Sz\u00e1jhigi\u00e9n\u00e9s tan\u00e1csad\u00e1s,ell\u00e1t\u00e1s minden kedden (pl:terheseknek) 8:30-10:30-k\u00f6z\u00f6tt. Tapodi \u00c1gnes klinikai fog\u00e1szati higi\u00e9nikus. &nbsp;\" \/>\n<meta property=\"og:url\" content=\"https:\/\/forraskut.hu\/index.php\/fogaszat\/\" \/>\n<meta property=\"og:site_name\" content=\"forraskut.hu\" \/>\n<meta property=\"article:modified_time\" content=\"2025-12-05T10:01:48+00:00\" \/>\n<meta name=\"twitter:card\" content=\"summary_large_image\" \/>\n<meta name=\"twitter:label1\" content=\"Becs\u00fclt olvas\u00e1si id\u0151\" \/>\n\t<meta name=\"twitter:data1\" content=\"1 perc\" \/>\n<script type=\"application\/ld+json\" class=\"yoast-schema-graph\">{\"@context\":\"https:\/\/schema.org\",\"@graph\":[{\"@type\":\"WebPage\",\"@id\":\"https:\/\/forraskut.hu\/index.php\/fogaszat\/\",\"url\":\"https:\/\/forraskut.hu\/index.php\/fogaszat\/\",\"name\":\"Fog\u00e1szat - forraskut.hu\",\"isPartOf\":{\"@id\":\"https:\/\/forraskut.hu\/#website\"},\"datePublished\":\"2018-01-22T12:11:27+00:00\",\"dateModified\":\"2025-12-05T10:01:48+00:00\",\"breadcrumb\":{\"@id\":\"https:\/\/forraskut.hu\/index.php\/fogaszat\/#breadcrumb\"},\"inLanguage\":\"hu\",\"potentialAction\":[{\"@type\":\"ReadAction\",\"target\":[\"https:\/\/forraskut.hu\/index.php\/fogaszat\/\"]}]},{\"@type\":\"BreadcrumbList\",\"@id\":\"https:\/\/forraskut.hu\/index.php\/fogaszat\/#breadcrumb\",\"itemListElement\":[{\"@type\":\"ListItem\",\"position\":1,\"name\":\"Kezd\u0151lap\",\"item\":\"https:\/\/forraskut.hu\/\"},{\"@type\":\"ListItem\",\"position\":2,\"name\":\"Fog\u00e1szat\"}]},{\"@type\":\"WebSite\",\"@id\":\"https:\/\/forraskut.hu\/#website\",\"url\":\"https:\/\/forraskut.hu\/\",\"name\":\"forraskut.hu\",\"description\":\"Forr\u00e1sk\u00fat k\u00f6zs\u00e9g hivatalos weboldala\",\"potentialAction\":[{\"@type\":\"SearchAction\",\"target\":{\"@type\":\"EntryPoint\",\"urlTemplate\":\"https:\/\/forraskut.hu\/?s={search_term_string}\"},\"query-input\":{\"@type\":\"PropertyValueSpecification\",\"valueRequired\":true,\"valueName\":\"search_term_string\"}}],\"inLanguage\":\"hu\"}]}<\/script>\n<!-- \/ Yoast SEO plugin. -->","yoast_head_json":{"title":"Fog\u00e1szat - forraskut.hu","robots":{"index":"index","follow":"follow","max-snippet":"max-snippet:-1","max-image-preview":"max-image-preview:large","max-video-preview":"max-video-preview:-1"},"canonical":"https:\/\/forraskut.hu\/index.php\/fogaszat\/","og_locale":"hu_HU","og_type":"article","og_title":"Fog\u00e1szat - forraskut.hu","og_description":"Utolj\u00e1ra friss\u00edtve:&nbsp; 2025. december 5.Fogorvos: Dr. Fodor Lilla Helyettes\u00edt\u0151 fogorvos: Dr. T\u00f3th M\u00e1t\u00e9 Rendel\u00e9si id\u0151: Kedd: 7:30-17:30 Cs\u00fct\u00f6rt\u00f6k: 7:30-17:30 Rendel\u0151: Forr\u00e1sk\u00fat, J\u00f3zsef A. utca 38\/C. Telefon: 62\/287-112 GPS: 46.365744,\u00a0 19.912033 Sz\u00e1jhigi\u00e9n\u00e9s tan\u00e1csad\u00e1s,ell\u00e1t\u00e1s minden kedden (pl:terheseknek) 8:30-10:30-k\u00f6z\u00f6tt. Tapodi \u00c1gnes klinikai fog\u00e1szati higi\u00e9nikus. &nbsp;","og_url":"https:\/\/forraskut.hu\/index.php\/fogaszat\/","og_site_name":"forraskut.hu","article_modified_time":"2025-12-05T10:01:48+00:00","twitter_card":"summary_large_image","twitter_misc":{"Becs\u00fclt olvas\u00e1si id\u0151":"1 perc"},"schema":{"@context":"https:\/\/schema.org","@graph":[{"@type":"WebPage","@id":"https:\/\/forraskut.hu\/index.php\/fogaszat\/","url":"https:\/\/forraskut.hu\/index.php\/fogaszat\/","name":"Fog\u00e1szat - forraskut.hu","isPartOf":{"@id":"https:\/\/forraskut.hu\/#website"},"datePublished":"2018-01-22T12:11:27+00:00","dateModified":"2025-12-05T10:01:48+00:00","breadcrumb":{"@id":"https:\/\/forraskut.hu\/index.php\/fogaszat\/#breadcrumb"},"inLanguage":"hu","potentialAction":[{"@type":"ReadAction","target":["https:\/\/forraskut.hu\/index.php\/fogaszat\/"]}]},{"@type":"BreadcrumbList","@id":"https:\/\/forraskut.hu\/index.php\/fogaszat\/#breadcrumb","itemListElement":[{"@type":"ListItem","position":1,"name":"Kezd\u0151lap","item":"https:\/\/forraskut.hu\/"},{"@type":"ListItem","position":2,"name":"Fog\u00e1szat"}]},{"@type":"WebSite","@id":"https:\/\/forraskut.hu\/#website","url":"https:\/\/forraskut.hu\/","name":"forraskut.hu","description":"Forr\u00e1sk\u00fat k\u00f6zs\u00e9g hivatalos weboldala","potentialAction":[{"@type":"SearchAction","target":{"@type":"EntryPoint","urlTemplate":"https:\/\/forraskut.hu\/?s={search_term_string}"},"query-input":{"@type":"PropertyValueSpecification","valueRequired":true,"valueName":"search_term_string"}}],"inLanguage":"hu"}]}},"_links":{"self":[{"href":"https:\/\/forraskut.hu\/index.php\/wp-json\/wp\/v2\/pages\/773"}],"collection":[{"href":"https:\/\/forraskut.hu\/index.php\/wp-json\/wp\/v2\/pages"}],"about":[{"href":"https:\/\/forraskut.hu\/index.php\/wp-json\/wp\/v2\/types\/page"}],"author":[{"embeddable":true,"href":"https:\/\/forraskut.hu\/index.php\/wp-json\/wp\/v2\/users\/2"}],"replies":[{"embeddable":true,"href":"https:\/\/forraskut.hu\/index.php\/wp-json\/wp\/v2\/comments?post=773"}],"version-history":[{"count":4,"href":"https:\/\/forraskut.hu\/index.php\/wp-json\/wp\/v2\/pages\/773\/revisions"}],"predecessor-version":[{"id":3763,"href":"https:\/\/forraskut.hu\/index.php\/wp-json\/wp\/v2\/pages\/773\/revisions\/3763"}],"wp:attachment":[{"href":"https:\/\/forraskut.hu\/index.php\/wp-json\/wp\/v2\/media?parent=773"}],"curies":[{"name":"wp","href":"https:\/\/api.w.org\/{rel}","templated":true}]}}