{"id":763,"date":"2018-01-22T11:58:19","date_gmt":"2018-01-22T10:58:19","guid":{"rendered":"http:\/\/forraskut.hu\/?page_id=763"},"modified":"2025-12-05T09:12:24","modified_gmt":"2025-12-05T08:12:24","slug":"hulladekgazdalkodas","status":"publish","type":"page","link":"https:\/\/forraskut.hu\/index.php\/hulladekgazdalkodas\/","title":{"rendered":"Hullad\u00e9kgazd\u00e1lkod\u00e1s"},"content":{"rendered":"<p class=\"last-modified\">Utolj\u00e1ra friss\u00edtve:&nbsp;  2025. december 5.<\/p><h1>Duna-Tisza k\u00f6zi Hullad\u00e9kgazd\u00e1lkod\u00e1si Nonprofit Kft.\u00a0 (DTkH)<\/h1>\n<p>web: https:\/\/dtkh.hu\/<\/p>\n<p>\u00dcgyf\u00e9lszolg\u00e1lat: 6793 Forr\u00e1sk\u00fat, Boross J\u00f3zsef utca. 5. (Boross Iskola)<\/p>\n<p>Nyitva tart\u00e1s: kedd: 9:00 &#8211; 12:00 \u00e9s 12:30 &#8211; 16:00,<br \/>\na h\u00f3nap utols\u00f3 keddj\u00e9n 9:00 &#8211; 12:00 \u00e9s 12:30 &#8211; 13:30<\/p>\n<p>E-mail: ugyfelkapcsolat@dtkh.hu<\/p>\n<p>Tel.: +36 1 776 7777<\/p>\n<p>Fax: +36 79 572\u00a0052<\/p>\n<p>Egy\u00e9b \u00fcgyf\u00e9lszolg\u00e1latok el\u00e9rhet\u0151s\u00e9gei: <a href=\"https:\/\/dtkh.hu\/ugyfelszolgalatok-elerhetosege\">https:\/\/dtkh.hu\/ugyfelszolgalatok-elerhetosege<\/a><\/p>\n<p><strong>Hullad\u00e9kgy\u0171jt\u00e9si napok:<\/strong><\/p>\n<p>Vegyes hullad\u00e9kgy\u0171jt\u00e9si nap belter\u00fclet: SZERDA<\/p>\n<p>Vegyes hullad\u00e9kgy\u0171jt\u00e9si nap k\u00fclter\u00fclet: MINDEN H\u00d3 UTOLS\u00d3 SZERDA<\/p>\n<p>A hullad\u00e9kokat a sz\u00e1ll\u00edt\u00e1s napj\u00e1n reggel 6 \u00f3r\u00e1ig kell az ingatlanok el\u00e9 kihelyezni \u00fagy, hogy az se a gyalogos, se a j\u00e1rm\u0171 forgalmat ne akad\u00e1lyozza.<\/p>\n<p>Forr\u00e1sk\u00fatra vonatkoz\u00f3 tov\u00e1bbi inform\u00e1ci\u00f3k a: <a href=\"https:\/\/dtkh.hu\/telepules\">https:\/\/dtkh.hu\/telepules<\/a> linken \u00e9rhet\u0151ek el a telep\u00fcl\u00e9s kiv\u00e1laszt\u00e1s\u00e1t k\u00f6vet\u0151en.<\/p>\n<p>&nbsp;<\/p>\n<h3><\/h3>\n<p>&nbsp;<\/p>\n<p>&nbsp;<\/p>\n<p>&nbsp;<\/p>\n<p>&nbsp;<\/p>\n<h3><strong>\u00a0<\/strong><\/h3>\n","protected":false},"excerpt":{"rendered":"<p>Utolj\u00e1ra friss\u00edtve:&nbsp; 2025. december 5.Duna-Tisza k\u00f6zi Hullad\u00e9kgazd\u00e1lkod\u00e1si Nonprofit Kft.\u00a0 (DTkH) web: https:\/\/dtkh.hu\/ \u00dcgyf\u00e9lszolg\u00e1lat: 6793 Forr\u00e1sk\u00fat, Boross J\u00f3zsef utca. 5. (Boross Iskola) Nyitva tart\u00e1s: kedd: 9:00 &#8211; 12:00 \u00e9s 12:30 &#8211; 16:00, a h\u00f3nap utols\u00f3 keddj\u00e9n 9:00 &#8211; 12:00 \u00e9s 12:30 &#8211; 13:30 E-mail: ugyfelkapcsolat@dtkh.hu Tel.: +36 1 776 7777 Fax: +36 79 572\u00a0052 Egy\u00e9b \u00fcgyf\u00e9lszolg\u00e1latok [&hellip;]<\/p>\n","protected":false},"author":2,"featured_media":0,"parent":0,"menu_order":0,"comment_status":"closed","ping_status":"closed","template":"","meta":{"_exactmetrics_skip_tracking":false,"_exactmetrics_sitenote_active":false,"_exactmetrics_sitenote_note":"","_exactmetrics_sitenote_category":0,"footnotes":""},"yoast_head":"<!-- This site is optimized with the Yoast SEO plugin v23.4 - https:\/\/yoast.com\/wordpress\/plugins\/seo\/ -->\n<title>Hullad\u00e9kgazd\u00e1lkod\u00e1s - forraskut.hu<\/title>\n<meta name=\"robots\" content=\"index, follow, max-snippet:-1, max-image-preview:large, max-video-preview:-1\" \/>\n<link rel=\"canonical\" href=\"https:\/\/forraskut.hu\/index.php\/hulladekgazdalkodas\/\" \/>\n<meta property=\"og:locale\" content=\"hu_HU\" \/>\n<meta property=\"og:type\" content=\"article\" \/>\n<meta property=\"og:title\" content=\"Hullad\u00e9kgazd\u00e1lkod\u00e1s - forraskut.hu\" \/>\n<meta property=\"og:description\" content=\"Utolj\u00e1ra friss\u00edtve:&nbsp; 2025. december 5.Duna-Tisza k\u00f6zi Hullad\u00e9kgazd\u00e1lkod\u00e1si Nonprofit Kft.\u00a0 (DTkH) web: https:\/\/dtkh.hu\/ \u00dcgyf\u00e9lszolg\u00e1lat: 6793 Forr\u00e1sk\u00fat, Boross J\u00f3zsef utca. 5. (Boross Iskola) Nyitva tart\u00e1s: kedd: 9:00 &#8211; 12:00 \u00e9s 12:30 &#8211; 16:00, a h\u00f3nap utols\u00f3 keddj\u00e9n 9:00 &#8211; 12:00 \u00e9s 12:30 &#8211; 13:30 E-mail: ugyfelkapcsolat@dtkh.hu Tel.: +36 1 776 7777 Fax: +36 79 572\u00a0052 Egy\u00e9b \u00fcgyf\u00e9lszolg\u00e1latok [&hellip;]\" \/>\n<meta property=\"og:url\" content=\"https:\/\/forraskut.hu\/index.php\/hulladekgazdalkodas\/\" \/>\n<meta property=\"og:site_name\" content=\"forraskut.hu\" \/>\n<meta property=\"article:modified_time\" content=\"2025-12-05T08:12:24+00:00\" \/>\n<meta name=\"twitter:card\" content=\"summary_large_image\" \/>\n<meta name=\"twitter:label1\" content=\"Becs\u00fclt olvas\u00e1si id\u0151\" \/>\n\t<meta name=\"twitter:data1\" content=\"1 perc\" \/>\n<script type=\"application\/ld+json\" class=\"yoast-schema-graph\">{\"@context\":\"https:\/\/schema.org\",\"@graph\":[{\"@type\":\"WebPage\",\"@id\":\"https:\/\/forraskut.hu\/index.php\/hulladekgazdalkodas\/\",\"url\":\"https:\/\/forraskut.hu\/index.php\/hulladekgazdalkodas\/\",\"name\":\"Hullad\u00e9kgazd\u00e1lkod\u00e1s - forraskut.hu\",\"isPartOf\":{\"@id\":\"https:\/\/forraskut.hu\/#website\"},\"datePublished\":\"2018-01-22T10:58:19+00:00\",\"dateModified\":\"2025-12-05T08:12:24+00:00\",\"breadcrumb\":{\"@id\":\"https:\/\/forraskut.hu\/index.php\/hulladekgazdalkodas\/#breadcrumb\"},\"inLanguage\":\"hu\",\"potentialAction\":[{\"@type\":\"ReadAction\",\"target\":[\"https:\/\/forraskut.hu\/index.php\/hulladekgazdalkodas\/\"]}]},{\"@type\":\"BreadcrumbList\",\"@id\":\"https:\/\/forraskut.hu\/index.php\/hulladekgazdalkodas\/#breadcrumb\",\"itemListElement\":[{\"@type\":\"ListItem\",\"position\":1,\"name\":\"Kezd\u0151lap\",\"item\":\"https:\/\/forraskut.hu\/\"},{\"@type\":\"ListItem\",\"position\":2,\"name\":\"Hullad\u00e9kgazd\u00e1lkod\u00e1s\"}]},{\"@type\":\"WebSite\",\"@id\":\"https:\/\/forraskut.hu\/#website\",\"url\":\"https:\/\/forraskut.hu\/\",\"name\":\"forraskut.hu\",\"description\":\"Forr\u00e1sk\u00fat k\u00f6zs\u00e9g hivatalos weboldala\",\"potentialAction\":[{\"@type\":\"SearchAction\",\"target\":{\"@type\":\"EntryPoint\",\"urlTemplate\":\"https:\/\/forraskut.hu\/?s={search_term_string}\"},\"query-input\":{\"@type\":\"PropertyValueSpecification\",\"valueRequired\":true,\"valueName\":\"search_term_string\"}}],\"inLanguage\":\"hu\"}]}<\/script>\n<!-- \/ Yoast SEO plugin. -->","yoast_head_json":{"title":"Hullad\u00e9kgazd\u00e1lkod\u00e1s - forraskut.hu","robots":{"index":"index","follow":"follow","max-snippet":"max-snippet:-1","max-image-preview":"max-image-preview:large","max-video-preview":"max-video-preview:-1"},"canonical":"https:\/\/forraskut.hu\/index.php\/hulladekgazdalkodas\/","og_locale":"hu_HU","og_type":"article","og_title":"Hullad\u00e9kgazd\u00e1lkod\u00e1s - forraskut.hu","og_description":"Utolj\u00e1ra friss\u00edtve:&nbsp; 2025. december 5.Duna-Tisza k\u00f6zi Hullad\u00e9kgazd\u00e1lkod\u00e1si Nonprofit Kft.\u00a0 (DTkH) web: https:\/\/dtkh.hu\/ \u00dcgyf\u00e9lszolg\u00e1lat: 6793 Forr\u00e1sk\u00fat, Boross J\u00f3zsef utca. 5. (Boross Iskola) Nyitva tart\u00e1s: kedd: 9:00 &#8211; 12:00 \u00e9s 12:30 &#8211; 16:00, a h\u00f3nap utols\u00f3 keddj\u00e9n 9:00 &#8211; 12:00 \u00e9s 12:30 &#8211; 13:30 E-mail: ugyfelkapcsolat@dtkh.hu Tel.: +36 1 776 7777 Fax: +36 79 572\u00a0052 Egy\u00e9b \u00fcgyf\u00e9lszolg\u00e1latok [&hellip;]","og_url":"https:\/\/forraskut.hu\/index.php\/hulladekgazdalkodas\/","og_site_name":"forraskut.hu","article_modified_time":"2025-12-05T08:12:24+00:00","twitter_card":"summary_large_image","twitter_misc":{"Becs\u00fclt olvas\u00e1si id\u0151":"1 perc"},"schema":{"@context":"https:\/\/schema.org","@graph":[{"@type":"WebPage","@id":"https:\/\/forraskut.hu\/index.php\/hulladekgazdalkodas\/","url":"https:\/\/forraskut.hu\/index.php\/hulladekgazdalkodas\/","name":"Hullad\u00e9kgazd\u00e1lkod\u00e1s - forraskut.hu","isPartOf":{"@id":"https:\/\/forraskut.hu\/#website"},"datePublished":"2018-01-22T10:58:19+00:00","dateModified":"2025-12-05T08:12:24+00:00","breadcrumb":{"@id":"https:\/\/forraskut.hu\/index.php\/hulladekgazdalkodas\/#breadcrumb"},"inLanguage":"hu","potentialAction":[{"@type":"ReadAction","target":["https:\/\/forraskut.hu\/index.php\/hulladekgazdalkodas\/"]}]},{"@type":"BreadcrumbList","@id":"https:\/\/forraskut.hu\/index.php\/hulladekgazdalkodas\/#breadcrumb","itemListElement":[{"@type":"ListItem","position":1,"name":"Kezd\u0151lap","item":"https:\/\/forraskut.hu\/"},{"@type":"ListItem","position":2,"name":"Hullad\u00e9kgazd\u00e1lkod\u00e1s"}]},{"@type":"WebSite","@id":"https:\/\/forraskut.hu\/#website","url":"https:\/\/forraskut.hu\/","name":"forraskut.hu","description":"Forr\u00e1sk\u00fat k\u00f6zs\u00e9g hivatalos weboldala","potentialAction":[{"@type":"SearchAction","target":{"@type":"EntryPoint","urlTemplate":"https:\/\/forraskut.hu\/?s={search_term_string}"},"query-input":{"@type":"PropertyValueSpecification","valueRequired":true,"valueName":"search_term_string"}}],"inLanguage":"hu"}]}},"_links":{"self":[{"href":"https:\/\/forraskut.hu\/index.php\/wp-json\/wp\/v2\/pages\/763"}],"collection":[{"href":"https:\/\/forraskut.hu\/index.php\/wp-json\/wp\/v2\/pages"}],"about":[{"href":"https:\/\/forraskut.hu\/index.php\/wp-json\/wp\/v2\/types\/page"}],"author":[{"embeddable":true,"href":"https:\/\/forraskut.hu\/index.php\/wp-json\/wp\/v2\/users\/2"}],"replies":[{"embeddable":true,"href":"https:\/\/forraskut.hu\/index.php\/wp-json\/wp\/v2\/comments?post=763"}],"version-history":[{"count":17,"href":"https:\/\/forraskut.hu\/index.php\/wp-json\/wp\/v2\/pages\/763\/revisions"}],"predecessor-version":[{"id":3753,"href":"https:\/\/forraskut.hu\/index.php\/wp-json\/wp\/v2\/pages\/763\/revisions\/3753"}],"wp:attachment":[{"href":"https:\/\/forraskut.hu\/index.php\/wp-json\/wp\/v2\/media?parent=763"}],"curies":[{"name":"wp","href":"https:\/\/api.w.org\/{rel}","templated":true}]}}