{"id":758,"date":"2018-01-22T11:40:47","date_gmt":"2018-01-22T10:40:47","guid":{"rendered":"http:\/\/forraskut.hu\/?page_id=758"},"modified":"2019-01-15T11:38:41","modified_gmt":"2019-01-15T10:38:41","slug":"falugazdasz","status":"publish","type":"page","link":"https:\/\/forraskut.hu\/index.php\/falugazdasz\/","title":{"rendered":"Falugazd\u00e1sz"},"content":{"rendered":"<p class=\"last-modified\">Utolj\u00e1ra friss\u00edtve:&nbsp;  2019. janu\u00e1r 15.<\/p><h3>Falugazd\u00e1sz<\/h3>\n<p>Gyuris Ferenc<br \/>\nFogad\u00f3\u00f3r\u00e1k Forr\u00e1sk\u00faton:kedden, szerd\u00e1n 8-16, p\u00e9nteken 8-12 \u00f3r\u00e1ig<\/p>\n<p><strong>Tel: <\/strong><a href=\"tel:+36303372520\"> 30\/337-2520<\/a><\/p>\n","protected":false},"excerpt":{"rendered":"<p>Utolj\u00e1ra friss\u00edtve:&nbsp; 2019. janu\u00e1r 15.Falugazd\u00e1sz Gyuris Ferenc Fogad\u00f3\u00f3r\u00e1k Forr\u00e1sk\u00faton:kedden, szerd\u00e1n 8-16, p\u00e9nteken 8-12 \u00f3r\u00e1ig Tel: 30\/337-2520<\/p>\n","protected":false},"author":2,"featured_media":0,"parent":0,"menu_order":0,"comment_status":"closed","ping_status":"closed","template":"","meta":{"_exactmetrics_skip_tracking":false,"_exactmetrics_sitenote_active":false,"_exactmetrics_sitenote_note":"","_exactmetrics_sitenote_category":0,"footnotes":""},"yoast_head":"<!-- This site is optimized with the Yoast SEO plugin v23.4 - https:\/\/yoast.com\/wordpress\/plugins\/seo\/ -->\n<title>Falugazd\u00e1sz - forraskut.hu<\/title>\n<meta name=\"robots\" content=\"index, follow, max-snippet:-1, max-image-preview:large, max-video-preview:-1\" \/>\n<link rel=\"canonical\" href=\"https:\/\/forraskut.hu\/index.php\/falugazdasz\/\" \/>\n<meta property=\"og:locale\" content=\"hu_HU\" \/>\n<meta property=\"og:type\" content=\"article\" \/>\n<meta property=\"og:title\" content=\"Falugazd\u00e1sz - forraskut.hu\" \/>\n<meta property=\"og:description\" content=\"Utolj\u00e1ra friss\u00edtve:&nbsp; 2019. janu\u00e1r 15.Falugazd\u00e1sz Gyuris Ferenc Fogad\u00f3\u00f3r\u00e1k Forr\u00e1sk\u00faton:kedden, szerd\u00e1n 8-16, p\u00e9nteken 8-12 \u00f3r\u00e1ig Tel: 30\/337-2520\" \/>\n<meta property=\"og:url\" content=\"https:\/\/forraskut.hu\/index.php\/falugazdasz\/\" \/>\n<meta property=\"og:site_name\" content=\"forraskut.hu\" \/>\n<meta property=\"article:modified_time\" content=\"2019-01-15T10:38:41+00:00\" \/>\n<meta name=\"twitter:card\" content=\"summary_large_image\" \/>\n<script type=\"application\/ld+json\" class=\"yoast-schema-graph\">{\"@context\":\"https:\/\/schema.org\",\"@graph\":[{\"@type\":\"WebPage\",\"@id\":\"https:\/\/forraskut.hu\/index.php\/falugazdasz\/\",\"url\":\"https:\/\/forraskut.hu\/index.php\/falugazdasz\/\",\"name\":\"Falugazd\u00e1sz - forraskut.hu\",\"isPartOf\":{\"@id\":\"https:\/\/forraskut.hu\/#website\"},\"datePublished\":\"2018-01-22T10:40:47+00:00\",\"dateModified\":\"2019-01-15T10:38:41+00:00\",\"breadcrumb\":{\"@id\":\"https:\/\/forraskut.hu\/index.php\/falugazdasz\/#breadcrumb\"},\"inLanguage\":\"hu\",\"potentialAction\":[{\"@type\":\"ReadAction\",\"target\":[\"https:\/\/forraskut.hu\/index.php\/falugazdasz\/\"]}]},{\"@type\":\"BreadcrumbList\",\"@id\":\"https:\/\/forraskut.hu\/index.php\/falugazdasz\/#breadcrumb\",\"itemListElement\":[{\"@type\":\"ListItem\",\"position\":1,\"name\":\"Kezd\u0151lap\",\"item\":\"https:\/\/forraskut.hu\/\"},{\"@type\":\"ListItem\",\"position\":2,\"name\":\"Falugazd\u00e1sz\"}]},{\"@type\":\"WebSite\",\"@id\":\"https:\/\/forraskut.hu\/#website\",\"url\":\"https:\/\/forraskut.hu\/\",\"name\":\"forraskut.hu\",\"description\":\"Forr\u00e1sk\u00fat k\u00f6zs\u00e9g hivatalos weboldala\",\"potentialAction\":[{\"@type\":\"SearchAction\",\"target\":{\"@type\":\"EntryPoint\",\"urlTemplate\":\"https:\/\/forraskut.hu\/?s={search_term_string}\"},\"query-input\":{\"@type\":\"PropertyValueSpecification\",\"valueRequired\":true,\"valueName\":\"search_term_string\"}}],\"inLanguage\":\"hu\"}]}<\/script>\n<!-- \/ Yoast SEO plugin. -->","yoast_head_json":{"title":"Falugazd\u00e1sz - forraskut.hu","robots":{"index":"index","follow":"follow","max-snippet":"max-snippet:-1","max-image-preview":"max-image-preview:large","max-video-preview":"max-video-preview:-1"},"canonical":"https:\/\/forraskut.hu\/index.php\/falugazdasz\/","og_locale":"hu_HU","og_type":"article","og_title":"Falugazd\u00e1sz - forraskut.hu","og_description":"Utolj\u00e1ra friss\u00edtve:&nbsp; 2019. janu\u00e1r 15.Falugazd\u00e1sz Gyuris Ferenc Fogad\u00f3\u00f3r\u00e1k Forr\u00e1sk\u00faton:kedden, szerd\u00e1n 8-16, p\u00e9nteken 8-12 \u00f3r\u00e1ig Tel: 30\/337-2520","og_url":"https:\/\/forraskut.hu\/index.php\/falugazdasz\/","og_site_name":"forraskut.hu","article_modified_time":"2019-01-15T10:38:41+00:00","twitter_card":"summary_large_image","schema":{"@context":"https:\/\/schema.org","@graph":[{"@type":"WebPage","@id":"https:\/\/forraskut.hu\/index.php\/falugazdasz\/","url":"https:\/\/forraskut.hu\/index.php\/falugazdasz\/","name":"Falugazd\u00e1sz - forraskut.hu","isPartOf":{"@id":"https:\/\/forraskut.hu\/#website"},"datePublished":"2018-01-22T10:40:47+00:00","dateModified":"2019-01-15T10:38:41+00:00","breadcrumb":{"@id":"https:\/\/forraskut.hu\/index.php\/falugazdasz\/#breadcrumb"},"inLanguage":"hu","potentialAction":[{"@type":"ReadAction","target":["https:\/\/forraskut.hu\/index.php\/falugazdasz\/"]}]},{"@type":"BreadcrumbList","@id":"https:\/\/forraskut.hu\/index.php\/falugazdasz\/#breadcrumb","itemListElement":[{"@type":"ListItem","position":1,"name":"Kezd\u0151lap","item":"https:\/\/forraskut.hu\/"},{"@type":"ListItem","position":2,"name":"Falugazd\u00e1sz"}]},{"@type":"WebSite","@id":"https:\/\/forraskut.hu\/#website","url":"https:\/\/forraskut.hu\/","name":"forraskut.hu","description":"Forr\u00e1sk\u00fat k\u00f6zs\u00e9g hivatalos weboldala","potentialAction":[{"@type":"SearchAction","target":{"@type":"EntryPoint","urlTemplate":"https:\/\/forraskut.hu\/?s={search_term_string}"},"query-input":{"@type":"PropertyValueSpecification","valueRequired":true,"valueName":"search_term_string"}}],"inLanguage":"hu"}]}},"_links":{"self":[{"href":"https:\/\/forraskut.hu\/index.php\/wp-json\/wp\/v2\/pages\/758"}],"collection":[{"href":"https:\/\/forraskut.hu\/index.php\/wp-json\/wp\/v2\/pages"}],"about":[{"href":"https:\/\/forraskut.hu\/index.php\/wp-json\/wp\/v2\/types\/page"}],"author":[{"embeddable":true,"href":"https:\/\/forraskut.hu\/index.php\/wp-json\/wp\/v2\/users\/2"}],"replies":[{"embeddable":true,"href":"https:\/\/forraskut.hu\/index.php\/wp-json\/wp\/v2\/comments?post=758"}],"version-history":[{"count":7,"href":"https:\/\/forraskut.hu\/index.php\/wp-json\/wp\/v2\/pages\/758\/revisions"}],"predecessor-version":[{"id":1414,"href":"https:\/\/forraskut.hu\/index.php\/wp-json\/wp\/v2\/pages\/758\/revisions\/1414"}],"wp:attachment":[{"href":"https:\/\/forraskut.hu\/index.php\/wp-json\/wp\/v2\/media?parent=758"}],"curies":[{"name":"wp","href":"https:\/\/api.w.org\/{rel}","templated":true}]}}