{"id":556,"date":"2018-01-16T14:04:12","date_gmt":"2018-01-16T13:04:12","guid":{"rendered":"http:\/\/forraskut.hu\/?page_id=556"},"modified":"2018-11-22T10:33:54","modified_gmt":"2018-11-22T09:33:54","slug":"hir-forras-2018-ev","status":"publish","type":"page","link":"https:\/\/forraskut.hu\/index.php\/hir-forras-2018-ev\/","title":{"rendered":"h\u00edr-Forr\u00e1s 2018. \u00e9v"},"content":{"rendered":"<p class=\"last-modified\">Utolj\u00e1ra friss\u00edtve:&nbsp;  2018. november 22.<\/p><p><a href=\"http:\/\/forraskut.hu\/wp-content\/uploads\/hirforras\/2018\/H\u00edr-Forr\u00e1s%202018%20janu\u00e1r.pdf\" target=\"_blank\" rel=\"noopener\">H\u00edr-forr\u00e1s 2018 janu\u00e1r<\/a><\/p>\n<p><a href=\"http:\/\/forraskut.hu\/wp-content\/uploads\/hirforras\/2018\/h\u00edr-forr\u00e1s%202018%20febru\u00e1r.pdf\" target=\"_blank\" rel=\"noopener\">H\u00edr-forr\u00e1s 2018 febru\u00e1r<\/a><\/p>\n<p><a href=\"http:\/\/forraskut.hu\/wp-content\/uploads\/hirforras\/2018\/h\u00edr-forr\u00e1s%202018%20m\u00e1rcius.pdf\" target=\"_blank\" rel=\"noopener\">H\u00edr-forr\u00e1s 2018 m\u00e1rcius<\/a><\/p>\n<p><a href=\"http:\/\/forraskut.hu\/wp-content\/uploads\/hirforras\/2018\/h\u00edr-forr\u00e1s-2018-\u00e1prilis.pdf\" target=\"_blank\" rel=\"noopener\">H\u00edr-forr\u00e1s 2018 \u00e1prilis<\/a><\/p>\n<p><a href=\"http:\/\/forraskut.hu\/wp-content\/uploads\/hirforras\/2018\/h\u00edr-forr\u00e1s-2018-m\u00e1jus.pdf\">H\u00edr-forr\u00e1s 2018 m\u00e1jus<\/a><\/p>\n<p><a href=\"http:\/\/forraskut.hu\/wp-content\/uploads\/hirforras\/2018\/h\u00edr-forr\u00e1s-2018-j\u00fanius.pdf\">H\u00edr-forr\u00e1s 2018 j\u00fanius<\/a><\/p>\n<p><a href=\"http:\/\/forraskut.hu\/wp-content\/uploads\/hirforras\/2018\/h\u00edr-forr\u00e1s-2018-j\u00falius.pdf\">H\u00edr-forr\u00e1s-2018 j\u00falius<\/a><\/p>\n<p><a href=\"http:\/\/forraskut.hu\/wp-content\/uploads\/hirforras\/2018\/h\u00edr-forr\u00e1s-2018-augusztus.pdf\">H\u00edr-forr\u00e1s 2018 augusztus<\/a><\/p>\n<p><a href=\"http:\/\/forraskut.hu\/wp-content\/uploads\/hirforras\/2018\/h\u00edr-forr\u00e1s-2018-szeptember.pdf\">H\u00edr-forr\u00e1s 2018 szeptember<\/a><\/p>\n<p><a href=\"http:\/\/forraskut.hu\/wp-content\/uploads\/hirforras\/2018\/h\u00edr-forr\u00e1s-2018-okt\u00f3ber.pdf\">H\u00edr-forr\u00e1s 2018 okt\u00f3ber<\/a><\/p>\n<p><a href=\"http:\/\/forraskut.hu\/wp-content\/uploads\/hirforras\/2018\/h\u00edr-forr\u00e1s-2018-november.pdf\">H\u00edr-forr\u00e1s 2018 november<\/a><\/p>\n","protected":false},"excerpt":{"rendered":"<p>Utolj\u00e1ra friss\u00edtve:&nbsp; 2018. november 22.H\u00edr-forr\u00e1s 2018 janu\u00e1r H\u00edr-forr\u00e1s 2018 febru\u00e1r H\u00edr-forr\u00e1s 2018 m\u00e1rcius H\u00edr-forr\u00e1s 2018 \u00e1prilis H\u00edr-forr\u00e1s 2018 m\u00e1jus H\u00edr-forr\u00e1s 2018 j\u00fanius H\u00edr-forr\u00e1s-2018 j\u00falius H\u00edr-forr\u00e1s 2018 augusztus H\u00edr-forr\u00e1s 2018 szeptember H\u00edr-forr\u00e1s 2018 okt\u00f3ber H\u00edr-forr\u00e1s 2018 november<\/p>\n","protected":false},"author":2,"featured_media":0,"parent":0,"menu_order":0,"comment_status":"closed","ping_status":"closed","template":"","meta":{"_exactmetrics_skip_tracking":false,"_exactmetrics_sitenote_active":false,"_exactmetrics_sitenote_note":"","_exactmetrics_sitenote_category":0,"footnotes":""},"yoast_head":"<!-- This site is optimized with the Yoast SEO plugin v23.4 - https:\/\/yoast.com\/wordpress\/plugins\/seo\/ -->\n<title>h\u00edr-Forr\u00e1s 2018. \u00e9v - forraskut.hu<\/title>\n<meta name=\"robots\" content=\"index, follow, max-snippet:-1, max-image-preview:large, max-video-preview:-1\" \/>\n<link rel=\"canonical\" href=\"https:\/\/forraskut.hu\/index.php\/hir-forras-2018-ev\/\" \/>\n<meta property=\"og:locale\" content=\"hu_HU\" \/>\n<meta property=\"og:type\" content=\"article\" \/>\n<meta property=\"og:title\" content=\"h\u00edr-Forr\u00e1s 2018. \u00e9v - forraskut.hu\" \/>\n<meta property=\"og:description\" content=\"Utolj\u00e1ra friss\u00edtve:&nbsp; 2018. november 22.H\u00edr-forr\u00e1s 2018 janu\u00e1r H\u00edr-forr\u00e1s 2018 febru\u00e1r H\u00edr-forr\u00e1s 2018 m\u00e1rcius H\u00edr-forr\u00e1s 2018 \u00e1prilis H\u00edr-forr\u00e1s 2018 m\u00e1jus H\u00edr-forr\u00e1s 2018 j\u00fanius H\u00edr-forr\u00e1s-2018 j\u00falius H\u00edr-forr\u00e1s 2018 augusztus H\u00edr-forr\u00e1s 2018 szeptember H\u00edr-forr\u00e1s 2018 okt\u00f3ber H\u00edr-forr\u00e1s 2018 november\" \/>\n<meta property=\"og:url\" content=\"https:\/\/forraskut.hu\/index.php\/hir-forras-2018-ev\/\" \/>\n<meta property=\"og:site_name\" content=\"forraskut.hu\" \/>\n<meta property=\"article:modified_time\" content=\"2018-11-22T09:33:54+00:00\" \/>\n<meta name=\"twitter:card\" content=\"summary_large_image\" \/>\n<script type=\"application\/ld+json\" class=\"yoast-schema-graph\">{\"@context\":\"https:\/\/schema.org\",\"@graph\":[{\"@type\":\"WebPage\",\"@id\":\"https:\/\/forraskut.hu\/index.php\/hir-forras-2018-ev\/\",\"url\":\"https:\/\/forraskut.hu\/index.php\/hir-forras-2018-ev\/\",\"name\":\"h\u00edr-Forr\u00e1s 2018. \u00e9v - forraskut.hu\",\"isPartOf\":{\"@id\":\"https:\/\/forraskut.hu\/#website\"},\"datePublished\":\"2018-01-16T13:04:12+00:00\",\"dateModified\":\"2018-11-22T09:33:54+00:00\",\"breadcrumb\":{\"@id\":\"https:\/\/forraskut.hu\/index.php\/hir-forras-2018-ev\/#breadcrumb\"},\"inLanguage\":\"hu\",\"potentialAction\":[{\"@type\":\"ReadAction\",\"target\":[\"https:\/\/forraskut.hu\/index.php\/hir-forras-2018-ev\/\"]}]},{\"@type\":\"BreadcrumbList\",\"@id\":\"https:\/\/forraskut.hu\/index.php\/hir-forras-2018-ev\/#breadcrumb\",\"itemListElement\":[{\"@type\":\"ListItem\",\"position\":1,\"name\":\"Kezd\u0151lap\",\"item\":\"https:\/\/forraskut.hu\/\"},{\"@type\":\"ListItem\",\"position\":2,\"name\":\"h\u00edr-Forr\u00e1s 2018. \u00e9v\"}]},{\"@type\":\"WebSite\",\"@id\":\"https:\/\/forraskut.hu\/#website\",\"url\":\"https:\/\/forraskut.hu\/\",\"name\":\"forraskut.hu\",\"description\":\"Forr\u00e1sk\u00fat k\u00f6zs\u00e9g hivatalos weboldala\",\"potentialAction\":[{\"@type\":\"SearchAction\",\"target\":{\"@type\":\"EntryPoint\",\"urlTemplate\":\"https:\/\/forraskut.hu\/?s={search_term_string}\"},\"query-input\":{\"@type\":\"PropertyValueSpecification\",\"valueRequired\":true,\"valueName\":\"search_term_string\"}}],\"inLanguage\":\"hu\"}]}<\/script>\n<!-- \/ Yoast SEO plugin. -->","yoast_head_json":{"title":"h\u00edr-Forr\u00e1s 2018. \u00e9v - forraskut.hu","robots":{"index":"index","follow":"follow","max-snippet":"max-snippet:-1","max-image-preview":"max-image-preview:large","max-video-preview":"max-video-preview:-1"},"canonical":"https:\/\/forraskut.hu\/index.php\/hir-forras-2018-ev\/","og_locale":"hu_HU","og_type":"article","og_title":"h\u00edr-Forr\u00e1s 2018. \u00e9v - forraskut.hu","og_description":"Utolj\u00e1ra friss\u00edtve:&nbsp; 2018. november 22.H\u00edr-forr\u00e1s 2018 janu\u00e1r H\u00edr-forr\u00e1s 2018 febru\u00e1r H\u00edr-forr\u00e1s 2018 m\u00e1rcius H\u00edr-forr\u00e1s 2018 \u00e1prilis H\u00edr-forr\u00e1s 2018 m\u00e1jus H\u00edr-forr\u00e1s 2018 j\u00fanius H\u00edr-forr\u00e1s-2018 j\u00falius H\u00edr-forr\u00e1s 2018 augusztus H\u00edr-forr\u00e1s 2018 szeptember H\u00edr-forr\u00e1s 2018 okt\u00f3ber H\u00edr-forr\u00e1s 2018 november","og_url":"https:\/\/forraskut.hu\/index.php\/hir-forras-2018-ev\/","og_site_name":"forraskut.hu","article_modified_time":"2018-11-22T09:33:54+00:00","twitter_card":"summary_large_image","schema":{"@context":"https:\/\/schema.org","@graph":[{"@type":"WebPage","@id":"https:\/\/forraskut.hu\/index.php\/hir-forras-2018-ev\/","url":"https:\/\/forraskut.hu\/index.php\/hir-forras-2018-ev\/","name":"h\u00edr-Forr\u00e1s 2018. \u00e9v - forraskut.hu","isPartOf":{"@id":"https:\/\/forraskut.hu\/#website"},"datePublished":"2018-01-16T13:04:12+00:00","dateModified":"2018-11-22T09:33:54+00:00","breadcrumb":{"@id":"https:\/\/forraskut.hu\/index.php\/hir-forras-2018-ev\/#breadcrumb"},"inLanguage":"hu","potentialAction":[{"@type":"ReadAction","target":["https:\/\/forraskut.hu\/index.php\/hir-forras-2018-ev\/"]}]},{"@type":"BreadcrumbList","@id":"https:\/\/forraskut.hu\/index.php\/hir-forras-2018-ev\/#breadcrumb","itemListElement":[{"@type":"ListItem","position":1,"name":"Kezd\u0151lap","item":"https:\/\/forraskut.hu\/"},{"@type":"ListItem","position":2,"name":"h\u00edr-Forr\u00e1s 2018. \u00e9v"}]},{"@type":"WebSite","@id":"https:\/\/forraskut.hu\/#website","url":"https:\/\/forraskut.hu\/","name":"forraskut.hu","description":"Forr\u00e1sk\u00fat k\u00f6zs\u00e9g hivatalos weboldala","potentialAction":[{"@type":"SearchAction","target":{"@type":"EntryPoint","urlTemplate":"https:\/\/forraskut.hu\/?s={search_term_string}"},"query-input":{"@type":"PropertyValueSpecification","valueRequired":true,"valueName":"search_term_string"}}],"inLanguage":"hu"}]}},"_links":{"self":[{"href":"https:\/\/forraskut.hu\/index.php\/wp-json\/wp\/v2\/pages\/556"}],"collection":[{"href":"https:\/\/forraskut.hu\/index.php\/wp-json\/wp\/v2\/pages"}],"about":[{"href":"https:\/\/forraskut.hu\/index.php\/wp-json\/wp\/v2\/types\/page"}],"author":[{"embeddable":true,"href":"https:\/\/forraskut.hu\/index.php\/wp-json\/wp\/v2\/users\/2"}],"replies":[{"embeddable":true,"href":"https:\/\/forraskut.hu\/index.php\/wp-json\/wp\/v2\/comments?post=556"}],"version-history":[{"count":14,"href":"https:\/\/forraskut.hu\/index.php\/wp-json\/wp\/v2\/pages\/556\/revisions"}],"predecessor-version":[{"id":1376,"href":"https:\/\/forraskut.hu\/index.php\/wp-json\/wp\/v2\/pages\/556\/revisions\/1376"}],"wp:attachment":[{"href":"https:\/\/forraskut.hu\/index.php\/wp-json\/wp\/v2\/media?parent=556"}],"curies":[{"name":"wp","href":"https:\/\/api.w.org\/{rel}","templated":true}]}}