{"id":474,"date":"2017-11-22T17:53:56","date_gmt":"2017-11-22T16:53:56","guid":{"rendered":"http:\/\/forraskut.hu\/?page_id=474"},"modified":"2017-11-22T17:54:08","modified_gmt":"2017-11-22T16:54:08","slug":"3_5_-koncessziorol-szolo-torvenyben-meghatarozott-nyilvanos-adatok","status":"publish","type":"page","link":"https:\/\/forraskut.hu\/index.php\/3_5_-koncessziorol-szolo-torvenyben-meghatarozott-nyilvanos-adatok\/","title":{"rendered":"3_5_ koncesszi\u00f3r\u00f3l sz\u00f3l\u00f3 t\u00f6rv\u00e9nyben meghat\u00e1rozott nyilv\u00e1nos adatok"},"content":{"rendered":"<p><strong>A koncesszi\u00f3r\u00f3l sz\u00f3l\u00f3 t\u00f6rv\u00e9nyben meghat\u00e1rozott nyilv\u00e1nos adatok (p\u00e1ly\u00e1zati ki\u00edr\u00e1sok, p\u00e1ly\u00e1z\u00f3k adatai, az elb\u00edr\u00e1l\u00e1sr\u00f3l k\u00e9sz\u00edtett eml\u00e9keztet\u0151k, p\u00e1ly\u00e1zat eredm\u00e9nye)<\/strong><\/p>\n<p>Nem \u00e1ll rendelkez\u00e9sre<\/p>\n","protected":false},"excerpt":{"rendered":"<p>A koncesszi\u00f3r\u00f3l sz\u00f3l\u00f3 t\u00f6rv\u00e9nyben meghat\u00e1rozott nyilv\u00e1nos adatok (p\u00e1ly\u00e1zati ki\u00edr\u00e1sok, p\u00e1ly\u00e1z\u00f3k adatai, az elb\u00edr\u00e1l\u00e1sr\u00f3l k\u00e9sz\u00edtett eml\u00e9keztet\u0151k, p\u00e1ly\u00e1zat eredm\u00e9nye) Nem \u00e1ll rendelkez\u00e9sre<\/p>\n","protected":false},"author":2,"featured_media":0,"parent":0,"menu_order":0,"comment_status":"closed","ping_status":"closed","template":"","meta":{"_exactmetrics_skip_tracking":false,"_exactmetrics_sitenote_active":false,"_exactmetrics_sitenote_note":"","_exactmetrics_sitenote_category":0,"footnotes":""},"yoast_head":"<!-- This site is optimized with the Yoast SEO plugin v23.4 - https:\/\/yoast.com\/wordpress\/plugins\/seo\/ -->\n<title>3_5_ koncesszi\u00f3r\u00f3l sz\u00f3l\u00f3 t\u00f6rv\u00e9nyben meghat\u00e1rozott nyilv\u00e1nos adatok - forraskut.hu<\/title>\n<meta name=\"robots\" content=\"index, follow, max-snippet:-1, max-image-preview:large, max-video-preview:-1\" \/>\n<link rel=\"canonical\" href=\"https:\/\/forraskut.hu\/index.php\/3_5_-koncessziorol-szolo-torvenyben-meghatarozott-nyilvanos-adatok\/\" \/>\n<meta property=\"og:locale\" content=\"hu_HU\" \/>\n<meta property=\"og:type\" content=\"article\" \/>\n<meta property=\"og:title\" content=\"3_5_ koncesszi\u00f3r\u00f3l sz\u00f3l\u00f3 t\u00f6rv\u00e9nyben meghat\u00e1rozott nyilv\u00e1nos adatok - forraskut.hu\" \/>\n<meta property=\"og:description\" content=\"A koncesszi\u00f3r\u00f3l sz\u00f3l\u00f3 t\u00f6rv\u00e9nyben meghat\u00e1rozott nyilv\u00e1nos adatok (p\u00e1ly\u00e1zati ki\u00edr\u00e1sok, p\u00e1ly\u00e1z\u00f3k adatai, az elb\u00edr\u00e1l\u00e1sr\u00f3l k\u00e9sz\u00edtett eml\u00e9keztet\u0151k, p\u00e1ly\u00e1zat eredm\u00e9nye) Nem \u00e1ll rendelkez\u00e9sre\" \/>\n<meta property=\"og:url\" content=\"https:\/\/forraskut.hu\/index.php\/3_5_-koncessziorol-szolo-torvenyben-meghatarozott-nyilvanos-adatok\/\" \/>\n<meta property=\"og:site_name\" content=\"forraskut.hu\" \/>\n<meta property=\"article:modified_time\" content=\"2017-11-22T16:54:08+00:00\" \/>\n<meta name=\"twitter:card\" content=\"summary_large_image\" \/>\n<script type=\"application\/ld+json\" class=\"yoast-schema-graph\">{\"@context\":\"https:\/\/schema.org\",\"@graph\":[{\"@type\":\"WebPage\",\"@id\":\"https:\/\/forraskut.hu\/index.php\/3_5_-koncessziorol-szolo-torvenyben-meghatarozott-nyilvanos-adatok\/\",\"url\":\"https:\/\/forraskut.hu\/index.php\/3_5_-koncessziorol-szolo-torvenyben-meghatarozott-nyilvanos-adatok\/\",\"name\":\"3_5_ koncesszi\u00f3r\u00f3l sz\u00f3l\u00f3 t\u00f6rv\u00e9nyben meghat\u00e1rozott nyilv\u00e1nos adatok - forraskut.hu\",\"isPartOf\":{\"@id\":\"https:\/\/forraskut.hu\/#website\"},\"datePublished\":\"2017-11-22T16:53:56+00:00\",\"dateModified\":\"2017-11-22T16:54:08+00:00\",\"breadcrumb\":{\"@id\":\"https:\/\/forraskut.hu\/index.php\/3_5_-koncessziorol-szolo-torvenyben-meghatarozott-nyilvanos-adatok\/#breadcrumb\"},\"inLanguage\":\"hu\",\"potentialAction\":[{\"@type\":\"ReadAction\",\"target\":[\"https:\/\/forraskut.hu\/index.php\/3_5_-koncessziorol-szolo-torvenyben-meghatarozott-nyilvanos-adatok\/\"]}]},{\"@type\":\"BreadcrumbList\",\"@id\":\"https:\/\/forraskut.hu\/index.php\/3_5_-koncessziorol-szolo-torvenyben-meghatarozott-nyilvanos-adatok\/#breadcrumb\",\"itemListElement\":[{\"@type\":\"ListItem\",\"position\":1,\"name\":\"Kezd\u0151lap\",\"item\":\"https:\/\/forraskut.hu\/\"},{\"@type\":\"ListItem\",\"position\":2,\"name\":\"3_5_ koncesszi\u00f3r\u00f3l sz\u00f3l\u00f3 t\u00f6rv\u00e9nyben meghat\u00e1rozott nyilv\u00e1nos adatok\"}]},{\"@type\":\"WebSite\",\"@id\":\"https:\/\/forraskut.hu\/#website\",\"url\":\"https:\/\/forraskut.hu\/\",\"name\":\"forraskut.hu\",\"description\":\"Forr\u00e1sk\u00fat k\u00f6zs\u00e9g hivatalos weboldala\",\"potentialAction\":[{\"@type\":\"SearchAction\",\"target\":{\"@type\":\"EntryPoint\",\"urlTemplate\":\"https:\/\/forraskut.hu\/?s={search_term_string}\"},\"query-input\":{\"@type\":\"PropertyValueSpecification\",\"valueRequired\":true,\"valueName\":\"search_term_string\"}}],\"inLanguage\":\"hu\"}]}<\/script>\n<!-- \/ Yoast SEO plugin. -->","yoast_head_json":{"title":"3_5_ koncesszi\u00f3r\u00f3l sz\u00f3l\u00f3 t\u00f6rv\u00e9nyben meghat\u00e1rozott nyilv\u00e1nos adatok - forraskut.hu","robots":{"index":"index","follow":"follow","max-snippet":"max-snippet:-1","max-image-preview":"max-image-preview:large","max-video-preview":"max-video-preview:-1"},"canonical":"https:\/\/forraskut.hu\/index.php\/3_5_-koncessziorol-szolo-torvenyben-meghatarozott-nyilvanos-adatok\/","og_locale":"hu_HU","og_type":"article","og_title":"3_5_ koncesszi\u00f3r\u00f3l sz\u00f3l\u00f3 t\u00f6rv\u00e9nyben meghat\u00e1rozott nyilv\u00e1nos adatok - forraskut.hu","og_description":"A koncesszi\u00f3r\u00f3l sz\u00f3l\u00f3 t\u00f6rv\u00e9nyben meghat\u00e1rozott nyilv\u00e1nos adatok (p\u00e1ly\u00e1zati ki\u00edr\u00e1sok, p\u00e1ly\u00e1z\u00f3k adatai, az elb\u00edr\u00e1l\u00e1sr\u00f3l k\u00e9sz\u00edtett eml\u00e9keztet\u0151k, p\u00e1ly\u00e1zat eredm\u00e9nye) Nem \u00e1ll rendelkez\u00e9sre","og_url":"https:\/\/forraskut.hu\/index.php\/3_5_-koncessziorol-szolo-torvenyben-meghatarozott-nyilvanos-adatok\/","og_site_name":"forraskut.hu","article_modified_time":"2017-11-22T16:54:08+00:00","twitter_card":"summary_large_image","schema":{"@context":"https:\/\/schema.org","@graph":[{"@type":"WebPage","@id":"https:\/\/forraskut.hu\/index.php\/3_5_-koncessziorol-szolo-torvenyben-meghatarozott-nyilvanos-adatok\/","url":"https:\/\/forraskut.hu\/index.php\/3_5_-koncessziorol-szolo-torvenyben-meghatarozott-nyilvanos-adatok\/","name":"3_5_ koncesszi\u00f3r\u00f3l sz\u00f3l\u00f3 t\u00f6rv\u00e9nyben meghat\u00e1rozott nyilv\u00e1nos adatok - forraskut.hu","isPartOf":{"@id":"https:\/\/forraskut.hu\/#website"},"datePublished":"2017-11-22T16:53:56+00:00","dateModified":"2017-11-22T16:54:08+00:00","breadcrumb":{"@id":"https:\/\/forraskut.hu\/index.php\/3_5_-koncessziorol-szolo-torvenyben-meghatarozott-nyilvanos-adatok\/#breadcrumb"},"inLanguage":"hu","potentialAction":[{"@type":"ReadAction","target":["https:\/\/forraskut.hu\/index.php\/3_5_-koncessziorol-szolo-torvenyben-meghatarozott-nyilvanos-adatok\/"]}]},{"@type":"BreadcrumbList","@id":"https:\/\/forraskut.hu\/index.php\/3_5_-koncessziorol-szolo-torvenyben-meghatarozott-nyilvanos-adatok\/#breadcrumb","itemListElement":[{"@type":"ListItem","position":1,"name":"Kezd\u0151lap","item":"https:\/\/forraskut.hu\/"},{"@type":"ListItem","position":2,"name":"3_5_ koncesszi\u00f3r\u00f3l sz\u00f3l\u00f3 t\u00f6rv\u00e9nyben meghat\u00e1rozott nyilv\u00e1nos adatok"}]},{"@type":"WebSite","@id":"https:\/\/forraskut.hu\/#website","url":"https:\/\/forraskut.hu\/","name":"forraskut.hu","description":"Forr\u00e1sk\u00fat k\u00f6zs\u00e9g hivatalos weboldala","potentialAction":[{"@type":"SearchAction","target":{"@type":"EntryPoint","urlTemplate":"https:\/\/forraskut.hu\/?s={search_term_string}"},"query-input":{"@type":"PropertyValueSpecification","valueRequired":true,"valueName":"search_term_string"}}],"inLanguage":"hu"}]}},"_links":{"self":[{"href":"https:\/\/forraskut.hu\/index.php\/wp-json\/wp\/v2\/pages\/474"}],"collection":[{"href":"https:\/\/forraskut.hu\/index.php\/wp-json\/wp\/v2\/pages"}],"about":[{"href":"https:\/\/forraskut.hu\/index.php\/wp-json\/wp\/v2\/types\/page"}],"author":[{"embeddable":true,"href":"https:\/\/forraskut.hu\/index.php\/wp-json\/wp\/v2\/users\/2"}],"replies":[{"embeddable":true,"href":"https:\/\/forraskut.hu\/index.php\/wp-json\/wp\/v2\/comments?post=474"}],"version-history":[{"count":0,"href":"https:\/\/forraskut.hu\/index.php\/wp-json\/wp\/v2\/pages\/474\/revisions"}],"wp:attachment":[{"href":"https:\/\/forraskut.hu\/index.php\/wp-json\/wp\/v2\/media?parent=474"}],"curies":[{"name":"wp","href":"https:\/\/api.w.org\/{rel}","templated":true}]}}