{"id":470,"date":"2017-11-22T17:51:21","date_gmt":"2017-11-22T16:51:21","guid":{"rendered":"http:\/\/forraskut.hu\/?page_id=470"},"modified":"2017-11-22T17:51:45","modified_gmt":"2017-11-22T16:51:45","slug":"3_2_-kozfeladatot-ellato-szervnel-foglalkoztatottak-letszamara-es-szemelyi-juttatasaira-vonatkozo","status":"publish","type":"page","link":"https:\/\/forraskut.hu\/index.php\/3_2_-kozfeladatot-ellato-szervnel-foglalkoztatottak-letszamara-es-szemelyi-juttatasaira-vonatkozo\/","title":{"rendered":"3_2_ k\u00f6zfeladatot ell\u00e1t\u00f3 szervn\u00e9l foglalkoztatottak l\u00e9tsz\u00e1m\u00e1ra \u00e9s szem\u00e9lyi juttat\u00e1saira vonatkoz\u00f3"},"content":{"rendered":"<p><strong>A k\u00f6zfeladatot ell\u00e1t\u00f3 szervn\u00e9l foglalkoztatottak l\u00e9tsz\u00e1m\u00e1ra \u00e9s szem\u00e9lyi juttat\u00e1saira vonatkoz\u00f3 \u00f6sszes\u00edtett adatok, illetve \u00f6sszes\u00edtve a vezet\u0151k \u00e9s vezet\u0151 tiszts\u00e9gvisel\u0151k illetm\u00e9nye, munkab\u00e9re, \u00e9s rendszeres juttat\u00e1sai, valamint k\u00f6lts\u00e9gt\u00e9r\u00edt\u00e9se, az egy\u00e9b alkalmazottaknak ny\u00fajtott juttat\u00e1sok fajt\u00e1ja \u00e9s m\u00e9rt\u00e9ke \u00f6sszes\u00edtve<\/strong><\/p>\n<p>Forr\u00e1sk\u00fat K\u00f6zs\u00e9g \u00d6nkorm\u00e1nyzat\u00e1n\u00e1l foglalkoztatottak l\u00e9tsz\u00e1ma: 10 f\u0151.<\/p>\n<p>Szem\u00e9lyi juttat\u00e1saikra vonatkoz\u00f3 \u00f6sszes\u00edtett adatok:<\/p>\n","protected":false},"excerpt":{"rendered":"<p>A k\u00f6zfeladatot ell\u00e1t\u00f3 szervn\u00e9l foglalkoztatottak l\u00e9tsz\u00e1m\u00e1ra \u00e9s szem\u00e9lyi juttat\u00e1saira vonatkoz\u00f3 \u00f6sszes\u00edtett adatok, illetve \u00f6sszes\u00edtve a vezet\u0151k \u00e9s vezet\u0151 tiszts\u00e9gvisel\u0151k illetm\u00e9nye, munkab\u00e9re, \u00e9s rendszeres juttat\u00e1sai, valamint k\u00f6lts\u00e9gt\u00e9r\u00edt\u00e9se, az egy\u00e9b alkalmazottaknak ny\u00fajtott juttat\u00e1sok fajt\u00e1ja \u00e9s m\u00e9rt\u00e9ke \u00f6sszes\u00edtve Forr\u00e1sk\u00fat K\u00f6zs\u00e9g \u00d6nkorm\u00e1nyzat\u00e1n\u00e1l foglalkoztatottak l\u00e9tsz\u00e1ma: 10 f\u0151. Szem\u00e9lyi juttat\u00e1saikra vonatkoz\u00f3 \u00f6sszes\u00edtett adatok:<\/p>\n","protected":false},"author":2,"featured_media":0,"parent":0,"menu_order":0,"comment_status":"closed","ping_status":"closed","template":"","meta":{"_exactmetrics_skip_tracking":false,"_exactmetrics_sitenote_active":false,"_exactmetrics_sitenote_note":"","_exactmetrics_sitenote_category":0,"footnotes":""},"yoast_head":"<!-- This site is optimized with the Yoast SEO plugin v23.4 - https:\/\/yoast.com\/wordpress\/plugins\/seo\/ -->\n<title>3_2_ k\u00f6zfeladatot ell\u00e1t\u00f3 szervn\u00e9l foglalkoztatottak l\u00e9tsz\u00e1m\u00e1ra \u00e9s szem\u00e9lyi juttat\u00e1saira vonatkoz\u00f3 - forraskut.hu<\/title>\n<meta name=\"robots\" content=\"index, follow, max-snippet:-1, max-image-preview:large, max-video-preview:-1\" \/>\n<link rel=\"canonical\" href=\"https:\/\/forraskut.hu\/index.php\/3_2_-kozfeladatot-ellato-szervnel-foglalkoztatottak-letszamara-es-szemelyi-juttatasaira-vonatkozo\/\" \/>\n<meta property=\"og:locale\" content=\"hu_HU\" \/>\n<meta property=\"og:type\" content=\"article\" \/>\n<meta property=\"og:title\" content=\"3_2_ k\u00f6zfeladatot ell\u00e1t\u00f3 szervn\u00e9l foglalkoztatottak l\u00e9tsz\u00e1m\u00e1ra \u00e9s szem\u00e9lyi juttat\u00e1saira vonatkoz\u00f3 - forraskut.hu\" \/>\n<meta property=\"og:description\" content=\"A k\u00f6zfeladatot ell\u00e1t\u00f3 szervn\u00e9l foglalkoztatottak l\u00e9tsz\u00e1m\u00e1ra \u00e9s szem\u00e9lyi juttat\u00e1saira vonatkoz\u00f3 \u00f6sszes\u00edtett adatok, illetve \u00f6sszes\u00edtve a vezet\u0151k \u00e9s vezet\u0151 tiszts\u00e9gvisel\u0151k illetm\u00e9nye, munkab\u00e9re, \u00e9s rendszeres juttat\u00e1sai, valamint k\u00f6lts\u00e9gt\u00e9r\u00edt\u00e9se, az egy\u00e9b alkalmazottaknak ny\u00fajtott juttat\u00e1sok fajt\u00e1ja \u00e9s m\u00e9rt\u00e9ke \u00f6sszes\u00edtve Forr\u00e1sk\u00fat K\u00f6zs\u00e9g \u00d6nkorm\u00e1nyzat\u00e1n\u00e1l foglalkoztatottak l\u00e9tsz\u00e1ma: 10 f\u0151. Szem\u00e9lyi juttat\u00e1saikra vonatkoz\u00f3 \u00f6sszes\u00edtett adatok:\" \/>\n<meta property=\"og:url\" content=\"https:\/\/forraskut.hu\/index.php\/3_2_-kozfeladatot-ellato-szervnel-foglalkoztatottak-letszamara-es-szemelyi-juttatasaira-vonatkozo\/\" \/>\n<meta property=\"og:site_name\" content=\"forraskut.hu\" \/>\n<meta property=\"article:modified_time\" content=\"2017-11-22T16:51:45+00:00\" \/>\n<meta name=\"twitter:card\" content=\"summary_large_image\" \/>\n<script type=\"application\/ld+json\" class=\"yoast-schema-graph\">{\"@context\":\"https:\/\/schema.org\",\"@graph\":[{\"@type\":\"WebPage\",\"@id\":\"https:\/\/forraskut.hu\/index.php\/3_2_-kozfeladatot-ellato-szervnel-foglalkoztatottak-letszamara-es-szemelyi-juttatasaira-vonatkozo\/\",\"url\":\"https:\/\/forraskut.hu\/index.php\/3_2_-kozfeladatot-ellato-szervnel-foglalkoztatottak-letszamara-es-szemelyi-juttatasaira-vonatkozo\/\",\"name\":\"3_2_ k\u00f6zfeladatot ell\u00e1t\u00f3 szervn\u00e9l foglalkoztatottak l\u00e9tsz\u00e1m\u00e1ra \u00e9s szem\u00e9lyi juttat\u00e1saira vonatkoz\u00f3 - forraskut.hu\",\"isPartOf\":{\"@id\":\"https:\/\/forraskut.hu\/#website\"},\"datePublished\":\"2017-11-22T16:51:21+00:00\",\"dateModified\":\"2017-11-22T16:51:45+00:00\",\"breadcrumb\":{\"@id\":\"https:\/\/forraskut.hu\/index.php\/3_2_-kozfeladatot-ellato-szervnel-foglalkoztatottak-letszamara-es-szemelyi-juttatasaira-vonatkozo\/#breadcrumb\"},\"inLanguage\":\"hu\",\"potentialAction\":[{\"@type\":\"ReadAction\",\"target\":[\"https:\/\/forraskut.hu\/index.php\/3_2_-kozfeladatot-ellato-szervnel-foglalkoztatottak-letszamara-es-szemelyi-juttatasaira-vonatkozo\/\"]}]},{\"@type\":\"BreadcrumbList\",\"@id\":\"https:\/\/forraskut.hu\/index.php\/3_2_-kozfeladatot-ellato-szervnel-foglalkoztatottak-letszamara-es-szemelyi-juttatasaira-vonatkozo\/#breadcrumb\",\"itemListElement\":[{\"@type\":\"ListItem\",\"position\":1,\"name\":\"Kezd\u0151lap\",\"item\":\"https:\/\/forraskut.hu\/\"},{\"@type\":\"ListItem\",\"position\":2,\"name\":\"3_2_ k\u00f6zfeladatot ell\u00e1t\u00f3 szervn\u00e9l foglalkoztatottak l\u00e9tsz\u00e1m\u00e1ra \u00e9s szem\u00e9lyi juttat\u00e1saira vonatkoz\u00f3\"}]},{\"@type\":\"WebSite\",\"@id\":\"https:\/\/forraskut.hu\/#website\",\"url\":\"https:\/\/forraskut.hu\/\",\"name\":\"forraskut.hu\",\"description\":\"Forr\u00e1sk\u00fat k\u00f6zs\u00e9g hivatalos weboldala\",\"potentialAction\":[{\"@type\":\"SearchAction\",\"target\":{\"@type\":\"EntryPoint\",\"urlTemplate\":\"https:\/\/forraskut.hu\/?s={search_term_string}\"},\"query-input\":{\"@type\":\"PropertyValueSpecification\",\"valueRequired\":true,\"valueName\":\"search_term_string\"}}],\"inLanguage\":\"hu\"}]}<\/script>\n<!-- \/ Yoast SEO plugin. -->","yoast_head_json":{"title":"3_2_ k\u00f6zfeladatot ell\u00e1t\u00f3 szervn\u00e9l foglalkoztatottak l\u00e9tsz\u00e1m\u00e1ra \u00e9s szem\u00e9lyi juttat\u00e1saira vonatkoz\u00f3 - forraskut.hu","robots":{"index":"index","follow":"follow","max-snippet":"max-snippet:-1","max-image-preview":"max-image-preview:large","max-video-preview":"max-video-preview:-1"},"canonical":"https:\/\/forraskut.hu\/index.php\/3_2_-kozfeladatot-ellato-szervnel-foglalkoztatottak-letszamara-es-szemelyi-juttatasaira-vonatkozo\/","og_locale":"hu_HU","og_type":"article","og_title":"3_2_ k\u00f6zfeladatot ell\u00e1t\u00f3 szervn\u00e9l foglalkoztatottak l\u00e9tsz\u00e1m\u00e1ra \u00e9s szem\u00e9lyi juttat\u00e1saira vonatkoz\u00f3 - forraskut.hu","og_description":"A k\u00f6zfeladatot ell\u00e1t\u00f3 szervn\u00e9l foglalkoztatottak l\u00e9tsz\u00e1m\u00e1ra \u00e9s szem\u00e9lyi juttat\u00e1saira vonatkoz\u00f3 \u00f6sszes\u00edtett adatok, illetve \u00f6sszes\u00edtve a vezet\u0151k \u00e9s vezet\u0151 tiszts\u00e9gvisel\u0151k illetm\u00e9nye, munkab\u00e9re, \u00e9s rendszeres juttat\u00e1sai, valamint k\u00f6lts\u00e9gt\u00e9r\u00edt\u00e9se, az egy\u00e9b alkalmazottaknak ny\u00fajtott juttat\u00e1sok fajt\u00e1ja \u00e9s m\u00e9rt\u00e9ke \u00f6sszes\u00edtve Forr\u00e1sk\u00fat K\u00f6zs\u00e9g \u00d6nkorm\u00e1nyzat\u00e1n\u00e1l foglalkoztatottak l\u00e9tsz\u00e1ma: 10 f\u0151. Szem\u00e9lyi juttat\u00e1saikra vonatkoz\u00f3 \u00f6sszes\u00edtett adatok:","og_url":"https:\/\/forraskut.hu\/index.php\/3_2_-kozfeladatot-ellato-szervnel-foglalkoztatottak-letszamara-es-szemelyi-juttatasaira-vonatkozo\/","og_site_name":"forraskut.hu","article_modified_time":"2017-11-22T16:51:45+00:00","twitter_card":"summary_large_image","schema":{"@context":"https:\/\/schema.org","@graph":[{"@type":"WebPage","@id":"https:\/\/forraskut.hu\/index.php\/3_2_-kozfeladatot-ellato-szervnel-foglalkoztatottak-letszamara-es-szemelyi-juttatasaira-vonatkozo\/","url":"https:\/\/forraskut.hu\/index.php\/3_2_-kozfeladatot-ellato-szervnel-foglalkoztatottak-letszamara-es-szemelyi-juttatasaira-vonatkozo\/","name":"3_2_ k\u00f6zfeladatot ell\u00e1t\u00f3 szervn\u00e9l foglalkoztatottak l\u00e9tsz\u00e1m\u00e1ra \u00e9s szem\u00e9lyi juttat\u00e1saira vonatkoz\u00f3 - forraskut.hu","isPartOf":{"@id":"https:\/\/forraskut.hu\/#website"},"datePublished":"2017-11-22T16:51:21+00:00","dateModified":"2017-11-22T16:51:45+00:00","breadcrumb":{"@id":"https:\/\/forraskut.hu\/index.php\/3_2_-kozfeladatot-ellato-szervnel-foglalkoztatottak-letszamara-es-szemelyi-juttatasaira-vonatkozo\/#breadcrumb"},"inLanguage":"hu","potentialAction":[{"@type":"ReadAction","target":["https:\/\/forraskut.hu\/index.php\/3_2_-kozfeladatot-ellato-szervnel-foglalkoztatottak-letszamara-es-szemelyi-juttatasaira-vonatkozo\/"]}]},{"@type":"BreadcrumbList","@id":"https:\/\/forraskut.hu\/index.php\/3_2_-kozfeladatot-ellato-szervnel-foglalkoztatottak-letszamara-es-szemelyi-juttatasaira-vonatkozo\/#breadcrumb","itemListElement":[{"@type":"ListItem","position":1,"name":"Kezd\u0151lap","item":"https:\/\/forraskut.hu\/"},{"@type":"ListItem","position":2,"name":"3_2_ k\u00f6zfeladatot ell\u00e1t\u00f3 szervn\u00e9l foglalkoztatottak l\u00e9tsz\u00e1m\u00e1ra \u00e9s szem\u00e9lyi juttat\u00e1saira vonatkoz\u00f3"}]},{"@type":"WebSite","@id":"https:\/\/forraskut.hu\/#website","url":"https:\/\/forraskut.hu\/","name":"forraskut.hu","description":"Forr\u00e1sk\u00fat k\u00f6zs\u00e9g hivatalos weboldala","potentialAction":[{"@type":"SearchAction","target":{"@type":"EntryPoint","urlTemplate":"https:\/\/forraskut.hu\/?s={search_term_string}"},"query-input":{"@type":"PropertyValueSpecification","valueRequired":true,"valueName":"search_term_string"}}],"inLanguage":"hu"}]}},"_links":{"self":[{"href":"https:\/\/forraskut.hu\/index.php\/wp-json\/wp\/v2\/pages\/470"}],"collection":[{"href":"https:\/\/forraskut.hu\/index.php\/wp-json\/wp\/v2\/pages"}],"about":[{"href":"https:\/\/forraskut.hu\/index.php\/wp-json\/wp\/v2\/types\/page"}],"author":[{"embeddable":true,"href":"https:\/\/forraskut.hu\/index.php\/wp-json\/wp\/v2\/users\/2"}],"replies":[{"embeddable":true,"href":"https:\/\/forraskut.hu\/index.php\/wp-json\/wp\/v2\/comments?post=470"}],"version-history":[{"count":0,"href":"https:\/\/forraskut.hu\/index.php\/wp-json\/wp\/v2\/pages\/470\/revisions"}],"wp:attachment":[{"href":"https:\/\/forraskut.hu\/index.php\/wp-json\/wp\/v2\/media?parent=470"}],"curies":[{"name":"wp","href":"https:\/\/api.w.org\/{rel}","templated":true}]}}