{"id":467,"date":"2017-11-22T17:49:30","date_gmt":"2017-11-22T16:49:30","guid":{"rendered":"http:\/\/forraskut.hu\/?page_id=467"},"modified":"2017-11-22T17:49:43","modified_gmt":"2017-11-22T16:49:43","slug":"2_19_kozfeladatot-ellato-szerv-kezeleseben-levo-a-kozadatok-ujrahasznositasarol-szolo-torveny-szerint-ujrahasznositas","status":"publish","type":"page","link":"https:\/\/forraskut.hu\/index.php\/2_19_kozfeladatot-ellato-szerv-kezeleseben-levo-a-kozadatok-ujrahasznositasarol-szolo-torveny-szerint-ujrahasznositas\/","title":{"rendered":"2_19_k\u00f6zfeladatot ell\u00e1t\u00f3 szerv kezel\u00e9s\u00e9ben lev\u0151, a k\u00f6zadatok \u00fajrahasznos\u00edt\u00e1s\u00e1r\u00f3l sz\u00f3l\u00f3 t\u00f6rv\u00e9ny szerint \u00fajrahasznos\u00edt\u00e1s"},"content":{"rendered":"<p><strong>A k\u00f6zfeladatot ell\u00e1t\u00f3 szerv kezel\u00e9s\u00e9ben lev\u0151, a k\u00f6zadatok \u00fajrahasznos\u00edt\u00e1s\u00e1r\u00f3l sz\u00f3l\u00f3 t\u00f6rv\u00e9ny szerint \u00fajrahasznos\u00edt\u00e1s c\u00e9lj\u00e1ra el\u00e9rhet\u0151 kultur\u00e1lis k\u00f6zadatok list\u00e1ja a rendelkez\u00e9sre \u00e1ll\u00f3 form\u00e1tumok megjel\u00f6l\u00e9s\u00e9vel, valamint a k\u00f6zfeladatot ell\u00e1t\u00f3 szerv kezel\u00e9s\u00e9ben lev\u0151, a k\u00f6zadatok \u00fajrahasznos\u00edt\u00e1s\u00e1r\u00f3l sz\u00f3l\u00f3 t\u00f6rv\u00e9ny szerint \u00fajrahasznos\u00edthat\u00f3 k\u00f6zadat t\u00edpusokr\u00f3l val\u00f3 t\u00e1j\u00e9koztat\u00e1s, a rendelkez\u00e9sre \u00e1ll\u00f3 form\u00e1tumok megjel\u00f6l\u00e9s\u00e9vel<\/strong><\/p>\n<p>Nem \u00e1ll rendelkez\u00e9sre<\/p>\n","protected":false},"excerpt":{"rendered":"<p>A k\u00f6zfeladatot ell\u00e1t\u00f3 szerv kezel\u00e9s\u00e9ben lev\u0151, a k\u00f6zadatok \u00fajrahasznos\u00edt\u00e1s\u00e1r\u00f3l sz\u00f3l\u00f3 t\u00f6rv\u00e9ny szerint \u00fajrahasznos\u00edt\u00e1s c\u00e9lj\u00e1ra el\u00e9rhet\u0151 kultur\u00e1lis k\u00f6zadatok list\u00e1ja a rendelkez\u00e9sre \u00e1ll\u00f3 form\u00e1tumok megjel\u00f6l\u00e9s\u00e9vel, valamint a k\u00f6zfeladatot ell\u00e1t\u00f3 szerv kezel\u00e9s\u00e9ben lev\u0151, a k\u00f6zadatok \u00fajrahasznos\u00edt\u00e1s\u00e1r\u00f3l sz\u00f3l\u00f3 t\u00f6rv\u00e9ny szerint \u00fajrahasznos\u00edthat\u00f3 k\u00f6zadat t\u00edpusokr\u00f3l val\u00f3 t\u00e1j\u00e9koztat\u00e1s, a rendelkez\u00e9sre \u00e1ll\u00f3 form\u00e1tumok megjel\u00f6l\u00e9s\u00e9vel Nem \u00e1ll rendelkez\u00e9sre<\/p>\n","protected":false},"author":2,"featured_media":0,"parent":0,"menu_order":0,"comment_status":"closed","ping_status":"closed","template":"","meta":{"_exactmetrics_skip_tracking":false,"_exactmetrics_sitenote_active":false,"_exactmetrics_sitenote_note":"","_exactmetrics_sitenote_category":0,"footnotes":""},"yoast_head":"<!-- This site is optimized with the Yoast SEO plugin v23.4 - https:\/\/yoast.com\/wordpress\/plugins\/seo\/ -->\n<title>2_19_k\u00f6zfeladatot ell\u00e1t\u00f3 szerv kezel\u00e9s\u00e9ben lev\u0151, a k\u00f6zadatok \u00fajrahasznos\u00edt\u00e1s\u00e1r\u00f3l sz\u00f3l\u00f3 t\u00f6rv\u00e9ny szerint \u00fajrahasznos\u00edt\u00e1s - forraskut.hu<\/title>\n<meta name=\"robots\" content=\"index, follow, max-snippet:-1, max-image-preview:large, max-video-preview:-1\" \/>\n<link rel=\"canonical\" href=\"https:\/\/forraskut.hu\/index.php\/2_19_kozfeladatot-ellato-szerv-kezeleseben-levo-a-kozadatok-ujrahasznositasarol-szolo-torveny-szerint-ujrahasznositas\/\" \/>\n<meta property=\"og:locale\" content=\"hu_HU\" \/>\n<meta property=\"og:type\" content=\"article\" \/>\n<meta property=\"og:title\" content=\"2_19_k\u00f6zfeladatot ell\u00e1t\u00f3 szerv kezel\u00e9s\u00e9ben lev\u0151, a k\u00f6zadatok \u00fajrahasznos\u00edt\u00e1s\u00e1r\u00f3l sz\u00f3l\u00f3 t\u00f6rv\u00e9ny szerint \u00fajrahasznos\u00edt\u00e1s - forraskut.hu\" \/>\n<meta property=\"og:description\" content=\"A k\u00f6zfeladatot ell\u00e1t\u00f3 szerv kezel\u00e9s\u00e9ben lev\u0151, a k\u00f6zadatok \u00fajrahasznos\u00edt\u00e1s\u00e1r\u00f3l sz\u00f3l\u00f3 t\u00f6rv\u00e9ny szerint \u00fajrahasznos\u00edt\u00e1s c\u00e9lj\u00e1ra el\u00e9rhet\u0151 kultur\u00e1lis k\u00f6zadatok list\u00e1ja a rendelkez\u00e9sre \u00e1ll\u00f3 form\u00e1tumok megjel\u00f6l\u00e9s\u00e9vel, valamint a k\u00f6zfeladatot ell\u00e1t\u00f3 szerv kezel\u00e9s\u00e9ben lev\u0151, a k\u00f6zadatok \u00fajrahasznos\u00edt\u00e1s\u00e1r\u00f3l sz\u00f3l\u00f3 t\u00f6rv\u00e9ny szerint \u00fajrahasznos\u00edthat\u00f3 k\u00f6zadat t\u00edpusokr\u00f3l val\u00f3 t\u00e1j\u00e9koztat\u00e1s, a rendelkez\u00e9sre \u00e1ll\u00f3 form\u00e1tumok megjel\u00f6l\u00e9s\u00e9vel Nem \u00e1ll rendelkez\u00e9sre\" \/>\n<meta property=\"og:url\" content=\"https:\/\/forraskut.hu\/index.php\/2_19_kozfeladatot-ellato-szerv-kezeleseben-levo-a-kozadatok-ujrahasznositasarol-szolo-torveny-szerint-ujrahasznositas\/\" \/>\n<meta property=\"og:site_name\" content=\"forraskut.hu\" \/>\n<meta property=\"article:modified_time\" content=\"2017-11-22T16:49:43+00:00\" \/>\n<meta name=\"twitter:card\" content=\"summary_large_image\" \/>\n<script type=\"application\/ld+json\" class=\"yoast-schema-graph\">{\"@context\":\"https:\/\/schema.org\",\"@graph\":[{\"@type\":\"WebPage\",\"@id\":\"https:\/\/forraskut.hu\/index.php\/2_19_kozfeladatot-ellato-szerv-kezeleseben-levo-a-kozadatok-ujrahasznositasarol-szolo-torveny-szerint-ujrahasznositas\/\",\"url\":\"https:\/\/forraskut.hu\/index.php\/2_19_kozfeladatot-ellato-szerv-kezeleseben-levo-a-kozadatok-ujrahasznositasarol-szolo-torveny-szerint-ujrahasznositas\/\",\"name\":\"2_19_k\u00f6zfeladatot ell\u00e1t\u00f3 szerv kezel\u00e9s\u00e9ben lev\u0151, a k\u00f6zadatok \u00fajrahasznos\u00edt\u00e1s\u00e1r\u00f3l sz\u00f3l\u00f3 t\u00f6rv\u00e9ny szerint \u00fajrahasznos\u00edt\u00e1s - forraskut.hu\",\"isPartOf\":{\"@id\":\"https:\/\/forraskut.hu\/#website\"},\"datePublished\":\"2017-11-22T16:49:30+00:00\",\"dateModified\":\"2017-11-22T16:49:43+00:00\",\"breadcrumb\":{\"@id\":\"https:\/\/forraskut.hu\/index.php\/2_19_kozfeladatot-ellato-szerv-kezeleseben-levo-a-kozadatok-ujrahasznositasarol-szolo-torveny-szerint-ujrahasznositas\/#breadcrumb\"},\"inLanguage\":\"hu\",\"potentialAction\":[{\"@type\":\"ReadAction\",\"target\":[\"https:\/\/forraskut.hu\/index.php\/2_19_kozfeladatot-ellato-szerv-kezeleseben-levo-a-kozadatok-ujrahasznositasarol-szolo-torveny-szerint-ujrahasznositas\/\"]}]},{\"@type\":\"BreadcrumbList\",\"@id\":\"https:\/\/forraskut.hu\/index.php\/2_19_kozfeladatot-ellato-szerv-kezeleseben-levo-a-kozadatok-ujrahasznositasarol-szolo-torveny-szerint-ujrahasznositas\/#breadcrumb\",\"itemListElement\":[{\"@type\":\"ListItem\",\"position\":1,\"name\":\"Kezd\u0151lap\",\"item\":\"https:\/\/forraskut.hu\/\"},{\"@type\":\"ListItem\",\"position\":2,\"name\":\"2_19_k\u00f6zfeladatot ell\u00e1t\u00f3 szerv kezel\u00e9s\u00e9ben lev\u0151, a k\u00f6zadatok \u00fajrahasznos\u00edt\u00e1s\u00e1r\u00f3l sz\u00f3l\u00f3 t\u00f6rv\u00e9ny szerint \u00fajrahasznos\u00edt\u00e1s\"}]},{\"@type\":\"WebSite\",\"@id\":\"https:\/\/forraskut.hu\/#website\",\"url\":\"https:\/\/forraskut.hu\/\",\"name\":\"forraskut.hu\",\"description\":\"Forr\u00e1sk\u00fat k\u00f6zs\u00e9g hivatalos weboldala\",\"potentialAction\":[{\"@type\":\"SearchAction\",\"target\":{\"@type\":\"EntryPoint\",\"urlTemplate\":\"https:\/\/forraskut.hu\/?s={search_term_string}\"},\"query-input\":{\"@type\":\"PropertyValueSpecification\",\"valueRequired\":true,\"valueName\":\"search_term_string\"}}],\"inLanguage\":\"hu\"}]}<\/script>\n<!-- \/ Yoast SEO plugin. -->","yoast_head_json":{"title":"2_19_k\u00f6zfeladatot ell\u00e1t\u00f3 szerv kezel\u00e9s\u00e9ben lev\u0151, a k\u00f6zadatok \u00fajrahasznos\u00edt\u00e1s\u00e1r\u00f3l sz\u00f3l\u00f3 t\u00f6rv\u00e9ny szerint \u00fajrahasznos\u00edt\u00e1s - forraskut.hu","robots":{"index":"index","follow":"follow","max-snippet":"max-snippet:-1","max-image-preview":"max-image-preview:large","max-video-preview":"max-video-preview:-1"},"canonical":"https:\/\/forraskut.hu\/index.php\/2_19_kozfeladatot-ellato-szerv-kezeleseben-levo-a-kozadatok-ujrahasznositasarol-szolo-torveny-szerint-ujrahasznositas\/","og_locale":"hu_HU","og_type":"article","og_title":"2_19_k\u00f6zfeladatot ell\u00e1t\u00f3 szerv kezel\u00e9s\u00e9ben lev\u0151, a k\u00f6zadatok \u00fajrahasznos\u00edt\u00e1s\u00e1r\u00f3l sz\u00f3l\u00f3 t\u00f6rv\u00e9ny szerint \u00fajrahasznos\u00edt\u00e1s - forraskut.hu","og_description":"A k\u00f6zfeladatot ell\u00e1t\u00f3 szerv kezel\u00e9s\u00e9ben lev\u0151, a k\u00f6zadatok \u00fajrahasznos\u00edt\u00e1s\u00e1r\u00f3l sz\u00f3l\u00f3 t\u00f6rv\u00e9ny szerint \u00fajrahasznos\u00edt\u00e1s c\u00e9lj\u00e1ra el\u00e9rhet\u0151 kultur\u00e1lis k\u00f6zadatok list\u00e1ja a rendelkez\u00e9sre \u00e1ll\u00f3 form\u00e1tumok megjel\u00f6l\u00e9s\u00e9vel, valamint a k\u00f6zfeladatot ell\u00e1t\u00f3 szerv kezel\u00e9s\u00e9ben lev\u0151, a k\u00f6zadatok \u00fajrahasznos\u00edt\u00e1s\u00e1r\u00f3l sz\u00f3l\u00f3 t\u00f6rv\u00e9ny szerint \u00fajrahasznos\u00edthat\u00f3 k\u00f6zadat t\u00edpusokr\u00f3l val\u00f3 t\u00e1j\u00e9koztat\u00e1s, a rendelkez\u00e9sre \u00e1ll\u00f3 form\u00e1tumok megjel\u00f6l\u00e9s\u00e9vel Nem \u00e1ll rendelkez\u00e9sre","og_url":"https:\/\/forraskut.hu\/index.php\/2_19_kozfeladatot-ellato-szerv-kezeleseben-levo-a-kozadatok-ujrahasznositasarol-szolo-torveny-szerint-ujrahasznositas\/","og_site_name":"forraskut.hu","article_modified_time":"2017-11-22T16:49:43+00:00","twitter_card":"summary_large_image","schema":{"@context":"https:\/\/schema.org","@graph":[{"@type":"WebPage","@id":"https:\/\/forraskut.hu\/index.php\/2_19_kozfeladatot-ellato-szerv-kezeleseben-levo-a-kozadatok-ujrahasznositasarol-szolo-torveny-szerint-ujrahasznositas\/","url":"https:\/\/forraskut.hu\/index.php\/2_19_kozfeladatot-ellato-szerv-kezeleseben-levo-a-kozadatok-ujrahasznositasarol-szolo-torveny-szerint-ujrahasznositas\/","name":"2_19_k\u00f6zfeladatot ell\u00e1t\u00f3 szerv kezel\u00e9s\u00e9ben lev\u0151, a k\u00f6zadatok \u00fajrahasznos\u00edt\u00e1s\u00e1r\u00f3l sz\u00f3l\u00f3 t\u00f6rv\u00e9ny szerint \u00fajrahasznos\u00edt\u00e1s - forraskut.hu","isPartOf":{"@id":"https:\/\/forraskut.hu\/#website"},"datePublished":"2017-11-22T16:49:30+00:00","dateModified":"2017-11-22T16:49:43+00:00","breadcrumb":{"@id":"https:\/\/forraskut.hu\/index.php\/2_19_kozfeladatot-ellato-szerv-kezeleseben-levo-a-kozadatok-ujrahasznositasarol-szolo-torveny-szerint-ujrahasznositas\/#breadcrumb"},"inLanguage":"hu","potentialAction":[{"@type":"ReadAction","target":["https:\/\/forraskut.hu\/index.php\/2_19_kozfeladatot-ellato-szerv-kezeleseben-levo-a-kozadatok-ujrahasznositasarol-szolo-torveny-szerint-ujrahasznositas\/"]}]},{"@type":"BreadcrumbList","@id":"https:\/\/forraskut.hu\/index.php\/2_19_kozfeladatot-ellato-szerv-kezeleseben-levo-a-kozadatok-ujrahasznositasarol-szolo-torveny-szerint-ujrahasznositas\/#breadcrumb","itemListElement":[{"@type":"ListItem","position":1,"name":"Kezd\u0151lap","item":"https:\/\/forraskut.hu\/"},{"@type":"ListItem","position":2,"name":"2_19_k\u00f6zfeladatot ell\u00e1t\u00f3 szerv kezel\u00e9s\u00e9ben lev\u0151, a k\u00f6zadatok \u00fajrahasznos\u00edt\u00e1s\u00e1r\u00f3l sz\u00f3l\u00f3 t\u00f6rv\u00e9ny szerint \u00fajrahasznos\u00edt\u00e1s"}]},{"@type":"WebSite","@id":"https:\/\/forraskut.hu\/#website","url":"https:\/\/forraskut.hu\/","name":"forraskut.hu","description":"Forr\u00e1sk\u00fat k\u00f6zs\u00e9g hivatalos weboldala","potentialAction":[{"@type":"SearchAction","target":{"@type":"EntryPoint","urlTemplate":"https:\/\/forraskut.hu\/?s={search_term_string}"},"query-input":{"@type":"PropertyValueSpecification","valueRequired":true,"valueName":"search_term_string"}}],"inLanguage":"hu"}]}},"_links":{"self":[{"href":"https:\/\/forraskut.hu\/index.php\/wp-json\/wp\/v2\/pages\/467"}],"collection":[{"href":"https:\/\/forraskut.hu\/index.php\/wp-json\/wp\/v2\/pages"}],"about":[{"href":"https:\/\/forraskut.hu\/index.php\/wp-json\/wp\/v2\/types\/page"}],"author":[{"embeddable":true,"href":"https:\/\/forraskut.hu\/index.php\/wp-json\/wp\/v2\/users\/2"}],"replies":[{"embeddable":true,"href":"https:\/\/forraskut.hu\/index.php\/wp-json\/wp\/v2\/comments?post=467"}],"version-history":[{"count":0,"href":"https:\/\/forraskut.hu\/index.php\/wp-json\/wp\/v2\/pages\/467\/revisions"}],"wp:attachment":[{"href":"https:\/\/forraskut.hu\/index.php\/wp-json\/wp\/v2\/media?parent=467"}],"curies":[{"name":"wp","href":"https:\/\/api.w.org\/{rel}","templated":true}]}}