{"id":452,"date":"2017-11-22T17:44:19","date_gmt":"2017-11-22T16:44:19","guid":{"rendered":"http:\/\/forraskut.hu\/?page_id=452"},"modified":"2017-11-22T17:44:19","modified_gmt":"2017-11-22T16:44:19","slug":"2_14_kozfeladatot-ellato-szerv-tevekenysegere-vonatkozo-jogszabalyon-alapulo-statisztikai-adatgyujtes-eredmenyei","status":"publish","type":"page","link":"https:\/\/forraskut.hu\/index.php\/2_14_kozfeladatot-ellato-szerv-tevekenysegere-vonatkozo-jogszabalyon-alapulo-statisztikai-adatgyujtes-eredmenyei\/","title":{"rendered":"2_14_k\u00f6zfeladatot ell\u00e1t\u00f3 szerv tev\u00e9kenys\u00e9g\u00e9re vonatkoz\u00f3, jogszab\u00e1lyon alapul\u00f3 statisztikai adatgy\u0171jt\u00e9s eredm\u00e9nyei"},"content":{"rendered":"<p><strong>A k\u00f6zfeladatot ell\u00e1t\u00f3 szerv tev\u00e9kenys\u00e9g\u00e9re vonatkoz\u00f3, jogszab\u00e1lyon alapul\u00f3 statisztikai adatgy\u0171jt\u00e9s eredm\u00e9nyei, id\u0151beli v\u00e1ltoz\u00e1suk:<\/strong><\/p>\n<p>Nem \u00e1ll rendelkez\u00e9sre.<\/p>\n","protected":false},"excerpt":{"rendered":"<p>A k\u00f6zfeladatot ell\u00e1t\u00f3 szerv tev\u00e9kenys\u00e9g\u00e9re vonatkoz\u00f3, jogszab\u00e1lyon alapul\u00f3 statisztikai adatgy\u0171jt\u00e9s eredm\u00e9nyei, id\u0151beli v\u00e1ltoz\u00e1suk: Nem \u00e1ll rendelkez\u00e9sre.<\/p>\n","protected":false},"author":2,"featured_media":0,"parent":0,"menu_order":0,"comment_status":"closed","ping_status":"closed","template":"","meta":{"_exactmetrics_skip_tracking":false,"_exactmetrics_sitenote_active":false,"_exactmetrics_sitenote_note":"","_exactmetrics_sitenote_category":0,"footnotes":""},"yoast_head":"<!-- This site is optimized with the Yoast SEO plugin v23.4 - https:\/\/yoast.com\/wordpress\/plugins\/seo\/ -->\n<title>2_14_k\u00f6zfeladatot ell\u00e1t\u00f3 szerv tev\u00e9kenys\u00e9g\u00e9re vonatkoz\u00f3, jogszab\u00e1lyon alapul\u00f3 statisztikai adatgy\u0171jt\u00e9s eredm\u00e9nyei - forraskut.hu<\/title>\n<meta name=\"robots\" content=\"index, follow, max-snippet:-1, max-image-preview:large, max-video-preview:-1\" \/>\n<link rel=\"canonical\" href=\"https:\/\/forraskut.hu\/index.php\/2_14_kozfeladatot-ellato-szerv-tevekenysegere-vonatkozo-jogszabalyon-alapulo-statisztikai-adatgyujtes-eredmenyei\/\" \/>\n<meta property=\"og:locale\" content=\"hu_HU\" \/>\n<meta property=\"og:type\" content=\"article\" \/>\n<meta property=\"og:title\" content=\"2_14_k\u00f6zfeladatot ell\u00e1t\u00f3 szerv tev\u00e9kenys\u00e9g\u00e9re vonatkoz\u00f3, jogszab\u00e1lyon alapul\u00f3 statisztikai adatgy\u0171jt\u00e9s eredm\u00e9nyei - forraskut.hu\" \/>\n<meta property=\"og:description\" content=\"A k\u00f6zfeladatot ell\u00e1t\u00f3 szerv tev\u00e9kenys\u00e9g\u00e9re vonatkoz\u00f3, jogszab\u00e1lyon alapul\u00f3 statisztikai adatgy\u0171jt\u00e9s eredm\u00e9nyei, id\u0151beli v\u00e1ltoz\u00e1suk: Nem \u00e1ll rendelkez\u00e9sre.\" \/>\n<meta property=\"og:url\" content=\"https:\/\/forraskut.hu\/index.php\/2_14_kozfeladatot-ellato-szerv-tevekenysegere-vonatkozo-jogszabalyon-alapulo-statisztikai-adatgyujtes-eredmenyei\/\" \/>\n<meta property=\"og:site_name\" content=\"forraskut.hu\" \/>\n<meta name=\"twitter:card\" content=\"summary_large_image\" \/>\n<script type=\"application\/ld+json\" class=\"yoast-schema-graph\">{\"@context\":\"https:\/\/schema.org\",\"@graph\":[{\"@type\":\"WebPage\",\"@id\":\"https:\/\/forraskut.hu\/index.php\/2_14_kozfeladatot-ellato-szerv-tevekenysegere-vonatkozo-jogszabalyon-alapulo-statisztikai-adatgyujtes-eredmenyei\/\",\"url\":\"https:\/\/forraskut.hu\/index.php\/2_14_kozfeladatot-ellato-szerv-tevekenysegere-vonatkozo-jogszabalyon-alapulo-statisztikai-adatgyujtes-eredmenyei\/\",\"name\":\"2_14_k\u00f6zfeladatot ell\u00e1t\u00f3 szerv tev\u00e9kenys\u00e9g\u00e9re vonatkoz\u00f3, jogszab\u00e1lyon alapul\u00f3 statisztikai adatgy\u0171jt\u00e9s eredm\u00e9nyei - forraskut.hu\",\"isPartOf\":{\"@id\":\"https:\/\/forraskut.hu\/#website\"},\"datePublished\":\"2017-11-22T16:44:19+00:00\",\"dateModified\":\"2017-11-22T16:44:19+00:00\",\"breadcrumb\":{\"@id\":\"https:\/\/forraskut.hu\/index.php\/2_14_kozfeladatot-ellato-szerv-tevekenysegere-vonatkozo-jogszabalyon-alapulo-statisztikai-adatgyujtes-eredmenyei\/#breadcrumb\"},\"inLanguage\":\"hu\",\"potentialAction\":[{\"@type\":\"ReadAction\",\"target\":[\"https:\/\/forraskut.hu\/index.php\/2_14_kozfeladatot-ellato-szerv-tevekenysegere-vonatkozo-jogszabalyon-alapulo-statisztikai-adatgyujtes-eredmenyei\/\"]}]},{\"@type\":\"BreadcrumbList\",\"@id\":\"https:\/\/forraskut.hu\/index.php\/2_14_kozfeladatot-ellato-szerv-tevekenysegere-vonatkozo-jogszabalyon-alapulo-statisztikai-adatgyujtes-eredmenyei\/#breadcrumb\",\"itemListElement\":[{\"@type\":\"ListItem\",\"position\":1,\"name\":\"Kezd\u0151lap\",\"item\":\"https:\/\/forraskut.hu\/\"},{\"@type\":\"ListItem\",\"position\":2,\"name\":\"2_14_k\u00f6zfeladatot ell\u00e1t\u00f3 szerv tev\u00e9kenys\u00e9g\u00e9re vonatkoz\u00f3, jogszab\u00e1lyon alapul\u00f3 statisztikai adatgy\u0171jt\u00e9s eredm\u00e9nyei\"}]},{\"@type\":\"WebSite\",\"@id\":\"https:\/\/forraskut.hu\/#website\",\"url\":\"https:\/\/forraskut.hu\/\",\"name\":\"forraskut.hu\",\"description\":\"Forr\u00e1sk\u00fat k\u00f6zs\u00e9g hivatalos weboldala\",\"potentialAction\":[{\"@type\":\"SearchAction\",\"target\":{\"@type\":\"EntryPoint\",\"urlTemplate\":\"https:\/\/forraskut.hu\/?s={search_term_string}\"},\"query-input\":{\"@type\":\"PropertyValueSpecification\",\"valueRequired\":true,\"valueName\":\"search_term_string\"}}],\"inLanguage\":\"hu\"}]}<\/script>\n<!-- \/ Yoast SEO plugin. -->","yoast_head_json":{"title":"2_14_k\u00f6zfeladatot ell\u00e1t\u00f3 szerv tev\u00e9kenys\u00e9g\u00e9re vonatkoz\u00f3, jogszab\u00e1lyon alapul\u00f3 statisztikai adatgy\u0171jt\u00e9s eredm\u00e9nyei - forraskut.hu","robots":{"index":"index","follow":"follow","max-snippet":"max-snippet:-1","max-image-preview":"max-image-preview:large","max-video-preview":"max-video-preview:-1"},"canonical":"https:\/\/forraskut.hu\/index.php\/2_14_kozfeladatot-ellato-szerv-tevekenysegere-vonatkozo-jogszabalyon-alapulo-statisztikai-adatgyujtes-eredmenyei\/","og_locale":"hu_HU","og_type":"article","og_title":"2_14_k\u00f6zfeladatot ell\u00e1t\u00f3 szerv tev\u00e9kenys\u00e9g\u00e9re vonatkoz\u00f3, jogszab\u00e1lyon alapul\u00f3 statisztikai adatgy\u0171jt\u00e9s eredm\u00e9nyei - forraskut.hu","og_description":"A k\u00f6zfeladatot ell\u00e1t\u00f3 szerv tev\u00e9kenys\u00e9g\u00e9re vonatkoz\u00f3, jogszab\u00e1lyon alapul\u00f3 statisztikai adatgy\u0171jt\u00e9s eredm\u00e9nyei, id\u0151beli v\u00e1ltoz\u00e1suk: Nem \u00e1ll rendelkez\u00e9sre.","og_url":"https:\/\/forraskut.hu\/index.php\/2_14_kozfeladatot-ellato-szerv-tevekenysegere-vonatkozo-jogszabalyon-alapulo-statisztikai-adatgyujtes-eredmenyei\/","og_site_name":"forraskut.hu","twitter_card":"summary_large_image","schema":{"@context":"https:\/\/schema.org","@graph":[{"@type":"WebPage","@id":"https:\/\/forraskut.hu\/index.php\/2_14_kozfeladatot-ellato-szerv-tevekenysegere-vonatkozo-jogszabalyon-alapulo-statisztikai-adatgyujtes-eredmenyei\/","url":"https:\/\/forraskut.hu\/index.php\/2_14_kozfeladatot-ellato-szerv-tevekenysegere-vonatkozo-jogszabalyon-alapulo-statisztikai-adatgyujtes-eredmenyei\/","name":"2_14_k\u00f6zfeladatot ell\u00e1t\u00f3 szerv tev\u00e9kenys\u00e9g\u00e9re vonatkoz\u00f3, jogszab\u00e1lyon alapul\u00f3 statisztikai adatgy\u0171jt\u00e9s eredm\u00e9nyei - forraskut.hu","isPartOf":{"@id":"https:\/\/forraskut.hu\/#website"},"datePublished":"2017-11-22T16:44:19+00:00","dateModified":"2017-11-22T16:44:19+00:00","breadcrumb":{"@id":"https:\/\/forraskut.hu\/index.php\/2_14_kozfeladatot-ellato-szerv-tevekenysegere-vonatkozo-jogszabalyon-alapulo-statisztikai-adatgyujtes-eredmenyei\/#breadcrumb"},"inLanguage":"hu","potentialAction":[{"@type":"ReadAction","target":["https:\/\/forraskut.hu\/index.php\/2_14_kozfeladatot-ellato-szerv-tevekenysegere-vonatkozo-jogszabalyon-alapulo-statisztikai-adatgyujtes-eredmenyei\/"]}]},{"@type":"BreadcrumbList","@id":"https:\/\/forraskut.hu\/index.php\/2_14_kozfeladatot-ellato-szerv-tevekenysegere-vonatkozo-jogszabalyon-alapulo-statisztikai-adatgyujtes-eredmenyei\/#breadcrumb","itemListElement":[{"@type":"ListItem","position":1,"name":"Kezd\u0151lap","item":"https:\/\/forraskut.hu\/"},{"@type":"ListItem","position":2,"name":"2_14_k\u00f6zfeladatot ell\u00e1t\u00f3 szerv tev\u00e9kenys\u00e9g\u00e9re vonatkoz\u00f3, jogszab\u00e1lyon alapul\u00f3 statisztikai adatgy\u0171jt\u00e9s eredm\u00e9nyei"}]},{"@type":"WebSite","@id":"https:\/\/forraskut.hu\/#website","url":"https:\/\/forraskut.hu\/","name":"forraskut.hu","description":"Forr\u00e1sk\u00fat k\u00f6zs\u00e9g hivatalos weboldala","potentialAction":[{"@type":"SearchAction","target":{"@type":"EntryPoint","urlTemplate":"https:\/\/forraskut.hu\/?s={search_term_string}"},"query-input":{"@type":"PropertyValueSpecification","valueRequired":true,"valueName":"search_term_string"}}],"inLanguage":"hu"}]}},"_links":{"self":[{"href":"https:\/\/forraskut.hu\/index.php\/wp-json\/wp\/v2\/pages\/452"}],"collection":[{"href":"https:\/\/forraskut.hu\/index.php\/wp-json\/wp\/v2\/pages"}],"about":[{"href":"https:\/\/forraskut.hu\/index.php\/wp-json\/wp\/v2\/types\/page"}],"author":[{"embeddable":true,"href":"https:\/\/forraskut.hu\/index.php\/wp-json\/wp\/v2\/users\/2"}],"replies":[{"embeddable":true,"href":"https:\/\/forraskut.hu\/index.php\/wp-json\/wp\/v2\/comments?post=452"}],"version-history":[{"count":0,"href":"https:\/\/forraskut.hu\/index.php\/wp-json\/wp\/v2\/pages\/452\/revisions"}],"wp:attachment":[{"href":"https:\/\/forraskut.hu\/index.php\/wp-json\/wp\/v2\/media?parent=452"}],"curies":[{"name":"wp","href":"https:\/\/api.w.org\/{rel}","templated":true}]}}