{"id":438,"date":"2017-11-22T17:35:28","date_gmt":"2017-11-22T16:35:28","guid":{"rendered":"http:\/\/forraskut.hu\/?page_id=438"},"modified":"2017-11-22T17:35:28","modified_gmt":"2017-11-22T16:35:28","slug":"2_8_a-testuleti-szerv-dontesei-elokeszitesenek-rendje-az-allampolgari","status":"publish","type":"page","link":"https:\/\/forraskut.hu\/index.php\/2_8_a-testuleti-szerv-dontesei-elokeszitesenek-rendje-az-allampolgari\/","title":{"rendered":"2_8_A test\u00fcleti szerv d\u00f6nt\u00e9sei el\u0151k\u00e9sz\u00edt\u00e9s\u00e9nek rendje, az \u00e1llampolg\u00e1ri"},"content":{"rendered":"<p><strong>A test\u00fcleti szerv d\u00f6nt\u00e9sei el\u0151k\u00e9sz\u00edt\u00e9s\u00e9nek rendje, az \u00e1llampolg\u00e1ri k\u00f6zrem\u0171k\u00f6d\u00e9s (v\u00e9lem\u00e9nyez\u00e9s) m\u00f3dja, elj\u00e1r\u00e1si szab\u00e1lyai, a test\u00fcleti szerv \u00fcl\u00e9seinek helye, ideje, tov\u00e1bb\u00e1 nyilv\u00e1noss\u00e1ga, d\u00f6nt\u00e9sei, \u00fcl\u00e9s\u00e9nek jegyz\u0151k\u00f6nyvei, illetve \u00f6sszefoglal\u00f3i; a test\u00fcleti szerv szavaz\u00e1s\u00e1nak adatai, ha ezt jogszab\u00e1ly nem korl\u00e1tozza<\/strong><\/p>\n<p><a href=\"http:\/\/njt.hu\/njtonkorm.php?njtcp=eh3eg2ed5dr0eo5dt0ee5em6cj9bx0cb1bx2cd7bw2by7m\" target=\"_blank\" rel=\"noopener\">Forr\u00e1sk\u00fat K\u00f6zs\u00e9g \u00d6nkorm\u00e1nyzat\u00e1nak K\u00e9pvisel\u0151-test\u00fclete \u00e9s szervei Szervezeti \u00e9s M\u0171k\u00f6d\u00e9si Szab\u00e1lyzata<\/a><\/p>\n","protected":false},"excerpt":{"rendered":"<p>A test\u00fcleti szerv d\u00f6nt\u00e9sei el\u0151k\u00e9sz\u00edt\u00e9s\u00e9nek rendje, az \u00e1llampolg\u00e1ri k\u00f6zrem\u0171k\u00f6d\u00e9s (v\u00e9lem\u00e9nyez\u00e9s) m\u00f3dja, elj\u00e1r\u00e1si szab\u00e1lyai, a test\u00fcleti szerv \u00fcl\u00e9seinek helye, ideje, tov\u00e1bb\u00e1 nyilv\u00e1noss\u00e1ga, d\u00f6nt\u00e9sei, \u00fcl\u00e9s\u00e9nek jegyz\u0151k\u00f6nyvei, illetve \u00f6sszefoglal\u00f3i; a test\u00fcleti szerv szavaz\u00e1s\u00e1nak adatai, ha ezt jogszab\u00e1ly nem korl\u00e1tozza Forr\u00e1sk\u00fat K\u00f6zs\u00e9g \u00d6nkorm\u00e1nyzat\u00e1nak K\u00e9pvisel\u0151-test\u00fclete \u00e9s szervei Szervezeti \u00e9s M\u0171k\u00f6d\u00e9si Szab\u00e1lyzata<\/p>\n","protected":false},"author":2,"featured_media":0,"parent":0,"menu_order":0,"comment_status":"closed","ping_status":"closed","template":"","meta":{"_exactmetrics_skip_tracking":false,"_exactmetrics_sitenote_active":false,"_exactmetrics_sitenote_note":"","_exactmetrics_sitenote_category":0,"footnotes":""},"yoast_head":"<!-- This site is optimized with the Yoast SEO plugin v23.4 - https:\/\/yoast.com\/wordpress\/plugins\/seo\/ -->\n<title>2_8_A test\u00fcleti szerv d\u00f6nt\u00e9sei el\u0151k\u00e9sz\u00edt\u00e9s\u00e9nek rendje, az \u00e1llampolg\u00e1ri - forraskut.hu<\/title>\n<meta name=\"robots\" content=\"index, follow, max-snippet:-1, max-image-preview:large, max-video-preview:-1\" \/>\n<link rel=\"canonical\" href=\"https:\/\/forraskut.hu\/index.php\/2_8_a-testuleti-szerv-dontesei-elokeszitesenek-rendje-az-allampolgari\/\" \/>\n<meta property=\"og:locale\" content=\"hu_HU\" \/>\n<meta property=\"og:type\" content=\"article\" \/>\n<meta property=\"og:title\" content=\"2_8_A test\u00fcleti szerv d\u00f6nt\u00e9sei el\u0151k\u00e9sz\u00edt\u00e9s\u00e9nek rendje, az \u00e1llampolg\u00e1ri - forraskut.hu\" \/>\n<meta property=\"og:description\" content=\"A test\u00fcleti szerv d\u00f6nt\u00e9sei el\u0151k\u00e9sz\u00edt\u00e9s\u00e9nek rendje, az \u00e1llampolg\u00e1ri k\u00f6zrem\u0171k\u00f6d\u00e9s (v\u00e9lem\u00e9nyez\u00e9s) m\u00f3dja, elj\u00e1r\u00e1si szab\u00e1lyai, a test\u00fcleti szerv \u00fcl\u00e9seinek helye, ideje, tov\u00e1bb\u00e1 nyilv\u00e1noss\u00e1ga, d\u00f6nt\u00e9sei, \u00fcl\u00e9s\u00e9nek jegyz\u0151k\u00f6nyvei, illetve \u00f6sszefoglal\u00f3i; a test\u00fcleti szerv szavaz\u00e1s\u00e1nak adatai, ha ezt jogszab\u00e1ly nem korl\u00e1tozza Forr\u00e1sk\u00fat K\u00f6zs\u00e9g \u00d6nkorm\u00e1nyzat\u00e1nak K\u00e9pvisel\u0151-test\u00fclete \u00e9s szervei Szervezeti \u00e9s M\u0171k\u00f6d\u00e9si Szab\u00e1lyzata\" \/>\n<meta property=\"og:url\" content=\"https:\/\/forraskut.hu\/index.php\/2_8_a-testuleti-szerv-dontesei-elokeszitesenek-rendje-az-allampolgari\/\" \/>\n<meta property=\"og:site_name\" content=\"forraskut.hu\" \/>\n<meta name=\"twitter:card\" content=\"summary_large_image\" \/>\n<script type=\"application\/ld+json\" class=\"yoast-schema-graph\">{\"@context\":\"https:\/\/schema.org\",\"@graph\":[{\"@type\":\"WebPage\",\"@id\":\"https:\/\/forraskut.hu\/index.php\/2_8_a-testuleti-szerv-dontesei-elokeszitesenek-rendje-az-allampolgari\/\",\"url\":\"https:\/\/forraskut.hu\/index.php\/2_8_a-testuleti-szerv-dontesei-elokeszitesenek-rendje-az-allampolgari\/\",\"name\":\"2_8_A test\u00fcleti szerv d\u00f6nt\u00e9sei el\u0151k\u00e9sz\u00edt\u00e9s\u00e9nek rendje, az \u00e1llampolg\u00e1ri - forraskut.hu\",\"isPartOf\":{\"@id\":\"https:\/\/forraskut.hu\/#website\"},\"datePublished\":\"2017-11-22T16:35:28+00:00\",\"dateModified\":\"2017-11-22T16:35:28+00:00\",\"breadcrumb\":{\"@id\":\"https:\/\/forraskut.hu\/index.php\/2_8_a-testuleti-szerv-dontesei-elokeszitesenek-rendje-az-allampolgari\/#breadcrumb\"},\"inLanguage\":\"hu\",\"potentialAction\":[{\"@type\":\"ReadAction\",\"target\":[\"https:\/\/forraskut.hu\/index.php\/2_8_a-testuleti-szerv-dontesei-elokeszitesenek-rendje-az-allampolgari\/\"]}]},{\"@type\":\"BreadcrumbList\",\"@id\":\"https:\/\/forraskut.hu\/index.php\/2_8_a-testuleti-szerv-dontesei-elokeszitesenek-rendje-az-allampolgari\/#breadcrumb\",\"itemListElement\":[{\"@type\":\"ListItem\",\"position\":1,\"name\":\"Kezd\u0151lap\",\"item\":\"https:\/\/forraskut.hu\/\"},{\"@type\":\"ListItem\",\"position\":2,\"name\":\"2_8_A test\u00fcleti szerv d\u00f6nt\u00e9sei el\u0151k\u00e9sz\u00edt\u00e9s\u00e9nek rendje, az \u00e1llampolg\u00e1ri\"}]},{\"@type\":\"WebSite\",\"@id\":\"https:\/\/forraskut.hu\/#website\",\"url\":\"https:\/\/forraskut.hu\/\",\"name\":\"forraskut.hu\",\"description\":\"Forr\u00e1sk\u00fat k\u00f6zs\u00e9g hivatalos weboldala\",\"potentialAction\":[{\"@type\":\"SearchAction\",\"target\":{\"@type\":\"EntryPoint\",\"urlTemplate\":\"https:\/\/forraskut.hu\/?s={search_term_string}\"},\"query-input\":{\"@type\":\"PropertyValueSpecification\",\"valueRequired\":true,\"valueName\":\"search_term_string\"}}],\"inLanguage\":\"hu\"}]}<\/script>\n<!-- \/ Yoast SEO plugin. -->","yoast_head_json":{"title":"2_8_A test\u00fcleti szerv d\u00f6nt\u00e9sei el\u0151k\u00e9sz\u00edt\u00e9s\u00e9nek rendje, az \u00e1llampolg\u00e1ri - forraskut.hu","robots":{"index":"index","follow":"follow","max-snippet":"max-snippet:-1","max-image-preview":"max-image-preview:large","max-video-preview":"max-video-preview:-1"},"canonical":"https:\/\/forraskut.hu\/index.php\/2_8_a-testuleti-szerv-dontesei-elokeszitesenek-rendje-az-allampolgari\/","og_locale":"hu_HU","og_type":"article","og_title":"2_8_A test\u00fcleti szerv d\u00f6nt\u00e9sei el\u0151k\u00e9sz\u00edt\u00e9s\u00e9nek rendje, az \u00e1llampolg\u00e1ri - forraskut.hu","og_description":"A test\u00fcleti szerv d\u00f6nt\u00e9sei el\u0151k\u00e9sz\u00edt\u00e9s\u00e9nek rendje, az \u00e1llampolg\u00e1ri k\u00f6zrem\u0171k\u00f6d\u00e9s (v\u00e9lem\u00e9nyez\u00e9s) m\u00f3dja, elj\u00e1r\u00e1si szab\u00e1lyai, a test\u00fcleti szerv \u00fcl\u00e9seinek helye, ideje, tov\u00e1bb\u00e1 nyilv\u00e1noss\u00e1ga, d\u00f6nt\u00e9sei, \u00fcl\u00e9s\u00e9nek jegyz\u0151k\u00f6nyvei, illetve \u00f6sszefoglal\u00f3i; a test\u00fcleti szerv szavaz\u00e1s\u00e1nak adatai, ha ezt jogszab\u00e1ly nem korl\u00e1tozza Forr\u00e1sk\u00fat K\u00f6zs\u00e9g \u00d6nkorm\u00e1nyzat\u00e1nak K\u00e9pvisel\u0151-test\u00fclete \u00e9s szervei Szervezeti \u00e9s M\u0171k\u00f6d\u00e9si Szab\u00e1lyzata","og_url":"https:\/\/forraskut.hu\/index.php\/2_8_a-testuleti-szerv-dontesei-elokeszitesenek-rendje-az-allampolgari\/","og_site_name":"forraskut.hu","twitter_card":"summary_large_image","schema":{"@context":"https:\/\/schema.org","@graph":[{"@type":"WebPage","@id":"https:\/\/forraskut.hu\/index.php\/2_8_a-testuleti-szerv-dontesei-elokeszitesenek-rendje-az-allampolgari\/","url":"https:\/\/forraskut.hu\/index.php\/2_8_a-testuleti-szerv-dontesei-elokeszitesenek-rendje-az-allampolgari\/","name":"2_8_A test\u00fcleti szerv d\u00f6nt\u00e9sei el\u0151k\u00e9sz\u00edt\u00e9s\u00e9nek rendje, az \u00e1llampolg\u00e1ri - forraskut.hu","isPartOf":{"@id":"https:\/\/forraskut.hu\/#website"},"datePublished":"2017-11-22T16:35:28+00:00","dateModified":"2017-11-22T16:35:28+00:00","breadcrumb":{"@id":"https:\/\/forraskut.hu\/index.php\/2_8_a-testuleti-szerv-dontesei-elokeszitesenek-rendje-az-allampolgari\/#breadcrumb"},"inLanguage":"hu","potentialAction":[{"@type":"ReadAction","target":["https:\/\/forraskut.hu\/index.php\/2_8_a-testuleti-szerv-dontesei-elokeszitesenek-rendje-az-allampolgari\/"]}]},{"@type":"BreadcrumbList","@id":"https:\/\/forraskut.hu\/index.php\/2_8_a-testuleti-szerv-dontesei-elokeszitesenek-rendje-az-allampolgari\/#breadcrumb","itemListElement":[{"@type":"ListItem","position":1,"name":"Kezd\u0151lap","item":"https:\/\/forraskut.hu\/"},{"@type":"ListItem","position":2,"name":"2_8_A test\u00fcleti szerv d\u00f6nt\u00e9sei el\u0151k\u00e9sz\u00edt\u00e9s\u00e9nek rendje, az \u00e1llampolg\u00e1ri"}]},{"@type":"WebSite","@id":"https:\/\/forraskut.hu\/#website","url":"https:\/\/forraskut.hu\/","name":"forraskut.hu","description":"Forr\u00e1sk\u00fat k\u00f6zs\u00e9g hivatalos weboldala","potentialAction":[{"@type":"SearchAction","target":{"@type":"EntryPoint","urlTemplate":"https:\/\/forraskut.hu\/?s={search_term_string}"},"query-input":{"@type":"PropertyValueSpecification","valueRequired":true,"valueName":"search_term_string"}}],"inLanguage":"hu"}]}},"_links":{"self":[{"href":"https:\/\/forraskut.hu\/index.php\/wp-json\/wp\/v2\/pages\/438"}],"collection":[{"href":"https:\/\/forraskut.hu\/index.php\/wp-json\/wp\/v2\/pages"}],"about":[{"href":"https:\/\/forraskut.hu\/index.php\/wp-json\/wp\/v2\/types\/page"}],"author":[{"embeddable":true,"href":"https:\/\/forraskut.hu\/index.php\/wp-json\/wp\/v2\/users\/2"}],"replies":[{"embeddable":true,"href":"https:\/\/forraskut.hu\/index.php\/wp-json\/wp\/v2\/comments?post=438"}],"version-history":[{"count":0,"href":"https:\/\/forraskut.hu\/index.php\/wp-json\/wp\/v2\/pages\/438\/revisions"}],"wp:attachment":[{"href":"https:\/\/forraskut.hu\/index.php\/wp-json\/wp\/v2\/media?parent=438"}],"curies":[{"name":"wp","href":"https:\/\/api.w.org\/{rel}","templated":true}]}}