{"id":429,"date":"2017-11-22T17:30:29","date_gmt":"2017-11-22T16:30:29","guid":{"rendered":"http:\/\/forraskut.hu\/?page_id=429"},"modified":"2017-11-22T17:30:29","modified_gmt":"2017-11-22T16:30:29","slug":"2_5_kozfeladatot-ellato-szerv-altal-nyujtott-vagy-koltsegvetesebol-finanszirozott-kozszolgaltatasok-megnevezese","status":"publish","type":"page","link":"https:\/\/forraskut.hu\/index.php\/2_5_kozfeladatot-ellato-szerv-altal-nyujtott-vagy-koltsegvetesebol-finanszirozott-kozszolgaltatasok-megnevezese\/","title":{"rendered":"2_5_k\u00f6zfeladatot ell\u00e1t\u00f3 szerv \u00e1ltal ny\u00fajtott vagy k\u00f6lts\u00e9gvet\u00e9s\u00e9b\u0151l finansz\u00edrozott k\u00f6zszolg\u00e1ltat\u00e1sok megnevez\u00e9se,"},"content":{"rendered":"<p><strong>A k\u00f6zfeladatot ell\u00e1t\u00f3 szerv \u00e1ltal ny\u00fajtott vagy k\u00f6lts\u00e9gvet\u00e9s\u00e9b\u0151l finansz\u00edrozott k\u00f6zszolg\u00e1ltat\u00e1sok megnevez\u00e9se, tartalma, a k\u00f6zszolg\u00e1ltat\u00e1sok ig\u00e9nybev\u00e9tel\u00e9nek rendje, a k\u00f6zszolg\u00e1ltat\u00e1s\u00e9rt fizetend\u0151 d\u00edj m\u00e9rt\u00e9ke, az abb\u00f3l adott kedvezm\u00e9nyek:<\/strong><\/p>\n<p><a href=\"http:\/\/njt.hu\/njtonkorm.php?njtcp=eh0eg1ed8dr7eo8dt5ee4em7cj0by7bw6cb9bw0by1by6h\" target=\"_blank\" rel=\"noopener\">A telep\u00fcl\u00e9si szil\u00e1rd hullad\u00e9kgazd\u00e1lkod\u00e1si k\u00f6zszolg\u00e1ltat\u00e1sr\u00f3l sz\u00f3l\u00f3 \u00f6nkorm\u00e1nyzati rendelet<\/a><\/p>\n","protected":false},"excerpt":{"rendered":"<p>A k\u00f6zfeladatot ell\u00e1t\u00f3 szerv \u00e1ltal ny\u00fajtott vagy k\u00f6lts\u00e9gvet\u00e9s\u00e9b\u0151l finansz\u00edrozott k\u00f6zszolg\u00e1ltat\u00e1sok megnevez\u00e9se, tartalma, a k\u00f6zszolg\u00e1ltat\u00e1sok ig\u00e9nybev\u00e9tel\u00e9nek rendje, a k\u00f6zszolg\u00e1ltat\u00e1s\u00e9rt fizetend\u0151 d\u00edj m\u00e9rt\u00e9ke, az abb\u00f3l adott kedvezm\u00e9nyek: A telep\u00fcl\u00e9si szil\u00e1rd hullad\u00e9kgazd\u00e1lkod\u00e1si k\u00f6zszolg\u00e1ltat\u00e1sr\u00f3l sz\u00f3l\u00f3 \u00f6nkorm\u00e1nyzati rendelet<\/p>\n","protected":false},"author":2,"featured_media":0,"parent":0,"menu_order":0,"comment_status":"closed","ping_status":"closed","template":"","meta":{"_exactmetrics_skip_tracking":false,"_exactmetrics_sitenote_active":false,"_exactmetrics_sitenote_note":"","_exactmetrics_sitenote_category":0,"footnotes":""},"yoast_head":"<!-- This site is optimized with the Yoast SEO plugin v23.4 - https:\/\/yoast.com\/wordpress\/plugins\/seo\/ -->\n<title>2_5_k\u00f6zfeladatot ell\u00e1t\u00f3 szerv \u00e1ltal ny\u00fajtott vagy k\u00f6lts\u00e9gvet\u00e9s\u00e9b\u0151l finansz\u00edrozott k\u00f6zszolg\u00e1ltat\u00e1sok megnevez\u00e9se, - forraskut.hu<\/title>\n<meta name=\"robots\" content=\"index, follow, max-snippet:-1, max-image-preview:large, max-video-preview:-1\" \/>\n<link rel=\"canonical\" href=\"https:\/\/forraskut.hu\/index.php\/2_5_kozfeladatot-ellato-szerv-altal-nyujtott-vagy-koltsegvetesebol-finanszirozott-kozszolgaltatasok-megnevezese\/\" \/>\n<meta property=\"og:locale\" content=\"hu_HU\" \/>\n<meta property=\"og:type\" content=\"article\" \/>\n<meta property=\"og:title\" content=\"2_5_k\u00f6zfeladatot ell\u00e1t\u00f3 szerv \u00e1ltal ny\u00fajtott vagy k\u00f6lts\u00e9gvet\u00e9s\u00e9b\u0151l finansz\u00edrozott k\u00f6zszolg\u00e1ltat\u00e1sok megnevez\u00e9se, - forraskut.hu\" \/>\n<meta property=\"og:description\" content=\"A k\u00f6zfeladatot ell\u00e1t\u00f3 szerv \u00e1ltal ny\u00fajtott vagy k\u00f6lts\u00e9gvet\u00e9s\u00e9b\u0151l finansz\u00edrozott k\u00f6zszolg\u00e1ltat\u00e1sok megnevez\u00e9se, tartalma, a k\u00f6zszolg\u00e1ltat\u00e1sok ig\u00e9nybev\u00e9tel\u00e9nek rendje, a k\u00f6zszolg\u00e1ltat\u00e1s\u00e9rt fizetend\u0151 d\u00edj m\u00e9rt\u00e9ke, az abb\u00f3l adott kedvezm\u00e9nyek: A telep\u00fcl\u00e9si szil\u00e1rd hullad\u00e9kgazd\u00e1lkod\u00e1si k\u00f6zszolg\u00e1ltat\u00e1sr\u00f3l sz\u00f3l\u00f3 \u00f6nkorm\u00e1nyzati rendelet\" \/>\n<meta property=\"og:url\" content=\"https:\/\/forraskut.hu\/index.php\/2_5_kozfeladatot-ellato-szerv-altal-nyujtott-vagy-koltsegvetesebol-finanszirozott-kozszolgaltatasok-megnevezese\/\" \/>\n<meta property=\"og:site_name\" content=\"forraskut.hu\" \/>\n<meta name=\"twitter:card\" content=\"summary_large_image\" \/>\n<script type=\"application\/ld+json\" class=\"yoast-schema-graph\">{\"@context\":\"https:\/\/schema.org\",\"@graph\":[{\"@type\":\"WebPage\",\"@id\":\"https:\/\/forraskut.hu\/index.php\/2_5_kozfeladatot-ellato-szerv-altal-nyujtott-vagy-koltsegvetesebol-finanszirozott-kozszolgaltatasok-megnevezese\/\",\"url\":\"https:\/\/forraskut.hu\/index.php\/2_5_kozfeladatot-ellato-szerv-altal-nyujtott-vagy-koltsegvetesebol-finanszirozott-kozszolgaltatasok-megnevezese\/\",\"name\":\"2_5_k\u00f6zfeladatot ell\u00e1t\u00f3 szerv \u00e1ltal ny\u00fajtott vagy k\u00f6lts\u00e9gvet\u00e9s\u00e9b\u0151l finansz\u00edrozott k\u00f6zszolg\u00e1ltat\u00e1sok megnevez\u00e9se, - forraskut.hu\",\"isPartOf\":{\"@id\":\"https:\/\/forraskut.hu\/#website\"},\"datePublished\":\"2017-11-22T16:30:29+00:00\",\"dateModified\":\"2017-11-22T16:30:29+00:00\",\"breadcrumb\":{\"@id\":\"https:\/\/forraskut.hu\/index.php\/2_5_kozfeladatot-ellato-szerv-altal-nyujtott-vagy-koltsegvetesebol-finanszirozott-kozszolgaltatasok-megnevezese\/#breadcrumb\"},\"inLanguage\":\"hu\",\"potentialAction\":[{\"@type\":\"ReadAction\",\"target\":[\"https:\/\/forraskut.hu\/index.php\/2_5_kozfeladatot-ellato-szerv-altal-nyujtott-vagy-koltsegvetesebol-finanszirozott-kozszolgaltatasok-megnevezese\/\"]}]},{\"@type\":\"BreadcrumbList\",\"@id\":\"https:\/\/forraskut.hu\/index.php\/2_5_kozfeladatot-ellato-szerv-altal-nyujtott-vagy-koltsegvetesebol-finanszirozott-kozszolgaltatasok-megnevezese\/#breadcrumb\",\"itemListElement\":[{\"@type\":\"ListItem\",\"position\":1,\"name\":\"Kezd\u0151lap\",\"item\":\"https:\/\/forraskut.hu\/\"},{\"@type\":\"ListItem\",\"position\":2,\"name\":\"2_5_k\u00f6zfeladatot ell\u00e1t\u00f3 szerv \u00e1ltal ny\u00fajtott vagy k\u00f6lts\u00e9gvet\u00e9s\u00e9b\u0151l finansz\u00edrozott k\u00f6zszolg\u00e1ltat\u00e1sok megnevez\u00e9se,\"}]},{\"@type\":\"WebSite\",\"@id\":\"https:\/\/forraskut.hu\/#website\",\"url\":\"https:\/\/forraskut.hu\/\",\"name\":\"forraskut.hu\",\"description\":\"Forr\u00e1sk\u00fat k\u00f6zs\u00e9g hivatalos weboldala\",\"potentialAction\":[{\"@type\":\"SearchAction\",\"target\":{\"@type\":\"EntryPoint\",\"urlTemplate\":\"https:\/\/forraskut.hu\/?s={search_term_string}\"},\"query-input\":{\"@type\":\"PropertyValueSpecification\",\"valueRequired\":true,\"valueName\":\"search_term_string\"}}],\"inLanguage\":\"hu\"}]}<\/script>\n<!-- \/ Yoast SEO plugin. -->","yoast_head_json":{"title":"2_5_k\u00f6zfeladatot ell\u00e1t\u00f3 szerv \u00e1ltal ny\u00fajtott vagy k\u00f6lts\u00e9gvet\u00e9s\u00e9b\u0151l finansz\u00edrozott k\u00f6zszolg\u00e1ltat\u00e1sok megnevez\u00e9se, - forraskut.hu","robots":{"index":"index","follow":"follow","max-snippet":"max-snippet:-1","max-image-preview":"max-image-preview:large","max-video-preview":"max-video-preview:-1"},"canonical":"https:\/\/forraskut.hu\/index.php\/2_5_kozfeladatot-ellato-szerv-altal-nyujtott-vagy-koltsegvetesebol-finanszirozott-kozszolgaltatasok-megnevezese\/","og_locale":"hu_HU","og_type":"article","og_title":"2_5_k\u00f6zfeladatot ell\u00e1t\u00f3 szerv \u00e1ltal ny\u00fajtott vagy k\u00f6lts\u00e9gvet\u00e9s\u00e9b\u0151l finansz\u00edrozott k\u00f6zszolg\u00e1ltat\u00e1sok megnevez\u00e9se, - forraskut.hu","og_description":"A k\u00f6zfeladatot ell\u00e1t\u00f3 szerv \u00e1ltal ny\u00fajtott vagy k\u00f6lts\u00e9gvet\u00e9s\u00e9b\u0151l finansz\u00edrozott k\u00f6zszolg\u00e1ltat\u00e1sok megnevez\u00e9se, tartalma, a k\u00f6zszolg\u00e1ltat\u00e1sok ig\u00e9nybev\u00e9tel\u00e9nek rendje, a k\u00f6zszolg\u00e1ltat\u00e1s\u00e9rt fizetend\u0151 d\u00edj m\u00e9rt\u00e9ke, az abb\u00f3l adott kedvezm\u00e9nyek: A telep\u00fcl\u00e9si szil\u00e1rd hullad\u00e9kgazd\u00e1lkod\u00e1si k\u00f6zszolg\u00e1ltat\u00e1sr\u00f3l sz\u00f3l\u00f3 \u00f6nkorm\u00e1nyzati rendelet","og_url":"https:\/\/forraskut.hu\/index.php\/2_5_kozfeladatot-ellato-szerv-altal-nyujtott-vagy-koltsegvetesebol-finanszirozott-kozszolgaltatasok-megnevezese\/","og_site_name":"forraskut.hu","twitter_card":"summary_large_image","schema":{"@context":"https:\/\/schema.org","@graph":[{"@type":"WebPage","@id":"https:\/\/forraskut.hu\/index.php\/2_5_kozfeladatot-ellato-szerv-altal-nyujtott-vagy-koltsegvetesebol-finanszirozott-kozszolgaltatasok-megnevezese\/","url":"https:\/\/forraskut.hu\/index.php\/2_5_kozfeladatot-ellato-szerv-altal-nyujtott-vagy-koltsegvetesebol-finanszirozott-kozszolgaltatasok-megnevezese\/","name":"2_5_k\u00f6zfeladatot ell\u00e1t\u00f3 szerv \u00e1ltal ny\u00fajtott vagy k\u00f6lts\u00e9gvet\u00e9s\u00e9b\u0151l finansz\u00edrozott k\u00f6zszolg\u00e1ltat\u00e1sok megnevez\u00e9se, - forraskut.hu","isPartOf":{"@id":"https:\/\/forraskut.hu\/#website"},"datePublished":"2017-11-22T16:30:29+00:00","dateModified":"2017-11-22T16:30:29+00:00","breadcrumb":{"@id":"https:\/\/forraskut.hu\/index.php\/2_5_kozfeladatot-ellato-szerv-altal-nyujtott-vagy-koltsegvetesebol-finanszirozott-kozszolgaltatasok-megnevezese\/#breadcrumb"},"inLanguage":"hu","potentialAction":[{"@type":"ReadAction","target":["https:\/\/forraskut.hu\/index.php\/2_5_kozfeladatot-ellato-szerv-altal-nyujtott-vagy-koltsegvetesebol-finanszirozott-kozszolgaltatasok-megnevezese\/"]}]},{"@type":"BreadcrumbList","@id":"https:\/\/forraskut.hu\/index.php\/2_5_kozfeladatot-ellato-szerv-altal-nyujtott-vagy-koltsegvetesebol-finanszirozott-kozszolgaltatasok-megnevezese\/#breadcrumb","itemListElement":[{"@type":"ListItem","position":1,"name":"Kezd\u0151lap","item":"https:\/\/forraskut.hu\/"},{"@type":"ListItem","position":2,"name":"2_5_k\u00f6zfeladatot ell\u00e1t\u00f3 szerv \u00e1ltal ny\u00fajtott vagy k\u00f6lts\u00e9gvet\u00e9s\u00e9b\u0151l finansz\u00edrozott k\u00f6zszolg\u00e1ltat\u00e1sok megnevez\u00e9se,"}]},{"@type":"WebSite","@id":"https:\/\/forraskut.hu\/#website","url":"https:\/\/forraskut.hu\/","name":"forraskut.hu","description":"Forr\u00e1sk\u00fat k\u00f6zs\u00e9g hivatalos weboldala","potentialAction":[{"@type":"SearchAction","target":{"@type":"EntryPoint","urlTemplate":"https:\/\/forraskut.hu\/?s={search_term_string}"},"query-input":{"@type":"PropertyValueSpecification","valueRequired":true,"valueName":"search_term_string"}}],"inLanguage":"hu"}]}},"_links":{"self":[{"href":"https:\/\/forraskut.hu\/index.php\/wp-json\/wp\/v2\/pages\/429"}],"collection":[{"href":"https:\/\/forraskut.hu\/index.php\/wp-json\/wp\/v2\/pages"}],"about":[{"href":"https:\/\/forraskut.hu\/index.php\/wp-json\/wp\/v2\/types\/page"}],"author":[{"embeddable":true,"href":"https:\/\/forraskut.hu\/index.php\/wp-json\/wp\/v2\/users\/2"}],"replies":[{"embeddable":true,"href":"https:\/\/forraskut.hu\/index.php\/wp-json\/wp\/v2\/comments?post=429"}],"version-history":[{"count":0,"href":"https:\/\/forraskut.hu\/index.php\/wp-json\/wp\/v2\/pages\/429\/revisions"}],"wp:attachment":[{"href":"https:\/\/forraskut.hu\/index.php\/wp-json\/wp\/v2\/media?parent=429"}],"curies":[{"name":"wp","href":"https:\/\/api.w.org\/{rel}","templated":true}]}}