{"id":420,"date":"2017-11-22T17:23:53","date_gmt":"2017-11-22T16:23:53","guid":{"rendered":"http:\/\/forraskut.hu\/?page_id=420"},"modified":"2017-11-22T17:24:10","modified_gmt":"2017-11-22T16:24:10","slug":"1_11_-kozfeladatot-ellato-szerv-felettes-illetve-felugyeleti-szervenek-hatosagi-dontesei-tekinteteben-a-fellebbezes-elbiralasara-jogosult","status":"publish","type":"page","link":"https:\/\/forraskut.hu\/index.php\/1_11_-kozfeladatot-ellato-szerv-felettes-illetve-felugyeleti-szervenek-hatosagi-dontesei-tekinteteben-a-fellebbezes-elbiralasara-jogosult\/","title":{"rendered":"1_11_ k\u00f6zfeladatot ell\u00e1t\u00f3 szerv felettes, illetve fel\u00fcgyeleti szerv\u00e9nek, hat\u00f3s\u00e1gi d\u00f6nt\u00e9sei tekintet\u00e9ben a fellebbez\u00e9s elb\u00edr\u00e1l\u00e1s\u00e1ra jogosult"},"content":{"rendered":"<p><strong>A k\u00f6zfeladatot ell\u00e1t\u00f3 szerv felettes, illetve fel\u00fcgyeleti szerv\u00e9nek, hat\u00f3s\u00e1gi d\u00f6nt\u00e9sei tekintet\u00e9ben a fellebbez\u00e9s elb\u00edr\u00e1l\u00e1s\u00e1ra jogosult szervnek, ennek hi\u00e1ny\u00e1ban a k\u00f6zfeladatot ell\u00e1t\u00f3 szerv felett t\u00f6rv\u00e9nyess\u00e9gi ellen\u0151rz\u00e9st gyakorl\u00f3 szervnek az 1. pontban meghat\u00e1rozott adatai:<\/strong><\/p>\n<p><strong>Szegedi T\u00f6rv\u00e9nysz\u00e9k<\/strong><\/p>\n<p>6720 Szeged, Sz\u00e9chenyi t\u00e9r 4.<\/p>\n<p>Tel: 06-62\/562-500<\/p>\n<p>Fax: 06-62\/549-484<\/p>\n<p>szegeditorvenyszek.birosag.hu<\/p>\n<p><strong>Csongr\u00e1d Megyei Korm\u00e1nyhivatal<\/strong><\/p>\n<p>6722 Szeged, R\u00e1k\u00f3czi t\u00e9r 1.<\/p>\n<p>6701 Szeged, Pf.: 1096.<\/p>\n<p>www.csmkh.hu<\/p>\n","protected":false},"excerpt":{"rendered":"<p>A k\u00f6zfeladatot ell\u00e1t\u00f3 szerv felettes, illetve fel\u00fcgyeleti szerv\u00e9nek, hat\u00f3s\u00e1gi d\u00f6nt\u00e9sei tekintet\u00e9ben a fellebbez\u00e9s elb\u00edr\u00e1l\u00e1s\u00e1ra jogosult szervnek, ennek hi\u00e1ny\u00e1ban a k\u00f6zfeladatot ell\u00e1t\u00f3 szerv felett t\u00f6rv\u00e9nyess\u00e9gi ellen\u0151rz\u00e9st gyakorl\u00f3 szervnek az 1. pontban meghat\u00e1rozott adatai: Szegedi T\u00f6rv\u00e9nysz\u00e9k 6720 Szeged, Sz\u00e9chenyi t\u00e9r 4. Tel: 06-62\/562-500 Fax: 06-62\/549-484 szegeditorvenyszek.birosag.hu Csongr\u00e1d Megyei Korm\u00e1nyhivatal 6722 Szeged, R\u00e1k\u00f3czi t\u00e9r 1. 6701 Szeged, Pf.: [&hellip;]<\/p>\n","protected":false},"author":2,"featured_media":0,"parent":0,"menu_order":0,"comment_status":"closed","ping_status":"closed","template":"","meta":{"_exactmetrics_skip_tracking":false,"_exactmetrics_sitenote_active":false,"_exactmetrics_sitenote_note":"","_exactmetrics_sitenote_category":0,"footnotes":""},"yoast_head":"<!-- This site is optimized with the Yoast SEO plugin v23.4 - https:\/\/yoast.com\/wordpress\/plugins\/seo\/ -->\n<title>1_11_ k\u00f6zfeladatot ell\u00e1t\u00f3 szerv felettes, illetve fel\u00fcgyeleti szerv\u00e9nek, hat\u00f3s\u00e1gi d\u00f6nt\u00e9sei tekintet\u00e9ben a fellebbez\u00e9s elb\u00edr\u00e1l\u00e1s\u00e1ra jogosult - forraskut.hu<\/title>\n<meta name=\"robots\" content=\"index, follow, max-snippet:-1, max-image-preview:large, max-video-preview:-1\" \/>\n<link rel=\"canonical\" href=\"https:\/\/forraskut.hu\/index.php\/1_11_-kozfeladatot-ellato-szerv-felettes-illetve-felugyeleti-szervenek-hatosagi-dontesei-tekinteteben-a-fellebbezes-elbiralasara-jogosult\/\" \/>\n<meta property=\"og:locale\" content=\"hu_HU\" \/>\n<meta property=\"og:type\" content=\"article\" \/>\n<meta property=\"og:title\" content=\"1_11_ k\u00f6zfeladatot ell\u00e1t\u00f3 szerv felettes, illetve fel\u00fcgyeleti szerv\u00e9nek, hat\u00f3s\u00e1gi d\u00f6nt\u00e9sei tekintet\u00e9ben a fellebbez\u00e9s elb\u00edr\u00e1l\u00e1s\u00e1ra jogosult - forraskut.hu\" \/>\n<meta property=\"og:description\" content=\"A k\u00f6zfeladatot ell\u00e1t\u00f3 szerv felettes, illetve fel\u00fcgyeleti szerv\u00e9nek, hat\u00f3s\u00e1gi d\u00f6nt\u00e9sei tekintet\u00e9ben a fellebbez\u00e9s elb\u00edr\u00e1l\u00e1s\u00e1ra jogosult szervnek, ennek hi\u00e1ny\u00e1ban a k\u00f6zfeladatot ell\u00e1t\u00f3 szerv felett t\u00f6rv\u00e9nyess\u00e9gi ellen\u0151rz\u00e9st gyakorl\u00f3 szervnek az 1. pontban meghat\u00e1rozott adatai: Szegedi T\u00f6rv\u00e9nysz\u00e9k 6720 Szeged, Sz\u00e9chenyi t\u00e9r 4. Tel: 06-62\/562-500 Fax: 06-62\/549-484 szegeditorvenyszek.birosag.hu Csongr\u00e1d Megyei Korm\u00e1nyhivatal 6722 Szeged, R\u00e1k\u00f3czi t\u00e9r 1. 6701 Szeged, Pf.: [&hellip;]\" \/>\n<meta property=\"og:url\" content=\"https:\/\/forraskut.hu\/index.php\/1_11_-kozfeladatot-ellato-szerv-felettes-illetve-felugyeleti-szervenek-hatosagi-dontesei-tekinteteben-a-fellebbezes-elbiralasara-jogosult\/\" \/>\n<meta property=\"og:site_name\" content=\"forraskut.hu\" \/>\n<meta property=\"article:modified_time\" content=\"2017-11-22T16:24:10+00:00\" \/>\n<meta name=\"twitter:card\" content=\"summary_large_image\" \/>\n<script type=\"application\/ld+json\" class=\"yoast-schema-graph\">{\"@context\":\"https:\/\/schema.org\",\"@graph\":[{\"@type\":\"WebPage\",\"@id\":\"https:\/\/forraskut.hu\/index.php\/1_11_-kozfeladatot-ellato-szerv-felettes-illetve-felugyeleti-szervenek-hatosagi-dontesei-tekinteteben-a-fellebbezes-elbiralasara-jogosult\/\",\"url\":\"https:\/\/forraskut.hu\/index.php\/1_11_-kozfeladatot-ellato-szerv-felettes-illetve-felugyeleti-szervenek-hatosagi-dontesei-tekinteteben-a-fellebbezes-elbiralasara-jogosult\/\",\"name\":\"1_11_ k\u00f6zfeladatot ell\u00e1t\u00f3 szerv felettes, illetve fel\u00fcgyeleti szerv\u00e9nek, hat\u00f3s\u00e1gi d\u00f6nt\u00e9sei tekintet\u00e9ben a fellebbez\u00e9s elb\u00edr\u00e1l\u00e1s\u00e1ra jogosult - forraskut.hu\",\"isPartOf\":{\"@id\":\"https:\/\/forraskut.hu\/#website\"},\"datePublished\":\"2017-11-22T16:23:53+00:00\",\"dateModified\":\"2017-11-22T16:24:10+00:00\",\"breadcrumb\":{\"@id\":\"https:\/\/forraskut.hu\/index.php\/1_11_-kozfeladatot-ellato-szerv-felettes-illetve-felugyeleti-szervenek-hatosagi-dontesei-tekinteteben-a-fellebbezes-elbiralasara-jogosult\/#breadcrumb\"},\"inLanguage\":\"hu\",\"potentialAction\":[{\"@type\":\"ReadAction\",\"target\":[\"https:\/\/forraskut.hu\/index.php\/1_11_-kozfeladatot-ellato-szerv-felettes-illetve-felugyeleti-szervenek-hatosagi-dontesei-tekinteteben-a-fellebbezes-elbiralasara-jogosult\/\"]}]},{\"@type\":\"BreadcrumbList\",\"@id\":\"https:\/\/forraskut.hu\/index.php\/1_11_-kozfeladatot-ellato-szerv-felettes-illetve-felugyeleti-szervenek-hatosagi-dontesei-tekinteteben-a-fellebbezes-elbiralasara-jogosult\/#breadcrumb\",\"itemListElement\":[{\"@type\":\"ListItem\",\"position\":1,\"name\":\"Kezd\u0151lap\",\"item\":\"https:\/\/forraskut.hu\/\"},{\"@type\":\"ListItem\",\"position\":2,\"name\":\"1_11_ k\u00f6zfeladatot ell\u00e1t\u00f3 szerv felettes, illetve fel\u00fcgyeleti szerv\u00e9nek, hat\u00f3s\u00e1gi d\u00f6nt\u00e9sei tekintet\u00e9ben a fellebbez\u00e9s elb\u00edr\u00e1l\u00e1s\u00e1ra jogosult\"}]},{\"@type\":\"WebSite\",\"@id\":\"https:\/\/forraskut.hu\/#website\",\"url\":\"https:\/\/forraskut.hu\/\",\"name\":\"forraskut.hu\",\"description\":\"Forr\u00e1sk\u00fat k\u00f6zs\u00e9g hivatalos weboldala\",\"potentialAction\":[{\"@type\":\"SearchAction\",\"target\":{\"@type\":\"EntryPoint\",\"urlTemplate\":\"https:\/\/forraskut.hu\/?s={search_term_string}\"},\"query-input\":{\"@type\":\"PropertyValueSpecification\",\"valueRequired\":true,\"valueName\":\"search_term_string\"}}],\"inLanguage\":\"hu\"}]}<\/script>\n<!-- \/ Yoast SEO plugin. -->","yoast_head_json":{"title":"1_11_ k\u00f6zfeladatot ell\u00e1t\u00f3 szerv felettes, illetve fel\u00fcgyeleti szerv\u00e9nek, hat\u00f3s\u00e1gi d\u00f6nt\u00e9sei tekintet\u00e9ben a fellebbez\u00e9s elb\u00edr\u00e1l\u00e1s\u00e1ra jogosult - forraskut.hu","robots":{"index":"index","follow":"follow","max-snippet":"max-snippet:-1","max-image-preview":"max-image-preview:large","max-video-preview":"max-video-preview:-1"},"canonical":"https:\/\/forraskut.hu\/index.php\/1_11_-kozfeladatot-ellato-szerv-felettes-illetve-felugyeleti-szervenek-hatosagi-dontesei-tekinteteben-a-fellebbezes-elbiralasara-jogosult\/","og_locale":"hu_HU","og_type":"article","og_title":"1_11_ k\u00f6zfeladatot ell\u00e1t\u00f3 szerv felettes, illetve fel\u00fcgyeleti szerv\u00e9nek, hat\u00f3s\u00e1gi d\u00f6nt\u00e9sei tekintet\u00e9ben a fellebbez\u00e9s elb\u00edr\u00e1l\u00e1s\u00e1ra jogosult - forraskut.hu","og_description":"A k\u00f6zfeladatot ell\u00e1t\u00f3 szerv felettes, illetve fel\u00fcgyeleti szerv\u00e9nek, hat\u00f3s\u00e1gi d\u00f6nt\u00e9sei tekintet\u00e9ben a fellebbez\u00e9s elb\u00edr\u00e1l\u00e1s\u00e1ra jogosult szervnek, ennek hi\u00e1ny\u00e1ban a k\u00f6zfeladatot ell\u00e1t\u00f3 szerv felett t\u00f6rv\u00e9nyess\u00e9gi ellen\u0151rz\u00e9st gyakorl\u00f3 szervnek az 1. pontban meghat\u00e1rozott adatai: Szegedi T\u00f6rv\u00e9nysz\u00e9k 6720 Szeged, Sz\u00e9chenyi t\u00e9r 4. Tel: 06-62\/562-500 Fax: 06-62\/549-484 szegeditorvenyszek.birosag.hu Csongr\u00e1d Megyei Korm\u00e1nyhivatal 6722 Szeged, R\u00e1k\u00f3czi t\u00e9r 1. 6701 Szeged, Pf.: [&hellip;]","og_url":"https:\/\/forraskut.hu\/index.php\/1_11_-kozfeladatot-ellato-szerv-felettes-illetve-felugyeleti-szervenek-hatosagi-dontesei-tekinteteben-a-fellebbezes-elbiralasara-jogosult\/","og_site_name":"forraskut.hu","article_modified_time":"2017-11-22T16:24:10+00:00","twitter_card":"summary_large_image","schema":{"@context":"https:\/\/schema.org","@graph":[{"@type":"WebPage","@id":"https:\/\/forraskut.hu\/index.php\/1_11_-kozfeladatot-ellato-szerv-felettes-illetve-felugyeleti-szervenek-hatosagi-dontesei-tekinteteben-a-fellebbezes-elbiralasara-jogosult\/","url":"https:\/\/forraskut.hu\/index.php\/1_11_-kozfeladatot-ellato-szerv-felettes-illetve-felugyeleti-szervenek-hatosagi-dontesei-tekinteteben-a-fellebbezes-elbiralasara-jogosult\/","name":"1_11_ k\u00f6zfeladatot ell\u00e1t\u00f3 szerv felettes, illetve fel\u00fcgyeleti szerv\u00e9nek, hat\u00f3s\u00e1gi d\u00f6nt\u00e9sei tekintet\u00e9ben a fellebbez\u00e9s elb\u00edr\u00e1l\u00e1s\u00e1ra jogosult - forraskut.hu","isPartOf":{"@id":"https:\/\/forraskut.hu\/#website"},"datePublished":"2017-11-22T16:23:53+00:00","dateModified":"2017-11-22T16:24:10+00:00","breadcrumb":{"@id":"https:\/\/forraskut.hu\/index.php\/1_11_-kozfeladatot-ellato-szerv-felettes-illetve-felugyeleti-szervenek-hatosagi-dontesei-tekinteteben-a-fellebbezes-elbiralasara-jogosult\/#breadcrumb"},"inLanguage":"hu","potentialAction":[{"@type":"ReadAction","target":["https:\/\/forraskut.hu\/index.php\/1_11_-kozfeladatot-ellato-szerv-felettes-illetve-felugyeleti-szervenek-hatosagi-dontesei-tekinteteben-a-fellebbezes-elbiralasara-jogosult\/"]}]},{"@type":"BreadcrumbList","@id":"https:\/\/forraskut.hu\/index.php\/1_11_-kozfeladatot-ellato-szerv-felettes-illetve-felugyeleti-szervenek-hatosagi-dontesei-tekinteteben-a-fellebbezes-elbiralasara-jogosult\/#breadcrumb","itemListElement":[{"@type":"ListItem","position":1,"name":"Kezd\u0151lap","item":"https:\/\/forraskut.hu\/"},{"@type":"ListItem","position":2,"name":"1_11_ k\u00f6zfeladatot ell\u00e1t\u00f3 szerv felettes, illetve fel\u00fcgyeleti szerv\u00e9nek, hat\u00f3s\u00e1gi d\u00f6nt\u00e9sei tekintet\u00e9ben a fellebbez\u00e9s elb\u00edr\u00e1l\u00e1s\u00e1ra jogosult"}]},{"@type":"WebSite","@id":"https:\/\/forraskut.hu\/#website","url":"https:\/\/forraskut.hu\/","name":"forraskut.hu","description":"Forr\u00e1sk\u00fat k\u00f6zs\u00e9g hivatalos weboldala","potentialAction":[{"@type":"SearchAction","target":{"@type":"EntryPoint","urlTemplate":"https:\/\/forraskut.hu\/?s={search_term_string}"},"query-input":{"@type":"PropertyValueSpecification","valueRequired":true,"valueName":"search_term_string"}}],"inLanguage":"hu"}]}},"_links":{"self":[{"href":"https:\/\/forraskut.hu\/index.php\/wp-json\/wp\/v2\/pages\/420"}],"collection":[{"href":"https:\/\/forraskut.hu\/index.php\/wp-json\/wp\/v2\/pages"}],"about":[{"href":"https:\/\/forraskut.hu\/index.php\/wp-json\/wp\/v2\/types\/page"}],"author":[{"embeddable":true,"href":"https:\/\/forraskut.hu\/index.php\/wp-json\/wp\/v2\/users\/2"}],"replies":[{"embeddable":true,"href":"https:\/\/forraskut.hu\/index.php\/wp-json\/wp\/v2\/comments?post=420"}],"version-history":[{"count":0,"href":"https:\/\/forraskut.hu\/index.php\/wp-json\/wp\/v2\/pages\/420\/revisions"}],"wp:attachment":[{"href":"https:\/\/forraskut.hu\/index.php\/wp-json\/wp\/v2\/media?parent=420"}],"curies":[{"name":"wp","href":"https:\/\/api.w.org\/{rel}","templated":true}]}}