{"id":400,"date":"2017-11-22T17:15:18","date_gmt":"2017-11-22T16:15:18","guid":{"rendered":"http:\/\/forraskut.hu\/?page_id=400"},"modified":"2025-02-20T11:41:38","modified_gmt":"2025-02-20T10:41:38","slug":"1_3_kozfeladatot-ellato-szerv-vezetoinek-es-az-egyes-szervezeti-egysegek-vezetoinek-neve-nyomtathato-verzio","status":"publish","type":"page","link":"https:\/\/forraskut.hu\/index.php\/1_3_kozfeladatot-ellato-szerv-vezetoinek-es-az-egyes-szervezeti-egysegek-vezetoinek-neve-nyomtathato-verzio\/","title":{"rendered":"1_3_k\u00f6zfeladatot ell\u00e1t\u00f3 szerv vezet\u0151inek \u00e9s az egyes szervezeti egys\u00e9gek vezet\u0151inek neve Nyomtathat\u00f3 verzi\u00f3"},"content":{"rendered":"<p class=\"last-modified\">Utolj\u00e1ra friss\u00edtve:&nbsp;  2025. febru\u00e1r 20.<\/p><p>A k\u00f6zfeladatot ell\u00e1t\u00f3 szerv vezet\u0151inek \u00e9s az egyes szervezeti egys\u00e9gek vezet\u0151inek neve, beoszt\u00e1sa, el\u00e9rhet\u0151s\u00e9ge (telefon- \u00e9s telefaxsz\u00e1ma, elektronikus lev\u00e9lc\u00edme):<\/p>\n<p>Fodor Imre polg\u00e1rmester<\/p>\n<p>\u2022 Tel: 06-62\/287-222 113-as mell\u00e9k<\/p>\n<p>\u2022 polgarmester@forraskut.hu<\/p>\n<p>K\u00e1lm\u00e1nn\u00e9 Kov\u00e1cs M\u00f3nika alpolg\u00e1rmester<\/p>\n<p>\u2022 Tel: 06-62\/287-222<\/p>\n<p>\u2022 e-mail: hivatal@forraskut.hu<\/p>\n<p>dr. Kap\u00e1s Anita jegyz\u0151<\/p>\n<p>\u2022 Tel: 06-62\/287-222 124-es mell\u00e9k<\/p>\n<p>&nbsp;<\/p>\n<p>\u2022 e-mail: jegyzo@forraskut.hu<\/p>\n","protected":false},"excerpt":{"rendered":"<p>Utolj\u00e1ra friss\u00edtve:&nbsp; 2025. febru\u00e1r 20.A k\u00f6zfeladatot ell\u00e1t\u00f3 szerv vezet\u0151inek \u00e9s az egyes szervezeti egys\u00e9gek vezet\u0151inek neve, beoszt\u00e1sa, el\u00e9rhet\u0151s\u00e9ge (telefon- \u00e9s telefaxsz\u00e1ma, elektronikus lev\u00e9lc\u00edme): Fodor Imre polg\u00e1rmester \u2022 Tel: 06-62\/287-222 113-as mell\u00e9k \u2022 polgarmester@forraskut.hu K\u00e1lm\u00e1nn\u00e9 Kov\u00e1cs M\u00f3nika alpolg\u00e1rmester \u2022 Tel: 06-62\/287-222 \u2022 e-mail: hivatal@forraskut.hu dr. Kap\u00e1s Anita jegyz\u0151 \u2022 Tel: 06-62\/287-222 124-es mell\u00e9k &nbsp; \u2022 e-mail: [&hellip;]<\/p>\n","protected":false},"author":2,"featured_media":0,"parent":0,"menu_order":0,"comment_status":"closed","ping_status":"closed","template":"","meta":{"_exactmetrics_skip_tracking":false,"_exactmetrics_sitenote_active":false,"_exactmetrics_sitenote_note":"","_exactmetrics_sitenote_category":0,"footnotes":""},"yoast_head":"<!-- This site is optimized with the Yoast SEO plugin v23.4 - https:\/\/yoast.com\/wordpress\/plugins\/seo\/ -->\n<title>1_3_k\u00f6zfeladatot ell\u00e1t\u00f3 szerv vezet\u0151inek \u00e9s az egyes szervezeti egys\u00e9gek vezet\u0151inek neve Nyomtathat\u00f3 verzi\u00f3 - forraskut.hu<\/title>\n<meta name=\"robots\" content=\"index, follow, max-snippet:-1, max-image-preview:large, max-video-preview:-1\" \/>\n<link rel=\"canonical\" href=\"https:\/\/forraskut.hu\/index.php\/1_3_kozfeladatot-ellato-szerv-vezetoinek-es-az-egyes-szervezeti-egysegek-vezetoinek-neve-nyomtathato-verzio\/\" \/>\n<meta property=\"og:locale\" content=\"hu_HU\" \/>\n<meta property=\"og:type\" content=\"article\" \/>\n<meta property=\"og:title\" content=\"1_3_k\u00f6zfeladatot ell\u00e1t\u00f3 szerv vezet\u0151inek \u00e9s az egyes szervezeti egys\u00e9gek vezet\u0151inek neve Nyomtathat\u00f3 verzi\u00f3 - forraskut.hu\" \/>\n<meta property=\"og:description\" content=\"Utolj\u00e1ra friss\u00edtve:&nbsp; 2025. febru\u00e1r 20.A k\u00f6zfeladatot ell\u00e1t\u00f3 szerv vezet\u0151inek \u00e9s az egyes szervezeti egys\u00e9gek vezet\u0151inek neve, beoszt\u00e1sa, el\u00e9rhet\u0151s\u00e9ge (telefon- \u00e9s telefaxsz\u00e1ma, elektronikus lev\u00e9lc\u00edme): Fodor Imre polg\u00e1rmester \u2022 Tel: 06-62\/287-222 113-as mell\u00e9k \u2022 polgarmester@forraskut.hu K\u00e1lm\u00e1nn\u00e9 Kov\u00e1cs M\u00f3nika alpolg\u00e1rmester \u2022 Tel: 06-62\/287-222 \u2022 e-mail: hivatal@forraskut.hu dr. Kap\u00e1s Anita jegyz\u0151 \u2022 Tel: 06-62\/287-222 124-es mell\u00e9k &nbsp; \u2022 e-mail: [&hellip;]\" \/>\n<meta property=\"og:url\" content=\"https:\/\/forraskut.hu\/index.php\/1_3_kozfeladatot-ellato-szerv-vezetoinek-es-az-egyes-szervezeti-egysegek-vezetoinek-neve-nyomtathato-verzio\/\" \/>\n<meta property=\"og:site_name\" content=\"forraskut.hu\" \/>\n<meta property=\"article:modified_time\" content=\"2025-02-20T10:41:38+00:00\" \/>\n<meta name=\"twitter:card\" content=\"summary_large_image\" \/>\n<meta name=\"twitter:label1\" content=\"Becs\u00fclt olvas\u00e1si id\u0151\" \/>\n\t<meta name=\"twitter:data1\" content=\"1 perc\" \/>\n<script type=\"application\/ld+json\" class=\"yoast-schema-graph\">{\"@context\":\"https:\/\/schema.org\",\"@graph\":[{\"@type\":\"WebPage\",\"@id\":\"https:\/\/forraskut.hu\/index.php\/1_3_kozfeladatot-ellato-szerv-vezetoinek-es-az-egyes-szervezeti-egysegek-vezetoinek-neve-nyomtathato-verzio\/\",\"url\":\"https:\/\/forraskut.hu\/index.php\/1_3_kozfeladatot-ellato-szerv-vezetoinek-es-az-egyes-szervezeti-egysegek-vezetoinek-neve-nyomtathato-verzio\/\",\"name\":\"1_3_k\u00f6zfeladatot ell\u00e1t\u00f3 szerv vezet\u0151inek \u00e9s az egyes szervezeti egys\u00e9gek vezet\u0151inek neve Nyomtathat\u00f3 verzi\u00f3 - forraskut.hu\",\"isPartOf\":{\"@id\":\"https:\/\/forraskut.hu\/#website\"},\"datePublished\":\"2017-11-22T16:15:18+00:00\",\"dateModified\":\"2025-02-20T10:41:38+00:00\",\"breadcrumb\":{\"@id\":\"https:\/\/forraskut.hu\/index.php\/1_3_kozfeladatot-ellato-szerv-vezetoinek-es-az-egyes-szervezeti-egysegek-vezetoinek-neve-nyomtathato-verzio\/#breadcrumb\"},\"inLanguage\":\"hu\",\"potentialAction\":[{\"@type\":\"ReadAction\",\"target\":[\"https:\/\/forraskut.hu\/index.php\/1_3_kozfeladatot-ellato-szerv-vezetoinek-es-az-egyes-szervezeti-egysegek-vezetoinek-neve-nyomtathato-verzio\/\"]}]},{\"@type\":\"BreadcrumbList\",\"@id\":\"https:\/\/forraskut.hu\/index.php\/1_3_kozfeladatot-ellato-szerv-vezetoinek-es-az-egyes-szervezeti-egysegek-vezetoinek-neve-nyomtathato-verzio\/#breadcrumb\",\"itemListElement\":[{\"@type\":\"ListItem\",\"position\":1,\"name\":\"Kezd\u0151lap\",\"item\":\"https:\/\/forraskut.hu\/\"},{\"@type\":\"ListItem\",\"position\":2,\"name\":\"1_3_k\u00f6zfeladatot ell\u00e1t\u00f3 szerv vezet\u0151inek \u00e9s az egyes szervezeti egys\u00e9gek vezet\u0151inek neve Nyomtathat\u00f3 verzi\u00f3\"}]},{\"@type\":\"WebSite\",\"@id\":\"https:\/\/forraskut.hu\/#website\",\"url\":\"https:\/\/forraskut.hu\/\",\"name\":\"forraskut.hu\",\"description\":\"Forr\u00e1sk\u00fat k\u00f6zs\u00e9g hivatalos weboldala\",\"potentialAction\":[{\"@type\":\"SearchAction\",\"target\":{\"@type\":\"EntryPoint\",\"urlTemplate\":\"https:\/\/forraskut.hu\/?s={search_term_string}\"},\"query-input\":{\"@type\":\"PropertyValueSpecification\",\"valueRequired\":true,\"valueName\":\"search_term_string\"}}],\"inLanguage\":\"hu\"}]}<\/script>\n<!-- \/ Yoast SEO plugin. -->","yoast_head_json":{"title":"1_3_k\u00f6zfeladatot ell\u00e1t\u00f3 szerv vezet\u0151inek \u00e9s az egyes szervezeti egys\u00e9gek vezet\u0151inek neve Nyomtathat\u00f3 verzi\u00f3 - forraskut.hu","robots":{"index":"index","follow":"follow","max-snippet":"max-snippet:-1","max-image-preview":"max-image-preview:large","max-video-preview":"max-video-preview:-1"},"canonical":"https:\/\/forraskut.hu\/index.php\/1_3_kozfeladatot-ellato-szerv-vezetoinek-es-az-egyes-szervezeti-egysegek-vezetoinek-neve-nyomtathato-verzio\/","og_locale":"hu_HU","og_type":"article","og_title":"1_3_k\u00f6zfeladatot ell\u00e1t\u00f3 szerv vezet\u0151inek \u00e9s az egyes szervezeti egys\u00e9gek vezet\u0151inek neve Nyomtathat\u00f3 verzi\u00f3 - forraskut.hu","og_description":"Utolj\u00e1ra friss\u00edtve:&nbsp; 2025. febru\u00e1r 20.A k\u00f6zfeladatot ell\u00e1t\u00f3 szerv vezet\u0151inek \u00e9s az egyes szervezeti egys\u00e9gek vezet\u0151inek neve, beoszt\u00e1sa, el\u00e9rhet\u0151s\u00e9ge (telefon- \u00e9s telefaxsz\u00e1ma, elektronikus lev\u00e9lc\u00edme): Fodor Imre polg\u00e1rmester \u2022 Tel: 06-62\/287-222 113-as mell\u00e9k \u2022 polgarmester@forraskut.hu K\u00e1lm\u00e1nn\u00e9 Kov\u00e1cs M\u00f3nika alpolg\u00e1rmester \u2022 Tel: 06-62\/287-222 \u2022 e-mail: hivatal@forraskut.hu dr. Kap\u00e1s Anita jegyz\u0151 \u2022 Tel: 06-62\/287-222 124-es mell\u00e9k &nbsp; \u2022 e-mail: [&hellip;]","og_url":"https:\/\/forraskut.hu\/index.php\/1_3_kozfeladatot-ellato-szerv-vezetoinek-es-az-egyes-szervezeti-egysegek-vezetoinek-neve-nyomtathato-verzio\/","og_site_name":"forraskut.hu","article_modified_time":"2025-02-20T10:41:38+00:00","twitter_card":"summary_large_image","twitter_misc":{"Becs\u00fclt olvas\u00e1si id\u0151":"1 perc"},"schema":{"@context":"https:\/\/schema.org","@graph":[{"@type":"WebPage","@id":"https:\/\/forraskut.hu\/index.php\/1_3_kozfeladatot-ellato-szerv-vezetoinek-es-az-egyes-szervezeti-egysegek-vezetoinek-neve-nyomtathato-verzio\/","url":"https:\/\/forraskut.hu\/index.php\/1_3_kozfeladatot-ellato-szerv-vezetoinek-es-az-egyes-szervezeti-egysegek-vezetoinek-neve-nyomtathato-verzio\/","name":"1_3_k\u00f6zfeladatot ell\u00e1t\u00f3 szerv vezet\u0151inek \u00e9s az egyes szervezeti egys\u00e9gek vezet\u0151inek neve Nyomtathat\u00f3 verzi\u00f3 - forraskut.hu","isPartOf":{"@id":"https:\/\/forraskut.hu\/#website"},"datePublished":"2017-11-22T16:15:18+00:00","dateModified":"2025-02-20T10:41:38+00:00","breadcrumb":{"@id":"https:\/\/forraskut.hu\/index.php\/1_3_kozfeladatot-ellato-szerv-vezetoinek-es-az-egyes-szervezeti-egysegek-vezetoinek-neve-nyomtathato-verzio\/#breadcrumb"},"inLanguage":"hu","potentialAction":[{"@type":"ReadAction","target":["https:\/\/forraskut.hu\/index.php\/1_3_kozfeladatot-ellato-szerv-vezetoinek-es-az-egyes-szervezeti-egysegek-vezetoinek-neve-nyomtathato-verzio\/"]}]},{"@type":"BreadcrumbList","@id":"https:\/\/forraskut.hu\/index.php\/1_3_kozfeladatot-ellato-szerv-vezetoinek-es-az-egyes-szervezeti-egysegek-vezetoinek-neve-nyomtathato-verzio\/#breadcrumb","itemListElement":[{"@type":"ListItem","position":1,"name":"Kezd\u0151lap","item":"https:\/\/forraskut.hu\/"},{"@type":"ListItem","position":2,"name":"1_3_k\u00f6zfeladatot ell\u00e1t\u00f3 szerv vezet\u0151inek \u00e9s az egyes szervezeti egys\u00e9gek vezet\u0151inek neve Nyomtathat\u00f3 verzi\u00f3"}]},{"@type":"WebSite","@id":"https:\/\/forraskut.hu\/#website","url":"https:\/\/forraskut.hu\/","name":"forraskut.hu","description":"Forr\u00e1sk\u00fat k\u00f6zs\u00e9g hivatalos weboldala","potentialAction":[{"@type":"SearchAction","target":{"@type":"EntryPoint","urlTemplate":"https:\/\/forraskut.hu\/?s={search_term_string}"},"query-input":{"@type":"PropertyValueSpecification","valueRequired":true,"valueName":"search_term_string"}}],"inLanguage":"hu"}]}},"_links":{"self":[{"href":"https:\/\/forraskut.hu\/index.php\/wp-json\/wp\/v2\/pages\/400"}],"collection":[{"href":"https:\/\/forraskut.hu\/index.php\/wp-json\/wp\/v2\/pages"}],"about":[{"href":"https:\/\/forraskut.hu\/index.php\/wp-json\/wp\/v2\/types\/page"}],"author":[{"embeddable":true,"href":"https:\/\/forraskut.hu\/index.php\/wp-json\/wp\/v2\/users\/2"}],"replies":[{"embeddable":true,"href":"https:\/\/forraskut.hu\/index.php\/wp-json\/wp\/v2\/comments?post=400"}],"version-history":[{"count":3,"href":"https:\/\/forraskut.hu\/index.php\/wp-json\/wp\/v2\/pages\/400\/revisions"}],"predecessor-version":[{"id":3413,"href":"https:\/\/forraskut.hu\/index.php\/wp-json\/wp\/v2\/pages\/400\/revisions\/3413"}],"wp:attachment":[{"href":"https:\/\/forraskut.hu\/index.php\/wp-json\/wp\/v2\/media?parent=400"}],"curies":[{"name":"wp","href":"https:\/\/api.w.org\/{rel}","templated":true}]}}