{"id":3865,"date":"2026-03-25T11:27:25","date_gmt":"2026-03-25T10:27:25","guid":{"rendered":"https:\/\/forraskut.hu\/?page_id=3865"},"modified":"2026-03-25T11:27:25","modified_gmt":"2026-03-25T10:27:25","slug":"olvasast-nepszerusito-programok-megvalositasa-forraskuton","status":"publish","type":"page","link":"https:\/\/forraskut.hu\/index.php\/olvasast-nepszerusito-programok-megvalositasa-forraskuton\/","title":{"rendered":"Olvas\u00e1st n\u00e9pszer\u0171s\u00edt\u0151 programok megval\u00f3s\u00edt\u00e1sa Forr\u00e1sk\u00faton"},"content":{"rendered":"<p style=\"text-align: justify;\"><strong>Nemzeti Kultur\u00e1lis Alap\u00a0<\/strong><strong>K\u00f6zgy\u0171jtem\u00e9nyek Koll\u00e9giuma &#8211; K\u00f6nyvt\u00e1ri szakter\u00fclet\u00a0<\/strong><strong>Olvas\u00e1st n\u00e9pszer\u0171s\u00edt\u0151 programsorozat megval\u00f3s\u00edt\u00e1sa<\/strong><\/p>\n<p style=\"text-align: justify;\"><strong>P\u00e1ly\u00e1zati azonos\u00edt\u00f3: 505104\/1890<\/strong><\/p>\n<p style=\"text-align: justify;\">A kedvezm\u00e9nyezett: Forr\u00e1sk\u00fat K\u00f6zs\u00e9g \u00d6nkorm\u00e1nyzata<\/p>\n<p style=\"text-align: justify;\">A Projekt c\u00edme: Olvas\u00e1st n\u00e9pszer\u0171s\u00edt\u0151 programok megval\u00f3s\u00edt\u00e1sa Forr\u00e1sk\u00faton<img loading=\"lazy\" decoding=\"async\" class=\" wp-image-3866 alignright\" src=\"https:\/\/forraskut.hu\/wp-content\/uploads\/2026\/03\/nka-logo.png\" alt=\"\" width=\"393\" height=\"194\" srcset=\"https:\/\/forraskut.hu\/wp-content\/uploads\/2026\/03\/nka-logo.png 422w, https:\/\/forraskut.hu\/wp-content\/uploads\/2026\/03\/nka-logo-300x149.png 300w\" sizes=\"(max-width: 393px) 100vw, 393px\" \/><\/p>\n<p style=\"text-align: justify;\">Elnyert t\u00e1mogat\u00e1s \u00f6sszege: 200.000,- Ft<\/p>\n<p style=\"text-align: justify;\">A t\u00e1mogat\u00e1s elnyer\u00e9s\u00e9nek \u00e9ve: 2025.<\/p>\n<p>&nbsp;<\/p>\n<p style=\"text-align: justify;\">A t\u00e1mogat\u00e1sb\u00f3l megval\u00f3sult programok:<\/p>\n<ol style=\"text-align: justify;\">\n<li>Baranyi Ildik\u00f3 mesemond\u00f3 \u00e9l\u0151szavas mesemond\u00e1sa a XXII. Forr\u00e1sk\u00fati Sz\u00fcreti Napon<\/li>\n<\/ol>\n<p style=\"text-align: justify;\">A m\u00e1r hagyom\u00e1nyoss\u00e1 v\u00e1lt forr\u00e1sk\u00fati sz\u00fcreti mulats\u00e1g 2025 \u00e9vben a d\u00e9lut\u00e1n folyam\u00e1n csal\u00e1di programokkal, n\u00e9pi j\u00e1tsz\u00f3h\u00e1zzal v\u00e1rta a rendezv\u00e9nyre l\u00e1togat\u00f3 gyermekeket, csal\u00e1dokat. Ezen program keret\u00e9ben val\u00f3sult meg az NKA t\u00e1mogat\u00e1sb\u00f3l Baranyi Ildik\u00f3 mesemond\u00f3 \u00e9l\u0151szavas mes\u00e9l\u00e9se, mellyel mind a N\u00e9pmese napj\u00e1hoz, mind a sz\u00fcret tematik\u00e1j\u00e1hoz kapcsol\u00f3dott \u00e9s sz\u00ednes\u00edtette a rendezv\u00e9ny megval\u00f3s\u00edt\u00e1s\u00e1t. Az \u00e9l\u0151szavas n\u00e9pmesemond\u00e1ssal a mai gyermekek, feln\u0151ttek m\u00e1r ritk\u00e1n tal\u00e1lkoznak, \u00edgy ez az alkalom \u00e9lm\u00e9nyszer\u0171, az olvas\u00e1st, a mesemond\u00e1st n\u00e9pszer\u0171s\u00edt\u0151 programot k\u00edn\u00e1lt a rendezv\u00e9ny r\u00e9sztvev\u0151i sz\u00e1m\u00e1ra.<\/p>\n<p style=\"text-align: justify;\">\n<ol style=\"text-align: justify;\" start=\"2\">\n<li>Jo\u00f3s Tam\u00e1s \u00e9nekmond\u00f3 m\u0171sora a forr\u00e1sk\u00fati \u00e1ltal\u00e1nos iskol\u00e1sok \u00e9s \u00f3vod\u00e1sok sz\u00e1m\u00e1ra<\/li>\n<\/ol>\n<p style=\"text-align: justify;\">Ezzel a programmal a K\u00f6nyvt\u00e1ri Napok orsz\u00e1gos olvas\u00e1st n\u00e9pszer\u0171s\u00edt\u0151 programsorozat\u00e1hoz k\u00edv\u00e1ntunk csatlakozni, azonban az el\u0151ad\u00f3 egy\u00e9b elfoglalts\u00e1gai miatt 2025. november 21-\u00e9n ker\u00fclt sor a megval\u00f3s\u00edt\u00e1sra. Jo\u00f3s Tam\u00e1s el\u0151ad\u00f3m\u0171v\u00e9sz interakt\u00edv el\u0151ad\u00e1s\u00e1ban gyermekverseket sz\u00f3laltatott meg k\u00fcl\u00f6nf\u00e9le n\u00e9pi \u00e9s modern hangszerekkel, a gyermekek akt\u00edv bevon\u00e1s\u00e1val. Az el\u0151ad\u00e1son r\u00e9szt vettek a Forr\u00e1sk\u00fati \u00c1ltal\u00e1nos Iskola als\u00f3 tagozatos di\u00e1kjai, valamint az \u00f3vod\u00e1sok.<\/p>\n<p style=\"text-align: justify;\">Az \u00e9lm\u00e9nyszer\u0171, interakt\u00edv programok megval\u00f3s\u00edt\u00e1sa hozz\u00e1j\u00e1rult a gyermekek, csal\u00e1dok meseolvas\u00e1s, -hallgat\u00e1s, gyerekversek ir\u00e1nti befogad\u00f3k\u00e9szs\u00e9g\u00e9nek n\u00f6vel\u00e9s\u00e9hez, nyitotts\u00e1g\u00e1hoz, mely hossz\u00fat\u00e1von az alapja az olvas\u00f3v\u00e1 v\u00e1l\u00e1s n\u00e9pszer\u0171s\u00edt\u00e9s\u00e9nek, emellett a programok k\u00f6z\u00f6ss\u00e9gi \u00e9lm\u00e9nyt is ny\u00fajtottak.<\/p>\n","protected":false},"excerpt":{"rendered":"<p>Nemzeti Kultur\u00e1lis Alap\u00a0K\u00f6zgy\u0171jtem\u00e9nyek Koll\u00e9giuma &#8211; K\u00f6nyvt\u00e1ri szakter\u00fclet\u00a0Olvas\u00e1st n\u00e9pszer\u0171s\u00edt\u0151 programsorozat megval\u00f3s\u00edt\u00e1sa P\u00e1ly\u00e1zati azonos\u00edt\u00f3: 505104\/1890 A kedvezm\u00e9nyezett: Forr\u00e1sk\u00fat K\u00f6zs\u00e9g \u00d6nkorm\u00e1nyzata A Projekt c\u00edme: Olvas\u00e1st n\u00e9pszer\u0171s\u00edt\u0151 programok megval\u00f3s\u00edt\u00e1sa Forr\u00e1sk\u00faton Elnyert t\u00e1mogat\u00e1s \u00f6sszege: 200.000,- Ft A t\u00e1mogat\u00e1s elnyer\u00e9s\u00e9nek \u00e9ve: 2025. &nbsp; A t\u00e1mogat\u00e1sb\u00f3l megval\u00f3sult programok: Baranyi Ildik\u00f3 mesemond\u00f3 \u00e9l\u0151szavas mesemond\u00e1sa a XXII. Forr\u00e1sk\u00fati Sz\u00fcreti Napon A m\u00e1r hagyom\u00e1nyoss\u00e1 v\u00e1lt [&hellip;]<\/p>\n","protected":false},"author":2,"featured_media":0,"parent":0,"menu_order":0,"comment_status":"closed","ping_status":"closed","template":"","meta":{"_exactmetrics_skip_tracking":false,"_exactmetrics_sitenote_active":false,"_exactmetrics_sitenote_note":"","_exactmetrics_sitenote_category":0,"footnotes":""},"yoast_head":"<!-- This site is optimized with the Yoast SEO plugin v23.4 - https:\/\/yoast.com\/wordpress\/plugins\/seo\/ -->\n<title>Olvas\u00e1st n\u00e9pszer\u0171s\u00edt\u0151 programok megval\u00f3s\u00edt\u00e1sa Forr\u00e1sk\u00faton - forraskut.hu<\/title>\n<meta name=\"robots\" content=\"index, follow, max-snippet:-1, max-image-preview:large, max-video-preview:-1\" \/>\n<link rel=\"canonical\" href=\"https:\/\/forraskut.hu\/index.php\/olvasast-nepszerusito-programok-megvalositasa-forraskuton\/\" \/>\n<meta property=\"og:locale\" content=\"hu_HU\" \/>\n<meta property=\"og:type\" content=\"article\" \/>\n<meta property=\"og:title\" content=\"Olvas\u00e1st n\u00e9pszer\u0171s\u00edt\u0151 programok megval\u00f3s\u00edt\u00e1sa Forr\u00e1sk\u00faton - forraskut.hu\" \/>\n<meta property=\"og:description\" content=\"Nemzeti Kultur\u00e1lis Alap\u00a0K\u00f6zgy\u0171jtem\u00e9nyek Koll\u00e9giuma &#8211; K\u00f6nyvt\u00e1ri szakter\u00fclet\u00a0Olvas\u00e1st n\u00e9pszer\u0171s\u00edt\u0151 programsorozat megval\u00f3s\u00edt\u00e1sa P\u00e1ly\u00e1zati azonos\u00edt\u00f3: 505104\/1890 A kedvezm\u00e9nyezett: Forr\u00e1sk\u00fat K\u00f6zs\u00e9g \u00d6nkorm\u00e1nyzata A Projekt c\u00edme: Olvas\u00e1st n\u00e9pszer\u0171s\u00edt\u0151 programok megval\u00f3s\u00edt\u00e1sa Forr\u00e1sk\u00faton Elnyert t\u00e1mogat\u00e1s \u00f6sszege: 200.000,- Ft A t\u00e1mogat\u00e1s elnyer\u00e9s\u00e9nek \u00e9ve: 2025. &nbsp; A t\u00e1mogat\u00e1sb\u00f3l megval\u00f3sult programok: Baranyi Ildik\u00f3 mesemond\u00f3 \u00e9l\u0151szavas mesemond\u00e1sa a XXII. Forr\u00e1sk\u00fati Sz\u00fcreti Napon A m\u00e1r hagyom\u00e1nyoss\u00e1 v\u00e1lt [&hellip;]\" \/>\n<meta property=\"og:url\" content=\"https:\/\/forraskut.hu\/index.php\/olvasast-nepszerusito-programok-megvalositasa-forraskuton\/\" \/>\n<meta property=\"og:site_name\" content=\"forraskut.hu\" \/>\n<meta property=\"og:image\" content=\"https:\/\/forraskut.hu\/wp-content\/uploads\/2026\/03\/nka-logo.png\" \/>\n<meta name=\"twitter:card\" content=\"summary_large_image\" \/>\n<meta name=\"twitter:label1\" content=\"Becs\u00fclt olvas\u00e1si id\u0151\" \/>\n\t<meta name=\"twitter:data1\" content=\"2 perc\" \/>\n<script type=\"application\/ld+json\" class=\"yoast-schema-graph\">{\"@context\":\"https:\/\/schema.org\",\"@graph\":[{\"@type\":\"WebPage\",\"@id\":\"https:\/\/forraskut.hu\/index.php\/olvasast-nepszerusito-programok-megvalositasa-forraskuton\/\",\"url\":\"https:\/\/forraskut.hu\/index.php\/olvasast-nepszerusito-programok-megvalositasa-forraskuton\/\",\"name\":\"Olvas\u00e1st n\u00e9pszer\u0171s\u00edt\u0151 programok megval\u00f3s\u00edt\u00e1sa Forr\u00e1sk\u00faton - forraskut.hu\",\"isPartOf\":{\"@id\":\"https:\/\/forraskut.hu\/#website\"},\"primaryImageOfPage\":{\"@id\":\"https:\/\/forraskut.hu\/index.php\/olvasast-nepszerusito-programok-megvalositasa-forraskuton\/#primaryimage\"},\"image\":{\"@id\":\"https:\/\/forraskut.hu\/index.php\/olvasast-nepszerusito-programok-megvalositasa-forraskuton\/#primaryimage\"},\"thumbnailUrl\":\"https:\/\/forraskut.hu\/wp-content\/uploads\/2026\/03\/nka-logo.png\",\"datePublished\":\"2026-03-25T10:27:25+00:00\",\"dateModified\":\"2026-03-25T10:27:25+00:00\",\"breadcrumb\":{\"@id\":\"https:\/\/forraskut.hu\/index.php\/olvasast-nepszerusito-programok-megvalositasa-forraskuton\/#breadcrumb\"},\"inLanguage\":\"hu\",\"potentialAction\":[{\"@type\":\"ReadAction\",\"target\":[\"https:\/\/forraskut.hu\/index.php\/olvasast-nepszerusito-programok-megvalositasa-forraskuton\/\"]}]},{\"@type\":\"ImageObject\",\"inLanguage\":\"hu\",\"@id\":\"https:\/\/forraskut.hu\/index.php\/olvasast-nepszerusito-programok-megvalositasa-forraskuton\/#primaryimage\",\"url\":\"https:\/\/forraskut.hu\/wp-content\/uploads\/2026\/03\/nka-logo.png\",\"contentUrl\":\"https:\/\/forraskut.hu\/wp-content\/uploads\/2026\/03\/nka-logo.png\",\"width\":422,\"height\":209},{\"@type\":\"BreadcrumbList\",\"@id\":\"https:\/\/forraskut.hu\/index.php\/olvasast-nepszerusito-programok-megvalositasa-forraskuton\/#breadcrumb\",\"itemListElement\":[{\"@type\":\"ListItem\",\"position\":1,\"name\":\"Kezd\u0151lap\",\"item\":\"https:\/\/forraskut.hu\/\"},{\"@type\":\"ListItem\",\"position\":2,\"name\":\"Olvas\u00e1st n\u00e9pszer\u0171s\u00edt\u0151 programok megval\u00f3s\u00edt\u00e1sa Forr\u00e1sk\u00faton\"}]},{\"@type\":\"WebSite\",\"@id\":\"https:\/\/forraskut.hu\/#website\",\"url\":\"https:\/\/forraskut.hu\/\",\"name\":\"forraskut.hu\",\"description\":\"Forr\u00e1sk\u00fat k\u00f6zs\u00e9g hivatalos weboldala\",\"potentialAction\":[{\"@type\":\"SearchAction\",\"target\":{\"@type\":\"EntryPoint\",\"urlTemplate\":\"https:\/\/forraskut.hu\/?s={search_term_string}\"},\"query-input\":{\"@type\":\"PropertyValueSpecification\",\"valueRequired\":true,\"valueName\":\"search_term_string\"}}],\"inLanguage\":\"hu\"}]}<\/script>\n<!-- \/ Yoast SEO plugin. -->","yoast_head_json":{"title":"Olvas\u00e1st n\u00e9pszer\u0171s\u00edt\u0151 programok megval\u00f3s\u00edt\u00e1sa Forr\u00e1sk\u00faton - forraskut.hu","robots":{"index":"index","follow":"follow","max-snippet":"max-snippet:-1","max-image-preview":"max-image-preview:large","max-video-preview":"max-video-preview:-1"},"canonical":"https:\/\/forraskut.hu\/index.php\/olvasast-nepszerusito-programok-megvalositasa-forraskuton\/","og_locale":"hu_HU","og_type":"article","og_title":"Olvas\u00e1st n\u00e9pszer\u0171s\u00edt\u0151 programok megval\u00f3s\u00edt\u00e1sa Forr\u00e1sk\u00faton - forraskut.hu","og_description":"Nemzeti Kultur\u00e1lis Alap\u00a0K\u00f6zgy\u0171jtem\u00e9nyek Koll\u00e9giuma &#8211; K\u00f6nyvt\u00e1ri szakter\u00fclet\u00a0Olvas\u00e1st n\u00e9pszer\u0171s\u00edt\u0151 programsorozat megval\u00f3s\u00edt\u00e1sa P\u00e1ly\u00e1zati azonos\u00edt\u00f3: 505104\/1890 A kedvezm\u00e9nyezett: Forr\u00e1sk\u00fat K\u00f6zs\u00e9g \u00d6nkorm\u00e1nyzata A Projekt c\u00edme: Olvas\u00e1st n\u00e9pszer\u0171s\u00edt\u0151 programok megval\u00f3s\u00edt\u00e1sa Forr\u00e1sk\u00faton Elnyert t\u00e1mogat\u00e1s \u00f6sszege: 200.000,- Ft A t\u00e1mogat\u00e1s elnyer\u00e9s\u00e9nek \u00e9ve: 2025. &nbsp; A t\u00e1mogat\u00e1sb\u00f3l megval\u00f3sult programok: Baranyi Ildik\u00f3 mesemond\u00f3 \u00e9l\u0151szavas mesemond\u00e1sa a XXII. Forr\u00e1sk\u00fati Sz\u00fcreti Napon A m\u00e1r hagyom\u00e1nyoss\u00e1 v\u00e1lt [&hellip;]","og_url":"https:\/\/forraskut.hu\/index.php\/olvasast-nepszerusito-programok-megvalositasa-forraskuton\/","og_site_name":"forraskut.hu","og_image":[{"url":"https:\/\/forraskut.hu\/wp-content\/uploads\/2026\/03\/nka-logo.png"}],"twitter_card":"summary_large_image","twitter_misc":{"Becs\u00fclt olvas\u00e1si id\u0151":"2 perc"},"schema":{"@context":"https:\/\/schema.org","@graph":[{"@type":"WebPage","@id":"https:\/\/forraskut.hu\/index.php\/olvasast-nepszerusito-programok-megvalositasa-forraskuton\/","url":"https:\/\/forraskut.hu\/index.php\/olvasast-nepszerusito-programok-megvalositasa-forraskuton\/","name":"Olvas\u00e1st n\u00e9pszer\u0171s\u00edt\u0151 programok megval\u00f3s\u00edt\u00e1sa Forr\u00e1sk\u00faton - forraskut.hu","isPartOf":{"@id":"https:\/\/forraskut.hu\/#website"},"primaryImageOfPage":{"@id":"https:\/\/forraskut.hu\/index.php\/olvasast-nepszerusito-programok-megvalositasa-forraskuton\/#primaryimage"},"image":{"@id":"https:\/\/forraskut.hu\/index.php\/olvasast-nepszerusito-programok-megvalositasa-forraskuton\/#primaryimage"},"thumbnailUrl":"https:\/\/forraskut.hu\/wp-content\/uploads\/2026\/03\/nka-logo.png","datePublished":"2026-03-25T10:27:25+00:00","dateModified":"2026-03-25T10:27:25+00:00","breadcrumb":{"@id":"https:\/\/forraskut.hu\/index.php\/olvasast-nepszerusito-programok-megvalositasa-forraskuton\/#breadcrumb"},"inLanguage":"hu","potentialAction":[{"@type":"ReadAction","target":["https:\/\/forraskut.hu\/index.php\/olvasast-nepszerusito-programok-megvalositasa-forraskuton\/"]}]},{"@type":"ImageObject","inLanguage":"hu","@id":"https:\/\/forraskut.hu\/index.php\/olvasast-nepszerusito-programok-megvalositasa-forraskuton\/#primaryimage","url":"https:\/\/forraskut.hu\/wp-content\/uploads\/2026\/03\/nka-logo.png","contentUrl":"https:\/\/forraskut.hu\/wp-content\/uploads\/2026\/03\/nka-logo.png","width":422,"height":209},{"@type":"BreadcrumbList","@id":"https:\/\/forraskut.hu\/index.php\/olvasast-nepszerusito-programok-megvalositasa-forraskuton\/#breadcrumb","itemListElement":[{"@type":"ListItem","position":1,"name":"Kezd\u0151lap","item":"https:\/\/forraskut.hu\/"},{"@type":"ListItem","position":2,"name":"Olvas\u00e1st n\u00e9pszer\u0171s\u00edt\u0151 programok megval\u00f3s\u00edt\u00e1sa Forr\u00e1sk\u00faton"}]},{"@type":"WebSite","@id":"https:\/\/forraskut.hu\/#website","url":"https:\/\/forraskut.hu\/","name":"forraskut.hu","description":"Forr\u00e1sk\u00fat k\u00f6zs\u00e9g hivatalos weboldala","potentialAction":[{"@type":"SearchAction","target":{"@type":"EntryPoint","urlTemplate":"https:\/\/forraskut.hu\/?s={search_term_string}"},"query-input":{"@type":"PropertyValueSpecification","valueRequired":true,"valueName":"search_term_string"}}],"inLanguage":"hu"}]}},"_links":{"self":[{"href":"https:\/\/forraskut.hu\/index.php\/wp-json\/wp\/v2\/pages\/3865"}],"collection":[{"href":"https:\/\/forraskut.hu\/index.php\/wp-json\/wp\/v2\/pages"}],"about":[{"href":"https:\/\/forraskut.hu\/index.php\/wp-json\/wp\/v2\/types\/page"}],"author":[{"embeddable":true,"href":"https:\/\/forraskut.hu\/index.php\/wp-json\/wp\/v2\/users\/2"}],"replies":[{"embeddable":true,"href":"https:\/\/forraskut.hu\/index.php\/wp-json\/wp\/v2\/comments?post=3865"}],"version-history":[{"count":1,"href":"https:\/\/forraskut.hu\/index.php\/wp-json\/wp\/v2\/pages\/3865\/revisions"}],"predecessor-version":[{"id":3867,"href":"https:\/\/forraskut.hu\/index.php\/wp-json\/wp\/v2\/pages\/3865\/revisions\/3867"}],"wp:attachment":[{"href":"https:\/\/forraskut.hu\/index.php\/wp-json\/wp\/v2\/media?parent=3865"}],"curies":[{"name":"wp","href":"https:\/\/api.w.org\/{rel}","templated":true}]}}