{"id":374,"date":"2017-11-22T16:44:07","date_gmt":"2017-11-22T15:44:07","guid":{"rendered":"http:\/\/forraskut.hu\/?page_id=374"},"modified":"2026-01-08T10:14:19","modified_gmt":"2026-01-08T09:14:19","slug":"forraskuti-polgaror-egyesulet","status":"publish","type":"page","link":"https:\/\/forraskut.hu\/index.php\/forraskuti-polgaror-egyesulet\/","title":{"rendered":"Forr\u00e1sk\u00fati Polg\u00e1r\u0151r Egyes\u00fclet"},"content":{"rendered":"<p class=\"last-modified\">Utolj\u00e1ra friss\u00edtve:&nbsp;  2026. janu\u00e1r 8.<\/p><p>&nbsp;<\/p>\n<p>Az Egyes\u00fclet sz\u00e9khelye: 6793 Forr\u00e1sk\u00fat, Pet\u0151fi S. u. 3.<br \/>\nAd\u00f3sz\u00e1m: 18473322-1-06<br \/>\nAlap\u00edt\u00e1s id\u0151pontja: 2004. febru\u00e1r 20.<\/p>\n<p>M\u0171k\u00f6d\u00e9si ter\u00fclete: Forr\u00e1sk\u00fat k\u00f6zigazgat\u00e1si ter\u00fclet<\/p>\n<p>Jog\u00e1ll\u00e1sa: egyes\u00fclet<\/p>\n<p>Tel:<br \/>\nE-mail:<a href=\"mailto:polgarorseg@forraskut.hu\">polgarorseg@forraskut.hu<\/a><\/p>\n<p style=\"text-align: justify;\">Az Egyes\u00fclet olyan \u00f6nk\u00e9ntesen l\u00e9trehozott \u00f6nkorm\u00e1nyzattal rendelkez\u0151 szervezet, amely a jelen alapszab\u00e1lyban meghat\u00e1rozott c\u00e9lra alakult, nyilv\u00e1ntartott tags\u00e1ggal rendelkezik \u00e9s c\u00e9ljai el\u00e9r\u00e9s\u00e9re szervezi tagjai tev\u00e9kenys\u00e9g\u00e9t. Az egyes\u00fclet jogi szem\u00e9ly.<\/p>\n<p>&nbsp;<\/p>\n<p style=\"text-align: justify;\">Az Egyes\u00fclet \u00f6n\u00e1ll\u00f3 jogi szem\u00e9ly, amely a Csongr\u00e1d megyei Polg\u00e1r\u0151r szervezetek t\u00e1rsult tagja, \u00f6n\u00e1ll\u00f3 \u00fcgyint\u00e9z\u0151i \u00e9s k\u00e9pviseleti szervvel, tov\u00e1bb\u00e1 \u00f6n\u00e1ll\u00f3 k\u00f6lts\u00e9gvet\u00e9ssel rendelkezik.<\/p>\n<p style=\"text-align: justify;\">\n<p>&nbsp;<\/p>\n<p>Az egyes\u00fclet c\u00e9lja:<\/p>\n<p>1. A telep\u00fcl\u00e9s k\u00f6zrendje k\u00f6zbiztons\u00e1ga fenntart\u00e1s\u00e1nak el\u0151seg\u00edt\u00e9se.<\/p>\n<p>2. A m\u0171k\u00f6d\u00e9si ter\u00fcleten a szem\u00e9lyi \u00e9s k\u00f6z\u00f6ss\u00e9gi tulajdon fokozott v\u00e9delme, b\u0171nesetek megel\u0151z\u00e9se, b\u0171nalkalmak cs\u00f6kkent\u00e9se a lakoss\u00e1g biztons\u00e1g\u00e9rzet\u00e9nek n\u00f6vel\u00e9se.<\/p>\n<p>3. A gyermek- \u00e9s ifj\u00fas\u00e1gv\u00e9delmi feladatok v\u00e9grehajt\u00e1s\u00e1ban val\u00f3 r\u00e9szv\u00e9tel.<\/p>\n<p>4. K\u00e1b\u00edt\u00f3szer fogyaszt\u00e1s megel\u0151z\u00e9s\u00e9nek \u00e9s visszaszor\u00edt\u00e1s\u00e1nak seg\u00edt\u00e9se.<\/p>\n<p>5. Hozz\u00e1j\u00e1rul\u00e1s a telep\u00fcl\u00e9sterm\u00e9szeti \u00e9s k\u00f6rnyezeti \u00e9rt\u00e9keinek v\u00e9delm\u00e9hez.<\/p>\n<p>6. A lakoss\u00e1g \u00e9s a rendv\u00e9delmi szervek k\u00f6z\u00f6tti bizalom \u00e9s egy\u00fcttm\u0171k\u00f6d\u00e9s er\u0151s\u00edt\u00e9se.<\/p>\n<p>7. K\u00f6zrend, k\u00f6zbiztons\u00e1g, hat\u00e1r\u0151rizeti tev\u00e9kenys\u00e9g seg\u00edt\u00e9se.<\/p>\n","protected":false},"excerpt":{"rendered":"<p>Utolj\u00e1ra friss\u00edtve:&nbsp; 2026. janu\u00e1r 8.&nbsp; Az Egyes\u00fclet sz\u00e9khelye: 6793 Forr\u00e1sk\u00fat, Pet\u0151fi S. u. 3. Ad\u00f3sz\u00e1m: 18473322-1-06 Alap\u00edt\u00e1s id\u0151pontja: 2004. febru\u00e1r 20. M\u0171k\u00f6d\u00e9si ter\u00fclete: Forr\u00e1sk\u00fat k\u00f6zigazgat\u00e1si ter\u00fclet Jog\u00e1ll\u00e1sa: egyes\u00fclet Tel: E-mail:polgarorseg@forraskut.hu Az Egyes\u00fclet olyan \u00f6nk\u00e9ntesen l\u00e9trehozott \u00f6nkorm\u00e1nyzattal rendelkez\u0151 szervezet, amely a jelen alapszab\u00e1lyban meghat\u00e1rozott c\u00e9lra alakult, nyilv\u00e1ntartott tags\u00e1ggal rendelkezik \u00e9s c\u00e9ljai el\u00e9r\u00e9s\u00e9re szervezi tagjai tev\u00e9kenys\u00e9g\u00e9t. Az [&hellip;]<\/p>\n","protected":false},"author":2,"featured_media":0,"parent":0,"menu_order":0,"comment_status":"closed","ping_status":"closed","template":"","meta":{"_exactmetrics_skip_tracking":false,"_exactmetrics_sitenote_active":false,"_exactmetrics_sitenote_note":"","_exactmetrics_sitenote_category":0,"footnotes":""},"yoast_head":"<!-- This site is optimized with the Yoast SEO plugin v23.4 - https:\/\/yoast.com\/wordpress\/plugins\/seo\/ -->\n<title>Forr\u00e1sk\u00fati Polg\u00e1r\u0151r Egyes\u00fclet - forraskut.hu<\/title>\n<meta name=\"robots\" content=\"index, follow, max-snippet:-1, max-image-preview:large, max-video-preview:-1\" \/>\n<link rel=\"canonical\" href=\"https:\/\/forraskut.hu\/index.php\/forraskuti-polgaror-egyesulet\/\" \/>\n<meta property=\"og:locale\" content=\"hu_HU\" \/>\n<meta property=\"og:type\" content=\"article\" \/>\n<meta property=\"og:title\" content=\"Forr\u00e1sk\u00fati Polg\u00e1r\u0151r Egyes\u00fclet - forraskut.hu\" \/>\n<meta property=\"og:description\" content=\"Utolj\u00e1ra friss\u00edtve:&nbsp; 2026. janu\u00e1r 8.&nbsp; Az Egyes\u00fclet sz\u00e9khelye: 6793 Forr\u00e1sk\u00fat, Pet\u0151fi S. u. 3. Ad\u00f3sz\u00e1m: 18473322-1-06 Alap\u00edt\u00e1s id\u0151pontja: 2004. febru\u00e1r 20. M\u0171k\u00f6d\u00e9si ter\u00fclete: Forr\u00e1sk\u00fat k\u00f6zigazgat\u00e1si ter\u00fclet Jog\u00e1ll\u00e1sa: egyes\u00fclet Tel: E-mail:polgarorseg@forraskut.hu Az Egyes\u00fclet olyan \u00f6nk\u00e9ntesen l\u00e9trehozott \u00f6nkorm\u00e1nyzattal rendelkez\u0151 szervezet, amely a jelen alapszab\u00e1lyban meghat\u00e1rozott c\u00e9lra alakult, nyilv\u00e1ntartott tags\u00e1ggal rendelkezik \u00e9s c\u00e9ljai el\u00e9r\u00e9s\u00e9re szervezi tagjai tev\u00e9kenys\u00e9g\u00e9t. Az [&hellip;]\" \/>\n<meta property=\"og:url\" content=\"https:\/\/forraskut.hu\/index.php\/forraskuti-polgaror-egyesulet\/\" \/>\n<meta property=\"og:site_name\" content=\"forraskut.hu\" \/>\n<meta property=\"article:modified_time\" content=\"2026-01-08T09:14:19+00:00\" \/>\n<meta name=\"twitter:card\" content=\"summary_large_image\" \/>\n<meta name=\"twitter:label1\" content=\"Becs\u00fclt olvas\u00e1si id\u0151\" \/>\n\t<meta name=\"twitter:data1\" content=\"1 perc\" \/>\n<script type=\"application\/ld+json\" class=\"yoast-schema-graph\">{\"@context\":\"https:\/\/schema.org\",\"@graph\":[{\"@type\":\"WebPage\",\"@id\":\"https:\/\/forraskut.hu\/index.php\/forraskuti-polgaror-egyesulet\/\",\"url\":\"https:\/\/forraskut.hu\/index.php\/forraskuti-polgaror-egyesulet\/\",\"name\":\"Forr\u00e1sk\u00fati Polg\u00e1r\u0151r Egyes\u00fclet - forraskut.hu\",\"isPartOf\":{\"@id\":\"https:\/\/forraskut.hu\/#website\"},\"datePublished\":\"2017-11-22T15:44:07+00:00\",\"dateModified\":\"2026-01-08T09:14:19+00:00\",\"breadcrumb\":{\"@id\":\"https:\/\/forraskut.hu\/index.php\/forraskuti-polgaror-egyesulet\/#breadcrumb\"},\"inLanguage\":\"hu\",\"potentialAction\":[{\"@type\":\"ReadAction\",\"target\":[\"https:\/\/forraskut.hu\/index.php\/forraskuti-polgaror-egyesulet\/\"]}]},{\"@type\":\"BreadcrumbList\",\"@id\":\"https:\/\/forraskut.hu\/index.php\/forraskuti-polgaror-egyesulet\/#breadcrumb\",\"itemListElement\":[{\"@type\":\"ListItem\",\"position\":1,\"name\":\"Kezd\u0151lap\",\"item\":\"https:\/\/forraskut.hu\/\"},{\"@type\":\"ListItem\",\"position\":2,\"name\":\"Forr\u00e1sk\u00fati Polg\u00e1r\u0151r Egyes\u00fclet\"}]},{\"@type\":\"WebSite\",\"@id\":\"https:\/\/forraskut.hu\/#website\",\"url\":\"https:\/\/forraskut.hu\/\",\"name\":\"forraskut.hu\",\"description\":\"Forr\u00e1sk\u00fat k\u00f6zs\u00e9g hivatalos weboldala\",\"potentialAction\":[{\"@type\":\"SearchAction\",\"target\":{\"@type\":\"EntryPoint\",\"urlTemplate\":\"https:\/\/forraskut.hu\/?s={search_term_string}\"},\"query-input\":{\"@type\":\"PropertyValueSpecification\",\"valueRequired\":true,\"valueName\":\"search_term_string\"}}],\"inLanguage\":\"hu\"}]}<\/script>\n<!-- \/ Yoast SEO plugin. -->","yoast_head_json":{"title":"Forr\u00e1sk\u00fati Polg\u00e1r\u0151r Egyes\u00fclet - forraskut.hu","robots":{"index":"index","follow":"follow","max-snippet":"max-snippet:-1","max-image-preview":"max-image-preview:large","max-video-preview":"max-video-preview:-1"},"canonical":"https:\/\/forraskut.hu\/index.php\/forraskuti-polgaror-egyesulet\/","og_locale":"hu_HU","og_type":"article","og_title":"Forr\u00e1sk\u00fati Polg\u00e1r\u0151r Egyes\u00fclet - forraskut.hu","og_description":"Utolj\u00e1ra friss\u00edtve:&nbsp; 2026. janu\u00e1r 8.&nbsp; Az Egyes\u00fclet sz\u00e9khelye: 6793 Forr\u00e1sk\u00fat, Pet\u0151fi S. u. 3. Ad\u00f3sz\u00e1m: 18473322-1-06 Alap\u00edt\u00e1s id\u0151pontja: 2004. febru\u00e1r 20. M\u0171k\u00f6d\u00e9si ter\u00fclete: Forr\u00e1sk\u00fat k\u00f6zigazgat\u00e1si ter\u00fclet Jog\u00e1ll\u00e1sa: egyes\u00fclet Tel: E-mail:polgarorseg@forraskut.hu Az Egyes\u00fclet olyan \u00f6nk\u00e9ntesen l\u00e9trehozott \u00f6nkorm\u00e1nyzattal rendelkez\u0151 szervezet, amely a jelen alapszab\u00e1lyban meghat\u00e1rozott c\u00e9lra alakult, nyilv\u00e1ntartott tags\u00e1ggal rendelkezik \u00e9s c\u00e9ljai el\u00e9r\u00e9s\u00e9re szervezi tagjai tev\u00e9kenys\u00e9g\u00e9t. Az [&hellip;]","og_url":"https:\/\/forraskut.hu\/index.php\/forraskuti-polgaror-egyesulet\/","og_site_name":"forraskut.hu","article_modified_time":"2026-01-08T09:14:19+00:00","twitter_card":"summary_large_image","twitter_misc":{"Becs\u00fclt olvas\u00e1si id\u0151":"1 perc"},"schema":{"@context":"https:\/\/schema.org","@graph":[{"@type":"WebPage","@id":"https:\/\/forraskut.hu\/index.php\/forraskuti-polgaror-egyesulet\/","url":"https:\/\/forraskut.hu\/index.php\/forraskuti-polgaror-egyesulet\/","name":"Forr\u00e1sk\u00fati Polg\u00e1r\u0151r Egyes\u00fclet - forraskut.hu","isPartOf":{"@id":"https:\/\/forraskut.hu\/#website"},"datePublished":"2017-11-22T15:44:07+00:00","dateModified":"2026-01-08T09:14:19+00:00","breadcrumb":{"@id":"https:\/\/forraskut.hu\/index.php\/forraskuti-polgaror-egyesulet\/#breadcrumb"},"inLanguage":"hu","potentialAction":[{"@type":"ReadAction","target":["https:\/\/forraskut.hu\/index.php\/forraskuti-polgaror-egyesulet\/"]}]},{"@type":"BreadcrumbList","@id":"https:\/\/forraskut.hu\/index.php\/forraskuti-polgaror-egyesulet\/#breadcrumb","itemListElement":[{"@type":"ListItem","position":1,"name":"Kezd\u0151lap","item":"https:\/\/forraskut.hu\/"},{"@type":"ListItem","position":2,"name":"Forr\u00e1sk\u00fati Polg\u00e1r\u0151r Egyes\u00fclet"}]},{"@type":"WebSite","@id":"https:\/\/forraskut.hu\/#website","url":"https:\/\/forraskut.hu\/","name":"forraskut.hu","description":"Forr\u00e1sk\u00fat k\u00f6zs\u00e9g hivatalos weboldala","potentialAction":[{"@type":"SearchAction","target":{"@type":"EntryPoint","urlTemplate":"https:\/\/forraskut.hu\/?s={search_term_string}"},"query-input":{"@type":"PropertyValueSpecification","valueRequired":true,"valueName":"search_term_string"}}],"inLanguage":"hu"}]}},"_links":{"self":[{"href":"https:\/\/forraskut.hu\/index.php\/wp-json\/wp\/v2\/pages\/374"}],"collection":[{"href":"https:\/\/forraskut.hu\/index.php\/wp-json\/wp\/v2\/pages"}],"about":[{"href":"https:\/\/forraskut.hu\/index.php\/wp-json\/wp\/v2\/types\/page"}],"author":[{"embeddable":true,"href":"https:\/\/forraskut.hu\/index.php\/wp-json\/wp\/v2\/users\/2"}],"replies":[{"embeddable":true,"href":"https:\/\/forraskut.hu\/index.php\/wp-json\/wp\/v2\/comments?post=374"}],"version-history":[{"count":5,"href":"https:\/\/forraskut.hu\/index.php\/wp-json\/wp\/v2\/pages\/374\/revisions"}],"predecessor-version":[{"id":3802,"href":"https:\/\/forraskut.hu\/index.php\/wp-json\/wp\/v2\/pages\/374\/revisions\/3802"}],"wp:attachment":[{"href":"https:\/\/forraskut.hu\/index.php\/wp-json\/wp\/v2\/media?parent=374"}],"curies":[{"name":"wp","href":"https:\/\/api.w.org\/{rel}","templated":true}]}}