{"id":3671,"date":"2025-10-30T19:43:12","date_gmt":"2025-10-30T18:43:12","guid":{"rendered":"https:\/\/forraskut.hu\/?page_id=3671"},"modified":"2025-10-30T20:23:24","modified_gmt":"2025-10-30T19:23:24","slug":"forraskut-kozseg-csapadekviz-elvezeto-rendszerenek-fejlesztese-ii-utem","status":"publish","type":"page","link":"https:\/\/forraskut.hu\/index.php\/forraskut-kozseg-csapadekviz-elvezeto-rendszerenek-fejlesztese-ii-utem\/","title":{"rendered":"Forr\u00e1sk\u00fat k\u00f6zs\u00e9g csapad\u00e9kv\u00edz elvezet\u0151 rendszer\u00e9nek fejleszt\u00e9se II. \u00fctem"},"content":{"rendered":"<p><img loading=\"lazy\" decoding=\"async\" class=\"aligncenter wp-image-3674 size-full\" src=\"https:\/\/forraskut.hu\/wp-content\/uploads\/2025\/10\/2025-91-29_10-12-3_a2_fekvo_nyomda-1-scaled.jpg\" alt=\"\" width=\"2560\" height=\"1849\" srcset=\"https:\/\/forraskut.hu\/wp-content\/uploads\/2025\/10\/2025-91-29_10-12-3_a2_fekvo_nyomda-1-scaled.jpg 2560w, https:\/\/forraskut.hu\/wp-content\/uploads\/2025\/10\/2025-91-29_10-12-3_a2_fekvo_nyomda-1-300x217.jpg 300w, https:\/\/forraskut.hu\/wp-content\/uploads\/2025\/10\/2025-91-29_10-12-3_a2_fekvo_nyomda-1-1024x740.jpg 1024w, https:\/\/forraskut.hu\/wp-content\/uploads\/2025\/10\/2025-91-29_10-12-3_a2_fekvo_nyomda-1-768x555.jpg 768w, https:\/\/forraskut.hu\/wp-content\/uploads\/2025\/10\/2025-91-29_10-12-3_a2_fekvo_nyomda-1-1536x1109.jpg 1536w, https:\/\/forraskut.hu\/wp-content\/uploads\/2025\/10\/2025-91-29_10-12-3_a2_fekvo_nyomda-1-2048x1479.jpg 2048w\" sizes=\"(max-width: 2560px) 100vw, 2560px\" \/><\/p>\n<p><span style=\"font-family: Times New Roman, serif;\"><span style=\"font-size: medium;\"><img loading=\"lazy\" decoding=\"async\" class=\"wp-image-3678 alignright\" src=\"https:\/\/forraskut.hu\/wp-content\/uploads\/2025\/10\/csapadekviz-II-utem_logo.jpg\" alt=\"\" width=\"406\" height=\"116\" srcset=\"https:\/\/forraskut.hu\/wp-content\/uploads\/2025\/10\/csapadekviz-II-utem_logo.jpg 1737w, https:\/\/forraskut.hu\/wp-content\/uploads\/2025\/10\/csapadekviz-II-utem_logo-300x86.jpg 300w, https:\/\/forraskut.hu\/wp-content\/uploads\/2025\/10\/csapadekviz-II-utem_logo-1024x292.jpg 1024w, https:\/\/forraskut.hu\/wp-content\/uploads\/2025\/10\/csapadekviz-II-utem_logo-768x219.jpg 768w, https:\/\/forraskut.hu\/wp-content\/uploads\/2025\/10\/csapadekviz-II-utem_logo-1536x439.jpg 1536w\" sizes=\"(max-width: 406px) 100vw, 406px\" \/>TOP_Plusz-1.2.1-21-CS1-2022-00023<br \/>\nForr\u00e1sk\u00fat K\u00f6zs\u00e9g \u00d6nkorm\u00e1nyzata<\/span><\/span><\/p>\n<p><span style=\"font-family: Times New Roman, serif;\"><span style=\"font-size: large;\"><b>\u201eForr\u00e1sk\u00fat k\u00f6zs\u00e9g csapad\u00e9kv\u00edz elvezet\u0151 rendszer\u00e9nek fejleszt\u00e9se II. \u00fctem\u201d<\/b><\/span><\/span><span style=\"font-family: Times New Roman, serif;\"><span style=\"font-size: medium;\"><br \/>\n<\/span><\/span><\/p>\n<p style=\"text-align: justify;\"><span style=\"font-family: Times New Roman, serif;\"><span style=\"font-size: medium;\">Forr\u00e1sk\u00fat K\u00f6zs\u00e9g \u00d6nkorm\u00e1nyzata p\u00e1ly\u00e1zatot ny\u00fajtott be 2022. janu\u00e1r 14-\u00e9n a Ter\u00fclet- \u00e9s Telep\u00fcl\u00e9sfejleszt\u00e9si Operat\u00edv Program Plusz TOP_Plusz-1.2.1-21 \u201e\u00c9lhet\u0151 telep\u00fcl\u00e9sek\u201d c. felh\u00edv\u00e1s keret\u00e9ben \u201eForr\u00e1sk\u00fat k\u00f6zs\u00e9g csapad\u00e9kv\u00edz elvezet\u0151 rendszer\u00e9nek fejleszt\u00e9se II. \u00fctem\u201d c\u00edmen<\/span><\/span><\/p>\n<p align=\"JUSTIFY\"><span style=\"font-family: Times New Roman, serif;\"><span style=\"font-size: medium;\">A projekt a Sz\u00e9chenyi Terv Plusz program keret\u00e9ben val\u00f3sul meg 400 milli\u00f3 forint vissza nem t\u00e9r\u00edtend\u0151 eur\u00f3pai uni\u00f3s t\u00e1mogat\u00e1s seg\u00edts\u00e9g\u00e9vel.<\/span><\/span><\/p>\n<p style=\"text-align: justify;\" align=\"JUSTIFY\"><span style=\"font-family: Times New Roman, serif;\"><span style=\"font-size: medium;\"><br \/>\nA TOP_Plusz-1.2.1-21-CS1-2022-00023 sz. p\u00e1ly\u00e1zat keret\u00e9ben tervezett fejleszt\u00e9sek a telep\u00fcl\u00e9s belter\u00fclet\u00e9n l\u00e9v\u0151 lak\u00f3ingatlanok \u00e9s int\u00e9zm\u00e9nyekhez kapcsol\u00f3d\u00f3 k\u00f6zter\u00fcletek csapad\u00e9kv\u00edz elvezet\u00e9s\u00e9t szolg\u00e1lj\u00e1k.<\/span><\/span><\/p>\n<p align=\"JUSTIFY\"><span style=\"font-family: Times New Roman, serif;\"><span style=\"font-size: medium;\"><img loading=\"lazy\" decoding=\"async\" class=\"aligncenter size-full wp-image-3678\" src=\"https:\/\/forraskut.hu\/wp-content\/uploads\/2025\/10\/csapadekviz-II-utem_logo.jpg\" alt=\"\" width=\"1737\" height=\"496\" srcset=\"https:\/\/forraskut.hu\/wp-content\/uploads\/2025\/10\/csapadekviz-II-utem_logo.jpg 1737w, https:\/\/forraskut.hu\/wp-content\/uploads\/2025\/10\/csapadekviz-II-utem_logo-300x86.jpg 300w, https:\/\/forraskut.hu\/wp-content\/uploads\/2025\/10\/csapadekviz-II-utem_logo-1024x292.jpg 1024w, https:\/\/forraskut.hu\/wp-content\/uploads\/2025\/10\/csapadekviz-II-utem_logo-768x219.jpg 768w, https:\/\/forraskut.hu\/wp-content\/uploads\/2025\/10\/csapadekviz-II-utem_logo-1536x439.jpg 1536w\" sizes=\"(max-width: 1737px) 100vw, 1737px\" \/>A projekt c\u00e9lja \u00e9s egyben tartalma Forr\u00e1sk\u00fat k\u00f6zs\u00e9g belter\u00fclet\u00e9nek \u00fajabb r\u00e9szein a csapad\u00e9kv\u00edz elvezet\u00e9s megold\u00e1sa.<\/span><\/span><\/p>\n<p style=\"text-align: justify;\" align=\"JUSTIFY\"><span style=\"font-family: Times New Roman, serif;\"><span style=\"font-size: medium;\">A burkolt belv\u00edzelvezet\u0151 csatorn\u00e1k \u00f6nkorm\u00e1nyzati, \u00e9s \u00e1llami k\u00f6zter\u00fcleti ingatlanokon val\u00f3sulnak meg, befogad\u00f3juk a kor\u00e1bbi \u00fctemekben ki\u00e9p\u00edtett \u00f6nkorm\u00e1nyzati kezel\u00e9sben l\u00e9v\u0151 burkolt belv\u00edzelvezet\u0151 csatorn\u00e1k.<\/span><\/span><\/p>\n<p align=\"JUSTIFY\"><span style=\"font-family: Times New Roman, serif;\"><span style=\"font-size: medium;\">A projekt tervezett befejez\u00e9si hat\u00e1rideje: 2026.04.30.<\/span><\/span><\/p>\n<p align=\"JUSTIFY\"><span style=\"font-family: Times New Roman, serif;\"><span style=\"font-size: medium;\">Tov\u00e1bbi inform\u00e1ci\u00f3 k\u00e9rhet\u0151: <\/span><\/span><\/p>\n<p align=\"JUSTIFY\"><span style=\"font-family: Times New Roman, serif;\"><span style=\"font-size: medium;\">dr. Kap\u00e1s Anita, jegyzo@forraskut.hu el\u00e9rhet\u0151s\u00e9gen.<\/span><\/span><\/p>\n<p><img loading=\"lazy\" decoding=\"async\" class=\"aligncenter size-full wp-image-3677\" src=\"https:\/\/forraskut.hu\/wp-content\/uploads\/2025\/10\/csapadekviz-II-utem.jpg\" alt=\"\" width=\"839\" height=\"604\" srcset=\"https:\/\/forraskut.hu\/wp-content\/uploads\/2025\/10\/csapadekviz-II-utem.jpg 839w, https:\/\/forraskut.hu\/wp-content\/uploads\/2025\/10\/csapadekviz-II-utem-300x216.jpg 300w, https:\/\/forraskut.hu\/wp-content\/uploads\/2025\/10\/csapadekviz-II-utem-768x553.jpg 768w\" sizes=\"(max-width: 839px) 100vw, 839px\" \/><\/p>\n","protected":false},"excerpt":{"rendered":"<p>TOP_Plusz-1.2.1-21-CS1-2022-00023 Forr\u00e1sk\u00fat K\u00f6zs\u00e9g \u00d6nkorm\u00e1nyzata \u201eForr\u00e1sk\u00fat k\u00f6zs\u00e9g csapad\u00e9kv\u00edz elvezet\u0151 rendszer\u00e9nek fejleszt\u00e9se II. \u00fctem\u201d Forr\u00e1sk\u00fat K\u00f6zs\u00e9g \u00d6nkorm\u00e1nyzata p\u00e1ly\u00e1zatot ny\u00fajtott be 2022. janu\u00e1r 14-\u00e9n a Ter\u00fclet- \u00e9s Telep\u00fcl\u00e9sfejleszt\u00e9si Operat\u00edv Program Plusz TOP_Plusz-1.2.1-21 \u201e\u00c9lhet\u0151 telep\u00fcl\u00e9sek\u201d c. felh\u00edv\u00e1s keret\u00e9ben \u201eForr\u00e1sk\u00fat k\u00f6zs\u00e9g csapad\u00e9kv\u00edz elvezet\u0151 rendszer\u00e9nek fejleszt\u00e9se II. \u00fctem\u201d c\u00edmen A projekt a Sz\u00e9chenyi Terv Plusz program keret\u00e9ben val\u00f3sul meg 400 milli\u00f3 [&hellip;]<\/p>\n","protected":false},"author":2,"featured_media":0,"parent":0,"menu_order":0,"comment_status":"closed","ping_status":"closed","template":"","meta":{"_exactmetrics_skip_tracking":false,"_exactmetrics_sitenote_active":false,"_exactmetrics_sitenote_note":"","_exactmetrics_sitenote_category":0,"footnotes":""},"yoast_head":"<!-- This site is optimized with the Yoast SEO plugin v23.4 - https:\/\/yoast.com\/wordpress\/plugins\/seo\/ -->\n<title>Forr\u00e1sk\u00fat k\u00f6zs\u00e9g csapad\u00e9kv\u00edz elvezet\u0151 rendszer\u00e9nek fejleszt\u00e9se II. \u00fctem - forraskut.hu<\/title>\n<meta name=\"robots\" content=\"index, follow, max-snippet:-1, max-image-preview:large, max-video-preview:-1\" \/>\n<link rel=\"canonical\" href=\"https:\/\/forraskut.hu\/index.php\/forraskut-kozseg-csapadekviz-elvezeto-rendszerenek-fejlesztese-ii-utem\/\" \/>\n<meta property=\"og:locale\" content=\"hu_HU\" \/>\n<meta property=\"og:type\" content=\"article\" \/>\n<meta property=\"og:title\" content=\"Forr\u00e1sk\u00fat k\u00f6zs\u00e9g csapad\u00e9kv\u00edz elvezet\u0151 rendszer\u00e9nek fejleszt\u00e9se II. \u00fctem - forraskut.hu\" \/>\n<meta property=\"og:description\" content=\"TOP_Plusz-1.2.1-21-CS1-2022-00023 Forr\u00e1sk\u00fat K\u00f6zs\u00e9g \u00d6nkorm\u00e1nyzata \u201eForr\u00e1sk\u00fat k\u00f6zs\u00e9g csapad\u00e9kv\u00edz elvezet\u0151 rendszer\u00e9nek fejleszt\u00e9se II. \u00fctem\u201d Forr\u00e1sk\u00fat K\u00f6zs\u00e9g \u00d6nkorm\u00e1nyzata p\u00e1ly\u00e1zatot ny\u00fajtott be 2022. janu\u00e1r 14-\u00e9n a Ter\u00fclet- \u00e9s Telep\u00fcl\u00e9sfejleszt\u00e9si Operat\u00edv Program Plusz TOP_Plusz-1.2.1-21 \u201e\u00c9lhet\u0151 telep\u00fcl\u00e9sek\u201d c. felh\u00edv\u00e1s keret\u00e9ben \u201eForr\u00e1sk\u00fat k\u00f6zs\u00e9g csapad\u00e9kv\u00edz elvezet\u0151 rendszer\u00e9nek fejleszt\u00e9se II. \u00fctem\u201d c\u00edmen A projekt a Sz\u00e9chenyi Terv Plusz program keret\u00e9ben val\u00f3sul meg 400 milli\u00f3 [&hellip;]\" \/>\n<meta property=\"og:url\" content=\"https:\/\/forraskut.hu\/index.php\/forraskut-kozseg-csapadekviz-elvezeto-rendszerenek-fejlesztese-ii-utem\/\" \/>\n<meta property=\"og:site_name\" content=\"forraskut.hu\" \/>\n<meta property=\"article:modified_time\" content=\"2025-10-30T19:23:24+00:00\" \/>\n<meta property=\"og:image\" content=\"https:\/\/forraskut.hu\/wp-content\/uploads\/2025\/10\/2025-91-29_10-12-3_a2_fekvo_nyomda-1-scaled.jpg\" \/>\n<meta name=\"twitter:card\" content=\"summary_large_image\" \/>\n<meta name=\"twitter:label1\" content=\"Becs\u00fclt olvas\u00e1si id\u0151\" \/>\n\t<meta name=\"twitter:data1\" content=\"2 perc\" \/>\n<script type=\"application\/ld+json\" class=\"yoast-schema-graph\">{\"@context\":\"https:\/\/schema.org\",\"@graph\":[{\"@type\":\"WebPage\",\"@id\":\"https:\/\/forraskut.hu\/index.php\/forraskut-kozseg-csapadekviz-elvezeto-rendszerenek-fejlesztese-ii-utem\/\",\"url\":\"https:\/\/forraskut.hu\/index.php\/forraskut-kozseg-csapadekviz-elvezeto-rendszerenek-fejlesztese-ii-utem\/\",\"name\":\"Forr\u00e1sk\u00fat k\u00f6zs\u00e9g csapad\u00e9kv\u00edz elvezet\u0151 rendszer\u00e9nek fejleszt\u00e9se II. \u00fctem - forraskut.hu\",\"isPartOf\":{\"@id\":\"https:\/\/forraskut.hu\/#website\"},\"primaryImageOfPage\":{\"@id\":\"https:\/\/forraskut.hu\/index.php\/forraskut-kozseg-csapadekviz-elvezeto-rendszerenek-fejlesztese-ii-utem\/#primaryimage\"},\"image\":{\"@id\":\"https:\/\/forraskut.hu\/index.php\/forraskut-kozseg-csapadekviz-elvezeto-rendszerenek-fejlesztese-ii-utem\/#primaryimage\"},\"thumbnailUrl\":\"https:\/\/forraskut.hu\/wp-content\/uploads\/2025\/10\/2025-91-29_10-12-3_a2_fekvo_nyomda-1-scaled.jpg\",\"datePublished\":\"2025-10-30T18:43:12+00:00\",\"dateModified\":\"2025-10-30T19:23:24+00:00\",\"breadcrumb\":{\"@id\":\"https:\/\/forraskut.hu\/index.php\/forraskut-kozseg-csapadekviz-elvezeto-rendszerenek-fejlesztese-ii-utem\/#breadcrumb\"},\"inLanguage\":\"hu\",\"potentialAction\":[{\"@type\":\"ReadAction\",\"target\":[\"https:\/\/forraskut.hu\/index.php\/forraskut-kozseg-csapadekviz-elvezeto-rendszerenek-fejlesztese-ii-utem\/\"]}]},{\"@type\":\"ImageObject\",\"inLanguage\":\"hu\",\"@id\":\"https:\/\/forraskut.hu\/index.php\/forraskut-kozseg-csapadekviz-elvezeto-rendszerenek-fejlesztese-ii-utem\/#primaryimage\",\"url\":\"https:\/\/forraskut.hu\/wp-content\/uploads\/2025\/10\/2025-91-29_10-12-3_a2_fekvo_nyomda-1-scaled.jpg\",\"contentUrl\":\"https:\/\/forraskut.hu\/wp-content\/uploads\/2025\/10\/2025-91-29_10-12-3_a2_fekvo_nyomda-1-scaled.jpg\",\"width\":2560,\"height\":1849},{\"@type\":\"BreadcrumbList\",\"@id\":\"https:\/\/forraskut.hu\/index.php\/forraskut-kozseg-csapadekviz-elvezeto-rendszerenek-fejlesztese-ii-utem\/#breadcrumb\",\"itemListElement\":[{\"@type\":\"ListItem\",\"position\":1,\"name\":\"Kezd\u0151lap\",\"item\":\"https:\/\/forraskut.hu\/\"},{\"@type\":\"ListItem\",\"position\":2,\"name\":\"Forr\u00e1sk\u00fat k\u00f6zs\u00e9g csapad\u00e9kv\u00edz elvezet\u0151 rendszer\u00e9nek fejleszt\u00e9se II. \u00fctem\"}]},{\"@type\":\"WebSite\",\"@id\":\"https:\/\/forraskut.hu\/#website\",\"url\":\"https:\/\/forraskut.hu\/\",\"name\":\"forraskut.hu\",\"description\":\"Forr\u00e1sk\u00fat k\u00f6zs\u00e9g hivatalos weboldala\",\"potentialAction\":[{\"@type\":\"SearchAction\",\"target\":{\"@type\":\"EntryPoint\",\"urlTemplate\":\"https:\/\/forraskut.hu\/?s={search_term_string}\"},\"query-input\":{\"@type\":\"PropertyValueSpecification\",\"valueRequired\":true,\"valueName\":\"search_term_string\"}}],\"inLanguage\":\"hu\"}]}<\/script>\n<!-- \/ Yoast SEO plugin. -->","yoast_head_json":{"title":"Forr\u00e1sk\u00fat k\u00f6zs\u00e9g csapad\u00e9kv\u00edz elvezet\u0151 rendszer\u00e9nek fejleszt\u00e9se II. \u00fctem - forraskut.hu","robots":{"index":"index","follow":"follow","max-snippet":"max-snippet:-1","max-image-preview":"max-image-preview:large","max-video-preview":"max-video-preview:-1"},"canonical":"https:\/\/forraskut.hu\/index.php\/forraskut-kozseg-csapadekviz-elvezeto-rendszerenek-fejlesztese-ii-utem\/","og_locale":"hu_HU","og_type":"article","og_title":"Forr\u00e1sk\u00fat k\u00f6zs\u00e9g csapad\u00e9kv\u00edz elvezet\u0151 rendszer\u00e9nek fejleszt\u00e9se II. \u00fctem - forraskut.hu","og_description":"TOP_Plusz-1.2.1-21-CS1-2022-00023 Forr\u00e1sk\u00fat K\u00f6zs\u00e9g \u00d6nkorm\u00e1nyzata \u201eForr\u00e1sk\u00fat k\u00f6zs\u00e9g csapad\u00e9kv\u00edz elvezet\u0151 rendszer\u00e9nek fejleszt\u00e9se II. \u00fctem\u201d Forr\u00e1sk\u00fat K\u00f6zs\u00e9g \u00d6nkorm\u00e1nyzata p\u00e1ly\u00e1zatot ny\u00fajtott be 2022. janu\u00e1r 14-\u00e9n a Ter\u00fclet- \u00e9s Telep\u00fcl\u00e9sfejleszt\u00e9si Operat\u00edv Program Plusz TOP_Plusz-1.2.1-21 \u201e\u00c9lhet\u0151 telep\u00fcl\u00e9sek\u201d c. felh\u00edv\u00e1s keret\u00e9ben \u201eForr\u00e1sk\u00fat k\u00f6zs\u00e9g csapad\u00e9kv\u00edz elvezet\u0151 rendszer\u00e9nek fejleszt\u00e9se II. \u00fctem\u201d c\u00edmen A projekt a Sz\u00e9chenyi Terv Plusz program keret\u00e9ben val\u00f3sul meg 400 milli\u00f3 [&hellip;]","og_url":"https:\/\/forraskut.hu\/index.php\/forraskut-kozseg-csapadekviz-elvezeto-rendszerenek-fejlesztese-ii-utem\/","og_site_name":"forraskut.hu","article_modified_time":"2025-10-30T19:23:24+00:00","og_image":[{"url":"https:\/\/forraskut.hu\/wp-content\/uploads\/2025\/10\/2025-91-29_10-12-3_a2_fekvo_nyomda-1-scaled.jpg"}],"twitter_card":"summary_large_image","twitter_misc":{"Becs\u00fclt olvas\u00e1si id\u0151":"2 perc"},"schema":{"@context":"https:\/\/schema.org","@graph":[{"@type":"WebPage","@id":"https:\/\/forraskut.hu\/index.php\/forraskut-kozseg-csapadekviz-elvezeto-rendszerenek-fejlesztese-ii-utem\/","url":"https:\/\/forraskut.hu\/index.php\/forraskut-kozseg-csapadekviz-elvezeto-rendszerenek-fejlesztese-ii-utem\/","name":"Forr\u00e1sk\u00fat k\u00f6zs\u00e9g csapad\u00e9kv\u00edz elvezet\u0151 rendszer\u00e9nek fejleszt\u00e9se II. \u00fctem - forraskut.hu","isPartOf":{"@id":"https:\/\/forraskut.hu\/#website"},"primaryImageOfPage":{"@id":"https:\/\/forraskut.hu\/index.php\/forraskut-kozseg-csapadekviz-elvezeto-rendszerenek-fejlesztese-ii-utem\/#primaryimage"},"image":{"@id":"https:\/\/forraskut.hu\/index.php\/forraskut-kozseg-csapadekviz-elvezeto-rendszerenek-fejlesztese-ii-utem\/#primaryimage"},"thumbnailUrl":"https:\/\/forraskut.hu\/wp-content\/uploads\/2025\/10\/2025-91-29_10-12-3_a2_fekvo_nyomda-1-scaled.jpg","datePublished":"2025-10-30T18:43:12+00:00","dateModified":"2025-10-30T19:23:24+00:00","breadcrumb":{"@id":"https:\/\/forraskut.hu\/index.php\/forraskut-kozseg-csapadekviz-elvezeto-rendszerenek-fejlesztese-ii-utem\/#breadcrumb"},"inLanguage":"hu","potentialAction":[{"@type":"ReadAction","target":["https:\/\/forraskut.hu\/index.php\/forraskut-kozseg-csapadekviz-elvezeto-rendszerenek-fejlesztese-ii-utem\/"]}]},{"@type":"ImageObject","inLanguage":"hu","@id":"https:\/\/forraskut.hu\/index.php\/forraskut-kozseg-csapadekviz-elvezeto-rendszerenek-fejlesztese-ii-utem\/#primaryimage","url":"https:\/\/forraskut.hu\/wp-content\/uploads\/2025\/10\/2025-91-29_10-12-3_a2_fekvo_nyomda-1-scaled.jpg","contentUrl":"https:\/\/forraskut.hu\/wp-content\/uploads\/2025\/10\/2025-91-29_10-12-3_a2_fekvo_nyomda-1-scaled.jpg","width":2560,"height":1849},{"@type":"BreadcrumbList","@id":"https:\/\/forraskut.hu\/index.php\/forraskut-kozseg-csapadekviz-elvezeto-rendszerenek-fejlesztese-ii-utem\/#breadcrumb","itemListElement":[{"@type":"ListItem","position":1,"name":"Kezd\u0151lap","item":"https:\/\/forraskut.hu\/"},{"@type":"ListItem","position":2,"name":"Forr\u00e1sk\u00fat k\u00f6zs\u00e9g csapad\u00e9kv\u00edz elvezet\u0151 rendszer\u00e9nek fejleszt\u00e9se II. \u00fctem"}]},{"@type":"WebSite","@id":"https:\/\/forraskut.hu\/#website","url":"https:\/\/forraskut.hu\/","name":"forraskut.hu","description":"Forr\u00e1sk\u00fat k\u00f6zs\u00e9g hivatalos weboldala","potentialAction":[{"@type":"SearchAction","target":{"@type":"EntryPoint","urlTemplate":"https:\/\/forraskut.hu\/?s={search_term_string}"},"query-input":{"@type":"PropertyValueSpecification","valueRequired":true,"valueName":"search_term_string"}}],"inLanguage":"hu"}]}},"_links":{"self":[{"href":"https:\/\/forraskut.hu\/index.php\/wp-json\/wp\/v2\/pages\/3671"}],"collection":[{"href":"https:\/\/forraskut.hu\/index.php\/wp-json\/wp\/v2\/pages"}],"about":[{"href":"https:\/\/forraskut.hu\/index.php\/wp-json\/wp\/v2\/types\/page"}],"author":[{"embeddable":true,"href":"https:\/\/forraskut.hu\/index.php\/wp-json\/wp\/v2\/users\/2"}],"replies":[{"embeddable":true,"href":"https:\/\/forraskut.hu\/index.php\/wp-json\/wp\/v2\/comments?post=3671"}],"version-history":[{"count":6,"href":"https:\/\/forraskut.hu\/index.php\/wp-json\/wp\/v2\/pages\/3671\/revisions"}],"predecessor-version":[{"id":3687,"href":"https:\/\/forraskut.hu\/index.php\/wp-json\/wp\/v2\/pages\/3671\/revisions\/3687"}],"wp:attachment":[{"href":"https:\/\/forraskut.hu\/index.php\/wp-json\/wp\/v2\/media?parent=3671"}],"curies":[{"name":"wp","href":"https:\/\/api.w.org\/{rel}","templated":true}]}}