{"id":353,"date":"2017-11-22T16:19:12","date_gmt":"2017-11-22T15:19:12","guid":{"rendered":"http:\/\/forraskut.hu\/?page_id=353"},"modified":"2021-12-08T11:22:30","modified_gmt":"2021-12-08T10:22:30","slug":"keop-4-10-0n14-2014-0067","status":"publish","type":"page","link":"https:\/\/forraskut.hu\/index.php\/keop-4-10-0n14-2014-0067\/","title":{"rendered":"KEOP-4.10.0\/N\/14-2014-0067"},"content":{"rendered":"<p class=\"last-modified\">Utolj\u00e1ra friss\u00edtve:&nbsp;  2021. december 8.<\/p>\n<div class=\"wp-block-senff-sticky-block\" data-topspace=\"0\" data-cfa=\"true\" data-minwidth=\"0\" data-maxwidth=\"99999\" data-pushup=\"\" data-zindex=\"1\">\n<div class=\"wp-block-image\"><figure class=\"alignright size-large is-resized\"><img loading=\"lazy\" decoding=\"async\" src=\"https:\/\/forraskut.hu\/wp-content\/uploads\/2021\/11\/sz2020regionalis-alap.png\" alt=\"\" class=\"wp-image-2338\" width=\"215\" height=\"150\" srcset=\"https:\/\/forraskut.hu\/wp-content\/uploads\/2021\/11\/sz2020regionalis-alap.png 352w, https:\/\/forraskut.hu\/wp-content\/uploads\/2021\/11\/sz2020regionalis-alap-300x210.png 300w\" sizes=\"(max-width: 215px) 100vw, 215px\" \/><\/figure><\/div>\n<\/div>\n\n\n<div>\u00a0<\/div>\n<div class=\"alcim\"><strong>FOTOVOLTAIKUS RENDSZEREK KIALAK\u00cdT\u00c1SA FORR\u00c1SK\u00daTON<\/strong><\/div>\n<div>\u00a0<\/div>\n<p style=\"text-align: justify;\">Az energetikahat\u00e9konys\u00e1gi fejleszt\u00e9si terveinkkel \u00f6sszhangban szavazott a K\u00e9pvisel\u0151-test\u00fclet a \u201eFotovoltaikus rendszerek kialak\u00edt\u00e1sa Forr\u00e1sk\u00faton\u201d t\u00e1rgy\u00fa KEOP p\u00e1ly\u00e1zat beny\u00fajt\u00e1sa mellett, melyen 14 746 848 Ft t\u00e1mogat\u00e1sban r\u00e9szes\u00fclt\u00fcnk. A fejleszt\u00e9s c\u00e9lja a fejleszt\u00e9sben r\u00e9szt vev\u0151 int\u00e9zm\u00e9nyeink elektromos energia ell\u00e1t\u00e1s\u00e1nak kiv\u00e1lt\u00e1sa napelemes rendszerekkel, amelyek l\u00e9nyeges k\u00f6lts\u00e9gmegtakar\u00edt\u00e1st eredm\u00e9nyeznek korszer\u0171, k\u00f6rnyezetk\u00edm\u00e9l\u0151 m\u0171k\u00f6d\u00e9s mellett. A beruh\u00e1z\u00e1s h\u00e1rom k\u00f6zint\u00e9zm\u00e9nyt fog \u00e9rinteni, ezek a K\u00f6zkonyha, M\u0171vel\u0151d\u00e9si H\u00e1z \u00e9s az \u00d3voda. Az eml\u00edtett helysz\u00edneken \u00f6sszesen 84 db napelem ker\u00fcl felszerel\u00e9sre, melyek \u00e9ves sz\u00e1m\u00edtott \u00f6sszteljes\u00edtm\u00e9nye 21 770 kWh. Ez a helysz\u00edni adotts\u00e1gokt\u00f3l f\u00fcgg\u0151en az egyes int\u00e9zm\u00e9nyek \u00e9ves elektromos energia sz\u00fcks\u00e9glet\u00e9nek k\u00f6r\u00fclbel\u00fcl 35-40%-os kiv\u00e1lt\u00e1s\u00e1t tudja megval\u00f3s\u00edtani. Mivel a p\u00e1ly\u00e1zat 100%-os t\u00e1mogat\u00e1s\u00fa, \u00edgy a be\u00fczemel\u00e9st k\u00f6vet\u0151en azonnali megtakar\u00edt\u00e1st eredm\u00e9nyez, nagyj\u00e1b\u00f3l 20 tonna\/\u00e9v \u00fcvegh\u00e1zhat\u00e1s\u00fa g\u00e1z kibocs\u00e1t\u00e1s\u00e1nak cs\u00f6kkent\u00e9se mellett. Az id\u0151szakosan jelentkez\u0151 t\u00f6bblettermel\u00e9st az \u00e1ramszolg\u00e1ltat\u00f3 h\u00e1l\u00f3zat\u00e1ba t\u00e1pl\u00e1lja a rendszer, illetve sz\u00fcks\u00e9g eset\u00e9n \u201ehagyom\u00e1nyos\u201d m\u00f3don, szint\u00e9n a h\u00e1l\u00f3zatb\u00f3l kapja vissza a fogyaszt\u00f3 int\u00e9zm\u00e9ny (\u201ek\u00e9tir\u00e1ny\u00fa\u201d m\u00e9r\u0151\u00f3r\u00e1n kereszt\u00fcl). Az elsz\u00e1mol\u00e1s a t\u00f6rv\u00e9ny szerint a szerz\u0151d\u00e9ses egys\u00e9g\u00e1ron, kilowatt alapon t\u00f6rt\u00e9nik. A rendszer be\u00fczemel\u00e9se ny\u00e1r v\u00e9g\u00e9ig megt\u00f6rt\u00e9nik. B\u00edzunk benne, hogy a gy\u00e1rt\u00f3 \u00e1ltal v\u00e1llalt 25 \u00e9v garanci\u00e1lis id\u0151t alapul v\u00e9ve hossz\u00fa id\u0151n kereszt\u00fcl tudjuk az int\u00e9zm\u00e9nyeinket korszer\u0171, olcs\u00f3 \u00e9s k\u00f6rnyezetbar\u00e1t elektromos energi\u00e1val ell\u00e1tni.<\/p>\n<p><strong>Projekt fontosabb adatai<\/strong>:<\/p>\n<p>Kedvezm\u00e9nyezett neve: Forr\u00e1sk\u00fat K\u00f6zs\u00e9g \u00d6nkorm\u00e1nyzat<\/p>\n<p>A projekt c\u00edme: Fotovoltaikus rendszerek kialak\u00edt\u00e1sa Forr\u00e1sk\u00faton<\/p>\n<p>A szerz\u0151d\u00f6tt t\u00e1mogat\u00e1s \u00f6sszege: 14 746 848 Ft<\/p>\n<p>A t\u00e1mogat\u00e1s m\u00e9rt\u00e9ke: 100 %<\/p>\n<p>Projekt megval\u00f3s\u00edt\u00e1s tervezett befejez\u00e9se: 2015.07.31.<\/p>\n<p>A projekt azonos\u00edt\u00f3 sz\u00e1ma: KEOP-4.10.0\/N\/14-2014-0067<\/p>\n<p>SAJT\u00d3K\u00d6ZLEM\u00c9NY<\/p>\n<p>BEFEJEZ\u0150D\u00d6TT FORR\u00c1SK\u00daT K\u00d6ZS\u00c9G \u00d6NKORM\u00c1NYZAT\u00c1NAK NAPELEMES BERUH\u00c1Z\u00c1SA<\/p>\n<p style=\"text-align: justify;\">Forr\u00e1sk\u00fat K\u00f6zs\u00e9g \u00d6nkorm\u00e1nyzata sikeres p\u00e1ly\u00e1zatot ny\u00fajtott be a KEOP-4.10.0\/N\/14 Fotovoltaikus rendszerek kialak\u00edt\u00e1sa c\u00edm\u0171 konstrukci\u00f3ra 2014-ben. A projekt a Fotovoltaikus rendszerek kialak\u00edt\u00e1sa Forr\u00e1sk\u00faton c\u00edmet kapta. A 14 746 848 Ft-os, 100%-os intenzit\u00e1s\u00fa vissza nem t\u00e9r\u00edtend\u0151 t\u00e1mogat\u00e1st az Eur\u00f3pai Region\u00e1lis Fejleszt\u00e9si Alapb\u00f3l \u00e9s a hazai k\u00f6zponti k\u00f6lts\u00e9gvet\u00e9si el\u0151ir\u00e1nyzatb\u00f3l finansz\u00edrozz\u00e1k.<\/p>\n<p style=\"text-align: justify;\">2015.07.31-\u00e9n a kivitelez\u0151 befejezte a beruh\u00e1z\u00e1st \u00e9s megt\u00f6rt\u00e9nt a m\u0171szaki \u00e1tad\u00e1s-\u00e1tv\u00e9tel is. A fejleszt\u00e9s c\u00e9lja a fejleszt\u00e9sben r\u00e9szt vev\u0151 int\u00e9zm\u00e9nyeink elektromos energia ell\u00e1t\u00e1s\u00e1nak kiv\u00e1lt\u00e1sa napelemes rendszerekkel, amelyek l\u00e9nyeges k\u00f6lts\u00e9gmegtakar\u00edt\u00e1st eredm\u00e9nyeznek korszer\u0171, k\u00f6rnyezetk\u00edm\u00e9l\u0151 m\u0171k\u00f6d\u00e9s mellett. A beruh\u00e1z\u00e1s h\u00e1rom helysz\u00ednt fog \u00e9rinteni, ezek a K\u00f6zkonyha, a M\u0171vel\u0151d\u00e9si H\u00e1z \u00e9s az \u00d3voda \u00e9p\u00fclete. Az eml\u00edtett helysz\u00edneken \u00f6sszesen 20,6 kW teljes\u00edtm\u00e9ny\u0171 napelem ker\u00fcl felszerel\u00e9sre, melyek \u00e9ves sz\u00e1m\u00edtott \u00f6sszteljes\u00edtm\u00e9nye 21.770 kWh. Ez a helysz\u00edni adotts\u00e1gokt\u00f3l f\u00fcgg\u0151en az egyes int\u00e9zm\u00e9nyek \u00e9ves elektromos energia sz\u00fcks\u00e9glet\u00e9nek k\u00f6r\u00fclbel\u00fcl 35-40%-os kiv\u00e1lt\u00e1s\u00e1t tudja megval\u00f3s\u00edtani.<\/p>\n<p>Be\u00e9p\u00edtett rendszer t\u00edpusok:<\/p>\n<p>K\u00f6zkonyha: 33 db Amerisolar AS-6P30 250 polikrist\u00e1lyos napelem panel<\/p>\n<p>1 db Fronius IG Plus 100 V-3 inverter<\/p>\n<p>M\u0171vel\u0151d\u00e9si H\u00e1z: 18 db Amerisolar AS-6P30 250 polikrist\u00e1lyos napelem panel<\/p>\n<p>1 db Fronius IG TL 4,6 inverter,<\/p>\n<p>\u00d3voda: 33 db Amerisolar AS-6P30 250 polikrist\u00e1lyos napelem panel<\/p>\n<p>1 db Fronius IG Plus 100 V-3 inverter,<\/p>\n<p style=\"text-align: justify;\">Az \u00f6nkorm\u00e1nyzat a k\u00f6rnyezetv\u00e9delmi priorit\u00e1sokat szem el\u0151tt tartva t\u00f6rekszik a telep\u00fcl\u00e9si k\u00f6rnyezetv\u00e9delem er\u0151s\u00edt\u00e9s\u00e9re \u00e9s a k\u00f6rnyezetbiztons\u00e1g n\u00f6vel\u00e9s\u00e9re is. A beruh\u00e1z\u00e1s megval\u00f3s\u00edt\u00e1sa r\u00e9v\u00e9n a k\u00f6rnyezeti terhel\u00e9s m\u00e9rs\u00e9kl\u00e9s\u00e9vel hozz\u00e1j\u00e1rul a helyi, t\u00e1gabb \u00e9rtelemben a region\u00e1lis k\u00f6rnyezeti \u00e1llapot javul\u00e1s\u00e1hoz.<\/p>\n<p style=\"text-align: justify;\">B\u00edzunk benne, hogy a gy\u00e1rt\u00f3 \u00e1ltal v\u00e1llalt 25 \u00e9v garanci\u00e1lis id\u0151t alapul v\u00e9ve hossz\u00fa id\u0151n kereszt\u00fcl tudjuk az int\u00e9zm\u00e9nyeinket korszer\u0171, olcs\u00f3 \u00e9s k\u00f6rnyezetbar\u00e1t elektromos energi\u00e1val ell\u00e1tni.<\/p>","protected":false},"excerpt":{"rendered":"<p>Utolj\u00e1ra friss\u00edtve:&nbsp; 2021. december 8. \u00a0 FOTOVOLTAIKUS RENDSZEREK KIALAK\u00cdT\u00c1SA FORR\u00c1SK\u00daTON \u00a0 Az energetikahat\u00e9konys\u00e1gi fejleszt\u00e9si terveinkkel \u00f6sszhangban szavazott a K\u00e9pvisel\u0151-test\u00fclet a \u201eFotovoltaikus rendszerek kialak\u00edt\u00e1sa Forr\u00e1sk\u00faton\u201d t\u00e1rgy\u00fa KEOP p\u00e1ly\u00e1zat beny\u00fajt\u00e1sa mellett, melyen 14 746 848 Ft t\u00e1mogat\u00e1sban r\u00e9szes\u00fclt\u00fcnk. A fejleszt\u00e9s c\u00e9lja a fejleszt\u00e9sben r\u00e9szt vev\u0151 int\u00e9zm\u00e9nyeink elektromos energia ell\u00e1t\u00e1s\u00e1nak kiv\u00e1lt\u00e1sa napelemes rendszerekkel, amelyek l\u00e9nyeges k\u00f6lts\u00e9gmegtakar\u00edt\u00e1st eredm\u00e9nyeznek korszer\u0171, [&hellip;]<\/p>\n","protected":false},"author":2,"featured_media":0,"parent":0,"menu_order":0,"comment_status":"closed","ping_status":"closed","template":"","meta":{"_exactmetrics_skip_tracking":false,"_exactmetrics_sitenote_active":false,"_exactmetrics_sitenote_note":"","_exactmetrics_sitenote_category":0,"footnotes":""},"yoast_head":"<!-- This site is optimized with the Yoast SEO plugin v23.4 - https:\/\/yoast.com\/wordpress\/plugins\/seo\/ -->\n<title>KEOP-4.10.0\/N\/14-2014-0067 - forraskut.hu<\/title>\n<meta name=\"robots\" content=\"index, follow, max-snippet:-1, max-image-preview:large, max-video-preview:-1\" \/>\n<link rel=\"canonical\" href=\"https:\/\/forraskut.hu\/index.php\/keop-4-10-0n14-2014-0067\/\" \/>\n<meta property=\"og:locale\" content=\"hu_HU\" \/>\n<meta property=\"og:type\" content=\"article\" \/>\n<meta property=\"og:title\" content=\"KEOP-4.10.0\/N\/14-2014-0067 - forraskut.hu\" \/>\n<meta property=\"og:description\" content=\"Utolj\u00e1ra friss\u00edtve:&nbsp; 2021. december 8. \u00a0 FOTOVOLTAIKUS RENDSZEREK KIALAK\u00cdT\u00c1SA FORR\u00c1SK\u00daTON \u00a0 Az energetikahat\u00e9konys\u00e1gi fejleszt\u00e9si terveinkkel \u00f6sszhangban szavazott a K\u00e9pvisel\u0151-test\u00fclet a \u201eFotovoltaikus rendszerek kialak\u00edt\u00e1sa Forr\u00e1sk\u00faton\u201d t\u00e1rgy\u00fa KEOP p\u00e1ly\u00e1zat beny\u00fajt\u00e1sa mellett, melyen 14 746 848 Ft t\u00e1mogat\u00e1sban r\u00e9szes\u00fclt\u00fcnk. A fejleszt\u00e9s c\u00e9lja a fejleszt\u00e9sben r\u00e9szt vev\u0151 int\u00e9zm\u00e9nyeink elektromos energia ell\u00e1t\u00e1s\u00e1nak kiv\u00e1lt\u00e1sa napelemes rendszerekkel, amelyek l\u00e9nyeges k\u00f6lts\u00e9gmegtakar\u00edt\u00e1st eredm\u00e9nyeznek korszer\u0171, [&hellip;]\" \/>\n<meta property=\"og:url\" content=\"https:\/\/forraskut.hu\/index.php\/keop-4-10-0n14-2014-0067\/\" \/>\n<meta property=\"og:site_name\" content=\"forraskut.hu\" \/>\n<meta property=\"article:modified_time\" content=\"2021-12-08T10:22:30+00:00\" \/>\n<meta property=\"og:image\" content=\"https:\/\/forraskut.hu\/wp-content\/uploads\/2021\/11\/sz2020regionalis-alap.png\" \/>\n<meta name=\"twitter:card\" content=\"summary_large_image\" \/>\n<meta name=\"twitter:label1\" content=\"Becs\u00fclt olvas\u00e1si id\u0151\" \/>\n\t<meta name=\"twitter:data1\" content=\"4 perc\" \/>\n<script type=\"application\/ld+json\" class=\"yoast-schema-graph\">{\"@context\":\"https:\/\/schema.org\",\"@graph\":[{\"@type\":\"WebPage\",\"@id\":\"https:\/\/forraskut.hu\/index.php\/keop-4-10-0n14-2014-0067\/\",\"url\":\"https:\/\/forraskut.hu\/index.php\/keop-4-10-0n14-2014-0067\/\",\"name\":\"KEOP-4.10.0\/N\/14-2014-0067 - forraskut.hu\",\"isPartOf\":{\"@id\":\"https:\/\/forraskut.hu\/#website\"},\"primaryImageOfPage\":{\"@id\":\"https:\/\/forraskut.hu\/index.php\/keop-4-10-0n14-2014-0067\/#primaryimage\"},\"image\":{\"@id\":\"https:\/\/forraskut.hu\/index.php\/keop-4-10-0n14-2014-0067\/#primaryimage\"},\"thumbnailUrl\":\"https:\/\/forraskut.hu\/wp-content\/uploads\/2021\/11\/sz2020regionalis-alap.png\",\"datePublished\":\"2017-11-22T15:19:12+00:00\",\"dateModified\":\"2021-12-08T10:22:30+00:00\",\"breadcrumb\":{\"@id\":\"https:\/\/forraskut.hu\/index.php\/keop-4-10-0n14-2014-0067\/#breadcrumb\"},\"inLanguage\":\"hu\",\"potentialAction\":[{\"@type\":\"ReadAction\",\"target\":[\"https:\/\/forraskut.hu\/index.php\/keop-4-10-0n14-2014-0067\/\"]}]},{\"@type\":\"ImageObject\",\"inLanguage\":\"hu\",\"@id\":\"https:\/\/forraskut.hu\/index.php\/keop-4-10-0n14-2014-0067\/#primaryimage\",\"url\":\"https:\/\/forraskut.hu\/wp-content\/uploads\/2021\/11\/sz2020regionalis-alap.png\",\"contentUrl\":\"https:\/\/forraskut.hu\/wp-content\/uploads\/2021\/11\/sz2020regionalis-alap.png\",\"width\":352,\"height\":246},{\"@type\":\"BreadcrumbList\",\"@id\":\"https:\/\/forraskut.hu\/index.php\/keop-4-10-0n14-2014-0067\/#breadcrumb\",\"itemListElement\":[{\"@type\":\"ListItem\",\"position\":1,\"name\":\"Kezd\u0151lap\",\"item\":\"https:\/\/forraskut.hu\/\"},{\"@type\":\"ListItem\",\"position\":2,\"name\":\"KEOP-4.10.0\/N\/14-2014-0067\"}]},{\"@type\":\"WebSite\",\"@id\":\"https:\/\/forraskut.hu\/#website\",\"url\":\"https:\/\/forraskut.hu\/\",\"name\":\"forraskut.hu\",\"description\":\"Forr\u00e1sk\u00fat k\u00f6zs\u00e9g hivatalos weboldala\",\"potentialAction\":[{\"@type\":\"SearchAction\",\"target\":{\"@type\":\"EntryPoint\",\"urlTemplate\":\"https:\/\/forraskut.hu\/?s={search_term_string}\"},\"query-input\":{\"@type\":\"PropertyValueSpecification\",\"valueRequired\":true,\"valueName\":\"search_term_string\"}}],\"inLanguage\":\"hu\"}]}<\/script>\n<!-- \/ Yoast SEO plugin. -->","yoast_head_json":{"title":"KEOP-4.10.0\/N\/14-2014-0067 - forraskut.hu","robots":{"index":"index","follow":"follow","max-snippet":"max-snippet:-1","max-image-preview":"max-image-preview:large","max-video-preview":"max-video-preview:-1"},"canonical":"https:\/\/forraskut.hu\/index.php\/keop-4-10-0n14-2014-0067\/","og_locale":"hu_HU","og_type":"article","og_title":"KEOP-4.10.0\/N\/14-2014-0067 - forraskut.hu","og_description":"Utolj\u00e1ra friss\u00edtve:&nbsp; 2021. december 8. \u00a0 FOTOVOLTAIKUS RENDSZEREK KIALAK\u00cdT\u00c1SA FORR\u00c1SK\u00daTON \u00a0 Az energetikahat\u00e9konys\u00e1gi fejleszt\u00e9si terveinkkel \u00f6sszhangban szavazott a K\u00e9pvisel\u0151-test\u00fclet a \u201eFotovoltaikus rendszerek kialak\u00edt\u00e1sa Forr\u00e1sk\u00faton\u201d t\u00e1rgy\u00fa KEOP p\u00e1ly\u00e1zat beny\u00fajt\u00e1sa mellett, melyen 14 746 848 Ft t\u00e1mogat\u00e1sban r\u00e9szes\u00fclt\u00fcnk. A fejleszt\u00e9s c\u00e9lja a fejleszt\u00e9sben r\u00e9szt vev\u0151 int\u00e9zm\u00e9nyeink elektromos energia ell\u00e1t\u00e1s\u00e1nak kiv\u00e1lt\u00e1sa napelemes rendszerekkel, amelyek l\u00e9nyeges k\u00f6lts\u00e9gmegtakar\u00edt\u00e1st eredm\u00e9nyeznek korszer\u0171, [&hellip;]","og_url":"https:\/\/forraskut.hu\/index.php\/keop-4-10-0n14-2014-0067\/","og_site_name":"forraskut.hu","article_modified_time":"2021-12-08T10:22:30+00:00","og_image":[{"url":"https:\/\/forraskut.hu\/wp-content\/uploads\/2021\/11\/sz2020regionalis-alap.png"}],"twitter_card":"summary_large_image","twitter_misc":{"Becs\u00fclt olvas\u00e1si id\u0151":"4 perc"},"schema":{"@context":"https:\/\/schema.org","@graph":[{"@type":"WebPage","@id":"https:\/\/forraskut.hu\/index.php\/keop-4-10-0n14-2014-0067\/","url":"https:\/\/forraskut.hu\/index.php\/keop-4-10-0n14-2014-0067\/","name":"KEOP-4.10.0\/N\/14-2014-0067 - forraskut.hu","isPartOf":{"@id":"https:\/\/forraskut.hu\/#website"},"primaryImageOfPage":{"@id":"https:\/\/forraskut.hu\/index.php\/keop-4-10-0n14-2014-0067\/#primaryimage"},"image":{"@id":"https:\/\/forraskut.hu\/index.php\/keop-4-10-0n14-2014-0067\/#primaryimage"},"thumbnailUrl":"https:\/\/forraskut.hu\/wp-content\/uploads\/2021\/11\/sz2020regionalis-alap.png","datePublished":"2017-11-22T15:19:12+00:00","dateModified":"2021-12-08T10:22:30+00:00","breadcrumb":{"@id":"https:\/\/forraskut.hu\/index.php\/keop-4-10-0n14-2014-0067\/#breadcrumb"},"inLanguage":"hu","potentialAction":[{"@type":"ReadAction","target":["https:\/\/forraskut.hu\/index.php\/keop-4-10-0n14-2014-0067\/"]}]},{"@type":"ImageObject","inLanguage":"hu","@id":"https:\/\/forraskut.hu\/index.php\/keop-4-10-0n14-2014-0067\/#primaryimage","url":"https:\/\/forraskut.hu\/wp-content\/uploads\/2021\/11\/sz2020regionalis-alap.png","contentUrl":"https:\/\/forraskut.hu\/wp-content\/uploads\/2021\/11\/sz2020regionalis-alap.png","width":352,"height":246},{"@type":"BreadcrumbList","@id":"https:\/\/forraskut.hu\/index.php\/keop-4-10-0n14-2014-0067\/#breadcrumb","itemListElement":[{"@type":"ListItem","position":1,"name":"Kezd\u0151lap","item":"https:\/\/forraskut.hu\/"},{"@type":"ListItem","position":2,"name":"KEOP-4.10.0\/N\/14-2014-0067"}]},{"@type":"WebSite","@id":"https:\/\/forraskut.hu\/#website","url":"https:\/\/forraskut.hu\/","name":"forraskut.hu","description":"Forr\u00e1sk\u00fat k\u00f6zs\u00e9g hivatalos weboldala","potentialAction":[{"@type":"SearchAction","target":{"@type":"EntryPoint","urlTemplate":"https:\/\/forraskut.hu\/?s={search_term_string}"},"query-input":{"@type":"PropertyValueSpecification","valueRequired":true,"valueName":"search_term_string"}}],"inLanguage":"hu"}]}},"_links":{"self":[{"href":"https:\/\/forraskut.hu\/index.php\/wp-json\/wp\/v2\/pages\/353"}],"collection":[{"href":"https:\/\/forraskut.hu\/index.php\/wp-json\/wp\/v2\/pages"}],"about":[{"href":"https:\/\/forraskut.hu\/index.php\/wp-json\/wp\/v2\/types\/page"}],"author":[{"embeddable":true,"href":"https:\/\/forraskut.hu\/index.php\/wp-json\/wp\/v2\/users\/2"}],"replies":[{"embeddable":true,"href":"https:\/\/forraskut.hu\/index.php\/wp-json\/wp\/v2\/comments?post=353"}],"version-history":[{"count":2,"href":"https:\/\/forraskut.hu\/index.php\/wp-json\/wp\/v2\/pages\/353\/revisions"}],"predecessor-version":[{"id":2374,"href":"https:\/\/forraskut.hu\/index.php\/wp-json\/wp\/v2\/pages\/353\/revisions\/2374"}],"wp:attachment":[{"href":"https:\/\/forraskut.hu\/index.php\/wp-json\/wp\/v2\/media?parent=353"}],"curies":[{"name":"wp","href":"https:\/\/api.w.org\/{rel}","templated":true}]}}