{"id":3372,"date":"2025-01-15T13:58:56","date_gmt":"2025-01-15T12:58:56","guid":{"rendered":"https:\/\/forraskut.hu\/?page_id=3372"},"modified":"2025-10-13T13:48:36","modified_gmt":"2025-10-13T12:48:36","slug":"hir-forras-2025-ev","status":"publish","type":"page","link":"https:\/\/forraskut.hu\/index.php\/hir-forras-2025-ev\/","title":{"rendered":"h\u00edr-Forr\u00e1s 2025. \u00e9v"},"content":{"rendered":"<p class=\"last-modified\">Utolj\u00e1ra friss\u00edtve:&nbsp;  2025. okt\u00f3ber 13.<\/p><p><a href=\"https:\/\/forraskut.hu\/wp-content\/uploads\/hirforras\/2025\/hir-forras-2025-januar.pdf\" target=\"_blank\" rel=\"noopener\">h\u00edr-Forr\u00e1s 2025. janu\u00e1r<\/a><\/p>\n<p><a href=\"https:\/\/forraskut.hu\/wp-content\/uploads\/hirforras\/2025\/hir-forras-2025-februar.pdf\" target=\"_blank\" rel=\"noopener\">h\u00edr-Forr\u00e1s 2025. febru\u00e1r<\/a><\/p>\n<p><a href=\"https:\/\/forraskut.hu\/wp-content\/uploads\/hirforras\/2025\/hir-forras-2025-marcius.pdf\" target=\"_blank\" rel=\"noopener\">h\u00edr-Forr\u00e1s 2025. m\u00e1rcius<\/a><\/p>\n<p><a href=\"https:\/\/forraskut.hu\/wp-content\/uploads\/hirforras\/2025\/hir-forras-2025-aprilis.pdf\" target=\"_blank\" rel=\"noopener\">h\u00edr-Forr\u00e1s 2025. \u00e1prilis<\/a><\/p>\n<p><a href=\"https:\/\/forraskut.hu\/wp-content\/uploads\/hirforras\/2025\/hir-forras-2025-majus.pdf\" target=\"_blank\" rel=\"noopener\">h\u00edr-Forr\u00e1s 2025. m\u00e1jus<\/a><\/p>\n<p><a href=\"https:\/\/forraskut.hu\/wp-content\/uploads\/hirforras\/2025\/hir-forras-2025-junius.pdf\" target=\"_blank\" rel=\"noopener\">h\u00edr-Forr\u00e1s 2025. j\u00fanius<\/a><\/p>\n<p><a href=\"https:\/\/forraskut.hu\/wp-content\/uploads\/hirforras\/2025\/hir-forras-2025-aug.pdf\" target=\"_blank\" rel=\"noopener\">h\u00edr-Forr\u00e1s 2025. augusztus<\/a><\/p>\n<p><a href=\"https:\/\/forraskut.hu\/wp-content\/uploads\/hirforras\/2025\/hir-forras-2025-szept.pdf\" target=\"_blank\" rel=\"noopener\">h\u00edr-Forr\u00e1s 2025. szeptember<\/a><\/p>\n<p><a href=\"https:\/\/forraskut.hu\/wp-content\/uploads\/hirforras\/2025\/hir-forras-2025-okt.pdf\" target=\"_blank\" rel=\"noopener\">h\u00edr-Forr\u00e1s 2025. okt\u00f3ber<\/a><\/p>\n","protected":false},"excerpt":{"rendered":"<p>Utolj\u00e1ra friss\u00edtve:&nbsp; 2025. okt\u00f3ber 13.h\u00edr-Forr\u00e1s 2025. janu\u00e1r h\u00edr-Forr\u00e1s 2025. febru\u00e1r h\u00edr-Forr\u00e1s 2025. m\u00e1rcius h\u00edr-Forr\u00e1s 2025. \u00e1prilis h\u00edr-Forr\u00e1s 2025. m\u00e1jus h\u00edr-Forr\u00e1s 2025. j\u00fanius h\u00edr-Forr\u00e1s 2025. augusztus h\u00edr-Forr\u00e1s 2025. szeptember h\u00edr-Forr\u00e1s 2025. okt\u00f3ber<\/p>\n","protected":false},"author":2,"featured_media":0,"parent":0,"menu_order":0,"comment_status":"closed","ping_status":"closed","template":"","meta":{"_exactmetrics_skip_tracking":false,"_exactmetrics_sitenote_active":false,"_exactmetrics_sitenote_note":"","_exactmetrics_sitenote_category":0,"footnotes":""},"yoast_head":"<!-- This site is optimized with the Yoast SEO plugin v23.4 - https:\/\/yoast.com\/wordpress\/plugins\/seo\/ -->\n<title>h\u00edr-Forr\u00e1s 2025. \u00e9v - forraskut.hu<\/title>\n<meta name=\"robots\" content=\"index, follow, max-snippet:-1, max-image-preview:large, max-video-preview:-1\" \/>\n<link rel=\"canonical\" href=\"https:\/\/forraskut.hu\/index.php\/hir-forras-2025-ev\/\" \/>\n<meta property=\"og:locale\" content=\"hu_HU\" \/>\n<meta property=\"og:type\" content=\"article\" \/>\n<meta property=\"og:title\" content=\"h\u00edr-Forr\u00e1s 2025. \u00e9v - forraskut.hu\" \/>\n<meta property=\"og:description\" content=\"Utolj\u00e1ra friss\u00edtve:&nbsp; 2025. okt\u00f3ber 13.h\u00edr-Forr\u00e1s 2025. janu\u00e1r h\u00edr-Forr\u00e1s 2025. febru\u00e1r h\u00edr-Forr\u00e1s 2025. m\u00e1rcius h\u00edr-Forr\u00e1s 2025. \u00e1prilis h\u00edr-Forr\u00e1s 2025. m\u00e1jus h\u00edr-Forr\u00e1s 2025. j\u00fanius h\u00edr-Forr\u00e1s 2025. augusztus h\u00edr-Forr\u00e1s 2025. szeptember h\u00edr-Forr\u00e1s 2025. okt\u00f3ber\" \/>\n<meta property=\"og:url\" content=\"https:\/\/forraskut.hu\/index.php\/hir-forras-2025-ev\/\" \/>\n<meta property=\"og:site_name\" content=\"forraskut.hu\" \/>\n<meta property=\"article:modified_time\" content=\"2025-10-13T12:48:36+00:00\" \/>\n<meta name=\"twitter:card\" content=\"summary_large_image\" \/>\n<meta name=\"twitter:label1\" content=\"Becs\u00fclt olvas\u00e1si id\u0151\" \/>\n\t<meta name=\"twitter:data1\" content=\"1 perc\" \/>\n<script type=\"application\/ld+json\" class=\"yoast-schema-graph\">{\"@context\":\"https:\/\/schema.org\",\"@graph\":[{\"@type\":\"WebPage\",\"@id\":\"https:\/\/forraskut.hu\/index.php\/hir-forras-2025-ev\/\",\"url\":\"https:\/\/forraskut.hu\/index.php\/hir-forras-2025-ev\/\",\"name\":\"h\u00edr-Forr\u00e1s 2025. \u00e9v - forraskut.hu\",\"isPartOf\":{\"@id\":\"https:\/\/forraskut.hu\/#website\"},\"datePublished\":\"2025-01-15T12:58:56+00:00\",\"dateModified\":\"2025-10-13T12:48:36+00:00\",\"breadcrumb\":{\"@id\":\"https:\/\/forraskut.hu\/index.php\/hir-forras-2025-ev\/#breadcrumb\"},\"inLanguage\":\"hu\",\"potentialAction\":[{\"@type\":\"ReadAction\",\"target\":[\"https:\/\/forraskut.hu\/index.php\/hir-forras-2025-ev\/\"]}]},{\"@type\":\"BreadcrumbList\",\"@id\":\"https:\/\/forraskut.hu\/index.php\/hir-forras-2025-ev\/#breadcrumb\",\"itemListElement\":[{\"@type\":\"ListItem\",\"position\":1,\"name\":\"Kezd\u0151lap\",\"item\":\"https:\/\/forraskut.hu\/\"},{\"@type\":\"ListItem\",\"position\":2,\"name\":\"h\u00edr-Forr\u00e1s 2025. \u00e9v\"}]},{\"@type\":\"WebSite\",\"@id\":\"https:\/\/forraskut.hu\/#website\",\"url\":\"https:\/\/forraskut.hu\/\",\"name\":\"forraskut.hu\",\"description\":\"Forr\u00e1sk\u00fat k\u00f6zs\u00e9g hivatalos weboldala\",\"potentialAction\":[{\"@type\":\"SearchAction\",\"target\":{\"@type\":\"EntryPoint\",\"urlTemplate\":\"https:\/\/forraskut.hu\/?s={search_term_string}\"},\"query-input\":{\"@type\":\"PropertyValueSpecification\",\"valueRequired\":true,\"valueName\":\"search_term_string\"}}],\"inLanguage\":\"hu\"}]}<\/script>\n<!-- \/ Yoast SEO plugin. -->","yoast_head_json":{"title":"h\u00edr-Forr\u00e1s 2025. \u00e9v - forraskut.hu","robots":{"index":"index","follow":"follow","max-snippet":"max-snippet:-1","max-image-preview":"max-image-preview:large","max-video-preview":"max-video-preview:-1"},"canonical":"https:\/\/forraskut.hu\/index.php\/hir-forras-2025-ev\/","og_locale":"hu_HU","og_type":"article","og_title":"h\u00edr-Forr\u00e1s 2025. \u00e9v - forraskut.hu","og_description":"Utolj\u00e1ra friss\u00edtve:&nbsp; 2025. okt\u00f3ber 13.h\u00edr-Forr\u00e1s 2025. janu\u00e1r h\u00edr-Forr\u00e1s 2025. febru\u00e1r h\u00edr-Forr\u00e1s 2025. m\u00e1rcius h\u00edr-Forr\u00e1s 2025. \u00e1prilis h\u00edr-Forr\u00e1s 2025. m\u00e1jus h\u00edr-Forr\u00e1s 2025. j\u00fanius h\u00edr-Forr\u00e1s 2025. augusztus h\u00edr-Forr\u00e1s 2025. szeptember h\u00edr-Forr\u00e1s 2025. okt\u00f3ber","og_url":"https:\/\/forraskut.hu\/index.php\/hir-forras-2025-ev\/","og_site_name":"forraskut.hu","article_modified_time":"2025-10-13T12:48:36+00:00","twitter_card":"summary_large_image","twitter_misc":{"Becs\u00fclt olvas\u00e1si id\u0151":"1 perc"},"schema":{"@context":"https:\/\/schema.org","@graph":[{"@type":"WebPage","@id":"https:\/\/forraskut.hu\/index.php\/hir-forras-2025-ev\/","url":"https:\/\/forraskut.hu\/index.php\/hir-forras-2025-ev\/","name":"h\u00edr-Forr\u00e1s 2025. \u00e9v - forraskut.hu","isPartOf":{"@id":"https:\/\/forraskut.hu\/#website"},"datePublished":"2025-01-15T12:58:56+00:00","dateModified":"2025-10-13T12:48:36+00:00","breadcrumb":{"@id":"https:\/\/forraskut.hu\/index.php\/hir-forras-2025-ev\/#breadcrumb"},"inLanguage":"hu","potentialAction":[{"@type":"ReadAction","target":["https:\/\/forraskut.hu\/index.php\/hir-forras-2025-ev\/"]}]},{"@type":"BreadcrumbList","@id":"https:\/\/forraskut.hu\/index.php\/hir-forras-2025-ev\/#breadcrumb","itemListElement":[{"@type":"ListItem","position":1,"name":"Kezd\u0151lap","item":"https:\/\/forraskut.hu\/"},{"@type":"ListItem","position":2,"name":"h\u00edr-Forr\u00e1s 2025. \u00e9v"}]},{"@type":"WebSite","@id":"https:\/\/forraskut.hu\/#website","url":"https:\/\/forraskut.hu\/","name":"forraskut.hu","description":"Forr\u00e1sk\u00fat k\u00f6zs\u00e9g hivatalos weboldala","potentialAction":[{"@type":"SearchAction","target":{"@type":"EntryPoint","urlTemplate":"https:\/\/forraskut.hu\/?s={search_term_string}"},"query-input":{"@type":"PropertyValueSpecification","valueRequired":true,"valueName":"search_term_string"}}],"inLanguage":"hu"}]}},"_links":{"self":[{"href":"https:\/\/forraskut.hu\/index.php\/wp-json\/wp\/v2\/pages\/3372"}],"collection":[{"href":"https:\/\/forraskut.hu\/index.php\/wp-json\/wp\/v2\/pages"}],"about":[{"href":"https:\/\/forraskut.hu\/index.php\/wp-json\/wp\/v2\/types\/page"}],"author":[{"embeddable":true,"href":"https:\/\/forraskut.hu\/index.php\/wp-json\/wp\/v2\/users\/2"}],"replies":[{"embeddable":true,"href":"https:\/\/forraskut.hu\/index.php\/wp-json\/wp\/v2\/comments?post=3372"}],"version-history":[{"count":7,"href":"https:\/\/forraskut.hu\/index.php\/wp-json\/wp\/v2\/pages\/3372\/revisions"}],"predecessor-version":[{"id":3666,"href":"https:\/\/forraskut.hu\/index.php\/wp-json\/wp\/v2\/pages\/3372\/revisions\/3666"}],"wp:attachment":[{"href":"https:\/\/forraskut.hu\/index.php\/wp-json\/wp\/v2\/media?parent=3372"}],"curies":[{"name":"wp","href":"https:\/\/api.w.org\/{rel}","templated":true}]}}