{"id":333,"date":"2017-11-22T16:02:58","date_gmt":"2017-11-22T15:02:58","guid":{"rendered":"http:\/\/forraskut.hu\/?page_id=333"},"modified":"2018-01-19T15:52:44","modified_gmt":"2018-01-19T14:52:44","slug":"testvertelepuleseink","status":"publish","type":"page","link":"https:\/\/forraskut.hu\/index.php\/testvertelepuleseink\/","title":{"rendered":"Testv\u00e9rtelep\u00fcl\u00e9seink"},"content":{"rendered":"<p class=\"last-modified\">Utolj\u00e1ra friss\u00edtve:&nbsp;  2018. janu\u00e1r 19.<\/p><h2 class=\"focim\"><strong>Testv\u00e9rtelep\u00fcl\u00e9s\u00fcnk Cs\u00edkszenttam\u00e1s<\/strong><\/h2>\n<p style=\"text-align: justify;\">Cs\u00edkszenttam\u00e1st a Cs\u00edkjen\u0151falva \u00e9s Cs\u00edkszentdomokos k\u00f6z\u00e9 es\u0151 falut a hagyom\u00e1ny\u0151rz\u0151 cs\u00edki falvak k\u00f6z\u00f6tt tartj\u00e1k sz\u00e1mon. 2005. m\u00e1jus 13-a \u00f3ta Forr\u00e1sk\u00fat testv\u00e9rtelep\u00fcl\u00e9se.<\/p>\n<p style=\"text-align: justify;\">Lakoss\u00e1ga k\u00f6zel 2700 f\u0151, k\u00e9t szem\u00e9ly kiv\u00e9tel\u00e9vel mind magyarok. Cs\u00edkszered\u00e1t\u00f3l 26 km-re fekszik, az Olt foly\u00f3 ment\u00e9n. Als\u00f3 \u00e9s fels\u0151 szomsz\u00e9dj\u00e1val is szorosan \u00f6sszen\u0151tt. Neve 1333-ban de Sancto Thoma n\u00e9ven szerepel. 1441-ben Zenth Tam\u00e1s, 1549-ben Szent Tam\u00e1s a neve.<\/p>\n<p style=\"text-align: justify;\">A hagyom\u00e1ny szerint a falu els\u0151 telephelye a Csonkatorony k\u00f6zel\u00e9ben lehetett, teh\u00e1t a mostani hely\u00e9t\u0151l fennebb 2-3 km-rel, a<img loading=\"lazy\" decoding=\"async\" class=\"size-full wp-image-734 alignright\" src=\"http:\/\/forraskut.hu\/wp-content\/uploads\/2018\/01\/csonkatorony.gif\" alt=\"\" width=\"95\" height=\"154\" \/> \u201efeneketlen\u201d tavacska feletti dombon. Csonkatornya m\u0171eml\u00e9k\u00e9p\u00fclet. Cs\u00edkszenttam\u00e1s \u00e9rdekes \u00e9p\u00edt\u00e9szeti eml\u00e9ke. A falut\u00f3l egy km-re \u00e9szaknyugatra, egy magas dombh\u00e1ton tal\u00e1lhat\u00f3.11 m\u00e9ter magas, a falu k\u00f6z\u00e9pkori templom\u00e1nak maradv\u00e1nya. Csup\u00e1n az \u00e9szaknyugati t\u00e1maszt\u00f3pill\u00e9re, a d\u00e9lnyugatinak pedig csak egy r\u00e9sze maradt meg. Falvastags\u00e1ga k\u00f6zel egym\u00e9teres. Az egykori templom a 14-15. sz\u00e1zadi cs\u00edki g\u00f3tikus templomok sor\u00e1ba illeszthet\u0151. A templomot v\u00e1rfal \u00f6vezte. A Pusztatemplom k\u00f6r\u00fcli cinterem m\u00e9g a templom lebont\u00e1sa ut\u00e1n is sok\u00e1ig temet\u0151\u00fcl szolg\u00e1lt.<\/p>\n<p style=\"text-align: justify;\">A mai r\u00f3mai katolikus templom 1776-1778 k\u00f6z\u00f6tt k\u00e9sz\u00fclt el. Az \u00faj templomba \u00e1tmentett\u00e9k a \u201efejedelmien sz\u00e9p Madonn\u00e1t\u201d is, ami a 15. sz\u00e1zad derek\u00e1n k\u00e9sz\u00fclt. Ma a \u201eCs\u00edkszenttam\u00e1si Madonna\u201d n\u00e9ven<\/p>\n<p>ismeretes \u00e9s a cs\u00edksomly\u00f3ival egy m\u0171helyb\u0151l val\u00f3.<\/p>\n<p style=\"text-align: justify;\">A falut\u00f3l nyugatra es\u0151 dombon a S\u00e1ndor csal\u00e1d Szent Anna-k\u00e1poln\u00e1ja \u00e1ll, kript\u00e1val. 1861-ben \u00e9p\u00edtett\u00e9k \u00fajj\u00e1. Manaps\u00e1g az Anna napi b\u00facs\u00fakor falunapot tartanak itt.<\/p>\n<p style=\"text-align: justify;\">A torony k\u00f6zel\u00e9ben van a szenttam\u00e1si Feneketlen t\u00f3, melyben az utols\u00f3 cs\u00edki b\u00f6l\u00e9ny csontv\u00e1z\u00e1t is megtal\u00e1lt\u00e1k. Benk\u0151 K\u00e1roly t\u00f6rt\u00e9n\u00e9sz 1853-ban<\/p>\n<p style=\"text-align: justify;\"><img loading=\"lazy\" decoding=\"async\" class=\"size-medium wp-image-735 alignleft\" src=\"http:\/\/forraskut.hu\/wp-content\/uploads\/2018\/01\/csikszttamas-300x128.jpg\" alt=\"\" width=\"300\" height=\"128\" srcset=\"https:\/\/forraskut.hu\/wp-content\/uploads\/2018\/01\/csikszttamas-300x128.jpg 300w, https:\/\/forraskut.hu\/wp-content\/uploads\/2018\/01\/csikszttamas.jpg 301w\" sizes=\"(max-width: 300px) 100vw, 300px\" \/>T\u00f3fen\u00e9knek nevezi \u00e9s szerinte meleg forr\u00e1sa nem fagy be. Orb\u00e1n Bal\u00e1zs, a neves n\u00e9prajzkutat\u00f3 is eml\u00edti a v\u00edzib\u00f6l\u00e9nyekkel ben\u0151tt tavat, melyb\u0151l<\/p>\n<p style=\"text-align: justify;\">H\u0151v\u00edz-patak folyik ki. A Feneketlen t\u00f3nak is megvan a maga legend\u00e1ja. A hagyom\u00e1nyok szerint a templom harangj\u00e1t ellopta a helyi harangoz\u00f3, aki mikor a lop\u00e1ssal meggyan\u00fas\u00edtott\u00e1k, azt monda s\u00fcllyedjen el a h\u00e1za ha n\u00e1la van a harang. A h\u00e1za ekkor els\u00fcllyedt \u00e9s ekkor keletkezett a Feneketlen t\u00f3.2003 \u0151sz\u00e9n n\u00e9pszavaz\u00e1son d\u00f6nt\u00f6ttek a szenttam\u00e1siak, hogy Cs\u00edkkarcfalv\u00e1t\u00f3l elszakadjanak \u00e9s \u00f6n\u00e1ll\u00f3 k\u00f6zs\u00e9gk\u00e9nt \u00e9ljenek tov\u00e1bb. Az \u00f6n\u00e1ll\u00f3v\u00e1 v\u00e1l\u00e1s ut\u00e1n v\u00e1lt sz\u00e1mukra lehet\u0151v\u00e9, hogy testv\u00e9r-telep\u00fcl\u00e9si kapcsolatokat alak\u00edtsanak ki. M\u00e1r volt egy hollandiai \u201etestv\u00e9r\u00fck\u201d, illetve m\u00e1just\u00f3l Magyarorsz\u00e1gr\u00f3l Forr\u00e1sk\u00fat lett a testv\u00e9rtelep\u00fcl\u00e9s\u00fck.<\/p>\n<p>&nbsp;<\/p>\n<h2 class=\"focim\"><strong>Testv\u00e9rtelep\u00fcl\u00e9s\u00fcnk Charsznica<\/strong><\/h2>\n<p>A lengyelorsz\u00e1gi Charsznica k\u00f6zs\u00e9g 2009. szeptembere \u00f3ta Forr\u00e1sk\u00fat testv\u00e9rtelep\u00fcl\u00e9se.<\/p>\n<p><img loading=\"lazy\" decoding=\"async\" class=\"size-full wp-image-736 alignleft\" src=\"http:\/\/forraskut.hu\/wp-content\/uploads\/2018\/01\/images.jpg\" alt=\"\" width=\"123\" height=\"135\" \/>Augusztusban, a XVI. Forr\u00e1sk\u00fati Falunapon m\u00e1r vend\u00e9g\u00fcl l\u00e1ttuk Charsznica k\u00f6zs\u00e9g k\u00e9pviselet\u00e9ben Jan Zebrak polg\u00e1rmester urat \u00e9s sz\u0171k k\u00f6r\u0171 k\u00eds\u00e9ret\u00e9t, akik miut\u00e1n megismerkedtek k\u00f6zs\u00e9g\u00fcnkkel, \u00f6r\u00f6mmel szorgalmazt\u00e1k a testv\u00e9rkapcsolatok kialak\u00edt\u00e1s\u00e1t.<\/p>\n<p style=\"text-align: justify;\">Mag\u00e1t a kapcsolatot igazol\u00f3 meg\u00e1llapod\u00e1st \u2013 lengyel \u00e9s magyar nyelven &#8211; 2009. szeptember 14-\u00e9n, Lengyelorsz\u00e1gban \u00edrt\u00e1k al\u00e1 Fodor Imre \u00e9s Jan Zebrak polg\u00e1rmester urak. A meg\u00e1llapod\u00e1s kultur\u00e1lis \u00e9s gazdas\u00e1gi kapcsolatok er\u0151s\u00edt\u00e9s\u00e9t szorgalmazza. P\u00e9ld\u00e1ul k\u00f6z\u00f6s terveink k\u00f6zt szerepel forr\u00e1sk\u00fati di\u00e1kok lengyelorsz\u00e1gi csere\u00fcd\u00fcltet\u00e9se.<\/p>\n<p style=\"text-align: justify;\">Charsznica [ejtsd: harsnyica] k\u00f6zs\u00e9g D\u00e9l-Lengyelorsz\u00e1gban tal\u00e1lhat\u00f3, Krakk\u00f3t\u00f3l 39 km \u00c9Ny-ra. Pontosan Kis-Lengyelorsz\u00e1g tartom\u00e1nyban, azon bel\u00fcl miech\u00f3wski j\u00e1r\u00e1sban fekszik. A telep\u00fcl\u00e9s m\u00e1r az \u0151skor \u00f3ta lakott &#8211; ezt r\u00e9g\u00e9szeti \u00e1sat\u00e1sok t\u00e1masztj\u00e1k al\u00e1 -, a k\u00f6zs\u00e9g nev\u00e9nek els\u0171 \u00edr\u00e1sos eml\u00edt\u00e9se 1262-b\u0171l val\u00f3. A telep\u00fcl\u00e9sen 1885 \u00f3ta vas\u00fatvonal halad v\u00e9gig, mely gazdas\u00e1gi fejl\u0151d\u00e9shez nagyban hozz\u00e1j\u00e1rult.<\/p>\n<p style=\"text-align: justify;\">Napjainkban a mez\u0151gazdas\u00e1gi termel\u00e9s jellemz\u0151 a telep\u00fcl\u00e9s gazdas\u00e1g\u00e1ra. S\u00e1rgar\u00e9pa, zeller, uborka termeszt\u00e9se mellett mintegy 2500 hekt\u00e1ron k\u00e1poszt\u00e1t termelnek. Ennek egy r\u00e9sz\u00e9t k\u00f6zvetlen fogyaszt\u00e1sra \u00e9rt\u00e9kes\u00edtik, de d\u00f6nt\u0151 t\u00f6bbs\u00e9g\u00e9t csal\u00e1di gazdas\u00e1gokban dolgozz\u00e1k fel, savany\u00edtj\u00e1k. (A charsznicai savany\u00fa k\u00e1poszta m\u00e1r az 1970-es \u00e9vekben arany\u00e9rmet kapott Londonban a Vil\u00e1gki\u00e1ll\u00edt\u00e1son.) 1998 \u00f3ta \u201eLengyelorsz\u00e1g k\u00e1poszta termel\u0151 f\u0171- v\u00e1rosa\u201d c\u00edmmel rendelkezik a telep\u00fcl\u00e9s. Minden \u00e9vben szeptemberben rendezik meg a telep\u00fcl\u00e9sen a K\u00e1poszta-napokat (mely fesztiv\u00e1l a mi falunapunkhoz hasonl\u00edt legink\u00e1bb), ahol egy mez\u0151gazdas\u00e1gi ki\u00e1ll\u00edt\u00e1s mellett gasztron\u00f3miai \u00e9s kultur\u00e1lis programokkal is v\u00e1rj\u00e1k az \u00e9rdekl\u0151d\u0151ket. Ekkor v\u00e1lasztanak a helyi kiemelked\u0151 k\u00e1posztatermel\u0151k k\u00f6z\u00fcl k\u00e1posztakir\u00e1lyt \u00e9s kir\u00e1lyn\u0151t is, akik egy \u00e9vig viselhetik e c\u00edmet.<\/p>\n","protected":false},"excerpt":{"rendered":"<p>Utolj\u00e1ra friss\u00edtve:&nbsp; 2018. janu\u00e1r 19.Testv\u00e9rtelep\u00fcl\u00e9s\u00fcnk Cs\u00edkszenttam\u00e1s Cs\u00edkszenttam\u00e1st a Cs\u00edkjen\u0151falva \u00e9s Cs\u00edkszentdomokos k\u00f6z\u00e9 es\u0151 falut a hagyom\u00e1ny\u0151rz\u0151 cs\u00edki falvak k\u00f6z\u00f6tt tartj\u00e1k sz\u00e1mon. 2005. m\u00e1jus 13-a \u00f3ta Forr\u00e1sk\u00fat testv\u00e9rtelep\u00fcl\u00e9se. Lakoss\u00e1ga k\u00f6zel 2700 f\u0151, k\u00e9t szem\u00e9ly kiv\u00e9tel\u00e9vel mind magyarok. Cs\u00edkszered\u00e1t\u00f3l 26 km-re fekszik, az Olt foly\u00f3 ment\u00e9n. Als\u00f3 \u00e9s fels\u0151 szomsz\u00e9dj\u00e1val is szorosan \u00f6sszen\u0151tt. Neve 1333-ban de Sancto [&hellip;]<\/p>\n","protected":false},"author":2,"featured_media":0,"parent":0,"menu_order":0,"comment_status":"closed","ping_status":"closed","template":"","meta":{"_exactmetrics_skip_tracking":false,"_exactmetrics_sitenote_active":false,"_exactmetrics_sitenote_note":"","_exactmetrics_sitenote_category":0,"footnotes":""},"yoast_head":"<!-- This site is optimized with the Yoast SEO plugin v23.4 - https:\/\/yoast.com\/wordpress\/plugins\/seo\/ -->\n<title>Testv\u00e9rtelep\u00fcl\u00e9seink - forraskut.hu<\/title>\n<meta name=\"robots\" content=\"index, follow, max-snippet:-1, max-image-preview:large, max-video-preview:-1\" \/>\n<link rel=\"canonical\" href=\"https:\/\/forraskut.hu\/index.php\/testvertelepuleseink\/\" \/>\n<meta property=\"og:locale\" content=\"hu_HU\" \/>\n<meta property=\"og:type\" content=\"article\" \/>\n<meta property=\"og:title\" content=\"Testv\u00e9rtelep\u00fcl\u00e9seink - forraskut.hu\" \/>\n<meta property=\"og:description\" content=\"Utolj\u00e1ra friss\u00edtve:&nbsp; 2018. janu\u00e1r 19.Testv\u00e9rtelep\u00fcl\u00e9s\u00fcnk Cs\u00edkszenttam\u00e1s Cs\u00edkszenttam\u00e1st a Cs\u00edkjen\u0151falva \u00e9s Cs\u00edkszentdomokos k\u00f6z\u00e9 es\u0151 falut a hagyom\u00e1ny\u0151rz\u0151 cs\u00edki falvak k\u00f6z\u00f6tt tartj\u00e1k sz\u00e1mon. 2005. m\u00e1jus 13-a \u00f3ta Forr\u00e1sk\u00fat testv\u00e9rtelep\u00fcl\u00e9se. Lakoss\u00e1ga k\u00f6zel 2700 f\u0151, k\u00e9t szem\u00e9ly kiv\u00e9tel\u00e9vel mind magyarok. Cs\u00edkszered\u00e1t\u00f3l 26 km-re fekszik, az Olt foly\u00f3 ment\u00e9n. Als\u00f3 \u00e9s fels\u0151 szomsz\u00e9dj\u00e1val is szorosan \u00f6sszen\u0151tt. Neve 1333-ban de Sancto [&hellip;]\" \/>\n<meta property=\"og:url\" content=\"https:\/\/forraskut.hu\/index.php\/testvertelepuleseink\/\" \/>\n<meta property=\"og:site_name\" content=\"forraskut.hu\" \/>\n<meta property=\"article:modified_time\" content=\"2018-01-19T14:52:44+00:00\" \/>\n<meta property=\"og:image\" content=\"http:\/\/forraskut.hu\/wp-content\/uploads\/2018\/01\/csonkatorony.gif\" \/>\n<meta name=\"twitter:card\" content=\"summary_large_image\" \/>\n<meta name=\"twitter:label1\" content=\"Becs\u00fclt olvas\u00e1si id\u0151\" \/>\n\t<meta name=\"twitter:data1\" content=\"5 perc\" \/>\n<script type=\"application\/ld+json\" class=\"yoast-schema-graph\">{\"@context\":\"https:\/\/schema.org\",\"@graph\":[{\"@type\":\"WebPage\",\"@id\":\"https:\/\/forraskut.hu\/index.php\/testvertelepuleseink\/\",\"url\":\"https:\/\/forraskut.hu\/index.php\/testvertelepuleseink\/\",\"name\":\"Testv\u00e9rtelep\u00fcl\u00e9seink - forraskut.hu\",\"isPartOf\":{\"@id\":\"https:\/\/forraskut.hu\/#website\"},\"primaryImageOfPage\":{\"@id\":\"https:\/\/forraskut.hu\/index.php\/testvertelepuleseink\/#primaryimage\"},\"image\":{\"@id\":\"https:\/\/forraskut.hu\/index.php\/testvertelepuleseink\/#primaryimage\"},\"thumbnailUrl\":\"http:\/\/forraskut.hu\/wp-content\/uploads\/2018\/01\/csonkatorony.gif\",\"datePublished\":\"2017-11-22T15:02:58+00:00\",\"dateModified\":\"2018-01-19T14:52:44+00:00\",\"breadcrumb\":{\"@id\":\"https:\/\/forraskut.hu\/index.php\/testvertelepuleseink\/#breadcrumb\"},\"inLanguage\":\"hu\",\"potentialAction\":[{\"@type\":\"ReadAction\",\"target\":[\"https:\/\/forraskut.hu\/index.php\/testvertelepuleseink\/\"]}]},{\"@type\":\"ImageObject\",\"inLanguage\":\"hu\",\"@id\":\"https:\/\/forraskut.hu\/index.php\/testvertelepuleseink\/#primaryimage\",\"url\":\"https:\/\/forraskut.hu\/wp-content\/uploads\/2018\/01\/csonkatorony.gif\",\"contentUrl\":\"https:\/\/forraskut.hu\/wp-content\/uploads\/2018\/01\/csonkatorony.gif\",\"width\":95,\"height\":154},{\"@type\":\"BreadcrumbList\",\"@id\":\"https:\/\/forraskut.hu\/index.php\/testvertelepuleseink\/#breadcrumb\",\"itemListElement\":[{\"@type\":\"ListItem\",\"position\":1,\"name\":\"Kezd\u0151lap\",\"item\":\"https:\/\/forraskut.hu\/\"},{\"@type\":\"ListItem\",\"position\":2,\"name\":\"Testv\u00e9rtelep\u00fcl\u00e9seink\"}]},{\"@type\":\"WebSite\",\"@id\":\"https:\/\/forraskut.hu\/#website\",\"url\":\"https:\/\/forraskut.hu\/\",\"name\":\"forraskut.hu\",\"description\":\"Forr\u00e1sk\u00fat k\u00f6zs\u00e9g hivatalos weboldala\",\"potentialAction\":[{\"@type\":\"SearchAction\",\"target\":{\"@type\":\"EntryPoint\",\"urlTemplate\":\"https:\/\/forraskut.hu\/?s={search_term_string}\"},\"query-input\":{\"@type\":\"PropertyValueSpecification\",\"valueRequired\":true,\"valueName\":\"search_term_string\"}}],\"inLanguage\":\"hu\"}]}<\/script>\n<!-- \/ Yoast SEO plugin. -->","yoast_head_json":{"title":"Testv\u00e9rtelep\u00fcl\u00e9seink - forraskut.hu","robots":{"index":"index","follow":"follow","max-snippet":"max-snippet:-1","max-image-preview":"max-image-preview:large","max-video-preview":"max-video-preview:-1"},"canonical":"https:\/\/forraskut.hu\/index.php\/testvertelepuleseink\/","og_locale":"hu_HU","og_type":"article","og_title":"Testv\u00e9rtelep\u00fcl\u00e9seink - forraskut.hu","og_description":"Utolj\u00e1ra friss\u00edtve:&nbsp; 2018. janu\u00e1r 19.Testv\u00e9rtelep\u00fcl\u00e9s\u00fcnk Cs\u00edkszenttam\u00e1s Cs\u00edkszenttam\u00e1st a Cs\u00edkjen\u0151falva \u00e9s Cs\u00edkszentdomokos k\u00f6z\u00e9 es\u0151 falut a hagyom\u00e1ny\u0151rz\u0151 cs\u00edki falvak k\u00f6z\u00f6tt tartj\u00e1k sz\u00e1mon. 2005. m\u00e1jus 13-a \u00f3ta Forr\u00e1sk\u00fat testv\u00e9rtelep\u00fcl\u00e9se. Lakoss\u00e1ga k\u00f6zel 2700 f\u0151, k\u00e9t szem\u00e9ly kiv\u00e9tel\u00e9vel mind magyarok. Cs\u00edkszered\u00e1t\u00f3l 26 km-re fekszik, az Olt foly\u00f3 ment\u00e9n. Als\u00f3 \u00e9s fels\u0151 szomsz\u00e9dj\u00e1val is szorosan \u00f6sszen\u0151tt. Neve 1333-ban de Sancto [&hellip;]","og_url":"https:\/\/forraskut.hu\/index.php\/testvertelepuleseink\/","og_site_name":"forraskut.hu","article_modified_time":"2018-01-19T14:52:44+00:00","og_image":[{"url":"http:\/\/forraskut.hu\/wp-content\/uploads\/2018\/01\/csonkatorony.gif"}],"twitter_card":"summary_large_image","twitter_misc":{"Becs\u00fclt olvas\u00e1si id\u0151":"5 perc"},"schema":{"@context":"https:\/\/schema.org","@graph":[{"@type":"WebPage","@id":"https:\/\/forraskut.hu\/index.php\/testvertelepuleseink\/","url":"https:\/\/forraskut.hu\/index.php\/testvertelepuleseink\/","name":"Testv\u00e9rtelep\u00fcl\u00e9seink - forraskut.hu","isPartOf":{"@id":"https:\/\/forraskut.hu\/#website"},"primaryImageOfPage":{"@id":"https:\/\/forraskut.hu\/index.php\/testvertelepuleseink\/#primaryimage"},"image":{"@id":"https:\/\/forraskut.hu\/index.php\/testvertelepuleseink\/#primaryimage"},"thumbnailUrl":"http:\/\/forraskut.hu\/wp-content\/uploads\/2018\/01\/csonkatorony.gif","datePublished":"2017-11-22T15:02:58+00:00","dateModified":"2018-01-19T14:52:44+00:00","breadcrumb":{"@id":"https:\/\/forraskut.hu\/index.php\/testvertelepuleseink\/#breadcrumb"},"inLanguage":"hu","potentialAction":[{"@type":"ReadAction","target":["https:\/\/forraskut.hu\/index.php\/testvertelepuleseink\/"]}]},{"@type":"ImageObject","inLanguage":"hu","@id":"https:\/\/forraskut.hu\/index.php\/testvertelepuleseink\/#primaryimage","url":"https:\/\/forraskut.hu\/wp-content\/uploads\/2018\/01\/csonkatorony.gif","contentUrl":"https:\/\/forraskut.hu\/wp-content\/uploads\/2018\/01\/csonkatorony.gif","width":95,"height":154},{"@type":"BreadcrumbList","@id":"https:\/\/forraskut.hu\/index.php\/testvertelepuleseink\/#breadcrumb","itemListElement":[{"@type":"ListItem","position":1,"name":"Kezd\u0151lap","item":"https:\/\/forraskut.hu\/"},{"@type":"ListItem","position":2,"name":"Testv\u00e9rtelep\u00fcl\u00e9seink"}]},{"@type":"WebSite","@id":"https:\/\/forraskut.hu\/#website","url":"https:\/\/forraskut.hu\/","name":"forraskut.hu","description":"Forr\u00e1sk\u00fat k\u00f6zs\u00e9g hivatalos weboldala","potentialAction":[{"@type":"SearchAction","target":{"@type":"EntryPoint","urlTemplate":"https:\/\/forraskut.hu\/?s={search_term_string}"},"query-input":{"@type":"PropertyValueSpecification","valueRequired":true,"valueName":"search_term_string"}}],"inLanguage":"hu"}]}},"_links":{"self":[{"href":"https:\/\/forraskut.hu\/index.php\/wp-json\/wp\/v2\/pages\/333"}],"collection":[{"href":"https:\/\/forraskut.hu\/index.php\/wp-json\/wp\/v2\/pages"}],"about":[{"href":"https:\/\/forraskut.hu\/index.php\/wp-json\/wp\/v2\/types\/page"}],"author":[{"embeddable":true,"href":"https:\/\/forraskut.hu\/index.php\/wp-json\/wp\/v2\/users\/2"}],"replies":[{"embeddable":true,"href":"https:\/\/forraskut.hu\/index.php\/wp-json\/wp\/v2\/comments?post=333"}],"version-history":[{"count":0,"href":"https:\/\/forraskut.hu\/index.php\/wp-json\/wp\/v2\/pages\/333\/revisions"}],"wp:attachment":[{"href":"https:\/\/forraskut.hu\/index.php\/wp-json\/wp\/v2\/media?parent=333"}],"curies":[{"name":"wp","href":"https:\/\/api.w.org\/{rel}","templated":true}]}}