{"id":327,"date":"2017-11-22T15:58:21","date_gmt":"2017-11-22T14:58:21","guid":{"rendered":"http:\/\/forraskut.hu\/?page_id=327"},"modified":"2018-01-25T17:45:59","modified_gmt":"2018-01-25T16:45:59","slug":"telepulesunk","status":"publish","type":"page","link":"https:\/\/forraskut.hu\/index.php\/telepulesunk\/","title":{"rendered":"Telep\u00fcl\u00e9s\u00fcnk"},"content":{"rendered":"<p class=\"last-modified\">Utolj\u00e1ra friss\u00edtve:&nbsp;  2018. janu\u00e1r 25.<\/p><div class=\"focim\"><strong>Tisztelt L\u00e1togat\u00f3!<\/strong><\/div>\n<p style=\"text-align: justify;\"><img loading=\"lazy\" decoding=\"async\" class=\"size-full wp-image-578 alignleft\" src=\"http:\/\/forraskut.hu\/wp-content\/uploads\/2018\/01\/polgmester.jpg\" alt=\"\" width=\"119\" height=\"140\" \/><\/p>\n<p style=\"text-align: justify;\">Szeretettel k\u00f6sz\u00f6nt\u00f6m Forr\u00e1sk\u00fat k\u00f6zs\u00e9g honlapj\u00e1n. Ide l\u00e1togatva inform\u00e1ci\u00f3kat szerezhet, k\u00e9pet alkothat egy a m\u00f3rahalmi j\u00e1r\u00e1shoz tartoz\u00f3 2120 f\u0151s telep\u00fcl\u00e9sr\u0151l. Falunk fiatal kora ellen\u00e9re sok, a mindennapokat seg\u00edt\u0151 szolg\u00e1ltat\u00e1st tud ny\u00fajtani az itt \u00e9l\u0151knek, illetve az ide l\u00e1togat\u00f3knak, k\u00f6sz\u00f6nhet\u0151en dinamikus fejl\u0151d\u00e9s\u00fcnknek.<\/p>\n<p style=\"text-align: justify;\">Term\u00e9szeti k\u00f6rnyezet\u00fcnk, illetve kialak\u00edtott m\u0171szaki \u00e9s hum\u00e1n infrastrukt\u00fara adta k\u00f6rnyezet biztos\u00edtja az otthonteremt\u00e9s, az eredm\u00e9nyes munkav\u00e9gz\u00e9s felt\u00e9teleit, de a pihen\u00e9sre, kikapcsol\u00f3d\u00e1sra is lehet\u0151s\u00e9gek sz\u00e9les k\u00f6re \u00e1ll az itt \u00e9l\u0151k, ide l\u00e1togat\u00f3k rendelkez\u00e9s\u00e9re.<\/p>\n<p style=\"text-align: justify;\">Forr\u00e1sk\u00fati lakosok \u00e1llhatatos munk\u00e1j\u00e1nak seg\u00edts\u00e9g\u00e9vel tudtuk \u00e9s tudjuk \u00e9rt\u00e9keinket meg\u0151rizni, hagyom\u00e1nyainkat \u00e1polni, lak\u00f3k\u00f6rnyezet\u00fcnket sz\u00e9p\u00edteni. Ell\u00e1togatva hozz\u00e1nk megtapasztalhatja Forr\u00e1sk\u00fat alkot\u00f3 szellemis\u00e9g\u00e9t, a gazd\u00e1lkod\u00f3 ember szorgalommal p\u00e1rosul\u00f3 kitart\u00e1s\u00e1t, a homokh\u00e1tis\u00e1g identit\u00e1studat\u00e1t \u00e9s a vid\u00e9k marasztal\u00f3 vend\u00e9gszeretet\u00e9t.<\/p>\n<p>B\u00edzom benne, hogy tov\u00e1bblapozva honlapunkon kedvet kap arra, hogy elj\u00f6jj\u00f6n hozz\u00e1nk \u00e9s szem\u00e9lyesen is vend\u00e9g\u00fcnkk\u00e9nt k\u00f6sz\u00f6nthetj\u00fck.<\/p>\n<p>K\u00f6sz\u00f6n\u00f6m megtisztel\u0151 figyelm\u00e9t!<\/p>\n<p>Fodor Imre Polg\u00e1rmester<\/p>\n<p>&nbsp;<\/p>\n<p style=\"text-align: center;\">A telep\u00fcl\u00e9s\u00fcnkr\u0151l k\u00e9sz\u00fclt bemutat\u00f3film megtekint\u00e9se.<\/p>\n<p><iframe loading=\"lazy\" width=\"705\" height=\"397\" src=\"https:\/\/www.youtube.com\/embed\/4RRISJGvtlo?feature=oembed\" frameborder=\"0\" allow=\"autoplay; encrypted-media\" allowfullscreen><\/iframe><\/p>\n<p>&nbsp;<\/p>\n<h2>\u00a0Telep\u00fcl\u00e9s\u00fcnk t\u00e9rk\u00e9pe<\/h2>\n<p style=\"text-align: center;\"><div id=\"wpgmza_map\" class=\"wpgmza_map\" data-settings='{\"id\":\"1\",\"map_title\":\"My first map\",\"map_width\":\"100\",\"map_height\":\"400\",\"map_start_lat\":\"46.365268\",\"map_start_lng\":\"19.910716\",\"map_start_location\":\"46.36526807066995,19.910715563507107\",\"map_start_zoom\":\"15\",\"default_marker\":\"0\",\"type\":\"1\",\"alignment\":\"1\",\"directions_enabled\":\"1\",\"styling_enabled\":\"0\",\"styling_json\":\"\",\"active\":\"0\",\"kml\":\"\",\"bicycle\":\"0\",\"traffic\":\"0\",\"dbox\":\"1\",\"dbox_width\":\"100\",\"listmarkers\":\"0\",\"listmarkers_advanced\":\"0\",\"filterbycat\":\"0\",\"ugm_enabled\":\"0\",\"ugm_category_enabled\":\"0\",\"fusion\":\"\",\"map_width_type\":\"\\\\%\",\"map_height_type\":\"px\",\"mass_marker_support\":\"1\",\"ugm_access\":\"0\",\"order_markers_by\":\"1\",\"order_markers_choice\":\"2\",\"show_user_location\":\"0\",\"default_to\":\"\",\"other_settings\":{\"store_locator_enabled\":2,\"store_locator_distance\":2,\"store_locator_default_radius\":\"10\",\"store_locator_not_found_message\":\"No results found in this location. Please try again.\",\"store_locator_bounce\":1,\"store_locator_query_string\":\"ZIP \\\/ Address:\",\"store_locator_default_address\":\"\",\"wpgmza_store_locator_restrict\":\"\",\"map_max_zoom\":\"1\",\"transport_layer\":0,\"wpgmza_theme_data\":\"\",\"wpgmza_show_points_of_interest\":1}}' data-map-id='1' Data-maps-engine='' data-shortcode-attributes='{\"id\":\"1\"}' style=\"display:block; overflow:auto; width:100%; height:400px; float:left;\"><\/div>\n<p>&nbsp;<\/p>\n<h2 class=\"focim\"><strong>Forr\u00e1sk\u00fat t\u00f6rt\u00e9nete<\/strong><\/h2>\n<div class=\"alcim\" style=\"text-align: justify;\">Forr\u00e1sk\u00fat tipikus alf\u00f6ldi homokh\u00e1ts\u00e1gi tany\u00e1s telep\u00fcl\u00e9s, a Szegedet \u00e9s Kiskunmajs\u00e1t \u00f6sszek\u00f6t\u0151 \u00fat ment\u00e9n ter\u00fcl el, Szegedt\u0151l 23 km-re. Ter\u00fclete 3664 ha, a telep\u00fcl\u00e9s l\u00e9leksz\u00e1ma 2200f\u0151.<\/div>\n<p style=\"text-align: justify;\"><strong>\u00c1tokh\u00e1za d\u0171l\u0151<\/strong>ben \u2013 melynek nev\u00e9t a nyelvtudom\u00e1ny az Altuk kun csal\u00e1dn\u00e9vb\u0151l sz\u00e1rmaztatja \u2013 m\u00e1r a 18. sz\u00e1zadban sz\u00e1ll\u00e1sokon gazd\u00e1lkodtak, majd a 19. sz\u00e1zad elej\u00e9re s\u0171r\u0171n lakott tanyasor bontakozott ki. Dorozsmai gazd\u00e1knak voltak errefel\u00e9 f\u00f6ldjeik, akik lassan kitelep\u00fcltek ide, &#8211; hasonl\u00f3an alakult ki Bord\u00e1ny (r\u00e9gi neve Kistemplomtanya), \u00dcll\u00e9s (r\u00e9gen \u00c1rp\u00e1dk\u00f6zpont) \u00e9s Zsomb\u00f3 is. (A 19. Sz\u00e1zadban m\u00e9g szigor\u00faan b\u00fcntett\u00e9k, akik a meghat\u00e1rozott id\u0151n\u00e9l tov\u00e1bb a tanyai sz\u00e1ll\u00e1son maradtak \u2013 ugyanis \u00edgy pr\u00f3b\u00e1ltak meg kib\u00fajni az ad\u00f3fizet\u00e9s al\u00f3l \u2013 ezek a szem\u00e9lyek 25 p\u00e1lca\u00fct\u00e9st is kaphattak. K\u00e9s\u0151bb enyh\u00fclt a szigor, ez lehet\u0151v\u00e9 tette a tanyak\u00f6zpontok kialakul\u00e1s\u00e1t, fejl\u0151d\u00e9s\u00e9t.) Forr\u00e1sk\u00fat tanyak\u00f6zpont lak\u00f3i 1906-ban egy kis templomot is emeltek k\u00f6zadakoz\u00e1sb\u00f3l.<\/p>\n<p style=\"text-align: justify;\">A hat\u00e1r m\u00e1sik r\u00e9sze k\u00fcls\u0151 csordaj\u00e1r\u00e1s volt (erre utal a Gyapjas d\u0171l\u0151 neve is = itt gyapjas \u00e1llatot, juhot tartottak valamikor), amit a 18. sz\u00e1zad v\u00e9g\u00e9n parcell\u00e1ztak fel \u00e9s kezdtek megm\u0171velni. El\u0151tte vadvizes, n\u00e1das \u00e9s v\u00edzforr\u00e1sos ter\u00fcletekb\u0151l \u00e1llt, melyr\u0151l az itt fut\u00f3 d\u0171l\u0151, majd arr\u00f3l a telep\u00fcl\u00e9s is a nev\u00e9t kapta. A d\u0171l\u0151ben a Sija patak folyt, ez a patak a Pest megy\u00e9b\u0151l lefoly\u00f3 vadvizek levezet\u0151 medre volt. A kisz\u00e1radt meder m\u00e9g j\u00f3 ideig jelezte a patak egykori hely\u00e9t. \u00c9lt egy hiedelem mely szerint a templom kapuj\u00e1ban \u00e1ll\u00f3 \u2013 m\u00e1ra kisz\u00e1radt \u2013 k\u00fat vize volt az egyetlen ihat\u00f3 v\u00edz a k\u00f6rny\u00e9ken. Kiskundorozsma hat\u00e1rvid\u00e9k\u00e9b\u0151l <strong>\u00f6n\u00e1ll\u00f3 k\u00f6zs\u00e9gg\u00e9 1950. janu\u00e1r 1.-\u00e9n v\u00e1lt<\/strong>.<\/p>\n<p>Egy\u00e9b fontos \u00e9vsz\u00e1mok a k\u00f6zs\u00e9g \u00e9let\u00e9ben:<\/p>\n<p>1950. janu\u00e1r 1-t\u0151l 1977 m\u00e1rcius 31-ig \u00f6n\u00e1ll\u00f3 k\u00f6zs\u00e9g.<\/p>\n<p>1977. \u00e1prilis 1-t\u0151l 1988. December 31-ig \u00dcll\u00e9s t\u00e1rsk\u00f6zs\u00e9ge.<\/p>\n<p>1989. janu\u00e1r 1-t\u0151l ism\u00e9t \u00f6n\u00e1ll\u00f3 k\u00f6zs\u00e9g.<\/p>\n<p style=\"text-align: justify;\">N\u00e9pess\u00e9g\u00e9nek jelent\u0151s r\u00e9sze \u00e9lelmiszertermel\u00e9ssel foglalkozik. A <strong>mez\u0151gazdas\u00e1g<\/strong>i termel\u00e9s rendk\u00edv\u00fcl sokr\u00e9t\u0171 a telep\u00fcl\u00e9sen, z\u00f6lds\u00e9g, gy\u00fcm\u00f6lcs \u00e9s sz\u0151l\u0151termeszt\u00e9s is jellemz\u0151. A sz\u0151l\u0151termel\u0151 gazd\u00e1k 1995-ben <strong>Hegyk\u00f6zs\u00e9g<\/strong>be szervez\u0151dtek. Forr\u00e1sk\u00faton az alf\u00f6ldi t\u00e1jborok a jellemz\u0151ek: K\u00f6vidinka \u00e9s a K\u00e9kfrankos. (\u00c1llat\u00e1llom\u00e1nya jelent\u0151sen cs\u00f6kkent az elm\u00falt t\u00edz \u00e9vben. A leveg\u0151 \u00e1tlagh\u0151m\u00e9rs\u00e9klete 17 oC fok feletti, p\u00e1ratartalma alacsony, ny\u00e1ri id\u0151szakban 64 % alatti. A naps\u00fct\u00e9ses \u00f3r\u00e1k sz\u00e1ma \u00e9vente \u00e1tlagosan meghaladja a 2000 \u00f3r\u00e1t. Az uralkod\u00f3 sz\u00e9lir\u00e1ny nyugat-\u00e9szaknyugati, de gyakran el\u0151fordul az \u00e9szak-keleti \u00e9s d\u00e9li sz\u00e9l is. A sokszor viharos erej\u0171 \u2013 b\u00f6jti szelek \u2013 homokver\u00e9st okoznak a sz\u00e1raz homokon. A telep\u00fcl\u00e9s talaj\u00e1ra a gyenge term\u0151k\u00e9pess\u00e9g, a rossz v\u00edzgazd\u00e1lkod\u00e1s a jellemz\u0151, f\u0151 term\u00e9szeti kincs a term\u00e1lv\u00edz. A telep\u00fcl\u00e9s tengerszint feletti mag\u00e1ss\u00e1ga 120 m.) A k\u00f6zs\u00e9g ter\u00fclet\u00e9n m\u0171k\u00f6dik az orsz\u00e1gosan ismert FORR\u00c1S G\u00c9PEK mez\u0151gazdas\u00e1gi g\u00e9pgy\u00e1rt\u00f3 m\u0171hely.<\/p>\n<p>A k\u00f6zs\u00e9g k\u00f6zpontj\u00e1ban, a parkban a <strong>II. vil\u00e1gh\u00e1bor\u00fa h\u0151si halottjai<\/strong>nak \u00e1ll\u00edtott eml\u00e9km\u0171 l\u00e1that\u00f3.Forr\u00e1sk\u00faton egyetlen m\u0171eml\u00e9k \u00e9p\u00fclet tal\u00e1lhat\u00f3, az 1906-ban \u00e9p\u00fclt <strong>r\u00f3mai katolikus templom<\/strong>.<\/p>\n<p style=\"text-align: justify;\">A <strong>templom b\u00facs\u00faja<\/strong> \u201eJ\u00e9zus mennybemenetel\u00e9nek \u00fcnnep\u00e9n\u201d, a p\u00fcnk\u00f6sd el\u0151tti vas\u00e1rnapon van. \u00c9lt egy n\u00e9phagyom\u00e1ny, mely szerint (a tat\u00e1rj\u00e1r\u00e1s el\u0151tt) m\u00e1r \u00e1llt itt egy templom, amely els\u00fcllyedt, de jelesnapok \u00e9jszak\u00e1j\u00e1n (Szt. Gy\u00f6rgy, Szt. Istv\u00e1n, Szt. Mih\u00e1ly), \u00e9jf\u00e9lkor a beavatottak m\u00e9g hallhatj\u00e1k a harang kong\u00e1s\u00e1t.<\/p>\n<p>\u00c9vente megrendez\u00e9sre ker\u00fcl\u0151 helyi hagyom\u00e1ny\u0151rz\u0151 mulats\u00e1gok k\u00f6z\u00fcl k\u00fcl\u00f6n eml\u00edt\u00e9st \u00e9rdemel a <strong>Tusk\u00f3h\u00faz\u00e1s,<\/strong> a <strong>Sz\u00fcreti Mulats\u00e1g <\/strong>\u00e9s az augusztus harmadik szombatj\u00e1n megrendez\u00e9sre ker\u00fcl\u0151 <strong>Forr\u00e1sk\u00fati Falunap<\/strong>.<\/p>\n<p>A k\u00f6zs\u00e9g nyugati hat\u00e1r\u00e1n elter\u00fcl\u0151 mesters\u00e9ges t\u00f3 eg\u00e9sz \u00e9ves horg\u00e1sz lehet\u0151s\u00e9get biztos\u00edt.<\/p>\n<div class=\"focim\">Forr\u00e1sk\u00fat k\u00f6zs\u00e9g c\u00edmere \u00e9s annak jelent\u00e9se<\/div>\n<div><img loading=\"lazy\" decoding=\"async\" class=\"size-medium wp-image-575 alignleft\" src=\"http:\/\/forraskut.hu\/wp-content\/uploads\/2018\/01\/transzparens_cimer_fkut-167x300.gif\" alt=\"\" width=\"167\" height=\"300\" \/><\/div>\n<p style=\"text-align: justify;\">Az orsz\u00e1galm\u00e1t tart\u00f3 k\u00edgy\u00f3, mely a Dorozsma-nemzets\u00e9g c\u00edmer\u00e1llata, arra az id\u0151re eml\u00e9keztet, amikor a tat\u00e1rj\u00e1r\u00e1s el\u0151tt ez a nemzets\u00e9g volt a k\u00f6rny\u00e9k birtokosa. A k\u00edgy\u00f3 tork\u00e1t er\u0151sen markol\u00f3 k\u00e9z az e t\u00e1jon megtelepedett kunokra utal. A t\u00f6r\u00f6k ki\u0171z\u00e9se ut\u00e1n idetelep\u00edtett sz\u00e1mos hat\u00e1r\u0151r csal\u00e1dra eml\u00e9keztet a szably\u00e1t markol\u00f3 k\u00e9z. A v\u00edzj\u00e1rta zsomb\u00e9kos vid\u00e9ket, melynek t\u00f6bblet viz\u00e9t a Sia-patak vezette el, a hull\u00e1mos ez\u00fcstp\u00f3lya jelk\u00e9pezi. A pajzstalp k\u00f6zep\u00e9n megd\u0151lt amfor\u00e1b\u00f3l ki\u00f6ml\u0151 v\u00edz a k\u00f6zs\u00e9g mai elnevez\u00e9s\u00e9re utal\u00f3 forr\u00e1sok jelk\u00e9pe. A harang egyik jelent\u00e9se a telep\u00fcl\u00e9s egyh\u00e1zas mivolt\u00e1ra utal, a m\u00e1sik a n\u00e9phagyom\u00e1ny szerint els\u00fcllyedt templomot jelk\u00e9pezi. A sisak a k\u00f6zs\u00e9g h\u0151si halottaira eml\u00e9keztet.<\/p>\n<p>&nbsp;<\/p>\n","protected":false},"excerpt":{"rendered":"<p>Utolj\u00e1ra friss\u00edtve:&nbsp; 2018. janu\u00e1r 25.Tisztelt L\u00e1togat\u00f3! Szeretettel k\u00f6sz\u00f6nt\u00f6m Forr\u00e1sk\u00fat k\u00f6zs\u00e9g honlapj\u00e1n. Ide l\u00e1togatva inform\u00e1ci\u00f3kat szerezhet, k\u00e9pet alkothat egy a m\u00f3rahalmi j\u00e1r\u00e1shoz tartoz\u00f3 2120 f\u0151s telep\u00fcl\u00e9sr\u0151l. Falunk fiatal kora ellen\u00e9re sok, a mindennapokat seg\u00edt\u0151 szolg\u00e1ltat\u00e1st tud ny\u00fajtani az itt \u00e9l\u0151knek, illetve az ide l\u00e1togat\u00f3knak, k\u00f6sz\u00f6nhet\u0151en dinamikus fejl\u0151d\u00e9s\u00fcnknek. Term\u00e9szeti k\u00f6rnyezet\u00fcnk, illetve kialak\u00edtott m\u0171szaki \u00e9s hum\u00e1n infrastrukt\u00fara adta [&hellip;]<\/p>\n","protected":false},"author":2,"featured_media":0,"parent":0,"menu_order":0,"comment_status":"closed","ping_status":"closed","template":"","meta":{"_exactmetrics_skip_tracking":false,"_exactmetrics_sitenote_active":false,"_exactmetrics_sitenote_note":"","_exactmetrics_sitenote_category":0,"footnotes":""},"yoast_head":"<!-- This site is optimized with the Yoast SEO plugin v23.4 - https:\/\/yoast.com\/wordpress\/plugins\/seo\/ -->\n<title>Telep\u00fcl\u00e9s\u00fcnk - forraskut.hu<\/title>\n<meta name=\"robots\" content=\"index, follow, max-snippet:-1, max-image-preview:large, max-video-preview:-1\" \/>\n<link rel=\"canonical\" href=\"https:\/\/forraskut.hu\/index.php\/telepulesunk\/\" \/>\n<meta property=\"og:locale\" content=\"hu_HU\" \/>\n<meta property=\"og:type\" content=\"article\" \/>\n<meta property=\"og:title\" content=\"Telep\u00fcl\u00e9s\u00fcnk - forraskut.hu\" \/>\n<meta property=\"og:description\" content=\"Utolj\u00e1ra friss\u00edtve:&nbsp; 2018. janu\u00e1r 25.Tisztelt L\u00e1togat\u00f3! Szeretettel k\u00f6sz\u00f6nt\u00f6m Forr\u00e1sk\u00fat k\u00f6zs\u00e9g honlapj\u00e1n. Ide l\u00e1togatva inform\u00e1ci\u00f3kat szerezhet, k\u00e9pet alkothat egy a m\u00f3rahalmi j\u00e1r\u00e1shoz tartoz\u00f3 2120 f\u0151s telep\u00fcl\u00e9sr\u0151l. Falunk fiatal kora ellen\u00e9re sok, a mindennapokat seg\u00edt\u0151 szolg\u00e1ltat\u00e1st tud ny\u00fajtani az itt \u00e9l\u0151knek, illetve az ide l\u00e1togat\u00f3knak, k\u00f6sz\u00f6nhet\u0151en dinamikus fejl\u0151d\u00e9s\u00fcnknek. Term\u00e9szeti k\u00f6rnyezet\u00fcnk, illetve kialak\u00edtott m\u0171szaki \u00e9s hum\u00e1n infrastrukt\u00fara adta [&hellip;]\" \/>\n<meta property=\"og:url\" content=\"https:\/\/forraskut.hu\/index.php\/telepulesunk\/\" \/>\n<meta property=\"og:site_name\" content=\"forraskut.hu\" \/>\n<meta property=\"article:modified_time\" content=\"2018-01-25T16:45:59+00:00\" \/>\n<meta property=\"og:image\" content=\"http:\/\/forraskut.hu\/wp-content\/uploads\/2018\/01\/polgmester.jpg\" \/>\n<meta name=\"twitter:card\" content=\"summary_large_image\" \/>\n<meta name=\"twitter:label1\" content=\"Becs\u00fclt olvas\u00e1si id\u0151\" \/>\n\t<meta name=\"twitter:data1\" content=\"6 perc\" \/>\n<script type=\"application\/ld+json\" class=\"yoast-schema-graph\">{\"@context\":\"https:\/\/schema.org\",\"@graph\":[{\"@type\":\"WebPage\",\"@id\":\"https:\/\/forraskut.hu\/index.php\/telepulesunk\/\",\"url\":\"https:\/\/forraskut.hu\/index.php\/telepulesunk\/\",\"name\":\"Telep\u00fcl\u00e9s\u00fcnk - forraskut.hu\",\"isPartOf\":{\"@id\":\"https:\/\/forraskut.hu\/#website\"},\"primaryImageOfPage\":{\"@id\":\"https:\/\/forraskut.hu\/index.php\/telepulesunk\/#primaryimage\"},\"image\":{\"@id\":\"https:\/\/forraskut.hu\/index.php\/telepulesunk\/#primaryimage\"},\"thumbnailUrl\":\"http:\/\/forraskut.hu\/wp-content\/uploads\/2018\/01\/polgmester.jpg\",\"datePublished\":\"2017-11-22T14:58:21+00:00\",\"dateModified\":\"2018-01-25T16:45:59+00:00\",\"breadcrumb\":{\"@id\":\"https:\/\/forraskut.hu\/index.php\/telepulesunk\/#breadcrumb\"},\"inLanguage\":\"hu\",\"potentialAction\":[{\"@type\":\"ReadAction\",\"target\":[\"https:\/\/forraskut.hu\/index.php\/telepulesunk\/\"]}]},{\"@type\":\"ImageObject\",\"inLanguage\":\"hu\",\"@id\":\"https:\/\/forraskut.hu\/index.php\/telepulesunk\/#primaryimage\",\"url\":\"https:\/\/forraskut.hu\/wp-content\/uploads\/2018\/01\/polgmester.jpg\",\"contentUrl\":\"https:\/\/forraskut.hu\/wp-content\/uploads\/2018\/01\/polgmester.jpg\",\"width\":119,\"height\":140},{\"@type\":\"BreadcrumbList\",\"@id\":\"https:\/\/forraskut.hu\/index.php\/telepulesunk\/#breadcrumb\",\"itemListElement\":[{\"@type\":\"ListItem\",\"position\":1,\"name\":\"Kezd\u0151lap\",\"item\":\"https:\/\/forraskut.hu\/\"},{\"@type\":\"ListItem\",\"position\":2,\"name\":\"Telep\u00fcl\u00e9s\u00fcnk\"}]},{\"@type\":\"WebSite\",\"@id\":\"https:\/\/forraskut.hu\/#website\",\"url\":\"https:\/\/forraskut.hu\/\",\"name\":\"forraskut.hu\",\"description\":\"Forr\u00e1sk\u00fat k\u00f6zs\u00e9g hivatalos weboldala\",\"potentialAction\":[{\"@type\":\"SearchAction\",\"target\":{\"@type\":\"EntryPoint\",\"urlTemplate\":\"https:\/\/forraskut.hu\/?s={search_term_string}\"},\"query-input\":{\"@type\":\"PropertyValueSpecification\",\"valueRequired\":true,\"valueName\":\"search_term_string\"}}],\"inLanguage\":\"hu\"}]}<\/script>\n<!-- \/ Yoast SEO plugin. -->","yoast_head_json":{"title":"Telep\u00fcl\u00e9s\u00fcnk - forraskut.hu","robots":{"index":"index","follow":"follow","max-snippet":"max-snippet:-1","max-image-preview":"max-image-preview:large","max-video-preview":"max-video-preview:-1"},"canonical":"https:\/\/forraskut.hu\/index.php\/telepulesunk\/","og_locale":"hu_HU","og_type":"article","og_title":"Telep\u00fcl\u00e9s\u00fcnk - forraskut.hu","og_description":"Utolj\u00e1ra friss\u00edtve:&nbsp; 2018. janu\u00e1r 25.Tisztelt L\u00e1togat\u00f3! Szeretettel k\u00f6sz\u00f6nt\u00f6m Forr\u00e1sk\u00fat k\u00f6zs\u00e9g honlapj\u00e1n. Ide l\u00e1togatva inform\u00e1ci\u00f3kat szerezhet, k\u00e9pet alkothat egy a m\u00f3rahalmi j\u00e1r\u00e1shoz tartoz\u00f3 2120 f\u0151s telep\u00fcl\u00e9sr\u0151l. Falunk fiatal kora ellen\u00e9re sok, a mindennapokat seg\u00edt\u0151 szolg\u00e1ltat\u00e1st tud ny\u00fajtani az itt \u00e9l\u0151knek, illetve az ide l\u00e1togat\u00f3knak, k\u00f6sz\u00f6nhet\u0151en dinamikus fejl\u0151d\u00e9s\u00fcnknek. Term\u00e9szeti k\u00f6rnyezet\u00fcnk, illetve kialak\u00edtott m\u0171szaki \u00e9s hum\u00e1n infrastrukt\u00fara adta [&hellip;]","og_url":"https:\/\/forraskut.hu\/index.php\/telepulesunk\/","og_site_name":"forraskut.hu","article_modified_time":"2018-01-25T16:45:59+00:00","og_image":[{"url":"http:\/\/forraskut.hu\/wp-content\/uploads\/2018\/01\/polgmester.jpg"}],"twitter_card":"summary_large_image","twitter_misc":{"Becs\u00fclt olvas\u00e1si id\u0151":"6 perc"},"schema":{"@context":"https:\/\/schema.org","@graph":[{"@type":"WebPage","@id":"https:\/\/forraskut.hu\/index.php\/telepulesunk\/","url":"https:\/\/forraskut.hu\/index.php\/telepulesunk\/","name":"Telep\u00fcl\u00e9s\u00fcnk - forraskut.hu","isPartOf":{"@id":"https:\/\/forraskut.hu\/#website"},"primaryImageOfPage":{"@id":"https:\/\/forraskut.hu\/index.php\/telepulesunk\/#primaryimage"},"image":{"@id":"https:\/\/forraskut.hu\/index.php\/telepulesunk\/#primaryimage"},"thumbnailUrl":"http:\/\/forraskut.hu\/wp-content\/uploads\/2018\/01\/polgmester.jpg","datePublished":"2017-11-22T14:58:21+00:00","dateModified":"2018-01-25T16:45:59+00:00","breadcrumb":{"@id":"https:\/\/forraskut.hu\/index.php\/telepulesunk\/#breadcrumb"},"inLanguage":"hu","potentialAction":[{"@type":"ReadAction","target":["https:\/\/forraskut.hu\/index.php\/telepulesunk\/"]}]},{"@type":"ImageObject","inLanguage":"hu","@id":"https:\/\/forraskut.hu\/index.php\/telepulesunk\/#primaryimage","url":"https:\/\/forraskut.hu\/wp-content\/uploads\/2018\/01\/polgmester.jpg","contentUrl":"https:\/\/forraskut.hu\/wp-content\/uploads\/2018\/01\/polgmester.jpg","width":119,"height":140},{"@type":"BreadcrumbList","@id":"https:\/\/forraskut.hu\/index.php\/telepulesunk\/#breadcrumb","itemListElement":[{"@type":"ListItem","position":1,"name":"Kezd\u0151lap","item":"https:\/\/forraskut.hu\/"},{"@type":"ListItem","position":2,"name":"Telep\u00fcl\u00e9s\u00fcnk"}]},{"@type":"WebSite","@id":"https:\/\/forraskut.hu\/#website","url":"https:\/\/forraskut.hu\/","name":"forraskut.hu","description":"Forr\u00e1sk\u00fat k\u00f6zs\u00e9g hivatalos weboldala","potentialAction":[{"@type":"SearchAction","target":{"@type":"EntryPoint","urlTemplate":"https:\/\/forraskut.hu\/?s={search_term_string}"},"query-input":{"@type":"PropertyValueSpecification","valueRequired":true,"valueName":"search_term_string"}}],"inLanguage":"hu"}]}},"_links":{"self":[{"href":"https:\/\/forraskut.hu\/index.php\/wp-json\/wp\/v2\/pages\/327"}],"collection":[{"href":"https:\/\/forraskut.hu\/index.php\/wp-json\/wp\/v2\/pages"}],"about":[{"href":"https:\/\/forraskut.hu\/index.php\/wp-json\/wp\/v2\/types\/page"}],"author":[{"embeddable":true,"href":"https:\/\/forraskut.hu\/index.php\/wp-json\/wp\/v2\/users\/2"}],"replies":[{"embeddable":true,"href":"https:\/\/forraskut.hu\/index.php\/wp-json\/wp\/v2\/comments?post=327"}],"version-history":[{"count":0,"href":"https:\/\/forraskut.hu\/index.php\/wp-json\/wp\/v2\/pages\/327\/revisions"}],"wp:attachment":[{"href":"https:\/\/forraskut.hu\/index.php\/wp-json\/wp\/v2\/media?parent=327"}],"curies":[{"name":"wp","href":"https:\/\/api.w.org\/{rel}","templated":true}]}}