{"id":3268,"date":"2024-08-29T15:34:23","date_gmt":"2024-08-29T14:34:23","guid":{"rendered":"https:\/\/forraskut.hu\/?page_id=3268"},"modified":"2024-08-29T15:38:20","modified_gmt":"2024-08-29T14:38:20","slug":"forraskut-ulles-telepuleseket-osszekoto-kerekparut-fejlesztese","status":"publish","type":"page","link":"https:\/\/forraskut.hu\/index.php\/forraskut-ulles-telepuleseket-osszekoto-kerekparut-fejlesztese\/","title":{"rendered":"Forr\u00e1sk\u00fat-\u00dcll\u00e9s telep\u00fcl\u00e9seket \u00f6sszek\u00f6t\u0151 ker\u00e9kp\u00e1r\u00fat fejleszt\u00e9se"},"content":{"rendered":"<p><strong>Forr\u00e1sk\u00fat K\u00f6zs\u00e9g \u00d6nkorm\u00e1nyzata \u00dcll\u00e9s Nagyk\u00f6zs\u00e9gi \u00d6nkorm\u00e1nyzattal \u00e9s a Csongr\u00e1d Megye Fejleszt\u00e9s\u00e9\u00e9rt Nonprofit Kft-vel konzorciumban a TOP_PLUSZ-1.2.1-21-CS1-2022-00007 azonos\u00edt\u00f3sz\u00e1m\u00fa \u201eForr\u00e1sk\u00fat-\u00dcll\u00e9s telep\u00fcl\u00e9seket \u00f6sszek\u00f6t\u0151 ker\u00e9kp\u00e1r\u00fat fejleszt\u00e9se\u201d c\u00edm\u0171 projektre 460 milli\u00f3 forint vissza nem t\u00e9r\u00edtend\u0151 eur\u00f3pai uni\u00f3s t\u00e1mogat\u00e1st nyert.<\/strong><\/p>\n<p><strong>F\u0151kedvezm\u00e9nyezett neve:<\/strong>Forr\u00e1sk\u00fat K\u00f6zs\u00e9g \u00d6nkorm\u00e1nyzata<img loading=\"lazy\" decoding=\"async\" class=\"size-full wp-image-3269 alignright\" src=\"https:\/\/forraskut.hu\/wp-content\/uploads\/2024\/08\/top-plusz.png\" alt=\"\" width=\"413\" height=\"118\" srcset=\"https:\/\/forraskut.hu\/wp-content\/uploads\/2024\/08\/top-plusz.png 413w, https:\/\/forraskut.hu\/wp-content\/uploads\/2024\/08\/top-plusz-300x86.png 300w\" sizes=\"(max-width: 413px) 100vw, 413px\" \/><\/p>\n<p><strong>Konzorciumi tagok: <\/strong>\u00dcll\u00e9s Nagyk\u00f6zs\u00e9gi \u00d6nkorm\u00e1nyzat,<\/p>\n<p>Csongr\u00e1d Megye Fejleszt\u00e9s\u00e9\u00e9rt Nonprofit Kft<\/p>\n<p><strong>Projekt azonos\u00edt\u00f3 sz\u00e1ma:<\/strong> TOP_PLUSZ-1.2.1-21-CS1-2022-00007<\/p>\n<p><strong>A szerz\u0151d\u00f6tt t\u00e1mogat\u00e1s \u00f6sszege:<\/strong> 460\u00a0000 000 Ft<\/p>\n<p><strong>T\u00e1mogat\u00e1s m\u00e9rt\u00e9ke: <\/strong>100%<\/p>\n<p><strong>A projekt tervezett befejez\u00e9si d\u00e1tuma:<\/strong> 2025.12.31.<\/p>\n<p><strong>A projekt tartalm\u00e1nak bemutat\u00e1sa:<\/strong><\/p>\n<p style=\"text-align: justify;\">Forr\u00e1sk\u00fat K\u00f6zs\u00e9g \u00d6nkorm\u00e1nyzata, \u00dcll\u00e9s Nagyk\u00f6zs\u00e9gi \u00d6nkorm\u00e1nyzat \u00e9s Csongr\u00e1d Megye Fejleszt\u00e9s\u00e9\u00e9rt Nonprofit Kft. konzorciumi form\u00e1ban p\u00e1ly\u00e1zatot ny\u00fajtott be a Ter\u00fclet- \u00e9s Telep\u00fcl\u00e9sfejleszt\u00e9si Operat\u00edv Program Plusz keret\u00e9ben meghirdetett \u201e\u00c9lhet\u0151 telep\u00fcl\u00e9sek\u201d (TOP_PLUSZ-1.2.1-21) p\u00e1ly\u00e1zati felh\u00edv\u00e1sra ker\u00e9kp\u00e1r\u00fat fejleszt\u00e9se c\u00e9lj\u00e1b\u00f3l. A Konzorcium a TOP_PLUSZ-1.2.1-21-CS1-2022-00007 azonos\u00edt\u00f3sz\u00e1m\u00fa \u201eForr\u00e1sk\u00fat-\u00dcll\u00e9s telep\u00fcl\u00e9seket \u00f6sszek\u00f6t\u0151 ker\u00e9kp\u00e1r\u00fat fejleszt\u00e9se\u201d c\u00edm\u0171 projektj\u00e9re 460 milli\u00f3 forint vissza nem t\u00e9r\u00edtend\u0151 eur\u00f3pai uni\u00f3s t\u00e1mogat\u00e1st nyert. A projekt a Sz\u00e9chenyi Terv Plusz program keret\u00e9ben az Eur\u00f3pai Uni\u00f3 t\u00e1rsfinansz\u00edroz\u00e1s\u00e1val 100 %-os t\u00e1mogat\u00e1si intenzit\u00e1s mellett val\u00f3sul meg.<\/p>\n<p style=\"text-align: justify;\">A projekt c\u00e9lja \u00e9s egyben tartalma a Forr\u00e1sk\u00fat k\u00f6zs\u00e9get \u00dcll\u00e9s k\u00f6zs\u00e9ggel \u00f6sszek\u00f6t\u0151 5426. j. \u00fat mellett \u00faj ker\u00e9kp\u00e1r\u00fat \u00e9p\u00edt\u00e9se, tov\u00e1bb\u00e1 becsatlakoztatni a ker\u00e9kp\u00e1ros forgalmat a 5405. j. \u00faton m\u00e1r megl\u00e9v\u0151 Forr\u00e1sk\u00fat-Zsomb\u00f3, illetve a m\u00e1sik ir\u00e1nyban az 5408. j. \u00faton megl\u00e9v\u0151 \u00dcll\u00e9s-Bord\u00e1ny ker\u00e9kp\u00e1ros \u00fatra.<\/p>\n<p style=\"text-align: justify;\">Jelen tervezett beruh\u00e1z\u00e1s tov\u00e1bbi c\u00e9lja, hogy a projekt eredm\u00e9nyek\u00e9nt el\u0151nyben r\u00e9szes\u00fcljenek a k\u00f6rnyezetileg fenntarthat\u00f3 k\u00f6zleked\u00e9si m\u00f3dok, \u00e9s egyetlen fenntarthat\u00f3 k\u00f6zleked\u00e9si m\u00f3d se ker\u00fclj\u00f6n a projekt \u00e1ltal h\u00e1tr\u00e1nyosabb helyzetbe a fejleszt\u00e9st k\u00f6vet\u0151en a beruh\u00e1z\u00e1st megel\u0151z\u0151 \u00e1llapothoz viszony\u00edtva.<\/p>\n<p style=\"text-align: justify;\">A fejleszt\u00e9s egyik sz\u00fcks\u00e9gszer\u0171s\u00e9g\u00e9t az indokolja, hogy egyre n\u00f6vekszik az agglomer\u00e1ci\u00f3s g\u00e9pj\u00e1rm\u0171forgalom az adott telep\u00fcl\u00e9seken \u00e9s a telep\u00fcl\u00e9sek k\u00f6z\u00f6tt, ez\u00e9rt a ker\u00e9kp\u00e1roz\u00f3k biztons\u00e1g\u00e1nak n\u00f6vel\u00e9se \u00e9rdek\u00e9ben sz\u00fcks\u00e9g van a k\u00fcl- \u00e9s belter\u00fcleti ker\u00e9kp\u00e1r\u00fat h\u00e1l\u00f3zat folyamatos b\u0151v\u00edt\u00e9s\u00e9re.<\/p>\n<p>Tov\u00e1bbi inform\u00e1ci\u00f3 k\u00e9rhet\u0151: hivatal@forraskut.hu, vagy a +36 62\/287-222 el\u00e9rhet\u0151s\u00e9gen.<\/p>\n<p>&nbsp;<\/p>\n","protected":false},"excerpt":{"rendered":"<p>Forr\u00e1sk\u00fat K\u00f6zs\u00e9g \u00d6nkorm\u00e1nyzata \u00dcll\u00e9s Nagyk\u00f6zs\u00e9gi \u00d6nkorm\u00e1nyzattal \u00e9s a Csongr\u00e1d Megye Fejleszt\u00e9s\u00e9\u00e9rt Nonprofit Kft-vel konzorciumban a TOP_PLUSZ-1.2.1-21-CS1-2022-00007 azonos\u00edt\u00f3sz\u00e1m\u00fa \u201eForr\u00e1sk\u00fat-\u00dcll\u00e9s telep\u00fcl\u00e9seket \u00f6sszek\u00f6t\u0151 ker\u00e9kp\u00e1r\u00fat fejleszt\u00e9se\u201d c\u00edm\u0171 projektre 460 milli\u00f3 forint vissza nem t\u00e9r\u00edtend\u0151 eur\u00f3pai uni\u00f3s t\u00e1mogat\u00e1st nyert. F\u0151kedvezm\u00e9nyezett neve:Forr\u00e1sk\u00fat K\u00f6zs\u00e9g \u00d6nkorm\u00e1nyzata Konzorciumi tagok: \u00dcll\u00e9s Nagyk\u00f6zs\u00e9gi \u00d6nkorm\u00e1nyzat, Csongr\u00e1d Megye Fejleszt\u00e9s\u00e9\u00e9rt Nonprofit Kft Projekt azonos\u00edt\u00f3 sz\u00e1ma: TOP_PLUSZ-1.2.1-21-CS1-2022-00007 A szerz\u0151d\u00f6tt t\u00e1mogat\u00e1s [&hellip;]<\/p>\n","protected":false},"author":2,"featured_media":0,"parent":0,"menu_order":0,"comment_status":"closed","ping_status":"closed","template":"","meta":{"_exactmetrics_skip_tracking":false,"_exactmetrics_sitenote_active":false,"_exactmetrics_sitenote_note":"","_exactmetrics_sitenote_category":0,"footnotes":""},"yoast_head":"<!-- This site is optimized with the Yoast SEO plugin v23.4 - https:\/\/yoast.com\/wordpress\/plugins\/seo\/ -->\n<title>Forr\u00e1sk\u00fat-\u00dcll\u00e9s telep\u00fcl\u00e9seket \u00f6sszek\u00f6t\u0151 ker\u00e9kp\u00e1r\u00fat fejleszt\u00e9se - forraskut.hu<\/title>\n<meta name=\"robots\" content=\"index, follow, max-snippet:-1, max-image-preview:large, max-video-preview:-1\" \/>\n<link rel=\"canonical\" href=\"https:\/\/forraskut.hu\/index.php\/forraskut-ulles-telepuleseket-osszekoto-kerekparut-fejlesztese\/\" \/>\n<meta property=\"og:locale\" content=\"hu_HU\" \/>\n<meta property=\"og:type\" content=\"article\" \/>\n<meta property=\"og:title\" content=\"Forr\u00e1sk\u00fat-\u00dcll\u00e9s telep\u00fcl\u00e9seket \u00f6sszek\u00f6t\u0151 ker\u00e9kp\u00e1r\u00fat fejleszt\u00e9se - forraskut.hu\" \/>\n<meta property=\"og:description\" content=\"Forr\u00e1sk\u00fat K\u00f6zs\u00e9g \u00d6nkorm\u00e1nyzata \u00dcll\u00e9s Nagyk\u00f6zs\u00e9gi \u00d6nkorm\u00e1nyzattal \u00e9s a Csongr\u00e1d Megye Fejleszt\u00e9s\u00e9\u00e9rt Nonprofit Kft-vel konzorciumban a TOP_PLUSZ-1.2.1-21-CS1-2022-00007 azonos\u00edt\u00f3sz\u00e1m\u00fa \u201eForr\u00e1sk\u00fat-\u00dcll\u00e9s telep\u00fcl\u00e9seket \u00f6sszek\u00f6t\u0151 ker\u00e9kp\u00e1r\u00fat fejleszt\u00e9se\u201d c\u00edm\u0171 projektre 460 milli\u00f3 forint vissza nem t\u00e9r\u00edtend\u0151 eur\u00f3pai uni\u00f3s t\u00e1mogat\u00e1st nyert. F\u0151kedvezm\u00e9nyezett neve:Forr\u00e1sk\u00fat K\u00f6zs\u00e9g \u00d6nkorm\u00e1nyzata Konzorciumi tagok: \u00dcll\u00e9s Nagyk\u00f6zs\u00e9gi \u00d6nkorm\u00e1nyzat, Csongr\u00e1d Megye Fejleszt\u00e9s\u00e9\u00e9rt Nonprofit Kft Projekt azonos\u00edt\u00f3 sz\u00e1ma: TOP_PLUSZ-1.2.1-21-CS1-2022-00007 A szerz\u0151d\u00f6tt t\u00e1mogat\u00e1s [&hellip;]\" \/>\n<meta property=\"og:url\" content=\"https:\/\/forraskut.hu\/index.php\/forraskut-ulles-telepuleseket-osszekoto-kerekparut-fejlesztese\/\" \/>\n<meta property=\"og:site_name\" content=\"forraskut.hu\" \/>\n<meta property=\"article:modified_time\" content=\"2024-08-29T14:38:20+00:00\" \/>\n<meta property=\"og:image\" content=\"https:\/\/forraskut.hu\/wp-content\/uploads\/2024\/08\/top-plusz.png\" \/>\n<meta name=\"twitter:card\" content=\"summary_large_image\" \/>\n<meta name=\"twitter:label1\" content=\"Becs\u00fclt olvas\u00e1si id\u0151\" \/>\n\t<meta name=\"twitter:data1\" content=\"2 perc\" \/>\n<script type=\"application\/ld+json\" class=\"yoast-schema-graph\">{\"@context\":\"https:\/\/schema.org\",\"@graph\":[{\"@type\":\"WebPage\",\"@id\":\"https:\/\/forraskut.hu\/index.php\/forraskut-ulles-telepuleseket-osszekoto-kerekparut-fejlesztese\/\",\"url\":\"https:\/\/forraskut.hu\/index.php\/forraskut-ulles-telepuleseket-osszekoto-kerekparut-fejlesztese\/\",\"name\":\"Forr\u00e1sk\u00fat-\u00dcll\u00e9s telep\u00fcl\u00e9seket \u00f6sszek\u00f6t\u0151 ker\u00e9kp\u00e1r\u00fat fejleszt\u00e9se - forraskut.hu\",\"isPartOf\":{\"@id\":\"https:\/\/forraskut.hu\/#website\"},\"primaryImageOfPage\":{\"@id\":\"https:\/\/forraskut.hu\/index.php\/forraskut-ulles-telepuleseket-osszekoto-kerekparut-fejlesztese\/#primaryimage\"},\"image\":{\"@id\":\"https:\/\/forraskut.hu\/index.php\/forraskut-ulles-telepuleseket-osszekoto-kerekparut-fejlesztese\/#primaryimage\"},\"thumbnailUrl\":\"https:\/\/forraskut.hu\/wp-content\/uploads\/2024\/08\/top-plusz.png\",\"datePublished\":\"2024-08-29T14:34:23+00:00\",\"dateModified\":\"2024-08-29T14:38:20+00:00\",\"breadcrumb\":{\"@id\":\"https:\/\/forraskut.hu\/index.php\/forraskut-ulles-telepuleseket-osszekoto-kerekparut-fejlesztese\/#breadcrumb\"},\"inLanguage\":\"hu\",\"potentialAction\":[{\"@type\":\"ReadAction\",\"target\":[\"https:\/\/forraskut.hu\/index.php\/forraskut-ulles-telepuleseket-osszekoto-kerekparut-fejlesztese\/\"]}]},{\"@type\":\"ImageObject\",\"inLanguage\":\"hu\",\"@id\":\"https:\/\/forraskut.hu\/index.php\/forraskut-ulles-telepuleseket-osszekoto-kerekparut-fejlesztese\/#primaryimage\",\"url\":\"https:\/\/forraskut.hu\/wp-content\/uploads\/2024\/08\/top-plusz.png\",\"contentUrl\":\"https:\/\/forraskut.hu\/wp-content\/uploads\/2024\/08\/top-plusz.png\",\"width\":413,\"height\":118},{\"@type\":\"BreadcrumbList\",\"@id\":\"https:\/\/forraskut.hu\/index.php\/forraskut-ulles-telepuleseket-osszekoto-kerekparut-fejlesztese\/#breadcrumb\",\"itemListElement\":[{\"@type\":\"ListItem\",\"position\":1,\"name\":\"Kezd\u0151lap\",\"item\":\"https:\/\/forraskut.hu\/\"},{\"@type\":\"ListItem\",\"position\":2,\"name\":\"Forr\u00e1sk\u00fat-\u00dcll\u00e9s telep\u00fcl\u00e9seket \u00f6sszek\u00f6t\u0151 ker\u00e9kp\u00e1r\u00fat fejleszt\u00e9se\"}]},{\"@type\":\"WebSite\",\"@id\":\"https:\/\/forraskut.hu\/#website\",\"url\":\"https:\/\/forraskut.hu\/\",\"name\":\"forraskut.hu\",\"description\":\"Forr\u00e1sk\u00fat k\u00f6zs\u00e9g hivatalos weboldala\",\"potentialAction\":[{\"@type\":\"SearchAction\",\"target\":{\"@type\":\"EntryPoint\",\"urlTemplate\":\"https:\/\/forraskut.hu\/?s={search_term_string}\"},\"query-input\":{\"@type\":\"PropertyValueSpecification\",\"valueRequired\":true,\"valueName\":\"search_term_string\"}}],\"inLanguage\":\"hu\"}]}<\/script>\n<!-- \/ Yoast SEO plugin. -->","yoast_head_json":{"title":"Forr\u00e1sk\u00fat-\u00dcll\u00e9s telep\u00fcl\u00e9seket \u00f6sszek\u00f6t\u0151 ker\u00e9kp\u00e1r\u00fat fejleszt\u00e9se - forraskut.hu","robots":{"index":"index","follow":"follow","max-snippet":"max-snippet:-1","max-image-preview":"max-image-preview:large","max-video-preview":"max-video-preview:-1"},"canonical":"https:\/\/forraskut.hu\/index.php\/forraskut-ulles-telepuleseket-osszekoto-kerekparut-fejlesztese\/","og_locale":"hu_HU","og_type":"article","og_title":"Forr\u00e1sk\u00fat-\u00dcll\u00e9s telep\u00fcl\u00e9seket \u00f6sszek\u00f6t\u0151 ker\u00e9kp\u00e1r\u00fat fejleszt\u00e9se - forraskut.hu","og_description":"Forr\u00e1sk\u00fat K\u00f6zs\u00e9g \u00d6nkorm\u00e1nyzata \u00dcll\u00e9s Nagyk\u00f6zs\u00e9gi \u00d6nkorm\u00e1nyzattal \u00e9s a Csongr\u00e1d Megye Fejleszt\u00e9s\u00e9\u00e9rt Nonprofit Kft-vel konzorciumban a TOP_PLUSZ-1.2.1-21-CS1-2022-00007 azonos\u00edt\u00f3sz\u00e1m\u00fa \u201eForr\u00e1sk\u00fat-\u00dcll\u00e9s telep\u00fcl\u00e9seket \u00f6sszek\u00f6t\u0151 ker\u00e9kp\u00e1r\u00fat fejleszt\u00e9se\u201d c\u00edm\u0171 projektre 460 milli\u00f3 forint vissza nem t\u00e9r\u00edtend\u0151 eur\u00f3pai uni\u00f3s t\u00e1mogat\u00e1st nyert. F\u0151kedvezm\u00e9nyezett neve:Forr\u00e1sk\u00fat K\u00f6zs\u00e9g \u00d6nkorm\u00e1nyzata Konzorciumi tagok: \u00dcll\u00e9s Nagyk\u00f6zs\u00e9gi \u00d6nkorm\u00e1nyzat, Csongr\u00e1d Megye Fejleszt\u00e9s\u00e9\u00e9rt Nonprofit Kft Projekt azonos\u00edt\u00f3 sz\u00e1ma: TOP_PLUSZ-1.2.1-21-CS1-2022-00007 A szerz\u0151d\u00f6tt t\u00e1mogat\u00e1s [&hellip;]","og_url":"https:\/\/forraskut.hu\/index.php\/forraskut-ulles-telepuleseket-osszekoto-kerekparut-fejlesztese\/","og_site_name":"forraskut.hu","article_modified_time":"2024-08-29T14:38:20+00:00","og_image":[{"url":"https:\/\/forraskut.hu\/wp-content\/uploads\/2024\/08\/top-plusz.png"}],"twitter_card":"summary_large_image","twitter_misc":{"Becs\u00fclt olvas\u00e1si id\u0151":"2 perc"},"schema":{"@context":"https:\/\/schema.org","@graph":[{"@type":"WebPage","@id":"https:\/\/forraskut.hu\/index.php\/forraskut-ulles-telepuleseket-osszekoto-kerekparut-fejlesztese\/","url":"https:\/\/forraskut.hu\/index.php\/forraskut-ulles-telepuleseket-osszekoto-kerekparut-fejlesztese\/","name":"Forr\u00e1sk\u00fat-\u00dcll\u00e9s telep\u00fcl\u00e9seket \u00f6sszek\u00f6t\u0151 ker\u00e9kp\u00e1r\u00fat fejleszt\u00e9se - forraskut.hu","isPartOf":{"@id":"https:\/\/forraskut.hu\/#website"},"primaryImageOfPage":{"@id":"https:\/\/forraskut.hu\/index.php\/forraskut-ulles-telepuleseket-osszekoto-kerekparut-fejlesztese\/#primaryimage"},"image":{"@id":"https:\/\/forraskut.hu\/index.php\/forraskut-ulles-telepuleseket-osszekoto-kerekparut-fejlesztese\/#primaryimage"},"thumbnailUrl":"https:\/\/forraskut.hu\/wp-content\/uploads\/2024\/08\/top-plusz.png","datePublished":"2024-08-29T14:34:23+00:00","dateModified":"2024-08-29T14:38:20+00:00","breadcrumb":{"@id":"https:\/\/forraskut.hu\/index.php\/forraskut-ulles-telepuleseket-osszekoto-kerekparut-fejlesztese\/#breadcrumb"},"inLanguage":"hu","potentialAction":[{"@type":"ReadAction","target":["https:\/\/forraskut.hu\/index.php\/forraskut-ulles-telepuleseket-osszekoto-kerekparut-fejlesztese\/"]}]},{"@type":"ImageObject","inLanguage":"hu","@id":"https:\/\/forraskut.hu\/index.php\/forraskut-ulles-telepuleseket-osszekoto-kerekparut-fejlesztese\/#primaryimage","url":"https:\/\/forraskut.hu\/wp-content\/uploads\/2024\/08\/top-plusz.png","contentUrl":"https:\/\/forraskut.hu\/wp-content\/uploads\/2024\/08\/top-plusz.png","width":413,"height":118},{"@type":"BreadcrumbList","@id":"https:\/\/forraskut.hu\/index.php\/forraskut-ulles-telepuleseket-osszekoto-kerekparut-fejlesztese\/#breadcrumb","itemListElement":[{"@type":"ListItem","position":1,"name":"Kezd\u0151lap","item":"https:\/\/forraskut.hu\/"},{"@type":"ListItem","position":2,"name":"Forr\u00e1sk\u00fat-\u00dcll\u00e9s telep\u00fcl\u00e9seket \u00f6sszek\u00f6t\u0151 ker\u00e9kp\u00e1r\u00fat fejleszt\u00e9se"}]},{"@type":"WebSite","@id":"https:\/\/forraskut.hu\/#website","url":"https:\/\/forraskut.hu\/","name":"forraskut.hu","description":"Forr\u00e1sk\u00fat k\u00f6zs\u00e9g hivatalos weboldala","potentialAction":[{"@type":"SearchAction","target":{"@type":"EntryPoint","urlTemplate":"https:\/\/forraskut.hu\/?s={search_term_string}"},"query-input":{"@type":"PropertyValueSpecification","valueRequired":true,"valueName":"search_term_string"}}],"inLanguage":"hu"}]}},"_links":{"self":[{"href":"https:\/\/forraskut.hu\/index.php\/wp-json\/wp\/v2\/pages\/3268"}],"collection":[{"href":"https:\/\/forraskut.hu\/index.php\/wp-json\/wp\/v2\/pages"}],"about":[{"href":"https:\/\/forraskut.hu\/index.php\/wp-json\/wp\/v2\/types\/page"}],"author":[{"embeddable":true,"href":"https:\/\/forraskut.hu\/index.php\/wp-json\/wp\/v2\/users\/2"}],"replies":[{"embeddable":true,"href":"https:\/\/forraskut.hu\/index.php\/wp-json\/wp\/v2\/comments?post=3268"}],"version-history":[{"count":4,"href":"https:\/\/forraskut.hu\/index.php\/wp-json\/wp\/v2\/pages\/3268\/revisions"}],"predecessor-version":[{"id":3274,"href":"https:\/\/forraskut.hu\/index.php\/wp-json\/wp\/v2\/pages\/3268\/revisions\/3274"}],"wp:attachment":[{"href":"https:\/\/forraskut.hu\/index.php\/wp-json\/wp\/v2\/media?parent=3268"}],"curies":[{"name":"wp","href":"https:\/\/api.w.org\/{rel}","templated":true}]}}