{"id":3218,"date":"2024-08-13T13:19:23","date_gmt":"2024-08-13T12:19:23","guid":{"rendered":"https:\/\/forraskut.hu\/?page_id=3218"},"modified":"2024-08-13T15:28:29","modified_gmt":"2024-08-13T14:28:29","slug":"petofi-200","status":"publish","type":"page","link":"https:\/\/forraskut.hu\/index.php\/petofi-200\/","title":{"rendered":"Pet\u0151fi 200"},"content":{"rendered":"<p><strong>Pet\u0151fi eml\u00e9kt\u00e1bla Forr\u00e1sk\u00faton<img loading=\"lazy\" decoding=\"async\" class=\"alignright wp-image-3225 size-thumbnail\" src=\"https:\/\/forraskut.hu\/wp-content\/uploads\/2024\/08\/Petofi200-logo-positive-color-150x150.png\" alt=\"\" width=\"150\" height=\"150\" \/><\/strong><\/p>\n<p>T\u00e1mogat\u00f3: Nemzeti Kultur\u00e1lis Alap Pet\u0151fi 200 Ideiglenes Koll\u00e9gium<\/p>\n<p>Kedvezm\u00e9nyezett neve: Forr\u00e1sk\u00fat K\u00f6zs\u00e9g \u00d6nkorm\u00e1nyzata<\/p>\n<p>A Projekt neve:\u00a0 Pet\u0151fi S\u00e1ndor k\u00f6zt\u00e9ri eml\u00e9kt\u00e1bl\u00e1j\u00e1nak elk\u00e9sz\u00edt\u00e9se, \u00e1ll\u00edt\u00e1sa Forr\u00e1sk\u00faton<\/p>\n<p>Elnyert t\u00e1mogat\u00e1s \u00f6sszege: 1.500.000,- Ft<\/p>\n<p>T\u00e1mogat\u00e1s elnyer\u00e9s\u00e9nek \u00e9ve: 2023.<\/p>\n<p style=\"text-align: justify;\"><img loading=\"lazy\" decoding=\"async\" class=\" wp-image-3227 alignright\" src=\"https:\/\/forraskut.hu\/wp-content\/uploads\/2024\/08\/petofi-rotated.jpg\" alt=\"\" width=\"239\" height=\"319\" srcset=\"https:\/\/forraskut.hu\/wp-content\/uploads\/2024\/08\/petofi-rotated.jpg 480w, https:\/\/forraskut.hu\/wp-content\/uploads\/2024\/08\/petofi-225x300.jpg 225w\" sizes=\"(max-width: 239px) 100vw, 239px\" \/>Forr\u00e1sk\u00fat k\u00f6zs\u00e9gben az eddigiekben nem volt sem Pet\u0151fi S\u00e1ndornak, sem az 1848-49-es szabads\u00e1gharcnak eml\u00e9khelye. \u00cdgy elmondhatjuk, hogy rendk\u00edv\u00fcl nagy jelent\u0151s\u00e9g\u0171, komoly hi\u00e1nyp\u00f3tl\u00f3 projekt val\u00f3sult meg Pet\u0151fi S\u00e1ndor eml\u00e9kt\u00e1bla elhelyez\u00e9s\u00e9vel Forr\u00e1sk\u00faton.<\/p>\n<p style=\"text-align: justify;\">Az eml\u00e9kt\u00e1bla a telep\u00fcl\u00e9s sz\u00edv\u00e9ben, a falu legfrekvent\u00e1ltabb r\u00e9sz\u00e9n ker\u00fclt elhelyez\u00e9sre: az \u00f6nkorm\u00e1nyzat \u00e9p\u00fclete, a Borosty\u00e1n \u00e9tterem, a Posta \u00e9p\u00fclete, a k\u00f6zponti buszmeg\u00e1ll\u00f3k \u00e9s a F\u0151t\u00e9ri park \u00f6lel\u00e9s\u00e9ben, a Jerney J\u00e1nos M\u0171vel\u0151d\u00e9si H\u00e1z (k\u00f6z\u00f6ss\u00e9gi szint\u00e9r) homlokzat\u00e1n, a Pet\u0151fi S\u00e1ndor utc\u00e1n. Ez az elhelyez\u00e9s m\u00e1r \u00f6nmag\u00e1ban kimagasl\u00f3 l\u00e1togatotts\u00e1got biztos\u00edt.<\/p>\n<p style=\"text-align: justify;\">Sz\u00e1munkra tal\u00e1n a legfontosabb, hogy a forr\u00e1sk\u00fatiak \u2014 \u00e9s nem utols\u00f3 sorban \u2014 a helyi \u00e1ltal\u00e1nos iskola di\u00e1kjai \u00e9s az \u00f3vod\u00e1ba j\u00e1r\u00f3 gyermekek m\u00e1rcius 15-\u00e9n imm\u00e1r val\u00f3s eml\u00e9khelyen tudnak \u00fcnneps\u00e9get szervezni (nemcsak sz\u00ednpadi m\u0171sorral, hanem k\u00f6z\u00f6s koszor\u00faz\u00e1ssal emelhetik az \u00fcnnep f\u00e9ny\u00e9t). A domborm\u0171n\u00e9l a saj\u00e1t k\u00e9sz\u00edt\u00e9s\u0171 z\u00e1szl\u00f3kat, eml\u00e9kt\u00e1rgyakat, koszor\u00fakat elhelyezhetik a gyermekek, ez sz\u00e1mukra maradand\u00f3 \u00e9lm\u00e9nyt \u00e9s hossz\u00fa t\u00e1von m\u00e9ly nemzeti- \u00e9s a sz\u00fcl\u0151falujuk ir\u00e1nt is er\u0151s identit\u00e1studatot adhat.<\/p>\n<p style=\"text-align: justify;\">\u00d6nkorm\u00e1nyzatunk 2.950.000,- Ft \u00f6sszeggel ny\u00fajtotta be t\u00e1mogat\u00e1si ig\u00e9ny\u00e9t a NKA fel\u00e9. K\u00e9relm\u00fcnk pozit\u00edv elb\u00edr\u00e1l\u00e1sban r\u00e9szes\u00fclt, cs\u00f6kkentett t\u00e1mogat\u00e1si intenzit\u00e1ssal, \u00edgy \u00f6sszesen 1.500.000,- Ft \u00f6sszeg\u0171 t\u00e1mogat\u00e1sban r\u00e9szes\u00fclt\u00fcnk. \u00d6nkorm\u00e1nyzatunk teljes \u00f6sszeggel nem tudta v\u00e1llalni a projekt megval\u00f3s\u00edt\u00e1s\u00e1t, ez\u00e9rt m\u00f3dos\u00edt\u00e1si k\u00e9relmet ny\u00fajtott be. B\u00e1nv\u00f6lgyi L\u00e1szl\u00f3 m\u0171v\u00e9sz \u00farral t\u00f6rt\u00e9nt egyeztet\u00e9st k\u00f6vet\u0151en a K\u00e9pvisel\u0151-test\u00fclet a projekthez kor\u00e1bban biztos\u00edtott \u00f6nr\u00e9sz biztos\u00edt\u00e1s\u00e1r\u00f3l, s kis m\u00e9rt\u00e9k\u0171 megemel\u00e9s\u00e9r\u0151l d\u00f6nt\u00f6tt, azonban a p\u00e1ly\u00e1zati adatlapon beny\u00fajtott teljes k\u00f6lts\u00e9get, a cs\u00f6kkentett t\u00e1mogat\u00e1si intenzit\u00e1s mellett v\u00e1llalni nem tudta.<\/p>\n<p>A projektnek k\u00f6sz\u00f6nhet\u0151en imm\u00e1ron m\u00e9lt\u00f3 helyen eml\u00e9kezhet\u00fcnk meg Pet\u0151fi S\u00e1ndorr\u00f3l \u00e9s az 1848-49-es szabads\u00e1gharcr\u00f3l.<\/p>\n<p style=\"text-align: justify;\">\n","protected":false},"excerpt":{"rendered":"<p>Pet\u0151fi eml\u00e9kt\u00e1bla Forr\u00e1sk\u00faton T\u00e1mogat\u00f3: Nemzeti Kultur\u00e1lis Alap Pet\u0151fi 200 Ideiglenes Koll\u00e9gium Kedvezm\u00e9nyezett neve: Forr\u00e1sk\u00fat K\u00f6zs\u00e9g \u00d6nkorm\u00e1nyzata A Projekt neve:\u00a0 Pet\u0151fi S\u00e1ndor k\u00f6zt\u00e9ri eml\u00e9kt\u00e1bl\u00e1j\u00e1nak elk\u00e9sz\u00edt\u00e9se, \u00e1ll\u00edt\u00e1sa Forr\u00e1sk\u00faton Elnyert t\u00e1mogat\u00e1s \u00f6sszege: 1.500.000,- Ft T\u00e1mogat\u00e1s elnyer\u00e9s\u00e9nek \u00e9ve: 2023. Forr\u00e1sk\u00fat k\u00f6zs\u00e9gben az eddigiekben nem volt sem Pet\u0151fi S\u00e1ndornak, sem az 1848-49-es szabads\u00e1gharcnak eml\u00e9khelye. \u00cdgy elmondhatjuk, hogy rendk\u00edv\u00fcl nagy jelent\u0151s\u00e9g\u0171, [&hellip;]<\/p>\n","protected":false},"author":2,"featured_media":0,"parent":0,"menu_order":0,"comment_status":"closed","ping_status":"closed","template":"","meta":{"_exactmetrics_skip_tracking":false,"_exactmetrics_sitenote_active":false,"_exactmetrics_sitenote_note":"","_exactmetrics_sitenote_category":0,"footnotes":""},"yoast_head":"<!-- This site is optimized with the Yoast SEO plugin v23.4 - https:\/\/yoast.com\/wordpress\/plugins\/seo\/ -->\n<title>Pet\u0151fi 200 - forraskut.hu<\/title>\n<meta name=\"robots\" content=\"index, follow, max-snippet:-1, max-image-preview:large, max-video-preview:-1\" \/>\n<link rel=\"canonical\" href=\"https:\/\/forraskut.hu\/index.php\/petofi-200\/\" \/>\n<meta property=\"og:locale\" content=\"hu_HU\" \/>\n<meta property=\"og:type\" content=\"article\" \/>\n<meta property=\"og:title\" content=\"Pet\u0151fi 200 - forraskut.hu\" \/>\n<meta property=\"og:description\" content=\"Pet\u0151fi eml\u00e9kt\u00e1bla Forr\u00e1sk\u00faton T\u00e1mogat\u00f3: Nemzeti Kultur\u00e1lis Alap Pet\u0151fi 200 Ideiglenes Koll\u00e9gium Kedvezm\u00e9nyezett neve: Forr\u00e1sk\u00fat K\u00f6zs\u00e9g \u00d6nkorm\u00e1nyzata A Projekt neve:\u00a0 Pet\u0151fi S\u00e1ndor k\u00f6zt\u00e9ri eml\u00e9kt\u00e1bl\u00e1j\u00e1nak elk\u00e9sz\u00edt\u00e9se, \u00e1ll\u00edt\u00e1sa Forr\u00e1sk\u00faton Elnyert t\u00e1mogat\u00e1s \u00f6sszege: 1.500.000,- Ft T\u00e1mogat\u00e1s elnyer\u00e9s\u00e9nek \u00e9ve: 2023. Forr\u00e1sk\u00fat k\u00f6zs\u00e9gben az eddigiekben nem volt sem Pet\u0151fi S\u00e1ndornak, sem az 1848-49-es szabads\u00e1gharcnak eml\u00e9khelye. \u00cdgy elmondhatjuk, hogy rendk\u00edv\u00fcl nagy jelent\u0151s\u00e9g\u0171, [&hellip;]\" \/>\n<meta property=\"og:url\" content=\"https:\/\/forraskut.hu\/index.php\/petofi-200\/\" \/>\n<meta property=\"og:site_name\" content=\"forraskut.hu\" \/>\n<meta property=\"article:modified_time\" content=\"2024-08-13T14:28:29+00:00\" \/>\n<meta property=\"og:image\" content=\"https:\/\/forraskut.hu\/wp-content\/uploads\/2024\/08\/Petofi200-logo-positive-color-150x150.png\" \/>\n<meta name=\"twitter:card\" content=\"summary_large_image\" \/>\n<meta name=\"twitter:label1\" content=\"Becs\u00fclt olvas\u00e1si id\u0151\" \/>\n\t<meta name=\"twitter:data1\" content=\"2 perc\" \/>\n<script type=\"application\/ld+json\" class=\"yoast-schema-graph\">{\"@context\":\"https:\/\/schema.org\",\"@graph\":[{\"@type\":\"WebPage\",\"@id\":\"https:\/\/forraskut.hu\/index.php\/petofi-200\/\",\"url\":\"https:\/\/forraskut.hu\/index.php\/petofi-200\/\",\"name\":\"Pet\u0151fi 200 - forraskut.hu\",\"isPartOf\":{\"@id\":\"https:\/\/forraskut.hu\/#website\"},\"primaryImageOfPage\":{\"@id\":\"https:\/\/forraskut.hu\/index.php\/petofi-200\/#primaryimage\"},\"image\":{\"@id\":\"https:\/\/forraskut.hu\/index.php\/petofi-200\/#primaryimage\"},\"thumbnailUrl\":\"https:\/\/forraskut.hu\/wp-content\/uploads\/2024\/08\/Petofi200-logo-positive-color-150x150.png\",\"datePublished\":\"2024-08-13T12:19:23+00:00\",\"dateModified\":\"2024-08-13T14:28:29+00:00\",\"breadcrumb\":{\"@id\":\"https:\/\/forraskut.hu\/index.php\/petofi-200\/#breadcrumb\"},\"inLanguage\":\"hu\",\"potentialAction\":[{\"@type\":\"ReadAction\",\"target\":[\"https:\/\/forraskut.hu\/index.php\/petofi-200\/\"]}]},{\"@type\":\"ImageObject\",\"inLanguage\":\"hu\",\"@id\":\"https:\/\/forraskut.hu\/index.php\/petofi-200\/#primaryimage\",\"url\":\"https:\/\/forraskut.hu\/wp-content\/uploads\/2024\/08\/Petofi200-logo-positive-color.png\",\"contentUrl\":\"https:\/\/forraskut.hu\/wp-content\/uploads\/2024\/08\/Petofi200-logo-positive-color.png\",\"width\":4658,\"height\":3450},{\"@type\":\"BreadcrumbList\",\"@id\":\"https:\/\/forraskut.hu\/index.php\/petofi-200\/#breadcrumb\",\"itemListElement\":[{\"@type\":\"ListItem\",\"position\":1,\"name\":\"Kezd\u0151lap\",\"item\":\"https:\/\/forraskut.hu\/\"},{\"@type\":\"ListItem\",\"position\":2,\"name\":\"Pet\u0151fi 200\"}]},{\"@type\":\"WebSite\",\"@id\":\"https:\/\/forraskut.hu\/#website\",\"url\":\"https:\/\/forraskut.hu\/\",\"name\":\"forraskut.hu\",\"description\":\"Forr\u00e1sk\u00fat k\u00f6zs\u00e9g hivatalos weboldala\",\"potentialAction\":[{\"@type\":\"SearchAction\",\"target\":{\"@type\":\"EntryPoint\",\"urlTemplate\":\"https:\/\/forraskut.hu\/?s={search_term_string}\"},\"query-input\":{\"@type\":\"PropertyValueSpecification\",\"valueRequired\":true,\"valueName\":\"search_term_string\"}}],\"inLanguage\":\"hu\"}]}<\/script>\n<!-- \/ Yoast SEO plugin. -->","yoast_head_json":{"title":"Pet\u0151fi 200 - forraskut.hu","robots":{"index":"index","follow":"follow","max-snippet":"max-snippet:-1","max-image-preview":"max-image-preview:large","max-video-preview":"max-video-preview:-1"},"canonical":"https:\/\/forraskut.hu\/index.php\/petofi-200\/","og_locale":"hu_HU","og_type":"article","og_title":"Pet\u0151fi 200 - forraskut.hu","og_description":"Pet\u0151fi eml\u00e9kt\u00e1bla Forr\u00e1sk\u00faton T\u00e1mogat\u00f3: Nemzeti Kultur\u00e1lis Alap Pet\u0151fi 200 Ideiglenes Koll\u00e9gium Kedvezm\u00e9nyezett neve: Forr\u00e1sk\u00fat K\u00f6zs\u00e9g \u00d6nkorm\u00e1nyzata A Projekt neve:\u00a0 Pet\u0151fi S\u00e1ndor k\u00f6zt\u00e9ri eml\u00e9kt\u00e1bl\u00e1j\u00e1nak elk\u00e9sz\u00edt\u00e9se, \u00e1ll\u00edt\u00e1sa Forr\u00e1sk\u00faton Elnyert t\u00e1mogat\u00e1s \u00f6sszege: 1.500.000,- Ft T\u00e1mogat\u00e1s elnyer\u00e9s\u00e9nek \u00e9ve: 2023. Forr\u00e1sk\u00fat k\u00f6zs\u00e9gben az eddigiekben nem volt sem Pet\u0151fi S\u00e1ndornak, sem az 1848-49-es szabads\u00e1gharcnak eml\u00e9khelye. \u00cdgy elmondhatjuk, hogy rendk\u00edv\u00fcl nagy jelent\u0151s\u00e9g\u0171, [&hellip;]","og_url":"https:\/\/forraskut.hu\/index.php\/petofi-200\/","og_site_name":"forraskut.hu","article_modified_time":"2024-08-13T14:28:29+00:00","og_image":[{"url":"https:\/\/forraskut.hu\/wp-content\/uploads\/2024\/08\/Petofi200-logo-positive-color-150x150.png"}],"twitter_card":"summary_large_image","twitter_misc":{"Becs\u00fclt olvas\u00e1si id\u0151":"2 perc"},"schema":{"@context":"https:\/\/schema.org","@graph":[{"@type":"WebPage","@id":"https:\/\/forraskut.hu\/index.php\/petofi-200\/","url":"https:\/\/forraskut.hu\/index.php\/petofi-200\/","name":"Pet\u0151fi 200 - forraskut.hu","isPartOf":{"@id":"https:\/\/forraskut.hu\/#website"},"primaryImageOfPage":{"@id":"https:\/\/forraskut.hu\/index.php\/petofi-200\/#primaryimage"},"image":{"@id":"https:\/\/forraskut.hu\/index.php\/petofi-200\/#primaryimage"},"thumbnailUrl":"https:\/\/forraskut.hu\/wp-content\/uploads\/2024\/08\/Petofi200-logo-positive-color-150x150.png","datePublished":"2024-08-13T12:19:23+00:00","dateModified":"2024-08-13T14:28:29+00:00","breadcrumb":{"@id":"https:\/\/forraskut.hu\/index.php\/petofi-200\/#breadcrumb"},"inLanguage":"hu","potentialAction":[{"@type":"ReadAction","target":["https:\/\/forraskut.hu\/index.php\/petofi-200\/"]}]},{"@type":"ImageObject","inLanguage":"hu","@id":"https:\/\/forraskut.hu\/index.php\/petofi-200\/#primaryimage","url":"https:\/\/forraskut.hu\/wp-content\/uploads\/2024\/08\/Petofi200-logo-positive-color.png","contentUrl":"https:\/\/forraskut.hu\/wp-content\/uploads\/2024\/08\/Petofi200-logo-positive-color.png","width":4658,"height":3450},{"@type":"BreadcrumbList","@id":"https:\/\/forraskut.hu\/index.php\/petofi-200\/#breadcrumb","itemListElement":[{"@type":"ListItem","position":1,"name":"Kezd\u0151lap","item":"https:\/\/forraskut.hu\/"},{"@type":"ListItem","position":2,"name":"Pet\u0151fi 200"}]},{"@type":"WebSite","@id":"https:\/\/forraskut.hu\/#website","url":"https:\/\/forraskut.hu\/","name":"forraskut.hu","description":"Forr\u00e1sk\u00fat k\u00f6zs\u00e9g hivatalos weboldala","potentialAction":[{"@type":"SearchAction","target":{"@type":"EntryPoint","urlTemplate":"https:\/\/forraskut.hu\/?s={search_term_string}"},"query-input":{"@type":"PropertyValueSpecification","valueRequired":true,"valueName":"search_term_string"}}],"inLanguage":"hu"}]}},"_links":{"self":[{"href":"https:\/\/forraskut.hu\/index.php\/wp-json\/wp\/v2\/pages\/3218"}],"collection":[{"href":"https:\/\/forraskut.hu\/index.php\/wp-json\/wp\/v2\/pages"}],"about":[{"href":"https:\/\/forraskut.hu\/index.php\/wp-json\/wp\/v2\/types\/page"}],"author":[{"embeddable":true,"href":"https:\/\/forraskut.hu\/index.php\/wp-json\/wp\/v2\/users\/2"}],"replies":[{"embeddable":true,"href":"https:\/\/forraskut.hu\/index.php\/wp-json\/wp\/v2\/comments?post=3218"}],"version-history":[{"count":7,"href":"https:\/\/forraskut.hu\/index.php\/wp-json\/wp\/v2\/pages\/3218\/revisions"}],"predecessor-version":[{"id":3230,"href":"https:\/\/forraskut.hu\/index.php\/wp-json\/wp\/v2\/pages\/3218\/revisions\/3230"}],"wp:attachment":[{"href":"https:\/\/forraskut.hu\/index.php\/wp-json\/wp\/v2\/media?parent=3218"}],"curies":[{"name":"wp","href":"https:\/\/api.w.org\/{rel}","templated":true}]}}