{"id":308,"date":"2017-11-22T15:37:13","date_gmt":"2017-11-22T14:37:13","guid":{"rendered":"http:\/\/forraskut.hu\/?page_id=308"},"modified":"2025-12-05T10:09:31","modified_gmt":"2025-12-05T09:09:31","slug":"kituntetettek","status":"publish","type":"page","link":"https:\/\/forraskut.hu\/index.php\/kituntetettek\/","title":{"rendered":"Kit\u00fcntetettek"},"content":{"rendered":"<p class=\"last-modified\">Utolj\u00e1ra friss\u00edtve:&nbsp;  2025. december 5.<\/p><table class=\"tabla\" style=\"width: 100%; height: 1320px;\" border=\"0\" width=\"100%\" cellspacing=\"0\" cellpadding=\"0\">\n<tbody>\n<tr style=\"height: 24px;\">\n<th class=\"border_row\" style=\"width: 99.855%; height: 24px;\" colspan=\"2\" valign=\"middle\">Kit\u00fcntetettek<\/th>\n<\/tr>\n<tr style=\"height: 24px;\">\n<td class=\"border_row\" style=\"width: 7.32415%; height: 24px;\">1998.<\/td>\n<td class=\"border_row\" style=\"width: 92.5308%; height: 24px;\"><strong>Honti Dezs\u0151n\u00e9 &#8211; <\/strong>K\u00f6zs\u00e9g D\u00edszpolg\u00e1ra c\u00edm<\/td>\n<\/tr>\n<tr style=\"height: 24px;\">\n<td class=\"border_row\" style=\"width: 7.32415%; height: 24px;\">1999.<\/td>\n<td class=\"border_row\" style=\"width: 92.5308%; height: 24px;\">Nem adom\u00e1nyoztak kit\u00fcntet\u00e9seket<\/td>\n<\/tr>\n<tr style=\"height: 24px;\">\n<td class=\"border_row\" style=\"width: 7.32415%; height: 24px;\">2000.<\/td>\n<td class=\"border_row\" style=\"width: 92.5308%; height: 24px;\">Nem adom\u00e1nyoztak kit\u00fcntet\u00e9seket<\/td>\n<\/tr>\n<tr style=\"height: 24px;\">\n<td class=\"border_row\" style=\"width: 7.32415%; height: 24px;\">2001.<\/td>\n<td class=\"border_row\" style=\"width: 92.5308%; height: 24px;\">Nem adom\u00e1nyoztak kit\u00fcntet\u00e9seket<\/td>\n<\/tr>\n<tr style=\"height: 48px;\">\n<td class=\"border_row\" style=\"width: 7.32415%; height: 48px;\" valign=\"top\">2002.<\/td>\n<td class=\"border_row\" style=\"width: 92.5308%; height: 48px;\"><strong>Id. Dr. Vereczkey Csaba &#8211; <\/strong>K\u00f6zs\u00e9g D\u00edszpolg\u00e1ra c\u00edm &#8211; Posztumusz<br \/>\n<strong>Hunyadv\u00e1ri Istv\u00e1n &#8211; <\/strong>K\u00f6zs\u00e9g D\u00edszpolg\u00e1ra c\u00edm<\/td>\n<\/tr>\n<tr style=\"height: 72px;\">\n<td class=\"border_row\" style=\"width: 7.32415%; height: 72px;\" valign=\"top\">2003.<\/td>\n<td class=\"border_row\" style=\"width: 92.5308%; height: 72px;\"><strong>Dud\u00e1s Gyul\u00e1n\u00e9 &#8211; <\/strong>K\u00f6zs\u00e9g D\u00edszpolg\u00e1ra c\u00edm<br \/>\n<strong>Dr. T\u00f3th J\u00e1nos &#8211; <\/strong>K\u00f6zs\u00e9g D\u00edszpolg\u00e1ra c\u00edm &#8211; Posztumusz<br \/>\n<strong>Vass M\u00e1rk &#8211;\u00a0<\/strong>Forr\u00e1sk\u00fat K\u00f6zs\u00e9g\u00e9rt \u00c9rdem\u00e9rem<\/td>\n<\/tr>\n<tr style=\"height: 48px;\">\n<td class=\"border_row\" style=\"width: 7.32415%; height: 48px;\" valign=\"top\">2004.<\/td>\n<td class=\"border_row\" style=\"width: 92.5308%; height: 48px;\"><strong>S\u00e1ndor Tibor &#8211; <\/strong>K\u00f6zs\u00e9g D\u00edszpolg\u00e1ra c\u00edm<br \/>\n<strong>L\u00e9vai S\u00e1ndor &#8211;\u00a0<\/strong>Forr\u00e1sk\u00fat K\u00f6zs\u00e9g\u00e9rt \u00c9rdem\u00e9rem<\/td>\n<\/tr>\n<tr style=\"height: 24px;\">\n<td class=\"border_row\" style=\"width: 7.32415%; height: 24px;\">2005.<\/td>\n<td class=\"border_row\" style=\"width: 92.5308%; height: 24px;\"><strong>P\u00e9ter Szab\u00f3 Szilvia &#8211; <\/strong>K\u00f6zs\u00e9g D\u00edszpolg\u00e1ra c\u00edm<\/td>\n<\/tr>\n<tr style=\"height: 72px;\">\n<td class=\"border_row\" style=\"width: 7.32415%; height: 72px;\" valign=\"top\">2006.<\/td>\n<td class=\"border_row\" style=\"width: 92.5308%; height: 72px;\"><strong>So\u00f3s J\u00e1nos &#8211; <\/strong>K\u00f6zs\u00e9g D\u00edszpolg\u00e1ra c\u00edm<br \/>\n<strong>Szemer\u00e9di Imr\u00e9n\u00e9 &#8211; <\/strong>K\u00f6zs\u00e9g D\u00edszpolg\u00e1ra c\u00edm &#8211; Posztumusz<br \/>\n<strong>R\u00fazsa Viktor &#8211;\u00a0<\/strong>Forr\u00e1sk\u00fat K\u00f6zs\u00e9g\u00e9rt \u00c9rdem\u00e9rem<\/td>\n<\/tr>\n<tr style=\"height: 24px;\">\n<td class=\"border_row\" style=\"width: 7.32415%; height: 24px;\">2007.<\/td>\n<td class=\"border_row\" style=\"width: 92.5308%; height: 24px;\">Nem adom\u00e1nyoztak kit\u00fcntet\u00e9seket<\/td>\n<\/tr>\n<tr style=\"height: 24px;\">\n<td class=\"border_row\" style=\"width: 7.32415%; height: 24px;\">2008.<\/td>\n<td class=\"border_row\" style=\"width: 92.5308%; height: 24px;\"><strong>K\u00e1lm\u00e1n D\u00e1nieln\u00e9 &#8211; <\/strong>K\u00f6zs\u00e9g D\u00edszpolg\u00e1ra c\u00edm<\/td>\n<\/tr>\n<tr style=\"height: 24px;\">\n<td class=\"border_row\" style=\"width: 7.32415%; height: 24px;\">2009.<\/td>\n<td class=\"border_row\" style=\"width: 92.5308%; height: 24px;\">Nem adom\u00e1nyoztak kit\u00fcntet\u00e9seket<\/td>\n<\/tr>\n<tr style=\"height: 24px;\">\n<td class=\"border_row\" style=\"width: 7.32415%; height: 24px;\">2010.<\/td>\n<td class=\"border_row\" style=\"width: 92.5308%; height: 24px;\"><strong>Sz\u00f6gi J\u00e1nos<\/strong> &#8211; K\u00f6zs\u00e9g D\u00edszpolg\u00e1ra c\u00edm<\/td>\n<\/tr>\n<tr style=\"height: 48px;\">\n<td class=\"border_row\" style=\"width: 7.32415%; height: 48px;\">2011.<\/td>\n<td class=\"border_row\" style=\"width: 92.5308%; height: 48px;\"><strong>L\u00e9vai S\u00e1ndor<\/strong> &#8211; K\u00f6zs\u00e9g D\u00edszpolg\u00e1ra c\u00edm<br \/>\n<strong>Gyuris Imr\u00e9n\u00e9<\/strong> &#8211; Forr\u00e1sk\u00fat K\u00f6zs\u00e9g\u00e9rt \u00c9rdem\u00e9rem<\/td>\n<\/tr>\n<tr style=\"height: 48px;\">\n<td class=\"border_row\" style=\"width: 7.32415%; height: 48px;\">2012.<\/td>\n<td class=\"border_row\" style=\"width: 92.5308%; height: 48px;\"><strong>Id. Ruzsa Andr\u00e1sn\u00e9 Sis\u00e1k Roz\u00e1lia <\/strong>&#8211; Forr\u00e1sk\u00fat\u00e9rt \u00c9rdem\u00e9rem<br \/>\n<strong>Szekeres Zsolt <\/strong>&#8211; Forr\u00e1sk\u00fat K\u00f6zs\u00e9g\u00e9rt \u00c9rdem\u00e9rem<\/td>\n<\/tr>\n<tr style=\"height: 24px;\">\n<td class=\"border_row\" style=\"width: 7.32415%; height: 24px;\">2013.<\/td>\n<td class=\"border_row\" style=\"width: 92.5308%; height: 24px;\"><strong>Stalter J\u00f3zsefn\u00e9<\/strong> &#8211; Forr\u00e1sk\u00fat K\u00f6zs\u00e9g\u00e9rt \u00c9rdem\u00e9rem<\/td>\n<\/tr>\n<tr style=\"height: 24px;\">\n<td class=\"border_row\" style=\"width: 7.32415%; height: 24px;\">2014.<\/td>\n<td class=\"border_row\" style=\"width: 92.5308%; height: 24px;\"><strong>\u0150szir\u00f3zsa N\u00e9pdalk\u00f6r<\/strong> &#8211; Forr\u00e1sk\u00fat K\u00f6zs\u00e9g\u00e9rt \u00c9rdem\u00e9rem<\/td>\n<\/tr>\n<tr style=\"height: 48px;\">\n<td class=\"border_row\" style=\"width: 7.32415%; height: 48px;\">2015.<\/td>\n<td class=\"border_row\" style=\"width: 92.5308%; height: 48px;\"><strong>B\u00e1lint Ferencn\u00e9 <\/strong>&#8211; Forr\u00e1sk\u00fat K\u00f6zs\u00e9g\u00e9rt \u00c9rdem\u00e9rem<br \/>\n<strong>Dud\u00e1s Kl\u00e1ra <\/strong>&#8211; Forr\u00e1sk\u00fat K\u00f6zs\u00e9g\u00e9rt \u00c9rdem\u00e9rem<\/td>\n<\/tr>\n<tr style=\"height: 24px;\">\n<td class=\"border_row\" style=\"width: 7.32415%; height: 24px;\">2016.<\/td>\n<td class=\"border_row\" style=\"width: 92.5308%; height: 24px;\"><strong>God\u00e1n\u00e9 \u00c1d\u00e1m M\u00e1ria<\/strong> &#8211; Forr\u00e1sk\u00fat K\u00f6zs\u00e9g\u00e9rt \u00c9rdem\u00e9rem<\/td>\n<\/tr>\n<tr style=\"height: 96px;\">\n<td class=\"border_row\" style=\"width: 7.32415%; height: 96px;\">\u00a02017.<\/td>\n<td class=\"border_row\" style=\"width: 92.5308%; height: 96px;\">\u00a0<strong>V\u00e9kony D\u00e1vidn\u00e9<\/strong> &#8211; Forr\u00e1sk\u00fat K\u00f6zs\u00e9g\u00e9rt \u00c9rdem\u00e9rem<\/p>\n<p><strong>Dud\u00e1s J\u00f3zsef<\/strong> &#8211; Forr\u00e1sk\u00fat K\u00f6zs\u00e9g\u00e9rt \u00c9rdem\u00e9rem<\/td>\n<\/tr>\n<tr style=\"height: 96px;\">\n<td class=\"border_row\" style=\"width: 7.32415%; height: 96px;\">2018.<\/td>\n<td class=\"border_row\" style=\"width: 92.5308%; height: 96px;\"><strong>Tapodi Lajos Istv\u00e1n<\/strong> &#8211; K\u00f6zs\u00e9g D\u00edszpolg\u00e1ra c\u00edm<\/p>\n<p><strong>Forr\u00e1sk\u00fati \u00d6nk\u00e9ntes T\u0171zolt\u00f3 Egyes\u00fclet<\/strong> &#8211; Forr\u00e1sk\u00fat K\u00f6zs\u00e9g\u00e9rt \u00c9rdem\u00e9rem<\/td>\n<\/tr>\n<tr style=\"height: 24px;\">\n<td class=\"border_row\" style=\"width: 7.32415%; height: 24px;\">2019.<\/td>\n<td class=\"border_row\" style=\"width: 92.5308%; height: 24px;\"><strong>P\u00e1lnik Zolt\u00e1nn\u00e9<\/strong> &#8211;\u00a0 Forr\u00e1sk\u00fat K\u00f6zs\u00e9g\u00e9rt \u00c9rdem\u00e9rem<\/td>\n<\/tr>\n<tr style=\"height: 96px;\">\n<td class=\"border_row\" style=\"width: 7.32415%; height: 96px;\">2020.<\/td>\n<td class=\"border_row\" style=\"width: 92.5308%; height: 96px;\"><strong>K\u00e1lm\u00e1n Venceln\u00e9<\/strong> &#8211;\u00a0 Forr\u00e1sk\u00fat K\u00f6zs\u00e9g\u00e9rt \u00c9rdem\u00e9rem &#8211; Posztumusz<\/p>\n<p><strong>Gyuris \u00c1rp\u00e1dn\u00e9<\/strong> &#8211;\u00a0 Forr\u00e1sk\u00fat K\u00f6zs\u00e9g\u00e9rt \u00c9rdem\u00e9rem<\/td>\n<\/tr>\n<tr style=\"height: 24px;\">\n<td class=\"border_row\" style=\"width: 7.32415%; height: 24px;\">2021.<\/td>\n<td class=\"border_row\" style=\"width: 92.5308%; height: 24px;\"><strong>Gyuris Katalin<\/strong> &#8211; K\u00f6zs\u00e9g D\u00edszpolg\u00e1ra c\u00edm<\/td>\n<\/tr>\n<tr style=\"height: 96px;\">\n<td class=\"border_row\" style=\"width: 7.32415%; height: 96px;\">2022.<\/td>\n<td class=\"border_row\" style=\"width: 92.5308%; height: 96px;\"><strong>\u00c1d\u00e1m Martin<\/strong> &#8211; Forr\u00e1sk\u00fat K\u00f6zs\u00e9g D\u00edszpolg\u00e1ra c\u00edm<\/p>\n<p><strong>Forg\u00f3 J\u00e1nosn\u00e9<\/strong> &#8211; Forr\u00e1sk\u00fat K\u00f6zs\u00e9g\u00e9rt \u00c9rdem\u00e9rem<\/td>\n<\/tr>\n<tr style=\"height: 96px;\">\n<td class=\"border_row\" style=\"width: 7.32415%; height: 96px;\">2023.<\/td>\n<td class=\"border_row\" style=\"width: 92.5308%; height: 96px;\"><strong>Gyurisn\u00e9 K\u00e1lm\u00e1n Jol\u00e1n<\/strong> &#8211; Forr\u00e1sk\u00fat K\u00f6zs\u00e9g\u00e9rt \u00c9rdem\u00e9rem<\/p>\n<p><strong>Husz\u00e1r Antal<\/strong> &#8211; K\u00f6z szolg\u00e1lat\u00e1\u00e9rt kit\u00fcntet\u00e9s<\/td>\n<\/tr>\n<tr style=\"height: 24px;\">\n<td class=\"border_row\" style=\"width: 7.32415%; height: 24px;\">2024.<\/td>\n<td class=\"border_row\" style=\"width: 92.5308%; height: 24px;\"><strong>Ocsk\u00f3 G\u00e9za<\/strong> &#8211; K\u00f6zs\u00e9g D\u00edszpolg\u00e1ra c\u00edm<\/td>\n<\/tr>\n<tr style=\"height: 24px;\">\n<td class=\"border_row\" style=\"width: 7.32415%; height: 24px;\">2025.<\/td>\n<td class=\"border_row\" style=\"width: 92.5308%; height: 24px;\">Nem adom\u00e1nyoztak kit\u00fcntet\u00e9seket<\/td>\n<\/tr>\n<tr style=\"height: 24px;\">\n<td class=\"border_row\" style=\"width: 7.32415%; height: 24px;\"><\/td>\n<td class=\"border_row\" style=\"width: 92.5308%; height: 24px;\"><\/td>\n<\/tr>\n<tr style=\"height: 24px;\">\n<td class=\"border_row\" style=\"width: 7.32415%; height: 24px;\"><\/td>\n<td class=\"border_row\" style=\"width: 92.5308%; height: 24px;\"><\/td>\n<\/tr>\n<\/tbody>\n<\/table>\n","protected":false},"excerpt":{"rendered":"<p>Utolj\u00e1ra friss\u00edtve:&nbsp; 2025. december 5. Kit\u00fcntetettek 1998. Honti Dezs\u0151n\u00e9 &#8211; K\u00f6zs\u00e9g D\u00edszpolg\u00e1ra c\u00edm 1999. Nem adom\u00e1nyoztak kit\u00fcntet\u00e9seket 2000. Nem adom\u00e1nyoztak kit\u00fcntet\u00e9seket 2001. Nem adom\u00e1nyoztak kit\u00fcntet\u00e9seket 2002. Id. Dr. Vereczkey Csaba &#8211; K\u00f6zs\u00e9g D\u00edszpolg\u00e1ra c\u00edm &#8211; Posztumusz Hunyadv\u00e1ri Istv\u00e1n &#8211; K\u00f6zs\u00e9g D\u00edszpolg\u00e1ra c\u00edm 2003. Dud\u00e1s Gyul\u00e1n\u00e9 &#8211; K\u00f6zs\u00e9g D\u00edszpolg\u00e1ra c\u00edm Dr. T\u00f3th J\u00e1nos &#8211; K\u00f6zs\u00e9g D\u00edszpolg\u00e1ra [&hellip;]<\/p>\n","protected":false},"author":2,"featured_media":0,"parent":0,"menu_order":0,"comment_status":"closed","ping_status":"closed","template":"","meta":{"_exactmetrics_skip_tracking":false,"_exactmetrics_sitenote_active":false,"_exactmetrics_sitenote_note":"","_exactmetrics_sitenote_category":0,"footnotes":""},"yoast_head":"<!-- This site is optimized with the Yoast SEO plugin v23.4 - https:\/\/yoast.com\/wordpress\/plugins\/seo\/ -->\n<title>Kit\u00fcntetettek - forraskut.hu<\/title>\n<meta name=\"robots\" content=\"index, follow, max-snippet:-1, max-image-preview:large, max-video-preview:-1\" \/>\n<link rel=\"canonical\" href=\"https:\/\/forraskut.hu\/index.php\/kituntetettek\/\" \/>\n<meta property=\"og:locale\" content=\"hu_HU\" \/>\n<meta property=\"og:type\" content=\"article\" \/>\n<meta property=\"og:title\" content=\"Kit\u00fcntetettek - forraskut.hu\" \/>\n<meta property=\"og:description\" content=\"Utolj\u00e1ra friss\u00edtve:&nbsp; 2025. december 5. Kit\u00fcntetettek 1998. Honti Dezs\u0151n\u00e9 &#8211; K\u00f6zs\u00e9g D\u00edszpolg\u00e1ra c\u00edm 1999. Nem adom\u00e1nyoztak kit\u00fcntet\u00e9seket 2000. Nem adom\u00e1nyoztak kit\u00fcntet\u00e9seket 2001. Nem adom\u00e1nyoztak kit\u00fcntet\u00e9seket 2002. Id. Dr. Vereczkey Csaba &#8211; K\u00f6zs\u00e9g D\u00edszpolg\u00e1ra c\u00edm &#8211; Posztumusz Hunyadv\u00e1ri Istv\u00e1n &#8211; K\u00f6zs\u00e9g D\u00edszpolg\u00e1ra c\u00edm 2003. Dud\u00e1s Gyul\u00e1n\u00e9 &#8211; K\u00f6zs\u00e9g D\u00edszpolg\u00e1ra c\u00edm Dr. T\u00f3th J\u00e1nos &#8211; K\u00f6zs\u00e9g D\u00edszpolg\u00e1ra [&hellip;]\" \/>\n<meta property=\"og:url\" content=\"https:\/\/forraskut.hu\/index.php\/kituntetettek\/\" \/>\n<meta property=\"og:site_name\" content=\"forraskut.hu\" \/>\n<meta property=\"article:modified_time\" content=\"2025-12-05T09:09:31+00:00\" \/>\n<meta name=\"twitter:card\" content=\"summary_large_image\" \/>\n<meta name=\"twitter:label1\" content=\"Becs\u00fclt olvas\u00e1si id\u0151\" \/>\n\t<meta name=\"twitter:data1\" content=\"2 perc\" \/>\n<script type=\"application\/ld+json\" class=\"yoast-schema-graph\">{\"@context\":\"https:\/\/schema.org\",\"@graph\":[{\"@type\":\"WebPage\",\"@id\":\"https:\/\/forraskut.hu\/index.php\/kituntetettek\/\",\"url\":\"https:\/\/forraskut.hu\/index.php\/kituntetettek\/\",\"name\":\"Kit\u00fcntetettek - forraskut.hu\",\"isPartOf\":{\"@id\":\"https:\/\/forraskut.hu\/#website\"},\"datePublished\":\"2017-11-22T14:37:13+00:00\",\"dateModified\":\"2025-12-05T09:09:31+00:00\",\"breadcrumb\":{\"@id\":\"https:\/\/forraskut.hu\/index.php\/kituntetettek\/#breadcrumb\"},\"inLanguage\":\"hu\",\"potentialAction\":[{\"@type\":\"ReadAction\",\"target\":[\"https:\/\/forraskut.hu\/index.php\/kituntetettek\/\"]}]},{\"@type\":\"BreadcrumbList\",\"@id\":\"https:\/\/forraskut.hu\/index.php\/kituntetettek\/#breadcrumb\",\"itemListElement\":[{\"@type\":\"ListItem\",\"position\":1,\"name\":\"Kezd\u0151lap\",\"item\":\"https:\/\/forraskut.hu\/\"},{\"@type\":\"ListItem\",\"position\":2,\"name\":\"Kit\u00fcntetettek\"}]},{\"@type\":\"WebSite\",\"@id\":\"https:\/\/forraskut.hu\/#website\",\"url\":\"https:\/\/forraskut.hu\/\",\"name\":\"forraskut.hu\",\"description\":\"Forr\u00e1sk\u00fat k\u00f6zs\u00e9g hivatalos weboldala\",\"potentialAction\":[{\"@type\":\"SearchAction\",\"target\":{\"@type\":\"EntryPoint\",\"urlTemplate\":\"https:\/\/forraskut.hu\/?s={search_term_string}\"},\"query-input\":{\"@type\":\"PropertyValueSpecification\",\"valueRequired\":true,\"valueName\":\"search_term_string\"}}],\"inLanguage\":\"hu\"}]}<\/script>\n<!-- \/ Yoast SEO plugin. -->","yoast_head_json":{"title":"Kit\u00fcntetettek - forraskut.hu","robots":{"index":"index","follow":"follow","max-snippet":"max-snippet:-1","max-image-preview":"max-image-preview:large","max-video-preview":"max-video-preview:-1"},"canonical":"https:\/\/forraskut.hu\/index.php\/kituntetettek\/","og_locale":"hu_HU","og_type":"article","og_title":"Kit\u00fcntetettek - forraskut.hu","og_description":"Utolj\u00e1ra friss\u00edtve:&nbsp; 2025. december 5. Kit\u00fcntetettek 1998. Honti Dezs\u0151n\u00e9 &#8211; K\u00f6zs\u00e9g D\u00edszpolg\u00e1ra c\u00edm 1999. Nem adom\u00e1nyoztak kit\u00fcntet\u00e9seket 2000. Nem adom\u00e1nyoztak kit\u00fcntet\u00e9seket 2001. Nem adom\u00e1nyoztak kit\u00fcntet\u00e9seket 2002. Id. Dr. Vereczkey Csaba &#8211; K\u00f6zs\u00e9g D\u00edszpolg\u00e1ra c\u00edm &#8211; Posztumusz Hunyadv\u00e1ri Istv\u00e1n &#8211; K\u00f6zs\u00e9g D\u00edszpolg\u00e1ra c\u00edm 2003. Dud\u00e1s Gyul\u00e1n\u00e9 &#8211; K\u00f6zs\u00e9g D\u00edszpolg\u00e1ra c\u00edm Dr. T\u00f3th J\u00e1nos &#8211; K\u00f6zs\u00e9g D\u00edszpolg\u00e1ra [&hellip;]","og_url":"https:\/\/forraskut.hu\/index.php\/kituntetettek\/","og_site_name":"forraskut.hu","article_modified_time":"2025-12-05T09:09:31+00:00","twitter_card":"summary_large_image","twitter_misc":{"Becs\u00fclt olvas\u00e1si id\u0151":"2 perc"},"schema":{"@context":"https:\/\/schema.org","@graph":[{"@type":"WebPage","@id":"https:\/\/forraskut.hu\/index.php\/kituntetettek\/","url":"https:\/\/forraskut.hu\/index.php\/kituntetettek\/","name":"Kit\u00fcntetettek - forraskut.hu","isPartOf":{"@id":"https:\/\/forraskut.hu\/#website"},"datePublished":"2017-11-22T14:37:13+00:00","dateModified":"2025-12-05T09:09:31+00:00","breadcrumb":{"@id":"https:\/\/forraskut.hu\/index.php\/kituntetettek\/#breadcrumb"},"inLanguage":"hu","potentialAction":[{"@type":"ReadAction","target":["https:\/\/forraskut.hu\/index.php\/kituntetettek\/"]}]},{"@type":"BreadcrumbList","@id":"https:\/\/forraskut.hu\/index.php\/kituntetettek\/#breadcrumb","itemListElement":[{"@type":"ListItem","position":1,"name":"Kezd\u0151lap","item":"https:\/\/forraskut.hu\/"},{"@type":"ListItem","position":2,"name":"Kit\u00fcntetettek"}]},{"@type":"WebSite","@id":"https:\/\/forraskut.hu\/#website","url":"https:\/\/forraskut.hu\/","name":"forraskut.hu","description":"Forr\u00e1sk\u00fat k\u00f6zs\u00e9g hivatalos weboldala","potentialAction":[{"@type":"SearchAction","target":{"@type":"EntryPoint","urlTemplate":"https:\/\/forraskut.hu\/?s={search_term_string}"},"query-input":{"@type":"PropertyValueSpecification","valueRequired":true,"valueName":"search_term_string"}}],"inLanguage":"hu"}]}},"_links":{"self":[{"href":"https:\/\/forraskut.hu\/index.php\/wp-json\/wp\/v2\/pages\/308"}],"collection":[{"href":"https:\/\/forraskut.hu\/index.php\/wp-json\/wp\/v2\/pages"}],"about":[{"href":"https:\/\/forraskut.hu\/index.php\/wp-json\/wp\/v2\/types\/page"}],"author":[{"embeddable":true,"href":"https:\/\/forraskut.hu\/index.php\/wp-json\/wp\/v2\/users\/2"}],"replies":[{"embeddable":true,"href":"https:\/\/forraskut.hu\/index.php\/wp-json\/wp\/v2\/comments?post=308"}],"version-history":[{"count":11,"href":"https:\/\/forraskut.hu\/index.php\/wp-json\/wp\/v2\/pages\/308\/revisions"}],"predecessor-version":[{"id":3758,"href":"https:\/\/forraskut.hu\/index.php\/wp-json\/wp\/v2\/pages\/308\/revisions\/3758"}],"wp:attachment":[{"href":"https:\/\/forraskut.hu\/index.php\/wp-json\/wp\/v2\/media?parent=308"}],"curies":[{"name":"wp","href":"https:\/\/api.w.org\/{rel}","templated":true}]}}