{"id":305,"date":"2017-11-22T15:34:27","date_gmt":"2017-11-22T14:34:27","guid":{"rendered":"http:\/\/forraskut.hu\/?page_id=305"},"modified":"2019-02-08T11:24:57","modified_gmt":"2019-02-08T10:24:57","slug":"ervenyes-adoszamlak","status":"publish","type":"page","link":"https:\/\/forraskut.hu\/index.php\/ervenyes-adoszamlak\/","title":{"rendered":"\u00c9rv\u00e9nyes ad\u00f3sz\u00e1ml\u00e1k"},"content":{"rendered":"<p class=\"last-modified\">Utolj\u00e1ra friss\u00edtve:&nbsp;  2019. febru\u00e1r 8.<\/p><p><strong>Sz\u00e1mlavezet\u0151 p\u00e9nzint\u00e9zet neve:<\/strong> 3A Takar\u00e9ksz\u00f6vetkezet<\/p>\n<p><strong>C\u00edme: <\/strong>6793 Forr\u00e1sk\u00fat, \u00daj utca 1.<\/p>\n<p style=\"text-align: justify;\"><strong>Elektronikus \u00e1tutal\u00e1s eset\u00e9n k\u00e9rj\u00fck felt\u00fcntetni a megjegyz\u00e9s rovatba a szem\u00e9lyes adatokat (n\u00e9v, lakc\u00edm) \u00e9s a mutat\u00f3sz\u00e1mot*! Utal\u00e1sn\u00e1l k\u00e9rj\u00fck figyeljen az ad\u00f3nemenk\u00e9nti kiegyenl\u00edt\u00e9sre, T\u00d6BBF\u00c9LE AD\u00d3NEM \u00c9S SZEM\u00c9LY NEM VONHAT\u00d3 \u00d6SSZE! Ezen adatok valamelyik\u00e9nek hi\u00e1ny\u00e1ban k\u00e9rj\u00fck NE elektronikusan teljes\u00edtse a befizet\u00e9si k\u00f6telezetts\u00e9g\u00e9t, hanem \u00fcgyf\u00e9lfogad\u00e1si id\u0151ben f\u00e1radjon be a Forr\u00e1sk\u00fati Polg\u00e1rmesteri Hivatalba <\/strong>(Forr\u00e1sk\u00fat, F\u0151 u. 74.) <strong>\u00e9s k\u00e9rjen s\u00e1rga csekket az ad\u00f3irod\u00e1b\u00f3l, vagy szem\u00e9lyesen egyenl\u00edtse ki sz\u00e1ml\u00e1j\u00e1t a 3A Takar\u00e9ksz\u00f6vetkezetn\u00e9l!<\/strong><\/p>\n<table class=\"tabla\" border=\"0\" width=\"100%\" cellspacing=\"0\" cellpadding=\"0\">\n<tbody>\n<tr>\n<th class=\"border_row\">Sz\u00e1mla megnevez\u00e9se<\/th>\n<th class=\"border_row\">Sz\u00e1mla sz\u00e1m<\/th>\n<\/tr>\n<tr>\n<td class=\"border_row\">Mag\u00e1nszem\u00e9lyek kommun\u00e1lis ad\u00f3ja beszed\u00e9si sz\u00e1mla<\/td>\n<td class=\"border_row\">57600039-11059479<\/td>\n<\/tr>\n<tr>\n<td class=\"border_row\">Ipar\u0171z\u00e9si ad\u00f3 beszed\u00e9si sz\u00e1mla<\/td>\n<td class=\"border_row\">57600039-11059486<\/td>\n<\/tr>\n<tr>\n<td class=\"border_row\">K\u00e9sedelmi p\u00f3tl\u00e9k beszed\u00e9si sz\u00e1mla<\/td>\n<td class=\"border_row\">57600039-11059565<\/td>\n<\/tr>\n<tr>\n<td class=\"border_row\">G\u00e9pj\u00e1rm\u0171ad\u00f3 beszed\u00e9si sz\u00e1mla<\/td>\n<td class=\"border_row\">57600039-11059558<\/td>\n<\/tr>\n<tr>\n<td class=\"border_row\">Illet\u00e9k beszed\u00e9si sz\u00e1mla<\/td>\n<td class=\"border_row\">57600039-11076072<\/td>\n<\/tr>\n<tr>\n<td class=\"border_row\">Telekad\u00f3 beszed\u00e9si sz\u00e1mla<\/td>\n<td class=\"border_row\">57600039-11095639<\/td>\n<\/tr>\n<\/tbody>\n<\/table>\n<p><strong>* A mutat\u00f3sz\u00e1m\u00e1t a Polg\u00e1rmesteri Hivatal ad\u00f3 oszt\u00e1lya \u00e1ltal kik\u00fcld\u00f6tt hat\u00e1rozaton, avagy az<\/strong>( \u0151sszel, tavasszal kik\u00fcld\u00f6tt)<strong> egyenleg\u00e9rtes\u00edt\u0151n tal\u00e1lhatja meg!<\/strong><\/p>\n","protected":false},"excerpt":{"rendered":"<p>Utolj\u00e1ra friss\u00edtve:&nbsp; 2019. febru\u00e1r 8.Sz\u00e1mlavezet\u0151 p\u00e9nzint\u00e9zet neve: 3A Takar\u00e9ksz\u00f6vetkezet C\u00edme: 6793 Forr\u00e1sk\u00fat, \u00daj utca 1. Elektronikus \u00e1tutal\u00e1s eset\u00e9n k\u00e9rj\u00fck felt\u00fcntetni a megjegyz\u00e9s rovatba a szem\u00e9lyes adatokat (n\u00e9v, lakc\u00edm) \u00e9s a mutat\u00f3sz\u00e1mot*! Utal\u00e1sn\u00e1l k\u00e9rj\u00fck figyeljen az ad\u00f3nemenk\u00e9nti kiegyenl\u00edt\u00e9sre, T\u00d6BBF\u00c9LE AD\u00d3NEM \u00c9S SZEM\u00c9LY NEM VONHAT\u00d3 \u00d6SSZE! Ezen adatok valamelyik\u00e9nek hi\u00e1ny\u00e1ban k\u00e9rj\u00fck NE elektronikusan teljes\u00edtse a befizet\u00e9si k\u00f6telezetts\u00e9g\u00e9t, [&hellip;]<\/p>\n","protected":false},"author":2,"featured_media":0,"parent":0,"menu_order":0,"comment_status":"closed","ping_status":"closed","template":"","meta":{"_exactmetrics_skip_tracking":false,"_exactmetrics_sitenote_active":false,"_exactmetrics_sitenote_note":"","_exactmetrics_sitenote_category":0,"footnotes":""},"yoast_head":"<!-- This site is optimized with the Yoast SEO plugin v23.4 - https:\/\/yoast.com\/wordpress\/plugins\/seo\/ -->\n<title>\u00c9rv\u00e9nyes ad\u00f3sz\u00e1ml\u00e1k - forraskut.hu<\/title>\n<meta name=\"robots\" content=\"index, follow, max-snippet:-1, max-image-preview:large, max-video-preview:-1\" \/>\n<link rel=\"canonical\" href=\"https:\/\/forraskut.hu\/index.php\/ervenyes-adoszamlak\/\" \/>\n<meta property=\"og:locale\" content=\"hu_HU\" \/>\n<meta property=\"og:type\" content=\"article\" \/>\n<meta property=\"og:title\" content=\"\u00c9rv\u00e9nyes ad\u00f3sz\u00e1ml\u00e1k - forraskut.hu\" \/>\n<meta property=\"og:description\" content=\"Utolj\u00e1ra friss\u00edtve:&nbsp; 2019. febru\u00e1r 8.Sz\u00e1mlavezet\u0151 p\u00e9nzint\u00e9zet neve: 3A Takar\u00e9ksz\u00f6vetkezet C\u00edme: 6793 Forr\u00e1sk\u00fat, \u00daj utca 1. Elektronikus \u00e1tutal\u00e1s eset\u00e9n k\u00e9rj\u00fck felt\u00fcntetni a megjegyz\u00e9s rovatba a szem\u00e9lyes adatokat (n\u00e9v, lakc\u00edm) \u00e9s a mutat\u00f3sz\u00e1mot*! Utal\u00e1sn\u00e1l k\u00e9rj\u00fck figyeljen az ad\u00f3nemenk\u00e9nti kiegyenl\u00edt\u00e9sre, T\u00d6BBF\u00c9LE AD\u00d3NEM \u00c9S SZEM\u00c9LY NEM VONHAT\u00d3 \u00d6SSZE! Ezen adatok valamelyik\u00e9nek hi\u00e1ny\u00e1ban k\u00e9rj\u00fck NE elektronikusan teljes\u00edtse a befizet\u00e9si k\u00f6telezetts\u00e9g\u00e9t, [&hellip;]\" \/>\n<meta property=\"og:url\" content=\"https:\/\/forraskut.hu\/index.php\/ervenyes-adoszamlak\/\" \/>\n<meta property=\"og:site_name\" content=\"forraskut.hu\" \/>\n<meta property=\"article:modified_time\" content=\"2019-02-08T10:24:57+00:00\" \/>\n<meta name=\"twitter:card\" content=\"summary_large_image\" \/>\n<meta name=\"twitter:label1\" content=\"Becs\u00fclt olvas\u00e1si id\u0151\" \/>\n\t<meta name=\"twitter:data1\" content=\"1 perc\" \/>\n<script type=\"application\/ld+json\" class=\"yoast-schema-graph\">{\"@context\":\"https:\/\/schema.org\",\"@graph\":[{\"@type\":\"WebPage\",\"@id\":\"https:\/\/forraskut.hu\/index.php\/ervenyes-adoszamlak\/\",\"url\":\"https:\/\/forraskut.hu\/index.php\/ervenyes-adoszamlak\/\",\"name\":\"\u00c9rv\u00e9nyes ad\u00f3sz\u00e1ml\u00e1k - forraskut.hu\",\"isPartOf\":{\"@id\":\"https:\/\/forraskut.hu\/#website\"},\"datePublished\":\"2017-11-22T14:34:27+00:00\",\"dateModified\":\"2019-02-08T10:24:57+00:00\",\"breadcrumb\":{\"@id\":\"https:\/\/forraskut.hu\/index.php\/ervenyes-adoszamlak\/#breadcrumb\"},\"inLanguage\":\"hu\",\"potentialAction\":[{\"@type\":\"ReadAction\",\"target\":[\"https:\/\/forraskut.hu\/index.php\/ervenyes-adoszamlak\/\"]}]},{\"@type\":\"BreadcrumbList\",\"@id\":\"https:\/\/forraskut.hu\/index.php\/ervenyes-adoszamlak\/#breadcrumb\",\"itemListElement\":[{\"@type\":\"ListItem\",\"position\":1,\"name\":\"Kezd\u0151lap\",\"item\":\"https:\/\/forraskut.hu\/\"},{\"@type\":\"ListItem\",\"position\":2,\"name\":\"\u00c9rv\u00e9nyes ad\u00f3sz\u00e1ml\u00e1k\"}]},{\"@type\":\"WebSite\",\"@id\":\"https:\/\/forraskut.hu\/#website\",\"url\":\"https:\/\/forraskut.hu\/\",\"name\":\"forraskut.hu\",\"description\":\"Forr\u00e1sk\u00fat k\u00f6zs\u00e9g hivatalos weboldala\",\"potentialAction\":[{\"@type\":\"SearchAction\",\"target\":{\"@type\":\"EntryPoint\",\"urlTemplate\":\"https:\/\/forraskut.hu\/?s={search_term_string}\"},\"query-input\":{\"@type\":\"PropertyValueSpecification\",\"valueRequired\":true,\"valueName\":\"search_term_string\"}}],\"inLanguage\":\"hu\"}]}<\/script>\n<!-- \/ Yoast SEO plugin. -->","yoast_head_json":{"title":"\u00c9rv\u00e9nyes ad\u00f3sz\u00e1ml\u00e1k - forraskut.hu","robots":{"index":"index","follow":"follow","max-snippet":"max-snippet:-1","max-image-preview":"max-image-preview:large","max-video-preview":"max-video-preview:-1"},"canonical":"https:\/\/forraskut.hu\/index.php\/ervenyes-adoszamlak\/","og_locale":"hu_HU","og_type":"article","og_title":"\u00c9rv\u00e9nyes ad\u00f3sz\u00e1ml\u00e1k - forraskut.hu","og_description":"Utolj\u00e1ra friss\u00edtve:&nbsp; 2019. febru\u00e1r 8.Sz\u00e1mlavezet\u0151 p\u00e9nzint\u00e9zet neve: 3A Takar\u00e9ksz\u00f6vetkezet C\u00edme: 6793 Forr\u00e1sk\u00fat, \u00daj utca 1. Elektronikus \u00e1tutal\u00e1s eset\u00e9n k\u00e9rj\u00fck felt\u00fcntetni a megjegyz\u00e9s rovatba a szem\u00e9lyes adatokat (n\u00e9v, lakc\u00edm) \u00e9s a mutat\u00f3sz\u00e1mot*! Utal\u00e1sn\u00e1l k\u00e9rj\u00fck figyeljen az ad\u00f3nemenk\u00e9nti kiegyenl\u00edt\u00e9sre, T\u00d6BBF\u00c9LE AD\u00d3NEM \u00c9S SZEM\u00c9LY NEM VONHAT\u00d3 \u00d6SSZE! Ezen adatok valamelyik\u00e9nek hi\u00e1ny\u00e1ban k\u00e9rj\u00fck NE elektronikusan teljes\u00edtse a befizet\u00e9si k\u00f6telezetts\u00e9g\u00e9t, [&hellip;]","og_url":"https:\/\/forraskut.hu\/index.php\/ervenyes-adoszamlak\/","og_site_name":"forraskut.hu","article_modified_time":"2019-02-08T10:24:57+00:00","twitter_card":"summary_large_image","twitter_misc":{"Becs\u00fclt olvas\u00e1si id\u0151":"1 perc"},"schema":{"@context":"https:\/\/schema.org","@graph":[{"@type":"WebPage","@id":"https:\/\/forraskut.hu\/index.php\/ervenyes-adoszamlak\/","url":"https:\/\/forraskut.hu\/index.php\/ervenyes-adoszamlak\/","name":"\u00c9rv\u00e9nyes ad\u00f3sz\u00e1ml\u00e1k - forraskut.hu","isPartOf":{"@id":"https:\/\/forraskut.hu\/#website"},"datePublished":"2017-11-22T14:34:27+00:00","dateModified":"2019-02-08T10:24:57+00:00","breadcrumb":{"@id":"https:\/\/forraskut.hu\/index.php\/ervenyes-adoszamlak\/#breadcrumb"},"inLanguage":"hu","potentialAction":[{"@type":"ReadAction","target":["https:\/\/forraskut.hu\/index.php\/ervenyes-adoszamlak\/"]}]},{"@type":"BreadcrumbList","@id":"https:\/\/forraskut.hu\/index.php\/ervenyes-adoszamlak\/#breadcrumb","itemListElement":[{"@type":"ListItem","position":1,"name":"Kezd\u0151lap","item":"https:\/\/forraskut.hu\/"},{"@type":"ListItem","position":2,"name":"\u00c9rv\u00e9nyes ad\u00f3sz\u00e1ml\u00e1k"}]},{"@type":"WebSite","@id":"https:\/\/forraskut.hu\/#website","url":"https:\/\/forraskut.hu\/","name":"forraskut.hu","description":"Forr\u00e1sk\u00fat k\u00f6zs\u00e9g hivatalos weboldala","potentialAction":[{"@type":"SearchAction","target":{"@type":"EntryPoint","urlTemplate":"https:\/\/forraskut.hu\/?s={search_term_string}"},"query-input":{"@type":"PropertyValueSpecification","valueRequired":true,"valueName":"search_term_string"}}],"inLanguage":"hu"}]}},"_links":{"self":[{"href":"https:\/\/forraskut.hu\/index.php\/wp-json\/wp\/v2\/pages\/305"}],"collection":[{"href":"https:\/\/forraskut.hu\/index.php\/wp-json\/wp\/v2\/pages"}],"about":[{"href":"https:\/\/forraskut.hu\/index.php\/wp-json\/wp\/v2\/types\/page"}],"author":[{"embeddable":true,"href":"https:\/\/forraskut.hu\/index.php\/wp-json\/wp\/v2\/users\/2"}],"replies":[{"embeddable":true,"href":"https:\/\/forraskut.hu\/index.php\/wp-json\/wp\/v2\/comments?post=305"}],"version-history":[{"count":2,"href":"https:\/\/forraskut.hu\/index.php\/wp-json\/wp\/v2\/pages\/305\/revisions"}],"predecessor-version":[{"id":1456,"href":"https:\/\/forraskut.hu\/index.php\/wp-json\/wp\/v2\/pages\/305\/revisions\/1456"}],"wp:attachment":[{"href":"https:\/\/forraskut.hu\/index.php\/wp-json\/wp\/v2\/media?parent=305"}],"curies":[{"name":"wp","href":"https:\/\/api.w.org\/{rel}","templated":true}]}}