{"id":3009,"date":"2024-04-02T13:16:46","date_gmt":"2024-04-02T12:16:46","guid":{"rendered":"https:\/\/forraskut.hu\/?page_id=3009"},"modified":"2026-04-21T14:59:09","modified_gmt":"2026-04-21T13:59:09","slug":"bizottsagi-anyagok","status":"publish","type":"page","link":"https:\/\/forraskut.hu\/index.php\/bizottsagi-anyagok\/","title":{"rendered":"Bizotts\u00e1gi anyagok"},"content":{"rendered":"<p class=\"last-modified\">Utolj\u00e1ra friss\u00edtve:&nbsp;  2026. \u00e1prilis 21.<\/p><h2>2026. \u00e9v<\/h2>\n<p><a href=\"https:\/\/forraskut.hu\/wp-content\/uploads\/test\u00fcleti%20anyagok\/2026\/20260212_pb_jgyzk.pdf\" target=\"_blank\" rel=\"noopener\">2026. febru\u00e1r 2. pb. jgyzk.<\/a><\/p>\n<p>&nbsp;<\/p>\n<h2>2025. \u00e9v<\/h2>\n<p><a href=\"https:\/\/forraskut.hu\/wp-content\/uploads\/test\u00fcleti%20anyagok\/2025\/20250213_pb_jgyzk.pdf\" target=\"_blank\" rel=\"noopener\">2025. febru\u00e1r 13. pb. jgyzk.<\/a><\/p>\n<p><a href=\"https:\/\/forraskut.hu\/wp-content\/uploads\/test\u00fcleti%20anyagok\/2025\/20250327_pb_jgyzk.pdf\" target=\"_blank\" rel=\"noopener\">2025. m\u00e1rcius 27. pb. jgyzk<\/a>.<\/p>\n<p><a href=\"https:\/\/forraskut.hu\/wp-content\/uploads\/test\u00fcleti%20anyagok\/2025\/20250529_pb_jgyzk.pdf\" target=\"_blank\" rel=\"noopener\">2025. m\u00e1jus 29. pb. jgyzk.<\/a><\/p>\n<p><a href=\"https:\/\/forraskut.hu\/wp-content\/uploads\/test\u00fcleti%20anyagok\/2025\/20250925_pb_jgyzk.pdf\" target=\"_blank\" rel=\"noopener\">2025. szeptember 25. pb. jgyzk.<\/a><\/p>\n<p><a href=\"https:\/\/forraskut.hu\/wp-content\/uploads\/test\u00fcleti%20anyagok\/2025\/20251127_pb_jgyzk.pdf\" target=\"_blank\" rel=\"noopener\">2025. november 27.\u00a0 pb. jgyzk.<\/a><\/p>\n<h2>2024. \u00e9v<\/h2>\n<p><a href=\"https:\/\/forraskut.hu\/wp-content\/uploads\/bizotts\u00e1gi%20anyagok\/2024\/20240215_pb_jgyzk.pdf\" target=\"_blank\" rel=\"noopener\">2024. febru\u00e1r 15. pb. jgyzk.<\/a><\/p>\n<p><a href=\"https:\/\/forraskut.hu\/wp-content\/uploads\/bizotts\u00e1gi%20anyagok\/2024\/20240328_jgyzk_sznb.pdf\" target=\"_blank\" rel=\"noopener\">2024. m\u00e1rcius 28._sznb. jgyzk.<\/a><\/p>\n<p><a href=\"https:\/\/forraskut.hu\/wp-content\/uploads\/bizotts\u00e1gi%20anyagok\/2024\/20240530_jgyzk_pb.pdf\" target=\"_blank\" rel=\"noopener\">2024. m\u00e1jus 30. pb. jgyzk.<\/a><\/p>\n<p><a href=\"https:\/\/forraskut.hu\/wp-content\/uploads\/test\u00fcleti%20anyagok\/2024\/20240926_pb_jgyzk.pdf\" target=\"_blank\" rel=\"noopener\">2024. szeptember 26. pb. jgyzk.<\/a><\/p>\n<p><a href=\"https:\/\/forraskut.hu\/wp-content\/uploads\/test\u00fcleti%20anyagok\/2024\/20241128_pb_jgyzk.pdf\" target=\"_blank\" rel=\"noopener\">2024. november 28. pb. jgyzk.<\/a><\/p>\n<p>&nbsp;<\/p>\n<h2>2023. \u00e9v<\/h2>\n<p><a href=\"https:\/\/forraskut.hu\/wp-content\/uploads\/bizotts\u00e1gi%20anyagok\/2023\/20231130_pb_jgyzk.pdf\" target=\"_blank\" rel=\"noopener\">2023. november 30. pb. jgyzk.<\/a><\/p>\n<p><a href=\"https:\/\/forraskut.hu\/wp-content\/uploads\/bizotts\u00e1gi%20anyagok\/2023\/20231130_sznb_nyilt_jgyzk.pdf\" target=\"_blank\" rel=\"noopener\">2023. november 30. sznb. jgyzk.<\/a><\/p>\n<p><a href=\"https:\/\/forraskut.hu\/wp-content\/uploads\/bizotts\u00e1gi%20anyagok\/2023\/20230928_pb_jgyzk.pdf\" target=\"_blank\" rel=\"noopener\">2023. szeptember 28. pb. jgyzk.<\/a><\/p>\n","protected":false},"excerpt":{"rendered":"<p>Utolj\u00e1ra friss\u00edtve:&nbsp; 2026. \u00e1prilis 21.2026. \u00e9v 2026. febru\u00e1r 2. pb. jgyzk. &nbsp; 2025. \u00e9v 2025. febru\u00e1r 13. pb. jgyzk. 2025. m\u00e1rcius 27. pb. jgyzk. 2025. m\u00e1jus 29. pb. jgyzk. 2025. szeptember 25. pb. jgyzk. 2025. november 27.\u00a0 pb. jgyzk. 2024. \u00e9v 2024. febru\u00e1r 15. pb. jgyzk. 2024. m\u00e1rcius 28._sznb. jgyzk. 2024. m\u00e1jus 30. pb. jgyzk. [&hellip;]<\/p>\n","protected":false},"author":2,"featured_media":0,"parent":0,"menu_order":0,"comment_status":"closed","ping_status":"closed","template":"","meta":{"_exactmetrics_skip_tracking":false,"_exactmetrics_sitenote_active":false,"_exactmetrics_sitenote_note":"","_exactmetrics_sitenote_category":0,"footnotes":""},"yoast_head":"<!-- This site is optimized with the Yoast SEO plugin v23.4 - https:\/\/yoast.com\/wordpress\/plugins\/seo\/ -->\n<title>Bizotts\u00e1gi anyagok - forraskut.hu<\/title>\n<meta name=\"robots\" content=\"index, follow, max-snippet:-1, max-image-preview:large, max-video-preview:-1\" \/>\n<link rel=\"canonical\" href=\"https:\/\/forraskut.hu\/index.php\/bizottsagi-anyagok\/\" \/>\n<meta property=\"og:locale\" content=\"hu_HU\" \/>\n<meta property=\"og:type\" content=\"article\" \/>\n<meta property=\"og:title\" content=\"Bizotts\u00e1gi anyagok - forraskut.hu\" \/>\n<meta property=\"og:description\" content=\"Utolj\u00e1ra friss\u00edtve:&nbsp; 2026. \u00e1prilis 21.2026. \u00e9v 2026. febru\u00e1r 2. pb. jgyzk. &nbsp; 2025. \u00e9v 2025. febru\u00e1r 13. pb. jgyzk. 2025. m\u00e1rcius 27. pb. jgyzk. 2025. m\u00e1jus 29. pb. jgyzk. 2025. szeptember 25. pb. jgyzk. 2025. november 27.\u00a0 pb. jgyzk. 2024. \u00e9v 2024. febru\u00e1r 15. pb. jgyzk. 2024. m\u00e1rcius 28._sznb. jgyzk. 2024. m\u00e1jus 30. pb. jgyzk. [&hellip;]\" \/>\n<meta property=\"og:url\" content=\"https:\/\/forraskut.hu\/index.php\/bizottsagi-anyagok\/\" \/>\n<meta property=\"og:site_name\" content=\"forraskut.hu\" \/>\n<meta property=\"article:modified_time\" content=\"2026-04-21T13:59:09+00:00\" \/>\n<meta name=\"twitter:card\" content=\"summary_large_image\" \/>\n<meta name=\"twitter:label1\" content=\"Becs\u00fclt olvas\u00e1si id\u0151\" \/>\n\t<meta name=\"twitter:data1\" content=\"1 perc\" \/>\n<script type=\"application\/ld+json\" class=\"yoast-schema-graph\">{\"@context\":\"https:\/\/schema.org\",\"@graph\":[{\"@type\":\"WebPage\",\"@id\":\"https:\/\/forraskut.hu\/index.php\/bizottsagi-anyagok\/\",\"url\":\"https:\/\/forraskut.hu\/index.php\/bizottsagi-anyagok\/\",\"name\":\"Bizotts\u00e1gi anyagok - forraskut.hu\",\"isPartOf\":{\"@id\":\"https:\/\/forraskut.hu\/#website\"},\"datePublished\":\"2024-04-02T12:16:46+00:00\",\"dateModified\":\"2026-04-21T13:59:09+00:00\",\"breadcrumb\":{\"@id\":\"https:\/\/forraskut.hu\/index.php\/bizottsagi-anyagok\/#breadcrumb\"},\"inLanguage\":\"hu\",\"potentialAction\":[{\"@type\":\"ReadAction\",\"target\":[\"https:\/\/forraskut.hu\/index.php\/bizottsagi-anyagok\/\"]}]},{\"@type\":\"BreadcrumbList\",\"@id\":\"https:\/\/forraskut.hu\/index.php\/bizottsagi-anyagok\/#breadcrumb\",\"itemListElement\":[{\"@type\":\"ListItem\",\"position\":1,\"name\":\"Kezd\u0151lap\",\"item\":\"https:\/\/forraskut.hu\/\"},{\"@type\":\"ListItem\",\"position\":2,\"name\":\"Bizotts\u00e1gi anyagok\"}]},{\"@type\":\"WebSite\",\"@id\":\"https:\/\/forraskut.hu\/#website\",\"url\":\"https:\/\/forraskut.hu\/\",\"name\":\"forraskut.hu\",\"description\":\"Forr\u00e1sk\u00fat k\u00f6zs\u00e9g hivatalos weboldala\",\"potentialAction\":[{\"@type\":\"SearchAction\",\"target\":{\"@type\":\"EntryPoint\",\"urlTemplate\":\"https:\/\/forraskut.hu\/?s={search_term_string}\"},\"query-input\":{\"@type\":\"PropertyValueSpecification\",\"valueRequired\":true,\"valueName\":\"search_term_string\"}}],\"inLanguage\":\"hu\"}]}<\/script>\n<!-- \/ Yoast SEO plugin. -->","yoast_head_json":{"title":"Bizotts\u00e1gi anyagok - forraskut.hu","robots":{"index":"index","follow":"follow","max-snippet":"max-snippet:-1","max-image-preview":"max-image-preview:large","max-video-preview":"max-video-preview:-1"},"canonical":"https:\/\/forraskut.hu\/index.php\/bizottsagi-anyagok\/","og_locale":"hu_HU","og_type":"article","og_title":"Bizotts\u00e1gi anyagok - forraskut.hu","og_description":"Utolj\u00e1ra friss\u00edtve:&nbsp; 2026. \u00e1prilis 21.2026. \u00e9v 2026. febru\u00e1r 2. pb. jgyzk. &nbsp; 2025. \u00e9v 2025. febru\u00e1r 13. pb. jgyzk. 2025. m\u00e1rcius 27. pb. jgyzk. 2025. m\u00e1jus 29. pb. jgyzk. 2025. szeptember 25. pb. jgyzk. 2025. november 27.\u00a0 pb. jgyzk. 2024. \u00e9v 2024. febru\u00e1r 15. pb. jgyzk. 2024. m\u00e1rcius 28._sznb. jgyzk. 2024. m\u00e1jus 30. pb. jgyzk. [&hellip;]","og_url":"https:\/\/forraskut.hu\/index.php\/bizottsagi-anyagok\/","og_site_name":"forraskut.hu","article_modified_time":"2026-04-21T13:59:09+00:00","twitter_card":"summary_large_image","twitter_misc":{"Becs\u00fclt olvas\u00e1si id\u0151":"1 perc"},"schema":{"@context":"https:\/\/schema.org","@graph":[{"@type":"WebPage","@id":"https:\/\/forraskut.hu\/index.php\/bizottsagi-anyagok\/","url":"https:\/\/forraskut.hu\/index.php\/bizottsagi-anyagok\/","name":"Bizotts\u00e1gi anyagok - forraskut.hu","isPartOf":{"@id":"https:\/\/forraskut.hu\/#website"},"datePublished":"2024-04-02T12:16:46+00:00","dateModified":"2026-04-21T13:59:09+00:00","breadcrumb":{"@id":"https:\/\/forraskut.hu\/index.php\/bizottsagi-anyagok\/#breadcrumb"},"inLanguage":"hu","potentialAction":[{"@type":"ReadAction","target":["https:\/\/forraskut.hu\/index.php\/bizottsagi-anyagok\/"]}]},{"@type":"BreadcrumbList","@id":"https:\/\/forraskut.hu\/index.php\/bizottsagi-anyagok\/#breadcrumb","itemListElement":[{"@type":"ListItem","position":1,"name":"Kezd\u0151lap","item":"https:\/\/forraskut.hu\/"},{"@type":"ListItem","position":2,"name":"Bizotts\u00e1gi anyagok"}]},{"@type":"WebSite","@id":"https:\/\/forraskut.hu\/#website","url":"https:\/\/forraskut.hu\/","name":"forraskut.hu","description":"Forr\u00e1sk\u00fat k\u00f6zs\u00e9g hivatalos weboldala","potentialAction":[{"@type":"SearchAction","target":{"@type":"EntryPoint","urlTemplate":"https:\/\/forraskut.hu\/?s={search_term_string}"},"query-input":{"@type":"PropertyValueSpecification","valueRequired":true,"valueName":"search_term_string"}}],"inLanguage":"hu"}]}},"_links":{"self":[{"href":"https:\/\/forraskut.hu\/index.php\/wp-json\/wp\/v2\/pages\/3009"}],"collection":[{"href":"https:\/\/forraskut.hu\/index.php\/wp-json\/wp\/v2\/pages"}],"about":[{"href":"https:\/\/forraskut.hu\/index.php\/wp-json\/wp\/v2\/types\/page"}],"author":[{"embeddable":true,"href":"https:\/\/forraskut.hu\/index.php\/wp-json\/wp\/v2\/users\/2"}],"replies":[{"embeddable":true,"href":"https:\/\/forraskut.hu\/index.php\/wp-json\/wp\/v2\/comments?post=3009"}],"version-history":[{"count":9,"href":"https:\/\/forraskut.hu\/index.php\/wp-json\/wp\/v2\/pages\/3009\/revisions"}],"predecessor-version":[{"id":3889,"href":"https:\/\/forraskut.hu\/index.php\/wp-json\/wp\/v2\/pages\/3009\/revisions\/3889"}],"wp:attachment":[{"href":"https:\/\/forraskut.hu\/index.php\/wp-json\/wp\/v2\/media?parent=3009"}],"curies":[{"name":"wp","href":"https:\/\/api.w.org\/{rel}","templated":true}]}}