{"id":2914,"date":"2023-12-06T08:57:13","date_gmt":"2023-12-06T07:57:13","guid":{"rendered":"https:\/\/forraskut.hu\/?page_id=2914"},"modified":"2024-04-09T09:48:00","modified_gmt":"2024-04-09T08:48:00","slug":"jelolteknek","status":"publish","type":"page","link":"https:\/\/forraskut.hu\/index.php\/jelolteknek\/","title":{"rendered":"Jel\u00f6lteknek"},"content":{"rendered":"<p class=\"last-modified\">Utolj\u00e1ra friss\u00edtve:&nbsp;  2024. \u00e1prilis 9.<\/p><ul>\n<li>A jel\u00f6ltek \u00e1ll\u00edt\u00e1s\u00e1hoz sz\u00fcks\u00e9ges aj\u00e1nl\u00e1sok sz\u00e1ma: <a href=\"https:\/\/forraskut.hu\/wp-content\/uploads\/2024\/04\/kozlemeny_ajanlasok_szama.pdf\" target=\"_blank\" rel=\"noopener\">Aj\u00e1nl\u00e1sok sz\u00e1ma<\/a><\/li>\n<li>Jel\u00f6lt \u00e9s lista\u00e1ll\u00edt\u00e1shoz sz\u00fcks\u00e9ges nyomtatv\u00e1nyok: <a href=\"https:\/\/www.valasztas.hu\/helyi-onkormanyzati-valasztasok1\" target=\"_blank\" rel=\"noopener\">Nyomtatv\u00e1nyok<\/a><\/li>\n<li>Jel\u00f6lteknek sz\u00f3l\u00f3 hat\u00e1rid\u0151kr\u0151l: <a href=\"https:\/\/vtr.valasztas.hu\/onk2024\/valasztopolgaroknak\/szavazasi-informaciok\/hataridok\/?tab=organization\" target=\"_blank\" rel=\"noopener\">Hat\u00e1rid\u0151k, hat\u00e1rnapok<\/a><\/li>\n<li>A megb\u00edzott v\u00e1laszt\u00e1si bizotts\u00e1gi tag bejelent\u00e9s\u00e9re szolg\u00e1l\u00f3 nyomtatv\u00e1nyok: <a href=\"https:\/\/www.valasztas.hu\/ep_onk_vbtag\" target=\"_blank\" rel=\"noopener\">Nyomtatv\u00e1nyok<\/a><\/li>\n<li><\/li>\n<\/ul>\n","protected":false},"excerpt":{"rendered":"<p>Utolj\u00e1ra friss\u00edtve:&nbsp; 2024. \u00e1prilis 9. A jel\u00f6ltek \u00e1ll\u00edt\u00e1s\u00e1hoz sz\u00fcks\u00e9ges aj\u00e1nl\u00e1sok sz\u00e1ma: Aj\u00e1nl\u00e1sok sz\u00e1ma Jel\u00f6lt \u00e9s lista\u00e1ll\u00edt\u00e1shoz sz\u00fcks\u00e9ges nyomtatv\u00e1nyok: Nyomtatv\u00e1nyok Jel\u00f6lteknek sz\u00f3l\u00f3 hat\u00e1rid\u0151kr\u0151l: Hat\u00e1rid\u0151k, hat\u00e1rnapok A megb\u00edzott v\u00e1laszt\u00e1si bizotts\u00e1gi tag bejelent\u00e9s\u00e9re szolg\u00e1l\u00f3 nyomtatv\u00e1nyok: Nyomtatv\u00e1nyok<\/p>\n","protected":false},"author":2,"featured_media":0,"parent":0,"menu_order":0,"comment_status":"closed","ping_status":"closed","template":"","meta":{"_exactmetrics_skip_tracking":false,"_exactmetrics_sitenote_active":false,"_exactmetrics_sitenote_note":"","_exactmetrics_sitenote_category":0,"footnotes":""},"yoast_head":"<!-- This site is optimized with the Yoast SEO plugin v23.4 - https:\/\/yoast.com\/wordpress\/plugins\/seo\/ -->\n<title>Jel\u00f6lteknek - forraskut.hu<\/title>\n<meta name=\"robots\" content=\"index, follow, max-snippet:-1, max-image-preview:large, max-video-preview:-1\" \/>\n<link rel=\"canonical\" href=\"https:\/\/forraskut.hu\/index.php\/jelolteknek\/\" \/>\n<meta property=\"og:locale\" content=\"hu_HU\" \/>\n<meta property=\"og:type\" content=\"article\" \/>\n<meta property=\"og:title\" content=\"Jel\u00f6lteknek - forraskut.hu\" \/>\n<meta property=\"og:description\" content=\"Utolj\u00e1ra friss\u00edtve:&nbsp; 2024. \u00e1prilis 9. A jel\u00f6ltek \u00e1ll\u00edt\u00e1s\u00e1hoz sz\u00fcks\u00e9ges aj\u00e1nl\u00e1sok sz\u00e1ma: Aj\u00e1nl\u00e1sok sz\u00e1ma Jel\u00f6lt \u00e9s lista\u00e1ll\u00edt\u00e1shoz sz\u00fcks\u00e9ges nyomtatv\u00e1nyok: Nyomtatv\u00e1nyok Jel\u00f6lteknek sz\u00f3l\u00f3 hat\u00e1rid\u0151kr\u0151l: Hat\u00e1rid\u0151k, hat\u00e1rnapok A megb\u00edzott v\u00e1laszt\u00e1si bizotts\u00e1gi tag bejelent\u00e9s\u00e9re szolg\u00e1l\u00f3 nyomtatv\u00e1nyok: Nyomtatv\u00e1nyok\" \/>\n<meta property=\"og:url\" content=\"https:\/\/forraskut.hu\/index.php\/jelolteknek\/\" \/>\n<meta property=\"og:site_name\" content=\"forraskut.hu\" \/>\n<meta property=\"article:modified_time\" content=\"2024-04-09T08:48:00+00:00\" \/>\n<meta name=\"twitter:card\" content=\"summary_large_image\" \/>\n<meta name=\"twitter:label1\" content=\"Becs\u00fclt olvas\u00e1si id\u0151\" \/>\n\t<meta name=\"twitter:data1\" content=\"1 perc\" \/>\n<script type=\"application\/ld+json\" class=\"yoast-schema-graph\">{\"@context\":\"https:\/\/schema.org\",\"@graph\":[{\"@type\":\"WebPage\",\"@id\":\"https:\/\/forraskut.hu\/index.php\/jelolteknek\/\",\"url\":\"https:\/\/forraskut.hu\/index.php\/jelolteknek\/\",\"name\":\"Jel\u00f6lteknek - forraskut.hu\",\"isPartOf\":{\"@id\":\"https:\/\/forraskut.hu\/#website\"},\"datePublished\":\"2023-12-06T07:57:13+00:00\",\"dateModified\":\"2024-04-09T08:48:00+00:00\",\"breadcrumb\":{\"@id\":\"https:\/\/forraskut.hu\/index.php\/jelolteknek\/#breadcrumb\"},\"inLanguage\":\"hu\",\"potentialAction\":[{\"@type\":\"ReadAction\",\"target\":[\"https:\/\/forraskut.hu\/index.php\/jelolteknek\/\"]}]},{\"@type\":\"BreadcrumbList\",\"@id\":\"https:\/\/forraskut.hu\/index.php\/jelolteknek\/#breadcrumb\",\"itemListElement\":[{\"@type\":\"ListItem\",\"position\":1,\"name\":\"Kezd\u0151lap\",\"item\":\"https:\/\/forraskut.hu\/\"},{\"@type\":\"ListItem\",\"position\":2,\"name\":\"Jel\u00f6lteknek\"}]},{\"@type\":\"WebSite\",\"@id\":\"https:\/\/forraskut.hu\/#website\",\"url\":\"https:\/\/forraskut.hu\/\",\"name\":\"forraskut.hu\",\"description\":\"Forr\u00e1sk\u00fat k\u00f6zs\u00e9g hivatalos weboldala\",\"potentialAction\":[{\"@type\":\"SearchAction\",\"target\":{\"@type\":\"EntryPoint\",\"urlTemplate\":\"https:\/\/forraskut.hu\/?s={search_term_string}\"},\"query-input\":{\"@type\":\"PropertyValueSpecification\",\"valueRequired\":true,\"valueName\":\"search_term_string\"}}],\"inLanguage\":\"hu\"}]}<\/script>\n<!-- \/ Yoast SEO plugin. -->","yoast_head_json":{"title":"Jel\u00f6lteknek - forraskut.hu","robots":{"index":"index","follow":"follow","max-snippet":"max-snippet:-1","max-image-preview":"max-image-preview:large","max-video-preview":"max-video-preview:-1"},"canonical":"https:\/\/forraskut.hu\/index.php\/jelolteknek\/","og_locale":"hu_HU","og_type":"article","og_title":"Jel\u00f6lteknek - forraskut.hu","og_description":"Utolj\u00e1ra friss\u00edtve:&nbsp; 2024. \u00e1prilis 9. A jel\u00f6ltek \u00e1ll\u00edt\u00e1s\u00e1hoz sz\u00fcks\u00e9ges aj\u00e1nl\u00e1sok sz\u00e1ma: Aj\u00e1nl\u00e1sok sz\u00e1ma Jel\u00f6lt \u00e9s lista\u00e1ll\u00edt\u00e1shoz sz\u00fcks\u00e9ges nyomtatv\u00e1nyok: Nyomtatv\u00e1nyok Jel\u00f6lteknek sz\u00f3l\u00f3 hat\u00e1rid\u0151kr\u0151l: Hat\u00e1rid\u0151k, hat\u00e1rnapok A megb\u00edzott v\u00e1laszt\u00e1si bizotts\u00e1gi tag bejelent\u00e9s\u00e9re szolg\u00e1l\u00f3 nyomtatv\u00e1nyok: Nyomtatv\u00e1nyok","og_url":"https:\/\/forraskut.hu\/index.php\/jelolteknek\/","og_site_name":"forraskut.hu","article_modified_time":"2024-04-09T08:48:00+00:00","twitter_card":"summary_large_image","twitter_misc":{"Becs\u00fclt olvas\u00e1si id\u0151":"1 perc"},"schema":{"@context":"https:\/\/schema.org","@graph":[{"@type":"WebPage","@id":"https:\/\/forraskut.hu\/index.php\/jelolteknek\/","url":"https:\/\/forraskut.hu\/index.php\/jelolteknek\/","name":"Jel\u00f6lteknek - forraskut.hu","isPartOf":{"@id":"https:\/\/forraskut.hu\/#website"},"datePublished":"2023-12-06T07:57:13+00:00","dateModified":"2024-04-09T08:48:00+00:00","breadcrumb":{"@id":"https:\/\/forraskut.hu\/index.php\/jelolteknek\/#breadcrumb"},"inLanguage":"hu","potentialAction":[{"@type":"ReadAction","target":["https:\/\/forraskut.hu\/index.php\/jelolteknek\/"]}]},{"@type":"BreadcrumbList","@id":"https:\/\/forraskut.hu\/index.php\/jelolteknek\/#breadcrumb","itemListElement":[{"@type":"ListItem","position":1,"name":"Kezd\u0151lap","item":"https:\/\/forraskut.hu\/"},{"@type":"ListItem","position":2,"name":"Jel\u00f6lteknek"}]},{"@type":"WebSite","@id":"https:\/\/forraskut.hu\/#website","url":"https:\/\/forraskut.hu\/","name":"forraskut.hu","description":"Forr\u00e1sk\u00fat k\u00f6zs\u00e9g hivatalos weboldala","potentialAction":[{"@type":"SearchAction","target":{"@type":"EntryPoint","urlTemplate":"https:\/\/forraskut.hu\/?s={search_term_string}"},"query-input":{"@type":"PropertyValueSpecification","valueRequired":true,"valueName":"search_term_string"}}],"inLanguage":"hu"}]}},"_links":{"self":[{"href":"https:\/\/forraskut.hu\/index.php\/wp-json\/wp\/v2\/pages\/2914"}],"collection":[{"href":"https:\/\/forraskut.hu\/index.php\/wp-json\/wp\/v2\/pages"}],"about":[{"href":"https:\/\/forraskut.hu\/index.php\/wp-json\/wp\/v2\/types\/page"}],"author":[{"embeddable":true,"href":"https:\/\/forraskut.hu\/index.php\/wp-json\/wp\/v2\/users\/2"}],"replies":[{"embeddable":true,"href":"https:\/\/forraskut.hu\/index.php\/wp-json\/wp\/v2\/comments?post=2914"}],"version-history":[{"count":4,"href":"https:\/\/forraskut.hu\/index.php\/wp-json\/wp\/v2\/pages\/2914\/revisions"}],"predecessor-version":[{"id":3041,"href":"https:\/\/forraskut.hu\/index.php\/wp-json\/wp\/v2\/pages\/2914\/revisions\/3041"}],"wp:attachment":[{"href":"https:\/\/forraskut.hu\/index.php\/wp-json\/wp\/v2\/media?parent=2914"}],"curies":[{"name":"wp","href":"https:\/\/api.w.org\/{rel}","templated":true}]}}