{"id":2899,"date":"2023-12-05T16:07:09","date_gmt":"2023-12-05T15:07:09","guid":{"rendered":"https:\/\/forraskut.hu\/?page_id=2899"},"modified":"2026-01-08T10:21:45","modified_gmt":"2026-01-08T09:21:45","slug":"valasztasi-bizottsag","status":"publish","type":"page","link":"https:\/\/forraskut.hu\/index.php\/valasztasi-bizottsag\/","title":{"rendered":"Forr\u00e1sk\u00fati Helyi V\u00e1laszt\u00e1si Bizotts\u00e1g"},"content":{"rendered":"<p class=\"last-modified\">Utolj\u00e1ra friss\u00edtve:&nbsp;  2026. janu\u00e1r 8.<\/p><ul>\n<li>tagjai:<br \/>\nV\u00f6r\u00f6s-Kisap\u00e1ti Be\u00e1ta eln\u00f6k<br \/>\nF\u0151din\u00e9 Nagy M\u00e1rta eln\u00f6khelyettes<br \/>\nMat\u00e1n\u00e9 \u00c1brah\u00e1m Margit tag<\/li>\n<\/ul>\n<p>&nbsp;<\/p>\n<ul>\n<li>p\u00f3ttagjai:<br \/>\nFrissn\u00e9 F\u0171z Julianna<br \/>\nZ\u00e1dori J\u00e1nosn\u00e9<br \/>\nMosolyg\u00f3-Vass Csilla<\/li>\n<\/ul>\n<p>&nbsp;<\/p>\n<ul>\n<li>el\u00e9rhet\u0151s\u00e9gei: 6793 Forr\u00e1sk\u00fat, F\u0151 utca 74.<\/li>\n<\/ul>\n","protected":false},"excerpt":{"rendered":"<p>Utolj\u00e1ra friss\u00edtve:&nbsp; 2026. janu\u00e1r 8. tagjai: V\u00f6r\u00f6s-Kisap\u00e1ti Be\u00e1ta eln\u00f6k F\u0151din\u00e9 Nagy M\u00e1rta eln\u00f6khelyettes Mat\u00e1n\u00e9 \u00c1brah\u00e1m Margit tag &nbsp; p\u00f3ttagjai: Frissn\u00e9 F\u0171z Julianna Z\u00e1dori J\u00e1nosn\u00e9 Mosolyg\u00f3-Vass Csilla &nbsp; el\u00e9rhet\u0151s\u00e9gei: 6793 Forr\u00e1sk\u00fat, F\u0151 utca 74.<\/p>\n","protected":false},"author":2,"featured_media":0,"parent":0,"menu_order":0,"comment_status":"closed","ping_status":"closed","template":"","meta":{"_exactmetrics_skip_tracking":false,"_exactmetrics_sitenote_active":false,"_exactmetrics_sitenote_note":"","_exactmetrics_sitenote_category":0,"footnotes":""},"yoast_head":"<!-- This site is optimized with the Yoast SEO plugin v23.4 - https:\/\/yoast.com\/wordpress\/plugins\/seo\/ -->\n<title>Forr\u00e1sk\u00fati Helyi V\u00e1laszt\u00e1si Bizotts\u00e1g - forraskut.hu<\/title>\n<meta name=\"robots\" content=\"index, follow, max-snippet:-1, max-image-preview:large, max-video-preview:-1\" \/>\n<link rel=\"canonical\" href=\"https:\/\/forraskut.hu\/index.php\/valasztasi-bizottsag\/\" \/>\n<meta property=\"og:locale\" content=\"hu_HU\" \/>\n<meta property=\"og:type\" content=\"article\" \/>\n<meta property=\"og:title\" content=\"Forr\u00e1sk\u00fati Helyi V\u00e1laszt\u00e1si Bizotts\u00e1g - forraskut.hu\" \/>\n<meta property=\"og:description\" content=\"Utolj\u00e1ra friss\u00edtve:&nbsp; 2026. janu\u00e1r 8. tagjai: V\u00f6r\u00f6s-Kisap\u00e1ti Be\u00e1ta eln\u00f6k F\u0151din\u00e9 Nagy M\u00e1rta eln\u00f6khelyettes Mat\u00e1n\u00e9 \u00c1brah\u00e1m Margit tag &nbsp; p\u00f3ttagjai: Frissn\u00e9 F\u0171z Julianna Z\u00e1dori J\u00e1nosn\u00e9 Mosolyg\u00f3-Vass Csilla &nbsp; el\u00e9rhet\u0151s\u00e9gei: 6793 Forr\u00e1sk\u00fat, F\u0151 utca 74.\" \/>\n<meta property=\"og:url\" content=\"https:\/\/forraskut.hu\/index.php\/valasztasi-bizottsag\/\" \/>\n<meta property=\"og:site_name\" content=\"forraskut.hu\" \/>\n<meta property=\"article:modified_time\" content=\"2026-01-08T09:21:45+00:00\" \/>\n<meta name=\"twitter:card\" content=\"summary_large_image\" \/>\n<meta name=\"twitter:label1\" content=\"Becs\u00fclt olvas\u00e1si id\u0151\" \/>\n\t<meta name=\"twitter:data1\" content=\"1 perc\" \/>\n<script type=\"application\/ld+json\" class=\"yoast-schema-graph\">{\"@context\":\"https:\/\/schema.org\",\"@graph\":[{\"@type\":\"WebPage\",\"@id\":\"https:\/\/forraskut.hu\/index.php\/valasztasi-bizottsag\/\",\"url\":\"https:\/\/forraskut.hu\/index.php\/valasztasi-bizottsag\/\",\"name\":\"Forr\u00e1sk\u00fati Helyi V\u00e1laszt\u00e1si Bizotts\u00e1g - forraskut.hu\",\"isPartOf\":{\"@id\":\"https:\/\/forraskut.hu\/#website\"},\"datePublished\":\"2023-12-05T15:07:09+00:00\",\"dateModified\":\"2026-01-08T09:21:45+00:00\",\"breadcrumb\":{\"@id\":\"https:\/\/forraskut.hu\/index.php\/valasztasi-bizottsag\/#breadcrumb\"},\"inLanguage\":\"hu\",\"potentialAction\":[{\"@type\":\"ReadAction\",\"target\":[\"https:\/\/forraskut.hu\/index.php\/valasztasi-bizottsag\/\"]}]},{\"@type\":\"BreadcrumbList\",\"@id\":\"https:\/\/forraskut.hu\/index.php\/valasztasi-bizottsag\/#breadcrumb\",\"itemListElement\":[{\"@type\":\"ListItem\",\"position\":1,\"name\":\"Kezd\u0151lap\",\"item\":\"https:\/\/forraskut.hu\/\"},{\"@type\":\"ListItem\",\"position\":2,\"name\":\"Forr\u00e1sk\u00fati Helyi V\u00e1laszt\u00e1si Bizotts\u00e1g\"}]},{\"@type\":\"WebSite\",\"@id\":\"https:\/\/forraskut.hu\/#website\",\"url\":\"https:\/\/forraskut.hu\/\",\"name\":\"forraskut.hu\",\"description\":\"Forr\u00e1sk\u00fat k\u00f6zs\u00e9g hivatalos weboldala\",\"potentialAction\":[{\"@type\":\"SearchAction\",\"target\":{\"@type\":\"EntryPoint\",\"urlTemplate\":\"https:\/\/forraskut.hu\/?s={search_term_string}\"},\"query-input\":{\"@type\":\"PropertyValueSpecification\",\"valueRequired\":true,\"valueName\":\"search_term_string\"}}],\"inLanguage\":\"hu\"}]}<\/script>\n<!-- \/ Yoast SEO plugin. -->","yoast_head_json":{"title":"Forr\u00e1sk\u00fati Helyi V\u00e1laszt\u00e1si Bizotts\u00e1g - forraskut.hu","robots":{"index":"index","follow":"follow","max-snippet":"max-snippet:-1","max-image-preview":"max-image-preview:large","max-video-preview":"max-video-preview:-1"},"canonical":"https:\/\/forraskut.hu\/index.php\/valasztasi-bizottsag\/","og_locale":"hu_HU","og_type":"article","og_title":"Forr\u00e1sk\u00fati Helyi V\u00e1laszt\u00e1si Bizotts\u00e1g - forraskut.hu","og_description":"Utolj\u00e1ra friss\u00edtve:&nbsp; 2026. janu\u00e1r 8. tagjai: V\u00f6r\u00f6s-Kisap\u00e1ti Be\u00e1ta eln\u00f6k F\u0151din\u00e9 Nagy M\u00e1rta eln\u00f6khelyettes Mat\u00e1n\u00e9 \u00c1brah\u00e1m Margit tag &nbsp; p\u00f3ttagjai: Frissn\u00e9 F\u0171z Julianna Z\u00e1dori J\u00e1nosn\u00e9 Mosolyg\u00f3-Vass Csilla &nbsp; el\u00e9rhet\u0151s\u00e9gei: 6793 Forr\u00e1sk\u00fat, F\u0151 utca 74.","og_url":"https:\/\/forraskut.hu\/index.php\/valasztasi-bizottsag\/","og_site_name":"forraskut.hu","article_modified_time":"2026-01-08T09:21:45+00:00","twitter_card":"summary_large_image","twitter_misc":{"Becs\u00fclt olvas\u00e1si id\u0151":"1 perc"},"schema":{"@context":"https:\/\/schema.org","@graph":[{"@type":"WebPage","@id":"https:\/\/forraskut.hu\/index.php\/valasztasi-bizottsag\/","url":"https:\/\/forraskut.hu\/index.php\/valasztasi-bizottsag\/","name":"Forr\u00e1sk\u00fati Helyi V\u00e1laszt\u00e1si Bizotts\u00e1g - forraskut.hu","isPartOf":{"@id":"https:\/\/forraskut.hu\/#website"},"datePublished":"2023-12-05T15:07:09+00:00","dateModified":"2026-01-08T09:21:45+00:00","breadcrumb":{"@id":"https:\/\/forraskut.hu\/index.php\/valasztasi-bizottsag\/#breadcrumb"},"inLanguage":"hu","potentialAction":[{"@type":"ReadAction","target":["https:\/\/forraskut.hu\/index.php\/valasztasi-bizottsag\/"]}]},{"@type":"BreadcrumbList","@id":"https:\/\/forraskut.hu\/index.php\/valasztasi-bizottsag\/#breadcrumb","itemListElement":[{"@type":"ListItem","position":1,"name":"Kezd\u0151lap","item":"https:\/\/forraskut.hu\/"},{"@type":"ListItem","position":2,"name":"Forr\u00e1sk\u00fati Helyi V\u00e1laszt\u00e1si Bizotts\u00e1g"}]},{"@type":"WebSite","@id":"https:\/\/forraskut.hu\/#website","url":"https:\/\/forraskut.hu\/","name":"forraskut.hu","description":"Forr\u00e1sk\u00fat k\u00f6zs\u00e9g hivatalos weboldala","potentialAction":[{"@type":"SearchAction","target":{"@type":"EntryPoint","urlTemplate":"https:\/\/forraskut.hu\/?s={search_term_string}"},"query-input":{"@type":"PropertyValueSpecification","valueRequired":true,"valueName":"search_term_string"}}],"inLanguage":"hu"}]}},"_links":{"self":[{"href":"https:\/\/forraskut.hu\/index.php\/wp-json\/wp\/v2\/pages\/2899"}],"collection":[{"href":"https:\/\/forraskut.hu\/index.php\/wp-json\/wp\/v2\/pages"}],"about":[{"href":"https:\/\/forraskut.hu\/index.php\/wp-json\/wp\/v2\/types\/page"}],"author":[{"embeddable":true,"href":"https:\/\/forraskut.hu\/index.php\/wp-json\/wp\/v2\/users\/2"}],"replies":[{"embeddable":true,"href":"https:\/\/forraskut.hu\/index.php\/wp-json\/wp\/v2\/comments?post=2899"}],"version-history":[{"count":33,"href":"https:\/\/forraskut.hu\/index.php\/wp-json\/wp\/v2\/pages\/2899\/revisions"}],"predecessor-version":[{"id":3806,"href":"https:\/\/forraskut.hu\/index.php\/wp-json\/wp\/v2\/pages\/2899\/revisions\/3806"}],"wp:attachment":[{"href":"https:\/\/forraskut.hu\/index.php\/wp-json\/wp\/v2\/media?parent=2899"}],"curies":[{"name":"wp","href":"https:\/\/api.w.org\/{rel}","templated":true}]}}