{"id":2896,"date":"2023-12-05T16:05:23","date_gmt":"2023-12-05T15:05:23","guid":{"rendered":"https:\/\/forraskut.hu\/?page_id=2896"},"modified":"2026-01-08T10:17:58","modified_gmt":"2026-01-08T09:17:58","slug":"valasztasi-iroda","status":"publish","type":"page","link":"https:\/\/forraskut.hu\/index.php\/valasztasi-iroda\/","title":{"rendered":"Forr\u00e1sk\u00fati Helyi V\u00e1laszt\u00e1si Iroda"},"content":{"rendered":"<p class=\"last-modified\">Utolj\u00e1ra friss\u00edtve:&nbsp;  2026. janu\u00e1r 8.<\/p><ul>\n<li>vezet\u0151j\u00e9nek neve:dr. Kap\u00e1s Anita jegyz\u0151<\/li>\n<li>hivatali helyis\u00e9g\u00e9nek c\u00edme:6793 Forr\u00e1sk\u00fat, F\u0151 utca 74.<br \/>\ntelefonsz\u00e1ma:62\/287-222<br \/>\nelektronikus lev\u00e9lc\u00edme: hivatal@forraskut.hu<\/li>\n<li>v\u00e1laszt\u00e1si inform\u00e1ci\u00f3s szolg\u00e1lat\u00e1nak el\u00e9rhet\u0151s\u00e9gei: 6793 Forr\u00e1sk\u00fat, F\u0151 utca 74.<\/li>\n<li>a\u00a0 v\u00e1laszt\u00e1si iroda vezet\u0151j\u00e9nek\n<ul>\n<li>a mand\u00e1tumok sz\u00e1m\u00e1nak meg\u00e1llap\u00edt\u00e1s\u00e1r\u00f3l sz\u00f3l\u00f3 hat\u00e1rozata:<\/li>\n<li>a szavaz\u00f3k\u00f6r\u00f6k kialak\u00edt\u00e1s\u00e1r\u00f3l \u00e9s fel\u00fclvizsg\u00e1lat\u00e1r\u00f3l sz\u00f3l\u00f3 hat\u00e1rozata<\/li>\n<li>k\u00f6zlem\u00e9nye jel\u00f6ltek \u00e1ll\u00edt\u00e1s\u00e1hoz sz\u00fcks\u00e9ges aj\u00e1nl\u00e1sok sz\u00e1m\u00e1r\u00f3l:<\/li>\n<\/ul>\n<\/li>\n<\/ul>\n","protected":false},"excerpt":{"rendered":"<p>Utolj\u00e1ra friss\u00edtve:&nbsp; 2026. janu\u00e1r 8. vezet\u0151j\u00e9nek neve:dr. Kap\u00e1s Anita jegyz\u0151 hivatali helyis\u00e9g\u00e9nek c\u00edme:6793 Forr\u00e1sk\u00fat, F\u0151 utca 74. telefonsz\u00e1ma:62\/287-222 elektronikus lev\u00e9lc\u00edme: hivatal@forraskut.hu v\u00e1laszt\u00e1si inform\u00e1ci\u00f3s szolg\u00e1lat\u00e1nak el\u00e9rhet\u0151s\u00e9gei: 6793 Forr\u00e1sk\u00fat, F\u0151 utca 74. a\u00a0 v\u00e1laszt\u00e1si iroda vezet\u0151j\u00e9nek a mand\u00e1tumok sz\u00e1m\u00e1nak meg\u00e1llap\u00edt\u00e1s\u00e1r\u00f3l sz\u00f3l\u00f3 hat\u00e1rozata: a szavaz\u00f3k\u00f6r\u00f6k kialak\u00edt\u00e1s\u00e1r\u00f3l \u00e9s fel\u00fclvizsg\u00e1lat\u00e1r\u00f3l sz\u00f3l\u00f3 hat\u00e1rozata k\u00f6zlem\u00e9nye jel\u00f6ltek \u00e1ll\u00edt\u00e1s\u00e1hoz sz\u00fcks\u00e9ges aj\u00e1nl\u00e1sok sz\u00e1m\u00e1r\u00f3l:<\/p>\n","protected":false},"author":2,"featured_media":0,"parent":0,"menu_order":0,"comment_status":"closed","ping_status":"closed","template":"","meta":{"_exactmetrics_skip_tracking":false,"_exactmetrics_sitenote_active":false,"_exactmetrics_sitenote_note":"","_exactmetrics_sitenote_category":0,"footnotes":""},"yoast_head":"<!-- This site is optimized with the Yoast SEO plugin v23.4 - https:\/\/yoast.com\/wordpress\/plugins\/seo\/ -->\n<title>Forr\u00e1sk\u00fati Helyi V\u00e1laszt\u00e1si Iroda - forraskut.hu<\/title>\n<meta name=\"robots\" content=\"index, follow, max-snippet:-1, max-image-preview:large, max-video-preview:-1\" \/>\n<link rel=\"canonical\" href=\"https:\/\/forraskut.hu\/index.php\/valasztasi-iroda\/\" \/>\n<meta property=\"og:locale\" content=\"hu_HU\" \/>\n<meta property=\"og:type\" content=\"article\" \/>\n<meta property=\"og:title\" content=\"Forr\u00e1sk\u00fati Helyi V\u00e1laszt\u00e1si Iroda - forraskut.hu\" \/>\n<meta property=\"og:description\" content=\"Utolj\u00e1ra friss\u00edtve:&nbsp; 2026. janu\u00e1r 8. vezet\u0151j\u00e9nek neve:dr. Kap\u00e1s Anita jegyz\u0151 hivatali helyis\u00e9g\u00e9nek c\u00edme:6793 Forr\u00e1sk\u00fat, F\u0151 utca 74. telefonsz\u00e1ma:62\/287-222 elektronikus lev\u00e9lc\u00edme: hivatal@forraskut.hu v\u00e1laszt\u00e1si inform\u00e1ci\u00f3s szolg\u00e1lat\u00e1nak el\u00e9rhet\u0151s\u00e9gei: 6793 Forr\u00e1sk\u00fat, F\u0151 utca 74. a\u00a0 v\u00e1laszt\u00e1si iroda vezet\u0151j\u00e9nek a mand\u00e1tumok sz\u00e1m\u00e1nak meg\u00e1llap\u00edt\u00e1s\u00e1r\u00f3l sz\u00f3l\u00f3 hat\u00e1rozata: a szavaz\u00f3k\u00f6r\u00f6k kialak\u00edt\u00e1s\u00e1r\u00f3l \u00e9s fel\u00fclvizsg\u00e1lat\u00e1r\u00f3l sz\u00f3l\u00f3 hat\u00e1rozata k\u00f6zlem\u00e9nye jel\u00f6ltek \u00e1ll\u00edt\u00e1s\u00e1hoz sz\u00fcks\u00e9ges aj\u00e1nl\u00e1sok sz\u00e1m\u00e1r\u00f3l:\" \/>\n<meta property=\"og:url\" content=\"https:\/\/forraskut.hu\/index.php\/valasztasi-iroda\/\" \/>\n<meta property=\"og:site_name\" content=\"forraskut.hu\" \/>\n<meta property=\"article:modified_time\" content=\"2026-01-08T09:17:58+00:00\" \/>\n<meta name=\"twitter:card\" content=\"summary_large_image\" \/>\n<meta name=\"twitter:label1\" content=\"Becs\u00fclt olvas\u00e1si id\u0151\" \/>\n\t<meta name=\"twitter:data1\" content=\"1 perc\" \/>\n<script type=\"application\/ld+json\" class=\"yoast-schema-graph\">{\"@context\":\"https:\/\/schema.org\",\"@graph\":[{\"@type\":\"WebPage\",\"@id\":\"https:\/\/forraskut.hu\/index.php\/valasztasi-iroda\/\",\"url\":\"https:\/\/forraskut.hu\/index.php\/valasztasi-iroda\/\",\"name\":\"Forr\u00e1sk\u00fati Helyi V\u00e1laszt\u00e1si Iroda - forraskut.hu\",\"isPartOf\":{\"@id\":\"https:\/\/forraskut.hu\/#website\"},\"datePublished\":\"2023-12-05T15:05:23+00:00\",\"dateModified\":\"2026-01-08T09:17:58+00:00\",\"breadcrumb\":{\"@id\":\"https:\/\/forraskut.hu\/index.php\/valasztasi-iroda\/#breadcrumb\"},\"inLanguage\":\"hu\",\"potentialAction\":[{\"@type\":\"ReadAction\",\"target\":[\"https:\/\/forraskut.hu\/index.php\/valasztasi-iroda\/\"]}]},{\"@type\":\"BreadcrumbList\",\"@id\":\"https:\/\/forraskut.hu\/index.php\/valasztasi-iroda\/#breadcrumb\",\"itemListElement\":[{\"@type\":\"ListItem\",\"position\":1,\"name\":\"Kezd\u0151lap\",\"item\":\"https:\/\/forraskut.hu\/\"},{\"@type\":\"ListItem\",\"position\":2,\"name\":\"Forr\u00e1sk\u00fati Helyi V\u00e1laszt\u00e1si Iroda\"}]},{\"@type\":\"WebSite\",\"@id\":\"https:\/\/forraskut.hu\/#website\",\"url\":\"https:\/\/forraskut.hu\/\",\"name\":\"forraskut.hu\",\"description\":\"Forr\u00e1sk\u00fat k\u00f6zs\u00e9g hivatalos weboldala\",\"potentialAction\":[{\"@type\":\"SearchAction\",\"target\":{\"@type\":\"EntryPoint\",\"urlTemplate\":\"https:\/\/forraskut.hu\/?s={search_term_string}\"},\"query-input\":{\"@type\":\"PropertyValueSpecification\",\"valueRequired\":true,\"valueName\":\"search_term_string\"}}],\"inLanguage\":\"hu\"}]}<\/script>\n<!-- \/ Yoast SEO plugin. -->","yoast_head_json":{"title":"Forr\u00e1sk\u00fati Helyi V\u00e1laszt\u00e1si Iroda - forraskut.hu","robots":{"index":"index","follow":"follow","max-snippet":"max-snippet:-1","max-image-preview":"max-image-preview:large","max-video-preview":"max-video-preview:-1"},"canonical":"https:\/\/forraskut.hu\/index.php\/valasztasi-iroda\/","og_locale":"hu_HU","og_type":"article","og_title":"Forr\u00e1sk\u00fati Helyi V\u00e1laszt\u00e1si Iroda - forraskut.hu","og_description":"Utolj\u00e1ra friss\u00edtve:&nbsp; 2026. janu\u00e1r 8. vezet\u0151j\u00e9nek neve:dr. Kap\u00e1s Anita jegyz\u0151 hivatali helyis\u00e9g\u00e9nek c\u00edme:6793 Forr\u00e1sk\u00fat, F\u0151 utca 74. telefonsz\u00e1ma:62\/287-222 elektronikus lev\u00e9lc\u00edme: hivatal@forraskut.hu v\u00e1laszt\u00e1si inform\u00e1ci\u00f3s szolg\u00e1lat\u00e1nak el\u00e9rhet\u0151s\u00e9gei: 6793 Forr\u00e1sk\u00fat, F\u0151 utca 74. a\u00a0 v\u00e1laszt\u00e1si iroda vezet\u0151j\u00e9nek a mand\u00e1tumok sz\u00e1m\u00e1nak meg\u00e1llap\u00edt\u00e1s\u00e1r\u00f3l sz\u00f3l\u00f3 hat\u00e1rozata: a szavaz\u00f3k\u00f6r\u00f6k kialak\u00edt\u00e1s\u00e1r\u00f3l \u00e9s fel\u00fclvizsg\u00e1lat\u00e1r\u00f3l sz\u00f3l\u00f3 hat\u00e1rozata k\u00f6zlem\u00e9nye jel\u00f6ltek \u00e1ll\u00edt\u00e1s\u00e1hoz sz\u00fcks\u00e9ges aj\u00e1nl\u00e1sok sz\u00e1m\u00e1r\u00f3l:","og_url":"https:\/\/forraskut.hu\/index.php\/valasztasi-iroda\/","og_site_name":"forraskut.hu","article_modified_time":"2026-01-08T09:17:58+00:00","twitter_card":"summary_large_image","twitter_misc":{"Becs\u00fclt olvas\u00e1si id\u0151":"1 perc"},"schema":{"@context":"https:\/\/schema.org","@graph":[{"@type":"WebPage","@id":"https:\/\/forraskut.hu\/index.php\/valasztasi-iroda\/","url":"https:\/\/forraskut.hu\/index.php\/valasztasi-iroda\/","name":"Forr\u00e1sk\u00fati Helyi V\u00e1laszt\u00e1si Iroda - forraskut.hu","isPartOf":{"@id":"https:\/\/forraskut.hu\/#website"},"datePublished":"2023-12-05T15:05:23+00:00","dateModified":"2026-01-08T09:17:58+00:00","breadcrumb":{"@id":"https:\/\/forraskut.hu\/index.php\/valasztasi-iroda\/#breadcrumb"},"inLanguage":"hu","potentialAction":[{"@type":"ReadAction","target":["https:\/\/forraskut.hu\/index.php\/valasztasi-iroda\/"]}]},{"@type":"BreadcrumbList","@id":"https:\/\/forraskut.hu\/index.php\/valasztasi-iroda\/#breadcrumb","itemListElement":[{"@type":"ListItem","position":1,"name":"Kezd\u0151lap","item":"https:\/\/forraskut.hu\/"},{"@type":"ListItem","position":2,"name":"Forr\u00e1sk\u00fati Helyi V\u00e1laszt\u00e1si Iroda"}]},{"@type":"WebSite","@id":"https:\/\/forraskut.hu\/#website","url":"https:\/\/forraskut.hu\/","name":"forraskut.hu","description":"Forr\u00e1sk\u00fat k\u00f6zs\u00e9g hivatalos weboldala","potentialAction":[{"@type":"SearchAction","target":{"@type":"EntryPoint","urlTemplate":"https:\/\/forraskut.hu\/?s={search_term_string}"},"query-input":{"@type":"PropertyValueSpecification","valueRequired":true,"valueName":"search_term_string"}}],"inLanguage":"hu"}]}},"_links":{"self":[{"href":"https:\/\/forraskut.hu\/index.php\/wp-json\/wp\/v2\/pages\/2896"}],"collection":[{"href":"https:\/\/forraskut.hu\/index.php\/wp-json\/wp\/v2\/pages"}],"about":[{"href":"https:\/\/forraskut.hu\/index.php\/wp-json\/wp\/v2\/types\/page"}],"author":[{"embeddable":true,"href":"https:\/\/forraskut.hu\/index.php\/wp-json\/wp\/v2\/users\/2"}],"replies":[{"embeddable":true,"href":"https:\/\/forraskut.hu\/index.php\/wp-json\/wp\/v2\/comments?post=2896"}],"version-history":[{"count":8,"href":"https:\/\/forraskut.hu\/index.php\/wp-json\/wp\/v2\/pages\/2896\/revisions"}],"predecessor-version":[{"id":3805,"href":"https:\/\/forraskut.hu\/index.php\/wp-json\/wp\/v2\/pages\/2896\/revisions\/3805"}],"wp:attachment":[{"href":"https:\/\/forraskut.hu\/index.php\/wp-json\/wp\/v2\/media?parent=2896"}],"curies":[{"name":"wp","href":"https:\/\/api.w.org\/{rel}","templated":true}]}}