{"id":274,"date":"2017-11-22T15:19:35","date_gmt":"2017-11-22T14:19:35","guid":{"rendered":"http:\/\/forraskut.hu\/?page_id=274"},"modified":"2026-02-26T11:35:34","modified_gmt":"2026-02-26T10:35:34","slug":"adougy","status":"publish","type":"page","link":"https:\/\/forraskut.hu\/index.php\/adougy\/","title":{"rendered":"Ad\u00f3\u00fcgy let\u00f6lthet\u0151 nyomtatv\u00e1nyok"},"content":{"rendered":"<p class=\"last-modified\">Utolj\u00e1ra friss\u00edtve:&nbsp;  2026. febru\u00e1r 26.<\/p><p><a href=\"https:\/\/forraskut.hu\/wp-content\/uploads\/let\u00f6lthet\u0151%20dok\/ado\u00fcgy\/ostermeloi_nyilatkozat_2025_adoevre.pdf\" target=\"_blank\" rel=\"noopener\">\u0150stermel\u0151i nyilatkozat 2025. ad\u00f3\u00e9vre<\/a><\/p>\n<p><a href=\"https:\/\/forraskut.hu\/wp-content\/uploads\/let\u00f6lthet\u0151%20dok\/ado\u00fcgy\/mezogazdasagi-ostermelo-nemleges-nyilatkozata-2024.-evrol.pdf\" target=\"_blank\" rel=\"noopener\">\u0150stermel\u0151i nyilatkozat 2024. ad\u00f3\u00e9vre<\/a><\/p>\n<p><a href=\"https:\/\/forraskut.hu\/wp-content\/uploads\/let\u00f6lthet\u0151%20dok\/ado\u00fcgy\/ostermeloi-nyilatkozat-2020-adoevre.pdf\" target=\"_blank\" rel=\"noopener noreferrer\">\u0150stermel\u0151i nyilatkozat 2020. ad\u00f3\u00e9vre<\/a><\/p>\n<p><a href=\"https:\/\/forraskut.hu\/wp-content\/uploads\/2020\/04\/\u0151stermel\u0151i_nyilatkozat2019.pdf\" target=\"_blank\" rel=\"noopener noreferrer\">\u0150stermel\u0151i nyilatkozat 2019. ad\u00f3\u00e9vre<\/a><\/p>\n<p><a href=\"http:\/\/forraskut.hu\/wp-content\/uploads\/let\u00f6lthet\u0151%20dok\/ado\u00fcgy\/\u0151stermel\u0151i-nyilatkozat-2018.-ad\u00f3\u00e9vre.pdf\" target=\"_blank\" rel=\"noopener noreferrer\">\u0150stermel\u0151i nyilatkozat 2018. ad\u00f3\u00e9vre<\/a><\/p>\n<p><a href=\"http:\/\/forraskut.hu\/wp-content\/uploads\/let\u00f6lthet\u0151%20dok\/ado\u00fcgy\/desztill\u00e1l\u00f3\/MAG\u00c1NF\u0150Z\u00c9S-\u00d6SSZEFOGLAL\u00d3_2016.pdf\" target=\"_blank\" rel=\"noopener noreferrer\">Mag\u00e1nf\u0151z\u00e9s-\u00f6sszefoglal\u00f3 2016<\/a><\/p>\n<p><a href=\"http:\/\/forraskut.hu\/wp-content\/uploads\/let\u00f6lthet\u0151%20dok\/ado\u00fcgy\/desztill\u00e1l\u00f3\/Desztill\u00e1l\u00f3berendez\u00e9s%20bejelent\u00e9s.pdf\" target=\"_blank\" rel=\"noopener noreferrer\">Desztill\u00e1l\u00f3berendez\u00e9s bejelent\u00e9s<\/a><\/p>\n<p>&nbsp;<\/p>\n","protected":false},"excerpt":{"rendered":"<p>Utolj\u00e1ra friss\u00edtve:&nbsp; 2026. febru\u00e1r 26.\u0150stermel\u0151i nyilatkozat 2025. ad\u00f3\u00e9vre \u0150stermel\u0151i nyilatkozat 2024. ad\u00f3\u00e9vre \u0150stermel\u0151i nyilatkozat 2020. ad\u00f3\u00e9vre \u0150stermel\u0151i nyilatkozat 2019. ad\u00f3\u00e9vre \u0150stermel\u0151i nyilatkozat 2018. ad\u00f3\u00e9vre Mag\u00e1nf\u0151z\u00e9s-\u00f6sszefoglal\u00f3 2016 Desztill\u00e1l\u00f3berendez\u00e9s bejelent\u00e9s &nbsp;<\/p>\n","protected":false},"author":2,"featured_media":0,"parent":0,"menu_order":0,"comment_status":"closed","ping_status":"closed","template":"","meta":{"_exactmetrics_skip_tracking":false,"_exactmetrics_sitenote_active":false,"_exactmetrics_sitenote_note":"","_exactmetrics_sitenote_category":0,"footnotes":""},"yoast_head":"<!-- This site is optimized with the Yoast SEO plugin v23.4 - https:\/\/yoast.com\/wordpress\/plugins\/seo\/ -->\n<title>Ad\u00f3\u00fcgy let\u00f6lthet\u0151 nyomtatv\u00e1nyok - forraskut.hu<\/title>\n<meta name=\"robots\" content=\"index, follow, max-snippet:-1, max-image-preview:large, max-video-preview:-1\" \/>\n<link rel=\"canonical\" href=\"https:\/\/forraskut.hu\/index.php\/adougy\/\" \/>\n<meta property=\"og:locale\" content=\"hu_HU\" \/>\n<meta property=\"og:type\" content=\"article\" \/>\n<meta property=\"og:title\" content=\"Ad\u00f3\u00fcgy let\u00f6lthet\u0151 nyomtatv\u00e1nyok - forraskut.hu\" \/>\n<meta property=\"og:description\" content=\"Utolj\u00e1ra friss\u00edtve:&nbsp; 2026. febru\u00e1r 26.\u0150stermel\u0151i nyilatkozat 2025. ad\u00f3\u00e9vre \u0150stermel\u0151i nyilatkozat 2024. ad\u00f3\u00e9vre \u0150stermel\u0151i nyilatkozat 2020. ad\u00f3\u00e9vre \u0150stermel\u0151i nyilatkozat 2019. ad\u00f3\u00e9vre \u0150stermel\u0151i nyilatkozat 2018. ad\u00f3\u00e9vre Mag\u00e1nf\u0151z\u00e9s-\u00f6sszefoglal\u00f3 2016 Desztill\u00e1l\u00f3berendez\u00e9s bejelent\u00e9s &nbsp;\" \/>\n<meta property=\"og:url\" content=\"https:\/\/forraskut.hu\/index.php\/adougy\/\" \/>\n<meta property=\"og:site_name\" content=\"forraskut.hu\" \/>\n<meta property=\"article:modified_time\" content=\"2026-02-26T10:35:34+00:00\" \/>\n<meta name=\"twitter:card\" content=\"summary_large_image\" \/>\n<meta name=\"twitter:label1\" content=\"Becs\u00fclt olvas\u00e1si id\u0151\" \/>\n\t<meta name=\"twitter:data1\" content=\"1 perc\" \/>\n<script type=\"application\/ld+json\" class=\"yoast-schema-graph\">{\"@context\":\"https:\/\/schema.org\",\"@graph\":[{\"@type\":\"WebPage\",\"@id\":\"https:\/\/forraskut.hu\/index.php\/adougy\/\",\"url\":\"https:\/\/forraskut.hu\/index.php\/adougy\/\",\"name\":\"Ad\u00f3\u00fcgy let\u00f6lthet\u0151 nyomtatv\u00e1nyok - forraskut.hu\",\"isPartOf\":{\"@id\":\"https:\/\/forraskut.hu\/#website\"},\"datePublished\":\"2017-11-22T14:19:35+00:00\",\"dateModified\":\"2026-02-26T10:35:34+00:00\",\"breadcrumb\":{\"@id\":\"https:\/\/forraskut.hu\/index.php\/adougy\/#breadcrumb\"},\"inLanguage\":\"hu\",\"potentialAction\":[{\"@type\":\"ReadAction\",\"target\":[\"https:\/\/forraskut.hu\/index.php\/adougy\/\"]}]},{\"@type\":\"BreadcrumbList\",\"@id\":\"https:\/\/forraskut.hu\/index.php\/adougy\/#breadcrumb\",\"itemListElement\":[{\"@type\":\"ListItem\",\"position\":1,\"name\":\"Kezd\u0151lap\",\"item\":\"https:\/\/forraskut.hu\/\"},{\"@type\":\"ListItem\",\"position\":2,\"name\":\"Ad\u00f3\u00fcgy let\u00f6lthet\u0151 nyomtatv\u00e1nyok\"}]},{\"@type\":\"WebSite\",\"@id\":\"https:\/\/forraskut.hu\/#website\",\"url\":\"https:\/\/forraskut.hu\/\",\"name\":\"forraskut.hu\",\"description\":\"Forr\u00e1sk\u00fat k\u00f6zs\u00e9g hivatalos weboldala\",\"potentialAction\":[{\"@type\":\"SearchAction\",\"target\":{\"@type\":\"EntryPoint\",\"urlTemplate\":\"https:\/\/forraskut.hu\/?s={search_term_string}\"},\"query-input\":{\"@type\":\"PropertyValueSpecification\",\"valueRequired\":true,\"valueName\":\"search_term_string\"}}],\"inLanguage\":\"hu\"}]}<\/script>\n<!-- \/ Yoast SEO plugin. -->","yoast_head_json":{"title":"Ad\u00f3\u00fcgy let\u00f6lthet\u0151 nyomtatv\u00e1nyok - forraskut.hu","robots":{"index":"index","follow":"follow","max-snippet":"max-snippet:-1","max-image-preview":"max-image-preview:large","max-video-preview":"max-video-preview:-1"},"canonical":"https:\/\/forraskut.hu\/index.php\/adougy\/","og_locale":"hu_HU","og_type":"article","og_title":"Ad\u00f3\u00fcgy let\u00f6lthet\u0151 nyomtatv\u00e1nyok - forraskut.hu","og_description":"Utolj\u00e1ra friss\u00edtve:&nbsp; 2026. febru\u00e1r 26.\u0150stermel\u0151i nyilatkozat 2025. ad\u00f3\u00e9vre \u0150stermel\u0151i nyilatkozat 2024. ad\u00f3\u00e9vre \u0150stermel\u0151i nyilatkozat 2020. ad\u00f3\u00e9vre \u0150stermel\u0151i nyilatkozat 2019. ad\u00f3\u00e9vre \u0150stermel\u0151i nyilatkozat 2018. ad\u00f3\u00e9vre Mag\u00e1nf\u0151z\u00e9s-\u00f6sszefoglal\u00f3 2016 Desztill\u00e1l\u00f3berendez\u00e9s bejelent\u00e9s &nbsp;","og_url":"https:\/\/forraskut.hu\/index.php\/adougy\/","og_site_name":"forraskut.hu","article_modified_time":"2026-02-26T10:35:34+00:00","twitter_card":"summary_large_image","twitter_misc":{"Becs\u00fclt olvas\u00e1si id\u0151":"1 perc"},"schema":{"@context":"https:\/\/schema.org","@graph":[{"@type":"WebPage","@id":"https:\/\/forraskut.hu\/index.php\/adougy\/","url":"https:\/\/forraskut.hu\/index.php\/adougy\/","name":"Ad\u00f3\u00fcgy let\u00f6lthet\u0151 nyomtatv\u00e1nyok - forraskut.hu","isPartOf":{"@id":"https:\/\/forraskut.hu\/#website"},"datePublished":"2017-11-22T14:19:35+00:00","dateModified":"2026-02-26T10:35:34+00:00","breadcrumb":{"@id":"https:\/\/forraskut.hu\/index.php\/adougy\/#breadcrumb"},"inLanguage":"hu","potentialAction":[{"@type":"ReadAction","target":["https:\/\/forraskut.hu\/index.php\/adougy\/"]}]},{"@type":"BreadcrumbList","@id":"https:\/\/forraskut.hu\/index.php\/adougy\/#breadcrumb","itemListElement":[{"@type":"ListItem","position":1,"name":"Kezd\u0151lap","item":"https:\/\/forraskut.hu\/"},{"@type":"ListItem","position":2,"name":"Ad\u00f3\u00fcgy let\u00f6lthet\u0151 nyomtatv\u00e1nyok"}]},{"@type":"WebSite","@id":"https:\/\/forraskut.hu\/#website","url":"https:\/\/forraskut.hu\/","name":"forraskut.hu","description":"Forr\u00e1sk\u00fat k\u00f6zs\u00e9g hivatalos weboldala","potentialAction":[{"@type":"SearchAction","target":{"@type":"EntryPoint","urlTemplate":"https:\/\/forraskut.hu\/?s={search_term_string}"},"query-input":{"@type":"PropertyValueSpecification","valueRequired":true,"valueName":"search_term_string"}}],"inLanguage":"hu"}]}},"_links":{"self":[{"href":"https:\/\/forraskut.hu\/index.php\/wp-json\/wp\/v2\/pages\/274"}],"collection":[{"href":"https:\/\/forraskut.hu\/index.php\/wp-json\/wp\/v2\/pages"}],"about":[{"href":"https:\/\/forraskut.hu\/index.php\/wp-json\/wp\/v2\/types\/page"}],"author":[{"embeddable":true,"href":"https:\/\/forraskut.hu\/index.php\/wp-json\/wp\/v2\/users\/2"}],"replies":[{"embeddable":true,"href":"https:\/\/forraskut.hu\/index.php\/wp-json\/wp\/v2\/comments?post=274"}],"version-history":[{"count":8,"href":"https:\/\/forraskut.hu\/index.php\/wp-json\/wp\/v2\/pages\/274\/revisions"}],"predecessor-version":[{"id":3854,"href":"https:\/\/forraskut.hu\/index.php\/wp-json\/wp\/v2\/pages\/274\/revisions\/3854"}],"wp:attachment":[{"href":"https:\/\/forraskut.hu\/index.php\/wp-json\/wp\/v2\/media?parent=274"}],"curies":[{"name":"wp","href":"https:\/\/api.w.org\/{rel}","templated":true}]}}