{"id":2664,"date":"2023-03-01T08:27:41","date_gmt":"2023-03-01T07:27:41","guid":{"rendered":"https:\/\/forraskut.hu\/?page_id=2664"},"modified":"2023-03-01T08:30:29","modified_gmt":"2023-03-01T07:30:29","slug":"felelos-allattartas-elosegitese-2021","status":"publish","type":"page","link":"https:\/\/forraskut.hu\/index.php\/felelos-allattartas-elosegitese-2021\/","title":{"rendered":"Felel\u0151s \u00e1llattart\u00e1s el\u0151seg\u00edt\u00e9se"},"content":{"rendered":"<p><strong>Magyar Falu Program &#8222;Felel\u0151s \u00e1llattart\u00e1s el\u0151seg\u00edt\u00e9se &#8211; 2021.&#8221; c\u00edm\u0171 MFP-FAE\/2021. k\u00f3dsz\u00e1m\u00fa p\u00e1ly\u00e1zati ki\u00edr\u00e1s keret\u00e9ben elnyert t\u00e1mogat\u00e1s<\/strong><\/p>\n<p>A kedvezm\u00e9nyezett: Forr\u00e1sk\u00fat K\u00f6zs\u00e9g \u00d6nkorm\u00e1nyzata<\/p>\n<p>A Projekt c\u00edme: Felel\u0151s \u00e1llattart\u00e1s el\u0151seg\u00edt\u00e9se Forr\u00e1sk\u00faton<\/p>\n<p>Elnyert t\u00e1mogat\u00e1s \u00f6sszege: 1.500.000,- Ft<\/p>\n<p>A t\u00e1mogat\u00e1s elnyer\u00e9s\u00e9nek \u00e9ve: 2021.<\/p>\n<p>A projekt c\u00e9lja, hogy seg\u00edts\u00e9get ny\u00fajtson a nem k\u00edv\u00e1nt \u00e1llatszaporulat m\u00e9rs\u00e9kl\u00e9s\u00e9nek el\u0151mozd\u00edt\u00e1s\u00e1ra, a telep\u00fcl\u00e9s lak\u00f3inak tulajdon\u00e1ban l\u00e9v\u0151 ebek, macsk\u00e1k praxisenged\u00e9llyel rendelkez\u0151 \u00e1llatorvos \u00e1ltal elv\u00e9gzett ivartalan\u00edt\u00e1s\u00e1val.<\/p>\n<p><img loading=\"lazy\" decoding=\"async\" class=\"aligncenter size-full wp-image-2610\" src=\"https:\/\/forraskut.hu\/wp-content\/uploads\/2022\/11\/MFP_logo_RGB_koralaku.jpg\" alt=\"\" width=\"523\" height=\"494\" srcset=\"https:\/\/forraskut.hu\/wp-content\/uploads\/2022\/11\/MFP_logo_RGB_koralaku.jpg 523w, https:\/\/forraskut.hu\/wp-content\/uploads\/2022\/11\/MFP_logo_RGB_koralaku-300x283.jpg 300w\" sizes=\"(max-width: 523px) 100vw, 523px\" \/><\/p>\n","protected":false},"excerpt":{"rendered":"<p>Magyar Falu Program &#8222;Felel\u0151s \u00e1llattart\u00e1s el\u0151seg\u00edt\u00e9se &#8211; 2021.&#8221; c\u00edm\u0171 MFP-FAE\/2021. k\u00f3dsz\u00e1m\u00fa p\u00e1ly\u00e1zati ki\u00edr\u00e1s keret\u00e9ben elnyert t\u00e1mogat\u00e1s A kedvezm\u00e9nyezett: Forr\u00e1sk\u00fat K\u00f6zs\u00e9g \u00d6nkorm\u00e1nyzata A Projekt c\u00edme: Felel\u0151s \u00e1llattart\u00e1s el\u0151seg\u00edt\u00e9se Forr\u00e1sk\u00faton Elnyert t\u00e1mogat\u00e1s \u00f6sszege: 1.500.000,- Ft A t\u00e1mogat\u00e1s elnyer\u00e9s\u00e9nek \u00e9ve: 2021. A projekt c\u00e9lja, hogy seg\u00edts\u00e9get ny\u00fajtson a nem k\u00edv\u00e1nt \u00e1llatszaporulat m\u00e9rs\u00e9kl\u00e9s\u00e9nek el\u0151mozd\u00edt\u00e1s\u00e1ra, a telep\u00fcl\u00e9s lak\u00f3inak tulajdon\u00e1ban l\u00e9v\u0151 [&hellip;]<\/p>\n","protected":false},"author":2,"featured_media":0,"parent":0,"menu_order":0,"comment_status":"closed","ping_status":"closed","template":"","meta":{"_exactmetrics_skip_tracking":false,"_exactmetrics_sitenote_active":false,"_exactmetrics_sitenote_note":"","_exactmetrics_sitenote_category":0,"footnotes":""},"yoast_head":"<!-- This site is optimized with the Yoast SEO plugin v23.4 - https:\/\/yoast.com\/wordpress\/plugins\/seo\/ -->\n<title>Felel\u0151s \u00e1llattart\u00e1s el\u0151seg\u00edt\u00e9se - forraskut.hu<\/title>\n<meta name=\"robots\" content=\"index, follow, max-snippet:-1, max-image-preview:large, max-video-preview:-1\" \/>\n<link rel=\"canonical\" href=\"https:\/\/forraskut.hu\/index.php\/felelos-allattartas-elosegitese-2021\/\" \/>\n<meta property=\"og:locale\" content=\"hu_HU\" \/>\n<meta property=\"og:type\" content=\"article\" \/>\n<meta property=\"og:title\" content=\"Felel\u0151s \u00e1llattart\u00e1s el\u0151seg\u00edt\u00e9se - forraskut.hu\" \/>\n<meta property=\"og:description\" content=\"Magyar Falu Program &#8222;Felel\u0151s \u00e1llattart\u00e1s el\u0151seg\u00edt\u00e9se &#8211; 2021.&#8221; c\u00edm\u0171 MFP-FAE\/2021. k\u00f3dsz\u00e1m\u00fa p\u00e1ly\u00e1zati ki\u00edr\u00e1s keret\u00e9ben elnyert t\u00e1mogat\u00e1s A kedvezm\u00e9nyezett: Forr\u00e1sk\u00fat K\u00f6zs\u00e9g \u00d6nkorm\u00e1nyzata A Projekt c\u00edme: Felel\u0151s \u00e1llattart\u00e1s el\u0151seg\u00edt\u00e9se Forr\u00e1sk\u00faton Elnyert t\u00e1mogat\u00e1s \u00f6sszege: 1.500.000,- Ft A t\u00e1mogat\u00e1s elnyer\u00e9s\u00e9nek \u00e9ve: 2021. A projekt c\u00e9lja, hogy seg\u00edts\u00e9get ny\u00fajtson a nem k\u00edv\u00e1nt \u00e1llatszaporulat m\u00e9rs\u00e9kl\u00e9s\u00e9nek el\u0151mozd\u00edt\u00e1s\u00e1ra, a telep\u00fcl\u00e9s lak\u00f3inak tulajdon\u00e1ban l\u00e9v\u0151 [&hellip;]\" \/>\n<meta property=\"og:url\" content=\"https:\/\/forraskut.hu\/index.php\/felelos-allattartas-elosegitese-2021\/\" \/>\n<meta property=\"og:site_name\" content=\"forraskut.hu\" \/>\n<meta property=\"article:modified_time\" content=\"2023-03-01T07:30:29+00:00\" \/>\n<meta property=\"og:image\" content=\"https:\/\/forraskut.hu\/wp-content\/uploads\/2022\/11\/MFP_logo_RGB_koralaku.jpg\" \/>\n<meta name=\"twitter:card\" content=\"summary_large_image\" \/>\n<meta name=\"twitter:label1\" content=\"Becs\u00fclt olvas\u00e1si id\u0151\" \/>\n\t<meta name=\"twitter:data1\" content=\"1 perc\" \/>\n<script type=\"application\/ld+json\" class=\"yoast-schema-graph\">{\"@context\":\"https:\/\/schema.org\",\"@graph\":[{\"@type\":\"WebPage\",\"@id\":\"https:\/\/forraskut.hu\/index.php\/felelos-allattartas-elosegitese-2021\/\",\"url\":\"https:\/\/forraskut.hu\/index.php\/felelos-allattartas-elosegitese-2021\/\",\"name\":\"Felel\u0151s \u00e1llattart\u00e1s el\u0151seg\u00edt\u00e9se - forraskut.hu\",\"isPartOf\":{\"@id\":\"https:\/\/forraskut.hu\/#website\"},\"primaryImageOfPage\":{\"@id\":\"https:\/\/forraskut.hu\/index.php\/felelos-allattartas-elosegitese-2021\/#primaryimage\"},\"image\":{\"@id\":\"https:\/\/forraskut.hu\/index.php\/felelos-allattartas-elosegitese-2021\/#primaryimage\"},\"thumbnailUrl\":\"https:\/\/forraskut.hu\/wp-content\/uploads\/2022\/11\/MFP_logo_RGB_koralaku.jpg\",\"datePublished\":\"2023-03-01T07:27:41+00:00\",\"dateModified\":\"2023-03-01T07:30:29+00:00\",\"breadcrumb\":{\"@id\":\"https:\/\/forraskut.hu\/index.php\/felelos-allattartas-elosegitese-2021\/#breadcrumb\"},\"inLanguage\":\"hu\",\"potentialAction\":[{\"@type\":\"ReadAction\",\"target\":[\"https:\/\/forraskut.hu\/index.php\/felelos-allattartas-elosegitese-2021\/\"]}]},{\"@type\":\"ImageObject\",\"inLanguage\":\"hu\",\"@id\":\"https:\/\/forraskut.hu\/index.php\/felelos-allattartas-elosegitese-2021\/#primaryimage\",\"url\":\"https:\/\/forraskut.hu\/wp-content\/uploads\/2022\/11\/MFP_logo_RGB_koralaku.jpg\",\"contentUrl\":\"https:\/\/forraskut.hu\/wp-content\/uploads\/2022\/11\/MFP_logo_RGB_koralaku.jpg\",\"width\":523,\"height\":494},{\"@type\":\"BreadcrumbList\",\"@id\":\"https:\/\/forraskut.hu\/index.php\/felelos-allattartas-elosegitese-2021\/#breadcrumb\",\"itemListElement\":[{\"@type\":\"ListItem\",\"position\":1,\"name\":\"Kezd\u0151lap\",\"item\":\"https:\/\/forraskut.hu\/\"},{\"@type\":\"ListItem\",\"position\":2,\"name\":\"Felel\u0151s \u00e1llattart\u00e1s el\u0151seg\u00edt\u00e9se\"}]},{\"@type\":\"WebSite\",\"@id\":\"https:\/\/forraskut.hu\/#website\",\"url\":\"https:\/\/forraskut.hu\/\",\"name\":\"forraskut.hu\",\"description\":\"Forr\u00e1sk\u00fat k\u00f6zs\u00e9g hivatalos weboldala\",\"potentialAction\":[{\"@type\":\"SearchAction\",\"target\":{\"@type\":\"EntryPoint\",\"urlTemplate\":\"https:\/\/forraskut.hu\/?s={search_term_string}\"},\"query-input\":{\"@type\":\"PropertyValueSpecification\",\"valueRequired\":true,\"valueName\":\"search_term_string\"}}],\"inLanguage\":\"hu\"}]}<\/script>\n<!-- \/ Yoast SEO plugin. -->","yoast_head_json":{"title":"Felel\u0151s \u00e1llattart\u00e1s el\u0151seg\u00edt\u00e9se - forraskut.hu","robots":{"index":"index","follow":"follow","max-snippet":"max-snippet:-1","max-image-preview":"max-image-preview:large","max-video-preview":"max-video-preview:-1"},"canonical":"https:\/\/forraskut.hu\/index.php\/felelos-allattartas-elosegitese-2021\/","og_locale":"hu_HU","og_type":"article","og_title":"Felel\u0151s \u00e1llattart\u00e1s el\u0151seg\u00edt\u00e9se - forraskut.hu","og_description":"Magyar Falu Program &#8222;Felel\u0151s \u00e1llattart\u00e1s el\u0151seg\u00edt\u00e9se &#8211; 2021.&#8221; c\u00edm\u0171 MFP-FAE\/2021. k\u00f3dsz\u00e1m\u00fa p\u00e1ly\u00e1zati ki\u00edr\u00e1s keret\u00e9ben elnyert t\u00e1mogat\u00e1s A kedvezm\u00e9nyezett: Forr\u00e1sk\u00fat K\u00f6zs\u00e9g \u00d6nkorm\u00e1nyzata A Projekt c\u00edme: Felel\u0151s \u00e1llattart\u00e1s el\u0151seg\u00edt\u00e9se Forr\u00e1sk\u00faton Elnyert t\u00e1mogat\u00e1s \u00f6sszege: 1.500.000,- Ft A t\u00e1mogat\u00e1s elnyer\u00e9s\u00e9nek \u00e9ve: 2021. A projekt c\u00e9lja, hogy seg\u00edts\u00e9get ny\u00fajtson a nem k\u00edv\u00e1nt \u00e1llatszaporulat m\u00e9rs\u00e9kl\u00e9s\u00e9nek el\u0151mozd\u00edt\u00e1s\u00e1ra, a telep\u00fcl\u00e9s lak\u00f3inak tulajdon\u00e1ban l\u00e9v\u0151 [&hellip;]","og_url":"https:\/\/forraskut.hu\/index.php\/felelos-allattartas-elosegitese-2021\/","og_site_name":"forraskut.hu","article_modified_time":"2023-03-01T07:30:29+00:00","og_image":[{"url":"https:\/\/forraskut.hu\/wp-content\/uploads\/2022\/11\/MFP_logo_RGB_koralaku.jpg"}],"twitter_card":"summary_large_image","twitter_misc":{"Becs\u00fclt olvas\u00e1si id\u0151":"1 perc"},"schema":{"@context":"https:\/\/schema.org","@graph":[{"@type":"WebPage","@id":"https:\/\/forraskut.hu\/index.php\/felelos-allattartas-elosegitese-2021\/","url":"https:\/\/forraskut.hu\/index.php\/felelos-allattartas-elosegitese-2021\/","name":"Felel\u0151s \u00e1llattart\u00e1s el\u0151seg\u00edt\u00e9se - forraskut.hu","isPartOf":{"@id":"https:\/\/forraskut.hu\/#website"},"primaryImageOfPage":{"@id":"https:\/\/forraskut.hu\/index.php\/felelos-allattartas-elosegitese-2021\/#primaryimage"},"image":{"@id":"https:\/\/forraskut.hu\/index.php\/felelos-allattartas-elosegitese-2021\/#primaryimage"},"thumbnailUrl":"https:\/\/forraskut.hu\/wp-content\/uploads\/2022\/11\/MFP_logo_RGB_koralaku.jpg","datePublished":"2023-03-01T07:27:41+00:00","dateModified":"2023-03-01T07:30:29+00:00","breadcrumb":{"@id":"https:\/\/forraskut.hu\/index.php\/felelos-allattartas-elosegitese-2021\/#breadcrumb"},"inLanguage":"hu","potentialAction":[{"@type":"ReadAction","target":["https:\/\/forraskut.hu\/index.php\/felelos-allattartas-elosegitese-2021\/"]}]},{"@type":"ImageObject","inLanguage":"hu","@id":"https:\/\/forraskut.hu\/index.php\/felelos-allattartas-elosegitese-2021\/#primaryimage","url":"https:\/\/forraskut.hu\/wp-content\/uploads\/2022\/11\/MFP_logo_RGB_koralaku.jpg","contentUrl":"https:\/\/forraskut.hu\/wp-content\/uploads\/2022\/11\/MFP_logo_RGB_koralaku.jpg","width":523,"height":494},{"@type":"BreadcrumbList","@id":"https:\/\/forraskut.hu\/index.php\/felelos-allattartas-elosegitese-2021\/#breadcrumb","itemListElement":[{"@type":"ListItem","position":1,"name":"Kezd\u0151lap","item":"https:\/\/forraskut.hu\/"},{"@type":"ListItem","position":2,"name":"Felel\u0151s \u00e1llattart\u00e1s el\u0151seg\u00edt\u00e9se"}]},{"@type":"WebSite","@id":"https:\/\/forraskut.hu\/#website","url":"https:\/\/forraskut.hu\/","name":"forraskut.hu","description":"Forr\u00e1sk\u00fat k\u00f6zs\u00e9g hivatalos weboldala","potentialAction":[{"@type":"SearchAction","target":{"@type":"EntryPoint","urlTemplate":"https:\/\/forraskut.hu\/?s={search_term_string}"},"query-input":{"@type":"PropertyValueSpecification","valueRequired":true,"valueName":"search_term_string"}}],"inLanguage":"hu"}]}},"_links":{"self":[{"href":"https:\/\/forraskut.hu\/index.php\/wp-json\/wp\/v2\/pages\/2664"}],"collection":[{"href":"https:\/\/forraskut.hu\/index.php\/wp-json\/wp\/v2\/pages"}],"about":[{"href":"https:\/\/forraskut.hu\/index.php\/wp-json\/wp\/v2\/types\/page"}],"author":[{"embeddable":true,"href":"https:\/\/forraskut.hu\/index.php\/wp-json\/wp\/v2\/users\/2"}],"replies":[{"embeddable":true,"href":"https:\/\/forraskut.hu\/index.php\/wp-json\/wp\/v2\/comments?post=2664"}],"version-history":[{"count":2,"href":"https:\/\/forraskut.hu\/index.php\/wp-json\/wp\/v2\/pages\/2664\/revisions"}],"predecessor-version":[{"id":2667,"href":"https:\/\/forraskut.hu\/index.php\/wp-json\/wp\/v2\/pages\/2664\/revisions\/2667"}],"wp:attachment":[{"href":"https:\/\/forraskut.hu\/index.php\/wp-json\/wp\/v2\/media?parent=2664"}],"curies":[{"name":"wp","href":"https:\/\/api.w.org\/{rel}","templated":true}]}}