{"id":2432,"date":"2022-03-10T11:30:37","date_gmt":"2022-03-10T10:30:37","guid":{"rendered":"https:\/\/forraskut.hu\/?page_id=2432"},"modified":"2023-08-09T09:46:19","modified_gmt":"2023-08-09T08:46:19","slug":"forraskut-kozseg-csapadekviz-elvezeto-rendszerenek-fejlesztese","status":"publish","type":"page","link":"https:\/\/forraskut.hu\/index.php\/forraskut-kozseg-csapadekviz-elvezeto-rendszerenek-fejlesztese\/","title":{"rendered":"Forr\u00e1sk\u00fat k\u00f6zs\u00e9g csapad\u00e9kv\u00edz elvezet\u0151 rendszer\u00e9nek fejleszt\u00e9se"},"content":{"rendered":"<p class=\"last-modified\">Utolj\u00e1ra friss\u00edtve:&nbsp;  2023. augusztus 9.<\/p>\r\n<p>&nbsp;<\/p>\r\n\r\n\r\n\r\n<div class=\"wp-block-senff-sticky-block\" data-topspace=\"0\" data-cfa=\"true\" data-minwidth=\"0\" data-maxwidth=\"99999\" data-pushup=\"\" data-zindex=\"1\">\r\n<div class=\"wp-block-image\">\r\n<figure class=\"alignright size-large is-resized\"><img loading=\"lazy\" decoding=\"async\" class=\"wp-image-2338\" src=\"https:\/\/forraskut.hu\/wp-content\/uploads\/2021\/11\/sz2020regionalis-alap.png\" alt=\"\" width=\"224\" height=\"157\" srcset=\"https:\/\/forraskut.hu\/wp-content\/uploads\/2021\/11\/sz2020regionalis-alap.png 352w, https:\/\/forraskut.hu\/wp-content\/uploads\/2021\/11\/sz2020regionalis-alap-300x210.png 300w\" sizes=\"(max-width: 224px) 100vw, 224px\" \/><\/figure>\r\n<\/div>\r\n<\/div>\r\n\r\n\r\n\r\n<p style=\"text-align: justify;\"><strong>Forr\u00e1sk\u00fat K\u00f6zs\u00e9g \u00d6nkorm\u00e1nyzata 200 000 000 Forint vissza nem t\u00e9r\u00edtend\u0151 t\u00e1mogat\u00e1st nyert a TOP-2.1.3<\/strong> <strong>-16-CS1-2021-00022 projekt azonos\u00edt\u00f3sz\u00e1m\u00fa \u201eForr\u00e1sk\u00fat k\u00f6zs\u00e9g csapad\u00e9kv\u00edz elvezet\u0151 rendszer\u00e9nek fejleszt\u00e9se\u201d c. p\u00e1ly\u00e1zaton bel\u00fcl. <\/strong><\/p>\r\n<p>Kedvezm\u00e9nyezett neve: Forr\u00e1sk\u00fat K\u00f6zs\u00e9g \u00d6nkorm\u00e1nyzata<\/p>\r\n<p>Projekt azonos\u00edt\u00f3 sz\u00e1ma: TOP-2.1.3-16-CS1-2021-00022<\/p>\r\n<p>A szerz\u0151d\u00f6tt t\u00e1mogat\u00e1s \u00f6sszege: 200\u00a0000 000 Ft<\/p>\r\n<p>T\u00e1mogat\u00e1s m\u00e9rt\u00e9ke: 100%<\/p>\r\n<p>A projekt tervezett befejez\u00e9si d\u00e1tuma: 2022.12.31.<\/p>\r\n<p>A l\u00e9tes\u00edtm\u00e9ny m\u0171szaki \u00e1tad\u00e1s-\u00e1tv\u00e9tele 2022.12.19-\u00e9n sikeresen megt\u00f6rt\u00e9nt. A beruh\u00e1z\u00e1s sor\u00e1n rekonstru\u00e1l\u00e1sra ker\u00fclt 2 925,1 fm csatorna.<\/p>\r\n<p>&nbsp;<\/p>\r\n<p>A projekt tartalm\u00e1nak bemutat\u00e1sa:<\/p>\r\n<p><strong>\u00a0<\/strong><strong>A1 jel\u0171 \u00f6bl\u00f6zet:<\/strong><\/p>\r\n<p style=\"text-align: justify;\">A Sz\u00e9chenyi utc\u00e1ban az utca p\u00e1ratlan oldal\u00e1n ny\u00edlt burkolt, szikkaszt\u00f3 elemekkel ker\u00fcl kialak\u00edt\u00e1sa a csatorna. A M\u00f3ra Ferenc utc\u00e1ban (G\u00e1rdonyi G\u00e9za utca \u2013 Sz\u00e9chenyi utca k\u00f6z\u00f6tti szakaszon) az utca p\u00e1ros oldal\u00e1n \u00e9p\u00fcl ny\u00edlt burkolt, szikkaszt\u00f3 elemekkel v\u00edzelvezet\u0151 csatorna. A G\u00e1rdonyi G\u00e9za utc\u00e1ban (F\u0151 utca \u2013 J\u00f3zsef Attila utca k\u00f6z\u00f6tti szakasz\u00e1n) p\u00e1ratlan oldalon \u00e9p\u00edtend\u0151 ny\u00edlt burkolt, szikkaszt\u00f3 elemes csatorna. A F\u0151 utc\u00e1n (J\u00f3kai M\u00f3r utca \u2013 Boross J\u00f3zsef utca k\u00f6z\u00f6tti szakaszon) az 5405. jel\u0171 k\u00f6zleked\u00e9si \u00fat mellett sziv\u00e1rg\u00f3s rendszer nem \u00e9p\u00edthet\u0151 meg az al\u00e1mos\u00f3d\u00e1s miatt, ez\u00e9rt az utca p\u00e1ros oldal\u00e1n ny\u00edlt, burkolt csatorna \u00e9p\u00fcl. A Boross J\u00f3zsef utc\u00e1ban a d\u00e9lkeleti oldalon ker\u00fcl kialak\u00edt\u00e1sa ny\u00edlt burkolt, szikkaszt\u00f3 elemes csatorna. A Bem utca p\u00e1ratlan oldal\u00e1n \u00e9p\u00fcl ny\u00edlt burkolt, szikkaszt\u00f3 elemekkel csatorna, amely a sportp\u00e1lya m\u00f6g\u00f6tti ter\u00fclet \u00e9s az \u00f6lt\u00f6z\u0151k v\u00edztelen\u00edt\u00e9s\u00e9t is megoldja. A Kossuth Lajos utc\u00e1ban (J\u00f3kai M\u00f3r utca \u2013 Boross J\u00f3zsef utca k\u00f6z\u00f6tti szakasz) \u00e9p\u00fcl ny\u00edlt burkolt, szikkaszt\u00f3 elemekkel csatorna, amely a k\u00e9s\u0151bbiekben fogadni tudja a Tavasz utca csapad\u00e9kvizeit is.<\/p>\r\n<p><strong>\u00a0<\/strong><strong>A2 jel\u0171 \u00f6bl\u00f6zet: <\/strong><\/p>\r\n<p style=\"text-align: justify;\">J\u00f3zsef Attila utc\u00e1ban a Csongr\u00e1di utca \u2013 Piac t\u00e9r k\u00f6z\u00f6tti szakaszon az utca p\u00e1ros oldal\u00e1n az \u00fatburkolattal p\u00e1rhuzamosan foly\u00f3ka \u00e9p\u00fclne. Az utc\u00e1ban t\u00f6bb k\u00f6zint\u00e9zm\u00e9ny: orvosi rendel\u0151, gy\u00f3gyszert\u00e1r, piac tal\u00e1lhat\u00f3.<\/p>\r\n<p><strong>A3 jel\u0171 \u00f6bl\u00f6zet: <\/strong><\/p>\r\n<p style=\"text-align: justify;\">Pet\u0151fi S\u00e1ndor utca \u00e9szakkeleti oldal\u00e1n jelenleg is tal\u00e1lhat\u00f3 ny\u00edlt csatorna, amely 1,3 m\u00e9teres m\u00e9lys\u00e9ge miatt balesetvesz\u00e9lyes, k\u00fcl\u00f6n\u00f6sen az utc\u00e1ban tal\u00e1lhat\u00f3 \u00f3voda \u00e9s j\u00e1tsz\u00f3t\u00e9r miatt, ez\u00e9rt a beruh\u00e1z\u00f3 ennek z\u00e1rtt\u00e1 t\u00e9tel\u00e9t tervezi a balesetvesz\u00e9ly kik\u00fcsz\u00f6b\u00f6l\u00e9se \u00e9rdek\u00e9ben. Ez a csatorna a k\u00e9s\u0151bbiekben ki\u00e9p\u00edtend\u0151 utc\u00e1k (Arany J\u00e1nos, Zr\u00ednyi, D\u00f3zsa Gy\u00f6rgy, Munk\u00e1csy Mih\u00e1ly, Halad\u00e1s utca) ny\u00edlt, szikkaszt\u00f3 jelleg\u0171 csatorn\u00e1inak befogad\u00f3ja lesz.<\/p>\r\n<p><strong>\u00a0<\/strong><strong>A4 jel\u0171 \u00f6bl\u00f6zet: <\/strong><\/p>\r\n<p style=\"text-align: justify;\">Iskola utc\u00e1ban jelenleg nincs csatorna, mely el tudn\u00e1 vezetni az utc\u00e1ban meg\u00e9p\u00fclt \u00e1ltal\u00e1nos iskola sportp\u00e1ly\u00e1nak ter\u00fclet\u00e9r\u0151l kiker\u00fcl\u0151 csapad\u00e9kvizet. Az utca 6,2 m\u00e9teres sz\u00e9less\u00e9ge miatt z\u00e1rt csatorna \u00e9p\u00edthet\u0151 ki az Ady Endre utc\u00e1ig, amely a k\u00e9s\u0151bbiekben az Ady Endre utca fel\u0151l \u00e9rkez\u0151 csapad\u00e9kot is fogadni tudja.<\/p>\r\n<p>&nbsp;<\/p>\r\n<p>&nbsp;<\/p>\r\n<p>&nbsp;<\/p>\r\n<p>Tov\u00e1bbi inform\u00e1ci\u00f3 k\u00e9rhet\u0151: dr Kap\u00e1s Anita, <a href=\"mailto:jegyzo@forraskut.hu\">jegyzo@forraskut.hu<\/a> el\u00e9rhet\u0151s\u00e9gen.<\/p>\r\n<p><a href=\"https:\/\/forraskut.hu\/wp-content\/uploads\/2023\/06\/Forraskut_20230607-Forraskut-kozseg-csapadekviz-elvezeto-rendszerenek-fejlesztese.pdf\" target=\"_blank\" rel=\"noopener noreferrer\">Forr\u00e1sk\u00fat k\u00f6zs\u00e9g csapad\u00e9kv\u00edz elvezet\u0151 rendszer\u00e9nek fejleszt\u00e9se<\/a><\/p>\r\n<p><a href=\"https:\/\/forraskut.hu\/wp-content\/uploads\/2023\/06\/Forraskut_lakossagi-forum_2023-klimatudatossag-a-csapadekviz-teren.pdf\" target=\"_blank\" rel=\"noopener noreferrer\">Kl\u00edmatudatoss\u00e1g a csapad\u00e9kv\u00edz ter\u00e9n<\/a><\/p>\r\n<p><a href=\"https:\/\/forraskut.hu\/wp-content\/uploads\/2023\/08\/Letesitmeny-jegyzek-Forraskut-v.pdf\" target=\"_blank\" rel=\"noopener noreferrer\">L\u00e9tes\u00edtm\u00e9nyjegyz\u00e9k<\/a><\/p>\r\n<p>&nbsp;<\/p>\r\n\n\t\t<style type=\"text\/css\">\n\t\t\t#gallery-1 {\n\t\t\t\tmargin: auto;\n\t\t\t}\n\t\t\t#gallery-1 .gallery-item {\n\t\t\t\tfloat: left;\n\t\t\t\tmargin-top: 10px;\n\t\t\t\ttext-align: center;\n\t\t\t\twidth: 33%;\n\t\t\t}\n\t\t\t#gallery-1 img {\n\t\t\t\tborder: 2px solid #cfcfcf;\n\t\t\t}\n\t\t\t#gallery-1 .gallery-caption {\n\t\t\t\tmargin-left: 0;\n\t\t\t}\n\t\t\t\/* see gallery_shortcode() in wp-includes\/media.php *\/\n\t\t<\/style>\n\t\t<div id='gallery-1' class='gallery galleryid-2432 gallery-columns-3 gallery-size-thumbnail'><dl class='gallery-item'>\n\t\t\t<dt class='gallery-icon landscape'>\n\t\t\t\t<a href='https:\/\/forraskut.hu\/wp-content\/uploads\/2023\/08\/20230607_112040-scaled.jpg'><img loading=\"lazy\" decoding=\"async\" width=\"150\" height=\"150\" src=\"https:\/\/forraskut.hu\/wp-content\/uploads\/2023\/08\/20230607_112040-150x150.jpg\" class=\"attachment-thumbnail size-thumbnail\" alt=\"\" \/><\/a>\n\t\t\t<\/dt><\/dl><dl class='gallery-item'>\n\t\t\t<dt class='gallery-icon landscape'>\n\t\t\t\t<a href='https:\/\/forraskut.hu\/wp-content\/uploads\/2023\/08\/20230607_112213-scaled.jpg'><img loading=\"lazy\" decoding=\"async\" width=\"150\" height=\"150\" src=\"https:\/\/forraskut.hu\/wp-content\/uploads\/2023\/08\/20230607_112213-150x150.jpg\" class=\"attachment-thumbnail size-thumbnail\" alt=\"\" \/><\/a>\n\t\t\t<\/dt><\/dl><dl class='gallery-item'>\n\t\t\t<dt class='gallery-icon landscape'>\n\t\t\t\t<a href='https:\/\/forraskut.hu\/wp-content\/uploads\/2023\/08\/20230607_112505-scaled.jpg'><img loading=\"lazy\" decoding=\"async\" width=\"150\" height=\"150\" src=\"https:\/\/forraskut.hu\/wp-content\/uploads\/2023\/08\/20230607_112505-150x150.jpg\" class=\"attachment-thumbnail size-thumbnail\" alt=\"\" \/><\/a>\n\t\t\t<\/dt><\/dl><br style=\"clear: both\" \/><dl class='gallery-item'>\n\t\t\t<dt class='gallery-icon landscape'>\n\t\t\t\t<a href='https:\/\/forraskut.hu\/wp-content\/uploads\/2023\/08\/20230607_112702-scaled.jpg'><img loading=\"lazy\" decoding=\"async\" width=\"150\" height=\"150\" src=\"https:\/\/forraskut.hu\/wp-content\/uploads\/2023\/08\/20230607_112702-150x150.jpg\" class=\"attachment-thumbnail size-thumbnail\" alt=\"\" \/><\/a>\n\t\t\t<\/dt><\/dl><dl class='gallery-item'>\n\t\t\t<dt class='gallery-icon landscape'>\n\t\t\t\t<a href='https:\/\/forraskut.hu\/wp-content\/uploads\/2023\/08\/20230607_113047-scaled.jpg'><img loading=\"lazy\" decoding=\"async\" width=\"150\" height=\"150\" src=\"https:\/\/forraskut.hu\/wp-content\/uploads\/2023\/08\/20230607_113047-150x150.jpg\" class=\"attachment-thumbnail size-thumbnail\" alt=\"\" \/><\/a>\n\t\t\t<\/dt><\/dl><dl class='gallery-item'>\n\t\t\t<dt class='gallery-icon landscape'>\n\t\t\t\t<a href='https:\/\/forraskut.hu\/wp-content\/uploads\/2023\/08\/20230607_113253-scaled.jpg'><img loading=\"lazy\" decoding=\"async\" width=\"150\" height=\"150\" src=\"https:\/\/forraskut.hu\/wp-content\/uploads\/2023\/08\/20230607_113253-150x150.jpg\" class=\"attachment-thumbnail size-thumbnail\" alt=\"\" \/><\/a>\n\t\t\t<\/dt><\/dl><br style=\"clear: both\" \/>\n\t\t<\/div>\n\r\n<p><img loading=\"lazy\" decoding=\"async\" class=\"aligncenter size-full wp-image-2442\" src=\"https:\/\/forraskut.hu\/wp-content\/uploads\/2022\/03\/Forraskut-kozseg-csapadekviz.png\" alt=\"\" width=\"643\" height=\"370\" srcset=\"https:\/\/forraskut.hu\/wp-content\/uploads\/2022\/03\/Forraskut-kozseg-csapadekviz.png 643w, https:\/\/forraskut.hu\/wp-content\/uploads\/2022\/03\/Forraskut-kozseg-csapadekviz-300x173.png 300w\" sizes=\"(max-width: 643px) 100vw, 643px\" \/><\/p>\r\n","protected":false},"excerpt":{"rendered":"<p>Utolj\u00e1ra friss\u00edtve:&nbsp; 2023. augusztus 9. &nbsp; Forr\u00e1sk\u00fat K\u00f6zs\u00e9g \u00d6nkorm\u00e1nyzata 200 000 000 Forint vissza nem t\u00e9r\u00edtend\u0151 t\u00e1mogat\u00e1st nyert a TOP-2.1.3 -16-CS1-2021-00022 projekt azonos\u00edt\u00f3sz\u00e1m\u00fa \u201eForr\u00e1sk\u00fat k\u00f6zs\u00e9g csapad\u00e9kv\u00edz elvezet\u0151 rendszer\u00e9nek fejleszt\u00e9se\u201d c. p\u00e1ly\u00e1zaton bel\u00fcl. Kedvezm\u00e9nyezett neve: Forr\u00e1sk\u00fat K\u00f6zs\u00e9g \u00d6nkorm\u00e1nyzata Projekt azonos\u00edt\u00f3 sz\u00e1ma: TOP-2.1.3-16-CS1-2021-00022 A szerz\u0151d\u00f6tt t\u00e1mogat\u00e1s \u00f6sszege: 200\u00a0000 000 Ft T\u00e1mogat\u00e1s m\u00e9rt\u00e9ke: 100% A projekt tervezett befejez\u00e9si [&hellip;]<\/p>\n","protected":false},"author":2,"featured_media":0,"parent":0,"menu_order":0,"comment_status":"closed","ping_status":"closed","template":"","meta":{"_exactmetrics_skip_tracking":false,"_exactmetrics_sitenote_active":false,"_exactmetrics_sitenote_note":"","_exactmetrics_sitenote_category":0,"footnotes":""},"yoast_head":"<!-- This site is optimized with the Yoast SEO plugin v23.4 - https:\/\/yoast.com\/wordpress\/plugins\/seo\/ -->\n<title>Forr\u00e1sk\u00fat k\u00f6zs\u00e9g csapad\u00e9kv\u00edz elvezet\u0151 rendszer\u00e9nek fejleszt\u00e9se - forraskut.hu<\/title>\n<meta name=\"robots\" content=\"index, follow, max-snippet:-1, max-image-preview:large, max-video-preview:-1\" \/>\n<link rel=\"canonical\" href=\"https:\/\/forraskut.hu\/index.php\/forraskut-kozseg-csapadekviz-elvezeto-rendszerenek-fejlesztese\/\" \/>\n<meta property=\"og:locale\" content=\"hu_HU\" \/>\n<meta property=\"og:type\" content=\"article\" \/>\n<meta property=\"og:title\" content=\"Forr\u00e1sk\u00fat k\u00f6zs\u00e9g csapad\u00e9kv\u00edz elvezet\u0151 rendszer\u00e9nek fejleszt\u00e9se - forraskut.hu\" \/>\n<meta property=\"og:description\" content=\"Utolj\u00e1ra friss\u00edtve:&nbsp; 2023. augusztus 9. &nbsp; Forr\u00e1sk\u00fat K\u00f6zs\u00e9g \u00d6nkorm\u00e1nyzata 200 000 000 Forint vissza nem t\u00e9r\u00edtend\u0151 t\u00e1mogat\u00e1st nyert a TOP-2.1.3 -16-CS1-2021-00022 projekt azonos\u00edt\u00f3sz\u00e1m\u00fa \u201eForr\u00e1sk\u00fat k\u00f6zs\u00e9g csapad\u00e9kv\u00edz elvezet\u0151 rendszer\u00e9nek fejleszt\u00e9se\u201d c. p\u00e1ly\u00e1zaton bel\u00fcl. Kedvezm\u00e9nyezett neve: Forr\u00e1sk\u00fat K\u00f6zs\u00e9g \u00d6nkorm\u00e1nyzata Projekt azonos\u00edt\u00f3 sz\u00e1ma: TOP-2.1.3-16-CS1-2021-00022 A szerz\u0151d\u00f6tt t\u00e1mogat\u00e1s \u00f6sszege: 200\u00a0000 000 Ft T\u00e1mogat\u00e1s m\u00e9rt\u00e9ke: 100% A projekt tervezett befejez\u00e9si [&hellip;]\" \/>\n<meta property=\"og:url\" content=\"https:\/\/forraskut.hu\/index.php\/forraskut-kozseg-csapadekviz-elvezeto-rendszerenek-fejlesztese\/\" \/>\n<meta property=\"og:site_name\" content=\"forraskut.hu\" \/>\n<meta property=\"article:modified_time\" content=\"2023-08-09T08:46:19+00:00\" \/>\n<meta property=\"og:image\" content=\"https:\/\/forraskut.hu\/wp-content\/uploads\/2023\/08\/20230607_112040-150x150.jpg\" \/>\n<meta name=\"twitter:card\" content=\"summary_large_image\" \/>\n<meta name=\"twitter:label1\" content=\"Becs\u00fclt olvas\u00e1si id\u0151\" \/>\n\t<meta name=\"twitter:data1\" content=\"3 perc\" \/>\n<script type=\"application\/ld+json\" class=\"yoast-schema-graph\">{\"@context\":\"https:\/\/schema.org\",\"@graph\":[{\"@type\":\"WebPage\",\"@id\":\"https:\/\/forraskut.hu\/index.php\/forraskut-kozseg-csapadekviz-elvezeto-rendszerenek-fejlesztese\/\",\"url\":\"https:\/\/forraskut.hu\/index.php\/forraskut-kozseg-csapadekviz-elvezeto-rendszerenek-fejlesztese\/\",\"name\":\"Forr\u00e1sk\u00fat k\u00f6zs\u00e9g csapad\u00e9kv\u00edz elvezet\u0151 rendszer\u00e9nek fejleszt\u00e9se - forraskut.hu\",\"isPartOf\":{\"@id\":\"https:\/\/forraskut.hu\/#website\"},\"primaryImageOfPage\":{\"@id\":\"https:\/\/forraskut.hu\/index.php\/forraskut-kozseg-csapadekviz-elvezeto-rendszerenek-fejlesztese\/#primaryimage\"},\"image\":{\"@id\":\"https:\/\/forraskut.hu\/index.php\/forraskut-kozseg-csapadekviz-elvezeto-rendszerenek-fejlesztese\/#primaryimage\"},\"thumbnailUrl\":\"https:\/\/forraskut.hu\/wp-content\/uploads\/2021\/11\/sz2020regionalis-alap.png\",\"datePublished\":\"2022-03-10T10:30:37+00:00\",\"dateModified\":\"2023-08-09T08:46:19+00:00\",\"breadcrumb\":{\"@id\":\"https:\/\/forraskut.hu\/index.php\/forraskut-kozseg-csapadekviz-elvezeto-rendszerenek-fejlesztese\/#breadcrumb\"},\"inLanguage\":\"hu\",\"potentialAction\":[{\"@type\":\"ReadAction\",\"target\":[\"https:\/\/forraskut.hu\/index.php\/forraskut-kozseg-csapadekviz-elvezeto-rendszerenek-fejlesztese\/\"]}]},{\"@type\":\"ImageObject\",\"inLanguage\":\"hu\",\"@id\":\"https:\/\/forraskut.hu\/index.php\/forraskut-kozseg-csapadekviz-elvezeto-rendszerenek-fejlesztese\/#primaryimage\",\"url\":\"https:\/\/forraskut.hu\/wp-content\/uploads\/2021\/11\/sz2020regionalis-alap.png\",\"contentUrl\":\"https:\/\/forraskut.hu\/wp-content\/uploads\/2021\/11\/sz2020regionalis-alap.png\",\"width\":352,\"height\":246},{\"@type\":\"BreadcrumbList\",\"@id\":\"https:\/\/forraskut.hu\/index.php\/forraskut-kozseg-csapadekviz-elvezeto-rendszerenek-fejlesztese\/#breadcrumb\",\"itemListElement\":[{\"@type\":\"ListItem\",\"position\":1,\"name\":\"Kezd\u0151lap\",\"item\":\"https:\/\/forraskut.hu\/\"},{\"@type\":\"ListItem\",\"position\":2,\"name\":\"Forr\u00e1sk\u00fat k\u00f6zs\u00e9g csapad\u00e9kv\u00edz elvezet\u0151 rendszer\u00e9nek fejleszt\u00e9se\"}]},{\"@type\":\"WebSite\",\"@id\":\"https:\/\/forraskut.hu\/#website\",\"url\":\"https:\/\/forraskut.hu\/\",\"name\":\"forraskut.hu\",\"description\":\"Forr\u00e1sk\u00fat k\u00f6zs\u00e9g hivatalos weboldala\",\"potentialAction\":[{\"@type\":\"SearchAction\",\"target\":{\"@type\":\"EntryPoint\",\"urlTemplate\":\"https:\/\/forraskut.hu\/?s={search_term_string}\"},\"query-input\":{\"@type\":\"PropertyValueSpecification\",\"valueRequired\":true,\"valueName\":\"search_term_string\"}}],\"inLanguage\":\"hu\"}]}<\/script>\n<!-- \/ Yoast SEO plugin. -->","yoast_head_json":{"title":"Forr\u00e1sk\u00fat k\u00f6zs\u00e9g csapad\u00e9kv\u00edz elvezet\u0151 rendszer\u00e9nek fejleszt\u00e9se - forraskut.hu","robots":{"index":"index","follow":"follow","max-snippet":"max-snippet:-1","max-image-preview":"max-image-preview:large","max-video-preview":"max-video-preview:-1"},"canonical":"https:\/\/forraskut.hu\/index.php\/forraskut-kozseg-csapadekviz-elvezeto-rendszerenek-fejlesztese\/","og_locale":"hu_HU","og_type":"article","og_title":"Forr\u00e1sk\u00fat k\u00f6zs\u00e9g csapad\u00e9kv\u00edz elvezet\u0151 rendszer\u00e9nek fejleszt\u00e9se - forraskut.hu","og_description":"Utolj\u00e1ra friss\u00edtve:&nbsp; 2023. augusztus 9. &nbsp; Forr\u00e1sk\u00fat K\u00f6zs\u00e9g \u00d6nkorm\u00e1nyzata 200 000 000 Forint vissza nem t\u00e9r\u00edtend\u0151 t\u00e1mogat\u00e1st nyert a TOP-2.1.3 -16-CS1-2021-00022 projekt azonos\u00edt\u00f3sz\u00e1m\u00fa \u201eForr\u00e1sk\u00fat k\u00f6zs\u00e9g csapad\u00e9kv\u00edz elvezet\u0151 rendszer\u00e9nek fejleszt\u00e9se\u201d c. p\u00e1ly\u00e1zaton bel\u00fcl. Kedvezm\u00e9nyezett neve: Forr\u00e1sk\u00fat K\u00f6zs\u00e9g \u00d6nkorm\u00e1nyzata Projekt azonos\u00edt\u00f3 sz\u00e1ma: TOP-2.1.3-16-CS1-2021-00022 A szerz\u0151d\u00f6tt t\u00e1mogat\u00e1s \u00f6sszege: 200\u00a0000 000 Ft T\u00e1mogat\u00e1s m\u00e9rt\u00e9ke: 100% A projekt tervezett befejez\u00e9si [&hellip;]","og_url":"https:\/\/forraskut.hu\/index.php\/forraskut-kozseg-csapadekviz-elvezeto-rendszerenek-fejlesztese\/","og_site_name":"forraskut.hu","article_modified_time":"2023-08-09T08:46:19+00:00","og_image":[{"url":"https:\/\/forraskut.hu\/wp-content\/uploads\/2023\/08\/20230607_112040-150x150.jpg"}],"twitter_card":"summary_large_image","twitter_misc":{"Becs\u00fclt olvas\u00e1si id\u0151":"3 perc"},"schema":{"@context":"https:\/\/schema.org","@graph":[{"@type":"WebPage","@id":"https:\/\/forraskut.hu\/index.php\/forraskut-kozseg-csapadekviz-elvezeto-rendszerenek-fejlesztese\/","url":"https:\/\/forraskut.hu\/index.php\/forraskut-kozseg-csapadekviz-elvezeto-rendszerenek-fejlesztese\/","name":"Forr\u00e1sk\u00fat k\u00f6zs\u00e9g csapad\u00e9kv\u00edz elvezet\u0151 rendszer\u00e9nek fejleszt\u00e9se - forraskut.hu","isPartOf":{"@id":"https:\/\/forraskut.hu\/#website"},"primaryImageOfPage":{"@id":"https:\/\/forraskut.hu\/index.php\/forraskut-kozseg-csapadekviz-elvezeto-rendszerenek-fejlesztese\/#primaryimage"},"image":{"@id":"https:\/\/forraskut.hu\/index.php\/forraskut-kozseg-csapadekviz-elvezeto-rendszerenek-fejlesztese\/#primaryimage"},"thumbnailUrl":"https:\/\/forraskut.hu\/wp-content\/uploads\/2021\/11\/sz2020regionalis-alap.png","datePublished":"2022-03-10T10:30:37+00:00","dateModified":"2023-08-09T08:46:19+00:00","breadcrumb":{"@id":"https:\/\/forraskut.hu\/index.php\/forraskut-kozseg-csapadekviz-elvezeto-rendszerenek-fejlesztese\/#breadcrumb"},"inLanguage":"hu","potentialAction":[{"@type":"ReadAction","target":["https:\/\/forraskut.hu\/index.php\/forraskut-kozseg-csapadekviz-elvezeto-rendszerenek-fejlesztese\/"]}]},{"@type":"ImageObject","inLanguage":"hu","@id":"https:\/\/forraskut.hu\/index.php\/forraskut-kozseg-csapadekviz-elvezeto-rendszerenek-fejlesztese\/#primaryimage","url":"https:\/\/forraskut.hu\/wp-content\/uploads\/2021\/11\/sz2020regionalis-alap.png","contentUrl":"https:\/\/forraskut.hu\/wp-content\/uploads\/2021\/11\/sz2020regionalis-alap.png","width":352,"height":246},{"@type":"BreadcrumbList","@id":"https:\/\/forraskut.hu\/index.php\/forraskut-kozseg-csapadekviz-elvezeto-rendszerenek-fejlesztese\/#breadcrumb","itemListElement":[{"@type":"ListItem","position":1,"name":"Kezd\u0151lap","item":"https:\/\/forraskut.hu\/"},{"@type":"ListItem","position":2,"name":"Forr\u00e1sk\u00fat k\u00f6zs\u00e9g csapad\u00e9kv\u00edz elvezet\u0151 rendszer\u00e9nek fejleszt\u00e9se"}]},{"@type":"WebSite","@id":"https:\/\/forraskut.hu\/#website","url":"https:\/\/forraskut.hu\/","name":"forraskut.hu","description":"Forr\u00e1sk\u00fat k\u00f6zs\u00e9g hivatalos weboldala","potentialAction":[{"@type":"SearchAction","target":{"@type":"EntryPoint","urlTemplate":"https:\/\/forraskut.hu\/?s={search_term_string}"},"query-input":{"@type":"PropertyValueSpecification","valueRequired":true,"valueName":"search_term_string"}}],"inLanguage":"hu"}]}},"_links":{"self":[{"href":"https:\/\/forraskut.hu\/index.php\/wp-json\/wp\/v2\/pages\/2432"}],"collection":[{"href":"https:\/\/forraskut.hu\/index.php\/wp-json\/wp\/v2\/pages"}],"about":[{"href":"https:\/\/forraskut.hu\/index.php\/wp-json\/wp\/v2\/types\/page"}],"author":[{"embeddable":true,"href":"https:\/\/forraskut.hu\/index.php\/wp-json\/wp\/v2\/users\/2"}],"replies":[{"embeddable":true,"href":"https:\/\/forraskut.hu\/index.php\/wp-json\/wp\/v2\/comments?post=2432"}],"version-history":[{"count":16,"href":"https:\/\/forraskut.hu\/index.php\/wp-json\/wp\/v2\/pages\/2432\/revisions"}],"predecessor-version":[{"id":2828,"href":"https:\/\/forraskut.hu\/index.php\/wp-json\/wp\/v2\/pages\/2432\/revisions\/2828"}],"wp:attachment":[{"href":"https:\/\/forraskut.hu\/index.php\/wp-json\/wp\/v2\/media?parent=2432"}],"curies":[{"name":"wp","href":"https:\/\/api.w.org\/{rel}","templated":true}]}}