{"id":2410,"date":"2022-01-25T10:04:43","date_gmt":"2022-01-25T09:04:43","guid":{"rendered":"https:\/\/forraskut.hu\/?page_id=2410"},"modified":"2022-01-25T10:04:43","modified_gmt":"2022-01-25T09:04:43","slug":"telepulesfejlesztesi-koncepcio","status":"publish","type":"page","link":"https:\/\/forraskut.hu\/index.php\/telepulesfejlesztesi-koncepcio\/","title":{"rendered":"Telep\u00fcl\u00e9sfejleszt\u00e9si koncepci\u00f3"},"content":{"rendered":"<p><a href=\"https:\/\/forraskut.hu\/wp-content\/uploads\/2022\/01\/koncepcio_elf.pdf\" target=\"_blank\" rel=\"noopener noreferrer\">Forr\u00e1sk\u00fat k\u00f6zs\u00e9g telep\u00fcl\u00e9sfejleszt\u00e9si koncepci\u00f3ja<\/a><\/p>\n","protected":false},"excerpt":{"rendered":"<p>Forr\u00e1sk\u00fat k\u00f6zs\u00e9g telep\u00fcl\u00e9sfejleszt\u00e9si koncepci\u00f3ja<\/p>\n","protected":false},"author":2,"featured_media":0,"parent":0,"menu_order":0,"comment_status":"closed","ping_status":"closed","template":"","meta":{"_exactmetrics_skip_tracking":false,"_exactmetrics_sitenote_active":false,"_exactmetrics_sitenote_note":"","_exactmetrics_sitenote_category":0,"footnotes":""},"yoast_head":"<!-- This site is optimized with the Yoast SEO plugin v23.4 - https:\/\/yoast.com\/wordpress\/plugins\/seo\/ -->\n<title>Telep\u00fcl\u00e9sfejleszt\u00e9si koncepci\u00f3 - forraskut.hu<\/title>\n<meta name=\"robots\" content=\"index, follow, max-snippet:-1, max-image-preview:large, max-video-preview:-1\" \/>\n<link rel=\"canonical\" href=\"https:\/\/forraskut.hu\/index.php\/telepulesfejlesztesi-koncepcio\/\" \/>\n<meta property=\"og:locale\" content=\"hu_HU\" \/>\n<meta property=\"og:type\" content=\"article\" \/>\n<meta property=\"og:title\" content=\"Telep\u00fcl\u00e9sfejleszt\u00e9si koncepci\u00f3 - forraskut.hu\" \/>\n<meta property=\"og:description\" content=\"Forr\u00e1sk\u00fat k\u00f6zs\u00e9g telep\u00fcl\u00e9sfejleszt\u00e9si koncepci\u00f3ja\" \/>\n<meta property=\"og:url\" content=\"https:\/\/forraskut.hu\/index.php\/telepulesfejlesztesi-koncepcio\/\" \/>\n<meta property=\"og:site_name\" content=\"forraskut.hu\" \/>\n<meta name=\"twitter:card\" content=\"summary_large_image\" \/>\n<script type=\"application\/ld+json\" class=\"yoast-schema-graph\">{\"@context\":\"https:\/\/schema.org\",\"@graph\":[{\"@type\":\"WebPage\",\"@id\":\"https:\/\/forraskut.hu\/index.php\/telepulesfejlesztesi-koncepcio\/\",\"url\":\"https:\/\/forraskut.hu\/index.php\/telepulesfejlesztesi-koncepcio\/\",\"name\":\"Telep\u00fcl\u00e9sfejleszt\u00e9si koncepci\u00f3 - forraskut.hu\",\"isPartOf\":{\"@id\":\"https:\/\/forraskut.hu\/#website\"},\"datePublished\":\"2022-01-25T09:04:43+00:00\",\"dateModified\":\"2022-01-25T09:04:43+00:00\",\"breadcrumb\":{\"@id\":\"https:\/\/forraskut.hu\/index.php\/telepulesfejlesztesi-koncepcio\/#breadcrumb\"},\"inLanguage\":\"hu\",\"potentialAction\":[{\"@type\":\"ReadAction\",\"target\":[\"https:\/\/forraskut.hu\/index.php\/telepulesfejlesztesi-koncepcio\/\"]}]},{\"@type\":\"BreadcrumbList\",\"@id\":\"https:\/\/forraskut.hu\/index.php\/telepulesfejlesztesi-koncepcio\/#breadcrumb\",\"itemListElement\":[{\"@type\":\"ListItem\",\"position\":1,\"name\":\"Kezd\u0151lap\",\"item\":\"https:\/\/forraskut.hu\/\"},{\"@type\":\"ListItem\",\"position\":2,\"name\":\"Telep\u00fcl\u00e9sfejleszt\u00e9si koncepci\u00f3\"}]},{\"@type\":\"WebSite\",\"@id\":\"https:\/\/forraskut.hu\/#website\",\"url\":\"https:\/\/forraskut.hu\/\",\"name\":\"forraskut.hu\",\"description\":\"Forr\u00e1sk\u00fat k\u00f6zs\u00e9g hivatalos weboldala\",\"potentialAction\":[{\"@type\":\"SearchAction\",\"target\":{\"@type\":\"EntryPoint\",\"urlTemplate\":\"https:\/\/forraskut.hu\/?s={search_term_string}\"},\"query-input\":{\"@type\":\"PropertyValueSpecification\",\"valueRequired\":true,\"valueName\":\"search_term_string\"}}],\"inLanguage\":\"hu\"}]}<\/script>\n<!-- \/ Yoast SEO plugin. -->","yoast_head_json":{"title":"Telep\u00fcl\u00e9sfejleszt\u00e9si koncepci\u00f3 - forraskut.hu","robots":{"index":"index","follow":"follow","max-snippet":"max-snippet:-1","max-image-preview":"max-image-preview:large","max-video-preview":"max-video-preview:-1"},"canonical":"https:\/\/forraskut.hu\/index.php\/telepulesfejlesztesi-koncepcio\/","og_locale":"hu_HU","og_type":"article","og_title":"Telep\u00fcl\u00e9sfejleszt\u00e9si koncepci\u00f3 - forraskut.hu","og_description":"Forr\u00e1sk\u00fat k\u00f6zs\u00e9g telep\u00fcl\u00e9sfejleszt\u00e9si koncepci\u00f3ja","og_url":"https:\/\/forraskut.hu\/index.php\/telepulesfejlesztesi-koncepcio\/","og_site_name":"forraskut.hu","twitter_card":"summary_large_image","schema":{"@context":"https:\/\/schema.org","@graph":[{"@type":"WebPage","@id":"https:\/\/forraskut.hu\/index.php\/telepulesfejlesztesi-koncepcio\/","url":"https:\/\/forraskut.hu\/index.php\/telepulesfejlesztesi-koncepcio\/","name":"Telep\u00fcl\u00e9sfejleszt\u00e9si koncepci\u00f3 - forraskut.hu","isPartOf":{"@id":"https:\/\/forraskut.hu\/#website"},"datePublished":"2022-01-25T09:04:43+00:00","dateModified":"2022-01-25T09:04:43+00:00","breadcrumb":{"@id":"https:\/\/forraskut.hu\/index.php\/telepulesfejlesztesi-koncepcio\/#breadcrumb"},"inLanguage":"hu","potentialAction":[{"@type":"ReadAction","target":["https:\/\/forraskut.hu\/index.php\/telepulesfejlesztesi-koncepcio\/"]}]},{"@type":"BreadcrumbList","@id":"https:\/\/forraskut.hu\/index.php\/telepulesfejlesztesi-koncepcio\/#breadcrumb","itemListElement":[{"@type":"ListItem","position":1,"name":"Kezd\u0151lap","item":"https:\/\/forraskut.hu\/"},{"@type":"ListItem","position":2,"name":"Telep\u00fcl\u00e9sfejleszt\u00e9si koncepci\u00f3"}]},{"@type":"WebSite","@id":"https:\/\/forraskut.hu\/#website","url":"https:\/\/forraskut.hu\/","name":"forraskut.hu","description":"Forr\u00e1sk\u00fat k\u00f6zs\u00e9g hivatalos weboldala","potentialAction":[{"@type":"SearchAction","target":{"@type":"EntryPoint","urlTemplate":"https:\/\/forraskut.hu\/?s={search_term_string}"},"query-input":{"@type":"PropertyValueSpecification","valueRequired":true,"valueName":"search_term_string"}}],"inLanguage":"hu"}]}},"_links":{"self":[{"href":"https:\/\/forraskut.hu\/index.php\/wp-json\/wp\/v2\/pages\/2410"}],"collection":[{"href":"https:\/\/forraskut.hu\/index.php\/wp-json\/wp\/v2\/pages"}],"about":[{"href":"https:\/\/forraskut.hu\/index.php\/wp-json\/wp\/v2\/types\/page"}],"author":[{"embeddable":true,"href":"https:\/\/forraskut.hu\/index.php\/wp-json\/wp\/v2\/users\/2"}],"replies":[{"embeddable":true,"href":"https:\/\/forraskut.hu\/index.php\/wp-json\/wp\/v2\/comments?post=2410"}],"version-history":[{"count":1,"href":"https:\/\/forraskut.hu\/index.php\/wp-json\/wp\/v2\/pages\/2410\/revisions"}],"predecessor-version":[{"id":2412,"href":"https:\/\/forraskut.hu\/index.php\/wp-json\/wp\/v2\/pages\/2410\/revisions\/2412"}],"wp:attachment":[{"href":"https:\/\/forraskut.hu\/index.php\/wp-json\/wp\/v2\/media?parent=2410"}],"curies":[{"name":"wp","href":"https:\/\/api.w.org\/{rel}","templated":true}]}}