{"id":2343,"date":"2021-12-02T13:07:53","date_gmt":"2021-12-02T12:07:53","guid":{"rendered":"https:\/\/forraskut.hu\/?page_id=2343"},"modified":"2021-12-02T13:10:20","modified_gmt":"2021-12-02T12:10:20","slug":"a-tatika-kht-kozerdeku-adatai","status":"publish","type":"page","link":"https:\/\/forraskut.hu\/index.php\/a-tatika-kht-kozerdeku-adatai\/","title":{"rendered":"A T\u00e1tika Kft k\u00f6z\u00e9rdek\u0171 adatai"},"content":{"rendered":"","protected":false},"excerpt":{"rendered":"","protected":false},"author":2,"featured_media":0,"parent":0,"menu_order":0,"comment_status":"closed","ping_status":"closed","template":"","meta":{"_exactmetrics_skip_tracking":false,"_exactmetrics_sitenote_active":false,"_exactmetrics_sitenote_note":"","_exactmetrics_sitenote_category":0,"footnotes":""},"yoast_head":"<!-- This site is optimized with the Yoast SEO plugin v23.4 - https:\/\/yoast.com\/wordpress\/plugins\/seo\/ -->\n<title>A T\u00e1tika Kft k\u00f6z\u00e9rdek\u0171 adatai - forraskut.hu<\/title>\n<meta name=\"robots\" content=\"index, follow, max-snippet:-1, max-image-preview:large, max-video-preview:-1\" \/>\n<link rel=\"canonical\" href=\"https:\/\/forraskut.hu\/index.php\/a-tatika-kht-kozerdeku-adatai\/\" \/>\n<meta property=\"og:locale\" content=\"hu_HU\" \/>\n<meta property=\"og:type\" content=\"article\" \/>\n<meta property=\"og:title\" content=\"A T\u00e1tika Kft k\u00f6z\u00e9rdek\u0171 adatai - forraskut.hu\" \/>\n<meta property=\"og:url\" content=\"https:\/\/forraskut.hu\/index.php\/a-tatika-kht-kozerdeku-adatai\/\" \/>\n<meta property=\"og:site_name\" content=\"forraskut.hu\" \/>\n<meta property=\"article:modified_time\" content=\"2021-12-02T12:10:20+00:00\" \/>\n<meta name=\"twitter:card\" content=\"summary_large_image\" \/>\n<script type=\"application\/ld+json\" class=\"yoast-schema-graph\">{\"@context\":\"https:\/\/schema.org\",\"@graph\":[{\"@type\":\"WebPage\",\"@id\":\"https:\/\/forraskut.hu\/index.php\/a-tatika-kht-kozerdeku-adatai\/\",\"url\":\"https:\/\/forraskut.hu\/index.php\/a-tatika-kht-kozerdeku-adatai\/\",\"name\":\"A T\u00e1tika Kft k\u00f6z\u00e9rdek\u0171 adatai - forraskut.hu\",\"isPartOf\":{\"@id\":\"https:\/\/forraskut.hu\/#website\"},\"datePublished\":\"2021-12-02T12:07:53+00:00\",\"dateModified\":\"2021-12-02T12:10:20+00:00\",\"breadcrumb\":{\"@id\":\"https:\/\/forraskut.hu\/index.php\/a-tatika-kht-kozerdeku-adatai\/#breadcrumb\"},\"inLanguage\":\"hu\",\"potentialAction\":[{\"@type\":\"ReadAction\",\"target\":[\"https:\/\/forraskut.hu\/index.php\/a-tatika-kht-kozerdeku-adatai\/\"]}]},{\"@type\":\"BreadcrumbList\",\"@id\":\"https:\/\/forraskut.hu\/index.php\/a-tatika-kht-kozerdeku-adatai\/#breadcrumb\",\"itemListElement\":[{\"@type\":\"ListItem\",\"position\":1,\"name\":\"Kezd\u0151lap\",\"item\":\"https:\/\/forraskut.hu\/\"},{\"@type\":\"ListItem\",\"position\":2,\"name\":\"A T\u00e1tika Kft k\u00f6z\u00e9rdek\u0171 adatai\"}]},{\"@type\":\"WebSite\",\"@id\":\"https:\/\/forraskut.hu\/#website\",\"url\":\"https:\/\/forraskut.hu\/\",\"name\":\"forraskut.hu\",\"description\":\"Forr\u00e1sk\u00fat k\u00f6zs\u00e9g hivatalos weboldala\",\"potentialAction\":[{\"@type\":\"SearchAction\",\"target\":{\"@type\":\"EntryPoint\",\"urlTemplate\":\"https:\/\/forraskut.hu\/?s={search_term_string}\"},\"query-input\":{\"@type\":\"PropertyValueSpecification\",\"valueRequired\":true,\"valueName\":\"search_term_string\"}}],\"inLanguage\":\"hu\"}]}<\/script>\n<!-- \/ Yoast SEO plugin. -->","yoast_head_json":{"title":"A T\u00e1tika Kft k\u00f6z\u00e9rdek\u0171 adatai - forraskut.hu","robots":{"index":"index","follow":"follow","max-snippet":"max-snippet:-1","max-image-preview":"max-image-preview:large","max-video-preview":"max-video-preview:-1"},"canonical":"https:\/\/forraskut.hu\/index.php\/a-tatika-kht-kozerdeku-adatai\/","og_locale":"hu_HU","og_type":"article","og_title":"A T\u00e1tika Kft k\u00f6z\u00e9rdek\u0171 adatai - forraskut.hu","og_url":"https:\/\/forraskut.hu\/index.php\/a-tatika-kht-kozerdeku-adatai\/","og_site_name":"forraskut.hu","article_modified_time":"2021-12-02T12:10:20+00:00","twitter_card":"summary_large_image","schema":{"@context":"https:\/\/schema.org","@graph":[{"@type":"WebPage","@id":"https:\/\/forraskut.hu\/index.php\/a-tatika-kht-kozerdeku-adatai\/","url":"https:\/\/forraskut.hu\/index.php\/a-tatika-kht-kozerdeku-adatai\/","name":"A T\u00e1tika Kft k\u00f6z\u00e9rdek\u0171 adatai - forraskut.hu","isPartOf":{"@id":"https:\/\/forraskut.hu\/#website"},"datePublished":"2021-12-02T12:07:53+00:00","dateModified":"2021-12-02T12:10:20+00:00","breadcrumb":{"@id":"https:\/\/forraskut.hu\/index.php\/a-tatika-kht-kozerdeku-adatai\/#breadcrumb"},"inLanguage":"hu","potentialAction":[{"@type":"ReadAction","target":["https:\/\/forraskut.hu\/index.php\/a-tatika-kht-kozerdeku-adatai\/"]}]},{"@type":"BreadcrumbList","@id":"https:\/\/forraskut.hu\/index.php\/a-tatika-kht-kozerdeku-adatai\/#breadcrumb","itemListElement":[{"@type":"ListItem","position":1,"name":"Kezd\u0151lap","item":"https:\/\/forraskut.hu\/"},{"@type":"ListItem","position":2,"name":"A T\u00e1tika Kft k\u00f6z\u00e9rdek\u0171 adatai"}]},{"@type":"WebSite","@id":"https:\/\/forraskut.hu\/#website","url":"https:\/\/forraskut.hu\/","name":"forraskut.hu","description":"Forr\u00e1sk\u00fat k\u00f6zs\u00e9g hivatalos weboldala","potentialAction":[{"@type":"SearchAction","target":{"@type":"EntryPoint","urlTemplate":"https:\/\/forraskut.hu\/?s={search_term_string}"},"query-input":{"@type":"PropertyValueSpecification","valueRequired":true,"valueName":"search_term_string"}}],"inLanguage":"hu"}]}},"_links":{"self":[{"href":"https:\/\/forraskut.hu\/index.php\/wp-json\/wp\/v2\/pages\/2343"}],"collection":[{"href":"https:\/\/forraskut.hu\/index.php\/wp-json\/wp\/v2\/pages"}],"about":[{"href":"https:\/\/forraskut.hu\/index.php\/wp-json\/wp\/v2\/types\/page"}],"author":[{"embeddable":true,"href":"https:\/\/forraskut.hu\/index.php\/wp-json\/wp\/v2\/users\/2"}],"replies":[{"embeddable":true,"href":"https:\/\/forraskut.hu\/index.php\/wp-json\/wp\/v2\/comments?post=2343"}],"version-history":[{"count":2,"href":"https:\/\/forraskut.hu\/index.php\/wp-json\/wp\/v2\/pages\/2343\/revisions"}],"predecessor-version":[{"id":2346,"href":"https:\/\/forraskut.hu\/index.php\/wp-json\/wp\/v2\/pages\/2343\/revisions\/2346"}],"wp:attachment":[{"href":"https:\/\/forraskut.hu\/index.php\/wp-json\/wp\/v2\/media?parent=2343"}],"curies":[{"name":"wp","href":"https:\/\/api.w.org\/{rel}","templated":true}]}}