{"id":2337,"date":"2021-11-29T16:34:40","date_gmt":"2021-11-29T15:34:40","guid":{"rendered":"https:\/\/forraskut.hu\/?page_id=2337"},"modified":"2021-12-08T10:57:51","modified_gmt":"2021-12-08T09:57:51","slug":"egeszseghaz-es-sportletesitmeny-energetikai-fejlesztese","status":"publish","type":"page","link":"https:\/\/forraskut.hu\/index.php\/egeszseghaz-es-sportletesitmeny-energetikai-fejlesztese\/","title":{"rendered":"Eg\u00e9szs\u00e9gh\u00e1z \u00e9s sportl\u00e9tes\u00edtm\u00e9ny energetikai fejleszt\u00e9se"},"content":{"rendered":"<p class=\"last-modified\">Utolj\u00e1ra friss\u00edtve:&nbsp;  2021. december 8.<\/p>\n<div class=\"wp-block-senff-sticky-block\" data-topspace=\"0\" data-cfa=\"true\" data-minwidth=\"0\" data-maxwidth=\"99999\" data-pushup=\"\" data-zindex=\"0\">\n<div class=\"wp-block-image is-style-default\"><figure class=\"alignright size-large is-resized\"><img loading=\"lazy\" decoding=\"async\" src=\"https:\/\/forraskut.hu\/wp-content\/uploads\/2021\/11\/sz2020regionalis-alap.png\" alt=\"\" class=\"wp-image-2338\" width=\"215\" height=\"150\" srcset=\"https:\/\/forraskut.hu\/wp-content\/uploads\/2021\/11\/sz2020regionalis-alap.png 352w, https:\/\/forraskut.hu\/wp-content\/uploads\/2021\/11\/sz2020regionalis-alap-300x210.png 300w\" sizes=\"(max-width: 215px) 100vw, 215px\" \/><\/figure><\/div>\n<\/div>\n\n\n<p><strong>Eg\u00e9szs\u00e9gh\u00e1z \u00e9s sportl\u00e9tes\u00edtm\u00e9ny energetikai fejleszt\u00e9se Forr\u00e1sk\u00faton<\/strong><\/p>\n<p>\u00a0<\/p>\n<table style=\"border-collapse: collapse; width: 100%;\">\n<tbody>\n<tr>\n<td style=\"width: 76.5517%;\"><strong>A kedvezm\u00e9nyezett neve:<\/strong> Forr\u00e1sk\u00fat K\u00f6zs\u00e9g \u00d6nkorm\u00e1nyzata\n<p><strong>A projekt azonos\u00edt\u00f3 sz\u00e1ma:<\/strong> TOP-3.2.1-15-CS1-2016-00003<\/p>\n<p><strong>A szerz\u0151d\u00f6tt t\u00e1mogat\u00e1s \u00f6sszege:<\/strong>56\u00a0936 497 Ft<\/p>\n<p><strong>A t\u00e1mogat\u00e1s m\u00e9rt\u00e9ke (%-ban):<\/strong> 100 %<\/p>\n<\/td>\n<td style=\"width: 23.4483%;\">\u00a0<\/td>\n<\/tr>\n<\/tbody>\n<\/table>\n<p><strong>Fejleszt\u00e9s bemutat\u00e1sa: <\/strong><\/p>\n<p>A projekt c\u00e9lja Forr\u00e1sk\u00fat K\u00f6zs\u00e9g egyes k\u00f6zint\u00e9zm\u00e9nyeinek energetikai c\u00e9l\u00fa korszer\u0171s\u00edt\u00e9se, melyek a k\u00f6vetkez\u0151 l\u00e9tes\u00edtm\u00e9nyeket \u00e9rintik:<\/p>\n<ul>\n<li>Eg\u00e9szs\u00e9gh\u00e1z<\/li>\n<li>Sport\u00f6lt\u00f6z\u0151<\/li>\n<\/ul>\n<p>\u00a0<\/p>\n<p style=\"text-align: justify;\">Az \u00f6nkorm\u00e1nyzati feladatell\u00e1t\u00e1shoz sz\u00fcks\u00e9ges \u00e9p\u00fcletek nagy r\u00e9sze az 1970 \u00e9s \u201990\u2013es \u00e9vekben \u00e9p\u00fclt, \u00e9s megfelel\u0151 forr\u00e1sok hi\u00e1ny\u00e1ban azokon \u00e9rdemi fejleszt\u00e9s \u2013 tisztas\u00e1gi fest\u00e9st, korszer\u0171s\u00edt\u00e9st, karbantart\u00e1st nem sz\u00e1m\u00edtva \u2013 nem t\u00f6rt\u00e9nt.<\/p>\n<p>\u00a0<\/p>\n<p>Az \u00e9p\u00fcleteken elv\u00e9gzend\u0151 tev\u00e9kenys\u00e9gek mindk\u00e9t esetben a k\u00f6vetkez\u0151ket foglalj\u00e1k magukba: homlokzati szigetel\u00e9s \u00e9s a ny\u00edl\u00e1sz\u00e1r\u00f3k cser\u00e9i, f\u0171t\u00e9skorszer\u0171s\u00edt\u00e9s valamint akad\u00e1lymentes\u00edt\u00e9s, illetve az Eg\u00e9szs\u00e9gh\u00e1z eset\u00e9ben napelemes rendszer ki\u00e9p\u00edt\u00e9se.<\/p>\n<p>\u00a0<\/p>\n<p>A T\u00e1mogat\u00e1si Szerz\u0151d\u00e9s megk\u00f6t\u00e9se ut\u00e1n a k\u00e9pvisel\u0151 test\u00fclet d\u00f6nt\u00f6tt az akkredit\u00e1lt k\u00f6zbeszerz\u00e9si tan\u00e1csad\u00f3 \u00e9s a m\u0171szaki ellen\u0151r kiv\u00e1laszt\u00e1s\u00e1r\u00f3l. A beszerz\u00e9si elj\u00e1r\u00e1s lez\u00e1r\u00e1sa ut\u00e1n a DOMI \u00c9p\u00fcletg\u00e9p\u00e9szeti Kft.-vel k\u00f6t\u00f6tt szerz\u0151d\u00e9st a telep\u00fcl\u00e9s a fenti feladatok elv\u00e9gz\u00e9s\u00e9re.<\/p>\n<p>\u00a0<\/p>\n<p style=\"text-align: justify;\">A projekt megval\u00f3s\u00edt\u00e1snak k\u00f6sz\u00f6nhet\u0151en cs\u00f6kken az \u00e9p\u00fcletek energia felhaszn\u00e1l\u00e1sa, fenntart\u00e1si \u00e9s \u00fczemeltet\u00e9si k\u00f6lts\u00e9gei. Az \u00e9p\u00fcletek akad\u00e1lymentes\u00edt\u00e9se megteremti az es\u00e9lyegyenl\u0151s\u00e9get a fogyat\u00e9kkal \u00e9l\u0151k sz\u00e1m\u00e1ra, \u00edgy sz\u00e1mukra is el\u00e9rhet\u0151v\u00e9 v\u00e1lnak a fejleszt\u00e9ssel \u00e9rintett \u00e9p\u00fcletek \u00e9s szolg\u00e1ltat\u00e1saik.<\/p>\n<p>\u00a0<\/p>\n<p>A projekt fizikai befejez\u00e9s\u00e9nek hat\u00e1rideje: 2021. j\u00fanius 1.<\/p>\n\n\n<div class=\"wp-block-group\"><div class=\"wp-block-group__inner-container is-layout-flow wp-block-group-is-layout-flow\">\n<div class=\"wp-block-senff-sticky-block\" data-topspace=\"0\" data-cfa=\"true\" data-minwidth=\"0\" data-maxwidth=\"99999\" data-pushup=\"\" data-zindex=\"1\"><\/div>\n\n\n\n<div class=\"wp-block-senff-sticky-block\" data-topspace=\"0\" data-cfa=\"true\" data-minwidth=\"0\" data-maxwidth=\"99999\" data-pushup=\"\" data-zindex=\"1\"><\/div>\n<\/div><\/div>\n\n\n\n<div class=\"wp-block-senff-sticky-block\" data-topspace=\"0\" data-cfa=\"true\" data-minwidth=\"0\" data-maxwidth=\"99999\" data-pushup=\"\" data-zindex=\"1\">\n<div class=\"wp-block-group\"><div class=\"wp-block-group__inner-container is-layout-flow wp-block-group-is-layout-flow\">\n<div class=\"wp-block-senff-sticky-block\" data-topspace=\"0\" data-cfa=\"true\" data-minwidth=\"0\" data-maxwidth=\"99999\" data-pushup=\"\" data-zindex=\"1\"><\/div>\n<\/div><\/div>\n<\/div>\n\n\n\n<div class=\"wp-block-senff-sticky-block\" data-topspace=\"0\" data-cfa=\"true\" data-minwidth=\"0\" data-maxwidth=\"99999\" data-pushup=\"\" data-zindex=\"1\"><\/div>\n\n\n\n<div class=\"wp-block-group\"><div class=\"wp-block-group__inner-container is-layout-flow wp-block-group-is-layout-flow\">\n<div class=\"wp-block-senff-sticky-block\" data-topspace=\"0\" data-cfa=\"true\" data-minwidth=\"0\" data-maxwidth=\"99999\" data-pushup=\"\" data-zindex=\"1\"><\/div>\n<\/div><\/div>\n","protected":false},"excerpt":{"rendered":"<p>Utolj\u00e1ra friss\u00edtve:&nbsp; 2021. december 8. Eg\u00e9szs\u00e9gh\u00e1z \u00e9s sportl\u00e9tes\u00edtm\u00e9ny energetikai fejleszt\u00e9se Forr\u00e1sk\u00faton \u00a0 A kedvezm\u00e9nyezett neve: Forr\u00e1sk\u00fat K\u00f6zs\u00e9g \u00d6nkorm\u00e1nyzata A projekt azonos\u00edt\u00f3 sz\u00e1ma: TOP-3.2.1-15-CS1-2016-00003 A szerz\u0151d\u00f6tt t\u00e1mogat\u00e1s \u00f6sszege:56\u00a0936 497 Ft A t\u00e1mogat\u00e1s m\u00e9rt\u00e9ke (%-ban): 100 % \u00a0 Fejleszt\u00e9s bemutat\u00e1sa: A projekt c\u00e9lja Forr\u00e1sk\u00fat K\u00f6zs\u00e9g egyes k\u00f6zint\u00e9zm\u00e9nyeinek energetikai c\u00e9l\u00fa korszer\u0171s\u00edt\u00e9se, melyek a k\u00f6vetkez\u0151 l\u00e9tes\u00edtm\u00e9nyeket \u00e9rintik: Eg\u00e9szs\u00e9gh\u00e1z Sport\u00f6lt\u00f6z\u0151 [&hellip;]<\/p>\n","protected":false},"author":2,"featured_media":0,"parent":0,"menu_order":0,"comment_status":"closed","ping_status":"closed","template":"","meta":{"_exactmetrics_skip_tracking":false,"_exactmetrics_sitenote_active":false,"_exactmetrics_sitenote_note":"","_exactmetrics_sitenote_category":0,"footnotes":""},"yoast_head":"<!-- This site is optimized with the Yoast SEO plugin v23.4 - https:\/\/yoast.com\/wordpress\/plugins\/seo\/ -->\n<title>Eg\u00e9szs\u00e9gh\u00e1z \u00e9s sportl\u00e9tes\u00edtm\u00e9ny energetikai fejleszt\u00e9se - forraskut.hu<\/title>\n<meta name=\"robots\" content=\"index, follow, max-snippet:-1, max-image-preview:large, max-video-preview:-1\" \/>\n<link rel=\"canonical\" href=\"https:\/\/forraskut.hu\/index.php\/egeszseghaz-es-sportletesitmeny-energetikai-fejlesztese\/\" \/>\n<meta property=\"og:locale\" content=\"hu_HU\" \/>\n<meta property=\"og:type\" content=\"article\" \/>\n<meta property=\"og:title\" content=\"Eg\u00e9szs\u00e9gh\u00e1z \u00e9s sportl\u00e9tes\u00edtm\u00e9ny energetikai fejleszt\u00e9se - forraskut.hu\" \/>\n<meta property=\"og:description\" content=\"Utolj\u00e1ra friss\u00edtve:&nbsp; 2021. december 8. Eg\u00e9szs\u00e9gh\u00e1z \u00e9s sportl\u00e9tes\u00edtm\u00e9ny energetikai fejleszt\u00e9se Forr\u00e1sk\u00faton \u00a0 A kedvezm\u00e9nyezett neve: Forr\u00e1sk\u00fat K\u00f6zs\u00e9g \u00d6nkorm\u00e1nyzata A projekt azonos\u00edt\u00f3 sz\u00e1ma: TOP-3.2.1-15-CS1-2016-00003 A szerz\u0151d\u00f6tt t\u00e1mogat\u00e1s \u00f6sszege:56\u00a0936 497 Ft A t\u00e1mogat\u00e1s m\u00e9rt\u00e9ke (%-ban): 100 % \u00a0 Fejleszt\u00e9s bemutat\u00e1sa: A projekt c\u00e9lja Forr\u00e1sk\u00fat K\u00f6zs\u00e9g egyes k\u00f6zint\u00e9zm\u00e9nyeinek energetikai c\u00e9l\u00fa korszer\u0171s\u00edt\u00e9se, melyek a k\u00f6vetkez\u0151 l\u00e9tes\u00edtm\u00e9nyeket \u00e9rintik: Eg\u00e9szs\u00e9gh\u00e1z Sport\u00f6lt\u00f6z\u0151 [&hellip;]\" \/>\n<meta property=\"og:url\" content=\"https:\/\/forraskut.hu\/index.php\/egeszseghaz-es-sportletesitmeny-energetikai-fejlesztese\/\" \/>\n<meta property=\"og:site_name\" content=\"forraskut.hu\" \/>\n<meta property=\"article:modified_time\" content=\"2021-12-08T09:57:51+00:00\" \/>\n<meta property=\"og:image\" content=\"https:\/\/forraskut.hu\/wp-content\/uploads\/2021\/11\/sz2020regionalis-alap.png\" \/>\n<meta name=\"twitter:card\" content=\"summary_large_image\" \/>\n<meta name=\"twitter:label1\" content=\"Becs\u00fclt olvas\u00e1si id\u0151\" \/>\n\t<meta name=\"twitter:data1\" content=\"2 perc\" \/>\n<script type=\"application\/ld+json\" class=\"yoast-schema-graph\">{\"@context\":\"https:\/\/schema.org\",\"@graph\":[{\"@type\":\"WebPage\",\"@id\":\"https:\/\/forraskut.hu\/index.php\/egeszseghaz-es-sportletesitmeny-energetikai-fejlesztese\/\",\"url\":\"https:\/\/forraskut.hu\/index.php\/egeszseghaz-es-sportletesitmeny-energetikai-fejlesztese\/\",\"name\":\"Eg\u00e9szs\u00e9gh\u00e1z \u00e9s sportl\u00e9tes\u00edtm\u00e9ny energetikai fejleszt\u00e9se - forraskut.hu\",\"isPartOf\":{\"@id\":\"https:\/\/forraskut.hu\/#website\"},\"primaryImageOfPage\":{\"@id\":\"https:\/\/forraskut.hu\/index.php\/egeszseghaz-es-sportletesitmeny-energetikai-fejlesztese\/#primaryimage\"},\"image\":{\"@id\":\"https:\/\/forraskut.hu\/index.php\/egeszseghaz-es-sportletesitmeny-energetikai-fejlesztese\/#primaryimage\"},\"thumbnailUrl\":\"https:\/\/forraskut.hu\/wp-content\/uploads\/2021\/11\/sz2020regionalis-alap.png\",\"datePublished\":\"2021-11-29T15:34:40+00:00\",\"dateModified\":\"2021-12-08T09:57:51+00:00\",\"breadcrumb\":{\"@id\":\"https:\/\/forraskut.hu\/index.php\/egeszseghaz-es-sportletesitmeny-energetikai-fejlesztese\/#breadcrumb\"},\"inLanguage\":\"hu\",\"potentialAction\":[{\"@type\":\"ReadAction\",\"target\":[\"https:\/\/forraskut.hu\/index.php\/egeszseghaz-es-sportletesitmeny-energetikai-fejlesztese\/\"]}]},{\"@type\":\"ImageObject\",\"inLanguage\":\"hu\",\"@id\":\"https:\/\/forraskut.hu\/index.php\/egeszseghaz-es-sportletesitmeny-energetikai-fejlesztese\/#primaryimage\",\"url\":\"https:\/\/forraskut.hu\/wp-content\/uploads\/2021\/11\/sz2020regionalis-alap.png\",\"contentUrl\":\"https:\/\/forraskut.hu\/wp-content\/uploads\/2021\/11\/sz2020regionalis-alap.png\",\"width\":352,\"height\":246},{\"@type\":\"BreadcrumbList\",\"@id\":\"https:\/\/forraskut.hu\/index.php\/egeszseghaz-es-sportletesitmeny-energetikai-fejlesztese\/#breadcrumb\",\"itemListElement\":[{\"@type\":\"ListItem\",\"position\":1,\"name\":\"Kezd\u0151lap\",\"item\":\"https:\/\/forraskut.hu\/\"},{\"@type\":\"ListItem\",\"position\":2,\"name\":\"Eg\u00e9szs\u00e9gh\u00e1z \u00e9s sportl\u00e9tes\u00edtm\u00e9ny energetikai fejleszt\u00e9se\"}]},{\"@type\":\"WebSite\",\"@id\":\"https:\/\/forraskut.hu\/#website\",\"url\":\"https:\/\/forraskut.hu\/\",\"name\":\"forraskut.hu\",\"description\":\"Forr\u00e1sk\u00fat k\u00f6zs\u00e9g hivatalos weboldala\",\"potentialAction\":[{\"@type\":\"SearchAction\",\"target\":{\"@type\":\"EntryPoint\",\"urlTemplate\":\"https:\/\/forraskut.hu\/?s={search_term_string}\"},\"query-input\":{\"@type\":\"PropertyValueSpecification\",\"valueRequired\":true,\"valueName\":\"search_term_string\"}}],\"inLanguage\":\"hu\"}]}<\/script>\n<!-- \/ Yoast SEO plugin. -->","yoast_head_json":{"title":"Eg\u00e9szs\u00e9gh\u00e1z \u00e9s sportl\u00e9tes\u00edtm\u00e9ny energetikai fejleszt\u00e9se - forraskut.hu","robots":{"index":"index","follow":"follow","max-snippet":"max-snippet:-1","max-image-preview":"max-image-preview:large","max-video-preview":"max-video-preview:-1"},"canonical":"https:\/\/forraskut.hu\/index.php\/egeszseghaz-es-sportletesitmeny-energetikai-fejlesztese\/","og_locale":"hu_HU","og_type":"article","og_title":"Eg\u00e9szs\u00e9gh\u00e1z \u00e9s sportl\u00e9tes\u00edtm\u00e9ny energetikai fejleszt\u00e9se - forraskut.hu","og_description":"Utolj\u00e1ra friss\u00edtve:&nbsp; 2021. december 8. Eg\u00e9szs\u00e9gh\u00e1z \u00e9s sportl\u00e9tes\u00edtm\u00e9ny energetikai fejleszt\u00e9se Forr\u00e1sk\u00faton \u00a0 A kedvezm\u00e9nyezett neve: Forr\u00e1sk\u00fat K\u00f6zs\u00e9g \u00d6nkorm\u00e1nyzata A projekt azonos\u00edt\u00f3 sz\u00e1ma: TOP-3.2.1-15-CS1-2016-00003 A szerz\u0151d\u00f6tt t\u00e1mogat\u00e1s \u00f6sszege:56\u00a0936 497 Ft A t\u00e1mogat\u00e1s m\u00e9rt\u00e9ke (%-ban): 100 % \u00a0 Fejleszt\u00e9s bemutat\u00e1sa: A projekt c\u00e9lja Forr\u00e1sk\u00fat K\u00f6zs\u00e9g egyes k\u00f6zint\u00e9zm\u00e9nyeinek energetikai c\u00e9l\u00fa korszer\u0171s\u00edt\u00e9se, melyek a k\u00f6vetkez\u0151 l\u00e9tes\u00edtm\u00e9nyeket \u00e9rintik: Eg\u00e9szs\u00e9gh\u00e1z Sport\u00f6lt\u00f6z\u0151 [&hellip;]","og_url":"https:\/\/forraskut.hu\/index.php\/egeszseghaz-es-sportletesitmeny-energetikai-fejlesztese\/","og_site_name":"forraskut.hu","article_modified_time":"2021-12-08T09:57:51+00:00","og_image":[{"url":"https:\/\/forraskut.hu\/wp-content\/uploads\/2021\/11\/sz2020regionalis-alap.png"}],"twitter_card":"summary_large_image","twitter_misc":{"Becs\u00fclt olvas\u00e1si id\u0151":"2 perc"},"schema":{"@context":"https:\/\/schema.org","@graph":[{"@type":"WebPage","@id":"https:\/\/forraskut.hu\/index.php\/egeszseghaz-es-sportletesitmeny-energetikai-fejlesztese\/","url":"https:\/\/forraskut.hu\/index.php\/egeszseghaz-es-sportletesitmeny-energetikai-fejlesztese\/","name":"Eg\u00e9szs\u00e9gh\u00e1z \u00e9s sportl\u00e9tes\u00edtm\u00e9ny energetikai fejleszt\u00e9se - forraskut.hu","isPartOf":{"@id":"https:\/\/forraskut.hu\/#website"},"primaryImageOfPage":{"@id":"https:\/\/forraskut.hu\/index.php\/egeszseghaz-es-sportletesitmeny-energetikai-fejlesztese\/#primaryimage"},"image":{"@id":"https:\/\/forraskut.hu\/index.php\/egeszseghaz-es-sportletesitmeny-energetikai-fejlesztese\/#primaryimage"},"thumbnailUrl":"https:\/\/forraskut.hu\/wp-content\/uploads\/2021\/11\/sz2020regionalis-alap.png","datePublished":"2021-11-29T15:34:40+00:00","dateModified":"2021-12-08T09:57:51+00:00","breadcrumb":{"@id":"https:\/\/forraskut.hu\/index.php\/egeszseghaz-es-sportletesitmeny-energetikai-fejlesztese\/#breadcrumb"},"inLanguage":"hu","potentialAction":[{"@type":"ReadAction","target":["https:\/\/forraskut.hu\/index.php\/egeszseghaz-es-sportletesitmeny-energetikai-fejlesztese\/"]}]},{"@type":"ImageObject","inLanguage":"hu","@id":"https:\/\/forraskut.hu\/index.php\/egeszseghaz-es-sportletesitmeny-energetikai-fejlesztese\/#primaryimage","url":"https:\/\/forraskut.hu\/wp-content\/uploads\/2021\/11\/sz2020regionalis-alap.png","contentUrl":"https:\/\/forraskut.hu\/wp-content\/uploads\/2021\/11\/sz2020regionalis-alap.png","width":352,"height":246},{"@type":"BreadcrumbList","@id":"https:\/\/forraskut.hu\/index.php\/egeszseghaz-es-sportletesitmeny-energetikai-fejlesztese\/#breadcrumb","itemListElement":[{"@type":"ListItem","position":1,"name":"Kezd\u0151lap","item":"https:\/\/forraskut.hu\/"},{"@type":"ListItem","position":2,"name":"Eg\u00e9szs\u00e9gh\u00e1z \u00e9s sportl\u00e9tes\u00edtm\u00e9ny energetikai fejleszt\u00e9se"}]},{"@type":"WebSite","@id":"https:\/\/forraskut.hu\/#website","url":"https:\/\/forraskut.hu\/","name":"forraskut.hu","description":"Forr\u00e1sk\u00fat k\u00f6zs\u00e9g hivatalos weboldala","potentialAction":[{"@type":"SearchAction","target":{"@type":"EntryPoint","urlTemplate":"https:\/\/forraskut.hu\/?s={search_term_string}"},"query-input":{"@type":"PropertyValueSpecification","valueRequired":true,"valueName":"search_term_string"}}],"inLanguage":"hu"}]}},"_links":{"self":[{"href":"https:\/\/forraskut.hu\/index.php\/wp-json\/wp\/v2\/pages\/2337"}],"collection":[{"href":"https:\/\/forraskut.hu\/index.php\/wp-json\/wp\/v2\/pages"}],"about":[{"href":"https:\/\/forraskut.hu\/index.php\/wp-json\/wp\/v2\/types\/page"}],"author":[{"embeddable":true,"href":"https:\/\/forraskut.hu\/index.php\/wp-json\/wp\/v2\/users\/2"}],"replies":[{"embeddable":true,"href":"https:\/\/forraskut.hu\/index.php\/wp-json\/wp\/v2\/comments?post=2337"}],"version-history":[{"count":8,"href":"https:\/\/forraskut.hu\/index.php\/wp-json\/wp\/v2\/pages\/2337\/revisions"}],"predecessor-version":[{"id":2444,"href":"https:\/\/forraskut.hu\/index.php\/wp-json\/wp\/v2\/pages\/2337\/revisions\/2444"}],"wp:attachment":[{"href":"https:\/\/forraskut.hu\/index.php\/wp-json\/wp\/v2\/media?parent=2337"}],"curies":[{"name":"wp","href":"https:\/\/api.w.org\/{rel}","templated":true}]}}