{"id":2256,"date":"2021-08-19T14:37:21","date_gmt":"2021-08-19T13:37:21","guid":{"rendered":"https:\/\/forraskut.hu\/?page_id=2256"},"modified":"2021-12-08T11:14:53","modified_gmt":"2021-12-08T10:14:53","slug":"klimastrategia-kidolgozasa-kehop-1-2-1-18-2018-00089","status":"publish","type":"page","link":"https:\/\/forraskut.hu\/index.php\/klimastrategia-kidolgozasa-kehop-1-2-1-18-2018-00089\/","title":{"rendered":"Kl\u00edmastrat\u00e9gia kidolgoz\u00e1sa KEHOP-1.2.1-18-2018-00089"},"content":{"rendered":"<p class=\"last-modified\">Utolj\u00e1ra friss\u00edtve:&nbsp;  2021. december 8.<\/p>\n<div class=\"wp-block-senff-sticky-block\" data-topspace=\"0\" data-cfa=\"true\" data-minwidth=\"0\" data-maxwidth=\"99999\" data-pushup=\"\" data-zindex=\"1\">\n<div class=\"wp-block-image is-style-default\"><figure class=\"alignright size-large is-resized\"><img loading=\"lazy\" decoding=\"async\" src=\"https:\/\/forraskut.hu\/wp-content\/uploads\/2021\/08\/europai-kohezios-alap-1024x708.jpg\" alt=\"\" class=\"wp-image-2266\" width=\"217\" height=\"150\" srcset=\"https:\/\/forraskut.hu\/wp-content\/uploads\/2021\/08\/europai-kohezios-alap-1024x708.jpg 1024w, https:\/\/forraskut.hu\/wp-content\/uploads\/2021\/08\/europai-kohezios-alap-300x207.jpg 300w, https:\/\/forraskut.hu\/wp-content\/uploads\/2021\/08\/europai-kohezios-alap-768x531.jpg 768w, https:\/\/forraskut.hu\/wp-content\/uploads\/2021\/08\/europai-kohezios-alap.jpg 1453w\" sizes=\"(max-width: 217px) 100vw, 217px\" \/><\/figure><\/div>\n<\/div>\n\n\n<p><strong><span style=\"font-size: 14pt;\"> Helyi kl\u00edmastrat\u00e9gia kidolgoz\u00e1sa, valamint kl\u00edmatudatoss\u00e1got er\u0151s\u00edt\u0151 szeml\u00e9letform\u00e1l\u00e1s Forr\u00e1sk\u00faton<\/span><\/strong><\/p>\n<table style=\"border-collapse: collapse; width: 99.3074%;\">\n<tbody>\n<tr>\n<td style=\"width: 71.7014%;\">Kedvezm\u00e9nyezett: Forr\u00e1sk\u00fat K\u00f6zs\u00e9g \u00d6nkorm\u00e1nyzata<br \/>A t\u00e1mogat\u00e1s \u00f6sszege: 6 533 510 Ft.<br \/>A T\u00e1mogat\u00e1s intenzit\u00e1sa: 100%<br \/>A projekt fizikai befejez\u00e9se: 2022.04.26.<\/td>\n<td style=\"width: 29.1708%;\">\u00a0<\/td>\n<\/tr>\n<\/tbody>\n<\/table>\n<p style=\"text-align: justify;\">A projektmegval\u00f3s\u00edt\u00e1s sor\u00e1n a Kl\u00edmabar\u00e1t Telep\u00fcl\u00e9sek Sz\u00f6vets\u00e9ge \u00e1ltal kidolgozott m\u00f3dszertan alapj\u00e1n, a projekt megval\u00f3s\u00edt\u00e1s kezdet\u00e9t\u0151l a telep\u00fcl\u00e9si szerepl\u0151k akt\u00edv bevon\u00e1s\u00e1val Forr\u00e1sk\u00fat k\u00f6zs\u00e9g telep\u00fcl\u00e9si kl\u00edmastrat\u00e9gia kidolgoz\u00e1s\u00e1ra ker\u00fcl sor, amelyek a kl\u00edmav\u00e1ltoz\u00e1s m\u00e9rs\u00e9kl\u00e9se mellett kiemelt hangs\u00falyt fektet a kl\u00edmav\u00e1ltoz\u00e1shoz val\u00f3 alkalmazkod\u00e1ssal kapcsolatos cselekv\u00e9si ir\u00e1nyok meghat\u00e1roz\u00e1s\u00e1ra is.<\/p>\n<p style=\"text-align: justify;\">A projektben r\u00e9sz vev\u0151 int\u00e9zm\u00e9nyek munkav\u00e1llal\u00f3i \u00e9s a projektben r\u00e9szt vev\u0151 pedag\u00f3gusok r\u00e9sz\u00e9re, valamint az \u00f3vod\u00e1s \u00e9s \u00e1ltal\u00e1nos iskola 1-2. oszt\u00e1lyosai sz\u00e1m\u00e1ra interakt\u00edv tematikus szeml\u00e9letform\u00e1l\u00e1si programsorozat ker\u00fcl megszervez\u00e9sre.\u00a0 a kl\u00edmav\u00e1ltoz\u00e1ssal kapcsolatos elm\u00e9leti ismereteken t\u00fal gyakorlatorient\u00e1lt programok szervez\u00e9s\u00e9re ker\u00fcl sor (az \u00e9letkori saj\u00e1toss\u00e1goknak megfelel\u0151 form\u00e1ban).<\/p>\n<p>A telep\u00fcl\u00e9s rendezv\u00e9nynapt\u00e1r\u00e1ban szerepl\u0151 \u00e1lland\u00f3 esem\u00e9nyeken \u2014 Forr\u00e1sk\u00fati Falunapok \u00e9s egy\u00e9b nagyrendezv\u00e9nyek \u2014 megjelen\u00e9s saj\u00e1t stand l\u00e9tes\u00edt\u00e9s\u00e9vel, \u00f6n\u00e1ll\u00f3 programokkal.<\/p>\n<p>A telep\u00fcl\u00e9si kl\u00edmastrat\u00e9gia kidolgoz\u00e1s\u00e1hoz kapcsol\u00f3d\u00f3an a kl\u00edmav\u00e1ltoz\u00e1ssal &#8211; azon bel\u00fcl mind a folyamat m\u00e9rs\u00e9kl\u00e9s\u00e9vel, mind az ahhoz val\u00f3 alkalmazkod\u00e1s t\u00e9m\u00e1j\u00e1val foglalkoz\u00f3 2 db konferencia megszervez\u00e9s\u00e9re ker\u00fcl sor.<\/p>\n<p style=\"text-align: justify;\">Az \u00d6koiskola c\u00edmmel rendelkez\u0151 \u00e1ltal\u00e1nos iskol\u00e1ban a szakt\u00e1rgyi \u00e9s oszt\u00e1lyf\u0151n\u00f6ki \u00f3r\u00e1kon k\u00f6z\u00f6lt ismeretek megalapoz\u00e1s\u00e1val gyakorlatorient\u00e1lt ismereteket \u00e1tad\u00f3, pozit\u00edv, a mindennapos tev\u00e9kenys\u00e9gekbe integr\u00e1lhat\u00f3, j\u00f3l alkalmazhat\u00f3 p\u00e9ld\u00e1kat k\u00f6zvet\u00edt\u0151 helyi tanulm\u00e1nyi verseny szakmai el\u0151k\u00e9sz\u00edt\u00e9s\u00e9re \u00e9s lebonyol\u00edt\u00e1s\u00e1ra ker\u00fcl sor<\/p>\n<p>A telep\u00fcl\u00e9si programsorozathoz \u00e9s figyelemfelkelt\u0151 akci\u00f3hoz kapcsol\u00f3d\u00f3 m\u00e9diakamp\u00e1nyok megszervez\u00e9se \u00e9s lebonyol\u00edt\u00e1sa els\u0151dlegesen szeml\u00e9letform\u00e1l\u00e1s jelleg\u0171 tev\u00e9kenys\u00e9g.<\/p>\n<p>A Projektgazda a m\u00e1r megl\u00e9v\u0151 \u00e9s m\u0171k\u00f6d\u0151 honlapj\u00e1n aloldal l\u00e9trehoz\u00e1s\u00e1val biztos\u00edtja a k\u00f6telez\u0151 \u00e9s szakmai kommunik\u00e1ci\u00f3hoz \u00e9s szakmai megval\u00f3s\u00edt\u00e1shoz sz\u00fcks\u00e9ges fel\u00fcletet, a honlap ezen aloldala a projekt k\u00f6r\u00e9ben ker\u00fcl kialak\u00edt\u00e1sra.<\/p>\n<p>\u00a0<\/p>\n<p>\u00a0<\/p>\n\n\n<p><\/p>\n","protected":false},"excerpt":{"rendered":"<p>Utolj\u00e1ra friss\u00edtve:&nbsp; 2021. december 8. Helyi kl\u00edmastrat\u00e9gia kidolgoz\u00e1sa, valamint kl\u00edmatudatoss\u00e1got er\u0151s\u00edt\u0151 szeml\u00e9letform\u00e1l\u00e1s Forr\u00e1sk\u00faton Kedvezm\u00e9nyezett: Forr\u00e1sk\u00fat K\u00f6zs\u00e9g \u00d6nkorm\u00e1nyzataA t\u00e1mogat\u00e1s \u00f6sszege: 6 533 510 Ft.A T\u00e1mogat\u00e1s intenzit\u00e1sa: 100%A projekt fizikai befejez\u00e9se: 2022.04.26. \u00a0 A projektmegval\u00f3s\u00edt\u00e1s sor\u00e1n a Kl\u00edmabar\u00e1t Telep\u00fcl\u00e9sek Sz\u00f6vets\u00e9ge \u00e1ltal kidolgozott m\u00f3dszertan alapj\u00e1n, a projekt megval\u00f3s\u00edt\u00e1s kezdet\u00e9t\u0151l a telep\u00fcl\u00e9si szerepl\u0151k akt\u00edv bevon\u00e1s\u00e1val Forr\u00e1sk\u00fat k\u00f6zs\u00e9g telep\u00fcl\u00e9si kl\u00edmastrat\u00e9gia [&hellip;]<\/p>\n","protected":false},"author":2,"featured_media":0,"parent":0,"menu_order":0,"comment_status":"closed","ping_status":"closed","template":"","meta":{"_exactmetrics_skip_tracking":false,"_exactmetrics_sitenote_active":false,"_exactmetrics_sitenote_note":"","_exactmetrics_sitenote_category":0,"footnotes":""},"yoast_head":"<!-- This site is optimized with the Yoast SEO plugin v23.4 - https:\/\/yoast.com\/wordpress\/plugins\/seo\/ -->\n<title>Kl\u00edmastrat\u00e9gia kidolgoz\u00e1sa KEHOP-1.2.1-18-2018-00089 - forraskut.hu<\/title>\n<meta name=\"robots\" content=\"index, follow, max-snippet:-1, max-image-preview:large, max-video-preview:-1\" \/>\n<link rel=\"canonical\" href=\"https:\/\/forraskut.hu\/index.php\/klimastrategia-kidolgozasa-kehop-1-2-1-18-2018-00089\/\" \/>\n<meta property=\"og:locale\" content=\"hu_HU\" \/>\n<meta property=\"og:type\" content=\"article\" \/>\n<meta property=\"og:title\" content=\"Kl\u00edmastrat\u00e9gia kidolgoz\u00e1sa KEHOP-1.2.1-18-2018-00089 - forraskut.hu\" \/>\n<meta property=\"og:description\" content=\"Utolj\u00e1ra friss\u00edtve:&nbsp; 2021. december 8. Helyi kl\u00edmastrat\u00e9gia kidolgoz\u00e1sa, valamint kl\u00edmatudatoss\u00e1got er\u0151s\u00edt\u0151 szeml\u00e9letform\u00e1l\u00e1s Forr\u00e1sk\u00faton Kedvezm\u00e9nyezett: Forr\u00e1sk\u00fat K\u00f6zs\u00e9g \u00d6nkorm\u00e1nyzataA t\u00e1mogat\u00e1s \u00f6sszege: 6 533 510 Ft.A T\u00e1mogat\u00e1s intenzit\u00e1sa: 100%A projekt fizikai befejez\u00e9se: 2022.04.26. \u00a0 A projektmegval\u00f3s\u00edt\u00e1s sor\u00e1n a Kl\u00edmabar\u00e1t Telep\u00fcl\u00e9sek Sz\u00f6vets\u00e9ge \u00e1ltal kidolgozott m\u00f3dszertan alapj\u00e1n, a projekt megval\u00f3s\u00edt\u00e1s kezdet\u00e9t\u0151l a telep\u00fcl\u00e9si szerepl\u0151k akt\u00edv bevon\u00e1s\u00e1val Forr\u00e1sk\u00fat k\u00f6zs\u00e9g telep\u00fcl\u00e9si kl\u00edmastrat\u00e9gia [&hellip;]\" \/>\n<meta property=\"og:url\" content=\"https:\/\/forraskut.hu\/index.php\/klimastrategia-kidolgozasa-kehop-1-2-1-18-2018-00089\/\" \/>\n<meta property=\"og:site_name\" content=\"forraskut.hu\" \/>\n<meta property=\"article:modified_time\" content=\"2021-12-08T10:14:53+00:00\" \/>\n<meta property=\"og:image\" content=\"https:\/\/forraskut.hu\/wp-content\/uploads\/2021\/08\/europai-kohezios-alap-1024x708.jpg\" \/>\n<meta name=\"twitter:card\" content=\"summary_large_image\" \/>\n<meta name=\"twitter:label1\" content=\"Becs\u00fclt olvas\u00e1si id\u0151\" \/>\n\t<meta name=\"twitter:data1\" content=\"2 perc\" \/>\n<script type=\"application\/ld+json\" class=\"yoast-schema-graph\">{\"@context\":\"https:\/\/schema.org\",\"@graph\":[{\"@type\":\"WebPage\",\"@id\":\"https:\/\/forraskut.hu\/index.php\/klimastrategia-kidolgozasa-kehop-1-2-1-18-2018-00089\/\",\"url\":\"https:\/\/forraskut.hu\/index.php\/klimastrategia-kidolgozasa-kehop-1-2-1-18-2018-00089\/\",\"name\":\"Kl\u00edmastrat\u00e9gia kidolgoz\u00e1sa KEHOP-1.2.1-18-2018-00089 - forraskut.hu\",\"isPartOf\":{\"@id\":\"https:\/\/forraskut.hu\/#website\"},\"primaryImageOfPage\":{\"@id\":\"https:\/\/forraskut.hu\/index.php\/klimastrategia-kidolgozasa-kehop-1-2-1-18-2018-00089\/#primaryimage\"},\"image\":{\"@id\":\"https:\/\/forraskut.hu\/index.php\/klimastrategia-kidolgozasa-kehop-1-2-1-18-2018-00089\/#primaryimage\"},\"thumbnailUrl\":\"https:\/\/forraskut.hu\/wp-content\/uploads\/2021\/08\/europai-kohezios-alap-1024x708.jpg\",\"datePublished\":\"2021-08-19T13:37:21+00:00\",\"dateModified\":\"2021-12-08T10:14:53+00:00\",\"breadcrumb\":{\"@id\":\"https:\/\/forraskut.hu\/index.php\/klimastrategia-kidolgozasa-kehop-1-2-1-18-2018-00089\/#breadcrumb\"},\"inLanguage\":\"hu\",\"potentialAction\":[{\"@type\":\"ReadAction\",\"target\":[\"https:\/\/forraskut.hu\/index.php\/klimastrategia-kidolgozasa-kehop-1-2-1-18-2018-00089\/\"]}]},{\"@type\":\"ImageObject\",\"inLanguage\":\"hu\",\"@id\":\"https:\/\/forraskut.hu\/index.php\/klimastrategia-kidolgozasa-kehop-1-2-1-18-2018-00089\/#primaryimage\",\"url\":\"https:\/\/forraskut.hu\/wp-content\/uploads\/2021\/08\/europai-kohezios-alap.jpg\",\"contentUrl\":\"https:\/\/forraskut.hu\/wp-content\/uploads\/2021\/08\/europai-kohezios-alap.jpg\",\"width\":1453,\"height\":1004},{\"@type\":\"BreadcrumbList\",\"@id\":\"https:\/\/forraskut.hu\/index.php\/klimastrategia-kidolgozasa-kehop-1-2-1-18-2018-00089\/#breadcrumb\",\"itemListElement\":[{\"@type\":\"ListItem\",\"position\":1,\"name\":\"Kezd\u0151lap\",\"item\":\"https:\/\/forraskut.hu\/\"},{\"@type\":\"ListItem\",\"position\":2,\"name\":\"Kl\u00edmastrat\u00e9gia kidolgoz\u00e1sa KEHOP-1.2.1-18-2018-00089\"}]},{\"@type\":\"WebSite\",\"@id\":\"https:\/\/forraskut.hu\/#website\",\"url\":\"https:\/\/forraskut.hu\/\",\"name\":\"forraskut.hu\",\"description\":\"Forr\u00e1sk\u00fat k\u00f6zs\u00e9g hivatalos weboldala\",\"potentialAction\":[{\"@type\":\"SearchAction\",\"target\":{\"@type\":\"EntryPoint\",\"urlTemplate\":\"https:\/\/forraskut.hu\/?s={search_term_string}\"},\"query-input\":{\"@type\":\"PropertyValueSpecification\",\"valueRequired\":true,\"valueName\":\"search_term_string\"}}],\"inLanguage\":\"hu\"}]}<\/script>\n<!-- \/ Yoast SEO plugin. -->","yoast_head_json":{"title":"Kl\u00edmastrat\u00e9gia kidolgoz\u00e1sa KEHOP-1.2.1-18-2018-00089 - forraskut.hu","robots":{"index":"index","follow":"follow","max-snippet":"max-snippet:-1","max-image-preview":"max-image-preview:large","max-video-preview":"max-video-preview:-1"},"canonical":"https:\/\/forraskut.hu\/index.php\/klimastrategia-kidolgozasa-kehop-1-2-1-18-2018-00089\/","og_locale":"hu_HU","og_type":"article","og_title":"Kl\u00edmastrat\u00e9gia kidolgoz\u00e1sa KEHOP-1.2.1-18-2018-00089 - forraskut.hu","og_description":"Utolj\u00e1ra friss\u00edtve:&nbsp; 2021. december 8. Helyi kl\u00edmastrat\u00e9gia kidolgoz\u00e1sa, valamint kl\u00edmatudatoss\u00e1got er\u0151s\u00edt\u0151 szeml\u00e9letform\u00e1l\u00e1s Forr\u00e1sk\u00faton Kedvezm\u00e9nyezett: Forr\u00e1sk\u00fat K\u00f6zs\u00e9g \u00d6nkorm\u00e1nyzataA t\u00e1mogat\u00e1s \u00f6sszege: 6 533 510 Ft.A T\u00e1mogat\u00e1s intenzit\u00e1sa: 100%A projekt fizikai befejez\u00e9se: 2022.04.26. \u00a0 A projektmegval\u00f3s\u00edt\u00e1s sor\u00e1n a Kl\u00edmabar\u00e1t Telep\u00fcl\u00e9sek Sz\u00f6vets\u00e9ge \u00e1ltal kidolgozott m\u00f3dszertan alapj\u00e1n, a projekt megval\u00f3s\u00edt\u00e1s kezdet\u00e9t\u0151l a telep\u00fcl\u00e9si szerepl\u0151k akt\u00edv bevon\u00e1s\u00e1val Forr\u00e1sk\u00fat k\u00f6zs\u00e9g telep\u00fcl\u00e9si kl\u00edmastrat\u00e9gia [&hellip;]","og_url":"https:\/\/forraskut.hu\/index.php\/klimastrategia-kidolgozasa-kehop-1-2-1-18-2018-00089\/","og_site_name":"forraskut.hu","article_modified_time":"2021-12-08T10:14:53+00:00","og_image":[{"url":"https:\/\/forraskut.hu\/wp-content\/uploads\/2021\/08\/europai-kohezios-alap-1024x708.jpg"}],"twitter_card":"summary_large_image","twitter_misc":{"Becs\u00fclt olvas\u00e1si id\u0151":"2 perc"},"schema":{"@context":"https:\/\/schema.org","@graph":[{"@type":"WebPage","@id":"https:\/\/forraskut.hu\/index.php\/klimastrategia-kidolgozasa-kehop-1-2-1-18-2018-00089\/","url":"https:\/\/forraskut.hu\/index.php\/klimastrategia-kidolgozasa-kehop-1-2-1-18-2018-00089\/","name":"Kl\u00edmastrat\u00e9gia kidolgoz\u00e1sa KEHOP-1.2.1-18-2018-00089 - forraskut.hu","isPartOf":{"@id":"https:\/\/forraskut.hu\/#website"},"primaryImageOfPage":{"@id":"https:\/\/forraskut.hu\/index.php\/klimastrategia-kidolgozasa-kehop-1-2-1-18-2018-00089\/#primaryimage"},"image":{"@id":"https:\/\/forraskut.hu\/index.php\/klimastrategia-kidolgozasa-kehop-1-2-1-18-2018-00089\/#primaryimage"},"thumbnailUrl":"https:\/\/forraskut.hu\/wp-content\/uploads\/2021\/08\/europai-kohezios-alap-1024x708.jpg","datePublished":"2021-08-19T13:37:21+00:00","dateModified":"2021-12-08T10:14:53+00:00","breadcrumb":{"@id":"https:\/\/forraskut.hu\/index.php\/klimastrategia-kidolgozasa-kehop-1-2-1-18-2018-00089\/#breadcrumb"},"inLanguage":"hu","potentialAction":[{"@type":"ReadAction","target":["https:\/\/forraskut.hu\/index.php\/klimastrategia-kidolgozasa-kehop-1-2-1-18-2018-00089\/"]}]},{"@type":"ImageObject","inLanguage":"hu","@id":"https:\/\/forraskut.hu\/index.php\/klimastrategia-kidolgozasa-kehop-1-2-1-18-2018-00089\/#primaryimage","url":"https:\/\/forraskut.hu\/wp-content\/uploads\/2021\/08\/europai-kohezios-alap.jpg","contentUrl":"https:\/\/forraskut.hu\/wp-content\/uploads\/2021\/08\/europai-kohezios-alap.jpg","width":1453,"height":1004},{"@type":"BreadcrumbList","@id":"https:\/\/forraskut.hu\/index.php\/klimastrategia-kidolgozasa-kehop-1-2-1-18-2018-00089\/#breadcrumb","itemListElement":[{"@type":"ListItem","position":1,"name":"Kezd\u0151lap","item":"https:\/\/forraskut.hu\/"},{"@type":"ListItem","position":2,"name":"Kl\u00edmastrat\u00e9gia kidolgoz\u00e1sa KEHOP-1.2.1-18-2018-00089"}]},{"@type":"WebSite","@id":"https:\/\/forraskut.hu\/#website","url":"https:\/\/forraskut.hu\/","name":"forraskut.hu","description":"Forr\u00e1sk\u00fat k\u00f6zs\u00e9g hivatalos weboldala","potentialAction":[{"@type":"SearchAction","target":{"@type":"EntryPoint","urlTemplate":"https:\/\/forraskut.hu\/?s={search_term_string}"},"query-input":{"@type":"PropertyValueSpecification","valueRequired":true,"valueName":"search_term_string"}}],"inLanguage":"hu"}]}},"_links":{"self":[{"href":"https:\/\/forraskut.hu\/index.php\/wp-json\/wp\/v2\/pages\/2256"}],"collection":[{"href":"https:\/\/forraskut.hu\/index.php\/wp-json\/wp\/v2\/pages"}],"about":[{"href":"https:\/\/forraskut.hu\/index.php\/wp-json\/wp\/v2\/types\/page"}],"author":[{"embeddable":true,"href":"https:\/\/forraskut.hu\/index.php\/wp-json\/wp\/v2\/users\/2"}],"replies":[{"embeddable":true,"href":"https:\/\/forraskut.hu\/index.php\/wp-json\/wp\/v2\/comments?post=2256"}],"version-history":[{"count":12,"href":"https:\/\/forraskut.hu\/index.php\/wp-json\/wp\/v2\/pages\/2256\/revisions"}],"predecessor-version":[{"id":2369,"href":"https:\/\/forraskut.hu\/index.php\/wp-json\/wp\/v2\/pages\/2256\/revisions\/2369"}],"wp:attachment":[{"href":"https:\/\/forraskut.hu\/index.php\/wp-json\/wp\/v2\/media?parent=2256"}],"curies":[{"name":"wp","href":"https:\/\/api.w.org\/{rel}","templated":true}]}}