{"id":225,"date":"2017-11-22T14:42:57","date_gmt":"2017-11-22T13:42:57","guid":{"rendered":"http:\/\/forraskut.hu\/?page_id=225"},"modified":"2023-12-22T10:07:56","modified_gmt":"2023-12-22T09:07:56","slug":"tatika-kft","status":"publish","type":"page","link":"https:\/\/forraskut.hu\/index.php\/tatika-kft\/","title":{"rendered":"T\u00e1tika Kft"},"content":{"rendered":"<p class=\"last-modified\">Utolj\u00e1ra friss\u00edtve:&nbsp;  2023. december 22.<\/p><p>T\u00c1TIKA Gazdas\u00e1gfejleszt\u0151 Szolg\u00e1ltat\u00f3 \u00e9s Inform\u00e1ci\u00f3s Nonprofit K\u00f6zhaszn\u00fa Korl\u00e1tolt Felel\u0151ss\u00e9g\u0171 T\u00e1rsas\u00e1g<\/p>\n<p>R\u00f6vid\u00edtett n\u00e9v: T\u00c1TIKA KFT<\/p>\n<p>Sz\u00e9khely:6793 Forr\u00e1sk\u00fat F\u0151 u. 74.<\/p>\n<p>Telefon: 62\/287-222<\/p>\n<p>\u00dcgyvezet\u0151 neve: Cz\u00e9kusn\u00e9 Csuka Gy\u00f6rgyi<\/p>\n<p>Tev\u00e9kenys\u00e9gi k\u00f6r: melegkonyh\u00e1s \u00e9tterem \u00fczemeltet\u00e9se<\/p>\n<p>Forr\u00e1sk\u00fat K\u00f6zs\u00e9g \u00d6nkorm\u00e1nyzat r\u00e9szesd\u00e9s\u00e9nek m\u00e9rt\u00e9ke: 100%<\/p>\n<div class=\"focim\">Vezet\u0151 tiszts\u00e9gvisel\u0151 \u00e9s a Fel\u00fcgyel\u0151 Bizotts\u00e1gi tagok adatai<\/div>\n<p>A T\u00c1TIKA Gazdas\u00e1gfejleszt\u0151 Szolg\u00e1ltat\u00f3 \u00e9s Inform\u00e1ci\u00f3s Nonprofit K\u00f6zhaszn\u00fa Korl\u00e1tolt Felel\u0151ss\u00e9g\u0171 T\u00e1rsas\u00e1g 6793 Forr\u00e1sk\u00fat, Felszabadul\u00e1s u. 74. a korm\u00e1ny 175\/2009. (VIII.29.) korm\u00e1ny rendelete \u2013 <strong>A k\u00f6ztulajdonban \u00e1ll\u00f3 gazdas\u00e1gi t\u00e1rsas\u00e1gok m\u0171k\u00f6d\u00e9s\u00e9nek \u00e1tl\u00e1that\u00f3bb\u00e1 t\u00e9tel\u00e9r\u0151l <\/strong>\u2013 el\u0151\u00edr\u00e1sainak megfelel\u0151en ezennel k\u00f6zz\u00e9teszi a KFT. vezet\u0151 tiszts\u00e9gvisel\u0151je \u00e9s a Fel\u00fcgyel\u0151 Bizotts\u00e1gi tagok adatait az al\u00e1bbiak szerint:<\/p>\n<p><strong><u>Vezet\u0151 tiszts\u00e9gvisel\u0151 adatai:<\/u><\/strong><\/p>\n<p><u>Neve: Cz\u00e9kusn\u00e9 Csuka Gy\u00f6rgyi<br \/>\n<\/u><\/p>\n<p>Tiszts\u00e9ge: \u00dcgyvezet\u0151<\/p>\n<p>Jogviszony jellege: Tiszteletd\u00edjas<\/p>\n<p>Juttat\u00e1s \u00f6sszege: 600.000,- Ft\/\u00e9v<\/p>\n<p><strong><u>Fel\u00fcgyel\u0151 Bizotts\u00e1g adatai:<\/u><\/strong><\/p>\n<p><u>Neve: Lajk\u00f3 Zsolt<\/u><\/p>\n<p>Tiszts\u00e9ge: eln\u00f6k<\/p>\n<p>Megb\u00edz\u00e1si d\u00edj: &#8211;<\/p>\n<p>Egy\u00e9b j\u00e1rand\u00f3s\u00e1g: &#8211;<\/p>\n<p><u>Neve: Dr. Hurs\u00e1n Mih\u00e1ly<\/u><\/p>\n<p>Tiszts\u00e9ge: tag<\/p>\n<p>Megb\u00edz\u00e1si d\u00edj: &#8211;<\/p>\n<p>Egy\u00e9b j\u00e1rand\u00f3s\u00e1g: &#8211;<\/p>\n<p><u>Neve: Pint\u00e9r Tibor<br \/>\n<\/u><\/p>\n<p>Tiszts\u00e9ge: tag<\/p>\n<p>Megb\u00edz\u00e1si d\u00edj: &#8211;<\/p>\n<p>Egy\u00e9b j\u00e1rand\u00f3s\u00e1g: &#8211;<\/p>\n","protected":false},"excerpt":{"rendered":"<p>Utolj\u00e1ra friss\u00edtve:&nbsp; 2023. december 22.T\u00c1TIKA Gazdas\u00e1gfejleszt\u0151 Szolg\u00e1ltat\u00f3 \u00e9s Inform\u00e1ci\u00f3s Nonprofit K\u00f6zhaszn\u00fa Korl\u00e1tolt Felel\u0151ss\u00e9g\u0171 T\u00e1rsas\u00e1g R\u00f6vid\u00edtett n\u00e9v: T\u00c1TIKA KFT Sz\u00e9khely:6793 Forr\u00e1sk\u00fat F\u0151 u. 74. Telefon: 62\/287-222 \u00dcgyvezet\u0151 neve: Cz\u00e9kusn\u00e9 Csuka Gy\u00f6rgyi Tev\u00e9kenys\u00e9gi k\u00f6r: melegkonyh\u00e1s \u00e9tterem \u00fczemeltet\u00e9se Forr\u00e1sk\u00fat K\u00f6zs\u00e9g \u00d6nkorm\u00e1nyzat r\u00e9szesd\u00e9s\u00e9nek m\u00e9rt\u00e9ke: 100% Vezet\u0151 tiszts\u00e9gvisel\u0151 \u00e9s a Fel\u00fcgyel\u0151 Bizotts\u00e1gi tagok adatai A T\u00c1TIKA Gazdas\u00e1gfejleszt\u0151 Szolg\u00e1ltat\u00f3 \u00e9s Inform\u00e1ci\u00f3s [&hellip;]<\/p>\n","protected":false},"author":2,"featured_media":0,"parent":0,"menu_order":0,"comment_status":"closed","ping_status":"closed","template":"","meta":{"_exactmetrics_skip_tracking":false,"_exactmetrics_sitenote_active":false,"_exactmetrics_sitenote_note":"","_exactmetrics_sitenote_category":0,"footnotes":""},"yoast_head":"<!-- This site is optimized with the Yoast SEO plugin v23.4 - https:\/\/yoast.com\/wordpress\/plugins\/seo\/ -->\n<title>T\u00e1tika Kft - forraskut.hu<\/title>\n<meta name=\"robots\" content=\"index, follow, max-snippet:-1, max-image-preview:large, max-video-preview:-1\" \/>\n<link rel=\"canonical\" href=\"https:\/\/forraskut.hu\/index.php\/tatika-kft\/\" \/>\n<meta property=\"og:locale\" content=\"hu_HU\" \/>\n<meta property=\"og:type\" content=\"article\" \/>\n<meta property=\"og:title\" content=\"T\u00e1tika Kft - forraskut.hu\" \/>\n<meta property=\"og:description\" content=\"Utolj\u00e1ra friss\u00edtve:&nbsp; 2023. december 22.T\u00c1TIKA Gazdas\u00e1gfejleszt\u0151 Szolg\u00e1ltat\u00f3 \u00e9s Inform\u00e1ci\u00f3s Nonprofit K\u00f6zhaszn\u00fa Korl\u00e1tolt Felel\u0151ss\u00e9g\u0171 T\u00e1rsas\u00e1g R\u00f6vid\u00edtett n\u00e9v: T\u00c1TIKA KFT Sz\u00e9khely:6793 Forr\u00e1sk\u00fat F\u0151 u. 74. Telefon: 62\/287-222 \u00dcgyvezet\u0151 neve: Cz\u00e9kusn\u00e9 Csuka Gy\u00f6rgyi Tev\u00e9kenys\u00e9gi k\u00f6r: melegkonyh\u00e1s \u00e9tterem \u00fczemeltet\u00e9se Forr\u00e1sk\u00fat K\u00f6zs\u00e9g \u00d6nkorm\u00e1nyzat r\u00e9szesd\u00e9s\u00e9nek m\u00e9rt\u00e9ke: 100% Vezet\u0151 tiszts\u00e9gvisel\u0151 \u00e9s a Fel\u00fcgyel\u0151 Bizotts\u00e1gi tagok adatai A T\u00c1TIKA Gazdas\u00e1gfejleszt\u0151 Szolg\u00e1ltat\u00f3 \u00e9s Inform\u00e1ci\u00f3s [&hellip;]\" \/>\n<meta property=\"og:url\" content=\"https:\/\/forraskut.hu\/index.php\/tatika-kft\/\" \/>\n<meta property=\"og:site_name\" content=\"forraskut.hu\" \/>\n<meta property=\"article:modified_time\" content=\"2023-12-22T09:07:56+00:00\" \/>\n<meta name=\"twitter:card\" content=\"summary_large_image\" \/>\n<meta name=\"twitter:label1\" content=\"Becs\u00fclt olvas\u00e1si id\u0151\" \/>\n\t<meta name=\"twitter:data1\" content=\"1 perc\" \/>\n<script type=\"application\/ld+json\" class=\"yoast-schema-graph\">{\"@context\":\"https:\/\/schema.org\",\"@graph\":[{\"@type\":\"WebPage\",\"@id\":\"https:\/\/forraskut.hu\/index.php\/tatika-kft\/\",\"url\":\"https:\/\/forraskut.hu\/index.php\/tatika-kft\/\",\"name\":\"T\u00e1tika Kft - forraskut.hu\",\"isPartOf\":{\"@id\":\"https:\/\/forraskut.hu\/#website\"},\"datePublished\":\"2017-11-22T13:42:57+00:00\",\"dateModified\":\"2023-12-22T09:07:56+00:00\",\"breadcrumb\":{\"@id\":\"https:\/\/forraskut.hu\/index.php\/tatika-kft\/#breadcrumb\"},\"inLanguage\":\"hu\",\"potentialAction\":[{\"@type\":\"ReadAction\",\"target\":[\"https:\/\/forraskut.hu\/index.php\/tatika-kft\/\"]}]},{\"@type\":\"BreadcrumbList\",\"@id\":\"https:\/\/forraskut.hu\/index.php\/tatika-kft\/#breadcrumb\",\"itemListElement\":[{\"@type\":\"ListItem\",\"position\":1,\"name\":\"Kezd\u0151lap\",\"item\":\"https:\/\/forraskut.hu\/\"},{\"@type\":\"ListItem\",\"position\":2,\"name\":\"T\u00e1tika Kft\"}]},{\"@type\":\"WebSite\",\"@id\":\"https:\/\/forraskut.hu\/#website\",\"url\":\"https:\/\/forraskut.hu\/\",\"name\":\"forraskut.hu\",\"description\":\"Forr\u00e1sk\u00fat k\u00f6zs\u00e9g hivatalos weboldala\",\"potentialAction\":[{\"@type\":\"SearchAction\",\"target\":{\"@type\":\"EntryPoint\",\"urlTemplate\":\"https:\/\/forraskut.hu\/?s={search_term_string}\"},\"query-input\":{\"@type\":\"PropertyValueSpecification\",\"valueRequired\":true,\"valueName\":\"search_term_string\"}}],\"inLanguage\":\"hu\"}]}<\/script>\n<!-- \/ Yoast SEO plugin. -->","yoast_head_json":{"title":"T\u00e1tika Kft - forraskut.hu","robots":{"index":"index","follow":"follow","max-snippet":"max-snippet:-1","max-image-preview":"max-image-preview:large","max-video-preview":"max-video-preview:-1"},"canonical":"https:\/\/forraskut.hu\/index.php\/tatika-kft\/","og_locale":"hu_HU","og_type":"article","og_title":"T\u00e1tika Kft - forraskut.hu","og_description":"Utolj\u00e1ra friss\u00edtve:&nbsp; 2023. december 22.T\u00c1TIKA Gazdas\u00e1gfejleszt\u0151 Szolg\u00e1ltat\u00f3 \u00e9s Inform\u00e1ci\u00f3s Nonprofit K\u00f6zhaszn\u00fa Korl\u00e1tolt Felel\u0151ss\u00e9g\u0171 T\u00e1rsas\u00e1g R\u00f6vid\u00edtett n\u00e9v: T\u00c1TIKA KFT Sz\u00e9khely:6793 Forr\u00e1sk\u00fat F\u0151 u. 74. Telefon: 62\/287-222 \u00dcgyvezet\u0151 neve: Cz\u00e9kusn\u00e9 Csuka Gy\u00f6rgyi Tev\u00e9kenys\u00e9gi k\u00f6r: melegkonyh\u00e1s \u00e9tterem \u00fczemeltet\u00e9se Forr\u00e1sk\u00fat K\u00f6zs\u00e9g \u00d6nkorm\u00e1nyzat r\u00e9szesd\u00e9s\u00e9nek m\u00e9rt\u00e9ke: 100% Vezet\u0151 tiszts\u00e9gvisel\u0151 \u00e9s a Fel\u00fcgyel\u0151 Bizotts\u00e1gi tagok adatai A T\u00c1TIKA Gazdas\u00e1gfejleszt\u0151 Szolg\u00e1ltat\u00f3 \u00e9s Inform\u00e1ci\u00f3s [&hellip;]","og_url":"https:\/\/forraskut.hu\/index.php\/tatika-kft\/","og_site_name":"forraskut.hu","article_modified_time":"2023-12-22T09:07:56+00:00","twitter_card":"summary_large_image","twitter_misc":{"Becs\u00fclt olvas\u00e1si id\u0151":"1 perc"},"schema":{"@context":"https:\/\/schema.org","@graph":[{"@type":"WebPage","@id":"https:\/\/forraskut.hu\/index.php\/tatika-kft\/","url":"https:\/\/forraskut.hu\/index.php\/tatika-kft\/","name":"T\u00e1tika Kft - forraskut.hu","isPartOf":{"@id":"https:\/\/forraskut.hu\/#website"},"datePublished":"2017-11-22T13:42:57+00:00","dateModified":"2023-12-22T09:07:56+00:00","breadcrumb":{"@id":"https:\/\/forraskut.hu\/index.php\/tatika-kft\/#breadcrumb"},"inLanguage":"hu","potentialAction":[{"@type":"ReadAction","target":["https:\/\/forraskut.hu\/index.php\/tatika-kft\/"]}]},{"@type":"BreadcrumbList","@id":"https:\/\/forraskut.hu\/index.php\/tatika-kft\/#breadcrumb","itemListElement":[{"@type":"ListItem","position":1,"name":"Kezd\u0151lap","item":"https:\/\/forraskut.hu\/"},{"@type":"ListItem","position":2,"name":"T\u00e1tika Kft"}]},{"@type":"WebSite","@id":"https:\/\/forraskut.hu\/#website","url":"https:\/\/forraskut.hu\/","name":"forraskut.hu","description":"Forr\u00e1sk\u00fat k\u00f6zs\u00e9g hivatalos weboldala","potentialAction":[{"@type":"SearchAction","target":{"@type":"EntryPoint","urlTemplate":"https:\/\/forraskut.hu\/?s={search_term_string}"},"query-input":{"@type":"PropertyValueSpecification","valueRequired":true,"valueName":"search_term_string"}}],"inLanguage":"hu"}]}},"_links":{"self":[{"href":"https:\/\/forraskut.hu\/index.php\/wp-json\/wp\/v2\/pages\/225"}],"collection":[{"href":"https:\/\/forraskut.hu\/index.php\/wp-json\/wp\/v2\/pages"}],"about":[{"href":"https:\/\/forraskut.hu\/index.php\/wp-json\/wp\/v2\/types\/page"}],"author":[{"embeddable":true,"href":"https:\/\/forraskut.hu\/index.php\/wp-json\/wp\/v2\/users\/2"}],"replies":[{"embeddable":true,"href":"https:\/\/forraskut.hu\/index.php\/wp-json\/wp\/v2\/comments?post=225"}],"version-history":[{"count":3,"href":"https:\/\/forraskut.hu\/index.php\/wp-json\/wp\/v2\/pages\/225\/revisions"}],"predecessor-version":[{"id":2925,"href":"https:\/\/forraskut.hu\/index.php\/wp-json\/wp\/v2\/pages\/225\/revisions\/2925"}],"wp:attachment":[{"href":"https:\/\/forraskut.hu\/index.php\/wp-json\/wp\/v2\/media?parent=225"}],"curies":[{"name":"wp","href":"https:\/\/api.w.org\/{rel}","templated":true}]}}