	
	
		

	
		
										
	
				
			
	{"id":2165,"date":"2021-04-26T15:45:49","date_gmt":"2021-04-26T14:45:49","guid":{"rendered":"https:\/\/forraskut.hu\/?page_id=2165"},"modified":"2024-04-02T08:21:34","modified_gmt":"2024-04-02T07:21:34","slug":"klimastategia","status":"publish","type":"page","link":"https:\/\/forraskut.hu\/index.php\/klimastategia\/","title":{"rendered":"Kl\u00edmastrat\u00e9gia"},"content":{"rendered":"<p class=\"last-modified\">Utolj\u00e1ra friss\u00edtve:&nbsp;  2024. \u00e1prilis 2.<\/p><p><a href=\"https:\/\/forraskut.hu\/wp-content\/uploads\/2021\/04\/Forraskut-UHG-leltara.pdf\">Forr\u00e1sk\u00fat \u00dcHG &#8211; lelt\u00e1ra<\/a><\/p>\n<p><a href=\"https:\/\/forraskut.hu\/wp-content\/uploads\/2021\/04\/egyeztetesre-Forraskut-klimastrategia.pdf\" target=\"_blank\" rel=\"noopener noreferrer\">Forr\u00e1sk\u00fat kl\u00edmastrat\u00e9gia<\/a><\/p>\n<p><a href=\"https:\/\/forraskut.hu\/wp-content\/uploads\/2021\/04\/1.-sz.-melleklet-modszertani-utmutato-telepulesi.pdf\" target=\"_blank\" rel=\"noopener noreferrer\">1. sz. mell\u00e9klet &#8211; m\u00f3dszertani \u00fatmutat\u00f3<\/a> ; <a href=\"https:\/\/forraskut.hu\/wp-content\/uploads\/2021\/04\/2.-sz.-melleklet-TAB.KITOLTOTT.pdf\" target=\"_blank\" rel=\"noopener noreferrer\">2. sz. mell\u00e9klet<\/a><\/p>\n<p><a href=\"https:\/\/forraskut.hu\/wp-content\/uploads\/2023\/06\/Kepzes-ovodapedagogusok-reszere_05-ora_nagy-diak.pdf\" target=\"_blank\" rel=\"noopener noreferrer\">K\u00e9pz\u00e9s \u00f3vodapedag\u00f3gusok r\u00e9sz\u00e9re<\/a>\u00a0; <a href=\"https:\/\/forraskut.hu\/wp-content\/uploads\/2023\/06\/foglalkoztato_ovi_logos.pdf\" target=\"_blank\" rel=\"noopener noreferrer\">Foglalkoztat\u00f3 \u00f3voda<\/a>\u00a0; <a href=\"https:\/\/forraskut.hu\/wp-content\/uploads\/2023\/06\/kifesto_ovi_logos.pdf\" target=\"_blank\" rel=\"noopener noreferrer\">Kifest\u0151 \u00f3voda<\/a><\/p>\n<p><a href=\"https:\/\/forraskut.hu\/wp-content\/uploads\/2023\/06\/Kepzes-iskolai-pedagogusok-reszere_1-ora.pdf\" target=\"_blank\" rel=\"noopener noreferrer\">K\u00e9pz\u00e9s iskolai pedag\u00f3gusok r\u00e9sz\u00e9re<\/a>\u00a0; <a href=\"https:\/\/forraskut.hu\/wp-content\/uploads\/2023\/06\/iskola_kepzesi_anyag.pdf\" target=\"_blank\" rel=\"noopener noreferrer\">Iskola k\u00e9pz\u00e9si anyag<\/a><\/p>\n<p><a href=\"https:\/\/forraskut.hu\/wp-content\/uploads\/2023\/06\/hulladekcsokkentesi_tippek.pdf\" target=\"_blank\" rel=\"noopener noreferrer\">Hullad\u00e9kcs\u00f6kkent\u00e9si tippek<\/a><\/p>\n<p><a href=\"https:\/\/forraskut.hu\/wp-content\/uploads\/2023\/06\/klimastrategiarol.pdf\" target=\"_blank\" rel=\"noopener noreferrer\">Kl\u00edmastrat\u00e9gi\u00e1r\u00f3l<\/a><\/p>\n<p><a href=\"https:\/\/forraskut.hu\/wp-content\/uploads\/2023\/06\/klimavalt_hatasai_fkuton.pdf\" target=\"_blank\" rel=\"noopener noreferrer\">Kl\u00edmav\u00e1ltoz\u00e1s hat\u00e1sai Forr\u00e1sk\u00faton<\/a><\/p>\n<p><a href=\"https:\/\/forraskut.hu\/wp-content\/uploads\/2023\/06\/klimavaltozas_ellen_mit_tehetunk.pdf\" target=\"_blank\" rel=\"noopener noreferrer\">Kl\u00edmav\u00e1ltoz\u00e1s ellen mit tehet\u00fcnk<\/a><\/p>\n<p><a href=\"https:\/\/forraskut.hu\/wp-content\/uploads\/2023\/06\/klimavaltozas_forraskuton.pdf\" target=\"_blank\" rel=\"noopener noreferrer\">Kl\u00edmav\u00e1ltoz\u00e1s Forr\u00e1sk\u00faton<\/a><\/p>\n<p><a href=\"https:\/\/forraskut.hu\/wp-content\/uploads\/2023\/06\/mi_az_okologiai_labnyom.pdf\" target=\"_blank\" rel=\"noopener noreferrer\">Mi az \u00f6kol\u00f3giai l\u00e1bnyom<\/a><\/p>\n<p><a href=\"https:\/\/forraskut.hu\/wp-content\/uploads\/2023\/06\/mit_tehetunk_a_klimavaltozas_ellen.pdf\" target=\"_blank\" rel=\"noopener noreferrer\">Mit tehet\u00fcnk a kl\u00edmav\u00e1ltoz\u00e1s ellen<\/a><\/p>\n<p><a href=\"https:\/\/forraskut.hu\/wp-content\/uploads\/2023\/06\/Felhos-tabla-01.pdf\" target=\"_blank\" rel=\"noopener noreferrer\">Felh\u0151s t\u00e1bla 01<\/a>\u00a0 ;\u00a0 <a href=\"https:\/\/forraskut.hu\/wp-content\/uploads\/2023\/06\/Felhos-tabla-02.pdf\" target=\"_blank\" rel=\"noopener noreferrer\">Felh\u0151s t\u00e1bla 02<\/a><\/p>\n<p><a href=\"https:\/\/forraskut.hu\/wp-content\/uploads\/2023\/06\/kornyezetvedelmi-toto1.pdf\" target=\"_blank\" rel=\"noopener noreferrer\">K\u00f6rnyezetv\u00e9delmi tot\u00f3<\/a><a href=\"https:\/\/forraskut.hu\/wp-content\/uploads\/2023\/06\/kornyezetvedelmi-toto1.pdf\">1<\/a>\u00a0; <a href=\"https:\/\/forraskut.hu\/wp-content\/uploads\/2023\/06\/kornyezetvedelmi-toto2.pdf\" target=\"_blank\" rel=\"noopener noreferrer\">K\u00f6rnyezetv\u00e9delmi tot\u00f32<\/a>\u00a0; <a href=\"https:\/\/forraskut.hu\/wp-content\/uploads\/2023\/06\/kornyezetvedelmi-toto3.pdf\" target=\"_blank\" rel=\"noopener noreferrer\">K\u00f6rnyezetv\u00e9delmi tot\u00f33<\/a><img loading=\"lazy\" decoding=\"async\" class=\"aligncenter wp-image-2191 size-large\" src=\"https:\/\/forraskut.hu\/wp-content\/uploads\/2021\/05\/kehop_1_2_1_18_2018_00089_d_fekvo_vajojel_nelkuli-1-e1620800915992-1024x724.jpg\" alt=\"\" width=\"500\" height=\"354\" srcset=\"https:\/\/forraskut.hu\/wp-content\/uploads\/2021\/05\/kehop_1_2_1_18_2018_00089_d_fekvo_vajojel_nelkuli-1-e1620800915992-1024x724.jpg 1024w, https:\/\/forraskut.hu\/wp-content\/uploads\/2021\/05\/kehop_1_2_1_18_2018_00089_d_fekvo_vajojel_nelkuli-1-e1620800915992-300x212.jpg 300w, https:\/\/forraskut.hu\/wp-content\/uploads\/2021\/05\/kehop_1_2_1_18_2018_00089_d_fekvo_vajojel_nelkuli-1-e1620800915992-768x543.jpg 768w, https:\/\/forraskut.hu\/wp-content\/uploads\/2021\/05\/kehop_1_2_1_18_2018_00089_d_fekvo_vajojel_nelkuli-1-e1620800915992-1536x1086.jpg 1536w, https:\/\/forraskut.hu\/wp-content\/uploads\/2021\/05\/kehop_1_2_1_18_2018_00089_d_fekvo_vajojel_nelkuli-1-e1620800915992.jpg 1754w\" sizes=\"(max-width: 500px) 100vw, 500px\" \/><\/p>\n<p>&nbsp;<\/p>\n<p style=\"text-align: center;\">\n<div id='mvcwid'style='text-align: center; color: #000000;'><h3 class='wps_visitor_title'>Eddigi l\u00e1togat\u00f3k sz\u00e1ma:<\/h3><div id=\"wpsvccount\"><img src='https:\/\/forraskut.hu\/wp-content\/plugins\/wps-visitor-counter\/styles\/image\/crochet\/0.gif' alt='0'><img src='https:\/\/forraskut.hu\/wp-content\/plugins\/wps-visitor-counter\/styles\/image\/crochet\/1.gif' alt='1'><img src='https:\/\/forraskut.hu\/wp-content\/plugins\/wps-visitor-counter\/styles\/image\/crochet\/9.gif' alt='9'><img src='https:\/\/forraskut.hu\/wp-content\/plugins\/wps-visitor-counter\/styles\/image\/crochet\/5.gif' alt='5'><img src='https:\/\/forraskut.hu\/wp-content\/plugins\/wps-visitor-counter\/styles\/image\/crochet\/1.gif' alt='1'><img src='https:\/\/forraskut.hu\/wp-content\/plugins\/wps-visitor-counter\/styles\/image\/crochet\/9.gif' alt='9'><\/div>\n\t<div id=\"wpsvctable\"><\/div><\/div>\n<p>&nbsp;<\/p>\n","protected":false},"excerpt":{"rendered":"<p>Utolj\u00e1ra friss\u00edtve:&nbsp; 2024. \u00e1prilis 2.Forr\u00e1sk\u00fat \u00dcHG &#8211; lelt\u00e1ra Forr\u00e1sk\u00fat kl\u00edmastrat\u00e9gia 1. sz. mell\u00e9klet &#8211; m\u00f3dszertani \u00fatmutat\u00f3 ; 2. sz. mell\u00e9klet K\u00e9pz\u00e9s \u00f3vodapedag\u00f3gusok r\u00e9sz\u00e9re\u00a0; Foglalkoztat\u00f3 \u00f3voda\u00a0; Kifest\u0151 \u00f3voda K\u00e9pz\u00e9s iskolai pedag\u00f3gusok r\u00e9sz\u00e9re\u00a0; Iskola k\u00e9pz\u00e9si anyag Hullad\u00e9kcs\u00f6kkent\u00e9si tippek Kl\u00edmastrat\u00e9gi\u00e1r\u00f3l Kl\u00edmav\u00e1ltoz\u00e1s hat\u00e1sai Forr\u00e1sk\u00faton Kl\u00edmav\u00e1ltoz\u00e1s ellen mit tehet\u00fcnk Kl\u00edmav\u00e1ltoz\u00e1s Forr\u00e1sk\u00faton Mi az \u00f6kol\u00f3giai l\u00e1bnyom Mit tehet\u00fcnk a kl\u00edmav\u00e1ltoz\u00e1s ellen [&hellip;]<\/p>\n","protected":false},"author":2,"featured_media":0,"parent":0,"menu_order":0,"comment_status":"closed","ping_status":"closed","template":"","meta":{"_exactmetrics_skip_tracking":false,"_exactmetrics_sitenote_active":false,"_exactmetrics_sitenote_note":"","_exactmetrics_sitenote_category":0,"footnotes":""},"yoast_head":"<!-- This site is optimized with the Yoast SEO plugin v23.4 - https:\/\/yoast.com\/wordpress\/plugins\/seo\/ -->\n<title>Kl\u00edmastrat\u00e9gia - forraskut.hu<\/title>\n<meta name=\"robots\" content=\"index, follow, max-snippet:-1, max-image-preview:large, max-video-preview:-1\" \/>\n<link rel=\"canonical\" href=\"https:\/\/forraskut.hu\/index.php\/klimastategia\/\" \/>\n<meta property=\"og:locale\" content=\"hu_HU\" \/>\n<meta property=\"og:type\" content=\"article\" \/>\n<meta property=\"og:title\" content=\"Kl\u00edmastrat\u00e9gia - forraskut.hu\" \/>\n<meta property=\"og:description\" content=\"Utolj\u00e1ra friss\u00edtve:&nbsp; 2024. \u00e1prilis 2.Forr\u00e1sk\u00fat \u00dcHG &#8211; lelt\u00e1ra Forr\u00e1sk\u00fat kl\u00edmastrat\u00e9gia 1. sz. mell\u00e9klet &#8211; m\u00f3dszertani \u00fatmutat\u00f3 ; 2. sz. mell\u00e9klet K\u00e9pz\u00e9s \u00f3vodapedag\u00f3gusok r\u00e9sz\u00e9re\u00a0; Foglalkoztat\u00f3 \u00f3voda\u00a0; Kifest\u0151 \u00f3voda K\u00e9pz\u00e9s iskolai pedag\u00f3gusok r\u00e9sz\u00e9re\u00a0; Iskola k\u00e9pz\u00e9si anyag Hullad\u00e9kcs\u00f6kkent\u00e9si tippek Kl\u00edmastrat\u00e9gi\u00e1r\u00f3l Kl\u00edmav\u00e1ltoz\u00e1s hat\u00e1sai Forr\u00e1sk\u00faton Kl\u00edmav\u00e1ltoz\u00e1s ellen mit tehet\u00fcnk Kl\u00edmav\u00e1ltoz\u00e1s Forr\u00e1sk\u00faton Mi az \u00f6kol\u00f3giai l\u00e1bnyom Mit tehet\u00fcnk a kl\u00edmav\u00e1ltoz\u00e1s ellen [&hellip;]\" \/>\n<meta property=\"og:url\" content=\"https:\/\/forraskut.hu\/index.php\/klimastategia\/\" \/>\n<meta property=\"og:site_name\" content=\"forraskut.hu\" \/>\n<meta property=\"article:modified_time\" content=\"2024-04-02T07:21:34+00:00\" \/>\n<meta property=\"og:image\" content=\"https:\/\/forraskut.hu\/wp-content\/uploads\/2021\/05\/kehop_1_2_1_18_2018_00089_d_fekvo_vajojel_nelkuli-1-e1620800915992-1024x724.jpg\" \/>\n<meta name=\"twitter:card\" content=\"summary_large_image\" \/>\n<meta name=\"twitter:label1\" content=\"Becs\u00fclt olvas\u00e1si id\u0151\" \/>\n\t<meta name=\"twitter:data1\" content=\"1 perc\" \/>\n<script type=\"application\/ld+json\" class=\"yoast-schema-graph\">{\"@context\":\"https:\/\/schema.org\",\"@graph\":[{\"@type\":\"WebPage\",\"@id\":\"https:\/\/forraskut.hu\/index.php\/klimastategia\/\",\"url\":\"https:\/\/forraskut.hu\/index.php\/klimastategia\/\",\"name\":\"Kl\u00edmastrat\u00e9gia - forraskut.hu\",\"isPartOf\":{\"@id\":\"https:\/\/forraskut.hu\/#website\"},\"primaryImageOfPage\":{\"@id\":\"https:\/\/forraskut.hu\/index.php\/klimastategia\/#primaryimage\"},\"image\":{\"@id\":\"https:\/\/forraskut.hu\/index.php\/klimastategia\/#primaryimage\"},\"thumbnailUrl\":\"https:\/\/forraskut.hu\/wp-content\/uploads\/2021\/05\/kehop_1_2_1_18_2018_00089_d_fekvo_vajojel_nelkuli-1-e1620800915992-1024x724.jpg\",\"datePublished\":\"2021-04-26T14:45:49+00:00\",\"dateModified\":\"2024-04-02T07:21:34+00:00\",\"breadcrumb\":{\"@id\":\"https:\/\/forraskut.hu\/index.php\/klimastategia\/#breadcrumb\"},\"inLanguage\":\"hu\",\"potentialAction\":[{\"@type\":\"ReadAction\",\"target\":[\"https:\/\/forraskut.hu\/index.php\/klimastategia\/\"]}]},{\"@type\":\"ImageObject\",\"inLanguage\":\"hu\",\"@id\":\"https:\/\/forraskut.hu\/index.php\/klimastategia\/#primaryimage\",\"url\":\"https:\/\/forraskut.hu\/wp-content\/uploads\/2021\/05\/kehop_1_2_1_18_2018_00089_d_fekvo_vajojel_nelkuli-1-e1620800915992.jpg\",\"contentUrl\":\"https:\/\/forraskut.hu\/wp-content\/uploads\/2021\/05\/kehop_1_2_1_18_2018_00089_d_fekvo_vajojel_nelkuli-1-e1620800915992.jpg\",\"width\":1754,\"height\":1240},{\"@type\":\"BreadcrumbList\",\"@id\":\"https:\/\/forraskut.hu\/index.php\/klimastategia\/#breadcrumb\",\"itemListElement\":[{\"@type\":\"ListItem\",\"position\":1,\"name\":\"Kezd\u0151lap\",\"item\":\"https:\/\/forraskut.hu\/\"},{\"@type\":\"ListItem\",\"position\":2,\"name\":\"Kl\u00edmastrat\u00e9gia\"}]},{\"@type\":\"WebSite\",\"@id\":\"https:\/\/forraskut.hu\/#website\",\"url\":\"https:\/\/forraskut.hu\/\",\"name\":\"forraskut.hu\",\"description\":\"Forr\u00e1sk\u00fat k\u00f6zs\u00e9g hivatalos weboldala\",\"potentialAction\":[{\"@type\":\"SearchAction\",\"target\":{\"@type\":\"EntryPoint\",\"urlTemplate\":\"https:\/\/forraskut.hu\/?s={search_term_string}\"},\"query-input\":{\"@type\":\"PropertyValueSpecification\",\"valueRequired\":true,\"valueName\":\"search_term_string\"}}],\"inLanguage\":\"hu\"}]}<\/script>\n<!-- \/ Yoast SEO plugin. -->","yoast_head_json":{"title":"Kl\u00edmastrat\u00e9gia - forraskut.hu","robots":{"index":"index","follow":"follow","max-snippet":"max-snippet:-1","max-image-preview":"max-image-preview:large","max-video-preview":"max-video-preview:-1"},"canonical":"https:\/\/forraskut.hu\/index.php\/klimastategia\/","og_locale":"hu_HU","og_type":"article","og_title":"Kl\u00edmastrat\u00e9gia - forraskut.hu","og_description":"Utolj\u00e1ra friss\u00edtve:&nbsp; 2024. \u00e1prilis 2.Forr\u00e1sk\u00fat \u00dcHG &#8211; lelt\u00e1ra Forr\u00e1sk\u00fat kl\u00edmastrat\u00e9gia 1. sz. mell\u00e9klet &#8211; m\u00f3dszertani \u00fatmutat\u00f3 ; 2. sz. mell\u00e9klet K\u00e9pz\u00e9s \u00f3vodapedag\u00f3gusok r\u00e9sz\u00e9re\u00a0; Foglalkoztat\u00f3 \u00f3voda\u00a0; Kifest\u0151 \u00f3voda K\u00e9pz\u00e9s iskolai pedag\u00f3gusok r\u00e9sz\u00e9re\u00a0; Iskola k\u00e9pz\u00e9si anyag Hullad\u00e9kcs\u00f6kkent\u00e9si tippek Kl\u00edmastrat\u00e9gi\u00e1r\u00f3l Kl\u00edmav\u00e1ltoz\u00e1s hat\u00e1sai Forr\u00e1sk\u00faton Kl\u00edmav\u00e1ltoz\u00e1s ellen mit tehet\u00fcnk Kl\u00edmav\u00e1ltoz\u00e1s Forr\u00e1sk\u00faton Mi az \u00f6kol\u00f3giai l\u00e1bnyom Mit tehet\u00fcnk a kl\u00edmav\u00e1ltoz\u00e1s ellen [&hellip;]","og_url":"https:\/\/forraskut.hu\/index.php\/klimastategia\/","og_site_name":"forraskut.hu","article_modified_time":"2024-04-02T07:21:34+00:00","og_image":[{"url":"https:\/\/forraskut.hu\/wp-content\/uploads\/2021\/05\/kehop_1_2_1_18_2018_00089_d_fekvo_vajojel_nelkuli-1-e1620800915992-1024x724.jpg"}],"twitter_card":"summary_large_image","twitter_misc":{"Becs\u00fclt olvas\u00e1si id\u0151":"1 perc"},"schema":{"@context":"https:\/\/schema.org","@graph":[{"@type":"WebPage","@id":"https:\/\/forraskut.hu\/index.php\/klimastategia\/","url":"https:\/\/forraskut.hu\/index.php\/klimastategia\/","name":"Kl\u00edmastrat\u00e9gia - forraskut.hu","isPartOf":{"@id":"https:\/\/forraskut.hu\/#website"},"primaryImageOfPage":{"@id":"https:\/\/forraskut.hu\/index.php\/klimastategia\/#primaryimage"},"image":{"@id":"https:\/\/forraskut.hu\/index.php\/klimastategia\/#primaryimage"},"thumbnailUrl":"https:\/\/forraskut.hu\/wp-content\/uploads\/2021\/05\/kehop_1_2_1_18_2018_00089_d_fekvo_vajojel_nelkuli-1-e1620800915992-1024x724.jpg","datePublished":"2021-04-26T14:45:49+00:00","dateModified":"2024-04-02T07:21:34+00:00","breadcrumb":{"@id":"https:\/\/forraskut.hu\/index.php\/klimastategia\/#breadcrumb"},"inLanguage":"hu","potentialAction":[{"@type":"ReadAction","target":["https:\/\/forraskut.hu\/index.php\/klimastategia\/"]}]},{"@type":"ImageObject","inLanguage":"hu","@id":"https:\/\/forraskut.hu\/index.php\/klimastategia\/#primaryimage","url":"https:\/\/forraskut.hu\/wp-content\/uploads\/2021\/05\/kehop_1_2_1_18_2018_00089_d_fekvo_vajojel_nelkuli-1-e1620800915992.jpg","contentUrl":"https:\/\/forraskut.hu\/wp-content\/uploads\/2021\/05\/kehop_1_2_1_18_2018_00089_d_fekvo_vajojel_nelkuli-1-e1620800915992.jpg","width":1754,"height":1240},{"@type":"BreadcrumbList","@id":"https:\/\/forraskut.hu\/index.php\/klimastategia\/#breadcrumb","itemListElement":[{"@type":"ListItem","position":1,"name":"Kezd\u0151lap","item":"https:\/\/forraskut.hu\/"},{"@type":"ListItem","position":2,"name":"Kl\u00edmastrat\u00e9gia"}]},{"@type":"WebSite","@id":"https:\/\/forraskut.hu\/#website","url":"https:\/\/forraskut.hu\/","name":"forraskut.hu","description":"Forr\u00e1sk\u00fat k\u00f6zs\u00e9g hivatalos weboldala","potentialAction":[{"@type":"SearchAction","target":{"@type":"EntryPoint","urlTemplate":"https:\/\/forraskut.hu\/?s={search_term_string}"},"query-input":{"@type":"PropertyValueSpecification","valueRequired":true,"valueName":"search_term_string"}}],"inLanguage":"hu"}]}},"_links":{"self":[{"href":"https:\/\/forraskut.hu\/index.php\/wp-json\/wp\/v2\/pages\/2165"}],"collection":[{"href":"https:\/\/forraskut.hu\/index.php\/wp-json\/wp\/v2\/pages"}],"about":[{"href":"https:\/\/forraskut.hu\/index.php\/wp-json\/wp\/v2\/types\/page"}],"author":[{"embeddable":true,"href":"https:\/\/forraskut.hu\/index.php\/wp-json\/wp\/v2\/users\/2"}],"replies":[{"embeddable":true,"href":"https:\/\/forraskut.hu\/index.php\/wp-json\/wp\/v2\/comments?post=2165"}],"version-history":[{"count":35,"href":"https:\/\/forraskut.hu\/index.php\/wp-json\/wp\/v2\/pages\/2165\/revisions"}],"predecessor-version":[{"id":2999,"href":"https:\/\/forraskut.hu\/index.php\/wp-json\/wp\/v2\/pages\/2165\/revisions\/2999"}],"wp:attachment":[{"href":"https:\/\/forraskut.hu\/index.php\/wp-json\/wp\/v2\/media?parent=2165"}],"curies":[{"name":"wp","href":"https:\/\/api.w.org\/{rel}","templated":true}]}}