{"id":2134,"date":"2021-03-03T09:49:06","date_gmt":"2021-03-03T08:49:06","guid":{"rendered":"https:\/\/forraskut.hu\/?page_id=2134"},"modified":"2021-03-03T09:49:06","modified_gmt":"2021-03-03T08:49:06","slug":"efer-lekerdezesek","status":"publish","type":"page","link":"https:\/\/forraskut.hu\/index.php\/efer-lekerdezesek\/","title":{"rendered":"EFER lek\u00e9rdez\u00e9sek"},"content":{"rendered":"<p><strong>Elektronikus Fizet\u00e9si Szolg\u00e1ltat\u00e1s t\u00e1j\u00e9koztat\u00f3<\/strong><\/p>\n<p><strong>\u00a0<\/strong><\/p>\n<p style=\"text-align: justify;\">Az \u00f6nkorm\u00e1nyzati ASP rendszer tov\u00e1bbfejleszt\u00e9se \u00e9s orsz\u00e1gos kiterjeszt\u00e9se (ASP 2.0) elnevez\u00e9s\u0171 projekt fejleszt\u00e9seinek k\u00f6sz\u00f6nhet\u0151en m\u00e1r az \u00d6n\u00f6k sz\u00e1m\u00e1ra is el\u00e9rhet\u0151 a kiv\u00e1lasztott \u00f6nkorm\u00e1nyzat gazd\u00e1lkod\u00e1si rendszer\u00e9ben ki\u00e1ll\u00edtott sz\u00e1ml\u00e1k, fizet\u00e9si k\u00f6telezetts\u00e9gek online lek\u00e9rdez\u00e9se \u00e9s befizet\u00e9se<span style=\"text-decoration: line-through;\">.<\/span><\/p>\n<p>A <a href=\"https:\/\/e-onkormanyzat.gov.hu\"><strong>https:\/\/e-onkormanyzat.gov.hu<\/strong><\/a> oldalra kattintva az \u00fcgyf\u00e9l a kiv\u00e1lasztott \u00f6nkorm\u00e1nyzathoz tartoz\u00f3 sz\u00e1ml\u00e1kat \u00e9s fizet\u00e9si k\u00f6telezetts\u00e9geket elektronikus \u00faton teljes\u00edtheti, az interneten kereszt\u00fcli bankk\u00e1rty\u00e1s fizet\u00e9s seg\u00edts\u00e9g\u00e9vel.<\/p>\n<p>Az Elektronikus Fizet\u00e9si szolg\u00e1ltat\u00e1s ig\u00e9nybev\u00e9tel\u00e9hez KA\u00dc bejelentkez\u00e9s (pl. \u00fcgyf\u00e9lkapus azonos\u00edt\u00f3) sz\u00fcks\u00e9ges, \u00e9s egy tranzakci\u00f3val ak\u00e1r t\u00f6bb sz\u00e1mla is befizethet\u0151.<\/p>\n<p style=\"text-align: justify;\">T\u00e1j\u00e9koztatjuk tov\u00e1bb\u00e1 \u00d6n\u00f6ket, hogy a sikeres fizet\u00e9seket k\u00f6vet\u0151en a bankok \u00e1ltal k\u00fcld\u00f6tt visszaigazol\u00f3 SMS tartalm\u00e1ra nincs r\u00e1hat\u00e1sunk. Az SMS-ben esetlegesen el\u0151fordul\u00f3 Budapest v\u00e1rosn\u00e9v a Magyar \u00c1llamkincst\u00e1r sz\u00e9khely\u00e9re utal, nem a kedvezm\u00e9nyezett \u00f6nkorm\u00e1nyzatra.<\/p>\n","protected":false},"excerpt":{"rendered":"<p>Elektronikus Fizet\u00e9si Szolg\u00e1ltat\u00e1s t\u00e1j\u00e9koztat\u00f3 \u00a0 Az \u00f6nkorm\u00e1nyzati ASP rendszer tov\u00e1bbfejleszt\u00e9se \u00e9s orsz\u00e1gos kiterjeszt\u00e9se (ASP 2.0) elnevez\u00e9s\u0171 projekt fejleszt\u00e9seinek k\u00f6sz\u00f6nhet\u0151en m\u00e1r az \u00d6n\u00f6k sz\u00e1m\u00e1ra is el\u00e9rhet\u0151 a kiv\u00e1lasztott \u00f6nkorm\u00e1nyzat gazd\u00e1lkod\u00e1si rendszer\u00e9ben ki\u00e1ll\u00edtott sz\u00e1ml\u00e1k, fizet\u00e9si k\u00f6telezetts\u00e9gek online lek\u00e9rdez\u00e9se \u00e9s befizet\u00e9se. A https:\/\/e-onkormanyzat.gov.hu oldalra kattintva az \u00fcgyf\u00e9l a kiv\u00e1lasztott \u00f6nkorm\u00e1nyzathoz tartoz\u00f3 sz\u00e1ml\u00e1kat \u00e9s fizet\u00e9si k\u00f6telezetts\u00e9geket elektronikus \u00faton teljes\u00edtheti, [&hellip;]<\/p>\n","protected":false},"author":2,"featured_media":0,"parent":0,"menu_order":0,"comment_status":"closed","ping_status":"closed","template":"","meta":{"_exactmetrics_skip_tracking":false,"_exactmetrics_sitenote_active":false,"_exactmetrics_sitenote_note":"","_exactmetrics_sitenote_category":0,"footnotes":""},"yoast_head":"<!-- This site is optimized with the Yoast SEO plugin v23.4 - https:\/\/yoast.com\/wordpress\/plugins\/seo\/ -->\n<title>EFER lek\u00e9rdez\u00e9sek - forraskut.hu<\/title>\n<meta name=\"robots\" content=\"index, follow, max-snippet:-1, max-image-preview:large, max-video-preview:-1\" \/>\n<link rel=\"canonical\" href=\"https:\/\/forraskut.hu\/index.php\/efer-lekerdezesek\/\" \/>\n<meta property=\"og:locale\" content=\"hu_HU\" \/>\n<meta property=\"og:type\" content=\"article\" \/>\n<meta property=\"og:title\" content=\"EFER lek\u00e9rdez\u00e9sek - forraskut.hu\" \/>\n<meta property=\"og:description\" content=\"Elektronikus Fizet\u00e9si Szolg\u00e1ltat\u00e1s t\u00e1j\u00e9koztat\u00f3 \u00a0 Az \u00f6nkorm\u00e1nyzati ASP rendszer tov\u00e1bbfejleszt\u00e9se \u00e9s orsz\u00e1gos kiterjeszt\u00e9se (ASP 2.0) elnevez\u00e9s\u0171 projekt fejleszt\u00e9seinek k\u00f6sz\u00f6nhet\u0151en m\u00e1r az \u00d6n\u00f6k sz\u00e1m\u00e1ra is el\u00e9rhet\u0151 a kiv\u00e1lasztott \u00f6nkorm\u00e1nyzat gazd\u00e1lkod\u00e1si rendszer\u00e9ben ki\u00e1ll\u00edtott sz\u00e1ml\u00e1k, fizet\u00e9si k\u00f6telezetts\u00e9gek online lek\u00e9rdez\u00e9se \u00e9s befizet\u00e9se. A https:\/\/e-onkormanyzat.gov.hu oldalra kattintva az \u00fcgyf\u00e9l a kiv\u00e1lasztott \u00f6nkorm\u00e1nyzathoz tartoz\u00f3 sz\u00e1ml\u00e1kat \u00e9s fizet\u00e9si k\u00f6telezetts\u00e9geket elektronikus \u00faton teljes\u00edtheti, [&hellip;]\" \/>\n<meta property=\"og:url\" content=\"https:\/\/forraskut.hu\/index.php\/efer-lekerdezesek\/\" \/>\n<meta property=\"og:site_name\" content=\"forraskut.hu\" \/>\n<meta name=\"twitter:card\" content=\"summary_large_image\" \/>\n<meta name=\"twitter:label1\" content=\"Becs\u00fclt olvas\u00e1si id\u0151\" \/>\n\t<meta name=\"twitter:data1\" content=\"1 perc\" \/>\n<script type=\"application\/ld+json\" class=\"yoast-schema-graph\">{\"@context\":\"https:\/\/schema.org\",\"@graph\":[{\"@type\":\"WebPage\",\"@id\":\"https:\/\/forraskut.hu\/index.php\/efer-lekerdezesek\/\",\"url\":\"https:\/\/forraskut.hu\/index.php\/efer-lekerdezesek\/\",\"name\":\"EFER lek\u00e9rdez\u00e9sek - forraskut.hu\",\"isPartOf\":{\"@id\":\"https:\/\/forraskut.hu\/#website\"},\"datePublished\":\"2021-03-03T08:49:06+00:00\",\"dateModified\":\"2021-03-03T08:49:06+00:00\",\"breadcrumb\":{\"@id\":\"https:\/\/forraskut.hu\/index.php\/efer-lekerdezesek\/#breadcrumb\"},\"inLanguage\":\"hu\",\"potentialAction\":[{\"@type\":\"ReadAction\",\"target\":[\"https:\/\/forraskut.hu\/index.php\/efer-lekerdezesek\/\"]}]},{\"@type\":\"BreadcrumbList\",\"@id\":\"https:\/\/forraskut.hu\/index.php\/efer-lekerdezesek\/#breadcrumb\",\"itemListElement\":[{\"@type\":\"ListItem\",\"position\":1,\"name\":\"Kezd\u0151lap\",\"item\":\"https:\/\/forraskut.hu\/\"},{\"@type\":\"ListItem\",\"position\":2,\"name\":\"EFER lek\u00e9rdez\u00e9sek\"}]},{\"@type\":\"WebSite\",\"@id\":\"https:\/\/forraskut.hu\/#website\",\"url\":\"https:\/\/forraskut.hu\/\",\"name\":\"forraskut.hu\",\"description\":\"Forr\u00e1sk\u00fat k\u00f6zs\u00e9g hivatalos weboldala\",\"potentialAction\":[{\"@type\":\"SearchAction\",\"target\":{\"@type\":\"EntryPoint\",\"urlTemplate\":\"https:\/\/forraskut.hu\/?s={search_term_string}\"},\"query-input\":{\"@type\":\"PropertyValueSpecification\",\"valueRequired\":true,\"valueName\":\"search_term_string\"}}],\"inLanguage\":\"hu\"}]}<\/script>\n<!-- \/ Yoast SEO plugin. -->","yoast_head_json":{"title":"EFER lek\u00e9rdez\u00e9sek - forraskut.hu","robots":{"index":"index","follow":"follow","max-snippet":"max-snippet:-1","max-image-preview":"max-image-preview:large","max-video-preview":"max-video-preview:-1"},"canonical":"https:\/\/forraskut.hu\/index.php\/efer-lekerdezesek\/","og_locale":"hu_HU","og_type":"article","og_title":"EFER lek\u00e9rdez\u00e9sek - forraskut.hu","og_description":"Elektronikus Fizet\u00e9si Szolg\u00e1ltat\u00e1s t\u00e1j\u00e9koztat\u00f3 \u00a0 Az \u00f6nkorm\u00e1nyzati ASP rendszer tov\u00e1bbfejleszt\u00e9se \u00e9s orsz\u00e1gos kiterjeszt\u00e9se (ASP 2.0) elnevez\u00e9s\u0171 projekt fejleszt\u00e9seinek k\u00f6sz\u00f6nhet\u0151en m\u00e1r az \u00d6n\u00f6k sz\u00e1m\u00e1ra is el\u00e9rhet\u0151 a kiv\u00e1lasztott \u00f6nkorm\u00e1nyzat gazd\u00e1lkod\u00e1si rendszer\u00e9ben ki\u00e1ll\u00edtott sz\u00e1ml\u00e1k, fizet\u00e9si k\u00f6telezetts\u00e9gek online lek\u00e9rdez\u00e9se \u00e9s befizet\u00e9se. A https:\/\/e-onkormanyzat.gov.hu oldalra kattintva az \u00fcgyf\u00e9l a kiv\u00e1lasztott \u00f6nkorm\u00e1nyzathoz tartoz\u00f3 sz\u00e1ml\u00e1kat \u00e9s fizet\u00e9si k\u00f6telezetts\u00e9geket elektronikus \u00faton teljes\u00edtheti, [&hellip;]","og_url":"https:\/\/forraskut.hu\/index.php\/efer-lekerdezesek\/","og_site_name":"forraskut.hu","twitter_card":"summary_large_image","twitter_misc":{"Becs\u00fclt olvas\u00e1si id\u0151":"1 perc"},"schema":{"@context":"https:\/\/schema.org","@graph":[{"@type":"WebPage","@id":"https:\/\/forraskut.hu\/index.php\/efer-lekerdezesek\/","url":"https:\/\/forraskut.hu\/index.php\/efer-lekerdezesek\/","name":"EFER lek\u00e9rdez\u00e9sek - forraskut.hu","isPartOf":{"@id":"https:\/\/forraskut.hu\/#website"},"datePublished":"2021-03-03T08:49:06+00:00","dateModified":"2021-03-03T08:49:06+00:00","breadcrumb":{"@id":"https:\/\/forraskut.hu\/index.php\/efer-lekerdezesek\/#breadcrumb"},"inLanguage":"hu","potentialAction":[{"@type":"ReadAction","target":["https:\/\/forraskut.hu\/index.php\/efer-lekerdezesek\/"]}]},{"@type":"BreadcrumbList","@id":"https:\/\/forraskut.hu\/index.php\/efer-lekerdezesek\/#breadcrumb","itemListElement":[{"@type":"ListItem","position":1,"name":"Kezd\u0151lap","item":"https:\/\/forraskut.hu\/"},{"@type":"ListItem","position":2,"name":"EFER lek\u00e9rdez\u00e9sek"}]},{"@type":"WebSite","@id":"https:\/\/forraskut.hu\/#website","url":"https:\/\/forraskut.hu\/","name":"forraskut.hu","description":"Forr\u00e1sk\u00fat k\u00f6zs\u00e9g hivatalos weboldala","potentialAction":[{"@type":"SearchAction","target":{"@type":"EntryPoint","urlTemplate":"https:\/\/forraskut.hu\/?s={search_term_string}"},"query-input":{"@type":"PropertyValueSpecification","valueRequired":true,"valueName":"search_term_string"}}],"inLanguage":"hu"}]}},"_links":{"self":[{"href":"https:\/\/forraskut.hu\/index.php\/wp-json\/wp\/v2\/pages\/2134"}],"collection":[{"href":"https:\/\/forraskut.hu\/index.php\/wp-json\/wp\/v2\/pages"}],"about":[{"href":"https:\/\/forraskut.hu\/index.php\/wp-json\/wp\/v2\/types\/page"}],"author":[{"embeddable":true,"href":"https:\/\/forraskut.hu\/index.php\/wp-json\/wp\/v2\/users\/2"}],"replies":[{"embeddable":true,"href":"https:\/\/forraskut.hu\/index.php\/wp-json\/wp\/v2\/comments?post=2134"}],"version-history":[{"count":1,"href":"https:\/\/forraskut.hu\/index.php\/wp-json\/wp\/v2\/pages\/2134\/revisions"}],"predecessor-version":[{"id":2135,"href":"https:\/\/forraskut.hu\/index.php\/wp-json\/wp\/v2\/pages\/2134\/revisions\/2135"}],"wp:attachment":[{"href":"https:\/\/forraskut.hu\/index.php\/wp-json\/wp\/v2\/media?parent=2134"}],"curies":[{"name":"wp","href":"https:\/\/api.w.org\/{rel}","templated":true}]}}