{"id":187,"date":"2017-11-22T14:00:21","date_gmt":"2017-11-22T13:00:21","guid":{"rendered":"http:\/\/forraskut.hu\/?page_id=187"},"modified":"2017-11-22T14:35:49","modified_gmt":"2017-11-22T13:35:49","slug":"forraskut-kozseg-kepviselotestuletenek-polgarmesteri-hivatalaban-ellatando-feladatok","status":"publish","type":"page","link":"https:\/\/forraskut.hu\/index.php\/forraskut-kozseg-kepviselotestuletenek-polgarmesteri-hivatalaban-ellatando-feladatok\/","title":{"rendered":"Forr\u00e1sk\u00fat k\u00f6zs\u00e9g K\u00e9pvisel\u0151test\u00fclet\u00e9nek Polg\u00e1rmesteri hivatal\u00e1ban ell\u00e1tand\u00f3 feladatok"},"content":{"rendered":"<p><strong>Polg\u00e1rmester:<\/strong><\/p>\n<p style=\"text-align: justify;\">a k\u00e9pvisel\u0151-test\u00fclet d\u00f6nt\u00e9sei \u00e9s saj\u00e1t \u00f6nkorm\u00e1nyzati jogk\u00f6re alapj\u00e1n ir\u00e1ny\u00edtja a Polg\u00e1rmesteri Hivatalt, a jegyz\u0151 javaslatait figyelembe v\u00e9ve meghat\u00e1rozza a Hivatal feladatait a K\u00e9pvisel\u0151-test\u00fclet munk\u00e1j\u00e1nak d\u00f6nt\u00e9seinek el\u0151k\u00e9sz\u00edt\u00e9s\u00e9ben, v\u00e9grehajt\u00e1s\u00e1nak szervez\u00e9s\u00e9ben, a jegyz\u0151 javaslat\u00e1ra el\u0151terjeszt\u00e9st ny\u00fajt be a K\u00e9pvisel\u0151-test\u00fcletnek a Hivatal bels\u0151 szervezeti tagoz\u00f3d\u00e1s\u00e1ra, a Hivatal munkarendj\u00e9re, az \u00fcgyf\u00e9lfogad\u00e1s rendj\u00e9re, hat\u00e1sk\u00f6r\u00e9be tartoz\u00f3 \u00fcgyekben szab\u00e1lyozza a kiadm\u00e1nyoz\u00e1s rendj\u00e9t, gyakorolja az egy\u00e9b munk\u00e1ltat\u00f3i jogokat a jegyz\u0151 \u00e9s az \u00f6nkorm\u00e1nyzati int\u00e9zm\u00e9nyvezet\u0151k tekintet\u00e9ben, az \u00e1ltala meghat\u00e1rozott k\u00f6rben egyet\u00e9rt\u00e9si jogot gyakorol a jegyz\u0151 hat\u00e1sk\u00f6r\u00e9be tartoz\u00f3 kinevez\u00e9s, vezet\u0151i megb\u00edz\u00e1s, stb eset\u00e9n, biztos\u00edtja az \u00f6nkorm\u00e1nyzat demokratikus m\u0171k\u00f6d\u00e9s\u00e9t, sz\u00e9lesk\u00f6r\u0171 nyilv\u00e1noss\u00e1g\u00e1t, feladata a telep\u00fcl\u00e9sfejleszt\u00e9s, a k\u00f6zszolg\u00e1ltat\u00e1sok szervez\u00e9se, egy\u00fcttm\u0171k\u00f6dik a t\u00e1rsadalmi szervezetekkel, k\u00fcl\u00f6n\u00f6sen a lakoss\u00e1g \u00f6nszervez\u0151d\u0151 k\u00f6z\u00f6ss\u00e9geivel,seg\u00edti a telep\u00fcl\u00e9si k\u00e9pvisel\u0151k \u00e9s bizotts\u00e1gok munk\u00e1j\u00e1t.<\/p>\n<p>A polg\u00e1rmester r\u00e9szletes feladatait \u00e9s hat\u00e1sk\u00f6r\u00e9t a 9\/l995. \/IV. 5.\/ az \u00d6nkorm\u00e1nyzat szervei szervezeti \u00e9s m\u0171k\u00f6d\u00e9si szab\u00e1lyzat\u00e1r\u00f3l sz\u00f3l\u00f3 KT. sz. rendelet 2. sz. mell\u00e9klete tartalmazza.<\/p>\n<p><strong>Alpolg\u00e1rmester:<\/strong><\/p>\n<p style=\"text-align: justify;\">Az alpolg\u00e1rmester tev\u00e9kenys\u00e9g\u00e9t a polg\u00e1rmester ir\u00e1ny\u00edtja. Az alpolg\u00e1rmester helyettes\u00edti a polg\u00e1rmestert tart\u00f3s t\u00e1voll\u00e9te, ill. akad\u00e1lyoztat\u00e1sa eset\u00e9n, ell\u00e1tja &#8211; a polg\u00e1rmester ir\u00e1ny\u00edt\u00e1s\u00e1val &#8211; az eg\u00e9szs\u00e9g\u00fcggyel, szoci\u00e1lis ell\u00e1t\u00e1ssal, nevel\u00e9ssel &#8211; oktat\u00e1ssal, k\u00f6zm\u0171vel\u0151d\u00e9ssel, sporttal kapcsolatos polg\u00e1rmesteri feladatokat, seg\u00edti a k\u00e9pvisel\u0151k \u00e9s a bizotts\u00e1gi tagok munk\u00e1j\u00e1t, k\u00f6zrem\u0171k\u00f6dik a test\u00fcletik d\u00f6nt\u00e9sek el\u0151k\u00e9sz\u00edt\u00e9s\u00e9ben, a v\u00e9grehajt\u00e1s szervez\u00e9s\u00e9ben \u00e9s ellen\u0151rz\u00e9s\u00e9ben, tanyai k\u00e9pvisel\u0151test\u00fclet m\u0171k\u00f6dtet\u00e9se, lakoss\u00e1ggal val\u00f3 kapcsolattart\u00e1s.<\/p>\n<p><strong>Jegyz\u0151:<\/strong><\/p>\n<p style=\"text-align: justify;\">A jegyz\u0151 ell\u00e1tja az \u00d6tv. 36. \u00a7 \/2\/ bekezd\u00e9s\u00e9ben \u00e9s egy\u00e9b jogszab\u00e1lyokban meghat\u00e1rozott feladatokat, tov\u00e1bb\u00e1: vezeti a Polg\u00e1rmesteri Hivatalt, megszervezi annak munk\u00e1j\u00e1t, a hat\u00e1sk\u00f6r\u00e9be tartoz\u00f3 \u00fcgyekben szab\u00e1lyozza a kiadm\u00e1nyoz\u00e1s rendj\u00e9t, rendszeresen t\u00e1j\u00e9koztat\u00e1st ad a K\u00e9pvisel\u0151-test\u00fcletnek, a bizotts\u00e1goknak az \u00d6nkorm\u00e1nyzatot \u00e9rint\u0151 jogszab\u00e1lyi v\u00e1ltoz\u00e1sokr\u00f3l, kezdem\u00e9nyezi helyi \u00f6nkorm\u00e1nyzati rendelet alkot\u00e1s\u00e1t, t\u00e1j\u00e9koztatja a k\u00e9pvisel\u0151-test\u00fcletet a Hivatal munk\u00e1j\u00e1r\u00f3l \u00e9s az \u00fcgyint\u00e9z\u00e9sr\u0151l, gondoskodik a hivatali dolgoz\u00f3k rendszeres tov\u00e1bbk\u00e9pz\u00e9s\u00e9r\u0151l.<\/p>\n<p style=\"text-align: justify;\">A jegyz\u0151 a jogszab\u00e1lyok \u00e9s a K\u00e9pvisel\u0151-test\u00fclet \u00e1ltal meghat\u00e1rozott r\u00e9szletes feladatait \u00e9s hat\u00e1sk\u00f6r\u00e9t a 9\/l995. \/IV. 5.\/ az \u00d6nkorm\u00e1nyzat szervei szervezeti \u00e9s m\u0171k\u00f6d\u00e9si szab\u00e1lyzat\u00e1r\u00f3l sz\u00f3l\u00f3 KT. sz. rendelet 2. sz. mell\u00e9klete tartalmazza.<\/p>\n","protected":false},"excerpt":{"rendered":"<p>Polg\u00e1rmester: a k\u00e9pvisel\u0151-test\u00fclet d\u00f6nt\u00e9sei \u00e9s saj\u00e1t \u00f6nkorm\u00e1nyzati jogk\u00f6re alapj\u00e1n ir\u00e1ny\u00edtja a Polg\u00e1rmesteri Hivatalt, a jegyz\u0151 javaslatait figyelembe v\u00e9ve meghat\u00e1rozza a Hivatal feladatait a K\u00e9pvisel\u0151-test\u00fclet munk\u00e1j\u00e1nak d\u00f6nt\u00e9seinek el\u0151k\u00e9sz\u00edt\u00e9s\u00e9ben, v\u00e9grehajt\u00e1s\u00e1nak szervez\u00e9s\u00e9ben, a jegyz\u0151 javaslat\u00e1ra el\u0151terjeszt\u00e9st ny\u00fajt be a K\u00e9pvisel\u0151-test\u00fcletnek a Hivatal bels\u0151 szervezeti tagoz\u00f3d\u00e1s\u00e1ra, a Hivatal munkarendj\u00e9re, az \u00fcgyf\u00e9lfogad\u00e1s rendj\u00e9re, hat\u00e1sk\u00f6r\u00e9be tartoz\u00f3 \u00fcgyekben szab\u00e1lyozza a kiadm\u00e1nyoz\u00e1s rendj\u00e9t, [&hellip;]<\/p>\n","protected":false},"author":2,"featured_media":0,"parent":0,"menu_order":0,"comment_status":"closed","ping_status":"closed","template":"","meta":{"_exactmetrics_skip_tracking":false,"_exactmetrics_sitenote_active":false,"_exactmetrics_sitenote_note":"","_exactmetrics_sitenote_category":0,"footnotes":""},"yoast_head":"<!-- This site is optimized with the Yoast SEO plugin v23.4 - https:\/\/yoast.com\/wordpress\/plugins\/seo\/ -->\n<title>Forr\u00e1sk\u00fat k\u00f6zs\u00e9g K\u00e9pvisel\u0151test\u00fclet\u00e9nek Polg\u00e1rmesteri hivatal\u00e1ban ell\u00e1tand\u00f3 feladatok - forraskut.hu<\/title>\n<meta name=\"robots\" content=\"index, follow, max-snippet:-1, max-image-preview:large, max-video-preview:-1\" \/>\n<link rel=\"canonical\" href=\"https:\/\/forraskut.hu\/index.php\/forraskut-kozseg-kepviselotestuletenek-polgarmesteri-hivatalaban-ellatando-feladatok\/\" \/>\n<meta property=\"og:locale\" content=\"hu_HU\" \/>\n<meta property=\"og:type\" content=\"article\" \/>\n<meta property=\"og:title\" content=\"Forr\u00e1sk\u00fat k\u00f6zs\u00e9g K\u00e9pvisel\u0151test\u00fclet\u00e9nek Polg\u00e1rmesteri hivatal\u00e1ban ell\u00e1tand\u00f3 feladatok - forraskut.hu\" \/>\n<meta property=\"og:description\" content=\"Polg\u00e1rmester: a k\u00e9pvisel\u0151-test\u00fclet d\u00f6nt\u00e9sei \u00e9s saj\u00e1t \u00f6nkorm\u00e1nyzati jogk\u00f6re alapj\u00e1n ir\u00e1ny\u00edtja a Polg\u00e1rmesteri Hivatalt, a jegyz\u0151 javaslatait figyelembe v\u00e9ve meghat\u00e1rozza a Hivatal feladatait a K\u00e9pvisel\u0151-test\u00fclet munk\u00e1j\u00e1nak d\u00f6nt\u00e9seinek el\u0151k\u00e9sz\u00edt\u00e9s\u00e9ben, v\u00e9grehajt\u00e1s\u00e1nak szervez\u00e9s\u00e9ben, a jegyz\u0151 javaslat\u00e1ra el\u0151terjeszt\u00e9st ny\u00fajt be a K\u00e9pvisel\u0151-test\u00fcletnek a Hivatal bels\u0151 szervezeti tagoz\u00f3d\u00e1s\u00e1ra, a Hivatal munkarendj\u00e9re, az \u00fcgyf\u00e9lfogad\u00e1s rendj\u00e9re, hat\u00e1sk\u00f6r\u00e9be tartoz\u00f3 \u00fcgyekben szab\u00e1lyozza a kiadm\u00e1nyoz\u00e1s rendj\u00e9t, [&hellip;]\" \/>\n<meta property=\"og:url\" content=\"https:\/\/forraskut.hu\/index.php\/forraskut-kozseg-kepviselotestuletenek-polgarmesteri-hivatalaban-ellatando-feladatok\/\" \/>\n<meta property=\"og:site_name\" content=\"forraskut.hu\" \/>\n<meta property=\"article:modified_time\" content=\"2017-11-22T13:35:49+00:00\" \/>\n<meta name=\"twitter:card\" content=\"summary_large_image\" \/>\n<meta name=\"twitter:label1\" content=\"Becs\u00fclt olvas\u00e1si id\u0151\" \/>\n\t<meta name=\"twitter:data1\" content=\"3 perc\" \/>\n<script type=\"application\/ld+json\" class=\"yoast-schema-graph\">{\"@context\":\"https:\/\/schema.org\",\"@graph\":[{\"@type\":\"WebPage\",\"@id\":\"https:\/\/forraskut.hu\/index.php\/forraskut-kozseg-kepviselotestuletenek-polgarmesteri-hivatalaban-ellatando-feladatok\/\",\"url\":\"https:\/\/forraskut.hu\/index.php\/forraskut-kozseg-kepviselotestuletenek-polgarmesteri-hivatalaban-ellatando-feladatok\/\",\"name\":\"Forr\u00e1sk\u00fat k\u00f6zs\u00e9g K\u00e9pvisel\u0151test\u00fclet\u00e9nek Polg\u00e1rmesteri hivatal\u00e1ban ell\u00e1tand\u00f3 feladatok - forraskut.hu\",\"isPartOf\":{\"@id\":\"https:\/\/forraskut.hu\/#website\"},\"datePublished\":\"2017-11-22T13:00:21+00:00\",\"dateModified\":\"2017-11-22T13:35:49+00:00\",\"breadcrumb\":{\"@id\":\"https:\/\/forraskut.hu\/index.php\/forraskut-kozseg-kepviselotestuletenek-polgarmesteri-hivatalaban-ellatando-feladatok\/#breadcrumb\"},\"inLanguage\":\"hu\",\"potentialAction\":[{\"@type\":\"ReadAction\",\"target\":[\"https:\/\/forraskut.hu\/index.php\/forraskut-kozseg-kepviselotestuletenek-polgarmesteri-hivatalaban-ellatando-feladatok\/\"]}]},{\"@type\":\"BreadcrumbList\",\"@id\":\"https:\/\/forraskut.hu\/index.php\/forraskut-kozseg-kepviselotestuletenek-polgarmesteri-hivatalaban-ellatando-feladatok\/#breadcrumb\",\"itemListElement\":[{\"@type\":\"ListItem\",\"position\":1,\"name\":\"Kezd\u0151lap\",\"item\":\"https:\/\/forraskut.hu\/\"},{\"@type\":\"ListItem\",\"position\":2,\"name\":\"Forr\u00e1sk\u00fat k\u00f6zs\u00e9g K\u00e9pvisel\u0151test\u00fclet\u00e9nek Polg\u00e1rmesteri hivatal\u00e1ban ell\u00e1tand\u00f3 feladatok\"}]},{\"@type\":\"WebSite\",\"@id\":\"https:\/\/forraskut.hu\/#website\",\"url\":\"https:\/\/forraskut.hu\/\",\"name\":\"forraskut.hu\",\"description\":\"Forr\u00e1sk\u00fat k\u00f6zs\u00e9g hivatalos weboldala\",\"potentialAction\":[{\"@type\":\"SearchAction\",\"target\":{\"@type\":\"EntryPoint\",\"urlTemplate\":\"https:\/\/forraskut.hu\/?s={search_term_string}\"},\"query-input\":{\"@type\":\"PropertyValueSpecification\",\"valueRequired\":true,\"valueName\":\"search_term_string\"}}],\"inLanguage\":\"hu\"}]}<\/script>\n<!-- \/ Yoast SEO plugin. -->","yoast_head_json":{"title":"Forr\u00e1sk\u00fat k\u00f6zs\u00e9g K\u00e9pvisel\u0151test\u00fclet\u00e9nek Polg\u00e1rmesteri hivatal\u00e1ban ell\u00e1tand\u00f3 feladatok - forraskut.hu","robots":{"index":"index","follow":"follow","max-snippet":"max-snippet:-1","max-image-preview":"max-image-preview:large","max-video-preview":"max-video-preview:-1"},"canonical":"https:\/\/forraskut.hu\/index.php\/forraskut-kozseg-kepviselotestuletenek-polgarmesteri-hivatalaban-ellatando-feladatok\/","og_locale":"hu_HU","og_type":"article","og_title":"Forr\u00e1sk\u00fat k\u00f6zs\u00e9g K\u00e9pvisel\u0151test\u00fclet\u00e9nek Polg\u00e1rmesteri hivatal\u00e1ban ell\u00e1tand\u00f3 feladatok - forraskut.hu","og_description":"Polg\u00e1rmester: a k\u00e9pvisel\u0151-test\u00fclet d\u00f6nt\u00e9sei \u00e9s saj\u00e1t \u00f6nkorm\u00e1nyzati jogk\u00f6re alapj\u00e1n ir\u00e1ny\u00edtja a Polg\u00e1rmesteri Hivatalt, a jegyz\u0151 javaslatait figyelembe v\u00e9ve meghat\u00e1rozza a Hivatal feladatait a K\u00e9pvisel\u0151-test\u00fclet munk\u00e1j\u00e1nak d\u00f6nt\u00e9seinek el\u0151k\u00e9sz\u00edt\u00e9s\u00e9ben, v\u00e9grehajt\u00e1s\u00e1nak szervez\u00e9s\u00e9ben, a jegyz\u0151 javaslat\u00e1ra el\u0151terjeszt\u00e9st ny\u00fajt be a K\u00e9pvisel\u0151-test\u00fcletnek a Hivatal bels\u0151 szervezeti tagoz\u00f3d\u00e1s\u00e1ra, a Hivatal munkarendj\u00e9re, az \u00fcgyf\u00e9lfogad\u00e1s rendj\u00e9re, hat\u00e1sk\u00f6r\u00e9be tartoz\u00f3 \u00fcgyekben szab\u00e1lyozza a kiadm\u00e1nyoz\u00e1s rendj\u00e9t, [&hellip;]","og_url":"https:\/\/forraskut.hu\/index.php\/forraskut-kozseg-kepviselotestuletenek-polgarmesteri-hivatalaban-ellatando-feladatok\/","og_site_name":"forraskut.hu","article_modified_time":"2017-11-22T13:35:49+00:00","twitter_card":"summary_large_image","twitter_misc":{"Becs\u00fclt olvas\u00e1si id\u0151":"3 perc"},"schema":{"@context":"https:\/\/schema.org","@graph":[{"@type":"WebPage","@id":"https:\/\/forraskut.hu\/index.php\/forraskut-kozseg-kepviselotestuletenek-polgarmesteri-hivatalaban-ellatando-feladatok\/","url":"https:\/\/forraskut.hu\/index.php\/forraskut-kozseg-kepviselotestuletenek-polgarmesteri-hivatalaban-ellatando-feladatok\/","name":"Forr\u00e1sk\u00fat k\u00f6zs\u00e9g K\u00e9pvisel\u0151test\u00fclet\u00e9nek Polg\u00e1rmesteri hivatal\u00e1ban ell\u00e1tand\u00f3 feladatok - forraskut.hu","isPartOf":{"@id":"https:\/\/forraskut.hu\/#website"},"datePublished":"2017-11-22T13:00:21+00:00","dateModified":"2017-11-22T13:35:49+00:00","breadcrumb":{"@id":"https:\/\/forraskut.hu\/index.php\/forraskut-kozseg-kepviselotestuletenek-polgarmesteri-hivatalaban-ellatando-feladatok\/#breadcrumb"},"inLanguage":"hu","potentialAction":[{"@type":"ReadAction","target":["https:\/\/forraskut.hu\/index.php\/forraskut-kozseg-kepviselotestuletenek-polgarmesteri-hivatalaban-ellatando-feladatok\/"]}]},{"@type":"BreadcrumbList","@id":"https:\/\/forraskut.hu\/index.php\/forraskut-kozseg-kepviselotestuletenek-polgarmesteri-hivatalaban-ellatando-feladatok\/#breadcrumb","itemListElement":[{"@type":"ListItem","position":1,"name":"Kezd\u0151lap","item":"https:\/\/forraskut.hu\/"},{"@type":"ListItem","position":2,"name":"Forr\u00e1sk\u00fat k\u00f6zs\u00e9g K\u00e9pvisel\u0151test\u00fclet\u00e9nek Polg\u00e1rmesteri hivatal\u00e1ban ell\u00e1tand\u00f3 feladatok"}]},{"@type":"WebSite","@id":"https:\/\/forraskut.hu\/#website","url":"https:\/\/forraskut.hu\/","name":"forraskut.hu","description":"Forr\u00e1sk\u00fat k\u00f6zs\u00e9g hivatalos weboldala","potentialAction":[{"@type":"SearchAction","target":{"@type":"EntryPoint","urlTemplate":"https:\/\/forraskut.hu\/?s={search_term_string}"},"query-input":{"@type":"PropertyValueSpecification","valueRequired":true,"valueName":"search_term_string"}}],"inLanguage":"hu"}]}},"_links":{"self":[{"href":"https:\/\/forraskut.hu\/index.php\/wp-json\/wp\/v2\/pages\/187"}],"collection":[{"href":"https:\/\/forraskut.hu\/index.php\/wp-json\/wp\/v2\/pages"}],"about":[{"href":"https:\/\/forraskut.hu\/index.php\/wp-json\/wp\/v2\/types\/page"}],"author":[{"embeddable":true,"href":"https:\/\/forraskut.hu\/index.php\/wp-json\/wp\/v2\/users\/2"}],"replies":[{"embeddable":true,"href":"https:\/\/forraskut.hu\/index.php\/wp-json\/wp\/v2\/comments?post=187"}],"version-history":[{"count":0,"href":"https:\/\/forraskut.hu\/index.php\/wp-json\/wp\/v2\/pages\/187\/revisions"}],"wp:attachment":[{"href":"https:\/\/forraskut.hu\/index.php\/wp-json\/wp\/v2\/media?parent=187"}],"curies":[{"name":"wp","href":"https:\/\/api.w.org\/{rel}","templated":true}]}}