{"id":183,"date":"2017-11-22T13:53:42","date_gmt":"2017-11-22T12:53:42","guid":{"rendered":"http:\/\/forraskut.hu\/?page_id=183"},"modified":"2024-12-02T11:31:49","modified_gmt":"2024-12-02T10:31:49","slug":"kepviselo-testulet","status":"publish","type":"page","link":"https:\/\/forraskut.hu\/index.php\/kepviselo-testulet\/","title":{"rendered":"K\u00e9pvisel\u0151-test\u00fclet"},"content":{"rendered":"<p class=\"last-modified\">Utolj\u00e1ra friss\u00edtve:&nbsp;  2024. december 2.<\/p><h2 class=\"focim\"><strong>K\u00e9pvisel\u0151-test\u00fclet (2024- )<\/strong><\/h2>\n<table class=\"tabla\" border=\"0\" width=\"100%\" cellspacing=\"0\" cellpadding=\"0\">\n<tbody>\n<tr>\n<td class=\"border_row\" align=\"left\">Fodor Imre<br \/>\nK\u00e1lm\u00e1nn\u00e9 Kov\u00e1cs M\u00f3nika<br \/>\nRepk\u00f3n\u00e9 Farkas Kitti<br \/>\nS\u00e1pi Zolt\u00e1n<br \/>\nGyurisn\u00e9 K\u00e1lm\u00e1n Jol\u00e1n<br \/>\nT\u00f3th-Rabi Mariann<br \/>\nDr. Vereczkey Csaba Imre<\/td>\n<td class=\"border_row\" align=\"center\">Polg\u00e1rmester<br \/>\nAlpolg\u00e1rmester<br \/>\nK\u00e9pvisel\u0151<br \/>\nK\u00e9pvisel\u0151<br \/>\nK\u00e9pvisel\u0151<br \/>\nK\u00e9pvisel\u0151<br \/>\nK\u00e9pvisel\u0151<\/td>\n<\/tr>\n<\/tbody>\n<\/table>\n<p><strong>K\u00e9pvisel\u0151-test\u00fclet bizotts\u00e1gai<\/strong>:<\/p>\n<p><strong>P\u00e9nz\u00fcgyi Bizotts\u00e1g:<\/strong><\/p>\n<p>Eln\u00f6k: T\u00f3th-Rabi Mariann<\/p>\n<p>Tagok: Repk\u00f3n\u00e9 Farkas Kitti, S\u00e1pi Zolt\u00e1n<\/p>\n<p><strong>Szoci\u00e1lis \u00e9s N\u00e9pj\u00f3l\u00e9ti Bizotts\u00e1g:<\/strong><\/p>\n<p>Eln\u00f6k: Dr. Vereczkey Csaba Imre<\/p>\n<p>Tagok: Gyurisn\u00e9 K\u00e1lm\u00e1n Jol\u00e1n, Rabi Mih\u00e1lyn\u00e9 (k\u00fcls\u0151s tag)<\/p>\n<h2><\/h2>\n<h2><\/h2>\n<h2 class=\"focim\"><strong>K\u00e9pvisel\u0151-test\u00fclet (2019-2024 )<\/strong><\/h2>\n<table class=\"tabla\" border=\"0\" width=\"100%\" cellspacing=\"0\" cellpadding=\"0\">\n<tbody>\n<tr>\n<td class=\"border_row\" align=\"left\">Fodor Imre<br \/>\nK\u00e1lm\u00e1nn\u00e9 Kov\u00e1cs M\u00f3nika<br \/>\nFarkas Kitti<br \/>\nK\u00e1lm\u00e1n D\u00e1nieln\u00e9<br \/>\nOcsk\u00f3 G\u00e9za<br \/>\nT\u00f3th-Rabi Mariann<br \/>\nDr. Vereczkey Csaba Imre<\/td>\n<td class=\"border_row\" align=\"center\">Polg\u00e1rmester<br \/>\nAlpolg\u00e1rmester<br \/>\nK\u00e9pvisel\u0151<br \/>\nK\u00e9pvisel\u0151<br \/>\nK\u00e9pvisel\u0151<br \/>\nK\u00e9pvisel\u0151<br \/>\nK\u00e9pvisel\u0151<\/td>\n<\/tr>\n<\/tbody>\n<\/table>\n<p><strong>K\u00e9pvisel\u0151-test\u00fclet bizotts\u00e1gai<\/strong>:<\/p>\n<p><strong>P\u00e9nz\u00fcgyi Bizotts\u00e1g:<\/strong><\/p>\n<p>Eln\u00f6k: T\u00f3th-Rabi Mariann<\/p>\n<p>Tagok: Farkas Kitti, Ocsk\u00f3 G\u00e9za<\/p>\n<p><strong>Szoci\u00e1lis \u00e9s N\u00e9pj\u00f3l\u00e9ti Bizotts\u00e1g:<\/strong><\/p>\n<p>Eln\u00f6k: Dr. Vereczkey Csaba Imre<\/p>\n<p>Tagok: K\u00e1lm\u00e1n D\u00e1nieln\u00e9, Rabi Mih\u00e1lyn\u00e9 (k\u00fcls\u0151s tag)<\/p>\n<p>&nbsp;<\/p>\n<h2 class=\"focim\"><strong>K\u00e9pvisel\u0151-test\u00fclet (2014-2019)<\/strong><\/h2>\n<table class=\"tabla\" border=\"0\" width=\"100%\" cellspacing=\"0\" cellpadding=\"0\">\n<tbody>\n<tr>\n<td class=\"border_row\" align=\"left\">Fodor Imre<br \/>\nRabi Mih\u00e1lyn\u00e9 Papp Kl\u00e1ra<br \/>\nK\u00e1lm\u00e1n D\u00e1nieln\u00e9<br \/>\nKov\u00e1cs Istv\u00e1n<br \/>\nK\u00e1lm\u00e1nn\u00e9 Kov\u00e1cs M\u00f3nika<br \/>\nOcsk\u00f3 G\u00e9za<br \/>\nDr. Vereczkey Csaba Imre<\/td>\n<td class=\"border_row\" align=\"center\">Polg\u00e1rmester<br \/>\nAlpolg\u00e1rmester<br \/>\nK\u00e9pvisel\u0151<br \/>\nK\u00e9pvisel\u0151<br \/>\nK\u00e9pvisel\u0151<br \/>\nK\u00e9pvisel\u0151<br \/>\nK\u00e9pvisel\u0151<\/td>\n<\/tr>\n<\/tbody>\n<\/table>\n<p><strong>K\u00e9pvisel\u0151-test\u00fclet bizotts\u00e1gai<\/strong>:<\/p>\n<p><strong>P\u00e9nz\u00fcgyi Bizotts\u00e1g:<\/strong><\/p>\n<p>Eln\u00f6k: Kov\u00e1cs Istv\u00e1n<\/p>\n<p>Tagok: Kov\u00e1cs M\u00f3nika, Ocsk\u00f3 G\u00e9za<\/p>\n<p><strong>Szoci\u00e1lis \u00e9s N\u00e9pj\u00f3l\u00e9ti Bizotts\u00e1g:<\/strong><\/p>\n<p>Eln\u00f6k: Dr. Vereczkey Csaba Imre<\/p>\n<p>Tagok: K\u00e1lm\u00e1n D\u00e1nieln\u00e9, K\u00e1lm\u00e1nn\u00e9 Kov\u00e1cs M\u00f3nika<\/p>\n<h2 class=\"focim\"><strong>K\u00e9pvisel\u0151-test\u00fclet (2010-2014)<\/strong><\/h2>\n<table class=\"tabla\" border=\"0\" width=\"100%\" cellspacing=\"0\" cellpadding=\"0\">\n<tbody>\n<tr>\n<td class=\"border_row\" align=\"left\">Fodor Imre<br \/>\nRabi Mih\u00e1lyn\u00e9 Papp Kl\u00e1ra<br \/>\nDr. Hurs\u00e1n Mih\u00e1ly<br \/>\nK\u00e1lm\u00e1n D\u00e1nieln\u00e9<br \/>\nKov\u00e1cs M\u00f3nika<br \/>\nOcsk\u00f3 G\u00e9za<br \/>\nDr. Vereczkey Csaba Imre<\/td>\n<td class=\"border_row\" align=\"center\">Polg\u00e1rmester<br \/>\nAlpolg\u00e1rmester<br \/>\nK\u00e9pvisel\u0151<br \/>\nK\u00e9pvisel\u0151<br \/>\nK\u00e9pvisel\u0151<br \/>\nK\u00e9pvisel\u0151<br \/>\nK\u00e9pvisel\u0151<\/td>\n<\/tr>\n<\/tbody>\n<\/table>\n<div class=\"alcim\"><strong>K\u00e9pvisel\u0151-test\u00fclet bizotts\u00e1gai:<\/strong><\/div>\n<p><strong>P\u00e9nz\u00fcgyi Bizotts\u00e1g:<\/strong><\/p>\n<p>Eln\u00f6k: Kov\u00e1cs M\u00f3nika<\/p>\n<p>Tag: K\u00e1lm\u00e1n D\u00e1nieln\u00e9<\/p>\n<p><strong>Szoci\u00e1lis \u00e9s N\u00e9pj\u00f3l\u00e9ti Bizotts\u00e1g:<\/strong><\/p>\n<p>Eln\u00f6k: Dr. Vereczkey Csaba Imre<\/p>\n<p>Tagok: Dr. Hurs\u00e1n Mih\u00e1ly, K\u00e1lm\u00e1n D\u00e1nieln\u00e9<\/p>\n<p>\u00dcgyrendi Bizotts\u00e1g:<\/p>\n<p>Eln\u00f6k: Ocsk\u00f3 G\u00e9za<\/p>\n<p>Tag: Dr. Hurs\u00e1n Mih\u00e1ly<\/p>\n<h2 class=\"focim\"><strong>K\u00e9pvisel\u0151-test\u00fclet (2006-2010)<\/strong><\/h2>\n<p><a href=\"http:\/\/forraskut.hu\/index.php\/forraskut-kozseg-kepviselotestuletenek-polgarmesteri-hivatalaban-ellatando-feladatok\/\">Forr\u00e1sk\u00fat k\u00f6zs\u00e9g K\u00e9pvisel\u0151test\u00fclet\u00e9nek Polg\u00e1rmesteri hivatal\u00e1ban ell\u00e1tand\u00f3 feladatok<\/a>.<\/p>\n<p style=\"text-align: justify;\">Forr\u00e1sk\u00fat K\u00f6zs\u00e9g \u00d6nkorm\u00e1nyzat\u00e1nak K\u00e9pvisel\u0151-test\u00fclete 10\/2007. (X.01.) \u00d6r. rendelete Forr\u00e1sk\u00fat K\u00f6zs\u00e9g \u00d6nkorm\u00e1nyzat\u00e1nak K\u00e9pvisel\u0151-test\u00fclete \u00e9s szervei Szervezeti \u00e9s M\u0171k\u00f6d\u00e9si Szab\u00e1lyzat\u00e1r\u00f3l <a href=\"http:\/\/forraskut.hu\/wp-content\/uploads\/2017\/11\/\u00f6nkorm\u00e1nyzat\/forraskut_szmsz.pdf\">Forr\u00e1sk\u00fat szmsz<\/a><\/p>\n<p>&nbsp;<\/p>\n<table class=\"tabla\" border=\"0\" width=\"100%\" cellspacing=\"0\" cellpadding=\"0\">\n<tbody>\n<tr>\n<td class=\"border_no\">Fodor Imre<\/td>\n<td class=\"border_no\">Polg\u00e1rmester<\/td>\n<\/tr>\n<tr>\n<td class=\"border_no\">Rabi Mih\u00e1lyn\u00e9 Papp Kl\u00e1ra<\/td>\n<td class=\"border_no\">Alpolg\u00e1rmester<\/td>\n<\/tr>\n<tr>\n<td class=\"border_no\">Dr. Hurs\u00e1n Mih\u00e1ly<\/td>\n<td class=\"border_no\">K\u00e9pvisel\u0151<\/td>\n<\/tr>\n<tr>\n<td class=\"border_no\">Ifj. Kov\u00e1cs Istv\u00e1n<\/td>\n<td class=\"border_no\">K\u00e9pvisel\u0151<\/td>\n<\/tr>\n<tr>\n<td class=\"border_no\">Kov\u00e1cs M\u00f3nika<\/td>\n<td class=\"border_no\">K\u00e9pvisel\u0151<\/td>\n<\/tr>\n<tr>\n<td class=\"border_no\">Ocsk\u00f3 G\u00e9za<\/td>\n<td class=\"border_no\">K\u00e9pvisel\u0151<\/td>\n<\/tr>\n<tr>\n<td class=\"border_no\">Ruzsa Andr\u00e1s<\/td>\n<td class=\"border_no\">K\u00e9pvisel\u0151<\/td>\n<\/tr>\n<tr>\n<td class=\"border_no\">Szalai Zolt\u00e1n<\/td>\n<td class=\"border_no\">K\u00e9pvisel\u0151<\/td>\n<\/tr>\n<tr>\n<td class=\"border_no\">Dr. Vereczkey Csaba Imre<\/td>\n<td class=\"border_no\">K\u00e9pvisel\u0151<\/td>\n<\/tr>\n<tr>\n<td class=\"border_no\">Z\u00e1mb\u00f3 J\u00f3zsefn\u00e9<\/td>\n<td class=\"border_no\">K\u00e9pvisel\u0151<\/td>\n<\/tr>\n<\/tbody>\n<\/table>\n<div class=\"alcim\"><strong>K\u00e9pvisel\u0151-test\u00fclet bizotts\u00e1gai:<\/strong><\/div>\n<p><strong><u>P\u00e9nz\u00fcgyi Bizotts\u00e1g:<\/u><\/strong><\/p>\n<p>Eln\u00f6k: Ifj. Kov\u00e1cs Istv\u00e1n<\/p>\n<p>Tagok: Szalai Zolt\u00e1n, Z\u00e1mb\u00f3 J\u00f3zsefn\u00e9, Rabi Mih\u00e1ly<\/p>\n<p><strong><u>\u00dcgyrendi Bizotts\u00e1g:<\/u><\/strong><\/p>\n<p>Eln\u00f6k: Kov\u00e1cs M\u00f3nika<\/p>\n<p>Tagok: Dr. Hurs\u00e1n Mih\u00e1ly, Dr. Vereczkey Csaba Imre<\/p>\n<p><strong><u>Szoci\u00e1lis \u00e9s N\u00e9pj\u00f3l\u00e9ti Bizotts\u00e1g:<\/u><\/strong><\/p>\n<p>Eln\u00f6k: Dr. Vereczkey Csaba Imre<\/p>\n<p>Tagok: Dr. Hurs\u00e1n Mih\u00e1ly, Kov\u00e1cs M\u00f3nika, Ocsk\u00f3 G\u00e9za, Szalai Zolt\u00e1n, Gyuris Rudolfn\u00e9, Moln\u00e1r Mih\u00e1lyn\u00e9, Ifj. Rabi Mih\u00e1ly, Vass J\u00f3zsefn\u00e9<\/p>\n<p><strong><u>Vid\u00e9kfejleszt\u00e9si \u00e9s Ter\u00fcletrendez\u00e9si Bizotts\u00e1g:<\/u><\/strong><\/p>\n<p>Eln\u00f6k: Szalai Zolt\u00e1n<\/p>\n<p>Tagok: Ruzsa Andr\u00e1s, Ifj. Kov\u00e1cs Istv\u00e1n, Tapodi S\u00e1ndor, Veres Gyula<\/p>\n","protected":false},"excerpt":{"rendered":"<p>Utolj\u00e1ra friss\u00edtve:&nbsp; 2024. december 2.K\u00e9pvisel\u0151-test\u00fclet (2024- ) Fodor Imre K\u00e1lm\u00e1nn\u00e9 Kov\u00e1cs M\u00f3nika Repk\u00f3n\u00e9 Farkas Kitti S\u00e1pi Zolt\u00e1n Gyurisn\u00e9 K\u00e1lm\u00e1n Jol\u00e1n T\u00f3th-Rabi Mariann Dr. Vereczkey Csaba Imre Polg\u00e1rmester Alpolg\u00e1rmester K\u00e9pvisel\u0151 K\u00e9pvisel\u0151 K\u00e9pvisel\u0151 K\u00e9pvisel\u0151 K\u00e9pvisel\u0151 K\u00e9pvisel\u0151-test\u00fclet bizotts\u00e1gai: P\u00e9nz\u00fcgyi Bizotts\u00e1g: Eln\u00f6k: T\u00f3th-Rabi Mariann Tagok: Repk\u00f3n\u00e9 Farkas Kitti, S\u00e1pi Zolt\u00e1n Szoci\u00e1lis \u00e9s N\u00e9pj\u00f3l\u00e9ti Bizotts\u00e1g: Eln\u00f6k: Dr. Vereczkey Csaba Imre [&hellip;]<\/p>\n","protected":false},"author":2,"featured_media":0,"parent":0,"menu_order":0,"comment_status":"closed","ping_status":"closed","template":"","meta":{"_exactmetrics_skip_tracking":false,"_exactmetrics_sitenote_active":false,"_exactmetrics_sitenote_note":"","_exactmetrics_sitenote_category":0,"footnotes":""},"yoast_head":"<!-- This site is optimized with the Yoast SEO plugin v23.4 - https:\/\/yoast.com\/wordpress\/plugins\/seo\/ -->\n<title>K\u00e9pvisel\u0151-test\u00fclet - forraskut.hu<\/title>\n<meta name=\"robots\" content=\"index, follow, max-snippet:-1, max-image-preview:large, max-video-preview:-1\" \/>\n<link rel=\"canonical\" href=\"https:\/\/forraskut.hu\/index.php\/kepviselo-testulet\/\" \/>\n<meta property=\"og:locale\" content=\"hu_HU\" \/>\n<meta property=\"og:type\" content=\"article\" \/>\n<meta property=\"og:title\" content=\"K\u00e9pvisel\u0151-test\u00fclet - forraskut.hu\" \/>\n<meta property=\"og:description\" content=\"Utolj\u00e1ra friss\u00edtve:&nbsp; 2024. december 2.K\u00e9pvisel\u0151-test\u00fclet (2024- ) Fodor Imre K\u00e1lm\u00e1nn\u00e9 Kov\u00e1cs M\u00f3nika Repk\u00f3n\u00e9 Farkas Kitti S\u00e1pi Zolt\u00e1n Gyurisn\u00e9 K\u00e1lm\u00e1n Jol\u00e1n T\u00f3th-Rabi Mariann Dr. Vereczkey Csaba Imre Polg\u00e1rmester Alpolg\u00e1rmester K\u00e9pvisel\u0151 K\u00e9pvisel\u0151 K\u00e9pvisel\u0151 K\u00e9pvisel\u0151 K\u00e9pvisel\u0151 K\u00e9pvisel\u0151-test\u00fclet bizotts\u00e1gai: P\u00e9nz\u00fcgyi Bizotts\u00e1g: Eln\u00f6k: T\u00f3th-Rabi Mariann Tagok: Repk\u00f3n\u00e9 Farkas Kitti, S\u00e1pi Zolt\u00e1n Szoci\u00e1lis \u00e9s N\u00e9pj\u00f3l\u00e9ti Bizotts\u00e1g: Eln\u00f6k: Dr. Vereczkey Csaba Imre [&hellip;]\" \/>\n<meta property=\"og:url\" content=\"https:\/\/forraskut.hu\/index.php\/kepviselo-testulet\/\" \/>\n<meta property=\"og:site_name\" content=\"forraskut.hu\" \/>\n<meta property=\"article:modified_time\" content=\"2024-12-02T10:31:49+00:00\" \/>\n<meta name=\"twitter:card\" content=\"summary_large_image\" \/>\n<meta name=\"twitter:label1\" content=\"Becs\u00fclt olvas\u00e1si id\u0151\" \/>\n\t<meta name=\"twitter:data1\" content=\"3 perc\" \/>\n<script type=\"application\/ld+json\" class=\"yoast-schema-graph\">{\"@context\":\"https:\/\/schema.org\",\"@graph\":[{\"@type\":\"WebPage\",\"@id\":\"https:\/\/forraskut.hu\/index.php\/kepviselo-testulet\/\",\"url\":\"https:\/\/forraskut.hu\/index.php\/kepviselo-testulet\/\",\"name\":\"K\u00e9pvisel\u0151-test\u00fclet - forraskut.hu\",\"isPartOf\":{\"@id\":\"https:\/\/forraskut.hu\/#website\"},\"datePublished\":\"2017-11-22T12:53:42+00:00\",\"dateModified\":\"2024-12-02T10:31:49+00:00\",\"breadcrumb\":{\"@id\":\"https:\/\/forraskut.hu\/index.php\/kepviselo-testulet\/#breadcrumb\"},\"inLanguage\":\"hu\",\"potentialAction\":[{\"@type\":\"ReadAction\",\"target\":[\"https:\/\/forraskut.hu\/index.php\/kepviselo-testulet\/\"]}]},{\"@type\":\"BreadcrumbList\",\"@id\":\"https:\/\/forraskut.hu\/index.php\/kepviselo-testulet\/#breadcrumb\",\"itemListElement\":[{\"@type\":\"ListItem\",\"position\":1,\"name\":\"Kezd\u0151lap\",\"item\":\"https:\/\/forraskut.hu\/\"},{\"@type\":\"ListItem\",\"position\":2,\"name\":\"K\u00e9pvisel\u0151-test\u00fclet\"}]},{\"@type\":\"WebSite\",\"@id\":\"https:\/\/forraskut.hu\/#website\",\"url\":\"https:\/\/forraskut.hu\/\",\"name\":\"forraskut.hu\",\"description\":\"Forr\u00e1sk\u00fat k\u00f6zs\u00e9g hivatalos weboldala\",\"potentialAction\":[{\"@type\":\"SearchAction\",\"target\":{\"@type\":\"EntryPoint\",\"urlTemplate\":\"https:\/\/forraskut.hu\/?s={search_term_string}\"},\"query-input\":{\"@type\":\"PropertyValueSpecification\",\"valueRequired\":true,\"valueName\":\"search_term_string\"}}],\"inLanguage\":\"hu\"}]}<\/script>\n<!-- \/ Yoast SEO plugin. -->","yoast_head_json":{"title":"K\u00e9pvisel\u0151-test\u00fclet - forraskut.hu","robots":{"index":"index","follow":"follow","max-snippet":"max-snippet:-1","max-image-preview":"max-image-preview:large","max-video-preview":"max-video-preview:-1"},"canonical":"https:\/\/forraskut.hu\/index.php\/kepviselo-testulet\/","og_locale":"hu_HU","og_type":"article","og_title":"K\u00e9pvisel\u0151-test\u00fclet - forraskut.hu","og_description":"Utolj\u00e1ra friss\u00edtve:&nbsp; 2024. december 2.K\u00e9pvisel\u0151-test\u00fclet (2024- ) Fodor Imre K\u00e1lm\u00e1nn\u00e9 Kov\u00e1cs M\u00f3nika Repk\u00f3n\u00e9 Farkas Kitti S\u00e1pi Zolt\u00e1n Gyurisn\u00e9 K\u00e1lm\u00e1n Jol\u00e1n T\u00f3th-Rabi Mariann Dr. Vereczkey Csaba Imre Polg\u00e1rmester Alpolg\u00e1rmester K\u00e9pvisel\u0151 K\u00e9pvisel\u0151 K\u00e9pvisel\u0151 K\u00e9pvisel\u0151 K\u00e9pvisel\u0151 K\u00e9pvisel\u0151-test\u00fclet bizotts\u00e1gai: P\u00e9nz\u00fcgyi Bizotts\u00e1g: Eln\u00f6k: T\u00f3th-Rabi Mariann Tagok: Repk\u00f3n\u00e9 Farkas Kitti, S\u00e1pi Zolt\u00e1n Szoci\u00e1lis \u00e9s N\u00e9pj\u00f3l\u00e9ti Bizotts\u00e1g: Eln\u00f6k: Dr. Vereczkey Csaba Imre [&hellip;]","og_url":"https:\/\/forraskut.hu\/index.php\/kepviselo-testulet\/","og_site_name":"forraskut.hu","article_modified_time":"2024-12-02T10:31:49+00:00","twitter_card":"summary_large_image","twitter_misc":{"Becs\u00fclt olvas\u00e1si id\u0151":"3 perc"},"schema":{"@context":"https:\/\/schema.org","@graph":[{"@type":"WebPage","@id":"https:\/\/forraskut.hu\/index.php\/kepviselo-testulet\/","url":"https:\/\/forraskut.hu\/index.php\/kepviselo-testulet\/","name":"K\u00e9pvisel\u0151-test\u00fclet - forraskut.hu","isPartOf":{"@id":"https:\/\/forraskut.hu\/#website"},"datePublished":"2017-11-22T12:53:42+00:00","dateModified":"2024-12-02T10:31:49+00:00","breadcrumb":{"@id":"https:\/\/forraskut.hu\/index.php\/kepviselo-testulet\/#breadcrumb"},"inLanguage":"hu","potentialAction":[{"@type":"ReadAction","target":["https:\/\/forraskut.hu\/index.php\/kepviselo-testulet\/"]}]},{"@type":"BreadcrumbList","@id":"https:\/\/forraskut.hu\/index.php\/kepviselo-testulet\/#breadcrumb","itemListElement":[{"@type":"ListItem","position":1,"name":"Kezd\u0151lap","item":"https:\/\/forraskut.hu\/"},{"@type":"ListItem","position":2,"name":"K\u00e9pvisel\u0151-test\u00fclet"}]},{"@type":"WebSite","@id":"https:\/\/forraskut.hu\/#website","url":"https:\/\/forraskut.hu\/","name":"forraskut.hu","description":"Forr\u00e1sk\u00fat k\u00f6zs\u00e9g hivatalos weboldala","potentialAction":[{"@type":"SearchAction","target":{"@type":"EntryPoint","urlTemplate":"https:\/\/forraskut.hu\/?s={search_term_string}"},"query-input":{"@type":"PropertyValueSpecification","valueRequired":true,"valueName":"search_term_string"}}],"inLanguage":"hu"}]}},"_links":{"self":[{"href":"https:\/\/forraskut.hu\/index.php\/wp-json\/wp\/v2\/pages\/183"}],"collection":[{"href":"https:\/\/forraskut.hu\/index.php\/wp-json\/wp\/v2\/pages"}],"about":[{"href":"https:\/\/forraskut.hu\/index.php\/wp-json\/wp\/v2\/types\/page"}],"author":[{"embeddable":true,"href":"https:\/\/forraskut.hu\/index.php\/wp-json\/wp\/v2\/users\/2"}],"replies":[{"embeddable":true,"href":"https:\/\/forraskut.hu\/index.php\/wp-json\/wp\/v2\/comments?post=183"}],"version-history":[{"count":4,"href":"https:\/\/forraskut.hu\/index.php\/wp-json\/wp\/v2\/pages\/183\/revisions"}],"predecessor-version":[{"id":3347,"href":"https:\/\/forraskut.hu\/index.php\/wp-json\/wp\/v2\/pages\/183\/revisions\/3347"}],"wp:attachment":[{"href":"https:\/\/forraskut.hu\/index.php\/wp-json\/wp\/v2\/media?parent=183"}],"curies":[{"name":"wp","href":"https:\/\/api.w.org\/{rel}","templated":true}]}}