{"id":1577,"date":"2019-05-30T09:32:42","date_gmt":"2019-05-30T08:32:42","guid":{"rendered":"http:\/\/forraskut.hu\/?page_id=1577"},"modified":"2019-05-30T10:25:41","modified_gmt":"2019-05-30T09:25:41","slug":"elektronikus-ugyintezessel-kapcsolatos-altalanos-tajekoztato","status":"publish","type":"page","link":"https:\/\/forraskut.hu\/index.php\/elektronikus-ugyintezessel-kapcsolatos-altalanos-tajekoztato\/","title":{"rendered":"Elektronikus \u00fcgyint\u00e9z\u00e9ssel kapcsolatos \u00e1ltal\u00e1nos t\u00e1j\u00e9koztat\u00f3"},"content":{"rendered":"<p><i>Tisztelt Felhaszn\u00e1l\u00f3k!<\/i><\/p>\n<p><i>\u00a0<\/i><\/p>\n<p style=\"text-align: justify;\"><i>Az \u00d6nkorm\u00e1nyzati Hivatali Port\u00e1lon t\u00f6rt\u00e9n\u0151 elektronikus \u00fcgyint\u00e9z\u00e9ssel kapcsolatban \u00e1ltal\u00e1nos t\u00e1j\u00e9koztat\u00f3 anyag k\u00e9sz\u00fclt. A <\/i><a href=\"https:\/\/alkalmazaskozpont.asp.lgov.hu\/sites\/asp\/files\/2019-05\/elektronikus_ugyintezes_az_onkormanyzati_hivatali_portalon_20190524.pdf\" target=\"_blank\" rel=\"noopener\"><i>dokumentum<\/i><\/a><i> el\u00e9rhet\u0151 az <\/i><a href=\"https:\/\/alkalmazaskozpont.asp.lgov.hu\/dokumentumtar\" target=\"_blank\" rel=\"noopener\"><i>Alkalmaz\u00e1sk\u00f6zpont Dokumentumt\u00e1r\u00e1ban<\/i><\/a><i>. <\/i><\/p>\n<p><i>\u00a0<\/i><\/p>\n<p style=\"text-align: justify;\"><strong>Az \u00f6nkorm\u00e1nyzati hivatali port\u00e1l haszn\u00e1lat\u00e1val kapcsolatban \u00e9rkezett bejelent\u00e9sek alapj\u00e1n a k\u00f6vetkez\u0151 gyakran ism\u00e9telt\u00a0k\u00e9rd\u00e9sekr\u0151l t\u00e1j\u00e9koztatjuk \u00d6n\u00f6ket:<\/strong><\/p>\n<p>&nbsp;<\/p>\n<p><strong>\u00dcGYIND\u00cdT\u00c1S<\/strong><\/p>\n<p>&nbsp;<\/p>\n<p style=\"text-align: justify;\"><strong>2019. janu\u00e1r 1. napj\u00e1t\u00f3l, az egy\u00e9ni v\u00e1llalkoz\u00f3k \u00e9s hivatali t\u00e1rhellyel rendelkez\u0151k kiv\u00e9tel\u00e9vel, az ad\u00f3\u00fcgyek elektronikus int\u00e9z\u00e9s\u00e9re kiz\u00e1r\u00f3lag a C\u00e9gkapu haszn\u00e1lhat\u00f3.<\/strong><\/p>\n<p>&nbsp;<\/p>\n<p><strong>Az \u00fcgyind\u00edt\u00e1s\u00a0men\u00fc\u00a0 haszn\u00e1lata\u00a0\u00e9s az\u00a0online bek\u00fcld\u00e9s nem az Ad\u00f3 szakrendszerben r\u00f6gz\u00edtett\u00a0 meghatalmaz\u00e1shoz\/k\u00e9pviselethez k\u00f6t\u0151dik. <\/strong><\/p>\n<p>&nbsp;<\/p>\n<p>C\u00e9g k\u00e9pviselet\u00e9ben t\u00f6rt\u00e9n\u0151 bek\u00fcld\u00e9skor a k\u00f6vetkez\u0151 hiba\u00fczenetek \u00e9rkezhetnek:<\/p>\n<p style=\"text-align: justify;\"><em>\u201eA nyomtatv\u00e1ny bek\u00fcld\u00e9se sikertelen! A megadott {C\u00e9gkapu r\u00f6vid neve} felad\u00f3 szervezet nem l\u00e9tezik!\u201d<\/em><br \/>\nEbben az esetben a megadott <strong>C\u00e9gkapu <\/strong>(a megadott ad\u00f3sz\u00e1m alapj\u00e1n) <strong>nem l\u00e9tezik<\/strong>. Nem ker\u00fclt sor a c\u00e9gkapu regisztr\u00e1ci\u00f3ra, vagy hib\u00e1s ad\u00f3sz\u00e1m ker\u00fclt r\u00f6gz\u00edt\u00e9sre az \u00fcgyind\u00edt\u00e1s men\u00fcben.<\/p>\n<p>&nbsp;<\/p>\n<p><em>\u201eA felhaszn\u00e1l\u00f3 nincs hozz\u00e1rendelve a megadott {C\u00e9gkapu r\u00f6vid neve} felad\u00f3 szervezet postafi\u00f3kj\u00e1hoz!\u201d<\/em><\/p>\n<p>Az \u00fcgyind\u00edt\u00e1skor\u00a0megadott ad\u00f3sz\u00e1m helyes,\u00a0\u00e9s a\u00a0<strong> C\u00e9gkapu l\u00e9tezik, de a felt\u00f6lt\u00e9st v\u00e9gz\u0151 felhaszn\u00e1l\u00f3 nincs hozz\u00e1rendelve.<\/strong><\/p>\n<p>&nbsp;<\/p>\n<p><em>\u201eA felhaszn\u00e1l\u00f3 r\u00e9sz\u00e9re a dokumentum m\u0171velet nem enged\u00e9lyezett a megadott {C\u00e9gkapu r\u00f6vid neve} felad\u00f3 szervezetn\u00e9l!<\/em><\/p>\n<p><strong>Ez a hiba\u00fczenet arra utal, hogy a bek\u00fcld\u0151 szem\u00e9ly k\u00fcld\u00e9si jogosults\u00e1ga letilt\u00e1sra ker\u00fclt<\/strong>,\u00a0a C\u00e9gkapu T\u00e1rhelyen.<\/p>\n<p>&nbsp;<\/p>\n<p><strong>EGYENLEG LEK\u00c9RDEZ\u00c9S<\/strong><\/p>\n<p>&nbsp;<\/p>\n<p style=\"text-align: justify;\">A <strong>szem\u00e9lyes ad\u00f3egyenleg lek\u00e9rdez\u00e9s<\/strong>\u00e9re csak abban az esetben van lehet\u0151s\u00e9g, ha a lek\u00e9rdez\u0151 szem\u00e9lyes adatai az \u00f6nkorm\u00e1nyzat ad\u00f3rendszer\u00e9ben hib\u00e1tlanul (a k\u00f6zhiteles nyilv\u00e1ntart\u00e1sokkal megegyez\u0151en) szerepelnek.<\/p>\n<p style=\"text-align: justify;\"><strong>K\u00e9pvisel\u0151k\u00e9nt t\u00f6rt\u00e9n\u0151 egyenleg lek\u00e9rdez\u00e9s sor\u00e1n <\/strong>sz\u00fcks\u00e9ges hogy a k\u00e9pviselt Ad\u00f3sz\u00e1ma (term\u00e9szetes szem\u00e9ly eset\u00e9n Ad\u00f3azonos\u00edt\u00f3 jele) hib\u00e1tlanul ker\u00fclj\u00f6n\u00a0megad\u00e1sra.\u00a0A k\u00e9pvisel\u0151 adatai is hib\u00e1tlanul szerepeljenek az \u00f6nkorm\u00e1nyzat ad\u00f3nyilv\u00e1ntart\u00e1s\u00e1ban, \u00e9s a k\u00e9pviseleti jog (ide\u00e9rtve a meghatalmaz\u00e1st is) a lek\u00e9rdezett ad\u00f3z\u00f3n\u00e1l r\u00f6gz\u00edt\u00e9sre ker\u00fclj\u00f6n. Az egyenleg lek\u00e9rdez\u00e9s jel\u00f6lt legyen.<\/p>\n<p>&nbsp;<\/p>\n<p>\u0170RLAP M\u00c1SOLATOK<\/p>\n<p>&nbsp;<\/p>\n<p style=\"text-align: justify;\">A bek\u00fcld\u00f6tt \u0171rlapokr\u00f3l a bek\u00fcld\u0151 szem\u00e9lyes T\u00e1rhely\u00e9re \u00e9rkezik m\u00e1solat zip form\u00e1tumban. Ez tartalmazza a bek\u00fcld\u00f6tt \u0171rlapot pdf form\u00e1tumban illetve csatolm\u00e1nyain\u00e1l az \u0171rlap xml \u00e1llom\u00e1ny is megtal\u00e1lhat\u00f3.<\/p>\n<p style=\"text-align: justify;\">A dokumentumot le kell menteni a saj\u00e1t g\u00e9pre tetsz\u0151leges helyre, majd ezt k\u00f6vet\u0151en ki lehet csomagolni b\u00e1rmely zip form\u00e1tum kezel\u00e9s\u00e9re alkalmas alkalmaz\u00e1s seg\u00edts\u00e9g\u00e9vel.<\/p>\n<p style=\"text-align: justify;\">C\u00e9gkapun kereszt\u00fcl t\u00f6rt\u00e9n\u0151 bek\u00fcld\u00e9s eset\u00e9n a technikai jelleg\u0171 igazol\u00e1sok a C\u00e9gkapu T\u00e1rhelyre \u00e9rkeznek (felad\u00e1si igazol\u00e1s, elk\u00fcld\u00f6tt dokumentum igazol\u00e1s).<\/p>\n","protected":false},"excerpt":{"rendered":"<p>Tisztelt Felhaszn\u00e1l\u00f3k! \u00a0 Az \u00d6nkorm\u00e1nyzati Hivatali Port\u00e1lon t\u00f6rt\u00e9n\u0151 elektronikus \u00fcgyint\u00e9z\u00e9ssel kapcsolatban \u00e1ltal\u00e1nos t\u00e1j\u00e9koztat\u00f3 anyag k\u00e9sz\u00fclt. A dokumentum el\u00e9rhet\u0151 az Alkalmaz\u00e1sk\u00f6zpont Dokumentumt\u00e1r\u00e1ban. \u00a0 Az \u00f6nkorm\u00e1nyzati hivatali port\u00e1l haszn\u00e1lat\u00e1val kapcsolatban \u00e9rkezett bejelent\u00e9sek alapj\u00e1n a k\u00f6vetkez\u0151 gyakran ism\u00e9telt\u00a0k\u00e9rd\u00e9sekr\u0151l t\u00e1j\u00e9koztatjuk \u00d6n\u00f6ket: &nbsp; \u00dcGYIND\u00cdT\u00c1S &nbsp; 2019. janu\u00e1r 1. napj\u00e1t\u00f3l, az egy\u00e9ni v\u00e1llalkoz\u00f3k \u00e9s hivatali t\u00e1rhellyel rendelkez\u0151k kiv\u00e9tel\u00e9vel, az ad\u00f3\u00fcgyek elektronikus [&hellip;]<\/p>\n","protected":false},"author":2,"featured_media":0,"parent":0,"menu_order":0,"comment_status":"closed","ping_status":"closed","template":"","meta":{"_exactmetrics_skip_tracking":false,"_exactmetrics_sitenote_active":false,"_exactmetrics_sitenote_note":"","_exactmetrics_sitenote_category":0,"footnotes":""},"yoast_head":"<!-- This site is optimized with the Yoast SEO plugin v23.4 - https:\/\/yoast.com\/wordpress\/plugins\/seo\/ -->\n<title>Elektronikus \u00fcgyint\u00e9z\u00e9ssel kapcsolatos \u00e1ltal\u00e1nos t\u00e1j\u00e9koztat\u00f3 - forraskut.hu<\/title>\n<meta name=\"robots\" content=\"index, follow, max-snippet:-1, max-image-preview:large, max-video-preview:-1\" \/>\n<link rel=\"canonical\" href=\"https:\/\/forraskut.hu\/index.php\/elektronikus-ugyintezessel-kapcsolatos-altalanos-tajekoztato\/\" \/>\n<meta property=\"og:locale\" content=\"hu_HU\" \/>\n<meta property=\"og:type\" content=\"article\" \/>\n<meta property=\"og:title\" content=\"Elektronikus \u00fcgyint\u00e9z\u00e9ssel kapcsolatos \u00e1ltal\u00e1nos t\u00e1j\u00e9koztat\u00f3 - forraskut.hu\" \/>\n<meta property=\"og:description\" content=\"Tisztelt Felhaszn\u00e1l\u00f3k! \u00a0 Az \u00d6nkorm\u00e1nyzati Hivatali Port\u00e1lon t\u00f6rt\u00e9n\u0151 elektronikus \u00fcgyint\u00e9z\u00e9ssel kapcsolatban \u00e1ltal\u00e1nos t\u00e1j\u00e9koztat\u00f3 anyag k\u00e9sz\u00fclt. A dokumentum el\u00e9rhet\u0151 az Alkalmaz\u00e1sk\u00f6zpont Dokumentumt\u00e1r\u00e1ban. \u00a0 Az \u00f6nkorm\u00e1nyzati hivatali port\u00e1l haszn\u00e1lat\u00e1val kapcsolatban \u00e9rkezett bejelent\u00e9sek alapj\u00e1n a k\u00f6vetkez\u0151 gyakran ism\u00e9telt\u00a0k\u00e9rd\u00e9sekr\u0151l t\u00e1j\u00e9koztatjuk \u00d6n\u00f6ket: &nbsp; \u00dcGYIND\u00cdT\u00c1S &nbsp; 2019. janu\u00e1r 1. napj\u00e1t\u00f3l, az egy\u00e9ni v\u00e1llalkoz\u00f3k \u00e9s hivatali t\u00e1rhellyel rendelkez\u0151k kiv\u00e9tel\u00e9vel, az ad\u00f3\u00fcgyek elektronikus [&hellip;]\" \/>\n<meta property=\"og:url\" content=\"https:\/\/forraskut.hu\/index.php\/elektronikus-ugyintezessel-kapcsolatos-altalanos-tajekoztato\/\" \/>\n<meta property=\"og:site_name\" content=\"forraskut.hu\" \/>\n<meta property=\"article:modified_time\" content=\"2019-05-30T09:25:41+00:00\" \/>\n<meta name=\"twitter:card\" content=\"summary_large_image\" \/>\n<meta name=\"twitter:label1\" content=\"Becs\u00fclt olvas\u00e1si id\u0151\" \/>\n\t<meta name=\"twitter:data1\" content=\"3 perc\" \/>\n<script type=\"application\/ld+json\" class=\"yoast-schema-graph\">{\"@context\":\"https:\/\/schema.org\",\"@graph\":[{\"@type\":\"WebPage\",\"@id\":\"https:\/\/forraskut.hu\/index.php\/elektronikus-ugyintezessel-kapcsolatos-altalanos-tajekoztato\/\",\"url\":\"https:\/\/forraskut.hu\/index.php\/elektronikus-ugyintezessel-kapcsolatos-altalanos-tajekoztato\/\",\"name\":\"Elektronikus \u00fcgyint\u00e9z\u00e9ssel kapcsolatos \u00e1ltal\u00e1nos t\u00e1j\u00e9koztat\u00f3 - forraskut.hu\",\"isPartOf\":{\"@id\":\"https:\/\/forraskut.hu\/#website\"},\"datePublished\":\"2019-05-30T08:32:42+00:00\",\"dateModified\":\"2019-05-30T09:25:41+00:00\",\"breadcrumb\":{\"@id\":\"https:\/\/forraskut.hu\/index.php\/elektronikus-ugyintezessel-kapcsolatos-altalanos-tajekoztato\/#breadcrumb\"},\"inLanguage\":\"hu\",\"potentialAction\":[{\"@type\":\"ReadAction\",\"target\":[\"https:\/\/forraskut.hu\/index.php\/elektronikus-ugyintezessel-kapcsolatos-altalanos-tajekoztato\/\"]}]},{\"@type\":\"BreadcrumbList\",\"@id\":\"https:\/\/forraskut.hu\/index.php\/elektronikus-ugyintezessel-kapcsolatos-altalanos-tajekoztato\/#breadcrumb\",\"itemListElement\":[{\"@type\":\"ListItem\",\"position\":1,\"name\":\"Kezd\u0151lap\",\"item\":\"https:\/\/forraskut.hu\/\"},{\"@type\":\"ListItem\",\"position\":2,\"name\":\"Elektronikus \u00fcgyint\u00e9z\u00e9ssel kapcsolatos \u00e1ltal\u00e1nos t\u00e1j\u00e9koztat\u00f3\"}]},{\"@type\":\"WebSite\",\"@id\":\"https:\/\/forraskut.hu\/#website\",\"url\":\"https:\/\/forraskut.hu\/\",\"name\":\"forraskut.hu\",\"description\":\"Forr\u00e1sk\u00fat k\u00f6zs\u00e9g hivatalos weboldala\",\"potentialAction\":[{\"@type\":\"SearchAction\",\"target\":{\"@type\":\"EntryPoint\",\"urlTemplate\":\"https:\/\/forraskut.hu\/?s={search_term_string}\"},\"query-input\":{\"@type\":\"PropertyValueSpecification\",\"valueRequired\":true,\"valueName\":\"search_term_string\"}}],\"inLanguage\":\"hu\"}]}<\/script>\n<!-- \/ Yoast SEO plugin. -->","yoast_head_json":{"title":"Elektronikus \u00fcgyint\u00e9z\u00e9ssel kapcsolatos \u00e1ltal\u00e1nos t\u00e1j\u00e9koztat\u00f3 - forraskut.hu","robots":{"index":"index","follow":"follow","max-snippet":"max-snippet:-1","max-image-preview":"max-image-preview:large","max-video-preview":"max-video-preview:-1"},"canonical":"https:\/\/forraskut.hu\/index.php\/elektronikus-ugyintezessel-kapcsolatos-altalanos-tajekoztato\/","og_locale":"hu_HU","og_type":"article","og_title":"Elektronikus \u00fcgyint\u00e9z\u00e9ssel kapcsolatos \u00e1ltal\u00e1nos t\u00e1j\u00e9koztat\u00f3 - forraskut.hu","og_description":"Tisztelt Felhaszn\u00e1l\u00f3k! \u00a0 Az \u00d6nkorm\u00e1nyzati Hivatali Port\u00e1lon t\u00f6rt\u00e9n\u0151 elektronikus \u00fcgyint\u00e9z\u00e9ssel kapcsolatban \u00e1ltal\u00e1nos t\u00e1j\u00e9koztat\u00f3 anyag k\u00e9sz\u00fclt. A dokumentum el\u00e9rhet\u0151 az Alkalmaz\u00e1sk\u00f6zpont Dokumentumt\u00e1r\u00e1ban. \u00a0 Az \u00f6nkorm\u00e1nyzati hivatali port\u00e1l haszn\u00e1lat\u00e1val kapcsolatban \u00e9rkezett bejelent\u00e9sek alapj\u00e1n a k\u00f6vetkez\u0151 gyakran ism\u00e9telt\u00a0k\u00e9rd\u00e9sekr\u0151l t\u00e1j\u00e9koztatjuk \u00d6n\u00f6ket: &nbsp; \u00dcGYIND\u00cdT\u00c1S &nbsp; 2019. janu\u00e1r 1. napj\u00e1t\u00f3l, az egy\u00e9ni v\u00e1llalkoz\u00f3k \u00e9s hivatali t\u00e1rhellyel rendelkez\u0151k kiv\u00e9tel\u00e9vel, az ad\u00f3\u00fcgyek elektronikus [&hellip;]","og_url":"https:\/\/forraskut.hu\/index.php\/elektronikus-ugyintezessel-kapcsolatos-altalanos-tajekoztato\/","og_site_name":"forraskut.hu","article_modified_time":"2019-05-30T09:25:41+00:00","twitter_card":"summary_large_image","twitter_misc":{"Becs\u00fclt olvas\u00e1si id\u0151":"3 perc"},"schema":{"@context":"https:\/\/schema.org","@graph":[{"@type":"WebPage","@id":"https:\/\/forraskut.hu\/index.php\/elektronikus-ugyintezessel-kapcsolatos-altalanos-tajekoztato\/","url":"https:\/\/forraskut.hu\/index.php\/elektronikus-ugyintezessel-kapcsolatos-altalanos-tajekoztato\/","name":"Elektronikus \u00fcgyint\u00e9z\u00e9ssel kapcsolatos \u00e1ltal\u00e1nos t\u00e1j\u00e9koztat\u00f3 - forraskut.hu","isPartOf":{"@id":"https:\/\/forraskut.hu\/#website"},"datePublished":"2019-05-30T08:32:42+00:00","dateModified":"2019-05-30T09:25:41+00:00","breadcrumb":{"@id":"https:\/\/forraskut.hu\/index.php\/elektronikus-ugyintezessel-kapcsolatos-altalanos-tajekoztato\/#breadcrumb"},"inLanguage":"hu","potentialAction":[{"@type":"ReadAction","target":["https:\/\/forraskut.hu\/index.php\/elektronikus-ugyintezessel-kapcsolatos-altalanos-tajekoztato\/"]}]},{"@type":"BreadcrumbList","@id":"https:\/\/forraskut.hu\/index.php\/elektronikus-ugyintezessel-kapcsolatos-altalanos-tajekoztato\/#breadcrumb","itemListElement":[{"@type":"ListItem","position":1,"name":"Kezd\u0151lap","item":"https:\/\/forraskut.hu\/"},{"@type":"ListItem","position":2,"name":"Elektronikus \u00fcgyint\u00e9z\u00e9ssel kapcsolatos \u00e1ltal\u00e1nos t\u00e1j\u00e9koztat\u00f3"}]},{"@type":"WebSite","@id":"https:\/\/forraskut.hu\/#website","url":"https:\/\/forraskut.hu\/","name":"forraskut.hu","description":"Forr\u00e1sk\u00fat k\u00f6zs\u00e9g hivatalos weboldala","potentialAction":[{"@type":"SearchAction","target":{"@type":"EntryPoint","urlTemplate":"https:\/\/forraskut.hu\/?s={search_term_string}"},"query-input":{"@type":"PropertyValueSpecification","valueRequired":true,"valueName":"search_term_string"}}],"inLanguage":"hu"}]}},"_links":{"self":[{"href":"https:\/\/forraskut.hu\/index.php\/wp-json\/wp\/v2\/pages\/1577"}],"collection":[{"href":"https:\/\/forraskut.hu\/index.php\/wp-json\/wp\/v2\/pages"}],"about":[{"href":"https:\/\/forraskut.hu\/index.php\/wp-json\/wp\/v2\/types\/page"}],"author":[{"embeddable":true,"href":"https:\/\/forraskut.hu\/index.php\/wp-json\/wp\/v2\/users\/2"}],"replies":[{"embeddable":true,"href":"https:\/\/forraskut.hu\/index.php\/wp-json\/wp\/v2\/comments?post=1577"}],"version-history":[{"count":4,"href":"https:\/\/forraskut.hu\/index.php\/wp-json\/wp\/v2\/pages\/1577\/revisions"}],"predecessor-version":[{"id":1582,"href":"https:\/\/forraskut.hu\/index.php\/wp-json\/wp\/v2\/pages\/1577\/revisions\/1582"}],"wp:attachment":[{"href":"https:\/\/forraskut.hu\/index.php\/wp-json\/wp\/v2\/media?parent=1577"}],"curies":[{"name":"wp","href":"https:\/\/api.w.org\/{rel}","templated":true}]}}