{"id":1509,"date":"2019-03-13T10:22:36","date_gmt":"2019-03-13T09:22:36","guid":{"rendered":"http:\/\/forraskut.hu\/?page_id=1509"},"modified":"2022-05-17T12:27:07","modified_gmt":"2022-05-17T11:27:07","slug":"telepulesrendezesi-eszkozok","status":"publish","type":"page","link":"https:\/\/forraskut.hu\/index.php\/telepulesrendezesi-eszkozok\/","title":{"rendered":"Telep\u00fcl\u00e9srendez\u00e9si eszk\u00f6z\u00f6k"},"content":{"rendered":"<p class=\"last-modified\">Utolj\u00e1ra friss\u00edtve:&nbsp;  2022. m\u00e1jus 17.<\/p><p><a href=\"https:\/\/or.njt.hu\/onkormanyzati-rendelet\/589230\" target=\"_blank\" rel=\"noopener noreferrer\">Helyi \u00c9p\u00edt\u00e9si Szab\u00e1lyzat 2022. janu\u00e1r 6-t\u00f3l hat\u00e1lyos \u00e1llapota<\/a><\/p>\n<p><a href=\"https:\/\/forraskut.hu\/wp-content\/uploads\/2021\/10\/Helyi-Epitesi-Szabalyzat-modositasanak-partnersegi-egyeztetese.pdf\" target=\"_blank\" rel=\"noopener noreferrer\">Helyi \u00c9p\u00edt\u00e9si Szab\u00e1lyzat m\u00f3dos\u00edt\u00e1s\u00e1nak partners\u00e9gi egyeztet\u00e9se<\/a><\/p>\n<p><a href=\"http:\/\/forraskut.hu\/wp-content\/uploads\/telepulesrendezesi_eszkozok\/tak_forr\u00e1sk\u00fat.pdf\" target=\"_blank\" rel=\"noopener noreferrer\">Telep\u00fcl\u00e9sk\u00e9pi arculati k\u00e9zik\u00f6nyv<\/a><\/p>\n<p><a href=\"http:\/\/forraskut.hu\/wp-content\/uploads\/telepulesrendezesi_eszkozok\/hesz.pdf\" target=\"_blank\" rel=\"noopener noreferrer\">Helyi \u00c9p\u00edt\u00e9si Szab\u00e1lyzat<\/a><\/p>\n<p><a href=\"http:\/\/forraskut.hu\/wp-content\/uploads\/telepulesrendezesi_eszkozok\/szabalyozas_belterulet.pdf\" target=\"_blank\" rel=\"noopener noreferrer\">Belter\u00fcleti szab\u00e1lyoz\u00e1si terv<\/a><\/p>\n<p><a href=\"http:\/\/forraskut.hu\/wp-content\/uploads\/telepulesrendezesi_eszkozok\/szabalyozas_kulterulet.pdf\" target=\"_blank\" rel=\"noopener noreferrer\">K\u00fclter\u00fcleti szab\u00e1lyoz\u00e1si terv<\/a><\/p>\n<p><a href=\"http:\/\/forraskut.hu\/wp-content\/uploads\/telepulesrendezesi_eszkozok\/szerkezeti_terv.pdf\" target=\"_blank\" rel=\"noopener noreferrer\">Szerkezeti terv<\/a><\/p>\n<p><a href=\"http:\/\/forraskut.hu\/wp-content\/uploads\/telepulesrendezesi_eszkozok\/szerkterv_leiras.pdf\" target=\"_blank\" rel=\"noopener noreferrer\">Szerkezeti terv le\u00edr\u00e1s<\/a><\/p>\n<p><a href=\"http:\/\/forraskut.hu\/wp-content\/uploads\/telepulesrendezesi_eszkozok\/koncepcio_elf.pdf\" target=\"_blank\" rel=\"noopener noreferrer\">Telep\u00fcl\u00e9sfejleszt\u00e9si koncepci\u00f3<\/a><\/p>\n","protected":false},"excerpt":{"rendered":"<p>Utolj\u00e1ra friss\u00edtve:&nbsp; 2022. m\u00e1jus 17.Helyi \u00c9p\u00edt\u00e9si Szab\u00e1lyzat 2022. janu\u00e1r 6-t\u00f3l hat\u00e1lyos \u00e1llapota Helyi \u00c9p\u00edt\u00e9si Szab\u00e1lyzat m\u00f3dos\u00edt\u00e1s\u00e1nak partners\u00e9gi egyeztet\u00e9se Telep\u00fcl\u00e9sk\u00e9pi arculati k\u00e9zik\u00f6nyv Helyi \u00c9p\u00edt\u00e9si Szab\u00e1lyzat Belter\u00fcleti szab\u00e1lyoz\u00e1si terv K\u00fclter\u00fcleti szab\u00e1lyoz\u00e1si terv Szerkezeti terv Szerkezeti terv le\u00edr\u00e1s Telep\u00fcl\u00e9sfejleszt\u00e9si koncepci\u00f3<\/p>\n","protected":false},"author":2,"featured_media":0,"parent":0,"menu_order":0,"comment_status":"closed","ping_status":"closed","template":"","meta":{"_exactmetrics_skip_tracking":false,"_exactmetrics_sitenote_active":false,"_exactmetrics_sitenote_note":"","_exactmetrics_sitenote_category":0,"footnotes":""},"yoast_head":"<!-- This site is optimized with the Yoast SEO plugin v23.4 - https:\/\/yoast.com\/wordpress\/plugins\/seo\/ -->\n<title>Telep\u00fcl\u00e9srendez\u00e9si eszk\u00f6z\u00f6k - forraskut.hu<\/title>\n<meta name=\"robots\" content=\"index, follow, max-snippet:-1, max-image-preview:large, max-video-preview:-1\" \/>\n<link rel=\"canonical\" href=\"https:\/\/forraskut.hu\/index.php\/telepulesrendezesi-eszkozok\/\" \/>\n<meta property=\"og:locale\" content=\"hu_HU\" \/>\n<meta property=\"og:type\" content=\"article\" \/>\n<meta property=\"og:title\" content=\"Telep\u00fcl\u00e9srendez\u00e9si eszk\u00f6z\u00f6k - forraskut.hu\" \/>\n<meta property=\"og:description\" content=\"Utolj\u00e1ra friss\u00edtve:&nbsp; 2022. m\u00e1jus 17.Helyi \u00c9p\u00edt\u00e9si Szab\u00e1lyzat 2022. janu\u00e1r 6-t\u00f3l hat\u00e1lyos \u00e1llapota Helyi \u00c9p\u00edt\u00e9si Szab\u00e1lyzat m\u00f3dos\u00edt\u00e1s\u00e1nak partners\u00e9gi egyeztet\u00e9se Telep\u00fcl\u00e9sk\u00e9pi arculati k\u00e9zik\u00f6nyv Helyi \u00c9p\u00edt\u00e9si Szab\u00e1lyzat Belter\u00fcleti szab\u00e1lyoz\u00e1si terv K\u00fclter\u00fcleti szab\u00e1lyoz\u00e1si terv Szerkezeti terv Szerkezeti terv le\u00edr\u00e1s Telep\u00fcl\u00e9sfejleszt\u00e9si koncepci\u00f3\" \/>\n<meta property=\"og:url\" content=\"https:\/\/forraskut.hu\/index.php\/telepulesrendezesi-eszkozok\/\" \/>\n<meta property=\"og:site_name\" content=\"forraskut.hu\" \/>\n<meta property=\"article:modified_time\" content=\"2022-05-17T11:27:07+00:00\" \/>\n<meta name=\"twitter:card\" content=\"summary_large_image\" \/>\n<script type=\"application\/ld+json\" class=\"yoast-schema-graph\">{\"@context\":\"https:\/\/schema.org\",\"@graph\":[{\"@type\":\"WebPage\",\"@id\":\"https:\/\/forraskut.hu\/index.php\/telepulesrendezesi-eszkozok\/\",\"url\":\"https:\/\/forraskut.hu\/index.php\/telepulesrendezesi-eszkozok\/\",\"name\":\"Telep\u00fcl\u00e9srendez\u00e9si eszk\u00f6z\u00f6k - forraskut.hu\",\"isPartOf\":{\"@id\":\"https:\/\/forraskut.hu\/#website\"},\"datePublished\":\"2019-03-13T09:22:36+00:00\",\"dateModified\":\"2022-05-17T11:27:07+00:00\",\"breadcrumb\":{\"@id\":\"https:\/\/forraskut.hu\/index.php\/telepulesrendezesi-eszkozok\/#breadcrumb\"},\"inLanguage\":\"hu\",\"potentialAction\":[{\"@type\":\"ReadAction\",\"target\":[\"https:\/\/forraskut.hu\/index.php\/telepulesrendezesi-eszkozok\/\"]}]},{\"@type\":\"BreadcrumbList\",\"@id\":\"https:\/\/forraskut.hu\/index.php\/telepulesrendezesi-eszkozok\/#breadcrumb\",\"itemListElement\":[{\"@type\":\"ListItem\",\"position\":1,\"name\":\"Kezd\u0151lap\",\"item\":\"https:\/\/forraskut.hu\/\"},{\"@type\":\"ListItem\",\"position\":2,\"name\":\"Telep\u00fcl\u00e9srendez\u00e9si eszk\u00f6z\u00f6k\"}]},{\"@type\":\"WebSite\",\"@id\":\"https:\/\/forraskut.hu\/#website\",\"url\":\"https:\/\/forraskut.hu\/\",\"name\":\"forraskut.hu\",\"description\":\"Forr\u00e1sk\u00fat k\u00f6zs\u00e9g hivatalos weboldala\",\"potentialAction\":[{\"@type\":\"SearchAction\",\"target\":{\"@type\":\"EntryPoint\",\"urlTemplate\":\"https:\/\/forraskut.hu\/?s={search_term_string}\"},\"query-input\":{\"@type\":\"PropertyValueSpecification\",\"valueRequired\":true,\"valueName\":\"search_term_string\"}}],\"inLanguage\":\"hu\"}]}<\/script>\n<!-- \/ Yoast SEO plugin. -->","yoast_head_json":{"title":"Telep\u00fcl\u00e9srendez\u00e9si eszk\u00f6z\u00f6k - forraskut.hu","robots":{"index":"index","follow":"follow","max-snippet":"max-snippet:-1","max-image-preview":"max-image-preview:large","max-video-preview":"max-video-preview:-1"},"canonical":"https:\/\/forraskut.hu\/index.php\/telepulesrendezesi-eszkozok\/","og_locale":"hu_HU","og_type":"article","og_title":"Telep\u00fcl\u00e9srendez\u00e9si eszk\u00f6z\u00f6k - forraskut.hu","og_description":"Utolj\u00e1ra friss\u00edtve:&nbsp; 2022. m\u00e1jus 17.Helyi \u00c9p\u00edt\u00e9si Szab\u00e1lyzat 2022. janu\u00e1r 6-t\u00f3l hat\u00e1lyos \u00e1llapota Helyi \u00c9p\u00edt\u00e9si Szab\u00e1lyzat m\u00f3dos\u00edt\u00e1s\u00e1nak partners\u00e9gi egyeztet\u00e9se Telep\u00fcl\u00e9sk\u00e9pi arculati k\u00e9zik\u00f6nyv Helyi \u00c9p\u00edt\u00e9si Szab\u00e1lyzat Belter\u00fcleti szab\u00e1lyoz\u00e1si terv K\u00fclter\u00fcleti szab\u00e1lyoz\u00e1si terv Szerkezeti terv Szerkezeti terv le\u00edr\u00e1s Telep\u00fcl\u00e9sfejleszt\u00e9si koncepci\u00f3","og_url":"https:\/\/forraskut.hu\/index.php\/telepulesrendezesi-eszkozok\/","og_site_name":"forraskut.hu","article_modified_time":"2022-05-17T11:27:07+00:00","twitter_card":"summary_large_image","schema":{"@context":"https:\/\/schema.org","@graph":[{"@type":"WebPage","@id":"https:\/\/forraskut.hu\/index.php\/telepulesrendezesi-eszkozok\/","url":"https:\/\/forraskut.hu\/index.php\/telepulesrendezesi-eszkozok\/","name":"Telep\u00fcl\u00e9srendez\u00e9si eszk\u00f6z\u00f6k - forraskut.hu","isPartOf":{"@id":"https:\/\/forraskut.hu\/#website"},"datePublished":"2019-03-13T09:22:36+00:00","dateModified":"2022-05-17T11:27:07+00:00","breadcrumb":{"@id":"https:\/\/forraskut.hu\/index.php\/telepulesrendezesi-eszkozok\/#breadcrumb"},"inLanguage":"hu","potentialAction":[{"@type":"ReadAction","target":["https:\/\/forraskut.hu\/index.php\/telepulesrendezesi-eszkozok\/"]}]},{"@type":"BreadcrumbList","@id":"https:\/\/forraskut.hu\/index.php\/telepulesrendezesi-eszkozok\/#breadcrumb","itemListElement":[{"@type":"ListItem","position":1,"name":"Kezd\u0151lap","item":"https:\/\/forraskut.hu\/"},{"@type":"ListItem","position":2,"name":"Telep\u00fcl\u00e9srendez\u00e9si eszk\u00f6z\u00f6k"}]},{"@type":"WebSite","@id":"https:\/\/forraskut.hu\/#website","url":"https:\/\/forraskut.hu\/","name":"forraskut.hu","description":"Forr\u00e1sk\u00fat k\u00f6zs\u00e9g hivatalos weboldala","potentialAction":[{"@type":"SearchAction","target":{"@type":"EntryPoint","urlTemplate":"https:\/\/forraskut.hu\/?s={search_term_string}"},"query-input":{"@type":"PropertyValueSpecification","valueRequired":true,"valueName":"search_term_string"}}],"inLanguage":"hu"}]}},"_links":{"self":[{"href":"https:\/\/forraskut.hu\/index.php\/wp-json\/wp\/v2\/pages\/1509"}],"collection":[{"href":"https:\/\/forraskut.hu\/index.php\/wp-json\/wp\/v2\/pages"}],"about":[{"href":"https:\/\/forraskut.hu\/index.php\/wp-json\/wp\/v2\/types\/page"}],"author":[{"embeddable":true,"href":"https:\/\/forraskut.hu\/index.php\/wp-json\/wp\/v2\/users\/2"}],"replies":[{"embeddable":true,"href":"https:\/\/forraskut.hu\/index.php\/wp-json\/wp\/v2\/comments?post=1509"}],"version-history":[{"count":10,"href":"https:\/\/forraskut.hu\/index.php\/wp-json\/wp\/v2\/pages\/1509\/revisions"}],"predecessor-version":[{"id":2519,"href":"https:\/\/forraskut.hu\/index.php\/wp-json\/wp\/v2\/pages\/1509\/revisions\/2519"}],"wp:attachment":[{"href":"https:\/\/forraskut.hu\/index.php\/wp-json\/wp\/v2\/media?parent=1509"}],"curies":[{"name":"wp","href":"https:\/\/api.w.org\/{rel}","templated":true}]}}