{"id":1490,"date":"2019-02-13T16:07:15","date_gmt":"2019-02-13T15:07:15","guid":{"rendered":"http:\/\/forraskut.hu\/?page_id=1490"},"modified":"2019-10-14T15:43:03","modified_gmt":"2019-10-14T14:43:03","slug":"onkormanyzati-valasztas-2019","status":"publish","type":"page","link":"https:\/\/forraskut.hu\/index.php\/onkormanyzati-valasztas-2019\/","title":{"rendered":"\u00d6nkorm\u00e1nyzati v\u00e1laszt\u00e1s 2019"},"content":{"rendered":"<p class=\"last-modified\">Utolj\u00e1ra friss\u00edtve:&nbsp;  2019. okt\u00f3ber 14.<\/p><p><strong>A HVB dokumentumai<\/strong><\/p>\n<p><a href=\"http:\/\/forraskut.hu\/wp-content\/uploads\/2019\/09\/4_2019_HVBh_onk_net.pdf\" target=\"_blank\" rel=\"noopener noreferrer\">4_2019_HVBh<\/a><\/p>\n<p><a href=\"http:\/\/forraskut.hu\/wp-content\/uploads\/2019\/09\/5_2019_HVBh_onk_net.pdf\" target=\"_blank\" rel=\"noopener noreferrer\">5_2019_HVBh<\/a><\/p>\n<p><a href=\"http:\/\/forraskut.hu\/wp-content\/uploads\/2019\/09\/6_2019_HVBh_onk_net.pdf\" target=\"_blank\" rel=\"noopener noreferrer\">6_2019_HVBh<\/a><\/p>\n<p><a href=\"http:\/\/forraskut.hu\/wp-content\/uploads\/2019\/09\/7_2019_HVBh_onk_net.pdf\" target=\"_blank\" rel=\"noopener noreferrer\">7_2019_HVBh<\/a><\/p>\n<p><a href=\"http:\/\/forraskut.hu\/wp-content\/uploads\/2019\/09\/8_2019_HVBh_onk_net.pdf\" target=\"_blank\" rel=\"noopener noreferrer\">8_2019_HVBh<\/a><\/p>\n<p><a href=\"http:\/\/forraskut.hu\/wp-content\/uploads\/2019\/09\/9_2019_HVBh_onk_net.pdf\" target=\"_blank\" rel=\"noopener noreferrer\">9_2019_HVBh<\/a><\/p>\n<p><a href=\"http:\/\/forraskut.hu\/wp-content\/uploads\/2019\/09\/10_2019_HVBh_onk_net.pdf\" target=\"_blank\" rel=\"noopener noreferrer\">10_2019_HVBh<\/a><\/p>\n<p><a href=\"http:\/\/forraskut.hu\/wp-content\/uploads\/2019\/09\/11_2019_HVBh_onk_net.pdf\" target=\"_blank\" rel=\"noopener noreferrer\">11_2019_HVBh<\/a><\/p>\n<p><a href=\"http:\/\/forraskut.hu\/wp-content\/uploads\/2019\/09\/12_2019_HVBh_onk_net.pdf\" target=\"_blank\" rel=\"noopener noreferrer\">12_2019_HVBh<\/a><\/p>\n<p><a href=\"http:\/\/forraskut.hu\/wp-content\/uploads\/2019\/09\/13_2019_HVBh_onk_net.pdf\" target=\"_blank\" rel=\"noopener noreferrer\">13_2019_HVBh<\/a><\/p>\n<p><a href=\"http:\/\/forraskut.hu\/wp-content\/uploads\/2019\/09\/14_2019_HVBh_onk_net.pdf\" target=\"_blank\" rel=\"noopener noreferrer\">14_2019_HVBh<\/a><\/p>\n<p><a href=\"http:\/\/forraskut.hu\/wp-content\/uploads\/2019\/09\/15_2019_HVBh_onk_net.pdf\" target=\"_blank\" rel=\"noopener noreferrer\">15_2019_HVBh<\/a><\/p>\n<p><a href=\"http:\/\/forraskut.hu\/wp-content\/uploads\/2019\/09\/16_2019_HVBh_onk_net.pdf\" target=\"_blank\" rel=\"noopener noreferrer\">16_2019_HVBh<\/a><\/p>\n<p><a href=\"http:\/\/forraskut.hu\/wp-content\/uploads\/2019\/09\/17_2019_HVBh_onk_net.pdf\" target=\"_blank\" rel=\"noopener noreferrer\">17_2019_HVBh<\/a><\/p>\n<p><a href=\"http:\/\/forraskut.hu\/wp-content\/uploads\/2019\/09\/18_2019_HVBh_onk_net.pdf\" target=\"_blank\" rel=\"noopener noreferrer\">18_2019_HVBh<\/a><\/p>\n<p><a href=\"http:\/\/forraskut.hu\/wp-content\/uploads\/2019\/09\/19_2019_HVBh_onk_net.pdf\" target=\"_blank\" rel=\"noopener noreferrer\">19_2019_HVBh<\/a><\/p>\n<p><a href=\"http:\/\/forraskut.hu\/wp-content\/uploads\/2019\/09\/20_2019_HVBh_onk_net.pdf\" target=\"_blank\" rel=\"noopener noreferrer\">20_2019_HVBh<\/a><\/p>\n<p><a href=\"http:\/\/forraskut.hu\/wp-content\/uploads\/2019\/09\/21_2019_HVBh_onk_net.pdf\" target=\"_blank\" rel=\"noopener noreferrer\">21_2019_HVBh<\/a><\/p>\n<p><a href=\"http:\/\/forraskut.hu\/wp-content\/uploads\/2019\/09\/22_2019_HVBh_onk_net.pdf\" target=\"_blank\" rel=\"noopener noreferrer\">22_2019_HVBh<\/a><\/p>\n<p><a href=\"http:\/\/forraskut.hu\/wp-content\/uploads\/2019\/09\/23_2019_HVBh_onk_net.pdf\" target=\"_blank\" rel=\"noopener noreferrer\">23_2019_HVBh<\/a><\/p>\n<p><a href=\"http:\/\/forraskut.hu\/wp-content\/uploads\/2019\/09\/24_2019_HVBh_onk_net.pdf\" target=\"_blank\" rel=\"noopener noreferrer\">24_2019_HVBh<\/a><\/p>\n<p><a href=\"http:\/\/forraskut.hu\/wp-content\/uploads\/2019\/09\/25_2019_HVBh_onk_net.pdf\" target=\"_blank\" rel=\"noopener noreferrer\">25_2019_HVBh<\/a><\/p>\n<p><a href=\"http:\/\/forraskut.hu\/wp-content\/uploads\/2019\/09\/26_2019_HVBh_onk_net.pdf\" target=\"_blank\" rel=\"noopener noreferrer\">26_2019_HVBh<\/a><\/p>\n<p><a href=\"http:\/\/forraskut.hu\/wp-content\/uploads\/2019\/09\/27_2019_HVBhat_\u00f6nk.pdf\" target=\"_blank\" rel=\"noopener noreferrer\">27_2019_HVBh<\/a><\/p>\n<p><a href=\"http:\/\/forraskut.hu\/wp-content\/uploads\/2019\/09\/28_2019_HVBhat_\u00f6nk.pdf\" target=\"_blank\" rel=\"noopener noreferrer\">28_2019_HVBh<\/a><\/p>\n<p><a href=\"http:\/\/forraskut.hu\/wp-content\/uploads\/2019\/10\/30_2019_HVBh.pdf\" target=\"_blank\" rel=\"noopener noreferrer\">30_2019_HVBh<\/a><\/p>\n<p><a href=\"http:\/\/forraskut.hu\/wp-content\/uploads\/2019\/10\/31_2019_HVBh.pdf\" target=\"_blank\" rel=\"noopener noreferrer\">31_2019_HVBh<\/a><\/p>\n<p>&nbsp;<\/p>\n<p><strong>A HVI dokumentumai<\/strong><\/p>\n<p><a href=\"http:\/\/forraskut.hu\/wp-content\/uploads\/2019\/08\/ajanlasok_szama_forraskut.pdf\" target=\"_blank\" rel=\"noopener noreferrer\">A HVI vezet\u0151j\u00e9nek hat\u00e1rozata<\/a><\/p>\n<p><a href=\"http:\/\/forraskut.hu\/wp-content\/uploads\/2019\/02\/v\u00e1laszt\u00e1s_2019_\u00f6nk_20190215.pdf\" target=\"_blank\" rel=\"noopener noreferrer\">A HVI vezet\u0151j\u00e9nek hat\u00e1rozata<\/a><\/p>\n","protected":false},"excerpt":{"rendered":"<p>Utolj\u00e1ra friss\u00edtve:&nbsp; 2019. okt\u00f3ber 14.A HVB dokumentumai 4_2019_HVBh 5_2019_HVBh 6_2019_HVBh 7_2019_HVBh 8_2019_HVBh 9_2019_HVBh 10_2019_HVBh 11_2019_HVBh 12_2019_HVBh 13_2019_HVBh 14_2019_HVBh 15_2019_HVBh 16_2019_HVBh 17_2019_HVBh 18_2019_HVBh 19_2019_HVBh 20_2019_HVBh 21_2019_HVBh 22_2019_HVBh 23_2019_HVBh 24_2019_HVBh 25_2019_HVBh 26_2019_HVBh 27_2019_HVBh 28_2019_HVBh 30_2019_HVBh 31_2019_HVBh &nbsp; A HVI dokumentumai A HVI vezet\u0151j\u00e9nek hat\u00e1rozata A HVI vezet\u0151j\u00e9nek hat\u00e1rozata<\/p>\n","protected":false},"author":2,"featured_media":0,"parent":0,"menu_order":0,"comment_status":"closed","ping_status":"closed","template":"","meta":{"_exactmetrics_skip_tracking":false,"_exactmetrics_sitenote_active":false,"_exactmetrics_sitenote_note":"","_exactmetrics_sitenote_category":0,"footnotes":""},"yoast_head":"<!-- This site is optimized with the Yoast SEO plugin v23.4 - https:\/\/yoast.com\/wordpress\/plugins\/seo\/ -->\n<title>\u00d6nkorm\u00e1nyzati v\u00e1laszt\u00e1s 2019 - forraskut.hu<\/title>\n<meta name=\"robots\" content=\"index, follow, max-snippet:-1, max-image-preview:large, max-video-preview:-1\" \/>\n<link rel=\"canonical\" href=\"https:\/\/forraskut.hu\/index.php\/onkormanyzati-valasztas-2019\/\" \/>\n<meta property=\"og:locale\" content=\"hu_HU\" \/>\n<meta property=\"og:type\" content=\"article\" \/>\n<meta property=\"og:title\" content=\"\u00d6nkorm\u00e1nyzati v\u00e1laszt\u00e1s 2019 - forraskut.hu\" \/>\n<meta property=\"og:description\" content=\"Utolj\u00e1ra friss\u00edtve:&nbsp; 2019. okt\u00f3ber 14.A HVB dokumentumai 4_2019_HVBh 5_2019_HVBh 6_2019_HVBh 7_2019_HVBh 8_2019_HVBh 9_2019_HVBh 10_2019_HVBh 11_2019_HVBh 12_2019_HVBh 13_2019_HVBh 14_2019_HVBh 15_2019_HVBh 16_2019_HVBh 17_2019_HVBh 18_2019_HVBh 19_2019_HVBh 20_2019_HVBh 21_2019_HVBh 22_2019_HVBh 23_2019_HVBh 24_2019_HVBh 25_2019_HVBh 26_2019_HVBh 27_2019_HVBh 28_2019_HVBh 30_2019_HVBh 31_2019_HVBh &nbsp; A HVI dokumentumai A HVI vezet\u0151j\u00e9nek hat\u00e1rozata A HVI vezet\u0151j\u00e9nek hat\u00e1rozata\" \/>\n<meta property=\"og:url\" content=\"https:\/\/forraskut.hu\/index.php\/onkormanyzati-valasztas-2019\/\" \/>\n<meta property=\"og:site_name\" content=\"forraskut.hu\" \/>\n<meta property=\"article:modified_time\" content=\"2019-10-14T14:43:03+00:00\" \/>\n<meta name=\"twitter:card\" content=\"summary_large_image\" \/>\n<script type=\"application\/ld+json\" class=\"yoast-schema-graph\">{\"@context\":\"https:\/\/schema.org\",\"@graph\":[{\"@type\":\"WebPage\",\"@id\":\"https:\/\/forraskut.hu\/index.php\/onkormanyzati-valasztas-2019\/\",\"url\":\"https:\/\/forraskut.hu\/index.php\/onkormanyzati-valasztas-2019\/\",\"name\":\"\u00d6nkorm\u00e1nyzati v\u00e1laszt\u00e1s 2019 - forraskut.hu\",\"isPartOf\":{\"@id\":\"https:\/\/forraskut.hu\/#website\"},\"datePublished\":\"2019-02-13T15:07:15+00:00\",\"dateModified\":\"2019-10-14T14:43:03+00:00\",\"breadcrumb\":{\"@id\":\"https:\/\/forraskut.hu\/index.php\/onkormanyzati-valasztas-2019\/#breadcrumb\"},\"inLanguage\":\"hu\",\"potentialAction\":[{\"@type\":\"ReadAction\",\"target\":[\"https:\/\/forraskut.hu\/index.php\/onkormanyzati-valasztas-2019\/\"]}]},{\"@type\":\"BreadcrumbList\",\"@id\":\"https:\/\/forraskut.hu\/index.php\/onkormanyzati-valasztas-2019\/#breadcrumb\",\"itemListElement\":[{\"@type\":\"ListItem\",\"position\":1,\"name\":\"Kezd\u0151lap\",\"item\":\"https:\/\/forraskut.hu\/\"},{\"@type\":\"ListItem\",\"position\":2,\"name\":\"\u00d6nkorm\u00e1nyzati v\u00e1laszt\u00e1s 2019\"}]},{\"@type\":\"WebSite\",\"@id\":\"https:\/\/forraskut.hu\/#website\",\"url\":\"https:\/\/forraskut.hu\/\",\"name\":\"forraskut.hu\",\"description\":\"Forr\u00e1sk\u00fat k\u00f6zs\u00e9g hivatalos weboldala\",\"potentialAction\":[{\"@type\":\"SearchAction\",\"target\":{\"@type\":\"EntryPoint\",\"urlTemplate\":\"https:\/\/forraskut.hu\/?s={search_term_string}\"},\"query-input\":{\"@type\":\"PropertyValueSpecification\",\"valueRequired\":true,\"valueName\":\"search_term_string\"}}],\"inLanguage\":\"hu\"}]}<\/script>\n<!-- \/ Yoast SEO plugin. -->","yoast_head_json":{"title":"\u00d6nkorm\u00e1nyzati v\u00e1laszt\u00e1s 2019 - forraskut.hu","robots":{"index":"index","follow":"follow","max-snippet":"max-snippet:-1","max-image-preview":"max-image-preview:large","max-video-preview":"max-video-preview:-1"},"canonical":"https:\/\/forraskut.hu\/index.php\/onkormanyzati-valasztas-2019\/","og_locale":"hu_HU","og_type":"article","og_title":"\u00d6nkorm\u00e1nyzati v\u00e1laszt\u00e1s 2019 - forraskut.hu","og_description":"Utolj\u00e1ra friss\u00edtve:&nbsp; 2019. okt\u00f3ber 14.A HVB dokumentumai 4_2019_HVBh 5_2019_HVBh 6_2019_HVBh 7_2019_HVBh 8_2019_HVBh 9_2019_HVBh 10_2019_HVBh 11_2019_HVBh 12_2019_HVBh 13_2019_HVBh 14_2019_HVBh 15_2019_HVBh 16_2019_HVBh 17_2019_HVBh 18_2019_HVBh 19_2019_HVBh 20_2019_HVBh 21_2019_HVBh 22_2019_HVBh 23_2019_HVBh 24_2019_HVBh 25_2019_HVBh 26_2019_HVBh 27_2019_HVBh 28_2019_HVBh 30_2019_HVBh 31_2019_HVBh &nbsp; A HVI dokumentumai A HVI vezet\u0151j\u00e9nek hat\u00e1rozata A HVI vezet\u0151j\u00e9nek hat\u00e1rozata","og_url":"https:\/\/forraskut.hu\/index.php\/onkormanyzati-valasztas-2019\/","og_site_name":"forraskut.hu","article_modified_time":"2019-10-14T14:43:03+00:00","twitter_card":"summary_large_image","schema":{"@context":"https:\/\/schema.org","@graph":[{"@type":"WebPage","@id":"https:\/\/forraskut.hu\/index.php\/onkormanyzati-valasztas-2019\/","url":"https:\/\/forraskut.hu\/index.php\/onkormanyzati-valasztas-2019\/","name":"\u00d6nkorm\u00e1nyzati v\u00e1laszt\u00e1s 2019 - forraskut.hu","isPartOf":{"@id":"https:\/\/forraskut.hu\/#website"},"datePublished":"2019-02-13T15:07:15+00:00","dateModified":"2019-10-14T14:43:03+00:00","breadcrumb":{"@id":"https:\/\/forraskut.hu\/index.php\/onkormanyzati-valasztas-2019\/#breadcrumb"},"inLanguage":"hu","potentialAction":[{"@type":"ReadAction","target":["https:\/\/forraskut.hu\/index.php\/onkormanyzati-valasztas-2019\/"]}]},{"@type":"BreadcrumbList","@id":"https:\/\/forraskut.hu\/index.php\/onkormanyzati-valasztas-2019\/#breadcrumb","itemListElement":[{"@type":"ListItem","position":1,"name":"Kezd\u0151lap","item":"https:\/\/forraskut.hu\/"},{"@type":"ListItem","position":2,"name":"\u00d6nkorm\u00e1nyzati v\u00e1laszt\u00e1s 2019"}]},{"@type":"WebSite","@id":"https:\/\/forraskut.hu\/#website","url":"https:\/\/forraskut.hu\/","name":"forraskut.hu","description":"Forr\u00e1sk\u00fat k\u00f6zs\u00e9g hivatalos weboldala","potentialAction":[{"@type":"SearchAction","target":{"@type":"EntryPoint","urlTemplate":"https:\/\/forraskut.hu\/?s={search_term_string}"},"query-input":{"@type":"PropertyValueSpecification","valueRequired":true,"valueName":"search_term_string"}}],"inLanguage":"hu"}]}},"_links":{"self":[{"href":"https:\/\/forraskut.hu\/index.php\/wp-json\/wp\/v2\/pages\/1490"}],"collection":[{"href":"https:\/\/forraskut.hu\/index.php\/wp-json\/wp\/v2\/pages"}],"about":[{"href":"https:\/\/forraskut.hu\/index.php\/wp-json\/wp\/v2\/types\/page"}],"author":[{"embeddable":true,"href":"https:\/\/forraskut.hu\/index.php\/wp-json\/wp\/v2\/users\/2"}],"replies":[{"embeddable":true,"href":"https:\/\/forraskut.hu\/index.php\/wp-json\/wp\/v2\/comments?post=1490"}],"version-history":[{"count":13,"href":"https:\/\/forraskut.hu\/index.php\/wp-json\/wp\/v2\/pages\/1490\/revisions"}],"predecessor-version":[{"id":1696,"href":"https:\/\/forraskut.hu\/index.php\/wp-json\/wp\/v2\/pages\/1490\/revisions\/1696"}],"wp:attachment":[{"href":"https:\/\/forraskut.hu\/index.php\/wp-json\/wp\/v2\/media?parent=1490"}],"curies":[{"name":"wp","href":"https:\/\/api.w.org\/{rel}","templated":true}]}}