{"id":1210,"date":"2018-07-13T13:56:44","date_gmt":"2018-07-13T12:56:44","guid":{"rendered":"http:\/\/forraskut.hu\/?page_id=1210"},"modified":"2018-07-13T16:08:41","modified_gmt":"2018-07-13T15:08:41","slug":"erogep-beszerzes-vp6-7-2-1-7-4-1-2-16","status":"publish","type":"page","link":"https:\/\/forraskut.hu\/index.php\/erogep-beszerzes-vp6-7-2-1-7-4-1-2-16\/","title":{"rendered":"Er\u0151g\u00e9p beszerz\u00e9s a Vid\u00e9kfejleszt\u00e9si Program keret\u00e9ben- VP6-7.2.1-7.4.1.2-16"},"content":{"rendered":"<p style=\"text-align: justify;\">Kedvezm\u00e9nyezett neve: Forr\u00e1sk\u00fat K\u00f6zs\u00e9g \u00d6nkorm\u00e1nyzata<br \/>\nA P\u00e1ly\u00e1zati felh\u00edv\u00e1s neve, k\u00f3dsz\u00e1ma: K\u00fclter\u00fcleti helyi k\u00f6zutak fejleszt\u00e9se, \u00f6nkorm\u00e1nyzati utak kezel\u00e9s\u00e9hez, \u00e1llapotjav\u00edt\u00e1s\u00e1hoz, karbantart\u00e1s\u00e1hoz sz\u00fcks\u00e9ges er\u0151- \u00e9s munkag\u00e9pek beszerz\u00e9se VP6-7.2.1-7.4.1.2-16<br \/>\nA Projekt c\u00edme, azonos\u00edt\u00f3 sz\u00e1ma: Er\u0151g\u00e9p beszerz\u00e9s a f\u00f6ldutak karbantart\u00e1s\u00e1\u00e9rt 1824890550<br \/>\nA szerz\u0151d\u00f6tt t\u00e1mogat\u00e1s \u00f6sszege: 7.086.600,- Ft<br \/>\nA t\u00e1mogat\u00e1s m\u00e9rt\u00e9ke: 90%<br \/>\nA projekt tervezett befejez\u00e9si d\u00e1tuma: 2018. j\u00fanius 30.<\/p>\n<p><img loading=\"lazy\" decoding=\"async\" class=\"aligncenter wp-image-1223\" src=\"http:\/\/forraskut.hu\/wp-content\/uploads\/2018\/07\/erogep_beszerzes-1024x717.jpg\" alt=\"\" width=\"800\" height=\"560\" srcset=\"https:\/\/forraskut.hu\/wp-content\/uploads\/2018\/07\/erogep_beszerzes-1024x717.jpg 1024w, https:\/\/forraskut.hu\/wp-content\/uploads\/2018\/07\/erogep_beszerzes-300x210.jpg 300w, https:\/\/forraskut.hu\/wp-content\/uploads\/2018\/07\/erogep_beszerzes-768x538.jpg 768w, https:\/\/forraskut.hu\/wp-content\/uploads\/2018\/07\/erogep_beszerzes.jpg 1113w\" sizes=\"(max-width: 800px) 100vw, 800px\" \/><\/p>\n","protected":false},"excerpt":{"rendered":"<p>Kedvezm\u00e9nyezett neve: Forr\u00e1sk\u00fat K\u00f6zs\u00e9g \u00d6nkorm\u00e1nyzata A P\u00e1ly\u00e1zati felh\u00edv\u00e1s neve, k\u00f3dsz\u00e1ma: K\u00fclter\u00fcleti helyi k\u00f6zutak fejleszt\u00e9se, \u00f6nkorm\u00e1nyzati utak kezel\u00e9s\u00e9hez, \u00e1llapotjav\u00edt\u00e1s\u00e1hoz, karbantart\u00e1s\u00e1hoz sz\u00fcks\u00e9ges er\u0151- \u00e9s munkag\u00e9pek beszerz\u00e9se VP6-7.2.1-7.4.1.2-16 A Projekt c\u00edme, azonos\u00edt\u00f3 sz\u00e1ma: Er\u0151g\u00e9p beszerz\u00e9s a f\u00f6ldutak karbantart\u00e1s\u00e1\u00e9rt 1824890550 A szerz\u0151d\u00f6tt t\u00e1mogat\u00e1s \u00f6sszege: 7.086.600,- Ft A t\u00e1mogat\u00e1s m\u00e9rt\u00e9ke: 90% A projekt tervezett befejez\u00e9si d\u00e1tuma: 2018. j\u00fanius 30.<\/p>\n","protected":false},"author":2,"featured_media":0,"parent":0,"menu_order":0,"comment_status":"closed","ping_status":"closed","template":"","meta":{"_exactmetrics_skip_tracking":false,"_exactmetrics_sitenote_active":false,"_exactmetrics_sitenote_note":"","_exactmetrics_sitenote_category":0,"footnotes":""},"yoast_head":"<!-- This site is optimized with the Yoast SEO plugin v23.4 - https:\/\/yoast.com\/wordpress\/plugins\/seo\/ -->\n<title>Er\u0151g\u00e9p beszerz\u00e9s a Vid\u00e9kfejleszt\u00e9si Program keret\u00e9ben- VP6-7.2.1-7.4.1.2-16 - forraskut.hu<\/title>\n<meta name=\"robots\" content=\"index, follow, max-snippet:-1, max-image-preview:large, max-video-preview:-1\" \/>\n<link rel=\"canonical\" href=\"https:\/\/forraskut.hu\/index.php\/erogep-beszerzes-vp6-7-2-1-7-4-1-2-16\/\" \/>\n<meta property=\"og:locale\" content=\"hu_HU\" \/>\n<meta property=\"og:type\" content=\"article\" \/>\n<meta property=\"og:title\" content=\"Er\u0151g\u00e9p beszerz\u00e9s a Vid\u00e9kfejleszt\u00e9si Program keret\u00e9ben- VP6-7.2.1-7.4.1.2-16 - forraskut.hu\" \/>\n<meta property=\"og:description\" content=\"Kedvezm\u00e9nyezett neve: Forr\u00e1sk\u00fat K\u00f6zs\u00e9g \u00d6nkorm\u00e1nyzata A P\u00e1ly\u00e1zati felh\u00edv\u00e1s neve, k\u00f3dsz\u00e1ma: K\u00fclter\u00fcleti helyi k\u00f6zutak fejleszt\u00e9se, \u00f6nkorm\u00e1nyzati utak kezel\u00e9s\u00e9hez, \u00e1llapotjav\u00edt\u00e1s\u00e1hoz, karbantart\u00e1s\u00e1hoz sz\u00fcks\u00e9ges er\u0151- \u00e9s munkag\u00e9pek beszerz\u00e9se VP6-7.2.1-7.4.1.2-16 A Projekt c\u00edme, azonos\u00edt\u00f3 sz\u00e1ma: Er\u0151g\u00e9p beszerz\u00e9s a f\u00f6ldutak karbantart\u00e1s\u00e1\u00e9rt 1824890550 A szerz\u0151d\u00f6tt t\u00e1mogat\u00e1s \u00f6sszege: 7.086.600,- Ft A t\u00e1mogat\u00e1s m\u00e9rt\u00e9ke: 90% A projekt tervezett befejez\u00e9si d\u00e1tuma: 2018. j\u00fanius 30.\" \/>\n<meta property=\"og:url\" content=\"https:\/\/forraskut.hu\/index.php\/erogep-beszerzes-vp6-7-2-1-7-4-1-2-16\/\" \/>\n<meta property=\"og:site_name\" content=\"forraskut.hu\" \/>\n<meta property=\"article:modified_time\" content=\"2018-07-13T15:08:41+00:00\" \/>\n<meta property=\"og:image\" content=\"http:\/\/forraskut.hu\/wp-content\/uploads\/2018\/07\/erogep_beszerzes-1024x717.jpg\" \/>\n<meta name=\"twitter:card\" content=\"summary_large_image\" \/>\n<meta name=\"twitter:label1\" content=\"Becs\u00fclt olvas\u00e1si id\u0151\" \/>\n\t<meta name=\"twitter:data1\" content=\"1 perc\" \/>\n<script type=\"application\/ld+json\" class=\"yoast-schema-graph\">{\"@context\":\"https:\/\/schema.org\",\"@graph\":[{\"@type\":\"WebPage\",\"@id\":\"https:\/\/forraskut.hu\/index.php\/erogep-beszerzes-vp6-7-2-1-7-4-1-2-16\/\",\"url\":\"https:\/\/forraskut.hu\/index.php\/erogep-beszerzes-vp6-7-2-1-7-4-1-2-16\/\",\"name\":\"Er\u0151g\u00e9p beszerz\u00e9s a Vid\u00e9kfejleszt\u00e9si Program keret\u00e9ben- VP6-7.2.1-7.4.1.2-16 - forraskut.hu\",\"isPartOf\":{\"@id\":\"https:\/\/forraskut.hu\/#website\"},\"primaryImageOfPage\":{\"@id\":\"https:\/\/forraskut.hu\/index.php\/erogep-beszerzes-vp6-7-2-1-7-4-1-2-16\/#primaryimage\"},\"image\":{\"@id\":\"https:\/\/forraskut.hu\/index.php\/erogep-beszerzes-vp6-7-2-1-7-4-1-2-16\/#primaryimage\"},\"thumbnailUrl\":\"http:\/\/forraskut.hu\/wp-content\/uploads\/2018\/07\/erogep_beszerzes-1024x717.jpg\",\"datePublished\":\"2018-07-13T12:56:44+00:00\",\"dateModified\":\"2018-07-13T15:08:41+00:00\",\"breadcrumb\":{\"@id\":\"https:\/\/forraskut.hu\/index.php\/erogep-beszerzes-vp6-7-2-1-7-4-1-2-16\/#breadcrumb\"},\"inLanguage\":\"hu\",\"potentialAction\":[{\"@type\":\"ReadAction\",\"target\":[\"https:\/\/forraskut.hu\/index.php\/erogep-beszerzes-vp6-7-2-1-7-4-1-2-16\/\"]}]},{\"@type\":\"ImageObject\",\"inLanguage\":\"hu\",\"@id\":\"https:\/\/forraskut.hu\/index.php\/erogep-beszerzes-vp6-7-2-1-7-4-1-2-16\/#primaryimage\",\"url\":\"https:\/\/forraskut.hu\/wp-content\/uploads\/2018\/07\/erogep_beszerzes.jpg\",\"contentUrl\":\"https:\/\/forraskut.hu\/wp-content\/uploads\/2018\/07\/erogep_beszerzes.jpg\",\"width\":1113,\"height\":779},{\"@type\":\"BreadcrumbList\",\"@id\":\"https:\/\/forraskut.hu\/index.php\/erogep-beszerzes-vp6-7-2-1-7-4-1-2-16\/#breadcrumb\",\"itemListElement\":[{\"@type\":\"ListItem\",\"position\":1,\"name\":\"Kezd\u0151lap\",\"item\":\"https:\/\/forraskut.hu\/\"},{\"@type\":\"ListItem\",\"position\":2,\"name\":\"Er\u0151g\u00e9p beszerz\u00e9s a Vid\u00e9kfejleszt\u00e9si Program keret\u00e9ben- VP6-7.2.1-7.4.1.2-16\"}]},{\"@type\":\"WebSite\",\"@id\":\"https:\/\/forraskut.hu\/#website\",\"url\":\"https:\/\/forraskut.hu\/\",\"name\":\"forraskut.hu\",\"description\":\"Forr\u00e1sk\u00fat k\u00f6zs\u00e9g hivatalos weboldala\",\"potentialAction\":[{\"@type\":\"SearchAction\",\"target\":{\"@type\":\"EntryPoint\",\"urlTemplate\":\"https:\/\/forraskut.hu\/?s={search_term_string}\"},\"query-input\":{\"@type\":\"PropertyValueSpecification\",\"valueRequired\":true,\"valueName\":\"search_term_string\"}}],\"inLanguage\":\"hu\"}]}<\/script>\n<!-- \/ Yoast SEO plugin. -->","yoast_head_json":{"title":"Er\u0151g\u00e9p beszerz\u00e9s a Vid\u00e9kfejleszt\u00e9si Program keret\u00e9ben- VP6-7.2.1-7.4.1.2-16 - forraskut.hu","robots":{"index":"index","follow":"follow","max-snippet":"max-snippet:-1","max-image-preview":"max-image-preview:large","max-video-preview":"max-video-preview:-1"},"canonical":"https:\/\/forraskut.hu\/index.php\/erogep-beszerzes-vp6-7-2-1-7-4-1-2-16\/","og_locale":"hu_HU","og_type":"article","og_title":"Er\u0151g\u00e9p beszerz\u00e9s a Vid\u00e9kfejleszt\u00e9si Program keret\u00e9ben- VP6-7.2.1-7.4.1.2-16 - forraskut.hu","og_description":"Kedvezm\u00e9nyezett neve: Forr\u00e1sk\u00fat K\u00f6zs\u00e9g \u00d6nkorm\u00e1nyzata A P\u00e1ly\u00e1zati felh\u00edv\u00e1s neve, k\u00f3dsz\u00e1ma: K\u00fclter\u00fcleti helyi k\u00f6zutak fejleszt\u00e9se, \u00f6nkorm\u00e1nyzati utak kezel\u00e9s\u00e9hez, \u00e1llapotjav\u00edt\u00e1s\u00e1hoz, karbantart\u00e1s\u00e1hoz sz\u00fcks\u00e9ges er\u0151- \u00e9s munkag\u00e9pek beszerz\u00e9se VP6-7.2.1-7.4.1.2-16 A Projekt c\u00edme, azonos\u00edt\u00f3 sz\u00e1ma: Er\u0151g\u00e9p beszerz\u00e9s a f\u00f6ldutak karbantart\u00e1s\u00e1\u00e9rt 1824890550 A szerz\u0151d\u00f6tt t\u00e1mogat\u00e1s \u00f6sszege: 7.086.600,- Ft A t\u00e1mogat\u00e1s m\u00e9rt\u00e9ke: 90% A projekt tervezett befejez\u00e9si d\u00e1tuma: 2018. j\u00fanius 30.","og_url":"https:\/\/forraskut.hu\/index.php\/erogep-beszerzes-vp6-7-2-1-7-4-1-2-16\/","og_site_name":"forraskut.hu","article_modified_time":"2018-07-13T15:08:41+00:00","og_image":[{"url":"http:\/\/forraskut.hu\/wp-content\/uploads\/2018\/07\/erogep_beszerzes-1024x717.jpg"}],"twitter_card":"summary_large_image","twitter_misc":{"Becs\u00fclt olvas\u00e1si id\u0151":"1 perc"},"schema":{"@context":"https:\/\/schema.org","@graph":[{"@type":"WebPage","@id":"https:\/\/forraskut.hu\/index.php\/erogep-beszerzes-vp6-7-2-1-7-4-1-2-16\/","url":"https:\/\/forraskut.hu\/index.php\/erogep-beszerzes-vp6-7-2-1-7-4-1-2-16\/","name":"Er\u0151g\u00e9p beszerz\u00e9s a Vid\u00e9kfejleszt\u00e9si Program keret\u00e9ben- VP6-7.2.1-7.4.1.2-16 - forraskut.hu","isPartOf":{"@id":"https:\/\/forraskut.hu\/#website"},"primaryImageOfPage":{"@id":"https:\/\/forraskut.hu\/index.php\/erogep-beszerzes-vp6-7-2-1-7-4-1-2-16\/#primaryimage"},"image":{"@id":"https:\/\/forraskut.hu\/index.php\/erogep-beszerzes-vp6-7-2-1-7-4-1-2-16\/#primaryimage"},"thumbnailUrl":"http:\/\/forraskut.hu\/wp-content\/uploads\/2018\/07\/erogep_beszerzes-1024x717.jpg","datePublished":"2018-07-13T12:56:44+00:00","dateModified":"2018-07-13T15:08:41+00:00","breadcrumb":{"@id":"https:\/\/forraskut.hu\/index.php\/erogep-beszerzes-vp6-7-2-1-7-4-1-2-16\/#breadcrumb"},"inLanguage":"hu","potentialAction":[{"@type":"ReadAction","target":["https:\/\/forraskut.hu\/index.php\/erogep-beszerzes-vp6-7-2-1-7-4-1-2-16\/"]}]},{"@type":"ImageObject","inLanguage":"hu","@id":"https:\/\/forraskut.hu\/index.php\/erogep-beszerzes-vp6-7-2-1-7-4-1-2-16\/#primaryimage","url":"https:\/\/forraskut.hu\/wp-content\/uploads\/2018\/07\/erogep_beszerzes.jpg","contentUrl":"https:\/\/forraskut.hu\/wp-content\/uploads\/2018\/07\/erogep_beszerzes.jpg","width":1113,"height":779},{"@type":"BreadcrumbList","@id":"https:\/\/forraskut.hu\/index.php\/erogep-beszerzes-vp6-7-2-1-7-4-1-2-16\/#breadcrumb","itemListElement":[{"@type":"ListItem","position":1,"name":"Kezd\u0151lap","item":"https:\/\/forraskut.hu\/"},{"@type":"ListItem","position":2,"name":"Er\u0151g\u00e9p beszerz\u00e9s a Vid\u00e9kfejleszt\u00e9si Program keret\u00e9ben- VP6-7.2.1-7.4.1.2-16"}]},{"@type":"WebSite","@id":"https:\/\/forraskut.hu\/#website","url":"https:\/\/forraskut.hu\/","name":"forraskut.hu","description":"Forr\u00e1sk\u00fat k\u00f6zs\u00e9g hivatalos weboldala","potentialAction":[{"@type":"SearchAction","target":{"@type":"EntryPoint","urlTemplate":"https:\/\/forraskut.hu\/?s={search_term_string}"},"query-input":{"@type":"PropertyValueSpecification","valueRequired":true,"valueName":"search_term_string"}}],"inLanguage":"hu"}]}},"_links":{"self":[{"href":"https:\/\/forraskut.hu\/index.php\/wp-json\/wp\/v2\/pages\/1210"}],"collection":[{"href":"https:\/\/forraskut.hu\/index.php\/wp-json\/wp\/v2\/pages"}],"about":[{"href":"https:\/\/forraskut.hu\/index.php\/wp-json\/wp\/v2\/types\/page"}],"author":[{"embeddable":true,"href":"https:\/\/forraskut.hu\/index.php\/wp-json\/wp\/v2\/users\/2"}],"replies":[{"embeddable":true,"href":"https:\/\/forraskut.hu\/index.php\/wp-json\/wp\/v2\/comments?post=1210"}],"version-history":[{"count":7,"href":"https:\/\/forraskut.hu\/index.php\/wp-json\/wp\/v2\/pages\/1210\/revisions"}],"predecessor-version":[{"id":1226,"href":"https:\/\/forraskut.hu\/index.php\/wp-json\/wp\/v2\/pages\/1210\/revisions\/1226"}],"wp:attachment":[{"href":"https:\/\/forraskut.hu\/index.php\/wp-json\/wp\/v2\/media?parent=1210"}],"curies":[{"name":"wp","href":"https:\/\/api.w.org\/{rel}","templated":true}]}}