{"id":1013,"date":"2018-02-08T11:04:50","date_gmt":"2018-02-08T10:04:50","guid":{"rendered":"http:\/\/forraskut.hu\/?page_id=1013"},"modified":"2019-01-15T11:56:46","modified_gmt":"2019-01-15T10:56:46","slug":"orvosi-rendelo","status":"publish","type":"page","link":"https:\/\/forraskut.hu\/index.php\/orvosi-rendelo\/","title":{"rendered":"Orvosi Rendel\u0151"},"content":{"rendered":"<p class=\"last-modified\">Utolj\u00e1ra friss\u00edtve:&nbsp;  2019. janu\u00e1r 15.<\/p><p>Rendel: Dr. Vereczkey Csaba<\/p>\n<p>Rendel\u0151: Forr\u00e1sk\u00fat, J\u00f3zsef A. utca 38\/A<\/p>\n<p>Telefon: <a href=\"tel:+3662287034\"> 62\/287-034<\/a><br \/>\nGPS:<a href=\"https:\/\/www.google.hu\/maps\/place\/Forr%C3%A1sk%C3%BAt,+J%C3%B3zsef+Attila+u.+38,+6793\/@46.3653999,19.9115291,364m\/data=!3m2!1e3!4b1!4m5!3m4!1s0x47438105e9ca9741:0x447d6bd763f978fb!8m2!3d46.365398!4d19.912657?hl=hu\" target=\"_blank\" rel=\"noopener\"> 46.365505, 19.912664<\/a><\/p>\n<p>Rendel: H\u00e9tf\u0151- P\u00e9ntek\u00a0 8-12 \u00f3ra<\/p>\n<p>A betegek bejelentkez\u00e9s\u00e9re <strong>11:30-ig<\/strong> van lehet\u0151s\u00e9g!<\/p>\n<p>Rendelkez\u00e9sre \u00e1ll\u00e1si id\u0151: H\u00e9tf\u0151- P\u00e9ntek\u00a0 12-16 \u00f3ra<\/p>\n<p style=\"text-align: justify;\">A <strong>S\u00dcRG\u0150SS\u00c9GI ELL\u00c1T\u00c1S<\/strong> term\u00e9szetesen folyamatos a <strong>forr\u00e1sk\u00fati rendel\u0151ben 7.30 \u2013 16 \u00f3ra<\/strong> k\u00f6z\u00f6tt, ezen k\u00edv\u00fcli id\u0151ben (<strong>h\u00e9tk\u00f6znap d\u00e9lut\u00e1n 16 \u00f3r\u00e1t\u00f3l reggel 7.30 \u00f3r\u00e1ig, illetve h\u00e9tv\u00e9g\u00e9n<\/strong> H\u00cdVJ\u00c1K a <strong>Szegedi K\u00f6zponti H\u00e1ziorvosi \u00fcgyeletet <\/strong>a<strong> 104<\/strong>\u2013es k\u00f6zponti ment\u0151 seg\u00e9lyh\u00edv\u00f3n!<\/p>\n","protected":false},"excerpt":{"rendered":"<p>Utolj\u00e1ra friss\u00edtve:&nbsp; 2019. janu\u00e1r 15.Rendel: Dr. Vereczkey Csaba Rendel\u0151: Forr\u00e1sk\u00fat, J\u00f3zsef A. utca 38\/A Telefon: 62\/287-034 GPS: 46.365505, 19.912664 Rendel: H\u00e9tf\u0151- P\u00e9ntek\u00a0 8-12 \u00f3ra A betegek bejelentkez\u00e9s\u00e9re 11:30-ig van lehet\u0151s\u00e9g! Rendelkez\u00e9sre \u00e1ll\u00e1si id\u0151: H\u00e9tf\u0151- P\u00e9ntek\u00a0 12-16 \u00f3ra A S\u00dcRG\u0150SS\u00c9GI ELL\u00c1T\u00c1S term\u00e9szetesen folyamatos a forr\u00e1sk\u00fati rendel\u0151ben 7.30 \u2013 16 \u00f3ra k\u00f6z\u00f6tt, ezen k\u00edv\u00fcli id\u0151ben (h\u00e9tk\u00f6znap d\u00e9lut\u00e1n [&hellip;]<\/p>\n","protected":false},"author":2,"featured_media":0,"parent":0,"menu_order":0,"comment_status":"closed","ping_status":"closed","template":"","meta":{"_exactmetrics_skip_tracking":false,"_exactmetrics_sitenote_active":false,"_exactmetrics_sitenote_note":"","_exactmetrics_sitenote_category":0,"footnotes":""},"yoast_head":"<!-- This site is optimized with the Yoast SEO plugin v23.4 - https:\/\/yoast.com\/wordpress\/plugins\/seo\/ -->\n<title>Orvosi Rendel\u0151 - forraskut.hu<\/title>\n<meta name=\"robots\" content=\"index, follow, max-snippet:-1, max-image-preview:large, max-video-preview:-1\" \/>\n<link rel=\"canonical\" href=\"https:\/\/forraskut.hu\/index.php\/orvosi-rendelo\/\" \/>\n<meta property=\"og:locale\" content=\"hu_HU\" \/>\n<meta property=\"og:type\" content=\"article\" \/>\n<meta property=\"og:title\" content=\"Orvosi Rendel\u0151 - forraskut.hu\" \/>\n<meta property=\"og:description\" content=\"Utolj\u00e1ra friss\u00edtve:&nbsp; 2019. janu\u00e1r 15.Rendel: Dr. Vereczkey Csaba Rendel\u0151: Forr\u00e1sk\u00fat, J\u00f3zsef A. utca 38\/A Telefon: 62\/287-034 GPS: 46.365505, 19.912664 Rendel: H\u00e9tf\u0151- P\u00e9ntek\u00a0 8-12 \u00f3ra A betegek bejelentkez\u00e9s\u00e9re 11:30-ig van lehet\u0151s\u00e9g! Rendelkez\u00e9sre \u00e1ll\u00e1si id\u0151: H\u00e9tf\u0151- P\u00e9ntek\u00a0 12-16 \u00f3ra A S\u00dcRG\u0150SS\u00c9GI ELL\u00c1T\u00c1S term\u00e9szetesen folyamatos a forr\u00e1sk\u00fati rendel\u0151ben 7.30 \u2013 16 \u00f3ra k\u00f6z\u00f6tt, ezen k\u00edv\u00fcli id\u0151ben (h\u00e9tk\u00f6znap d\u00e9lut\u00e1n [&hellip;]\" \/>\n<meta property=\"og:url\" content=\"https:\/\/forraskut.hu\/index.php\/orvosi-rendelo\/\" \/>\n<meta property=\"og:site_name\" content=\"forraskut.hu\" \/>\n<meta property=\"article:modified_time\" content=\"2019-01-15T10:56:46+00:00\" \/>\n<meta name=\"twitter:card\" content=\"summary_large_image\" \/>\n<meta name=\"twitter:label1\" content=\"Becs\u00fclt olvas\u00e1si id\u0151\" \/>\n\t<meta name=\"twitter:data1\" content=\"1 perc\" \/>\n<script type=\"application\/ld+json\" class=\"yoast-schema-graph\">{\"@context\":\"https:\/\/schema.org\",\"@graph\":[{\"@type\":\"WebPage\",\"@id\":\"https:\/\/forraskut.hu\/index.php\/orvosi-rendelo\/\",\"url\":\"https:\/\/forraskut.hu\/index.php\/orvosi-rendelo\/\",\"name\":\"Orvosi Rendel\u0151 - forraskut.hu\",\"isPartOf\":{\"@id\":\"https:\/\/forraskut.hu\/#website\"},\"datePublished\":\"2018-02-08T10:04:50+00:00\",\"dateModified\":\"2019-01-15T10:56:46+00:00\",\"breadcrumb\":{\"@id\":\"https:\/\/forraskut.hu\/index.php\/orvosi-rendelo\/#breadcrumb\"},\"inLanguage\":\"hu\",\"potentialAction\":[{\"@type\":\"ReadAction\",\"target\":[\"https:\/\/forraskut.hu\/index.php\/orvosi-rendelo\/\"]}]},{\"@type\":\"BreadcrumbList\",\"@id\":\"https:\/\/forraskut.hu\/index.php\/orvosi-rendelo\/#breadcrumb\",\"itemListElement\":[{\"@type\":\"ListItem\",\"position\":1,\"name\":\"Kezd\u0151lap\",\"item\":\"https:\/\/forraskut.hu\/\"},{\"@type\":\"ListItem\",\"position\":2,\"name\":\"Orvosi Rendel\u0151\"}]},{\"@type\":\"WebSite\",\"@id\":\"https:\/\/forraskut.hu\/#website\",\"url\":\"https:\/\/forraskut.hu\/\",\"name\":\"forraskut.hu\",\"description\":\"Forr\u00e1sk\u00fat k\u00f6zs\u00e9g hivatalos weboldala\",\"potentialAction\":[{\"@type\":\"SearchAction\",\"target\":{\"@type\":\"EntryPoint\",\"urlTemplate\":\"https:\/\/forraskut.hu\/?s={search_term_string}\"},\"query-input\":{\"@type\":\"PropertyValueSpecification\",\"valueRequired\":true,\"valueName\":\"search_term_string\"}}],\"inLanguage\":\"hu\"}]}<\/script>\n<!-- \/ Yoast SEO plugin. -->","yoast_head_json":{"title":"Orvosi Rendel\u0151 - forraskut.hu","robots":{"index":"index","follow":"follow","max-snippet":"max-snippet:-1","max-image-preview":"max-image-preview:large","max-video-preview":"max-video-preview:-1"},"canonical":"https:\/\/forraskut.hu\/index.php\/orvosi-rendelo\/","og_locale":"hu_HU","og_type":"article","og_title":"Orvosi Rendel\u0151 - forraskut.hu","og_description":"Utolj\u00e1ra friss\u00edtve:&nbsp; 2019. janu\u00e1r 15.Rendel: Dr. Vereczkey Csaba Rendel\u0151: Forr\u00e1sk\u00fat, J\u00f3zsef A. utca 38\/A Telefon: 62\/287-034 GPS: 46.365505, 19.912664 Rendel: H\u00e9tf\u0151- P\u00e9ntek\u00a0 8-12 \u00f3ra A betegek bejelentkez\u00e9s\u00e9re 11:30-ig van lehet\u0151s\u00e9g! Rendelkez\u00e9sre \u00e1ll\u00e1si id\u0151: H\u00e9tf\u0151- P\u00e9ntek\u00a0 12-16 \u00f3ra A S\u00dcRG\u0150SS\u00c9GI ELL\u00c1T\u00c1S term\u00e9szetesen folyamatos a forr\u00e1sk\u00fati rendel\u0151ben 7.30 \u2013 16 \u00f3ra k\u00f6z\u00f6tt, ezen k\u00edv\u00fcli id\u0151ben (h\u00e9tk\u00f6znap d\u00e9lut\u00e1n [&hellip;]","og_url":"https:\/\/forraskut.hu\/index.php\/orvosi-rendelo\/","og_site_name":"forraskut.hu","article_modified_time":"2019-01-15T10:56:46+00:00","twitter_card":"summary_large_image","twitter_misc":{"Becs\u00fclt olvas\u00e1si id\u0151":"1 perc"},"schema":{"@context":"https:\/\/schema.org","@graph":[{"@type":"WebPage","@id":"https:\/\/forraskut.hu\/index.php\/orvosi-rendelo\/","url":"https:\/\/forraskut.hu\/index.php\/orvosi-rendelo\/","name":"Orvosi Rendel\u0151 - forraskut.hu","isPartOf":{"@id":"https:\/\/forraskut.hu\/#website"},"datePublished":"2018-02-08T10:04:50+00:00","dateModified":"2019-01-15T10:56:46+00:00","breadcrumb":{"@id":"https:\/\/forraskut.hu\/index.php\/orvosi-rendelo\/#breadcrumb"},"inLanguage":"hu","potentialAction":[{"@type":"ReadAction","target":["https:\/\/forraskut.hu\/index.php\/orvosi-rendelo\/"]}]},{"@type":"BreadcrumbList","@id":"https:\/\/forraskut.hu\/index.php\/orvosi-rendelo\/#breadcrumb","itemListElement":[{"@type":"ListItem","position":1,"name":"Kezd\u0151lap","item":"https:\/\/forraskut.hu\/"},{"@type":"ListItem","position":2,"name":"Orvosi Rendel\u0151"}]},{"@type":"WebSite","@id":"https:\/\/forraskut.hu\/#website","url":"https:\/\/forraskut.hu\/","name":"forraskut.hu","description":"Forr\u00e1sk\u00fat k\u00f6zs\u00e9g hivatalos weboldala","potentialAction":[{"@type":"SearchAction","target":{"@type":"EntryPoint","urlTemplate":"https:\/\/forraskut.hu\/?s={search_term_string}"},"query-input":{"@type":"PropertyValueSpecification","valueRequired":true,"valueName":"search_term_string"}}],"inLanguage":"hu"}]}},"_links":{"self":[{"href":"https:\/\/forraskut.hu\/index.php\/wp-json\/wp\/v2\/pages\/1013"}],"collection":[{"href":"https:\/\/forraskut.hu\/index.php\/wp-json\/wp\/v2\/pages"}],"about":[{"href":"https:\/\/forraskut.hu\/index.php\/wp-json\/wp\/v2\/types\/page"}],"author":[{"embeddable":true,"href":"https:\/\/forraskut.hu\/index.php\/wp-json\/wp\/v2\/users\/2"}],"replies":[{"embeddable":true,"href":"https:\/\/forraskut.hu\/index.php\/wp-json\/wp\/v2\/comments?post=1013"}],"version-history":[{"count":2,"href":"https:\/\/forraskut.hu\/index.php\/wp-json\/wp\/v2\/pages\/1013\/revisions"}],"predecessor-version":[{"id":1435,"href":"https:\/\/forraskut.hu\/index.php\/wp-json\/wp\/v2\/pages\/1013\/revisions\/1435"}],"wp:attachment":[{"href":"https:\/\/forraskut.hu\/index.php\/wp-json\/wp\/v2\/media?parent=1013"}],"curies":[{"name":"wp","href":"https:\/\/api.w.org\/{rel}","templated":true}]}}